{"id":62625,"date":"2025-08-29T01:30:13","date_gmt":"2025-08-29T01:30:13","guid":{"rendered":"https:\/\/easystar.ee\/toode\/calgodip-t-hexx-dry-5-215kg-6x1l-kt-hexx\/"},"modified":"2025-10-30T02:04:34","modified_gmt":"2025-10-30T02:04:34","slug":"calgodip-t-hexx-dry-5-215kg-6x1l-kt-hexx","status":"publish","type":"product","link":"https:\/\/easystar.ee\/en\/toode\/calgodip-t-hexx-dry-5-215kg-6x1l-kt-hexx\/","title":{"rendered":"CALGODIP T-HEXX DRY 5.215kg (6x1L) KT-HEXX"},"content":{"rendered":"","protected":false},"excerpt":{"rendered":"<p>5.215 kg<br \/>\nOmadused: calgodip T-HEXX\u00ae dry on kasutusvalmis ja kauakestev hermeetik, mis kaitseb nisasid kuivatamise ajal.<br \/>\nEsimest korda tuleks peale kanda 7\u201310 p\u00e4eva ja seej\u00e4rel 3\u20135 p\u00e4eva enne poegimist. calgodip T-HEXX\u00ae dry p\u00fcsib nisanahal kuni 4 p\u00e4eva ja piimakanalis kuni 6 p\u00e4eva ning on \u00fchilduv kuivatamise ajal kasutatavate antibiootikumidega.<br \/>\nKasutamine: P\u00e4rast l\u00fcpsi l\u00f5ppu puhastage kogu udar, eriti nisad (nt Calgonit udarapaberiga) ja seej\u00e4rel kastke nisad kuivalt Calgodip T-HEXX\u00ae lahusesse. Kasutamise ajal kandke kindaid.<br \/>\n\uf0fc Kasutusvalmis toode<br \/>\n\uf0fc Kaitseb kahjulike keskkonnam\u00f5jude eest<br \/>\n\uf0fc Kuivab kiiresti<br \/>\n\uf0fc Antibiootikumid j\u00e4\u00e4vad alles<br \/>\n\uf0fc Sinine v\u00e4rvus<br \/>\nToimeained: Alkoholid, kilemoodustajad, toiduv\u00e4rvid<br \/>\nOmadus: vedelik<br \/>\nV\u00e4rvus: sinine<br \/>\nL\u00f5hn: kergelt tensiidine<br \/>\nMahuti suurus: 6 x 0,95 l<\/p>\n","protected":false},"featured_media":62620,"template":"","meta":{"_acf_changed":false},"product_brand":[],"product_cat":[1866,1829],"product_tag":[],"class_list":{"0":"post-62625","1":"product","2":"type-product","3":"status-publish","4":"has-post-thumbnail","6":"product_cat-agricultural-cleaning-agents","7":"product_cat-cleaning-chemicals","9":"first","10":"outofstock","11":"taxable","12":"shipping-taxable","13":"purchasable","14":"product-type-simple"},"acf":[],"yoast_head":"<!-- This site is optimized with the Yoast SEO plugin v27.3 - https:\/\/yoast.com\/product\/yoast-seo-wordpress\/ -->\n<title>CALGODIP T-HEXX DRY 5.215kg (6x1L) KT-HEXX &#8212; Easy Star O\u00dc<\/title>\n<meta name=\"robots\" content=\"index, follow, max-snippet:-1, max-image-preview:large, max-video-preview:-1\" \/>\n<link rel=\"canonical\" href=\"https:\/\/easystar.ee\/en\/toode\/calgodip-t-hexx-dry-5-215kg-6x1l-kt-hexx\/\" \/>\n<meta property=\"og:locale\" content=\"en_US\" \/>\n<meta property=\"og:type\" content=\"article\" \/>\n<meta property=\"og:title\" content=\"CALGODIP T-HEXX DRY 5.215kg (6x1L) KT-HEXX &#8212; Easy Star O\u00dc\" \/>\n<meta property=\"og:description\" content=\"5.215 kg Omadused: calgodip T-HEXX\u00ae dry on kasutusvalmis ja kauakestev hermeetik, mis kaitseb nisasid kuivatamise ajal. Esimest korda tuleks peale kanda 7\u201310 p\u00e4eva ja seej\u00e4rel 3\u20135 p\u00e4eva enne poegimist. calgodip T-HEXX\u00ae dry p\u00fcsib nisanahal kuni 4 p\u00e4eva ja piimakanalis kuni 6 p\u00e4eva ning on \u00fchilduv kuivatamise ajal kasutatavate antibiootikumidega. Kasutamine: P\u00e4rast l\u00fcpsi l\u00f5ppu puhastage kogu udar, eriti nisad (nt Calgonit udarapaberiga) ja seej\u00e4rel kastke nisad kuivalt Calgodip T-HEXX\u00ae lahusesse. Kasutamise ajal kandke kindaid. \uf0fc Kasutusvalmis toode \uf0fc Kaitseb kahjulike keskkonnam\u00f5jude eest \uf0fc Kuivab kiiresti \uf0fc Antibiootikumid j\u00e4\u00e4vad alles \uf0fc Sinine v\u00e4rvus Toimeained: Alkoholid, kilemoodustajad, toiduv\u00e4rvid Omadus: vedelik V\u00e4rvus: sinine L\u00f5hn: kergelt tensiidine Mahuti suurus: 6 x 0,95 l\" \/>\n<meta property=\"og:url\" content=\"https:\/\/easystar.ee\/en\/toode\/calgodip-t-hexx-dry-5-215kg-6x1l-kt-hexx\/\" \/>\n<meta property=\"og:site_name\" content=\"Easy Star O\u00dc\" \/>\n<meta property=\"article:modified_time\" content=\"2025-10-30T02:04:34+00:00\" \/>\n<meta property=\"og:image\" content=\"https:\/\/easystar.ee\/wp-content\/uploads\/2025\/08\/calgodip_t-hexx_dry.jpg\" \/>\n\t<meta property=\"og:image:width\" content=\"782\" \/>\n\t<meta property=\"og:image:height\" content=\"990\" \/>\n\t<meta property=\"og:image:type\" content=\"image\/jpeg\" \/>\n<meta name=\"twitter:card\" content=\"summary_large_image\" \/>\n<script type=\"application\/ld+json\" class=\"yoast-schema-graph\">{\"@context\":\"https:\\\/\\\/schema.org\",\"@graph\":[{\"@type\":\"WebPage\",\"@id\":\"https:\\\/\\\/easystar.ee\\\/en\\\/toode\\\/calgodip-t-hexx-dry-5-215kg-6x1l-kt-hexx\\\/\",\"url\":\"https:\\\/\\\/easystar.ee\\\/en\\\/toode\\\/calgodip-t-hexx-dry-5-215kg-6x1l-kt-hexx\\\/\",\"name\":\"CALGODIP T-HEXX DRY 5.215kg (6x1L) KT-HEXX &#8212; Easy Star O\u00dc\",\"isPartOf\":{\"@id\":\"https:\\\/\\\/easystar.ee\\\/#website\"},\"primaryImageOfPage\":{\"@id\":\"https:\\\/\\\/easystar.ee\\\/en\\\/toode\\\/calgodip-t-hexx-dry-5-215kg-6x1l-kt-hexx\\\/#primaryimage\"},\"image\":{\"@id\":\"https:\\\/\\\/easystar.ee\\\/en\\\/toode\\\/calgodip-t-hexx-dry-5-215kg-6x1l-kt-hexx\\\/#primaryimage\"},\"thumbnailUrl\":\"https:\\\/\\\/easystar.ee\\\/wp-content\\\/uploads\\\/2025\\\/08\\\/calgodip_t-hexx_dry.jpg\",\"datePublished\":\"2025-08-29T01:30:13+00:00\",\"dateModified\":\"2025-10-30T02:04:34+00:00\",\"breadcrumb\":{\"@id\":\"https:\\\/\\\/easystar.ee\\\/en\\\/toode\\\/calgodip-t-hexx-dry-5-215kg-6x1l-kt-hexx\\\/#breadcrumb\"},\"inLanguage\":\"en-US\",\"potentialAction\":[{\"@type\":\"ReadAction\",\"target\":[\"https:\\\/\\\/easystar.ee\\\/en\\\/toode\\\/calgodip-t-hexx-dry-5-215kg-6x1l-kt-hexx\\\/\"]}]},{\"@type\":\"ImageObject\",\"inLanguage\":\"en-US\",\"@id\":\"https:\\\/\\\/easystar.ee\\\/en\\\/toode\\\/calgodip-t-hexx-dry-5-215kg-6x1l-kt-hexx\\\/#primaryimage\",\"url\":\"https:\\\/\\\/easystar.ee\\\/wp-content\\\/uploads\\\/2025\\\/08\\\/calgodip_t-hexx_dry.jpg\",\"contentUrl\":\"https:\\\/\\\/easystar.ee\\\/wp-content\\\/uploads\\\/2025\\\/08\\\/calgodip_t-hexx_dry.jpg\",\"width\":782,\"height\":990},{\"@type\":\"BreadcrumbList\",\"@id\":\"https:\\\/\\\/easystar.ee\\\/en\\\/toode\\\/calgodip-t-hexx-dry-5-215kg-6x1l-kt-hexx\\\/#breadcrumb\",\"itemListElement\":[{\"@type\":\"ListItem\",\"position\":1,\"name\":\"Home\",\"item\":\"https:\\\/\\\/easystar.ee\\\/ru\\\/\"},{\"@type\":\"ListItem\",\"position\":2,\"name\":\"Shop\",\"item\":\"https:\\\/\\\/easystar.ee\\\/tooted\\\/\"},{\"@type\":\"ListItem\",\"position\":3,\"name\":\"CALGODIP T-HEXX DRY 5.215kg (6x1L) KT-HEXX\"}]},{\"@type\":\"WebSite\",\"@id\":\"https:\\\/\\\/easystar.ee\\\/#website\",\"url\":\"https:\\\/\\\/easystar.ee\\\/\",\"name\":\"Easystar.ee\",\"description\":\"\",\"publisher\":{\"@id\":\"https:\\\/\\\/easystar.ee\\\/#organization\"},\"alternateName\":\"Keskkonnas\u00f5bralikud pehmepaberitooted teie kontorisse\",\"potentialAction\":[{\"@type\":\"SearchAction\",\"target\":{\"@type\":\"EntryPoint\",\"urlTemplate\":\"https:\\\/\\\/easystar.ee\\\/?s={search_term_string}\"},\"query-input\":{\"@type\":\"PropertyValueSpecification\",\"valueRequired\":true,\"valueName\":\"search_term_string\"}}],\"inLanguage\":\"en-US\"},{\"@type\":\"Organization\",\"@id\":\"https:\\\/\\\/easystar.ee\\\/#organization\",\"name\":\"Easy Star O\u00dc\",\"url\":\"https:\\\/\\\/easystar.ee\\\/\",\"logo\":{\"@type\":\"ImageObject\",\"inLanguage\":\"en-US\",\"@id\":\"https:\\\/\\\/easystar.ee\\\/#\\\/schema\\\/logo\\\/image\\\/\",\"url\":\"https:\\\/\\\/easystar.ee\\\/wp-content\\\/uploads\\\/2024\\\/03\\\/easystar-logo.svg\",\"contentUrl\":\"https:\\\/\\\/easystar.ee\\\/wp-content\\\/uploads\\\/2024\\\/03\\\/easystar-logo.svg\",\"width\":2000,\"height\":2000,\"caption\":\"Easy Star O\u00dc\"},\"image\":{\"@id\":\"https:\\\/\\\/easystar.ee\\\/#\\\/schema\\\/logo\\\/image\\\/\"}}]}<\/script>\n<!-- \/ Yoast SEO plugin. -->","yoast_head_json":{"title":"CALGODIP T-HEXX DRY 5.215kg (6x1L) KT-HEXX &#8212; Easy Star O\u00dc","robots":{"index":"index","follow":"follow","max-snippet":"max-snippet:-1","max-image-preview":"max-image-preview:large","max-video-preview":"max-video-preview:-1"},"canonical":"https:\/\/easystar.ee\/en\/toode\/calgodip-t-hexx-dry-5-215kg-6x1l-kt-hexx\/","og_locale":"en_US","og_type":"article","og_title":"CALGODIP T-HEXX DRY 5.215kg (6x1L) KT-HEXX &#8212; Easy Star O\u00dc","og_description":"5.215 kg Omadused: calgodip T-HEXX\u00ae dry on kasutusvalmis ja kauakestev hermeetik, mis kaitseb nisasid kuivatamise ajal. Esimest korda tuleks peale kanda 7\u201310 p\u00e4eva ja seej\u00e4rel 3\u20135 p\u00e4eva enne poegimist. calgodip T-HEXX\u00ae dry p\u00fcsib nisanahal kuni 4 p\u00e4eva ja piimakanalis kuni 6 p\u00e4eva ning on \u00fchilduv kuivatamise ajal kasutatavate antibiootikumidega. Kasutamine: P\u00e4rast l\u00fcpsi l\u00f5ppu puhastage kogu udar, eriti nisad (nt Calgonit udarapaberiga) ja seej\u00e4rel kastke nisad kuivalt Calgodip T-HEXX\u00ae lahusesse. Kasutamise ajal kandke kindaid. \uf0fc Kasutusvalmis toode \uf0fc Kaitseb kahjulike keskkonnam\u00f5jude eest \uf0fc Kuivab kiiresti \uf0fc Antibiootikumid j\u00e4\u00e4vad alles \uf0fc Sinine v\u00e4rvus Toimeained: Alkoholid, kilemoodustajad, toiduv\u00e4rvid Omadus: vedelik V\u00e4rvus: sinine L\u00f5hn: kergelt tensiidine Mahuti suurus: 6 x 0,95 l","og_url":"https:\/\/easystar.ee\/en\/toode\/calgodip-t-hexx-dry-5-215kg-6x1l-kt-hexx\/","og_site_name":"Easy Star O\u00dc","article_modified_time":"2025-10-30T02:04:34+00:00","og_image":[{"width":782,"height":990,"url":"https:\/\/easystar.ee\/wp-content\/uploads\/2025\/08\/calgodip_t-hexx_dry.jpg","type":"image\/jpeg"}],"twitter_card":"summary_large_image","schema":{"@context":"https:\/\/schema.org","@graph":[{"@type":"WebPage","@id":"https:\/\/easystar.ee\/en\/toode\/calgodip-t-hexx-dry-5-215kg-6x1l-kt-hexx\/","url":"https:\/\/easystar.ee\/en\/toode\/calgodip-t-hexx-dry-5-215kg-6x1l-kt-hexx\/","name":"CALGODIP T-HEXX DRY 5.215kg (6x1L) KT-HEXX &#8212; Easy Star O\u00dc","isPartOf":{"@id":"https:\/\/easystar.ee\/#website"},"primaryImageOfPage":{"@id":"https:\/\/easystar.ee\/en\/toode\/calgodip-t-hexx-dry-5-215kg-6x1l-kt-hexx\/#primaryimage"},"image":{"@id":"https:\/\/easystar.ee\/en\/toode\/calgodip-t-hexx-dry-5-215kg-6x1l-kt-hexx\/#primaryimage"},"thumbnailUrl":"https:\/\/easystar.ee\/wp-content\/uploads\/2025\/08\/calgodip_t-hexx_dry.jpg","datePublished":"2025-08-29T01:30:13+00:00","dateModified":"2025-10-30T02:04:34+00:00","breadcrumb":{"@id":"https:\/\/easystar.ee\/en\/toode\/calgodip-t-hexx-dry-5-215kg-6x1l-kt-hexx\/#breadcrumb"},"inLanguage":"en-US","potentialAction":[{"@type":"ReadAction","target":["https:\/\/easystar.ee\/en\/toode\/calgodip-t-hexx-dry-5-215kg-6x1l-kt-hexx\/"]}]},{"@type":"ImageObject","inLanguage":"en-US","@id":"https:\/\/easystar.ee\/en\/toode\/calgodip-t-hexx-dry-5-215kg-6x1l-kt-hexx\/#primaryimage","url":"https:\/\/easystar.ee\/wp-content\/uploads\/2025\/08\/calgodip_t-hexx_dry.jpg","contentUrl":"https:\/\/easystar.ee\/wp-content\/uploads\/2025\/08\/calgodip_t-hexx_dry.jpg","width":782,"height":990},{"@type":"BreadcrumbList","@id":"https:\/\/easystar.ee\/en\/toode\/calgodip-t-hexx-dry-5-215kg-6x1l-kt-hexx\/#breadcrumb","itemListElement":[{"@type":"ListItem","position":1,"name":"Home","item":"https:\/\/easystar.ee\/ru\/"},{"@type":"ListItem","position":2,"name":"Shop","item":"https:\/\/easystar.ee\/tooted\/"},{"@type":"ListItem","position":3,"name":"CALGODIP T-HEXX DRY 5.215kg (6x1L) KT-HEXX"}]},{"@type":"WebSite","@id":"https:\/\/easystar.ee\/#website","url":"https:\/\/easystar.ee\/","name":"Easystar.ee","description":"","publisher":{"@id":"https:\/\/easystar.ee\/#organization"},"alternateName":"Keskkonnas\u00f5bralikud pehmepaberitooted teie kontorisse","potentialAction":[{"@type":"SearchAction","target":{"@type":"EntryPoint","urlTemplate":"https:\/\/easystar.ee\/?s={search_term_string}"},"query-input":{"@type":"PropertyValueSpecification","valueRequired":true,"valueName":"search_term_string"}}],"inLanguage":"en-US"},{"@type":"Organization","@id":"https:\/\/easystar.ee\/#organization","name":"Easy Star O\u00dc","url":"https:\/\/easystar.ee\/","logo":{"@type":"ImageObject","inLanguage":"en-US","@id":"https:\/\/easystar.ee\/#\/schema\/logo\/image\/","url":"https:\/\/easystar.ee\/wp-content\/uploads\/2024\/03\/easystar-logo.svg","contentUrl":"https:\/\/easystar.ee\/wp-content\/uploads\/2024\/03\/easystar-logo.svg","width":2000,"height":2000,"caption":"Easy Star O\u00dc"},"image":{"@id":"https:\/\/easystar.ee\/#\/schema\/logo\/image\/"}}]}},"_links":{"self":[{"href":"https:\/\/easystar.ee\/en\/wp-json\/wp\/v2\/product\/62625","targetHints":{"allow":["GET"]}}],"collection":[{"href":"https:\/\/easystar.ee\/en\/wp-json\/wp\/v2\/product"}],"about":[{"href":"https:\/\/easystar.ee\/en\/wp-json\/wp\/v2\/types\/product"}],"wp:featuredmedia":[{"embeddable":true,"href":"https:\/\/easystar.ee\/en\/wp-json\/wp\/v2\/media\/62620"}],"wp:attachment":[{"href":"https:\/\/easystar.ee\/en\/wp-json\/wp\/v2\/media?parent=62625"}],"wp:term":[{"taxonomy":"product_brand","embeddable":true,"href":"https:\/\/easystar.ee\/en\/wp-json\/wp\/v2\/product_brand?post=62625"},{"taxonomy":"product_cat","embeddable":true,"href":"https:\/\/easystar.ee\/en\/wp-json\/wp\/v2\/product_cat?post=62625"},{"taxonomy":"product_tag","embeddable":true,"href":"https:\/\/easystar.ee\/en\/wp-json\/wp\/v2\/product_tag?post=62625"}],"curies":[{"name":"wp","href":"https:\/\/api.w.org\/{rel}","templated":true}]}}