{"id":62573,"date":"2025-08-28T01:30:37","date_gmt":"2025-08-28T01:30:37","guid":{"rendered":"https:\/\/easystar.ee\/toode\/newicon-prugikast-3l-matt-must-pedaaliga-vaikselt-sulguv-d113321\/"},"modified":"2025-10-30T02:04:22","modified_gmt":"2025-10-30T02:04:22","slug":"newicon-prugikast-3l-matt-must-pedaaliga-vaikselt-sulguv-d113321","status":"publish","type":"product","link":"https:\/\/easystar.ee\/en\/toode\/newicon-prugikast-3l-matt-must-pedaaliga-vaikselt-sulguv-d113321\/","title":{"rendered":"Newicon pr\u00fcgikast 3L matt must pedaaliga, vaikselt sulguv D113321"},"content":{"rendered":"","protected":false},"excerpt":{"rendered":"<p>Lisa stiili armsa Brabantia pedaaliga pr\u00fcgikastiga NewIcon 3-liitrine. Ajatu disain, l\u00f5hnakindel ja pehmelt sulguv kaas. Ja muidugi on see eriti v\u00e4ike NewIcon pedaaliga pr\u00fcgikast h\u00fcgieeniline, kergesti avatav ja puhtana hoitav. Ideaalne teie vannituppa, tualetti v\u00f5i igasse muusse ruumi, mis vajab suurep\u00e4rast v\u00e4ikest pr\u00fcgikasti.<br \/>\nRuumis\u00e4\u00e4stlik \u2013 XXS maht, sobib k\u00f5ikjale (3L).<br \/>\nSujuv \u2013 pehmelt sulguv kaas, kerge pedaaliga liikumine.<br \/>\nLihtne puhastada \u2013 eemaldatav plastmassist sisemine \u00e4mber.<br \/>\nL\u00f5hnakindel &#8211; tihedalt sulguv kaas.<br \/>\nEi libise ega kriimustu \u2013 pehme libisemiskindel alus.<br \/>\nStabiilne \u2013 sisseehitatud kaldumisvastane plokk.<br \/>\nRingmajandus \u2013 Cradle-to-Cradle\u00ae sertifitseeritud, pronkstase.<br \/>\nJ\u00e4tkusuutlikum valik \u2013 valmistatud 31% ulatuses taaskasutatud materjalist, 96% ulatuses taaskasutatav p\u00e4rast kasutamist.<br \/>\nK\u00f5rgus: 26,4 cm, Pikkus: 23,5 cm, Laius: 16,8 cm, L\u00e4bim\u00f5\u00f5t: 16,8 cm, kaal 0,8kg<\/p>\n","protected":false},"featured_media":62571,"template":"","meta":{"_acf_changed":false},"product_brand":[],"product_cat":[1814,2014],"product_tag":[],"class_list":{"0":"post-62573","1":"product","2":"type-product","3":"status-publish","4":"has-post-thumbnail","6":"product_cat-dispensers","7":"product_cat-prugikastid-ja-paberikorvid-en","9":"first","10":"outofstock","11":"taxable","12":"shipping-taxable","13":"purchasable","14":"product-type-simple"},"acf":[],"yoast_head":"<!-- This site is optimized with the Yoast SEO plugin v27.3 - https:\/\/yoast.com\/product\/yoast-seo-wordpress\/ -->\n<title>Newicon pr\u00fcgikast 3L matt must pedaaliga, vaikselt sulguv D113321 &#8212; Easy Star O\u00dc<\/title>\n<meta name=\"robots\" content=\"index, follow, max-snippet:-1, max-image-preview:large, max-video-preview:-1\" \/>\n<link rel=\"canonical\" href=\"https:\/\/easystar.ee\/en\/toode\/newicon-prugikast-3l-matt-must-pedaaliga-vaikselt-sulguv-d113321\/\" \/>\n<meta property=\"og:locale\" content=\"en_US\" \/>\n<meta property=\"og:type\" content=\"article\" \/>\n<meta property=\"og:title\" content=\"Newicon pr\u00fcgikast 3L matt must pedaaliga, vaikselt sulguv D113321 &#8212; Easy Star O\u00dc\" \/>\n<meta property=\"og:description\" content=\"Lisa stiili armsa Brabantia pedaaliga pr\u00fcgikastiga NewIcon 3-liitrine. Ajatu disain, l\u00f5hnakindel ja pehmelt sulguv kaas. Ja muidugi on see eriti v\u00e4ike NewIcon pedaaliga pr\u00fcgikast h\u00fcgieeniline, kergesti avatav ja puhtana hoitav. Ideaalne teie vannituppa, tualetti v\u00f5i igasse muusse ruumi, mis vajab suurep\u00e4rast v\u00e4ikest pr\u00fcgikasti. Ruumis\u00e4\u00e4stlik \u2013 XXS maht, sobib k\u00f5ikjale (3L). Sujuv \u2013 pehmelt sulguv kaas, kerge pedaaliga liikumine. Lihtne puhastada \u2013 eemaldatav plastmassist sisemine \u00e4mber. L\u00f5hnakindel - tihedalt sulguv kaas. Ei libise ega kriimustu \u2013 pehme libisemiskindel alus. Stabiilne \u2013 sisseehitatud kaldumisvastane plokk. Ringmajandus \u2013 Cradle-to-Cradle\u00ae sertifitseeritud, pronkstase. J\u00e4tkusuutlikum valik \u2013 valmistatud 31% ulatuses taaskasutatud materjalist, 96% ulatuses taaskasutatav p\u00e4rast kasutamist. K\u00f5rgus: 26,4 cm, Pikkus: 23,5 cm, Laius: 16,8 cm, L\u00e4bim\u00f5\u00f5t: 16,8 cm, kaal 0,8kg\" \/>\n<meta property=\"og:url\" content=\"https:\/\/easystar.ee\/en\/toode\/newicon-prugikast-3l-matt-must-pedaaliga-vaikselt-sulguv-d113321\/\" \/>\n<meta property=\"og:site_name\" content=\"Easy Star O\u00dc\" \/>\n<meta property=\"article:modified_time\" content=\"2025-10-30T02:04:22+00:00\" \/>\n<meta property=\"og:image\" content=\"https:\/\/easystar.ee\/wp-content\/uploads\/2025\/08\/113321.jpg\" \/>\n\t<meta property=\"og:image:width\" content=\"258\" \/>\n\t<meta property=\"og:image:height\" content=\"361\" \/>\n\t<meta property=\"og:image:type\" content=\"image\/jpeg\" \/>\n<meta name=\"twitter:card\" content=\"summary_large_image\" \/>\n<script type=\"application\/ld+json\" class=\"yoast-schema-graph\">{\"@context\":\"https:\\\/\\\/schema.org\",\"@graph\":[{\"@type\":\"WebPage\",\"@id\":\"https:\\\/\\\/easystar.ee\\\/en\\\/toode\\\/newicon-prugikast-3l-matt-must-pedaaliga-vaikselt-sulguv-d113321\\\/\",\"url\":\"https:\\\/\\\/easystar.ee\\\/en\\\/toode\\\/newicon-prugikast-3l-matt-must-pedaaliga-vaikselt-sulguv-d113321\\\/\",\"name\":\"Newicon pr\u00fcgikast 3L matt must pedaaliga, vaikselt sulguv D113321 &#8212; Easy Star O\u00dc\",\"isPartOf\":{\"@id\":\"https:\\\/\\\/easystar.ee\\\/#website\"},\"primaryImageOfPage\":{\"@id\":\"https:\\\/\\\/easystar.ee\\\/en\\\/toode\\\/newicon-prugikast-3l-matt-must-pedaaliga-vaikselt-sulguv-d113321\\\/#primaryimage\"},\"image\":{\"@id\":\"https:\\\/\\\/easystar.ee\\\/en\\\/toode\\\/newicon-prugikast-3l-matt-must-pedaaliga-vaikselt-sulguv-d113321\\\/#primaryimage\"},\"thumbnailUrl\":\"https:\\\/\\\/easystar.ee\\\/wp-content\\\/uploads\\\/2025\\\/08\\\/113321.jpg\",\"datePublished\":\"2025-08-28T01:30:37+00:00\",\"dateModified\":\"2025-10-30T02:04:22+00:00\",\"breadcrumb\":{\"@id\":\"https:\\\/\\\/easystar.ee\\\/en\\\/toode\\\/newicon-prugikast-3l-matt-must-pedaaliga-vaikselt-sulguv-d113321\\\/#breadcrumb\"},\"inLanguage\":\"en-US\",\"potentialAction\":[{\"@type\":\"ReadAction\",\"target\":[\"https:\\\/\\\/easystar.ee\\\/en\\\/toode\\\/newicon-prugikast-3l-matt-must-pedaaliga-vaikselt-sulguv-d113321\\\/\"]}]},{\"@type\":\"ImageObject\",\"inLanguage\":\"en-US\",\"@id\":\"https:\\\/\\\/easystar.ee\\\/en\\\/toode\\\/newicon-prugikast-3l-matt-must-pedaaliga-vaikselt-sulguv-d113321\\\/#primaryimage\",\"url\":\"https:\\\/\\\/easystar.ee\\\/wp-content\\\/uploads\\\/2025\\\/08\\\/113321.jpg\",\"contentUrl\":\"https:\\\/\\\/easystar.ee\\\/wp-content\\\/uploads\\\/2025\\\/08\\\/113321.jpg\",\"width\":258,\"height\":361},{\"@type\":\"BreadcrumbList\",\"@id\":\"https:\\\/\\\/easystar.ee\\\/en\\\/toode\\\/newicon-prugikast-3l-matt-must-pedaaliga-vaikselt-sulguv-d113321\\\/#breadcrumb\",\"itemListElement\":[{\"@type\":\"ListItem\",\"position\":1,\"name\":\"Home\",\"item\":\"https:\\\/\\\/easystar.ee\\\/ru\\\/\"},{\"@type\":\"ListItem\",\"position\":2,\"name\":\"Shop\",\"item\":\"https:\\\/\\\/easystar.ee\\\/tooted\\\/\"},{\"@type\":\"ListItem\",\"position\":3,\"name\":\"Newicon pr\u00fcgikast 3L matt must pedaaliga, vaikselt sulguv D113321\"}]},{\"@type\":\"WebSite\",\"@id\":\"https:\\\/\\\/easystar.ee\\\/#website\",\"url\":\"https:\\\/\\\/easystar.ee\\\/\",\"name\":\"Easystar.ee\",\"description\":\"\",\"publisher\":{\"@id\":\"https:\\\/\\\/easystar.ee\\\/#organization\"},\"alternateName\":\"Keskkonnas\u00f5bralikud pehmepaberitooted teie kontorisse\",\"potentialAction\":[{\"@type\":\"SearchAction\",\"target\":{\"@type\":\"EntryPoint\",\"urlTemplate\":\"https:\\\/\\\/easystar.ee\\\/?s={search_term_string}\"},\"query-input\":{\"@type\":\"PropertyValueSpecification\",\"valueRequired\":true,\"valueName\":\"search_term_string\"}}],\"inLanguage\":\"en-US\"},{\"@type\":\"Organization\",\"@id\":\"https:\\\/\\\/easystar.ee\\\/#organization\",\"name\":\"Easy Star O\u00dc\",\"url\":\"https:\\\/\\\/easystar.ee\\\/\",\"logo\":{\"@type\":\"ImageObject\",\"inLanguage\":\"en-US\",\"@id\":\"https:\\\/\\\/easystar.ee\\\/#\\\/schema\\\/logo\\\/image\\\/\",\"url\":\"https:\\\/\\\/easystar.ee\\\/wp-content\\\/uploads\\\/2024\\\/03\\\/easystar-logo.svg\",\"contentUrl\":\"https:\\\/\\\/easystar.ee\\\/wp-content\\\/uploads\\\/2024\\\/03\\\/easystar-logo.svg\",\"width\":2000,\"height\":2000,\"caption\":\"Easy Star O\u00dc\"},\"image\":{\"@id\":\"https:\\\/\\\/easystar.ee\\\/#\\\/schema\\\/logo\\\/image\\\/\"}}]}<\/script>\n<!-- \/ Yoast SEO plugin. -->","yoast_head_json":{"title":"Newicon pr\u00fcgikast 3L matt must pedaaliga, vaikselt sulguv D113321 &#8212; Easy Star O\u00dc","robots":{"index":"index","follow":"follow","max-snippet":"max-snippet:-1","max-image-preview":"max-image-preview:large","max-video-preview":"max-video-preview:-1"},"canonical":"https:\/\/easystar.ee\/en\/toode\/newicon-prugikast-3l-matt-must-pedaaliga-vaikselt-sulguv-d113321\/","og_locale":"en_US","og_type":"article","og_title":"Newicon pr\u00fcgikast 3L matt must pedaaliga, vaikselt sulguv D113321 &#8212; Easy Star O\u00dc","og_description":"Lisa stiili armsa Brabantia pedaaliga pr\u00fcgikastiga NewIcon 3-liitrine. Ajatu disain, l\u00f5hnakindel ja pehmelt sulguv kaas. Ja muidugi on see eriti v\u00e4ike NewIcon pedaaliga pr\u00fcgikast h\u00fcgieeniline, kergesti avatav ja puhtana hoitav. Ideaalne teie vannituppa, tualetti v\u00f5i igasse muusse ruumi, mis vajab suurep\u00e4rast v\u00e4ikest pr\u00fcgikasti. Ruumis\u00e4\u00e4stlik \u2013 XXS maht, sobib k\u00f5ikjale (3L). Sujuv \u2013 pehmelt sulguv kaas, kerge pedaaliga liikumine. Lihtne puhastada \u2013 eemaldatav plastmassist sisemine \u00e4mber. L\u00f5hnakindel - tihedalt sulguv kaas. Ei libise ega kriimustu \u2013 pehme libisemiskindel alus. Stabiilne \u2013 sisseehitatud kaldumisvastane plokk. Ringmajandus \u2013 Cradle-to-Cradle\u00ae sertifitseeritud, pronkstase. J\u00e4tkusuutlikum valik \u2013 valmistatud 31% ulatuses taaskasutatud materjalist, 96% ulatuses taaskasutatav p\u00e4rast kasutamist. K\u00f5rgus: 26,4 cm, Pikkus: 23,5 cm, Laius: 16,8 cm, L\u00e4bim\u00f5\u00f5t: 16,8 cm, kaal 0,8kg","og_url":"https:\/\/easystar.ee\/en\/toode\/newicon-prugikast-3l-matt-must-pedaaliga-vaikselt-sulguv-d113321\/","og_site_name":"Easy Star O\u00dc","article_modified_time":"2025-10-30T02:04:22+00:00","og_image":[{"width":258,"height":361,"url":"https:\/\/easystar.ee\/wp-content\/uploads\/2025\/08\/113321.jpg","type":"image\/jpeg"}],"twitter_card":"summary_large_image","schema":{"@context":"https:\/\/schema.org","@graph":[{"@type":"WebPage","@id":"https:\/\/easystar.ee\/en\/toode\/newicon-prugikast-3l-matt-must-pedaaliga-vaikselt-sulguv-d113321\/","url":"https:\/\/easystar.ee\/en\/toode\/newicon-prugikast-3l-matt-must-pedaaliga-vaikselt-sulguv-d113321\/","name":"Newicon pr\u00fcgikast 3L matt must pedaaliga, vaikselt sulguv D113321 &#8212; Easy Star O\u00dc","isPartOf":{"@id":"https:\/\/easystar.ee\/#website"},"primaryImageOfPage":{"@id":"https:\/\/easystar.ee\/en\/toode\/newicon-prugikast-3l-matt-must-pedaaliga-vaikselt-sulguv-d113321\/#primaryimage"},"image":{"@id":"https:\/\/easystar.ee\/en\/toode\/newicon-prugikast-3l-matt-must-pedaaliga-vaikselt-sulguv-d113321\/#primaryimage"},"thumbnailUrl":"https:\/\/easystar.ee\/wp-content\/uploads\/2025\/08\/113321.jpg","datePublished":"2025-08-28T01:30:37+00:00","dateModified":"2025-10-30T02:04:22+00:00","breadcrumb":{"@id":"https:\/\/easystar.ee\/en\/toode\/newicon-prugikast-3l-matt-must-pedaaliga-vaikselt-sulguv-d113321\/#breadcrumb"},"inLanguage":"en-US","potentialAction":[{"@type":"ReadAction","target":["https:\/\/easystar.ee\/en\/toode\/newicon-prugikast-3l-matt-must-pedaaliga-vaikselt-sulguv-d113321\/"]}]},{"@type":"ImageObject","inLanguage":"en-US","@id":"https:\/\/easystar.ee\/en\/toode\/newicon-prugikast-3l-matt-must-pedaaliga-vaikselt-sulguv-d113321\/#primaryimage","url":"https:\/\/easystar.ee\/wp-content\/uploads\/2025\/08\/113321.jpg","contentUrl":"https:\/\/easystar.ee\/wp-content\/uploads\/2025\/08\/113321.jpg","width":258,"height":361},{"@type":"BreadcrumbList","@id":"https:\/\/easystar.ee\/en\/toode\/newicon-prugikast-3l-matt-must-pedaaliga-vaikselt-sulguv-d113321\/#breadcrumb","itemListElement":[{"@type":"ListItem","position":1,"name":"Home","item":"https:\/\/easystar.ee\/ru\/"},{"@type":"ListItem","position":2,"name":"Shop","item":"https:\/\/easystar.ee\/tooted\/"},{"@type":"ListItem","position":3,"name":"Newicon pr\u00fcgikast 3L matt must pedaaliga, vaikselt sulguv D113321"}]},{"@type":"WebSite","@id":"https:\/\/easystar.ee\/#website","url":"https:\/\/easystar.ee\/","name":"Easystar.ee","description":"","publisher":{"@id":"https:\/\/easystar.ee\/#organization"},"alternateName":"Keskkonnas\u00f5bralikud pehmepaberitooted teie kontorisse","potentialAction":[{"@type":"SearchAction","target":{"@type":"EntryPoint","urlTemplate":"https:\/\/easystar.ee\/?s={search_term_string}"},"query-input":{"@type":"PropertyValueSpecification","valueRequired":true,"valueName":"search_term_string"}}],"inLanguage":"en-US"},{"@type":"Organization","@id":"https:\/\/easystar.ee\/#organization","name":"Easy Star O\u00dc","url":"https:\/\/easystar.ee\/","logo":{"@type":"ImageObject","inLanguage":"en-US","@id":"https:\/\/easystar.ee\/#\/schema\/logo\/image\/","url":"https:\/\/easystar.ee\/wp-content\/uploads\/2024\/03\/easystar-logo.svg","contentUrl":"https:\/\/easystar.ee\/wp-content\/uploads\/2024\/03\/easystar-logo.svg","width":2000,"height":2000,"caption":"Easy Star O\u00dc"},"image":{"@id":"https:\/\/easystar.ee\/#\/schema\/logo\/image\/"}}]}},"_links":{"self":[{"href":"https:\/\/easystar.ee\/en\/wp-json\/wp\/v2\/product\/62573","targetHints":{"allow":["GET"]}}],"collection":[{"href":"https:\/\/easystar.ee\/en\/wp-json\/wp\/v2\/product"}],"about":[{"href":"https:\/\/easystar.ee\/en\/wp-json\/wp\/v2\/types\/product"}],"wp:featuredmedia":[{"embeddable":true,"href":"https:\/\/easystar.ee\/en\/wp-json\/wp\/v2\/media\/62571"}],"wp:attachment":[{"href":"https:\/\/easystar.ee\/en\/wp-json\/wp\/v2\/media?parent=62573"}],"wp:term":[{"taxonomy":"product_brand","embeddable":true,"href":"https:\/\/easystar.ee\/en\/wp-json\/wp\/v2\/product_brand?post=62573"},{"taxonomy":"product_cat","embeddable":true,"href":"https:\/\/easystar.ee\/en\/wp-json\/wp\/v2\/product_cat?post=62573"},{"taxonomy":"product_tag","embeddable":true,"href":"https:\/\/easystar.ee\/en\/wp-json\/wp\/v2\/product_tag?post=62573"}],"curies":[{"name":"wp","href":"https:\/\/api.w.org\/{rel}","templated":true}]}}