{"id":62515,"date":"2025-08-27T01:30:05","date_gmt":"2025-08-27T01:30:05","guid":{"rendered":"https:\/\/easystar.ee\/toode\/vikan-voolikuliide-1-2-vooliku-ja-v0700-vahel-dv0701\/"},"modified":"2026-04-21T01:30:07","modified_gmt":"2026-04-21T01:30:07","slug":"vikan-voolikuliide-1-2-vooliku-ja-v0700-vahel-dv0701","status":"publish","type":"product","link":"https:\/\/easystar.ee\/en\/toode\/vikan-voolikuliide-1-2-vooliku-ja-v0700-vahel-dv0701\/","title":{"rendered":"Vikan voolikuliide 1\/2&#8243; vooliku ja V0700 vahel DV0701"},"content":{"rendered":"","protected":false},"excerpt":{"rendered":"<p>1\/2 &#8220;vooliku\u00fchendus ,mis sobib 1\/2&#8221; vooliku ja kiir\u00fchenduse vahele, V0700. Vooliku\u00fchendusel on nn. kuusk otsik, mida saab mugavalt klambriga vooliku k\u00fclge sulgeda.<br \/>\nLaius (cm)\t6.7<br \/>\nK\u00f5rgus (cm)\t4<br \/>\nMaterjal\tKroomitud messing<\/p>\n","protected":false},"featured_media":62513,"template":"","meta":{"_acf_changed":false},"product_brand":[],"product_cat":[1814,1969],"product_tag":[],"class_list":{"0":"post-62515","1":"product","2":"type-product","3":"status-publish","4":"has-post-thumbnail","6":"product_cat-dispensers","7":"product_cat-dispensers-for-agricultural-cleaning-agents","9":"first","10":"outofstock","11":"taxable","12":"shipping-taxable","13":"purchasable","14":"product-type-simple"},"acf":[],"yoast_head":"<!-- This site is optimized with the Yoast SEO plugin v27.5 - https:\/\/yoast.com\/product\/yoast-seo-wordpress\/ -->\n<title>Vikan voolikuliide 1\/2&quot; vooliku ja V0700 vahel DV0701 &#8212; Easy Star O\u00dc<\/title>\n<meta name=\"robots\" content=\"index, follow, max-snippet:-1, max-image-preview:large, max-video-preview:-1\" \/>\n<link rel=\"canonical\" href=\"https:\/\/easystar.ee\/toode\/vikan-voolikuliide-1-2-vooliku-ja-v0700-vahel-dv0701\/\" \/>\n<meta property=\"og:locale\" content=\"en_US\" \/>\n<meta property=\"og:type\" content=\"article\" \/>\n<meta property=\"og:title\" content=\"Vikan voolikuliide 1\/2&quot; vooliku ja V0700 vahel DV0701 &#8212; Easy Star O\u00dc\" \/>\n<meta property=\"og:description\" content=\"1\/2 &quot;vooliku\u00fchendus ,mis sobib 1\/2&quot; vooliku ja kiir\u00fchenduse vahele, V0700. Vooliku\u00fchendusel on nn. kuusk otsik, mida saab mugavalt klambriga vooliku k\u00fclge sulgeda. Laius (cm) 6.7 K\u00f5rgus (cm) 4 Materjal Kroomitud messing\" \/>\n<meta property=\"og:url\" content=\"https:\/\/easystar.ee\/toode\/vikan-voolikuliide-1-2-vooliku-ja-v0700-vahel-dv0701\/\" \/>\n<meta property=\"og:site_name\" content=\"Easy Star O\u00dc\" \/>\n<meta property=\"article:modified_time\" content=\"2026-04-21T01:30:07+00:00\" \/>\n<meta property=\"og:image\" content=\"https:\/\/easystar.ee\/wp-content\/uploads\/2025\/08\/v0701.jpg\" \/>\n\t<meta property=\"og:image:width\" content=\"1080\" \/>\n\t<meta property=\"og:image:height\" content=\"796\" \/>\n\t<meta property=\"og:image:type\" content=\"image\/jpeg\" \/>\n<meta name=\"twitter:card\" content=\"summary_large_image\" \/>\n<script type=\"application\/ld+json\" class=\"yoast-schema-graph\">{\"@context\":\"https:\\\/\\\/schema.org\",\"@graph\":[{\"@type\":\"WebPage\",\"@id\":\"https:\\\/\\\/easystar.ee\\\/toode\\\/vikan-voolikuliide-1-2-vooliku-ja-v0700-vahel-dv0701\\\/\",\"url\":\"https:\\\/\\\/easystar.ee\\\/toode\\\/vikan-voolikuliide-1-2-vooliku-ja-v0700-vahel-dv0701\\\/\",\"name\":\"Vikan voolikuliide 1\\\/2\\\" vooliku ja V0700 vahel DV0701 &#8212; Easy Star O\u00dc\",\"isPartOf\":{\"@id\":\"https:\\\/\\\/easystar.ee\\\/#website\"},\"primaryImageOfPage\":{\"@id\":\"https:\\\/\\\/easystar.ee\\\/toode\\\/vikan-voolikuliide-1-2-vooliku-ja-v0700-vahel-dv0701\\\/#primaryimage\"},\"image\":{\"@id\":\"https:\\\/\\\/easystar.ee\\\/toode\\\/vikan-voolikuliide-1-2-vooliku-ja-v0700-vahel-dv0701\\\/#primaryimage\"},\"thumbnailUrl\":\"https:\\\/\\\/easystar.ee\\\/wp-content\\\/uploads\\\/2025\\\/08\\\/v0701.jpg\",\"datePublished\":\"2025-08-27T01:30:05+00:00\",\"dateModified\":\"2026-04-21T01:30:07+00:00\",\"breadcrumb\":{\"@id\":\"https:\\\/\\\/easystar.ee\\\/toode\\\/vikan-voolikuliide-1-2-vooliku-ja-v0700-vahel-dv0701\\\/#breadcrumb\"},\"inLanguage\":\"en-US\",\"potentialAction\":[{\"@type\":\"ReadAction\",\"target\":[\"https:\\\/\\\/easystar.ee\\\/toode\\\/vikan-voolikuliide-1-2-vooliku-ja-v0700-vahel-dv0701\\\/\"]}]},{\"@type\":\"ImageObject\",\"inLanguage\":\"en-US\",\"@id\":\"https:\\\/\\\/easystar.ee\\\/toode\\\/vikan-voolikuliide-1-2-vooliku-ja-v0700-vahel-dv0701\\\/#primaryimage\",\"url\":\"https:\\\/\\\/easystar.ee\\\/wp-content\\\/uploads\\\/2025\\\/08\\\/v0701.jpg\",\"contentUrl\":\"https:\\\/\\\/easystar.ee\\\/wp-content\\\/uploads\\\/2025\\\/08\\\/v0701.jpg\",\"width\":1080,\"height\":796},{\"@type\":\"BreadcrumbList\",\"@id\":\"https:\\\/\\\/easystar.ee\\\/toode\\\/vikan-voolikuliide-1-2-vooliku-ja-v0700-vahel-dv0701\\\/#breadcrumb\",\"itemListElement\":[{\"@type\":\"ListItem\",\"position\":1,\"name\":\"Home\",\"item\":\"https:\\\/\\\/easystar.ee\\\/ru\\\/\"},{\"@type\":\"ListItem\",\"position\":2,\"name\":\"Shop\",\"item\":\"https:\\\/\\\/easystar.ee\\\/tooted\\\/\"},{\"@type\":\"ListItem\",\"position\":3,\"name\":\"Vikan voolikuliide 1\\\/2&#8243; vooliku ja V0700 vahel DV0701\"}]},{\"@type\":\"WebSite\",\"@id\":\"https:\\\/\\\/easystar.ee\\\/#website\",\"url\":\"https:\\\/\\\/easystar.ee\\\/\",\"name\":\"Easystar.ee\",\"description\":\"\",\"publisher\":{\"@id\":\"https:\\\/\\\/easystar.ee\\\/#organization\"},\"alternateName\":\"Keskkonnas\u00f5bralikud pehmepaberitooted teie kontorisse\",\"potentialAction\":[{\"@type\":\"SearchAction\",\"target\":{\"@type\":\"EntryPoint\",\"urlTemplate\":\"https:\\\/\\\/easystar.ee\\\/?s={search_term_string}\"},\"query-input\":{\"@type\":\"PropertyValueSpecification\",\"valueRequired\":true,\"valueName\":\"search_term_string\"}}],\"inLanguage\":\"en-US\"},{\"@type\":\"Organization\",\"@id\":\"https:\\\/\\\/easystar.ee\\\/#organization\",\"name\":\"Easy Star O\u00dc\",\"url\":\"https:\\\/\\\/easystar.ee\\\/\",\"logo\":{\"@type\":\"ImageObject\",\"inLanguage\":\"en-US\",\"@id\":\"https:\\\/\\\/easystar.ee\\\/#\\\/schema\\\/logo\\\/image\\\/\",\"url\":\"https:\\\/\\\/easystar.ee\\\/wp-content\\\/uploads\\\/2024\\\/03\\\/easystar-logo.svg\",\"contentUrl\":\"https:\\\/\\\/easystar.ee\\\/wp-content\\\/uploads\\\/2024\\\/03\\\/easystar-logo.svg\",\"width\":2000,\"height\":2000,\"caption\":\"Easy Star O\u00dc\"},\"image\":{\"@id\":\"https:\\\/\\\/easystar.ee\\\/#\\\/schema\\\/logo\\\/image\\\/\"}}]}<\/script>\n<!-- \/ Yoast SEO plugin. -->","yoast_head_json":{"title":"Vikan voolikuliide 1\/2\" vooliku ja V0700 vahel DV0701 &#8212; Easy Star O\u00dc","robots":{"index":"index","follow":"follow","max-snippet":"max-snippet:-1","max-image-preview":"max-image-preview:large","max-video-preview":"max-video-preview:-1"},"canonical":"https:\/\/easystar.ee\/toode\/vikan-voolikuliide-1-2-vooliku-ja-v0700-vahel-dv0701\/","og_locale":"en_US","og_type":"article","og_title":"Vikan voolikuliide 1\/2\" vooliku ja V0700 vahel DV0701 &#8212; Easy Star O\u00dc","og_description":"1\/2 \"vooliku\u00fchendus ,mis sobib 1\/2\" vooliku ja kiir\u00fchenduse vahele, V0700. Vooliku\u00fchendusel on nn. kuusk otsik, mida saab mugavalt klambriga vooliku k\u00fclge sulgeda. Laius (cm) 6.7 K\u00f5rgus (cm) 4 Materjal Kroomitud messing","og_url":"https:\/\/easystar.ee\/toode\/vikan-voolikuliide-1-2-vooliku-ja-v0700-vahel-dv0701\/","og_site_name":"Easy Star O\u00dc","article_modified_time":"2026-04-21T01:30:07+00:00","og_image":[{"width":1080,"height":796,"url":"https:\/\/easystar.ee\/wp-content\/uploads\/2025\/08\/v0701.jpg","type":"image\/jpeg"}],"twitter_card":"summary_large_image","schema":{"@context":"https:\/\/schema.org","@graph":[{"@type":"WebPage","@id":"https:\/\/easystar.ee\/toode\/vikan-voolikuliide-1-2-vooliku-ja-v0700-vahel-dv0701\/","url":"https:\/\/easystar.ee\/toode\/vikan-voolikuliide-1-2-vooliku-ja-v0700-vahel-dv0701\/","name":"Vikan voolikuliide 1\/2\" vooliku ja V0700 vahel DV0701 &#8212; Easy Star O\u00dc","isPartOf":{"@id":"https:\/\/easystar.ee\/#website"},"primaryImageOfPage":{"@id":"https:\/\/easystar.ee\/toode\/vikan-voolikuliide-1-2-vooliku-ja-v0700-vahel-dv0701\/#primaryimage"},"image":{"@id":"https:\/\/easystar.ee\/toode\/vikan-voolikuliide-1-2-vooliku-ja-v0700-vahel-dv0701\/#primaryimage"},"thumbnailUrl":"https:\/\/easystar.ee\/wp-content\/uploads\/2025\/08\/v0701.jpg","datePublished":"2025-08-27T01:30:05+00:00","dateModified":"2026-04-21T01:30:07+00:00","breadcrumb":{"@id":"https:\/\/easystar.ee\/toode\/vikan-voolikuliide-1-2-vooliku-ja-v0700-vahel-dv0701\/#breadcrumb"},"inLanguage":"en-US","potentialAction":[{"@type":"ReadAction","target":["https:\/\/easystar.ee\/toode\/vikan-voolikuliide-1-2-vooliku-ja-v0700-vahel-dv0701\/"]}]},{"@type":"ImageObject","inLanguage":"en-US","@id":"https:\/\/easystar.ee\/toode\/vikan-voolikuliide-1-2-vooliku-ja-v0700-vahel-dv0701\/#primaryimage","url":"https:\/\/easystar.ee\/wp-content\/uploads\/2025\/08\/v0701.jpg","contentUrl":"https:\/\/easystar.ee\/wp-content\/uploads\/2025\/08\/v0701.jpg","width":1080,"height":796},{"@type":"BreadcrumbList","@id":"https:\/\/easystar.ee\/toode\/vikan-voolikuliide-1-2-vooliku-ja-v0700-vahel-dv0701\/#breadcrumb","itemListElement":[{"@type":"ListItem","position":1,"name":"Home","item":"https:\/\/easystar.ee\/ru\/"},{"@type":"ListItem","position":2,"name":"Shop","item":"https:\/\/easystar.ee\/tooted\/"},{"@type":"ListItem","position":3,"name":"Vikan voolikuliide 1\/2&#8243; vooliku ja V0700 vahel DV0701"}]},{"@type":"WebSite","@id":"https:\/\/easystar.ee\/#website","url":"https:\/\/easystar.ee\/","name":"Easystar.ee","description":"","publisher":{"@id":"https:\/\/easystar.ee\/#organization"},"alternateName":"Keskkonnas\u00f5bralikud pehmepaberitooted teie kontorisse","potentialAction":[{"@type":"SearchAction","target":{"@type":"EntryPoint","urlTemplate":"https:\/\/easystar.ee\/?s={search_term_string}"},"query-input":{"@type":"PropertyValueSpecification","valueRequired":true,"valueName":"search_term_string"}}],"inLanguage":"en-US"},{"@type":"Organization","@id":"https:\/\/easystar.ee\/#organization","name":"Easy Star O\u00dc","url":"https:\/\/easystar.ee\/","logo":{"@type":"ImageObject","inLanguage":"en-US","@id":"https:\/\/easystar.ee\/#\/schema\/logo\/image\/","url":"https:\/\/easystar.ee\/wp-content\/uploads\/2024\/03\/easystar-logo.svg","contentUrl":"https:\/\/easystar.ee\/wp-content\/uploads\/2024\/03\/easystar-logo.svg","width":2000,"height":2000,"caption":"Easy Star O\u00dc"},"image":{"@id":"https:\/\/easystar.ee\/#\/schema\/logo\/image\/"}}]}},"_links":{"self":[{"href":"https:\/\/easystar.ee\/en\/wp-json\/wp\/v2\/product\/62515","targetHints":{"allow":["GET"]}}],"collection":[{"href":"https:\/\/easystar.ee\/en\/wp-json\/wp\/v2\/product"}],"about":[{"href":"https:\/\/easystar.ee\/en\/wp-json\/wp\/v2\/types\/product"}],"wp:featuredmedia":[{"embeddable":true,"href":"https:\/\/easystar.ee\/en\/wp-json\/wp\/v2\/media\/62513"}],"wp:attachment":[{"href":"https:\/\/easystar.ee\/en\/wp-json\/wp\/v2\/media?parent=62515"}],"wp:term":[{"taxonomy":"product_brand","embeddable":true,"href":"https:\/\/easystar.ee\/en\/wp-json\/wp\/v2\/product_brand?post=62515"},{"taxonomy":"product_cat","embeddable":true,"href":"https:\/\/easystar.ee\/en\/wp-json\/wp\/v2\/product_cat?post=62515"},{"taxonomy":"product_tag","embeddable":true,"href":"https:\/\/easystar.ee\/en\/wp-json\/wp\/v2\/product_tag?post=62515"}],"curies":[{"name":"wp","href":"https:\/\/api.w.org\/{rel}","templated":true}]}}