{"id":62335,"date":"2025-08-20T01:30:03","date_gmt":"2025-08-20T01:30:03","guid":{"rendered":"https:\/\/easystar.ee\/toode\/kateratikuivati-varmiko-rst-530x85x800-dap1754cl800-500-7\/"},"modified":"2025-10-30T02:03:52","modified_gmt":"2025-10-30T02:03:52","slug":"kateratikuivati-varmiko-rst-530x85x800-dap1754cl800-500-7","status":"publish","type":"product","link":"https:\/\/easystar.ee\/en\/toode\/kateratikuivati-varmiko-rst-530x85x800-dap1754cl800-500-7\/","title":{"rendered":"K\u00e4ter\u00e4tikuivati Varmiko RST 530x85x800 DAP1754CL800-500-7"},"content":{"rendered":"","protected":false},"excerpt":{"rendered":"<p>K\u00e4ter\u00e4tikuivati Varmiko Classic KU roostevaba teras. M\u00f5\u00f5t 530x85x800 (tsentrite vahe 500)<br \/>\nK\u00fctteallikas: vesi, Kuivatustorude arv: 5 &#8211; 7, kaal 5kg, Toru\u00fchenduste vahe m\u00f5\u00f5dud (mm) erinevad: 430 x 85 x 600 (tsentrite vahe 500) \/ 530 x 85 x 600 (tsentrite vahe 500) \/ 530 x 85 x 800 (tsentrite vahe 500) \/ 530 x 85 x 800 (tsentrite vahe 600), V\u00e4rvus ja materjal Roostevaba teras.<br \/>\nTOOTEST: Varmiko Classic KU on seinale paigaldatav k\u00e4ter\u00e4tikuivati, mis on erilise disainiga ning v\u00e4ga praktiline valik igasse vannituppa. Varmiko Classic KU on veek\u00fcttega \u00fchendatav k\u00e4ter\u00e4tikuivati, mida on v\u00f5imalik paigaldada nii k\u00fcttes\u00fcsteemi kui ka tarbeveele &#8211; seda t\u00e4nu spetsiaalsele roostekindlale materjalile. Tootel on k\u00fclgmised \u00fchendused ja v\u00f5imalik on valida tsentrite vahemikku 600 mm ja 500 mm vahel.<br \/>\nPoleeritud roostevaba terasest k\u00e4ter\u00e4tikuivati torude vahel on piisavalt ruumi r\u00e4tikute mahutamiseks, mis lihtsustab ka selle puhastamist. \u00dchendades toode tarbeveele on oluline teha sellele ka maandus.<br \/>\nAllolevast valikust on v\u00f5imalik valida sobivad k\u00e4ter\u00e4tikuivati m\u00f5\u00f5dud. K\u00fcttes\u00fcsteemi \u00fchendamistarvikud ei sisaldu komplektis. <\/p>\n","protected":false},"featured_media":62333,"template":"","meta":{"_acf_changed":false},"product_brand":[],"product_cat":[1872,1814],"product_tag":[],"class_list":{"0":"post-62335","1":"product","2":"type-product","3":"status-publish","4":"has-post-thumbnail","6":"product_cat-accessories","7":"product_cat-dispensers","9":"first","10":"outofstock","11":"taxable","12":"shipping-taxable","13":"purchasable","14":"product-type-simple"},"acf":[],"yoast_head":"<!-- This site is optimized with the Yoast SEO plugin v27.5 - https:\/\/yoast.com\/product\/yoast-seo-wordpress\/ -->\n<title>K\u00e4ter\u00e4tikuivati Varmiko RST 530x85x800 DAP1754CL800-500-7 &#8212; Easy Star O\u00dc<\/title>\n<meta name=\"robots\" content=\"index, follow, max-snippet:-1, max-image-preview:large, max-video-preview:-1\" \/>\n<link rel=\"canonical\" href=\"https:\/\/easystar.ee\/en\/toode\/kateratikuivati-varmiko-rst-530x85x800-dap1754cl800-500-7\/\" \/>\n<meta property=\"og:locale\" content=\"en_US\" \/>\n<meta property=\"og:type\" content=\"article\" \/>\n<meta property=\"og:title\" content=\"K\u00e4ter\u00e4tikuivati Varmiko RST 530x85x800 DAP1754CL800-500-7 &#8212; Easy Star O\u00dc\" \/>\n<meta property=\"og:description\" content=\"K\u00e4ter\u00e4tikuivati Varmiko Classic KU roostevaba teras. M\u00f5\u00f5t 530x85x800 (tsentrite vahe 500) K\u00fctteallikas: vesi, Kuivatustorude arv: 5 - 7, kaal 5kg, Toru\u00fchenduste vahe m\u00f5\u00f5dud (mm) erinevad: 430 x 85 x 600 (tsentrite vahe 500) \/ 530 x 85 x 600 (tsentrite vahe 500) \/ 530 x 85 x 800 (tsentrite vahe 500) \/ 530 x 85 x 800 (tsentrite vahe 600), V\u00e4rvus ja materjal Roostevaba teras. TOOTEST: Varmiko Classic KU on seinale paigaldatav k\u00e4ter\u00e4tikuivati, mis on erilise disainiga ning v\u00e4ga praktiline valik igasse vannituppa. Varmiko Classic KU on veek\u00fcttega \u00fchendatav k\u00e4ter\u00e4tikuivati, mida on v\u00f5imalik paigaldada nii k\u00fcttes\u00fcsteemi kui ka tarbeveele - seda t\u00e4nu spetsiaalsele roostekindlale materjalile. Tootel on k\u00fclgmised \u00fchendused ja v\u00f5imalik on valida tsentrite vahemikku 600 mm ja 500 mm vahel.  Poleeritud roostevaba terasest k\u00e4ter\u00e4tikuivati torude vahel on piisavalt ruumi r\u00e4tikute mahutamiseks, mis lihtsustab ka selle puhastamist. \u00dchendades toode tarbeveele on oluline teha sellele ka maandus.  Allolevast valikust on v\u00f5imalik valida sobivad k\u00e4ter\u00e4tikuivati m\u00f5\u00f5dud. K\u00fcttes\u00fcsteemi \u00fchendamistarvikud ei sisaldu komplektis.\" \/>\n<meta property=\"og:url\" content=\"https:\/\/easystar.ee\/en\/toode\/kateratikuivati-varmiko-rst-530x85x800-dap1754cl800-500-7\/\" \/>\n<meta property=\"og:site_name\" content=\"Easy Star O\u00dc\" \/>\n<meta property=\"article:modified_time\" content=\"2025-10-30T02:03:52+00:00\" \/>\n<meta property=\"og:image\" content=\"https:\/\/easystar.ee\/wp-content\/uploads\/2025\/08\/dap1754cl800-500-7.jpg\" \/>\n\t<meta property=\"og:image:width\" content=\"514\" \/>\n\t<meta property=\"og:image:height\" content=\"804\" \/>\n\t<meta property=\"og:image:type\" content=\"image\/jpeg\" \/>\n<meta name=\"twitter:card\" content=\"summary_large_image\" \/>\n<script type=\"application\/ld+json\" class=\"yoast-schema-graph\">{\"@context\":\"https:\\\/\\\/schema.org\",\"@graph\":[{\"@type\":\"WebPage\",\"@id\":\"https:\\\/\\\/easystar.ee\\\/en\\\/toode\\\/kateratikuivati-varmiko-rst-530x85x800-dap1754cl800-500-7\\\/\",\"url\":\"https:\\\/\\\/easystar.ee\\\/en\\\/toode\\\/kateratikuivati-varmiko-rst-530x85x800-dap1754cl800-500-7\\\/\",\"name\":\"K\u00e4ter\u00e4tikuivati Varmiko RST 530x85x800 DAP1754CL800-500-7 &#8212; Easy Star O\u00dc\",\"isPartOf\":{\"@id\":\"https:\\\/\\\/easystar.ee\\\/#website\"},\"primaryImageOfPage\":{\"@id\":\"https:\\\/\\\/easystar.ee\\\/en\\\/toode\\\/kateratikuivati-varmiko-rst-530x85x800-dap1754cl800-500-7\\\/#primaryimage\"},\"image\":{\"@id\":\"https:\\\/\\\/easystar.ee\\\/en\\\/toode\\\/kateratikuivati-varmiko-rst-530x85x800-dap1754cl800-500-7\\\/#primaryimage\"},\"thumbnailUrl\":\"https:\\\/\\\/easystar.ee\\\/wp-content\\\/uploads\\\/2025\\\/08\\\/dap1754cl800-500-7.jpg\",\"datePublished\":\"2025-08-20T01:30:03+00:00\",\"dateModified\":\"2025-10-30T02:03:52+00:00\",\"breadcrumb\":{\"@id\":\"https:\\\/\\\/easystar.ee\\\/en\\\/toode\\\/kateratikuivati-varmiko-rst-530x85x800-dap1754cl800-500-7\\\/#breadcrumb\"},\"inLanguage\":\"en-US\",\"potentialAction\":[{\"@type\":\"ReadAction\",\"target\":[\"https:\\\/\\\/easystar.ee\\\/en\\\/toode\\\/kateratikuivati-varmiko-rst-530x85x800-dap1754cl800-500-7\\\/\"]}]},{\"@type\":\"ImageObject\",\"inLanguage\":\"en-US\",\"@id\":\"https:\\\/\\\/easystar.ee\\\/en\\\/toode\\\/kateratikuivati-varmiko-rst-530x85x800-dap1754cl800-500-7\\\/#primaryimage\",\"url\":\"https:\\\/\\\/easystar.ee\\\/wp-content\\\/uploads\\\/2025\\\/08\\\/dap1754cl800-500-7.jpg\",\"contentUrl\":\"https:\\\/\\\/easystar.ee\\\/wp-content\\\/uploads\\\/2025\\\/08\\\/dap1754cl800-500-7.jpg\",\"width\":514,\"height\":804},{\"@type\":\"BreadcrumbList\",\"@id\":\"https:\\\/\\\/easystar.ee\\\/en\\\/toode\\\/kateratikuivati-varmiko-rst-530x85x800-dap1754cl800-500-7\\\/#breadcrumb\",\"itemListElement\":[{\"@type\":\"ListItem\",\"position\":1,\"name\":\"Home\",\"item\":\"https:\\\/\\\/easystar.ee\\\/ru\\\/\"},{\"@type\":\"ListItem\",\"position\":2,\"name\":\"Shop\",\"item\":\"https:\\\/\\\/easystar.ee\\\/tooted\\\/\"},{\"@type\":\"ListItem\",\"position\":3,\"name\":\"K\u00e4ter\u00e4tikuivati Varmiko RST 530x85x800 DAP1754CL800-500-7\"}]},{\"@type\":\"WebSite\",\"@id\":\"https:\\\/\\\/easystar.ee\\\/#website\",\"url\":\"https:\\\/\\\/easystar.ee\\\/\",\"name\":\"Easystar.ee\",\"description\":\"\",\"publisher\":{\"@id\":\"https:\\\/\\\/easystar.ee\\\/#organization\"},\"alternateName\":\"Keskkonnas\u00f5bralikud pehmepaberitooted teie kontorisse\",\"potentialAction\":[{\"@type\":\"SearchAction\",\"target\":{\"@type\":\"EntryPoint\",\"urlTemplate\":\"https:\\\/\\\/easystar.ee\\\/?s={search_term_string}\"},\"query-input\":{\"@type\":\"PropertyValueSpecification\",\"valueRequired\":true,\"valueName\":\"search_term_string\"}}],\"inLanguage\":\"en-US\"},{\"@type\":\"Organization\",\"@id\":\"https:\\\/\\\/easystar.ee\\\/#organization\",\"name\":\"Easy Star O\u00dc\",\"url\":\"https:\\\/\\\/easystar.ee\\\/\",\"logo\":{\"@type\":\"ImageObject\",\"inLanguage\":\"en-US\",\"@id\":\"https:\\\/\\\/easystar.ee\\\/#\\\/schema\\\/logo\\\/image\\\/\",\"url\":\"https:\\\/\\\/easystar.ee\\\/wp-content\\\/uploads\\\/2024\\\/03\\\/easystar-logo.svg\",\"contentUrl\":\"https:\\\/\\\/easystar.ee\\\/wp-content\\\/uploads\\\/2024\\\/03\\\/easystar-logo.svg\",\"width\":2000,\"height\":2000,\"caption\":\"Easy Star O\u00dc\"},\"image\":{\"@id\":\"https:\\\/\\\/easystar.ee\\\/#\\\/schema\\\/logo\\\/image\\\/\"}}]}<\/script>\n<!-- \/ Yoast SEO plugin. -->","yoast_head_json":{"title":"K\u00e4ter\u00e4tikuivati Varmiko RST 530x85x800 DAP1754CL800-500-7 &#8212; Easy Star O\u00dc","robots":{"index":"index","follow":"follow","max-snippet":"max-snippet:-1","max-image-preview":"max-image-preview:large","max-video-preview":"max-video-preview:-1"},"canonical":"https:\/\/easystar.ee\/en\/toode\/kateratikuivati-varmiko-rst-530x85x800-dap1754cl800-500-7\/","og_locale":"en_US","og_type":"article","og_title":"K\u00e4ter\u00e4tikuivati Varmiko RST 530x85x800 DAP1754CL800-500-7 &#8212; Easy Star O\u00dc","og_description":"K\u00e4ter\u00e4tikuivati Varmiko Classic KU roostevaba teras. M\u00f5\u00f5t 530x85x800 (tsentrite vahe 500) K\u00fctteallikas: vesi, Kuivatustorude arv: 5 - 7, kaal 5kg, Toru\u00fchenduste vahe m\u00f5\u00f5dud (mm) erinevad: 430 x 85 x 600 (tsentrite vahe 500) \/ 530 x 85 x 600 (tsentrite vahe 500) \/ 530 x 85 x 800 (tsentrite vahe 500) \/ 530 x 85 x 800 (tsentrite vahe 600), V\u00e4rvus ja materjal Roostevaba teras. TOOTEST: Varmiko Classic KU on seinale paigaldatav k\u00e4ter\u00e4tikuivati, mis on erilise disainiga ning v\u00e4ga praktiline valik igasse vannituppa. Varmiko Classic KU on veek\u00fcttega \u00fchendatav k\u00e4ter\u00e4tikuivati, mida on v\u00f5imalik paigaldada nii k\u00fcttes\u00fcsteemi kui ka tarbeveele - seda t\u00e4nu spetsiaalsele roostekindlale materjalile. Tootel on k\u00fclgmised \u00fchendused ja v\u00f5imalik on valida tsentrite vahemikku 600 mm ja 500 mm vahel.  Poleeritud roostevaba terasest k\u00e4ter\u00e4tikuivati torude vahel on piisavalt ruumi r\u00e4tikute mahutamiseks, mis lihtsustab ka selle puhastamist. \u00dchendades toode tarbeveele on oluline teha sellele ka maandus.  Allolevast valikust on v\u00f5imalik valida sobivad k\u00e4ter\u00e4tikuivati m\u00f5\u00f5dud. K\u00fcttes\u00fcsteemi \u00fchendamistarvikud ei sisaldu komplektis.","og_url":"https:\/\/easystar.ee\/en\/toode\/kateratikuivati-varmiko-rst-530x85x800-dap1754cl800-500-7\/","og_site_name":"Easy Star O\u00dc","article_modified_time":"2025-10-30T02:03:52+00:00","og_image":[{"width":514,"height":804,"url":"https:\/\/easystar.ee\/wp-content\/uploads\/2025\/08\/dap1754cl800-500-7.jpg","type":"image\/jpeg"}],"twitter_card":"summary_large_image","schema":{"@context":"https:\/\/schema.org","@graph":[{"@type":"WebPage","@id":"https:\/\/easystar.ee\/en\/toode\/kateratikuivati-varmiko-rst-530x85x800-dap1754cl800-500-7\/","url":"https:\/\/easystar.ee\/en\/toode\/kateratikuivati-varmiko-rst-530x85x800-dap1754cl800-500-7\/","name":"K\u00e4ter\u00e4tikuivati Varmiko RST 530x85x800 DAP1754CL800-500-7 &#8212; Easy Star O\u00dc","isPartOf":{"@id":"https:\/\/easystar.ee\/#website"},"primaryImageOfPage":{"@id":"https:\/\/easystar.ee\/en\/toode\/kateratikuivati-varmiko-rst-530x85x800-dap1754cl800-500-7\/#primaryimage"},"image":{"@id":"https:\/\/easystar.ee\/en\/toode\/kateratikuivati-varmiko-rst-530x85x800-dap1754cl800-500-7\/#primaryimage"},"thumbnailUrl":"https:\/\/easystar.ee\/wp-content\/uploads\/2025\/08\/dap1754cl800-500-7.jpg","datePublished":"2025-08-20T01:30:03+00:00","dateModified":"2025-10-30T02:03:52+00:00","breadcrumb":{"@id":"https:\/\/easystar.ee\/en\/toode\/kateratikuivati-varmiko-rst-530x85x800-dap1754cl800-500-7\/#breadcrumb"},"inLanguage":"en-US","potentialAction":[{"@type":"ReadAction","target":["https:\/\/easystar.ee\/en\/toode\/kateratikuivati-varmiko-rst-530x85x800-dap1754cl800-500-7\/"]}]},{"@type":"ImageObject","inLanguage":"en-US","@id":"https:\/\/easystar.ee\/en\/toode\/kateratikuivati-varmiko-rst-530x85x800-dap1754cl800-500-7\/#primaryimage","url":"https:\/\/easystar.ee\/wp-content\/uploads\/2025\/08\/dap1754cl800-500-7.jpg","contentUrl":"https:\/\/easystar.ee\/wp-content\/uploads\/2025\/08\/dap1754cl800-500-7.jpg","width":514,"height":804},{"@type":"BreadcrumbList","@id":"https:\/\/easystar.ee\/en\/toode\/kateratikuivati-varmiko-rst-530x85x800-dap1754cl800-500-7\/#breadcrumb","itemListElement":[{"@type":"ListItem","position":1,"name":"Home","item":"https:\/\/easystar.ee\/ru\/"},{"@type":"ListItem","position":2,"name":"Shop","item":"https:\/\/easystar.ee\/tooted\/"},{"@type":"ListItem","position":3,"name":"K\u00e4ter\u00e4tikuivati Varmiko RST 530x85x800 DAP1754CL800-500-7"}]},{"@type":"WebSite","@id":"https:\/\/easystar.ee\/#website","url":"https:\/\/easystar.ee\/","name":"Easystar.ee","description":"","publisher":{"@id":"https:\/\/easystar.ee\/#organization"},"alternateName":"Keskkonnas\u00f5bralikud pehmepaberitooted teie kontorisse","potentialAction":[{"@type":"SearchAction","target":{"@type":"EntryPoint","urlTemplate":"https:\/\/easystar.ee\/?s={search_term_string}"},"query-input":{"@type":"PropertyValueSpecification","valueRequired":true,"valueName":"search_term_string"}}],"inLanguage":"en-US"},{"@type":"Organization","@id":"https:\/\/easystar.ee\/#organization","name":"Easy Star O\u00dc","url":"https:\/\/easystar.ee\/","logo":{"@type":"ImageObject","inLanguage":"en-US","@id":"https:\/\/easystar.ee\/#\/schema\/logo\/image\/","url":"https:\/\/easystar.ee\/wp-content\/uploads\/2024\/03\/easystar-logo.svg","contentUrl":"https:\/\/easystar.ee\/wp-content\/uploads\/2024\/03\/easystar-logo.svg","width":2000,"height":2000,"caption":"Easy Star O\u00dc"},"image":{"@id":"https:\/\/easystar.ee\/#\/schema\/logo\/image\/"}}]}},"_links":{"self":[{"href":"https:\/\/easystar.ee\/en\/wp-json\/wp\/v2\/product\/62335","targetHints":{"allow":["GET"]}}],"collection":[{"href":"https:\/\/easystar.ee\/en\/wp-json\/wp\/v2\/product"}],"about":[{"href":"https:\/\/easystar.ee\/en\/wp-json\/wp\/v2\/types\/product"}],"wp:featuredmedia":[{"embeddable":true,"href":"https:\/\/easystar.ee\/en\/wp-json\/wp\/v2\/media\/62333"}],"wp:attachment":[{"href":"https:\/\/easystar.ee\/en\/wp-json\/wp\/v2\/media?parent=62335"}],"wp:term":[{"taxonomy":"product_brand","embeddable":true,"href":"https:\/\/easystar.ee\/en\/wp-json\/wp\/v2\/product_brand?post=62335"},{"taxonomy":"product_cat","embeddable":true,"href":"https:\/\/easystar.ee\/en\/wp-json\/wp\/v2\/product_cat?post=62335"},{"taxonomy":"product_tag","embeddable":true,"href":"https:\/\/easystar.ee\/en\/wp-json\/wp\/v2\/product_tag?post=62335"}],"curies":[{"name":"wp","href":"https:\/\/api.w.org\/{rel}","templated":true}]}}