{"id":62255,"date":"2025-08-14T01:30:01","date_gmt":"2025-08-14T01:30:01","guid":{"rendered":"https:\/\/easystar.ee\/toode\/peegel-kallutatav-15o-moodud-600x540x90mm-rst-dwag-ba300\/"},"modified":"2025-10-30T02:03:43","modified_gmt":"2025-10-30T02:03:43","slug":"peegel-kallutatav-15o-moodud-600x540x90mm-rst-dwag-ba300","status":"publish","type":"product","link":"https:\/\/easystar.ee\/en\/toode\/peegel-kallutatav-15o-moodud-600x540x90mm-rst-dwag-ba300\/","title":{"rendered":"Peegel kallutatav +\/- 15\u00ba m\u00f5\u00f5dud 600x540x90mm RST DWAG-BA300"},"content":{"rendered":"","protected":false},"excerpt":{"rendered":"<p>Reguleeritav roostevabast terasest peegel BA300<br \/>\nReguleeritav peegel BA300 on valmistatud kvaliteetsest roostevabast terasest (AISI 304), pakkudes vastupidavust ja kergesti hooldatavat pinda. Peegel on varustatud satiinviimistlusega juhtkangiga, mida saab paigaldada nii vasakule kui ka paremale. Peegli kallet saab sujuvalt reguleerida vahemikus +\/- 15\u00b0, muutes selle sobivaks erinevatele kasutajatele ja vajadustele.<br \/>\nPaigaldamine on lihtne \u2013 peegel kinnitatakse nelja kruviga l\u00e4bi v\u00f5tmeaukude ning lisaks on olemas vargusevastane kinnitusv\u00f5imalus. Komplektis sisaldub ka paigaldusmaterjal. Peegli m\u00f5\u00f5tmed on 600 x 540 x 90 mm ning kaal 9 kg.<br \/>\nIdeaalne valik avalikesse ruumidesse, haiglatesse, hooldekodudesse ja muudele kohtadele, kus on vaja vastupidavat ja h\u00fcgieenilist lahendust.<\/p>\n","protected":false},"featured_media":62250,"template":"","meta":{"_acf_changed":false},"product_brand":[],"product_cat":[1814,1978],"product_tag":[],"class_list":{"0":"post-62255","1":"product","2":"type-product","3":"status-publish","4":"has-post-thumbnail","6":"product_cat-dispensers","7":"product_cat-mirrors-and-glass-walls","9":"first","10":"outofstock","11":"taxable","12":"shipping-taxable","13":"purchasable","14":"product-type-simple"},"acf":[],"yoast_head":"<!-- This site is optimized with the Yoast SEO plugin v27.5 - https:\/\/yoast.com\/product\/yoast-seo-wordpress\/ -->\n<title>Peegel kallutatav +\/- 15\u00ba m\u00f5\u00f5dud 600x540x90mm RST DWAG-BA300 &#8212; Easy Star O\u00dc<\/title>\n<meta name=\"robots\" content=\"index, follow, max-snippet:-1, max-image-preview:large, max-video-preview:-1\" \/>\n<link rel=\"canonical\" href=\"https:\/\/easystar.ee\/en\/toode\/peegel-kallutatav-15o-moodud-600x540x90mm-rst-dwag-ba300\/\" \/>\n<meta property=\"og:locale\" content=\"en_US\" \/>\n<meta property=\"og:type\" content=\"article\" \/>\n<meta property=\"og:title\" content=\"Peegel kallutatav +\/- 15\u00ba m\u00f5\u00f5dud 600x540x90mm RST DWAG-BA300 &#8212; Easy Star O\u00dc\" \/>\n<meta property=\"og:description\" content=\"Reguleeritav roostevabast terasest peegel BA300 Reguleeritav peegel BA300 on valmistatud kvaliteetsest roostevabast terasest (AISI 304), pakkudes vastupidavust ja kergesti hooldatavat pinda. Peegel on varustatud satiinviimistlusega juhtkangiga, mida saab paigaldada nii vasakule kui ka paremale. Peegli kallet saab sujuvalt reguleerida vahemikus +\/- 15\u00b0, muutes selle sobivaks erinevatele kasutajatele ja vajadustele. Paigaldamine on lihtne \u2013 peegel kinnitatakse nelja kruviga l\u00e4bi v\u00f5tmeaukude ning lisaks on olemas vargusevastane kinnitusv\u00f5imalus. Komplektis sisaldub ka paigaldusmaterjal. Peegli m\u00f5\u00f5tmed on 600 x 540 x 90 mm ning kaal 9 kg. Ideaalne valik avalikesse ruumidesse, haiglatesse, hooldekodudesse ja muudele kohtadele, kus on vaja vastupidavat ja h\u00fcgieenilist lahendust.\" \/>\n<meta property=\"og:url\" content=\"https:\/\/easystar.ee\/en\/toode\/peegel-kallutatav-15o-moodud-600x540x90mm-rst-dwag-ba300\/\" \/>\n<meta property=\"og:site_name\" content=\"Easy Star O\u00dc\" \/>\n<meta property=\"article:modified_time\" content=\"2025-10-30T02:03:43+00:00\" \/>\n<meta property=\"og:image\" content=\"https:\/\/easystar.ee\/wp-content\/uploads\/2025\/08\/dwag-ba300.jpg\" \/>\n\t<meta property=\"og:image:width\" content=\"320\" \/>\n\t<meta property=\"og:image:height\" content=\"347\" \/>\n\t<meta property=\"og:image:type\" content=\"image\/jpeg\" \/>\n<meta name=\"twitter:card\" content=\"summary_large_image\" \/>\n<script type=\"application\/ld+json\" class=\"yoast-schema-graph\">{\"@context\":\"https:\\\/\\\/schema.org\",\"@graph\":[{\"@type\":\"WebPage\",\"@id\":\"https:\\\/\\\/easystar.ee\\\/en\\\/toode\\\/peegel-kallutatav-15o-moodud-600x540x90mm-rst-dwag-ba300\\\/\",\"url\":\"https:\\\/\\\/easystar.ee\\\/en\\\/toode\\\/peegel-kallutatav-15o-moodud-600x540x90mm-rst-dwag-ba300\\\/\",\"name\":\"Peegel kallutatav +\\\/- 15\u00ba m\u00f5\u00f5dud 600x540x90mm RST DWAG-BA300 &#8212; Easy Star O\u00dc\",\"isPartOf\":{\"@id\":\"https:\\\/\\\/easystar.ee\\\/#website\"},\"primaryImageOfPage\":{\"@id\":\"https:\\\/\\\/easystar.ee\\\/en\\\/toode\\\/peegel-kallutatav-15o-moodud-600x540x90mm-rst-dwag-ba300\\\/#primaryimage\"},\"image\":{\"@id\":\"https:\\\/\\\/easystar.ee\\\/en\\\/toode\\\/peegel-kallutatav-15o-moodud-600x540x90mm-rst-dwag-ba300\\\/#primaryimage\"},\"thumbnailUrl\":\"https:\\\/\\\/easystar.ee\\\/wp-content\\\/uploads\\\/2025\\\/08\\\/dwag-ba300.jpg\",\"datePublished\":\"2025-08-14T01:30:01+00:00\",\"dateModified\":\"2025-10-30T02:03:43+00:00\",\"breadcrumb\":{\"@id\":\"https:\\\/\\\/easystar.ee\\\/en\\\/toode\\\/peegel-kallutatav-15o-moodud-600x540x90mm-rst-dwag-ba300\\\/#breadcrumb\"},\"inLanguage\":\"en-US\",\"potentialAction\":[{\"@type\":\"ReadAction\",\"target\":[\"https:\\\/\\\/easystar.ee\\\/en\\\/toode\\\/peegel-kallutatav-15o-moodud-600x540x90mm-rst-dwag-ba300\\\/\"]}]},{\"@type\":\"ImageObject\",\"inLanguage\":\"en-US\",\"@id\":\"https:\\\/\\\/easystar.ee\\\/en\\\/toode\\\/peegel-kallutatav-15o-moodud-600x540x90mm-rst-dwag-ba300\\\/#primaryimage\",\"url\":\"https:\\\/\\\/easystar.ee\\\/wp-content\\\/uploads\\\/2025\\\/08\\\/dwag-ba300.jpg\",\"contentUrl\":\"https:\\\/\\\/easystar.ee\\\/wp-content\\\/uploads\\\/2025\\\/08\\\/dwag-ba300.jpg\",\"width\":320,\"height\":347},{\"@type\":\"BreadcrumbList\",\"@id\":\"https:\\\/\\\/easystar.ee\\\/en\\\/toode\\\/peegel-kallutatav-15o-moodud-600x540x90mm-rst-dwag-ba300\\\/#breadcrumb\",\"itemListElement\":[{\"@type\":\"ListItem\",\"position\":1,\"name\":\"Home\",\"item\":\"https:\\\/\\\/easystar.ee\\\/ru\\\/\"},{\"@type\":\"ListItem\",\"position\":2,\"name\":\"Shop\",\"item\":\"https:\\\/\\\/easystar.ee\\\/tooted\\\/\"},{\"@type\":\"ListItem\",\"position\":3,\"name\":\"Peegel kallutatav +\\\/- 15\u00ba m\u00f5\u00f5dud 600x540x90mm RST DWAG-BA300\"}]},{\"@type\":\"WebSite\",\"@id\":\"https:\\\/\\\/easystar.ee\\\/#website\",\"url\":\"https:\\\/\\\/easystar.ee\\\/\",\"name\":\"Easystar.ee\",\"description\":\"\",\"publisher\":{\"@id\":\"https:\\\/\\\/easystar.ee\\\/#organization\"},\"alternateName\":\"Keskkonnas\u00f5bralikud pehmepaberitooted teie kontorisse\",\"potentialAction\":[{\"@type\":\"SearchAction\",\"target\":{\"@type\":\"EntryPoint\",\"urlTemplate\":\"https:\\\/\\\/easystar.ee\\\/?s={search_term_string}\"},\"query-input\":{\"@type\":\"PropertyValueSpecification\",\"valueRequired\":true,\"valueName\":\"search_term_string\"}}],\"inLanguage\":\"en-US\"},{\"@type\":\"Organization\",\"@id\":\"https:\\\/\\\/easystar.ee\\\/#organization\",\"name\":\"Easy Star O\u00dc\",\"url\":\"https:\\\/\\\/easystar.ee\\\/\",\"logo\":{\"@type\":\"ImageObject\",\"inLanguage\":\"en-US\",\"@id\":\"https:\\\/\\\/easystar.ee\\\/#\\\/schema\\\/logo\\\/image\\\/\",\"url\":\"https:\\\/\\\/easystar.ee\\\/wp-content\\\/uploads\\\/2024\\\/03\\\/easystar-logo.svg\",\"contentUrl\":\"https:\\\/\\\/easystar.ee\\\/wp-content\\\/uploads\\\/2024\\\/03\\\/easystar-logo.svg\",\"width\":2000,\"height\":2000,\"caption\":\"Easy Star O\u00dc\"},\"image\":{\"@id\":\"https:\\\/\\\/easystar.ee\\\/#\\\/schema\\\/logo\\\/image\\\/\"}}]}<\/script>\n<!-- \/ Yoast SEO plugin. -->","yoast_head_json":{"title":"Peegel kallutatav +\/- 15\u00ba m\u00f5\u00f5dud 600x540x90mm RST DWAG-BA300 &#8212; Easy Star O\u00dc","robots":{"index":"index","follow":"follow","max-snippet":"max-snippet:-1","max-image-preview":"max-image-preview:large","max-video-preview":"max-video-preview:-1"},"canonical":"https:\/\/easystar.ee\/en\/toode\/peegel-kallutatav-15o-moodud-600x540x90mm-rst-dwag-ba300\/","og_locale":"en_US","og_type":"article","og_title":"Peegel kallutatav +\/- 15\u00ba m\u00f5\u00f5dud 600x540x90mm RST DWAG-BA300 &#8212; Easy Star O\u00dc","og_description":"Reguleeritav roostevabast terasest peegel BA300 Reguleeritav peegel BA300 on valmistatud kvaliteetsest roostevabast terasest (AISI 304), pakkudes vastupidavust ja kergesti hooldatavat pinda. Peegel on varustatud satiinviimistlusega juhtkangiga, mida saab paigaldada nii vasakule kui ka paremale. Peegli kallet saab sujuvalt reguleerida vahemikus +\/- 15\u00b0, muutes selle sobivaks erinevatele kasutajatele ja vajadustele. Paigaldamine on lihtne \u2013 peegel kinnitatakse nelja kruviga l\u00e4bi v\u00f5tmeaukude ning lisaks on olemas vargusevastane kinnitusv\u00f5imalus. Komplektis sisaldub ka paigaldusmaterjal. Peegli m\u00f5\u00f5tmed on 600 x 540 x 90 mm ning kaal 9 kg. Ideaalne valik avalikesse ruumidesse, haiglatesse, hooldekodudesse ja muudele kohtadele, kus on vaja vastupidavat ja h\u00fcgieenilist lahendust.","og_url":"https:\/\/easystar.ee\/en\/toode\/peegel-kallutatav-15o-moodud-600x540x90mm-rst-dwag-ba300\/","og_site_name":"Easy Star O\u00dc","article_modified_time":"2025-10-30T02:03:43+00:00","og_image":[{"width":320,"height":347,"url":"https:\/\/easystar.ee\/wp-content\/uploads\/2025\/08\/dwag-ba300.jpg","type":"image\/jpeg"}],"twitter_card":"summary_large_image","schema":{"@context":"https:\/\/schema.org","@graph":[{"@type":"WebPage","@id":"https:\/\/easystar.ee\/en\/toode\/peegel-kallutatav-15o-moodud-600x540x90mm-rst-dwag-ba300\/","url":"https:\/\/easystar.ee\/en\/toode\/peegel-kallutatav-15o-moodud-600x540x90mm-rst-dwag-ba300\/","name":"Peegel kallutatav +\/- 15\u00ba m\u00f5\u00f5dud 600x540x90mm RST DWAG-BA300 &#8212; Easy Star O\u00dc","isPartOf":{"@id":"https:\/\/easystar.ee\/#website"},"primaryImageOfPage":{"@id":"https:\/\/easystar.ee\/en\/toode\/peegel-kallutatav-15o-moodud-600x540x90mm-rst-dwag-ba300\/#primaryimage"},"image":{"@id":"https:\/\/easystar.ee\/en\/toode\/peegel-kallutatav-15o-moodud-600x540x90mm-rst-dwag-ba300\/#primaryimage"},"thumbnailUrl":"https:\/\/easystar.ee\/wp-content\/uploads\/2025\/08\/dwag-ba300.jpg","datePublished":"2025-08-14T01:30:01+00:00","dateModified":"2025-10-30T02:03:43+00:00","breadcrumb":{"@id":"https:\/\/easystar.ee\/en\/toode\/peegel-kallutatav-15o-moodud-600x540x90mm-rst-dwag-ba300\/#breadcrumb"},"inLanguage":"en-US","potentialAction":[{"@type":"ReadAction","target":["https:\/\/easystar.ee\/en\/toode\/peegel-kallutatav-15o-moodud-600x540x90mm-rst-dwag-ba300\/"]}]},{"@type":"ImageObject","inLanguage":"en-US","@id":"https:\/\/easystar.ee\/en\/toode\/peegel-kallutatav-15o-moodud-600x540x90mm-rst-dwag-ba300\/#primaryimage","url":"https:\/\/easystar.ee\/wp-content\/uploads\/2025\/08\/dwag-ba300.jpg","contentUrl":"https:\/\/easystar.ee\/wp-content\/uploads\/2025\/08\/dwag-ba300.jpg","width":320,"height":347},{"@type":"BreadcrumbList","@id":"https:\/\/easystar.ee\/en\/toode\/peegel-kallutatav-15o-moodud-600x540x90mm-rst-dwag-ba300\/#breadcrumb","itemListElement":[{"@type":"ListItem","position":1,"name":"Home","item":"https:\/\/easystar.ee\/ru\/"},{"@type":"ListItem","position":2,"name":"Shop","item":"https:\/\/easystar.ee\/tooted\/"},{"@type":"ListItem","position":3,"name":"Peegel kallutatav +\/- 15\u00ba m\u00f5\u00f5dud 600x540x90mm RST DWAG-BA300"}]},{"@type":"WebSite","@id":"https:\/\/easystar.ee\/#website","url":"https:\/\/easystar.ee\/","name":"Easystar.ee","description":"","publisher":{"@id":"https:\/\/easystar.ee\/#organization"},"alternateName":"Keskkonnas\u00f5bralikud pehmepaberitooted teie kontorisse","potentialAction":[{"@type":"SearchAction","target":{"@type":"EntryPoint","urlTemplate":"https:\/\/easystar.ee\/?s={search_term_string}"},"query-input":{"@type":"PropertyValueSpecification","valueRequired":true,"valueName":"search_term_string"}}],"inLanguage":"en-US"},{"@type":"Organization","@id":"https:\/\/easystar.ee\/#organization","name":"Easy Star O\u00dc","url":"https:\/\/easystar.ee\/","logo":{"@type":"ImageObject","inLanguage":"en-US","@id":"https:\/\/easystar.ee\/#\/schema\/logo\/image\/","url":"https:\/\/easystar.ee\/wp-content\/uploads\/2024\/03\/easystar-logo.svg","contentUrl":"https:\/\/easystar.ee\/wp-content\/uploads\/2024\/03\/easystar-logo.svg","width":2000,"height":2000,"caption":"Easy Star O\u00dc"},"image":{"@id":"https:\/\/easystar.ee\/#\/schema\/logo\/image\/"}}]}},"_links":{"self":[{"href":"https:\/\/easystar.ee\/en\/wp-json\/wp\/v2\/product\/62255","targetHints":{"allow":["GET"]}}],"collection":[{"href":"https:\/\/easystar.ee\/en\/wp-json\/wp\/v2\/product"}],"about":[{"href":"https:\/\/easystar.ee\/en\/wp-json\/wp\/v2\/types\/product"}],"wp:featuredmedia":[{"embeddable":true,"href":"https:\/\/easystar.ee\/en\/wp-json\/wp\/v2\/media\/62250"}],"wp:attachment":[{"href":"https:\/\/easystar.ee\/en\/wp-json\/wp\/v2\/media?parent=62255"}],"wp:term":[{"taxonomy":"product_brand","embeddable":true,"href":"https:\/\/easystar.ee\/en\/wp-json\/wp\/v2\/product_brand?post=62255"},{"taxonomy":"product_cat","embeddable":true,"href":"https:\/\/easystar.ee\/en\/wp-json\/wp\/v2\/product_cat?post=62255"},{"taxonomy":"product_tag","embeddable":true,"href":"https:\/\/easystar.ee\/en\/wp-json\/wp\/v2\/product_tag?post=62255"}],"curies":[{"name":"wp","href":"https:\/\/api.w.org\/{rel}","templated":true}]}}