{"id":62238,"date":"2025-08-13T01:30:06","date_gmt":"2025-08-13T01:30:06","guid":{"rendered":"https:\/\/easystar.ee\/toode\/calgoknight-microclean-bath-500ml-ph2-k78811600\/"},"modified":"2025-10-30T02:03:40","modified_gmt":"2025-10-30T02:03:40","slug":"calgoknight-microclean-bath-500ml-ph2-k78811600","status":"publish","type":"product","link":"https:\/\/easystar.ee\/en\/toode\/calgoknight-microclean-bath-500ml-ph2-k78811600\/","title":{"rendered":"CalgoKnight microClean bath 500ml pH2 K78811600"},"content":{"rendered":"","protected":false},"excerpt":{"rendered":"<p>Mikrobioloogiline vannitoa puhastusvahend. * Vannitoa k\u00f5ikide pindade loomulik puhastus. * Eemaldab mustuse ja l\u00f5hnad. * Tugev katlakivi ja sette vastu. * \u00d6konoomne kasutamisel.<br \/>\ncalgoKnight microClean vannipuhastusvahend on looduslik puhastusvahend katlakivi lahustavate omadustega, mis p\u00f5hineb mikroorganismidel, taimsetel pindaktiivsetel ainetel ja orgaanilistel hapetel. See sobib k\u00f5ikidele p\u00fchitavatele pindadele sanitaarruumides, nagu keraamika, plaadid, plastik ja klaas. Mikroorganismid v\u00f5imendavad teiste koostisosade puhastavat toimet ja takistavad kahjulike bakterite levikut, s\u00e4ilitades seel\u00e4bi vannitoas pikaajalise v\u00e4rskuse. See toode ei sisalda geneetiliselt muundatud mikroorganisme ega alkoholi, kloori ega mikroplasti.<br \/>\nKoostis: mitteioonsed pindaktiivsed ained &lt; 5%, orgaanilised happed, mikroorganismid, l\u00f5hnaained.<br \/>\nKasutus: Enne kasutamist loksutage pudelit v\u00f5i kanistrit. Pihustamine: 40\u2013100 ml 1 liitri leige vee kohta. K\u00e4sitsi puhastamine: Lisage 50\u2013100 ml 10-liitrisesse leige veega \u00e4mbrisse. Klaasipuhastus: 20 ml 1 liitri vee kohta. Valmis lahus tuleb \u00e4ra kasutada 2\u20133 p\u00e4eva jooksul. Tugeva m\u00e4\u00e4rdumise korral kandke peale puhast vahendit, laske 10\u201315 minutit m\u00f5juda ja loputage veega. CalgoKnight microClean vanni sobib kasutada k\u00f5igil tavalistel happekindlatel materjalidel sanitaarruumis.<br \/>\nV\u00e4rvus: h\u00e4gune, pruunikas vedelik. L\u00f5hn: kergelt hapukas. pH 2 s\u00e4ilitada: 10\u201325 \u00b0C<\/p>\n","protected":false},"featured_media":62236,"template":"","meta":{"_acf_changed":false},"product_brand":[],"product_cat":[1987,1829],"product_tag":[],"class_list":{"0":"post-62238","1":"product","2":"type-product","3":"status-publish","4":"has-post-thumbnail","6":"product_cat-acidic-sanitary-limescale-stainless-steel","7":"product_cat-cleaning-chemicals","9":"first","10":"instock","11":"taxable","12":"shipping-taxable","13":"purchasable","14":"product-type-simple"},"acf":[],"yoast_head":"<!-- This site is optimized with the Yoast SEO plugin v27.3 - https:\/\/yoast.com\/product\/yoast-seo-wordpress\/ -->\n<title>CalgoKnight microClean bath 500ml pH2 K78811600 &#8212; Easy Star O\u00dc<\/title>\n<meta name=\"robots\" content=\"index, follow, max-snippet:-1, max-image-preview:large, max-video-preview:-1\" \/>\n<link rel=\"canonical\" href=\"https:\/\/easystar.ee\/en\/toode\/calgoknight-microclean-bath-500ml-ph2-k78811600\/\" \/>\n<meta property=\"og:locale\" content=\"en_US\" \/>\n<meta property=\"og:type\" content=\"article\" \/>\n<meta property=\"og:title\" content=\"CalgoKnight microClean bath 500ml pH2 K78811600 &#8212; Easy Star O\u00dc\" \/>\n<meta property=\"og:description\" content=\"Mikrobioloogiline vannitoa puhastusvahend. * Vannitoa k\u00f5ikide pindade loomulik puhastus. * Eemaldab mustuse ja l\u00f5hnad. * Tugev katlakivi ja sette vastu. * \u00d6konoomne kasutamisel. calgoKnight microClean vannipuhastusvahend on looduslik puhastusvahend katlakivi lahustavate omadustega, mis p\u00f5hineb mikroorganismidel, taimsetel pindaktiivsetel ainetel ja orgaanilistel hapetel. See sobib k\u00f5ikidele p\u00fchitavatele pindadele sanitaarruumides, nagu keraamika, plaadid, plastik ja klaas. Mikroorganismid v\u00f5imendavad teiste koostisosade puhastavat toimet ja takistavad kahjulike bakterite levikut, s\u00e4ilitades seel\u00e4bi vannitoas pikaajalise v\u00e4rskuse. See toode ei sisalda geneetiliselt muundatud mikroorganisme ega alkoholi, kloori ega mikroplasti. Koostis: mitteioonsed pindaktiivsed ained &lt; 5%, orgaanilised happed, mikroorganismid, l\u00f5hnaained.  Kasutus: Enne kasutamist loksutage pudelit v\u00f5i kanistrit. Pihustamine: 40\u2013100 ml 1 liitri leige vee kohta. K\u00e4sitsi puhastamine: Lisage 50\u2013100 ml 10-liitrisesse leige veega \u00e4mbrisse. Klaasipuhastus: 20 ml 1 liitri vee kohta. Valmis lahus tuleb \u00e4ra kasutada 2\u20133 p\u00e4eva jooksul. Tugeva m\u00e4\u00e4rdumise korral kandke peale puhast vahendit, laske 10\u201315 minutit m\u00f5juda ja loputage veega. CalgoKnight microClean vanni sobib kasutada k\u00f5igil tavalistel happekindlatel materjalidel sanitaarruumis.  V\u00e4rvus: h\u00e4gune, pruunikas vedelik. L\u00f5hn: kergelt hapukas. pH 2 s\u00e4ilitada: 10\u201325 \u00b0C\" \/>\n<meta property=\"og:url\" content=\"https:\/\/easystar.ee\/en\/toode\/calgoknight-microclean-bath-500ml-ph2-k78811600\/\" \/>\n<meta property=\"og:site_name\" content=\"Easy Star O\u00dc\" \/>\n<meta property=\"article:modified_time\" content=\"2025-10-30T02:03:40+00:00\" \/>\n<meta property=\"og:image\" content=\"https:\/\/easystar.ee\/wp-content\/uploads\/2025\/08\/calgoknight_microclean_bath.jpg\" \/>\n\t<meta property=\"og:image:width\" content=\"244\" \/>\n\t<meta property=\"og:image:height\" content=\"655\" \/>\n\t<meta property=\"og:image:type\" content=\"image\/jpeg\" \/>\n<meta name=\"twitter:card\" content=\"summary_large_image\" \/>\n<script type=\"application\/ld+json\" class=\"yoast-schema-graph\">{\"@context\":\"https:\\\/\\\/schema.org\",\"@graph\":[{\"@type\":\"WebPage\",\"@id\":\"https:\\\/\\\/easystar.ee\\\/en\\\/toode\\\/calgoknight-microclean-bath-500ml-ph2-k78811600\\\/\",\"url\":\"https:\\\/\\\/easystar.ee\\\/en\\\/toode\\\/calgoknight-microclean-bath-500ml-ph2-k78811600\\\/\",\"name\":\"CalgoKnight microClean bath 500ml pH2 K78811600 &#8212; Easy Star O\u00dc\",\"isPartOf\":{\"@id\":\"https:\\\/\\\/easystar.ee\\\/#website\"},\"primaryImageOfPage\":{\"@id\":\"https:\\\/\\\/easystar.ee\\\/en\\\/toode\\\/calgoknight-microclean-bath-500ml-ph2-k78811600\\\/#primaryimage\"},\"image\":{\"@id\":\"https:\\\/\\\/easystar.ee\\\/en\\\/toode\\\/calgoknight-microclean-bath-500ml-ph2-k78811600\\\/#primaryimage\"},\"thumbnailUrl\":\"https:\\\/\\\/easystar.ee\\\/wp-content\\\/uploads\\\/2025\\\/08\\\/calgoknight_microclean_bath.jpg\",\"datePublished\":\"2025-08-13T01:30:06+00:00\",\"dateModified\":\"2025-10-30T02:03:40+00:00\",\"breadcrumb\":{\"@id\":\"https:\\\/\\\/easystar.ee\\\/en\\\/toode\\\/calgoknight-microclean-bath-500ml-ph2-k78811600\\\/#breadcrumb\"},\"inLanguage\":\"en-US\",\"potentialAction\":[{\"@type\":\"ReadAction\",\"target\":[\"https:\\\/\\\/easystar.ee\\\/en\\\/toode\\\/calgoknight-microclean-bath-500ml-ph2-k78811600\\\/\"]}]},{\"@type\":\"ImageObject\",\"inLanguage\":\"en-US\",\"@id\":\"https:\\\/\\\/easystar.ee\\\/en\\\/toode\\\/calgoknight-microclean-bath-500ml-ph2-k78811600\\\/#primaryimage\",\"url\":\"https:\\\/\\\/easystar.ee\\\/wp-content\\\/uploads\\\/2025\\\/08\\\/calgoknight_microclean_bath.jpg\",\"contentUrl\":\"https:\\\/\\\/easystar.ee\\\/wp-content\\\/uploads\\\/2025\\\/08\\\/calgoknight_microclean_bath.jpg\",\"width\":244,\"height\":655},{\"@type\":\"BreadcrumbList\",\"@id\":\"https:\\\/\\\/easystar.ee\\\/en\\\/toode\\\/calgoknight-microclean-bath-500ml-ph2-k78811600\\\/#breadcrumb\",\"itemListElement\":[{\"@type\":\"ListItem\",\"position\":1,\"name\":\"Home\",\"item\":\"https:\\\/\\\/easystar.ee\\\/ru\\\/\"},{\"@type\":\"ListItem\",\"position\":2,\"name\":\"Shop\",\"item\":\"https:\\\/\\\/easystar.ee\\\/tooted\\\/\"},{\"@type\":\"ListItem\",\"position\":3,\"name\":\"CalgoKnight microClean bath 500ml pH2 K78811600\"}]},{\"@type\":\"WebSite\",\"@id\":\"https:\\\/\\\/easystar.ee\\\/#website\",\"url\":\"https:\\\/\\\/easystar.ee\\\/\",\"name\":\"Easystar.ee\",\"description\":\"\",\"publisher\":{\"@id\":\"https:\\\/\\\/easystar.ee\\\/#organization\"},\"alternateName\":\"Keskkonnas\u00f5bralikud pehmepaberitooted teie kontorisse\",\"potentialAction\":[{\"@type\":\"SearchAction\",\"target\":{\"@type\":\"EntryPoint\",\"urlTemplate\":\"https:\\\/\\\/easystar.ee\\\/?s={search_term_string}\"},\"query-input\":{\"@type\":\"PropertyValueSpecification\",\"valueRequired\":true,\"valueName\":\"search_term_string\"}}],\"inLanguage\":\"en-US\"},{\"@type\":\"Organization\",\"@id\":\"https:\\\/\\\/easystar.ee\\\/#organization\",\"name\":\"Easy Star O\u00dc\",\"url\":\"https:\\\/\\\/easystar.ee\\\/\",\"logo\":{\"@type\":\"ImageObject\",\"inLanguage\":\"en-US\",\"@id\":\"https:\\\/\\\/easystar.ee\\\/#\\\/schema\\\/logo\\\/image\\\/\",\"url\":\"https:\\\/\\\/easystar.ee\\\/wp-content\\\/uploads\\\/2024\\\/03\\\/easystar-logo.svg\",\"contentUrl\":\"https:\\\/\\\/easystar.ee\\\/wp-content\\\/uploads\\\/2024\\\/03\\\/easystar-logo.svg\",\"width\":2000,\"height\":2000,\"caption\":\"Easy Star O\u00dc\"},\"image\":{\"@id\":\"https:\\\/\\\/easystar.ee\\\/#\\\/schema\\\/logo\\\/image\\\/\"}}]}<\/script>\n<!-- \/ Yoast SEO plugin. -->","yoast_head_json":{"title":"CalgoKnight microClean bath 500ml pH2 K78811600 &#8212; Easy Star O\u00dc","robots":{"index":"index","follow":"follow","max-snippet":"max-snippet:-1","max-image-preview":"max-image-preview:large","max-video-preview":"max-video-preview:-1"},"canonical":"https:\/\/easystar.ee\/en\/toode\/calgoknight-microclean-bath-500ml-ph2-k78811600\/","og_locale":"en_US","og_type":"article","og_title":"CalgoKnight microClean bath 500ml pH2 K78811600 &#8212; Easy Star O\u00dc","og_description":"Mikrobioloogiline vannitoa puhastusvahend. * Vannitoa k\u00f5ikide pindade loomulik puhastus. * Eemaldab mustuse ja l\u00f5hnad. * Tugev katlakivi ja sette vastu. * \u00d6konoomne kasutamisel. calgoKnight microClean vannipuhastusvahend on looduslik puhastusvahend katlakivi lahustavate omadustega, mis p\u00f5hineb mikroorganismidel, taimsetel pindaktiivsetel ainetel ja orgaanilistel hapetel. See sobib k\u00f5ikidele p\u00fchitavatele pindadele sanitaarruumides, nagu keraamika, plaadid, plastik ja klaas. Mikroorganismid v\u00f5imendavad teiste koostisosade puhastavat toimet ja takistavad kahjulike bakterite levikut, s\u00e4ilitades seel\u00e4bi vannitoas pikaajalise v\u00e4rskuse. See toode ei sisalda geneetiliselt muundatud mikroorganisme ega alkoholi, kloori ega mikroplasti. Koostis: mitteioonsed pindaktiivsed ained &lt; 5%, orgaanilised happed, mikroorganismid, l\u00f5hnaained.  Kasutus: Enne kasutamist loksutage pudelit v\u00f5i kanistrit. Pihustamine: 40\u2013100 ml 1 liitri leige vee kohta. K\u00e4sitsi puhastamine: Lisage 50\u2013100 ml 10-liitrisesse leige veega \u00e4mbrisse. Klaasipuhastus: 20 ml 1 liitri vee kohta. Valmis lahus tuleb \u00e4ra kasutada 2\u20133 p\u00e4eva jooksul. Tugeva m\u00e4\u00e4rdumise korral kandke peale puhast vahendit, laske 10\u201315 minutit m\u00f5juda ja loputage veega. CalgoKnight microClean vanni sobib kasutada k\u00f5igil tavalistel happekindlatel materjalidel sanitaarruumis.  V\u00e4rvus: h\u00e4gune, pruunikas vedelik. L\u00f5hn: kergelt hapukas. pH 2 s\u00e4ilitada: 10\u201325 \u00b0C","og_url":"https:\/\/easystar.ee\/en\/toode\/calgoknight-microclean-bath-500ml-ph2-k78811600\/","og_site_name":"Easy Star O\u00dc","article_modified_time":"2025-10-30T02:03:40+00:00","og_image":[{"width":244,"height":655,"url":"https:\/\/easystar.ee\/wp-content\/uploads\/2025\/08\/calgoknight_microclean_bath.jpg","type":"image\/jpeg"}],"twitter_card":"summary_large_image","schema":{"@context":"https:\/\/schema.org","@graph":[{"@type":"WebPage","@id":"https:\/\/easystar.ee\/en\/toode\/calgoknight-microclean-bath-500ml-ph2-k78811600\/","url":"https:\/\/easystar.ee\/en\/toode\/calgoknight-microclean-bath-500ml-ph2-k78811600\/","name":"CalgoKnight microClean bath 500ml pH2 K78811600 &#8212; Easy Star O\u00dc","isPartOf":{"@id":"https:\/\/easystar.ee\/#website"},"primaryImageOfPage":{"@id":"https:\/\/easystar.ee\/en\/toode\/calgoknight-microclean-bath-500ml-ph2-k78811600\/#primaryimage"},"image":{"@id":"https:\/\/easystar.ee\/en\/toode\/calgoknight-microclean-bath-500ml-ph2-k78811600\/#primaryimage"},"thumbnailUrl":"https:\/\/easystar.ee\/wp-content\/uploads\/2025\/08\/calgoknight_microclean_bath.jpg","datePublished":"2025-08-13T01:30:06+00:00","dateModified":"2025-10-30T02:03:40+00:00","breadcrumb":{"@id":"https:\/\/easystar.ee\/en\/toode\/calgoknight-microclean-bath-500ml-ph2-k78811600\/#breadcrumb"},"inLanguage":"en-US","potentialAction":[{"@type":"ReadAction","target":["https:\/\/easystar.ee\/en\/toode\/calgoknight-microclean-bath-500ml-ph2-k78811600\/"]}]},{"@type":"ImageObject","inLanguage":"en-US","@id":"https:\/\/easystar.ee\/en\/toode\/calgoknight-microclean-bath-500ml-ph2-k78811600\/#primaryimage","url":"https:\/\/easystar.ee\/wp-content\/uploads\/2025\/08\/calgoknight_microclean_bath.jpg","contentUrl":"https:\/\/easystar.ee\/wp-content\/uploads\/2025\/08\/calgoknight_microclean_bath.jpg","width":244,"height":655},{"@type":"BreadcrumbList","@id":"https:\/\/easystar.ee\/en\/toode\/calgoknight-microclean-bath-500ml-ph2-k78811600\/#breadcrumb","itemListElement":[{"@type":"ListItem","position":1,"name":"Home","item":"https:\/\/easystar.ee\/ru\/"},{"@type":"ListItem","position":2,"name":"Shop","item":"https:\/\/easystar.ee\/tooted\/"},{"@type":"ListItem","position":3,"name":"CalgoKnight microClean bath 500ml pH2 K78811600"}]},{"@type":"WebSite","@id":"https:\/\/easystar.ee\/#website","url":"https:\/\/easystar.ee\/","name":"Easystar.ee","description":"","publisher":{"@id":"https:\/\/easystar.ee\/#organization"},"alternateName":"Keskkonnas\u00f5bralikud pehmepaberitooted teie kontorisse","potentialAction":[{"@type":"SearchAction","target":{"@type":"EntryPoint","urlTemplate":"https:\/\/easystar.ee\/?s={search_term_string}"},"query-input":{"@type":"PropertyValueSpecification","valueRequired":true,"valueName":"search_term_string"}}],"inLanguage":"en-US"},{"@type":"Organization","@id":"https:\/\/easystar.ee\/#organization","name":"Easy Star O\u00dc","url":"https:\/\/easystar.ee\/","logo":{"@type":"ImageObject","inLanguage":"en-US","@id":"https:\/\/easystar.ee\/#\/schema\/logo\/image\/","url":"https:\/\/easystar.ee\/wp-content\/uploads\/2024\/03\/easystar-logo.svg","contentUrl":"https:\/\/easystar.ee\/wp-content\/uploads\/2024\/03\/easystar-logo.svg","width":2000,"height":2000,"caption":"Easy Star O\u00dc"},"image":{"@id":"https:\/\/easystar.ee\/#\/schema\/logo\/image\/"}}]}},"_links":{"self":[{"href":"https:\/\/easystar.ee\/en\/wp-json\/wp\/v2\/product\/62238","targetHints":{"allow":["GET"]}}],"collection":[{"href":"https:\/\/easystar.ee\/en\/wp-json\/wp\/v2\/product"}],"about":[{"href":"https:\/\/easystar.ee\/en\/wp-json\/wp\/v2\/types\/product"}],"wp:featuredmedia":[{"embeddable":true,"href":"https:\/\/easystar.ee\/en\/wp-json\/wp\/v2\/media\/62236"}],"wp:attachment":[{"href":"https:\/\/easystar.ee\/en\/wp-json\/wp\/v2\/media?parent=62238"}],"wp:term":[{"taxonomy":"product_brand","embeddable":true,"href":"https:\/\/easystar.ee\/en\/wp-json\/wp\/v2\/product_brand?post=62238"},{"taxonomy":"product_cat","embeddable":true,"href":"https:\/\/easystar.ee\/en\/wp-json\/wp\/v2\/product_cat?post=62238"},{"taxonomy":"product_tag","embeddable":true,"href":"https:\/\/easystar.ee\/en\/wp-json\/wp\/v2\/product_tag?post=62238"}],"curies":[{"name":"wp","href":"https:\/\/api.w.org\/{rel}","templated":true}]}}