{"id":62220,"date":"2025-08-13T01:30:03","date_gmt":"2025-08-13T01:30:03","guid":{"rendered":"https:\/\/easystar.ee\/toode\/calgoknight-odoactive-750-ml-ph8-k78813600\/"},"modified":"2026-01-20T01:30:04","modified_gmt":"2026-01-20T01:30:04","slug":"calgoknight-odoactive-750-ml-ph8-k78813600","status":"publish","type":"product","link":"https:\/\/easystar.ee\/en\/toode\/calgoknight-odoactive-750-ml-ph8-k78813600\/","title":{"rendered":"CalgoKnight odoActive 750 ml pH8 K78813600"},"content":{"rendered":"","protected":false},"excerpt":{"rendered":"<p>Looduslikul alusel mikroorganismidega l\u00f5hnaeemaldaja: * Neutraliseerib laia spektri ebameeldivaid l\u00f5hnu * Topeltefekt: seob l\u00f5hnamolekule ja lagundab need * Pikaajaline toime mikroorganismide kaudu * \u00d5rn pindadele ja keskkonnale.<br \/>\ncalgoKnight odoActive on kasutusvalmis l\u00f5hnaeemaldaja, mis sisaldab biolagunevaid toimeaineid ja looduslikke bakterikultuure. Esmalt seotakse ja neutraliseeritakse olemasolevad l\u00f5hnad. Seej\u00e4rel tagavad probiootilised mikroorganismid pikaajalise toime. Need lagundavad ebameeldivaid l\u00f5hnu ja takistavad uute l\u00f5hnade teket, p\u00e4rssides teiste mikroorganismide kasvu. Toode j\u00e4tab maha ka meeldiva l\u00f5hna. calgoKnight odoActive on efektiivne mitmesuguste l\u00f5hnade, n\u00e4iteks j\u00e4\u00e4tmete, nikotiini, uriini ja lemmikloomade l\u00f5hna neutraliseerimisel. Tootel on lai valik \u00e4rirakendusi, sealhulgas kontorid, tualetid, suitsetamisruumid, pr\u00fcgikastid, kanalisatsioonitorud ja palju muud. calgoKnight odoActive sobib ideaalselt ka koduseks kasutamiseks, k\u00f5rvaldades lemmikloomade, pr\u00fcgi ja tualeti l\u00f5hnad. Toodet saab kasutada ka tekstiilpindadel kodus v\u00f5i autos. Toodet saab kasutada k\u00f5ikidel vettpidavatel pindadel ja materjalidel.<br \/>\nKoostisosad: Mikroorganismid, s\u00e4ilitusained, l\u00f5hnaained<br \/>\nKasutus: Enne kasutamist loksutage. Pihusta puhtal kujul t\u00f6\u00f6deldavatele pindadele ja lase toimida. \u00c4ra loputa. Ima liigne vedelik paberr\u00e4tikuga. Tekstiilpindadel image p\u00e4rast t\u00f6\u00f6tlemist niiskus paberr\u00e4tikuga. Eriti tugevate l\u00f5hnade korral korrake<br \/>\nV\u00e4rv: h\u00e4gune, v\u00e4rvitu vedelik. L\u00f5hn: meeldiv. pH 8.<br \/>\nS\u00e4ilitada: 5\u201330 \u00b0C<br \/>\nHoiatused ja ohutusteave: Ohutusn\u00f5uannete saamiseks vaadake palun ohutuskaarti. Selle toote kasutamisel tuleb j\u00e4rgida kemikaalide k\u00e4itlemise standardseid ettevaatusabin\u00f5usid.<\/p>\n","protected":false},"featured_media":62218,"template":"","meta":{"_acf_changed":false},"product_brand":[],"product_cat":[1849,1850],"product_tag":[],"class_list":{"0":"post-62220","1":"product","2":"type-product","3":"status-publish","4":"has-post-thumbnail","6":"product_cat-air-fresheners","7":"product_cat-air-fresheners-air-fresheners","9":"first","10":"instock","11":"taxable","12":"shipping-taxable","13":"purchasable","14":"product-type-simple"},"acf":[],"yoast_head":"<!-- This site is optimized with the Yoast SEO plugin v27.3 - https:\/\/yoast.com\/product\/yoast-seo-wordpress\/ -->\n<title>CalgoKnight odoActive 750 ml pH8 K78813600 &#8212; Easy Star O\u00dc<\/title>\n<meta name=\"robots\" content=\"index, follow, max-snippet:-1, max-image-preview:large, max-video-preview:-1\" \/>\n<link rel=\"canonical\" href=\"https:\/\/easystar.ee\/toode\/calgoknight-odoactive-750-ml-ph8-k78813600\/\" \/>\n<meta property=\"og:locale\" content=\"en_US\" \/>\n<meta property=\"og:type\" content=\"article\" \/>\n<meta property=\"og:title\" content=\"CalgoKnight odoActive 750 ml pH8 K78813600 &#8212; Easy Star O\u00dc\" \/>\n<meta property=\"og:description\" content=\"Looduslikul alusel mikroorganismidega l\u00f5hnaeemaldaja: * Neutraliseerib laia spektri ebameeldivaid l\u00f5hnu * Topeltefekt: seob l\u00f5hnamolekule ja lagundab need * Pikaajaline toime mikroorganismide kaudu * \u00d5rn pindadele ja keskkonnale. calgoKnight odoActive on kasutusvalmis l\u00f5hnaeemaldaja, mis sisaldab biolagunevaid toimeaineid ja looduslikke bakterikultuure. Esmalt seotakse ja neutraliseeritakse olemasolevad l\u00f5hnad. Seej\u00e4rel tagavad probiootilised mikroorganismid pikaajalise toime. Need lagundavad ebameeldivaid l\u00f5hnu ja takistavad uute l\u00f5hnade teket, p\u00e4rssides teiste mikroorganismide kasvu. Toode j\u00e4tab maha ka meeldiva l\u00f5hna. calgoKnight odoActive on efektiivne mitmesuguste l\u00f5hnade, n\u00e4iteks j\u00e4\u00e4tmete, nikotiini, uriini ja lemmikloomade l\u00f5hna neutraliseerimisel. Tootel on lai valik \u00e4rirakendusi, sealhulgas kontorid, tualetid, suitsetamisruumid, pr\u00fcgikastid, kanalisatsioonitorud ja palju muud. calgoKnight odoActive sobib ideaalselt ka koduseks kasutamiseks, k\u00f5rvaldades lemmikloomade, pr\u00fcgi ja tualeti l\u00f5hnad. Toodet saab kasutada ka tekstiilpindadel kodus v\u00f5i autos. Toodet saab kasutada k\u00f5ikidel vettpidavatel pindadel ja materjalidel. Koostisosad: Mikroorganismid, s\u00e4ilitusained, l\u00f5hnaained Kasutus: Enne kasutamist loksutage. Pihusta puhtal kujul t\u00f6\u00f6deldavatele pindadele ja lase toimida. \u00c4ra loputa. Ima liigne vedelik paberr\u00e4tikuga. Tekstiilpindadel image p\u00e4rast t\u00f6\u00f6tlemist niiskus paberr\u00e4tikuga. Eriti tugevate l\u00f5hnade korral korrake V\u00e4rv: h\u00e4gune, v\u00e4rvitu vedelik. L\u00f5hn: meeldiv. pH 8.  S\u00e4ilitada: 5\u201330 \u00b0C Hoiatused ja ohutusteave: Ohutusn\u00f5uannete saamiseks vaadake palun ohutuskaarti. Selle toote kasutamisel tuleb j\u00e4rgida kemikaalide k\u00e4itlemise standardseid ettevaatusabin\u00f5usid.\" \/>\n<meta property=\"og:url\" content=\"https:\/\/easystar.ee\/toode\/calgoknight-odoactive-750-ml-ph8-k78813600\/\" \/>\n<meta property=\"og:site_name\" content=\"Easy Star O\u00dc\" \/>\n<meta property=\"article:modified_time\" content=\"2026-01-20T01:30:04+00:00\" \/>\n<meta property=\"og:image\" content=\"https:\/\/easystar.ee\/wp-content\/uploads\/2025\/08\/calgoknight_odoactive.jpg\" \/>\n\t<meta property=\"og:image:width\" content=\"184\" \/>\n\t<meta property=\"og:image:height\" content=\"425\" \/>\n\t<meta property=\"og:image:type\" content=\"image\/jpeg\" \/>\n<meta name=\"twitter:card\" content=\"summary_large_image\" \/>\n<script type=\"application\/ld+json\" class=\"yoast-schema-graph\">{\"@context\":\"https:\\\/\\\/schema.org\",\"@graph\":[{\"@type\":\"WebPage\",\"@id\":\"https:\\\/\\\/easystar.ee\\\/toode\\\/calgoknight-odoactive-750-ml-ph8-k78813600\\\/\",\"url\":\"https:\\\/\\\/easystar.ee\\\/toode\\\/calgoknight-odoactive-750-ml-ph8-k78813600\\\/\",\"name\":\"CalgoKnight odoActive 750 ml pH8 K78813600 &#8212; Easy Star O\u00dc\",\"isPartOf\":{\"@id\":\"https:\\\/\\\/easystar.ee\\\/#website\"},\"primaryImageOfPage\":{\"@id\":\"https:\\\/\\\/easystar.ee\\\/toode\\\/calgoknight-odoactive-750-ml-ph8-k78813600\\\/#primaryimage\"},\"image\":{\"@id\":\"https:\\\/\\\/easystar.ee\\\/toode\\\/calgoknight-odoactive-750-ml-ph8-k78813600\\\/#primaryimage\"},\"thumbnailUrl\":\"https:\\\/\\\/easystar.ee\\\/wp-content\\\/uploads\\\/2025\\\/08\\\/calgoknight_odoactive.jpg\",\"datePublished\":\"2025-08-13T01:30:03+00:00\",\"dateModified\":\"2026-01-20T01:30:04+00:00\",\"breadcrumb\":{\"@id\":\"https:\\\/\\\/easystar.ee\\\/toode\\\/calgoknight-odoactive-750-ml-ph8-k78813600\\\/#breadcrumb\"},\"inLanguage\":\"en-US\",\"potentialAction\":[{\"@type\":\"ReadAction\",\"target\":[\"https:\\\/\\\/easystar.ee\\\/toode\\\/calgoknight-odoactive-750-ml-ph8-k78813600\\\/\"]}]},{\"@type\":\"ImageObject\",\"inLanguage\":\"en-US\",\"@id\":\"https:\\\/\\\/easystar.ee\\\/toode\\\/calgoknight-odoactive-750-ml-ph8-k78813600\\\/#primaryimage\",\"url\":\"https:\\\/\\\/easystar.ee\\\/wp-content\\\/uploads\\\/2025\\\/08\\\/calgoknight_odoactive.jpg\",\"contentUrl\":\"https:\\\/\\\/easystar.ee\\\/wp-content\\\/uploads\\\/2025\\\/08\\\/calgoknight_odoactive.jpg\",\"width\":184,\"height\":425},{\"@type\":\"BreadcrumbList\",\"@id\":\"https:\\\/\\\/easystar.ee\\\/toode\\\/calgoknight-odoactive-750-ml-ph8-k78813600\\\/#breadcrumb\",\"itemListElement\":[{\"@type\":\"ListItem\",\"position\":1,\"name\":\"Home\",\"item\":\"https:\\\/\\\/easystar.ee\\\/ru\\\/\"},{\"@type\":\"ListItem\",\"position\":2,\"name\":\"Shop\",\"item\":\"https:\\\/\\\/easystar.ee\\\/tooted\\\/\"},{\"@type\":\"ListItem\",\"position\":3,\"name\":\"CalgoKnight odoActive 750 ml pH8 K78813600\"}]},{\"@type\":\"WebSite\",\"@id\":\"https:\\\/\\\/easystar.ee\\\/#website\",\"url\":\"https:\\\/\\\/easystar.ee\\\/\",\"name\":\"Easystar.ee\",\"description\":\"\",\"publisher\":{\"@id\":\"https:\\\/\\\/easystar.ee\\\/#organization\"},\"alternateName\":\"Keskkonnas\u00f5bralikud pehmepaberitooted teie kontorisse\",\"potentialAction\":[{\"@type\":\"SearchAction\",\"target\":{\"@type\":\"EntryPoint\",\"urlTemplate\":\"https:\\\/\\\/easystar.ee\\\/?s={search_term_string}\"},\"query-input\":{\"@type\":\"PropertyValueSpecification\",\"valueRequired\":true,\"valueName\":\"search_term_string\"}}],\"inLanguage\":\"en-US\"},{\"@type\":\"Organization\",\"@id\":\"https:\\\/\\\/easystar.ee\\\/#organization\",\"name\":\"Easy Star O\u00dc\",\"url\":\"https:\\\/\\\/easystar.ee\\\/\",\"logo\":{\"@type\":\"ImageObject\",\"inLanguage\":\"en-US\",\"@id\":\"https:\\\/\\\/easystar.ee\\\/#\\\/schema\\\/logo\\\/image\\\/\",\"url\":\"https:\\\/\\\/easystar.ee\\\/wp-content\\\/uploads\\\/2024\\\/03\\\/easystar-logo.svg\",\"contentUrl\":\"https:\\\/\\\/easystar.ee\\\/wp-content\\\/uploads\\\/2024\\\/03\\\/easystar-logo.svg\",\"width\":2000,\"height\":2000,\"caption\":\"Easy Star O\u00dc\"},\"image\":{\"@id\":\"https:\\\/\\\/easystar.ee\\\/#\\\/schema\\\/logo\\\/image\\\/\"}}]}<\/script>\n<!-- \/ Yoast SEO plugin. -->","yoast_head_json":{"title":"CalgoKnight odoActive 750 ml pH8 K78813600 &#8212; Easy Star O\u00dc","robots":{"index":"index","follow":"follow","max-snippet":"max-snippet:-1","max-image-preview":"max-image-preview:large","max-video-preview":"max-video-preview:-1"},"canonical":"https:\/\/easystar.ee\/toode\/calgoknight-odoactive-750-ml-ph8-k78813600\/","og_locale":"en_US","og_type":"article","og_title":"CalgoKnight odoActive 750 ml pH8 K78813600 &#8212; Easy Star O\u00dc","og_description":"Looduslikul alusel mikroorganismidega l\u00f5hnaeemaldaja: * Neutraliseerib laia spektri ebameeldivaid l\u00f5hnu * Topeltefekt: seob l\u00f5hnamolekule ja lagundab need * Pikaajaline toime mikroorganismide kaudu * \u00d5rn pindadele ja keskkonnale. calgoKnight odoActive on kasutusvalmis l\u00f5hnaeemaldaja, mis sisaldab biolagunevaid toimeaineid ja looduslikke bakterikultuure. Esmalt seotakse ja neutraliseeritakse olemasolevad l\u00f5hnad. Seej\u00e4rel tagavad probiootilised mikroorganismid pikaajalise toime. Need lagundavad ebameeldivaid l\u00f5hnu ja takistavad uute l\u00f5hnade teket, p\u00e4rssides teiste mikroorganismide kasvu. Toode j\u00e4tab maha ka meeldiva l\u00f5hna. calgoKnight odoActive on efektiivne mitmesuguste l\u00f5hnade, n\u00e4iteks j\u00e4\u00e4tmete, nikotiini, uriini ja lemmikloomade l\u00f5hna neutraliseerimisel. Tootel on lai valik \u00e4rirakendusi, sealhulgas kontorid, tualetid, suitsetamisruumid, pr\u00fcgikastid, kanalisatsioonitorud ja palju muud. calgoKnight odoActive sobib ideaalselt ka koduseks kasutamiseks, k\u00f5rvaldades lemmikloomade, pr\u00fcgi ja tualeti l\u00f5hnad. Toodet saab kasutada ka tekstiilpindadel kodus v\u00f5i autos. Toodet saab kasutada k\u00f5ikidel vettpidavatel pindadel ja materjalidel. Koostisosad: Mikroorganismid, s\u00e4ilitusained, l\u00f5hnaained Kasutus: Enne kasutamist loksutage. Pihusta puhtal kujul t\u00f6\u00f6deldavatele pindadele ja lase toimida. \u00c4ra loputa. Ima liigne vedelik paberr\u00e4tikuga. Tekstiilpindadel image p\u00e4rast t\u00f6\u00f6tlemist niiskus paberr\u00e4tikuga. Eriti tugevate l\u00f5hnade korral korrake V\u00e4rv: h\u00e4gune, v\u00e4rvitu vedelik. L\u00f5hn: meeldiv. pH 8.  S\u00e4ilitada: 5\u201330 \u00b0C Hoiatused ja ohutusteave: Ohutusn\u00f5uannete saamiseks vaadake palun ohutuskaarti. Selle toote kasutamisel tuleb j\u00e4rgida kemikaalide k\u00e4itlemise standardseid ettevaatusabin\u00f5usid.","og_url":"https:\/\/easystar.ee\/toode\/calgoknight-odoactive-750-ml-ph8-k78813600\/","og_site_name":"Easy Star O\u00dc","article_modified_time":"2026-01-20T01:30:04+00:00","og_image":[{"width":184,"height":425,"url":"https:\/\/easystar.ee\/wp-content\/uploads\/2025\/08\/calgoknight_odoactive.jpg","type":"image\/jpeg"}],"twitter_card":"summary_large_image","schema":{"@context":"https:\/\/schema.org","@graph":[{"@type":"WebPage","@id":"https:\/\/easystar.ee\/toode\/calgoknight-odoactive-750-ml-ph8-k78813600\/","url":"https:\/\/easystar.ee\/toode\/calgoknight-odoactive-750-ml-ph8-k78813600\/","name":"CalgoKnight odoActive 750 ml pH8 K78813600 &#8212; Easy Star O\u00dc","isPartOf":{"@id":"https:\/\/easystar.ee\/#website"},"primaryImageOfPage":{"@id":"https:\/\/easystar.ee\/toode\/calgoknight-odoactive-750-ml-ph8-k78813600\/#primaryimage"},"image":{"@id":"https:\/\/easystar.ee\/toode\/calgoknight-odoactive-750-ml-ph8-k78813600\/#primaryimage"},"thumbnailUrl":"https:\/\/easystar.ee\/wp-content\/uploads\/2025\/08\/calgoknight_odoactive.jpg","datePublished":"2025-08-13T01:30:03+00:00","dateModified":"2026-01-20T01:30:04+00:00","breadcrumb":{"@id":"https:\/\/easystar.ee\/toode\/calgoknight-odoactive-750-ml-ph8-k78813600\/#breadcrumb"},"inLanguage":"en-US","potentialAction":[{"@type":"ReadAction","target":["https:\/\/easystar.ee\/toode\/calgoknight-odoactive-750-ml-ph8-k78813600\/"]}]},{"@type":"ImageObject","inLanguage":"en-US","@id":"https:\/\/easystar.ee\/toode\/calgoknight-odoactive-750-ml-ph8-k78813600\/#primaryimage","url":"https:\/\/easystar.ee\/wp-content\/uploads\/2025\/08\/calgoknight_odoactive.jpg","contentUrl":"https:\/\/easystar.ee\/wp-content\/uploads\/2025\/08\/calgoknight_odoactive.jpg","width":184,"height":425},{"@type":"BreadcrumbList","@id":"https:\/\/easystar.ee\/toode\/calgoknight-odoactive-750-ml-ph8-k78813600\/#breadcrumb","itemListElement":[{"@type":"ListItem","position":1,"name":"Home","item":"https:\/\/easystar.ee\/ru\/"},{"@type":"ListItem","position":2,"name":"Shop","item":"https:\/\/easystar.ee\/tooted\/"},{"@type":"ListItem","position":3,"name":"CalgoKnight odoActive 750 ml pH8 K78813600"}]},{"@type":"WebSite","@id":"https:\/\/easystar.ee\/#website","url":"https:\/\/easystar.ee\/","name":"Easystar.ee","description":"","publisher":{"@id":"https:\/\/easystar.ee\/#organization"},"alternateName":"Keskkonnas\u00f5bralikud pehmepaberitooted teie kontorisse","potentialAction":[{"@type":"SearchAction","target":{"@type":"EntryPoint","urlTemplate":"https:\/\/easystar.ee\/?s={search_term_string}"},"query-input":{"@type":"PropertyValueSpecification","valueRequired":true,"valueName":"search_term_string"}}],"inLanguage":"en-US"},{"@type":"Organization","@id":"https:\/\/easystar.ee\/#organization","name":"Easy Star O\u00dc","url":"https:\/\/easystar.ee\/","logo":{"@type":"ImageObject","inLanguage":"en-US","@id":"https:\/\/easystar.ee\/#\/schema\/logo\/image\/","url":"https:\/\/easystar.ee\/wp-content\/uploads\/2024\/03\/easystar-logo.svg","contentUrl":"https:\/\/easystar.ee\/wp-content\/uploads\/2024\/03\/easystar-logo.svg","width":2000,"height":2000,"caption":"Easy Star O\u00dc"},"image":{"@id":"https:\/\/easystar.ee\/#\/schema\/logo\/image\/"}}]}},"_links":{"self":[{"href":"https:\/\/easystar.ee\/en\/wp-json\/wp\/v2\/product\/62220","targetHints":{"allow":["GET"]}}],"collection":[{"href":"https:\/\/easystar.ee\/en\/wp-json\/wp\/v2\/product"}],"about":[{"href":"https:\/\/easystar.ee\/en\/wp-json\/wp\/v2\/types\/product"}],"wp:featuredmedia":[{"embeddable":true,"href":"https:\/\/easystar.ee\/en\/wp-json\/wp\/v2\/media\/62218"}],"wp:attachment":[{"href":"https:\/\/easystar.ee\/en\/wp-json\/wp\/v2\/media?parent=62220"}],"wp:term":[{"taxonomy":"product_brand","embeddable":true,"href":"https:\/\/easystar.ee\/en\/wp-json\/wp\/v2\/product_brand?post=62220"},{"taxonomy":"product_cat","embeddable":true,"href":"https:\/\/easystar.ee\/en\/wp-json\/wp\/v2\/product_cat?post=62220"},{"taxonomy":"product_tag","embeddable":true,"href":"https:\/\/easystar.ee\/en\/wp-json\/wp\/v2\/product_tag?post=62220"}],"curies":[{"name":"wp","href":"https:\/\/api.w.org\/{rel}","templated":true}]}}