{"id":61955,"date":"2025-07-24T01:30:09","date_gmt":"2025-07-24T01:30:09","guid":{"rendered":"https:\/\/easystar.ee\/toode\/calgonit-nf-422-leeliseline-vahupuhastusvahend-kloorita-24kg-k53650\/"},"modified":"2025-10-30T02:03:23","modified_gmt":"2025-10-30T02:03:23","slug":"calgonit-nf-422-leeliseline-vahupuhastusvahend-kloorita-24kg-k53650","status":"publish","type":"product","link":"https:\/\/easystar.ee\/en\/toode\/calgonit-nf-422-leeliseline-vahupuhastusvahend-kloorita-24kg-k53650\/","title":{"rendered":"Calgonit NF 422 Leeliseline vahupuhastusvahend kloorita 24kg K53650"},"content":{"rendered":"","protected":false},"excerpt":{"rendered":"<p>Toote eelised:<br \/>\n\u2022 kauakestev vaht<br \/>\n\u2022 kloorivaba<br \/>\n\u2022 fosfaadivaba<br \/>\n\u2022 suurep\u00e4rane puhastustoime<br \/>\ncalgonit NF 422 on v\u00e4ga aktiivne leeliseline vahupuhastusvahend rasketeks puhastust\u00f6\u00f6deks toidu-\/joogit\u00f6\u00f6stuses ja loomakasvatuses. Toode moodustab stabiilse, kauakestva vahu ning sobib masinate, konveierite, t\u00e4itejaamade, seinte ja p\u00f5randate puhastamiseks. calgonit NF 422 on eriti kasulik rasva-, \u00f5li- ja valgup\u00f5histe saasteainete korral ning seda saab kasutada ka kuumutatud pindadel.<br \/>\nKasutamine: Calgonit NF 422 kantakse peale sobiva vahustamisseadmega kontsentratsiooniga 2\u20135%. P\u00e4rast 10\u201330-minutilist kokkupuuteaega loputage hoolikalt kraaniveega.<br \/>\nKontsentratsiooni m\u00e4\u00e4ramine: P-v\u00e4\u00e4rtuse tiitrimine 1 N HCl-ga.<br \/>\nCalgonit NF 422-t saab ohutult kasutada roostevabast terasest pindadel ning plaaditud p\u00f5randatel ja seintel. See ei sobi alumiiniumile, v\u00e4rvilistele metallidele ja tsingitud terasele. Enamikku toiduainet\u00f6\u00f6stuses kasutatavaid plastmaterjale see ei m\u00f5juta. Kahtluse korral on vajalik eelnev testimine.<br \/>\nTervise- ja ohutusteabe saamiseks vaadake selle toote ohutuskaarti (SDS).<\/p>\n","protected":false},"featured_media":61944,"template":"","meta":{"_acf_changed":false},"product_brand":[],"product_cat":[1866,1829],"product_tag":[],"class_list":{"0":"post-61955","1":"product","2":"type-product","3":"status-publish","4":"has-post-thumbnail","6":"product_cat-agricultural-cleaning-agents","7":"product_cat-cleaning-chemicals","9":"first","10":"instock","11":"taxable","12":"shipping-taxable","13":"purchasable","14":"product-type-simple"},"acf":[],"yoast_head":"<!-- This site is optimized with the Yoast SEO plugin v27.3 - https:\/\/yoast.com\/product\/yoast-seo-wordpress\/ -->\n<title>Calgonit NF 422 Leeliseline vahupuhastusvahend kloorita 24kg K53650 &#8212; Easy Star O\u00dc<\/title>\n<meta name=\"robots\" content=\"index, follow, max-snippet:-1, max-image-preview:large, max-video-preview:-1\" \/>\n<link rel=\"canonical\" href=\"https:\/\/easystar.ee\/en\/toode\/calgonit-nf-422-leeliseline-vahupuhastusvahend-kloorita-24kg-k53650\/\" \/>\n<meta property=\"og:locale\" content=\"en_US\" \/>\n<meta property=\"og:type\" content=\"article\" \/>\n<meta property=\"og:title\" content=\"Calgonit NF 422 Leeliseline vahupuhastusvahend kloorita 24kg K53650 &#8212; Easy Star O\u00dc\" \/>\n<meta property=\"og:description\" content=\"Toote eelised: \u2022 kauakestev vaht \u2022 kloorivaba \u2022 fosfaadivaba \u2022 suurep\u00e4rane puhastustoime calgonit NF 422 on v\u00e4ga aktiivne leeliseline vahupuhastusvahend rasketeks puhastust\u00f6\u00f6deks toidu-\/joogit\u00f6\u00f6stuses ja loomakasvatuses. Toode moodustab stabiilse, kauakestva vahu ning sobib masinate, konveierite, t\u00e4itejaamade, seinte ja p\u00f5randate puhastamiseks. calgonit NF 422 on eriti kasulik rasva-, \u00f5li- ja valgup\u00f5histe saasteainete korral ning seda saab kasutada ka kuumutatud pindadel. Kasutamine: Calgonit NF 422 kantakse peale sobiva vahustamisseadmega kontsentratsiooniga 2\u20135%. P\u00e4rast 10\u201330-minutilist kokkupuuteaega loputage hoolikalt kraaniveega. Kontsentratsiooni m\u00e4\u00e4ramine: P-v\u00e4\u00e4rtuse tiitrimine 1 N HCl-ga. Calgonit NF 422-t saab ohutult kasutada roostevabast terasest pindadel ning plaaditud p\u00f5randatel ja seintel. See ei sobi alumiiniumile, v\u00e4rvilistele metallidele ja tsingitud terasele. Enamikku toiduainet\u00f6\u00f6stuses kasutatavaid plastmaterjale see ei m\u00f5juta. Kahtluse korral on vajalik eelnev testimine. Tervise- ja ohutusteabe saamiseks vaadake selle toote ohutuskaarti (SDS).\" \/>\n<meta property=\"og:url\" content=\"https:\/\/easystar.ee\/en\/toode\/calgonit-nf-422-leeliseline-vahupuhastusvahend-kloorita-24kg-k53650\/\" \/>\n<meta property=\"og:site_name\" content=\"Easy Star O\u00dc\" \/>\n<meta property=\"article:modified_time\" content=\"2025-10-30T02:03:23+00:00\" \/>\n<meta property=\"og:image\" content=\"https:\/\/easystar.ee\/wp-content\/uploads\/2025\/07\/calgonit_nf_422.jpg\" \/>\n\t<meta property=\"og:image:width\" content=\"350\" \/>\n\t<meta property=\"og:image:height\" content=\"469\" \/>\n\t<meta property=\"og:image:type\" content=\"image\/jpeg\" \/>\n<meta name=\"twitter:card\" content=\"summary_large_image\" \/>\n<script type=\"application\/ld+json\" class=\"yoast-schema-graph\">{\"@context\":\"https:\\\/\\\/schema.org\",\"@graph\":[{\"@type\":\"WebPage\",\"@id\":\"https:\\\/\\\/easystar.ee\\\/en\\\/toode\\\/calgonit-nf-422-leeliseline-vahupuhastusvahend-kloorita-24kg-k53650\\\/\",\"url\":\"https:\\\/\\\/easystar.ee\\\/en\\\/toode\\\/calgonit-nf-422-leeliseline-vahupuhastusvahend-kloorita-24kg-k53650\\\/\",\"name\":\"Calgonit NF 422 Leeliseline vahupuhastusvahend kloorita 24kg K53650 &#8212; Easy Star O\u00dc\",\"isPartOf\":{\"@id\":\"https:\\\/\\\/easystar.ee\\\/#website\"},\"primaryImageOfPage\":{\"@id\":\"https:\\\/\\\/easystar.ee\\\/en\\\/toode\\\/calgonit-nf-422-leeliseline-vahupuhastusvahend-kloorita-24kg-k53650\\\/#primaryimage\"},\"image\":{\"@id\":\"https:\\\/\\\/easystar.ee\\\/en\\\/toode\\\/calgonit-nf-422-leeliseline-vahupuhastusvahend-kloorita-24kg-k53650\\\/#primaryimage\"},\"thumbnailUrl\":\"https:\\\/\\\/easystar.ee\\\/wp-content\\\/uploads\\\/2025\\\/07\\\/calgonit_nf_422.jpg\",\"datePublished\":\"2025-07-24T01:30:09+00:00\",\"dateModified\":\"2025-10-30T02:03:23+00:00\",\"breadcrumb\":{\"@id\":\"https:\\\/\\\/easystar.ee\\\/en\\\/toode\\\/calgonit-nf-422-leeliseline-vahupuhastusvahend-kloorita-24kg-k53650\\\/#breadcrumb\"},\"inLanguage\":\"en-US\",\"potentialAction\":[{\"@type\":\"ReadAction\",\"target\":[\"https:\\\/\\\/easystar.ee\\\/en\\\/toode\\\/calgonit-nf-422-leeliseline-vahupuhastusvahend-kloorita-24kg-k53650\\\/\"]}]},{\"@type\":\"ImageObject\",\"inLanguage\":\"en-US\",\"@id\":\"https:\\\/\\\/easystar.ee\\\/en\\\/toode\\\/calgonit-nf-422-leeliseline-vahupuhastusvahend-kloorita-24kg-k53650\\\/#primaryimage\",\"url\":\"https:\\\/\\\/easystar.ee\\\/wp-content\\\/uploads\\\/2025\\\/07\\\/calgonit_nf_422.jpg\",\"contentUrl\":\"https:\\\/\\\/easystar.ee\\\/wp-content\\\/uploads\\\/2025\\\/07\\\/calgonit_nf_422.jpg\",\"width\":350,\"height\":469},{\"@type\":\"BreadcrumbList\",\"@id\":\"https:\\\/\\\/easystar.ee\\\/en\\\/toode\\\/calgonit-nf-422-leeliseline-vahupuhastusvahend-kloorita-24kg-k53650\\\/#breadcrumb\",\"itemListElement\":[{\"@type\":\"ListItem\",\"position\":1,\"name\":\"Home\",\"item\":\"https:\\\/\\\/easystar.ee\\\/ru\\\/\"},{\"@type\":\"ListItem\",\"position\":2,\"name\":\"Shop\",\"item\":\"https:\\\/\\\/easystar.ee\\\/tooted\\\/\"},{\"@type\":\"ListItem\",\"position\":3,\"name\":\"Calgonit NF 422 Leeliseline vahupuhastusvahend kloorita 24kg K53650\"}]},{\"@type\":\"WebSite\",\"@id\":\"https:\\\/\\\/easystar.ee\\\/#website\",\"url\":\"https:\\\/\\\/easystar.ee\\\/\",\"name\":\"Easystar.ee\",\"description\":\"\",\"publisher\":{\"@id\":\"https:\\\/\\\/easystar.ee\\\/#organization\"},\"alternateName\":\"Keskkonnas\u00f5bralikud pehmepaberitooted teie kontorisse\",\"potentialAction\":[{\"@type\":\"SearchAction\",\"target\":{\"@type\":\"EntryPoint\",\"urlTemplate\":\"https:\\\/\\\/easystar.ee\\\/?s={search_term_string}\"},\"query-input\":{\"@type\":\"PropertyValueSpecification\",\"valueRequired\":true,\"valueName\":\"search_term_string\"}}],\"inLanguage\":\"en-US\"},{\"@type\":\"Organization\",\"@id\":\"https:\\\/\\\/easystar.ee\\\/#organization\",\"name\":\"Easy Star O\u00dc\",\"url\":\"https:\\\/\\\/easystar.ee\\\/\",\"logo\":{\"@type\":\"ImageObject\",\"inLanguage\":\"en-US\",\"@id\":\"https:\\\/\\\/easystar.ee\\\/#\\\/schema\\\/logo\\\/image\\\/\",\"url\":\"https:\\\/\\\/easystar.ee\\\/wp-content\\\/uploads\\\/2024\\\/03\\\/easystar-logo.svg\",\"contentUrl\":\"https:\\\/\\\/easystar.ee\\\/wp-content\\\/uploads\\\/2024\\\/03\\\/easystar-logo.svg\",\"width\":2000,\"height\":2000,\"caption\":\"Easy Star O\u00dc\"},\"image\":{\"@id\":\"https:\\\/\\\/easystar.ee\\\/#\\\/schema\\\/logo\\\/image\\\/\"}}]}<\/script>\n<!-- \/ Yoast SEO plugin. -->","yoast_head_json":{"title":"Calgonit NF 422 Leeliseline vahupuhastusvahend kloorita 24kg K53650 &#8212; Easy Star O\u00dc","robots":{"index":"index","follow":"follow","max-snippet":"max-snippet:-1","max-image-preview":"max-image-preview:large","max-video-preview":"max-video-preview:-1"},"canonical":"https:\/\/easystar.ee\/en\/toode\/calgonit-nf-422-leeliseline-vahupuhastusvahend-kloorita-24kg-k53650\/","og_locale":"en_US","og_type":"article","og_title":"Calgonit NF 422 Leeliseline vahupuhastusvahend kloorita 24kg K53650 &#8212; Easy Star O\u00dc","og_description":"Toote eelised: \u2022 kauakestev vaht \u2022 kloorivaba \u2022 fosfaadivaba \u2022 suurep\u00e4rane puhastustoime calgonit NF 422 on v\u00e4ga aktiivne leeliseline vahupuhastusvahend rasketeks puhastust\u00f6\u00f6deks toidu-\/joogit\u00f6\u00f6stuses ja loomakasvatuses. Toode moodustab stabiilse, kauakestva vahu ning sobib masinate, konveierite, t\u00e4itejaamade, seinte ja p\u00f5randate puhastamiseks. calgonit NF 422 on eriti kasulik rasva-, \u00f5li- ja valgup\u00f5histe saasteainete korral ning seda saab kasutada ka kuumutatud pindadel. Kasutamine: Calgonit NF 422 kantakse peale sobiva vahustamisseadmega kontsentratsiooniga 2\u20135%. P\u00e4rast 10\u201330-minutilist kokkupuuteaega loputage hoolikalt kraaniveega. Kontsentratsiooni m\u00e4\u00e4ramine: P-v\u00e4\u00e4rtuse tiitrimine 1 N HCl-ga. Calgonit NF 422-t saab ohutult kasutada roostevabast terasest pindadel ning plaaditud p\u00f5randatel ja seintel. See ei sobi alumiiniumile, v\u00e4rvilistele metallidele ja tsingitud terasele. Enamikku toiduainet\u00f6\u00f6stuses kasutatavaid plastmaterjale see ei m\u00f5juta. Kahtluse korral on vajalik eelnev testimine. Tervise- ja ohutusteabe saamiseks vaadake selle toote ohutuskaarti (SDS).","og_url":"https:\/\/easystar.ee\/en\/toode\/calgonit-nf-422-leeliseline-vahupuhastusvahend-kloorita-24kg-k53650\/","og_site_name":"Easy Star O\u00dc","article_modified_time":"2025-10-30T02:03:23+00:00","og_image":[{"width":350,"height":469,"url":"https:\/\/easystar.ee\/wp-content\/uploads\/2025\/07\/calgonit_nf_422.jpg","type":"image\/jpeg"}],"twitter_card":"summary_large_image","schema":{"@context":"https:\/\/schema.org","@graph":[{"@type":"WebPage","@id":"https:\/\/easystar.ee\/en\/toode\/calgonit-nf-422-leeliseline-vahupuhastusvahend-kloorita-24kg-k53650\/","url":"https:\/\/easystar.ee\/en\/toode\/calgonit-nf-422-leeliseline-vahupuhastusvahend-kloorita-24kg-k53650\/","name":"Calgonit NF 422 Leeliseline vahupuhastusvahend kloorita 24kg K53650 &#8212; Easy Star O\u00dc","isPartOf":{"@id":"https:\/\/easystar.ee\/#website"},"primaryImageOfPage":{"@id":"https:\/\/easystar.ee\/en\/toode\/calgonit-nf-422-leeliseline-vahupuhastusvahend-kloorita-24kg-k53650\/#primaryimage"},"image":{"@id":"https:\/\/easystar.ee\/en\/toode\/calgonit-nf-422-leeliseline-vahupuhastusvahend-kloorita-24kg-k53650\/#primaryimage"},"thumbnailUrl":"https:\/\/easystar.ee\/wp-content\/uploads\/2025\/07\/calgonit_nf_422.jpg","datePublished":"2025-07-24T01:30:09+00:00","dateModified":"2025-10-30T02:03:23+00:00","breadcrumb":{"@id":"https:\/\/easystar.ee\/en\/toode\/calgonit-nf-422-leeliseline-vahupuhastusvahend-kloorita-24kg-k53650\/#breadcrumb"},"inLanguage":"en-US","potentialAction":[{"@type":"ReadAction","target":["https:\/\/easystar.ee\/en\/toode\/calgonit-nf-422-leeliseline-vahupuhastusvahend-kloorita-24kg-k53650\/"]}]},{"@type":"ImageObject","inLanguage":"en-US","@id":"https:\/\/easystar.ee\/en\/toode\/calgonit-nf-422-leeliseline-vahupuhastusvahend-kloorita-24kg-k53650\/#primaryimage","url":"https:\/\/easystar.ee\/wp-content\/uploads\/2025\/07\/calgonit_nf_422.jpg","contentUrl":"https:\/\/easystar.ee\/wp-content\/uploads\/2025\/07\/calgonit_nf_422.jpg","width":350,"height":469},{"@type":"BreadcrumbList","@id":"https:\/\/easystar.ee\/en\/toode\/calgonit-nf-422-leeliseline-vahupuhastusvahend-kloorita-24kg-k53650\/#breadcrumb","itemListElement":[{"@type":"ListItem","position":1,"name":"Home","item":"https:\/\/easystar.ee\/ru\/"},{"@type":"ListItem","position":2,"name":"Shop","item":"https:\/\/easystar.ee\/tooted\/"},{"@type":"ListItem","position":3,"name":"Calgonit NF 422 Leeliseline vahupuhastusvahend kloorita 24kg K53650"}]},{"@type":"WebSite","@id":"https:\/\/easystar.ee\/#website","url":"https:\/\/easystar.ee\/","name":"Easystar.ee","description":"","publisher":{"@id":"https:\/\/easystar.ee\/#organization"},"alternateName":"Keskkonnas\u00f5bralikud pehmepaberitooted teie kontorisse","potentialAction":[{"@type":"SearchAction","target":{"@type":"EntryPoint","urlTemplate":"https:\/\/easystar.ee\/?s={search_term_string}"},"query-input":{"@type":"PropertyValueSpecification","valueRequired":true,"valueName":"search_term_string"}}],"inLanguage":"en-US"},{"@type":"Organization","@id":"https:\/\/easystar.ee\/#organization","name":"Easy Star O\u00dc","url":"https:\/\/easystar.ee\/","logo":{"@type":"ImageObject","inLanguage":"en-US","@id":"https:\/\/easystar.ee\/#\/schema\/logo\/image\/","url":"https:\/\/easystar.ee\/wp-content\/uploads\/2024\/03\/easystar-logo.svg","contentUrl":"https:\/\/easystar.ee\/wp-content\/uploads\/2024\/03\/easystar-logo.svg","width":2000,"height":2000,"caption":"Easy Star O\u00dc"},"image":{"@id":"https:\/\/easystar.ee\/#\/schema\/logo\/image\/"}}]}},"_links":{"self":[{"href":"https:\/\/easystar.ee\/en\/wp-json\/wp\/v2\/product\/61955","targetHints":{"allow":["GET"]}}],"collection":[{"href":"https:\/\/easystar.ee\/en\/wp-json\/wp\/v2\/product"}],"about":[{"href":"https:\/\/easystar.ee\/en\/wp-json\/wp\/v2\/types\/product"}],"wp:featuredmedia":[{"embeddable":true,"href":"https:\/\/easystar.ee\/en\/wp-json\/wp\/v2\/media\/61944"}],"wp:attachment":[{"href":"https:\/\/easystar.ee\/en\/wp-json\/wp\/v2\/media?parent=61955"}],"wp:term":[{"taxonomy":"product_brand","embeddable":true,"href":"https:\/\/easystar.ee\/en\/wp-json\/wp\/v2\/product_brand?post=61955"},{"taxonomy":"product_cat","embeddable":true,"href":"https:\/\/easystar.ee\/en\/wp-json\/wp\/v2\/product_cat?post=61955"},{"taxonomy":"product_tag","embeddable":true,"href":"https:\/\/easystar.ee\/en\/wp-json\/wp\/v2\/product_tag?post=61955"}],"curies":[{"name":"wp","href":"https:\/\/api.w.org\/{rel}","templated":true}]}}