{"id":61429,"date":"2025-06-19T01:30:06","date_gmt":"2025-06-19T01:30:06","guid":{"rendered":"https:\/\/easystar.ee\/toode\/calgonit-hygiene-des-spray-750ml-ph113-k53647\/"},"modified":"2025-10-30T02:02:59","modified_gmt":"2025-10-30T02:02:59","slug":"calgonit-hygiene-des-spray-750ml-ph113-k53647","status":"publish","type":"product","link":"https:\/\/easystar.ee\/en\/toode\/calgonit-hygiene-des-spray-750ml-ph113-k53647\/","title":{"rendered":"Calgonit HYGIENE DES Spray 750ml pH11,3 K53647"},"content":{"rendered":"","protected":false},"excerpt":{"rendered":"<p>Kasutusalad: calgonit Hygiene DES Spray on pindaktiivsete, kergelt aluseliste desinfitseerimisvahenditega valmistatud mikrobitsiidne alk\u00fc\u00fclamiin. Tootel on lai toimespekter, mis h\u00f5lmab nii grampositiivseid kui ka gramnegatiivseid baktereid, p\u00e4rme, seeni ja \u00fcmbrisega viiruseid. Selle mikrobitsiidset aktiivsust valgud vaevu m\u00f5jutavad, see on v\u00e4ga rasvaeemaldusv\u00f5imeline ja l\u00f5hnatu ning samas ka materjalidega h\u00e4sti \u00fchilduv.<br \/>\ncalgonit Hygiene DES Spray on kasutusvalmis lahus universaalseks kasutamiseks ning sobib t\u00f6\u00f6pindade, seadmete, masinate, t\u00e4iteainete, p\u00f5randate ja seinte desinfitseerimiseks pihustamisega ja p\u00fchkimisega toidu- ja joogit\u00f6\u00f6stuses, toitlustussektoris ning k\u00f5ikides piirkondades, mis vajavad desinfitseerimist rutiinse puhastamise k\u00e4igus.<br \/>\nKasutamine: Optimaalse desinfitseerimise tagamiseks on enne Calgonit Hygiene DES Spray pealekandmist soovitatav teha p\u00f5hjalik eelpuhastus. Laske 5 minutit m\u00f5juda ja seej\u00e4rel p\u00fchkige niiske lapiga.<br \/>\nDesinfitseerimisvahendi efektiivsus:<br \/>\nEN 1276 ja EN 13697 bakterite vastu: 5 minutit<br \/>\nEN 1650 ja EN 13697 p\u00e4rmseente ja hallitusseente vastu: 15 minutit<br \/>\nEN 14476 \u00fcmbrisega viiruste vastu: 5 minutit<br \/>\nP\u00e4rast pealekandmist tuleb toiduga kokkupuutuvad pinnad p\u00f5hjalikult loputada joogiveega v\u00f5i p\u00fchkida niiske lapiga.<br \/>\nMaterjalide \u00fchilduvus: Sobib k\u00f5ikide tavaliste materjalide, n\u00e4iteks terase, tsingitud terase, alumiiniumi, v\u00e4rviliste metallide ja plastide jaoks, kui neid kasutatakse vastavalt soovitustele.<\/p>\n","protected":false},"featured_media":61424,"template":"","meta":{"_acf_changed":false},"product_brand":[],"product_cat":[1984,1829],"product_tag":[],"class_list":{"0":"post-61429","1":"product","2":"type-product","3":"status-publish","4":"has-post-thumbnail","6":"product_cat-alkaline-kitchen-wc-pipes","7":"product_cat-cleaning-chemicals","9":"first","10":"instock","11":"taxable","12":"shipping-taxable","13":"purchasable","14":"product-type-simple"},"acf":[],"yoast_head":"<!-- This site is optimized with the Yoast SEO plugin v27.3 - https:\/\/yoast.com\/product\/yoast-seo-wordpress\/ -->\n<title>Calgonit HYGIENE DES Spray 750ml pH11,3 K53647 &#8212; Easy Star O\u00dc<\/title>\n<meta name=\"robots\" content=\"index, follow, max-snippet:-1, max-image-preview:large, max-video-preview:-1\" \/>\n<link rel=\"canonical\" href=\"https:\/\/easystar.ee\/en\/toode\/calgonit-hygiene-des-spray-750ml-ph113-k53647\/\" \/>\n<meta property=\"og:locale\" content=\"en_US\" \/>\n<meta property=\"og:type\" content=\"article\" \/>\n<meta property=\"og:title\" content=\"Calgonit HYGIENE DES Spray 750ml pH11,3 K53647 &#8212; Easy Star O\u00dc\" \/>\n<meta property=\"og:description\" content=\"Kasutusalad: calgonit Hygiene DES Spray on pindaktiivsete, kergelt aluseliste desinfitseerimisvahenditega valmistatud mikrobitsiidne alk\u00fc\u00fclamiin. Tootel on lai toimespekter, mis h\u00f5lmab nii grampositiivseid kui ka gramnegatiivseid baktereid, p\u00e4rme, seeni ja \u00fcmbrisega viiruseid. Selle mikrobitsiidset aktiivsust valgud vaevu m\u00f5jutavad, see on v\u00e4ga rasvaeemaldusv\u00f5imeline ja l\u00f5hnatu ning samas ka materjalidega h\u00e4sti \u00fchilduv. calgonit Hygiene DES Spray on kasutusvalmis lahus universaalseks kasutamiseks ning sobib t\u00f6\u00f6pindade, seadmete, masinate, t\u00e4iteainete, p\u00f5randate ja seinte desinfitseerimiseks pihustamisega ja p\u00fchkimisega toidu- ja joogit\u00f6\u00f6stuses, toitlustussektoris ning k\u00f5ikides piirkondades, mis vajavad desinfitseerimist rutiinse puhastamise k\u00e4igus. Kasutamine: Optimaalse desinfitseerimise tagamiseks on enne Calgonit Hygiene DES Spray pealekandmist soovitatav teha p\u00f5hjalik eelpuhastus. Laske 5 minutit m\u00f5juda ja seej\u00e4rel p\u00fchkige niiske lapiga. Desinfitseerimisvahendi efektiivsus: EN 1276 ja EN 13697 bakterite vastu: 5 minutit EN 1650 ja EN 13697 p\u00e4rmseente ja hallitusseente vastu: 15 minutit EN 14476 \u00fcmbrisega viiruste vastu: 5 minutit P\u00e4rast pealekandmist tuleb toiduga kokkupuutuvad pinnad p\u00f5hjalikult loputada joogiveega v\u00f5i p\u00fchkida niiske lapiga. Materjalide \u00fchilduvus: Sobib k\u00f5ikide tavaliste materjalide, n\u00e4iteks terase, tsingitud terase, alumiiniumi, v\u00e4rviliste metallide ja plastide jaoks, kui neid kasutatakse vastavalt soovitustele.\" \/>\n<meta property=\"og:url\" content=\"https:\/\/easystar.ee\/en\/toode\/calgonit-hygiene-des-spray-750ml-ph113-k53647\/\" \/>\n<meta property=\"og:site_name\" content=\"Easy Star O\u00dc\" \/>\n<meta property=\"article:modified_time\" content=\"2025-10-30T02:02:59+00:00\" \/>\n<meta property=\"og:image\" content=\"https:\/\/easystar.ee\/wp-content\/uploads\/2025\/06\/k53647.jpg\" \/>\n\t<meta property=\"og:image:width\" content=\"170\" \/>\n\t<meta property=\"og:image:height\" content=\"417\" \/>\n\t<meta property=\"og:image:type\" content=\"image\/jpeg\" \/>\n<meta name=\"twitter:card\" content=\"summary_large_image\" \/>\n<script type=\"application\/ld+json\" class=\"yoast-schema-graph\">{\"@context\":\"https:\\\/\\\/schema.org\",\"@graph\":[{\"@type\":\"WebPage\",\"@id\":\"https:\\\/\\\/easystar.ee\\\/en\\\/toode\\\/calgonit-hygiene-des-spray-750ml-ph113-k53647\\\/\",\"url\":\"https:\\\/\\\/easystar.ee\\\/en\\\/toode\\\/calgonit-hygiene-des-spray-750ml-ph113-k53647\\\/\",\"name\":\"Calgonit HYGIENE DES Spray 750ml pH11,3 K53647 &#8212; Easy Star O\u00dc\",\"isPartOf\":{\"@id\":\"https:\\\/\\\/easystar.ee\\\/#website\"},\"primaryImageOfPage\":{\"@id\":\"https:\\\/\\\/easystar.ee\\\/en\\\/toode\\\/calgonit-hygiene-des-spray-750ml-ph113-k53647\\\/#primaryimage\"},\"image\":{\"@id\":\"https:\\\/\\\/easystar.ee\\\/en\\\/toode\\\/calgonit-hygiene-des-spray-750ml-ph113-k53647\\\/#primaryimage\"},\"thumbnailUrl\":\"https:\\\/\\\/easystar.ee\\\/wp-content\\\/uploads\\\/2025\\\/06\\\/k53647.jpg\",\"datePublished\":\"2025-06-19T01:30:06+00:00\",\"dateModified\":\"2025-10-30T02:02:59+00:00\",\"breadcrumb\":{\"@id\":\"https:\\\/\\\/easystar.ee\\\/en\\\/toode\\\/calgonit-hygiene-des-spray-750ml-ph113-k53647\\\/#breadcrumb\"},\"inLanguage\":\"en-US\",\"potentialAction\":[{\"@type\":\"ReadAction\",\"target\":[\"https:\\\/\\\/easystar.ee\\\/en\\\/toode\\\/calgonit-hygiene-des-spray-750ml-ph113-k53647\\\/\"]}]},{\"@type\":\"ImageObject\",\"inLanguage\":\"en-US\",\"@id\":\"https:\\\/\\\/easystar.ee\\\/en\\\/toode\\\/calgonit-hygiene-des-spray-750ml-ph113-k53647\\\/#primaryimage\",\"url\":\"https:\\\/\\\/easystar.ee\\\/wp-content\\\/uploads\\\/2025\\\/06\\\/k53647.jpg\",\"contentUrl\":\"https:\\\/\\\/easystar.ee\\\/wp-content\\\/uploads\\\/2025\\\/06\\\/k53647.jpg\",\"width\":170,\"height\":417},{\"@type\":\"BreadcrumbList\",\"@id\":\"https:\\\/\\\/easystar.ee\\\/en\\\/toode\\\/calgonit-hygiene-des-spray-750ml-ph113-k53647\\\/#breadcrumb\",\"itemListElement\":[{\"@type\":\"ListItem\",\"position\":1,\"name\":\"Home\",\"item\":\"https:\\\/\\\/easystar.ee\\\/ru\\\/\"},{\"@type\":\"ListItem\",\"position\":2,\"name\":\"Shop\",\"item\":\"https:\\\/\\\/easystar.ee\\\/tooted\\\/\"},{\"@type\":\"ListItem\",\"position\":3,\"name\":\"Calgonit HYGIENE DES Spray 750ml pH11,3 K53647\"}]},{\"@type\":\"WebSite\",\"@id\":\"https:\\\/\\\/easystar.ee\\\/#website\",\"url\":\"https:\\\/\\\/easystar.ee\\\/\",\"name\":\"Easystar.ee\",\"description\":\"\",\"publisher\":{\"@id\":\"https:\\\/\\\/easystar.ee\\\/#organization\"},\"alternateName\":\"Keskkonnas\u00f5bralikud pehmepaberitooted teie kontorisse\",\"potentialAction\":[{\"@type\":\"SearchAction\",\"target\":{\"@type\":\"EntryPoint\",\"urlTemplate\":\"https:\\\/\\\/easystar.ee\\\/?s={search_term_string}\"},\"query-input\":{\"@type\":\"PropertyValueSpecification\",\"valueRequired\":true,\"valueName\":\"search_term_string\"}}],\"inLanguage\":\"en-US\"},{\"@type\":\"Organization\",\"@id\":\"https:\\\/\\\/easystar.ee\\\/#organization\",\"name\":\"Easy Star O\u00dc\",\"url\":\"https:\\\/\\\/easystar.ee\\\/\",\"logo\":{\"@type\":\"ImageObject\",\"inLanguage\":\"en-US\",\"@id\":\"https:\\\/\\\/easystar.ee\\\/#\\\/schema\\\/logo\\\/image\\\/\",\"url\":\"https:\\\/\\\/easystar.ee\\\/wp-content\\\/uploads\\\/2024\\\/03\\\/easystar-logo.svg\",\"contentUrl\":\"https:\\\/\\\/easystar.ee\\\/wp-content\\\/uploads\\\/2024\\\/03\\\/easystar-logo.svg\",\"width\":2000,\"height\":2000,\"caption\":\"Easy Star O\u00dc\"},\"image\":{\"@id\":\"https:\\\/\\\/easystar.ee\\\/#\\\/schema\\\/logo\\\/image\\\/\"}}]}<\/script>\n<!-- \/ Yoast SEO plugin. -->","yoast_head_json":{"title":"Calgonit HYGIENE DES Spray 750ml pH11,3 K53647 &#8212; Easy Star O\u00dc","robots":{"index":"index","follow":"follow","max-snippet":"max-snippet:-1","max-image-preview":"max-image-preview:large","max-video-preview":"max-video-preview:-1"},"canonical":"https:\/\/easystar.ee\/en\/toode\/calgonit-hygiene-des-spray-750ml-ph113-k53647\/","og_locale":"en_US","og_type":"article","og_title":"Calgonit HYGIENE DES Spray 750ml pH11,3 K53647 &#8212; Easy Star O\u00dc","og_description":"Kasutusalad: calgonit Hygiene DES Spray on pindaktiivsete, kergelt aluseliste desinfitseerimisvahenditega valmistatud mikrobitsiidne alk\u00fc\u00fclamiin. Tootel on lai toimespekter, mis h\u00f5lmab nii grampositiivseid kui ka gramnegatiivseid baktereid, p\u00e4rme, seeni ja \u00fcmbrisega viiruseid. Selle mikrobitsiidset aktiivsust valgud vaevu m\u00f5jutavad, see on v\u00e4ga rasvaeemaldusv\u00f5imeline ja l\u00f5hnatu ning samas ka materjalidega h\u00e4sti \u00fchilduv. calgonit Hygiene DES Spray on kasutusvalmis lahus universaalseks kasutamiseks ning sobib t\u00f6\u00f6pindade, seadmete, masinate, t\u00e4iteainete, p\u00f5randate ja seinte desinfitseerimiseks pihustamisega ja p\u00fchkimisega toidu- ja joogit\u00f6\u00f6stuses, toitlustussektoris ning k\u00f5ikides piirkondades, mis vajavad desinfitseerimist rutiinse puhastamise k\u00e4igus. Kasutamine: Optimaalse desinfitseerimise tagamiseks on enne Calgonit Hygiene DES Spray pealekandmist soovitatav teha p\u00f5hjalik eelpuhastus. Laske 5 minutit m\u00f5juda ja seej\u00e4rel p\u00fchkige niiske lapiga. Desinfitseerimisvahendi efektiivsus: EN 1276 ja EN 13697 bakterite vastu: 5 minutit EN 1650 ja EN 13697 p\u00e4rmseente ja hallitusseente vastu: 15 minutit EN 14476 \u00fcmbrisega viiruste vastu: 5 minutit P\u00e4rast pealekandmist tuleb toiduga kokkupuutuvad pinnad p\u00f5hjalikult loputada joogiveega v\u00f5i p\u00fchkida niiske lapiga. Materjalide \u00fchilduvus: Sobib k\u00f5ikide tavaliste materjalide, n\u00e4iteks terase, tsingitud terase, alumiiniumi, v\u00e4rviliste metallide ja plastide jaoks, kui neid kasutatakse vastavalt soovitustele.","og_url":"https:\/\/easystar.ee\/en\/toode\/calgonit-hygiene-des-spray-750ml-ph113-k53647\/","og_site_name":"Easy Star O\u00dc","article_modified_time":"2025-10-30T02:02:59+00:00","og_image":[{"width":170,"height":417,"url":"https:\/\/easystar.ee\/wp-content\/uploads\/2025\/06\/k53647.jpg","type":"image\/jpeg"}],"twitter_card":"summary_large_image","schema":{"@context":"https:\/\/schema.org","@graph":[{"@type":"WebPage","@id":"https:\/\/easystar.ee\/en\/toode\/calgonit-hygiene-des-spray-750ml-ph113-k53647\/","url":"https:\/\/easystar.ee\/en\/toode\/calgonit-hygiene-des-spray-750ml-ph113-k53647\/","name":"Calgonit HYGIENE DES Spray 750ml pH11,3 K53647 &#8212; Easy Star O\u00dc","isPartOf":{"@id":"https:\/\/easystar.ee\/#website"},"primaryImageOfPage":{"@id":"https:\/\/easystar.ee\/en\/toode\/calgonit-hygiene-des-spray-750ml-ph113-k53647\/#primaryimage"},"image":{"@id":"https:\/\/easystar.ee\/en\/toode\/calgonit-hygiene-des-spray-750ml-ph113-k53647\/#primaryimage"},"thumbnailUrl":"https:\/\/easystar.ee\/wp-content\/uploads\/2025\/06\/k53647.jpg","datePublished":"2025-06-19T01:30:06+00:00","dateModified":"2025-10-30T02:02:59+00:00","breadcrumb":{"@id":"https:\/\/easystar.ee\/en\/toode\/calgonit-hygiene-des-spray-750ml-ph113-k53647\/#breadcrumb"},"inLanguage":"en-US","potentialAction":[{"@type":"ReadAction","target":["https:\/\/easystar.ee\/en\/toode\/calgonit-hygiene-des-spray-750ml-ph113-k53647\/"]}]},{"@type":"ImageObject","inLanguage":"en-US","@id":"https:\/\/easystar.ee\/en\/toode\/calgonit-hygiene-des-spray-750ml-ph113-k53647\/#primaryimage","url":"https:\/\/easystar.ee\/wp-content\/uploads\/2025\/06\/k53647.jpg","contentUrl":"https:\/\/easystar.ee\/wp-content\/uploads\/2025\/06\/k53647.jpg","width":170,"height":417},{"@type":"BreadcrumbList","@id":"https:\/\/easystar.ee\/en\/toode\/calgonit-hygiene-des-spray-750ml-ph113-k53647\/#breadcrumb","itemListElement":[{"@type":"ListItem","position":1,"name":"Home","item":"https:\/\/easystar.ee\/ru\/"},{"@type":"ListItem","position":2,"name":"Shop","item":"https:\/\/easystar.ee\/tooted\/"},{"@type":"ListItem","position":3,"name":"Calgonit HYGIENE DES Spray 750ml pH11,3 K53647"}]},{"@type":"WebSite","@id":"https:\/\/easystar.ee\/#website","url":"https:\/\/easystar.ee\/","name":"Easystar.ee","description":"","publisher":{"@id":"https:\/\/easystar.ee\/#organization"},"alternateName":"Keskkonnas\u00f5bralikud pehmepaberitooted teie kontorisse","potentialAction":[{"@type":"SearchAction","target":{"@type":"EntryPoint","urlTemplate":"https:\/\/easystar.ee\/?s={search_term_string}"},"query-input":{"@type":"PropertyValueSpecification","valueRequired":true,"valueName":"search_term_string"}}],"inLanguage":"en-US"},{"@type":"Organization","@id":"https:\/\/easystar.ee\/#organization","name":"Easy Star O\u00dc","url":"https:\/\/easystar.ee\/","logo":{"@type":"ImageObject","inLanguage":"en-US","@id":"https:\/\/easystar.ee\/#\/schema\/logo\/image\/","url":"https:\/\/easystar.ee\/wp-content\/uploads\/2024\/03\/easystar-logo.svg","contentUrl":"https:\/\/easystar.ee\/wp-content\/uploads\/2024\/03\/easystar-logo.svg","width":2000,"height":2000,"caption":"Easy Star O\u00dc"},"image":{"@id":"https:\/\/easystar.ee\/#\/schema\/logo\/image\/"}}]}},"_links":{"self":[{"href":"https:\/\/easystar.ee\/en\/wp-json\/wp\/v2\/product\/61429","targetHints":{"allow":["GET"]}}],"collection":[{"href":"https:\/\/easystar.ee\/en\/wp-json\/wp\/v2\/product"}],"about":[{"href":"https:\/\/easystar.ee\/en\/wp-json\/wp\/v2\/types\/product"}],"wp:featuredmedia":[{"embeddable":true,"href":"https:\/\/easystar.ee\/en\/wp-json\/wp\/v2\/media\/61424"}],"wp:attachment":[{"href":"https:\/\/easystar.ee\/en\/wp-json\/wp\/v2\/media?parent=61429"}],"wp:term":[{"taxonomy":"product_brand","embeddable":true,"href":"https:\/\/easystar.ee\/en\/wp-json\/wp\/v2\/product_brand?post=61429"},{"taxonomy":"product_cat","embeddable":true,"href":"https:\/\/easystar.ee\/en\/wp-json\/wp\/v2\/product_cat?post=61429"},{"taxonomy":"product_tag","embeddable":true,"href":"https:\/\/easystar.ee\/en\/wp-json\/wp\/v2\/product_tag?post=61429"}],"curies":[{"name":"wp","href":"https:\/\/api.w.org\/{rel}","templated":true}]}}