{"id":61289,"date":"2025-06-10T01:30:05","date_gmt":"2025-06-10T01:30:05","guid":{"rendered":"https:\/\/easystar.ee\/toode\/mikrofiiber-koristuslapp-pur-pva-38x38-punane-10tk-pakk-kt101859\/"},"modified":"2025-10-30T02:02:21","modified_gmt":"2025-10-30T02:02:21","slug":"mikrofiiber-koristuslapp-pur-pva-38x38-punane-10tk-pakk-kt101859","status":"publish","type":"product","link":"https:\/\/easystar.ee\/en\/toode\/mikrofiiber-koristuslapp-pur-pva-38x38-punane-10tk-pakk-kt101859\/","title":{"rendered":"Mikrofiiber koristuslapp PUR\/PVA 38&#215;38 punane 10tk\/pakk KT101859"},"content":{"rendered":"","protected":false},"excerpt":{"rendered":"<p>PUR Pongal on pehme puudutusega lapp, mis on valmistatud kootud mikrokiudtehnoloogiast, millel on pol\u00fcuretaan (PUR) kate. Selle k\u00f5rge imamisv\u00f5ime ja lihtne k\u00e4sitsi v\u00e4\u00e4namine muudavad selle eriti sobivaks m\u00e4rgade ja niiskete t\u00f6\u00f6de jaoks.  Suur puhastusj\u00f5ud, j\u00e4tmata j\u00e4lgi esimesel p\u00fchkimispuhastusel. Saadaval 4 v\u00e4rvitoonis, HACCP protokoll, et v\u00e4ltida ristsaastumist.<br \/>\nM\u00f5\u00f5dud: 38&#215;36 cm<br \/>\n70% mikrokiud + 30% pol\u00fcuretaan<br \/>\nTihedus: 300 g\/m2<br \/>\nImendumine: 500%<\/p>\n","protected":false},"featured_media":61287,"template":"","meta":{"_acf_changed":false},"product_brand":[],"product_cat":[1857,1838],"product_tag":[],"class_list":{"0":"post-61289","1":"product","2":"type-product","3":"status-publish","4":"has-post-thumbnail","6":"product_cat-cloths","7":"product_cat-mce-manual-cleaning-equipment","9":"first","10":"instock","11":"taxable","12":"shipping-taxable","13":"purchasable","14":"product-type-simple"},"acf":[],"yoast_head":"<!-- This site is optimized with the Yoast SEO plugin v27.3 - https:\/\/yoast.com\/product\/yoast-seo-wordpress\/ -->\n<title>Mikrofiiber koristuslapp PUR\/PVA 38x38 punane 10tk\/pakk KT101859 &#8212; Easy Star O\u00dc<\/title>\n<meta name=\"robots\" content=\"index, follow, max-snippet:-1, max-image-preview:large, max-video-preview:-1\" \/>\n<link rel=\"canonical\" href=\"https:\/\/easystar.ee\/en\/toode\/mikrofiiber-koristuslapp-pur-pva-38x38-punane-10tk-pakk-kt101859\/\" \/>\n<meta property=\"og:locale\" content=\"en_US\" \/>\n<meta property=\"og:type\" content=\"article\" \/>\n<meta property=\"og:title\" content=\"Mikrofiiber koristuslapp PUR\/PVA 38x38 punane 10tk\/pakk KT101859 &#8212; Easy Star O\u00dc\" \/>\n<meta property=\"og:description\" content=\"PUR Pongal on pehme puudutusega lapp, mis on valmistatud kootud mikrokiudtehnoloogiast, millel on pol\u00fcuretaan (PUR) kate. Selle k\u00f5rge imamisv\u00f5ime ja lihtne k\u00e4sitsi v\u00e4\u00e4namine muudavad selle eriti sobivaks m\u00e4rgade ja niiskete t\u00f6\u00f6de jaoks. Suur puhastusj\u00f5ud, j\u00e4tmata j\u00e4lgi esimesel p\u00fchkimispuhastusel. Saadaval 4 v\u00e4rvitoonis, HACCP protokoll, et v\u00e4ltida ristsaastumist. M\u00f5\u00f5dud: 38x36 cm 70% mikrokiud + 30% pol\u00fcuretaan Tihedus: 300 g\/m2 Imendumine: 500%\" \/>\n<meta property=\"og:url\" content=\"https:\/\/easystar.ee\/en\/toode\/mikrofiiber-koristuslapp-pur-pva-38x38-punane-10tk-pakk-kt101859\/\" \/>\n<meta property=\"og:site_name\" content=\"Easy Star O\u00dc\" \/>\n<meta property=\"article:modified_time\" content=\"2025-10-30T02:02:21+00:00\" \/>\n<meta property=\"og:image\" content=\"https:\/\/easystar.ee\/wp-content\/uploads\/2025\/06\/image002_v4.jpg\" \/>\n\t<meta property=\"og:image:width\" content=\"158\" \/>\n\t<meta property=\"og:image:height\" content=\"160\" \/>\n\t<meta property=\"og:image:type\" content=\"image\/jpeg\" \/>\n<meta name=\"twitter:card\" content=\"summary_large_image\" \/>\n<script type=\"application\/ld+json\" class=\"yoast-schema-graph\">{\"@context\":\"https:\\\/\\\/schema.org\",\"@graph\":[{\"@type\":\"WebPage\",\"@id\":\"https:\\\/\\\/easystar.ee\\\/en\\\/toode\\\/mikrofiiber-koristuslapp-pur-pva-38x38-punane-10tk-pakk-kt101859\\\/\",\"url\":\"https:\\\/\\\/easystar.ee\\\/en\\\/toode\\\/mikrofiiber-koristuslapp-pur-pva-38x38-punane-10tk-pakk-kt101859\\\/\",\"name\":\"Mikrofiiber koristuslapp PUR\\\/PVA 38x38 punane 10tk\\\/pakk KT101859 &#8212; Easy Star O\u00dc\",\"isPartOf\":{\"@id\":\"https:\\\/\\\/easystar.ee\\\/#website\"},\"primaryImageOfPage\":{\"@id\":\"https:\\\/\\\/easystar.ee\\\/en\\\/toode\\\/mikrofiiber-koristuslapp-pur-pva-38x38-punane-10tk-pakk-kt101859\\\/#primaryimage\"},\"image\":{\"@id\":\"https:\\\/\\\/easystar.ee\\\/en\\\/toode\\\/mikrofiiber-koristuslapp-pur-pva-38x38-punane-10tk-pakk-kt101859\\\/#primaryimage\"},\"thumbnailUrl\":\"https:\\\/\\\/easystar.ee\\\/wp-content\\\/uploads\\\/2025\\\/06\\\/image002_v4.jpg\",\"datePublished\":\"2025-06-10T01:30:05+00:00\",\"dateModified\":\"2025-10-30T02:02:21+00:00\",\"breadcrumb\":{\"@id\":\"https:\\\/\\\/easystar.ee\\\/en\\\/toode\\\/mikrofiiber-koristuslapp-pur-pva-38x38-punane-10tk-pakk-kt101859\\\/#breadcrumb\"},\"inLanguage\":\"en-US\",\"potentialAction\":[{\"@type\":\"ReadAction\",\"target\":[\"https:\\\/\\\/easystar.ee\\\/en\\\/toode\\\/mikrofiiber-koristuslapp-pur-pva-38x38-punane-10tk-pakk-kt101859\\\/\"]}]},{\"@type\":\"ImageObject\",\"inLanguage\":\"en-US\",\"@id\":\"https:\\\/\\\/easystar.ee\\\/en\\\/toode\\\/mikrofiiber-koristuslapp-pur-pva-38x38-punane-10tk-pakk-kt101859\\\/#primaryimage\",\"url\":\"https:\\\/\\\/easystar.ee\\\/wp-content\\\/uploads\\\/2025\\\/06\\\/image002_v4.jpg\",\"contentUrl\":\"https:\\\/\\\/easystar.ee\\\/wp-content\\\/uploads\\\/2025\\\/06\\\/image002_v4.jpg\",\"width\":158,\"height\":160},{\"@type\":\"BreadcrumbList\",\"@id\":\"https:\\\/\\\/easystar.ee\\\/en\\\/toode\\\/mikrofiiber-koristuslapp-pur-pva-38x38-punane-10tk-pakk-kt101859\\\/#breadcrumb\",\"itemListElement\":[{\"@type\":\"ListItem\",\"position\":1,\"name\":\"Home\",\"item\":\"https:\\\/\\\/easystar.ee\\\/ru\\\/\"},{\"@type\":\"ListItem\",\"position\":2,\"name\":\"Shop\",\"item\":\"https:\\\/\\\/easystar.ee\\\/tooted\\\/\"},{\"@type\":\"ListItem\",\"position\":3,\"name\":\"Mikrofiiber koristuslapp PUR\\\/PVA 38&#215;38 punane 10tk\\\/pakk KT101859\"}]},{\"@type\":\"WebSite\",\"@id\":\"https:\\\/\\\/easystar.ee\\\/#website\",\"url\":\"https:\\\/\\\/easystar.ee\\\/\",\"name\":\"Easystar.ee\",\"description\":\"\",\"publisher\":{\"@id\":\"https:\\\/\\\/easystar.ee\\\/#organization\"},\"alternateName\":\"Keskkonnas\u00f5bralikud pehmepaberitooted teie kontorisse\",\"potentialAction\":[{\"@type\":\"SearchAction\",\"target\":{\"@type\":\"EntryPoint\",\"urlTemplate\":\"https:\\\/\\\/easystar.ee\\\/?s={search_term_string}\"},\"query-input\":{\"@type\":\"PropertyValueSpecification\",\"valueRequired\":true,\"valueName\":\"search_term_string\"}}],\"inLanguage\":\"en-US\"},{\"@type\":\"Organization\",\"@id\":\"https:\\\/\\\/easystar.ee\\\/#organization\",\"name\":\"Easy Star O\u00dc\",\"url\":\"https:\\\/\\\/easystar.ee\\\/\",\"logo\":{\"@type\":\"ImageObject\",\"inLanguage\":\"en-US\",\"@id\":\"https:\\\/\\\/easystar.ee\\\/#\\\/schema\\\/logo\\\/image\\\/\",\"url\":\"https:\\\/\\\/easystar.ee\\\/wp-content\\\/uploads\\\/2024\\\/03\\\/easystar-logo.svg\",\"contentUrl\":\"https:\\\/\\\/easystar.ee\\\/wp-content\\\/uploads\\\/2024\\\/03\\\/easystar-logo.svg\",\"width\":2000,\"height\":2000,\"caption\":\"Easy Star O\u00dc\"},\"image\":{\"@id\":\"https:\\\/\\\/easystar.ee\\\/#\\\/schema\\\/logo\\\/image\\\/\"}}]}<\/script>\n<!-- \/ Yoast SEO plugin. -->","yoast_head_json":{"title":"Mikrofiiber koristuslapp PUR\/PVA 38x38 punane 10tk\/pakk KT101859 &#8212; Easy Star O\u00dc","robots":{"index":"index","follow":"follow","max-snippet":"max-snippet:-1","max-image-preview":"max-image-preview:large","max-video-preview":"max-video-preview:-1"},"canonical":"https:\/\/easystar.ee\/en\/toode\/mikrofiiber-koristuslapp-pur-pva-38x38-punane-10tk-pakk-kt101859\/","og_locale":"en_US","og_type":"article","og_title":"Mikrofiiber koristuslapp PUR\/PVA 38x38 punane 10tk\/pakk KT101859 &#8212; Easy Star O\u00dc","og_description":"PUR Pongal on pehme puudutusega lapp, mis on valmistatud kootud mikrokiudtehnoloogiast, millel on pol\u00fcuretaan (PUR) kate. Selle k\u00f5rge imamisv\u00f5ime ja lihtne k\u00e4sitsi v\u00e4\u00e4namine muudavad selle eriti sobivaks m\u00e4rgade ja niiskete t\u00f6\u00f6de jaoks. Suur puhastusj\u00f5ud, j\u00e4tmata j\u00e4lgi esimesel p\u00fchkimispuhastusel. Saadaval 4 v\u00e4rvitoonis, HACCP protokoll, et v\u00e4ltida ristsaastumist. M\u00f5\u00f5dud: 38x36 cm 70% mikrokiud + 30% pol\u00fcuretaan Tihedus: 300 g\/m2 Imendumine: 500%","og_url":"https:\/\/easystar.ee\/en\/toode\/mikrofiiber-koristuslapp-pur-pva-38x38-punane-10tk-pakk-kt101859\/","og_site_name":"Easy Star O\u00dc","article_modified_time":"2025-10-30T02:02:21+00:00","og_image":[{"width":158,"height":160,"url":"https:\/\/easystar.ee\/wp-content\/uploads\/2025\/06\/image002_v4.jpg","type":"image\/jpeg"}],"twitter_card":"summary_large_image","schema":{"@context":"https:\/\/schema.org","@graph":[{"@type":"WebPage","@id":"https:\/\/easystar.ee\/en\/toode\/mikrofiiber-koristuslapp-pur-pva-38x38-punane-10tk-pakk-kt101859\/","url":"https:\/\/easystar.ee\/en\/toode\/mikrofiiber-koristuslapp-pur-pva-38x38-punane-10tk-pakk-kt101859\/","name":"Mikrofiiber koristuslapp PUR\/PVA 38x38 punane 10tk\/pakk KT101859 &#8212; Easy Star O\u00dc","isPartOf":{"@id":"https:\/\/easystar.ee\/#website"},"primaryImageOfPage":{"@id":"https:\/\/easystar.ee\/en\/toode\/mikrofiiber-koristuslapp-pur-pva-38x38-punane-10tk-pakk-kt101859\/#primaryimage"},"image":{"@id":"https:\/\/easystar.ee\/en\/toode\/mikrofiiber-koristuslapp-pur-pva-38x38-punane-10tk-pakk-kt101859\/#primaryimage"},"thumbnailUrl":"https:\/\/easystar.ee\/wp-content\/uploads\/2025\/06\/image002_v4.jpg","datePublished":"2025-06-10T01:30:05+00:00","dateModified":"2025-10-30T02:02:21+00:00","breadcrumb":{"@id":"https:\/\/easystar.ee\/en\/toode\/mikrofiiber-koristuslapp-pur-pva-38x38-punane-10tk-pakk-kt101859\/#breadcrumb"},"inLanguage":"en-US","potentialAction":[{"@type":"ReadAction","target":["https:\/\/easystar.ee\/en\/toode\/mikrofiiber-koristuslapp-pur-pva-38x38-punane-10tk-pakk-kt101859\/"]}]},{"@type":"ImageObject","inLanguage":"en-US","@id":"https:\/\/easystar.ee\/en\/toode\/mikrofiiber-koristuslapp-pur-pva-38x38-punane-10tk-pakk-kt101859\/#primaryimage","url":"https:\/\/easystar.ee\/wp-content\/uploads\/2025\/06\/image002_v4.jpg","contentUrl":"https:\/\/easystar.ee\/wp-content\/uploads\/2025\/06\/image002_v4.jpg","width":158,"height":160},{"@type":"BreadcrumbList","@id":"https:\/\/easystar.ee\/en\/toode\/mikrofiiber-koristuslapp-pur-pva-38x38-punane-10tk-pakk-kt101859\/#breadcrumb","itemListElement":[{"@type":"ListItem","position":1,"name":"Home","item":"https:\/\/easystar.ee\/ru\/"},{"@type":"ListItem","position":2,"name":"Shop","item":"https:\/\/easystar.ee\/tooted\/"},{"@type":"ListItem","position":3,"name":"Mikrofiiber koristuslapp PUR\/PVA 38&#215;38 punane 10tk\/pakk KT101859"}]},{"@type":"WebSite","@id":"https:\/\/easystar.ee\/#website","url":"https:\/\/easystar.ee\/","name":"Easystar.ee","description":"","publisher":{"@id":"https:\/\/easystar.ee\/#organization"},"alternateName":"Keskkonnas\u00f5bralikud pehmepaberitooted teie kontorisse","potentialAction":[{"@type":"SearchAction","target":{"@type":"EntryPoint","urlTemplate":"https:\/\/easystar.ee\/?s={search_term_string}"},"query-input":{"@type":"PropertyValueSpecification","valueRequired":true,"valueName":"search_term_string"}}],"inLanguage":"en-US"},{"@type":"Organization","@id":"https:\/\/easystar.ee\/#organization","name":"Easy Star O\u00dc","url":"https:\/\/easystar.ee\/","logo":{"@type":"ImageObject","inLanguage":"en-US","@id":"https:\/\/easystar.ee\/#\/schema\/logo\/image\/","url":"https:\/\/easystar.ee\/wp-content\/uploads\/2024\/03\/easystar-logo.svg","contentUrl":"https:\/\/easystar.ee\/wp-content\/uploads\/2024\/03\/easystar-logo.svg","width":2000,"height":2000,"caption":"Easy Star O\u00dc"},"image":{"@id":"https:\/\/easystar.ee\/#\/schema\/logo\/image\/"}}]}},"_links":{"self":[{"href":"https:\/\/easystar.ee\/en\/wp-json\/wp\/v2\/product\/61289","targetHints":{"allow":["GET"]}}],"collection":[{"href":"https:\/\/easystar.ee\/en\/wp-json\/wp\/v2\/product"}],"about":[{"href":"https:\/\/easystar.ee\/en\/wp-json\/wp\/v2\/types\/product"}],"wp:featuredmedia":[{"embeddable":true,"href":"https:\/\/easystar.ee\/en\/wp-json\/wp\/v2\/media\/61287"}],"wp:attachment":[{"href":"https:\/\/easystar.ee\/en\/wp-json\/wp\/v2\/media?parent=61289"}],"wp:term":[{"taxonomy":"product_brand","embeddable":true,"href":"https:\/\/easystar.ee\/en\/wp-json\/wp\/v2\/product_brand?post=61289"},{"taxonomy":"product_cat","embeddable":true,"href":"https:\/\/easystar.ee\/en\/wp-json\/wp\/v2\/product_cat?post=61289"},{"taxonomy":"product_tag","embeddable":true,"href":"https:\/\/easystar.ee\/en\/wp-json\/wp\/v2\/product_tag?post=61289"}],"curies":[{"name":"wp","href":"https:\/\/api.w.org\/{rel}","templated":true}]}}