{"id":61191,"date":"2025-06-06T01:30:27","date_gmt":"2025-06-06T01:30:27","guid":{"rendered":"https:\/\/easystar.ee\/toode\/kiilto-lohnatud-uldpuhastuslapid-36tk-pk-kt57962\/"},"modified":"2025-10-30T01:53:55","modified_gmt":"2025-10-30T01:53:55","slug":"kiilto-lohnatud-uldpuhastuslapid-36tk-pk-kt57962","status":"publish","type":"product","link":"https:\/\/easystar.ee\/en\/toode\/kiilto-lohnatud-uldpuhastuslapid-36tk-pk-kt57962\/","title":{"rendered":"Kiilto l\u00f5hnatud \u00fcldpuhastuslapid 36tk\/pk KT57962"},"content":{"rendered":"","protected":false},"excerpt":{"rendered":"<p>Kiilto l\u00f5hnatu kodu puhastuslapp Puhastuslapp Kasutusvalmis Kiilto l\u00f5hnatu kodu puhastuslapiga on lihtne hoida oma kodu alati puhtana. See on ideaalne viis tolmu ja plekkide h\u00f5lpsaks p\u00fchkimiseks erinevatelt k\u00f5vadelt pindadelt, mis taluvad niisket p\u00fchkimist. Pakendis on 36 tk puhastuslappi. Toode on valmistatud Soomes ja sellele on omistatud v\u00f5tmelipp ja allergiam\u00e4rgis.<br \/>\nEriomadused: Lihtsalt kasutatav mitmeotstarbeline puhastuslapp; Eemaldab tolmu, mustuse ja plekid; L\u00f5hnaainevaba. pH 5<\/p>\n","protected":false},"featured_media":61183,"template":"","meta":{"_acf_changed":false},"product_brand":[],"product_cat":[1857,1838],"product_tag":[],"class_list":{"0":"post-61191","1":"product","2":"type-product","3":"status-publish","4":"has-post-thumbnail","6":"product_cat-cloths","7":"product_cat-mce-manual-cleaning-equipment","9":"first","10":"instock","11":"taxable","12":"shipping-taxable","13":"purchasable","14":"product-type-simple"},"acf":[],"yoast_head":"<!-- This site is optimized with the Yoast SEO plugin v27.5 - https:\/\/yoast.com\/product\/yoast-seo-wordpress\/ -->\n<title>Kiilto l\u00f5hnatud \u00fcldpuhastuslapid 36tk\/pk KT57962 &#8212; Easy Star O\u00dc<\/title>\n<meta name=\"robots\" content=\"index, follow, max-snippet:-1, max-image-preview:large, max-video-preview:-1\" \/>\n<link rel=\"canonical\" href=\"https:\/\/easystar.ee\/en\/toode\/kiilto-lohnatud-uldpuhastuslapid-36tk-pk-kt57962\/\" \/>\n<meta property=\"og:locale\" content=\"en_US\" \/>\n<meta property=\"og:type\" content=\"article\" \/>\n<meta property=\"og:title\" content=\"Kiilto l\u00f5hnatud \u00fcldpuhastuslapid 36tk\/pk KT57962 &#8212; Easy Star O\u00dc\" \/>\n<meta property=\"og:description\" content=\"Kiilto l\u00f5hnatu kodu puhastuslapp Puhastuslapp Kasutusvalmis Kiilto l\u00f5hnatu kodu puhastuslapiga on lihtne hoida oma kodu alati puhtana. See on ideaalne viis tolmu ja plekkide h\u00f5lpsaks p\u00fchkimiseks erinevatelt k\u00f5vadelt pindadelt, mis taluvad niisket p\u00fchkimist. Pakendis on 36 tk puhastuslappi. Toode on valmistatud Soomes ja sellele on omistatud v\u00f5tmelipp ja allergiam\u00e4rgis. Eriomadused: Lihtsalt kasutatav mitmeotstarbeline puhastuslapp; Eemaldab tolmu, mustuse ja plekid; L\u00f5hnaainevaba. pH 5\" \/>\n<meta property=\"og:url\" content=\"https:\/\/easystar.ee\/en\/toode\/kiilto-lohnatud-uldpuhastuslapid-36tk-pk-kt57962\/\" \/>\n<meta property=\"og:site_name\" content=\"Easy Star O\u00dc\" \/>\n<meta property=\"article:modified_time\" content=\"2025-10-30T01:53:55+00:00\" \/>\n<meta property=\"og:image\" content=\"https:\/\/easystar.ee\/wp-content\/uploads\/2025\/06\/57962.jpg\" \/>\n\t<meta property=\"og:image:width\" content=\"330\" \/>\n\t<meta property=\"og:image:height\" content=\"541\" \/>\n\t<meta property=\"og:image:type\" content=\"image\/jpeg\" \/>\n<meta name=\"twitter:card\" content=\"summary_large_image\" \/>\n<script type=\"application\/ld+json\" class=\"yoast-schema-graph\">{\"@context\":\"https:\\\/\\\/schema.org\",\"@graph\":[{\"@type\":\"WebPage\",\"@id\":\"https:\\\/\\\/easystar.ee\\\/en\\\/toode\\\/kiilto-lohnatud-uldpuhastuslapid-36tk-pk-kt57962\\\/\",\"url\":\"https:\\\/\\\/easystar.ee\\\/en\\\/toode\\\/kiilto-lohnatud-uldpuhastuslapid-36tk-pk-kt57962\\\/\",\"name\":\"Kiilto l\u00f5hnatud \u00fcldpuhastuslapid 36tk\\\/pk KT57962 &#8212; Easy Star O\u00dc\",\"isPartOf\":{\"@id\":\"https:\\\/\\\/easystar.ee\\\/#website\"},\"primaryImageOfPage\":{\"@id\":\"https:\\\/\\\/easystar.ee\\\/en\\\/toode\\\/kiilto-lohnatud-uldpuhastuslapid-36tk-pk-kt57962\\\/#primaryimage\"},\"image\":{\"@id\":\"https:\\\/\\\/easystar.ee\\\/en\\\/toode\\\/kiilto-lohnatud-uldpuhastuslapid-36tk-pk-kt57962\\\/#primaryimage\"},\"thumbnailUrl\":\"https:\\\/\\\/easystar.ee\\\/wp-content\\\/uploads\\\/2025\\\/06\\\/57962.jpg\",\"datePublished\":\"2025-06-06T01:30:27+00:00\",\"dateModified\":\"2025-10-30T01:53:55+00:00\",\"breadcrumb\":{\"@id\":\"https:\\\/\\\/easystar.ee\\\/en\\\/toode\\\/kiilto-lohnatud-uldpuhastuslapid-36tk-pk-kt57962\\\/#breadcrumb\"},\"inLanguage\":\"en-US\",\"potentialAction\":[{\"@type\":\"ReadAction\",\"target\":[\"https:\\\/\\\/easystar.ee\\\/en\\\/toode\\\/kiilto-lohnatud-uldpuhastuslapid-36tk-pk-kt57962\\\/\"]}]},{\"@type\":\"ImageObject\",\"inLanguage\":\"en-US\",\"@id\":\"https:\\\/\\\/easystar.ee\\\/en\\\/toode\\\/kiilto-lohnatud-uldpuhastuslapid-36tk-pk-kt57962\\\/#primaryimage\",\"url\":\"https:\\\/\\\/easystar.ee\\\/wp-content\\\/uploads\\\/2025\\\/06\\\/57962.jpg\",\"contentUrl\":\"https:\\\/\\\/easystar.ee\\\/wp-content\\\/uploads\\\/2025\\\/06\\\/57962.jpg\",\"width\":330,\"height\":541},{\"@type\":\"BreadcrumbList\",\"@id\":\"https:\\\/\\\/easystar.ee\\\/en\\\/toode\\\/kiilto-lohnatud-uldpuhastuslapid-36tk-pk-kt57962\\\/#breadcrumb\",\"itemListElement\":[{\"@type\":\"ListItem\",\"position\":1,\"name\":\"Home\",\"item\":\"https:\\\/\\\/easystar.ee\\\/ru\\\/\"},{\"@type\":\"ListItem\",\"position\":2,\"name\":\"Shop\",\"item\":\"https:\\\/\\\/easystar.ee\\\/tooted\\\/\"},{\"@type\":\"ListItem\",\"position\":3,\"name\":\"Kiilto l\u00f5hnatud \u00fcldpuhastuslapid 36tk\\\/pk KT57962\"}]},{\"@type\":\"WebSite\",\"@id\":\"https:\\\/\\\/easystar.ee\\\/#website\",\"url\":\"https:\\\/\\\/easystar.ee\\\/\",\"name\":\"Easystar.ee\",\"description\":\"\",\"publisher\":{\"@id\":\"https:\\\/\\\/easystar.ee\\\/#organization\"},\"alternateName\":\"Keskkonnas\u00f5bralikud pehmepaberitooted teie kontorisse\",\"potentialAction\":[{\"@type\":\"SearchAction\",\"target\":{\"@type\":\"EntryPoint\",\"urlTemplate\":\"https:\\\/\\\/easystar.ee\\\/?s={search_term_string}\"},\"query-input\":{\"@type\":\"PropertyValueSpecification\",\"valueRequired\":true,\"valueName\":\"search_term_string\"}}],\"inLanguage\":\"en-US\"},{\"@type\":\"Organization\",\"@id\":\"https:\\\/\\\/easystar.ee\\\/#organization\",\"name\":\"Easy Star O\u00dc\",\"url\":\"https:\\\/\\\/easystar.ee\\\/\",\"logo\":{\"@type\":\"ImageObject\",\"inLanguage\":\"en-US\",\"@id\":\"https:\\\/\\\/easystar.ee\\\/#\\\/schema\\\/logo\\\/image\\\/\",\"url\":\"https:\\\/\\\/easystar.ee\\\/wp-content\\\/uploads\\\/2024\\\/03\\\/easystar-logo.svg\",\"contentUrl\":\"https:\\\/\\\/easystar.ee\\\/wp-content\\\/uploads\\\/2024\\\/03\\\/easystar-logo.svg\",\"width\":2000,\"height\":2000,\"caption\":\"Easy Star O\u00dc\"},\"image\":{\"@id\":\"https:\\\/\\\/easystar.ee\\\/#\\\/schema\\\/logo\\\/image\\\/\"}}]}<\/script>\n<!-- \/ Yoast SEO plugin. -->","yoast_head_json":{"title":"Kiilto l\u00f5hnatud \u00fcldpuhastuslapid 36tk\/pk KT57962 &#8212; Easy Star O\u00dc","robots":{"index":"index","follow":"follow","max-snippet":"max-snippet:-1","max-image-preview":"max-image-preview:large","max-video-preview":"max-video-preview:-1"},"canonical":"https:\/\/easystar.ee\/en\/toode\/kiilto-lohnatud-uldpuhastuslapid-36tk-pk-kt57962\/","og_locale":"en_US","og_type":"article","og_title":"Kiilto l\u00f5hnatud \u00fcldpuhastuslapid 36tk\/pk KT57962 &#8212; Easy Star O\u00dc","og_description":"Kiilto l\u00f5hnatu kodu puhastuslapp Puhastuslapp Kasutusvalmis Kiilto l\u00f5hnatu kodu puhastuslapiga on lihtne hoida oma kodu alati puhtana. See on ideaalne viis tolmu ja plekkide h\u00f5lpsaks p\u00fchkimiseks erinevatelt k\u00f5vadelt pindadelt, mis taluvad niisket p\u00fchkimist. Pakendis on 36 tk puhastuslappi. Toode on valmistatud Soomes ja sellele on omistatud v\u00f5tmelipp ja allergiam\u00e4rgis. Eriomadused: Lihtsalt kasutatav mitmeotstarbeline puhastuslapp; Eemaldab tolmu, mustuse ja plekid; L\u00f5hnaainevaba. pH 5","og_url":"https:\/\/easystar.ee\/en\/toode\/kiilto-lohnatud-uldpuhastuslapid-36tk-pk-kt57962\/","og_site_name":"Easy Star O\u00dc","article_modified_time":"2025-10-30T01:53:55+00:00","og_image":[{"width":330,"height":541,"url":"https:\/\/easystar.ee\/wp-content\/uploads\/2025\/06\/57962.jpg","type":"image\/jpeg"}],"twitter_card":"summary_large_image","schema":{"@context":"https:\/\/schema.org","@graph":[{"@type":"WebPage","@id":"https:\/\/easystar.ee\/en\/toode\/kiilto-lohnatud-uldpuhastuslapid-36tk-pk-kt57962\/","url":"https:\/\/easystar.ee\/en\/toode\/kiilto-lohnatud-uldpuhastuslapid-36tk-pk-kt57962\/","name":"Kiilto l\u00f5hnatud \u00fcldpuhastuslapid 36tk\/pk KT57962 &#8212; Easy Star O\u00dc","isPartOf":{"@id":"https:\/\/easystar.ee\/#website"},"primaryImageOfPage":{"@id":"https:\/\/easystar.ee\/en\/toode\/kiilto-lohnatud-uldpuhastuslapid-36tk-pk-kt57962\/#primaryimage"},"image":{"@id":"https:\/\/easystar.ee\/en\/toode\/kiilto-lohnatud-uldpuhastuslapid-36tk-pk-kt57962\/#primaryimage"},"thumbnailUrl":"https:\/\/easystar.ee\/wp-content\/uploads\/2025\/06\/57962.jpg","datePublished":"2025-06-06T01:30:27+00:00","dateModified":"2025-10-30T01:53:55+00:00","breadcrumb":{"@id":"https:\/\/easystar.ee\/en\/toode\/kiilto-lohnatud-uldpuhastuslapid-36tk-pk-kt57962\/#breadcrumb"},"inLanguage":"en-US","potentialAction":[{"@type":"ReadAction","target":["https:\/\/easystar.ee\/en\/toode\/kiilto-lohnatud-uldpuhastuslapid-36tk-pk-kt57962\/"]}]},{"@type":"ImageObject","inLanguage":"en-US","@id":"https:\/\/easystar.ee\/en\/toode\/kiilto-lohnatud-uldpuhastuslapid-36tk-pk-kt57962\/#primaryimage","url":"https:\/\/easystar.ee\/wp-content\/uploads\/2025\/06\/57962.jpg","contentUrl":"https:\/\/easystar.ee\/wp-content\/uploads\/2025\/06\/57962.jpg","width":330,"height":541},{"@type":"BreadcrumbList","@id":"https:\/\/easystar.ee\/en\/toode\/kiilto-lohnatud-uldpuhastuslapid-36tk-pk-kt57962\/#breadcrumb","itemListElement":[{"@type":"ListItem","position":1,"name":"Home","item":"https:\/\/easystar.ee\/ru\/"},{"@type":"ListItem","position":2,"name":"Shop","item":"https:\/\/easystar.ee\/tooted\/"},{"@type":"ListItem","position":3,"name":"Kiilto l\u00f5hnatud \u00fcldpuhastuslapid 36tk\/pk KT57962"}]},{"@type":"WebSite","@id":"https:\/\/easystar.ee\/#website","url":"https:\/\/easystar.ee\/","name":"Easystar.ee","description":"","publisher":{"@id":"https:\/\/easystar.ee\/#organization"},"alternateName":"Keskkonnas\u00f5bralikud pehmepaberitooted teie kontorisse","potentialAction":[{"@type":"SearchAction","target":{"@type":"EntryPoint","urlTemplate":"https:\/\/easystar.ee\/?s={search_term_string}"},"query-input":{"@type":"PropertyValueSpecification","valueRequired":true,"valueName":"search_term_string"}}],"inLanguage":"en-US"},{"@type":"Organization","@id":"https:\/\/easystar.ee\/#organization","name":"Easy Star O\u00dc","url":"https:\/\/easystar.ee\/","logo":{"@type":"ImageObject","inLanguage":"en-US","@id":"https:\/\/easystar.ee\/#\/schema\/logo\/image\/","url":"https:\/\/easystar.ee\/wp-content\/uploads\/2024\/03\/easystar-logo.svg","contentUrl":"https:\/\/easystar.ee\/wp-content\/uploads\/2024\/03\/easystar-logo.svg","width":2000,"height":2000,"caption":"Easy Star O\u00dc"},"image":{"@id":"https:\/\/easystar.ee\/#\/schema\/logo\/image\/"}}]}},"_links":{"self":[{"href":"https:\/\/easystar.ee\/en\/wp-json\/wp\/v2\/product\/61191","targetHints":{"allow":["GET"]}}],"collection":[{"href":"https:\/\/easystar.ee\/en\/wp-json\/wp\/v2\/product"}],"about":[{"href":"https:\/\/easystar.ee\/en\/wp-json\/wp\/v2\/types\/product"}],"wp:featuredmedia":[{"embeddable":true,"href":"https:\/\/easystar.ee\/en\/wp-json\/wp\/v2\/media\/61183"}],"wp:attachment":[{"href":"https:\/\/easystar.ee\/en\/wp-json\/wp\/v2\/media?parent=61191"}],"wp:term":[{"taxonomy":"product_brand","embeddable":true,"href":"https:\/\/easystar.ee\/en\/wp-json\/wp\/v2\/product_brand?post=61191"},{"taxonomy":"product_cat","embeddable":true,"href":"https:\/\/easystar.ee\/en\/wp-json\/wp\/v2\/product_cat?post=61191"},{"taxonomy":"product_tag","embeddable":true,"href":"https:\/\/easystar.ee\/en\/wp-json\/wp\/v2\/product_tag?post=61191"}],"curies":[{"name":"wp","href":"https:\/\/api.w.org\/{rel}","templated":true}]}}