{"id":60791,"date":"2025-05-09T01:30:04","date_gmt":"2025-05-09T01:30:04","guid":{"rendered":"https:\/\/easystar.ee\/toode\/juuksefoon-hotello-1200w-satiinhobe-832-01-t-d453004\/"},"modified":"2025-10-30T02:02:34","modified_gmt":"2025-10-30T02:02:34","slug":"juuksefoon-hotello-1200w-satiinhobe-832-01-t-d453004","status":"publish","type":"product","link":"https:\/\/easystar.ee\/en\/toode\/juuksefoon-hotello-1200w-satiinhobe-832-01-t-d453004\/","title":{"rendered":"Juuksef\u00f6\u00f6n Hotello 1200W satiinh\u00f5be 832.01\/T D453004"},"content":{"rendered":"","protected":false},"excerpt":{"rendered":"<p>Kompaktne (147 x 238mm)<br \/>\nKaal: 1330 g (ilma toruta)<br \/>\nAutomaatne v\u00e4ljal\u00fclitus peale 8 min.<br \/>\nK\u00e4epideme t\u00f5stmisel l\u00fclitub automaatselt sisse<br \/>\nP\u00f6\u00f6rlev k\u00e4epide (ei kuumene)<br \/>\nPikenev voolik (kuni 1,20m)<br \/>\nLihtne paigaldada korpust lahti v\u00f5tmata<br \/>\n2 v\u00f5imalust \u00fchendada:<br \/>\n\u2013 Otse\u00fchendus vooluv\u00f5rgust<br \/>\n\u2013 \u00dchendus pistikuga<br \/>\nOhutusaste IP34<\/p>\n","protected":false},"featured_media":60783,"template":"","meta":{"_acf_changed":false},"product_brand":[],"product_cat":[1814,1815],"product_tag":[],"class_list":{"0":"post-60791","1":"product","2":"type-product","3":"status-publish","4":"has-post-thumbnail","6":"product_cat-dispensers","7":"product_cat-hand-and-hair-dryers","9":"first","10":"outofstock","11":"taxable","12":"shipping-taxable","13":"purchasable","14":"product-type-simple"},"acf":[],"yoast_head":"<!-- This site is optimized with the Yoast SEO plugin v27.5 - https:\/\/yoast.com\/product\/yoast-seo-wordpress\/ -->\n<title>Juuksef\u00f6\u00f6n Hotello 1200W satiinh\u00f5be 832.01\/T D453004 &#8212; Easy Star O\u00dc<\/title>\n<meta name=\"robots\" content=\"index, follow, max-snippet:-1, max-image-preview:large, max-video-preview:-1\" \/>\n<link rel=\"canonical\" href=\"https:\/\/easystar.ee\/en\/toode\/juuksefoon-hotello-1200w-satiinhobe-832-01-t-d453004\/\" \/>\n<meta property=\"og:locale\" content=\"en_US\" \/>\n<meta property=\"og:type\" content=\"article\" \/>\n<meta property=\"og:title\" content=\"Juuksef\u00f6\u00f6n Hotello 1200W satiinh\u00f5be 832.01\/T D453004 &#8212; Easy Star O\u00dc\" \/>\n<meta property=\"og:description\" content=\"Kompaktne (147 x 238mm) Kaal: 1330 g (ilma toruta) Automaatne v\u00e4ljal\u00fclitus peale 8 min. K\u00e4epideme t\u00f5stmisel l\u00fclitub automaatselt sisse P\u00f6\u00f6rlev k\u00e4epide (ei kuumene) Pikenev voolik (kuni 1,20m) Lihtne paigaldada korpust lahti v\u00f5tmata 2 v\u00f5imalust \u00fchendada: \u2013 Otse\u00fchendus vooluv\u00f5rgust \u2013 \u00dchendus pistikuga Ohutusaste IP34\" \/>\n<meta property=\"og:url\" content=\"https:\/\/easystar.ee\/en\/toode\/juuksefoon-hotello-1200w-satiinhobe-832-01-t-d453004\/\" \/>\n<meta property=\"og:site_name\" content=\"Easy Star O\u00dc\" \/>\n<meta property=\"article:modified_time\" content=\"2025-10-30T02:02:34+00:00\" \/>\n<meta property=\"og:image\" content=\"https:\/\/easystar.ee\/wp-content\/uploads\/2025\/05\/453004.jpg\" \/>\n\t<meta property=\"og:image:width\" content=\"247\" \/>\n\t<meta property=\"og:image:height\" content=\"638\" \/>\n\t<meta property=\"og:image:type\" content=\"image\/jpeg\" \/>\n<meta name=\"twitter:card\" content=\"summary_large_image\" \/>\n<script type=\"application\/ld+json\" class=\"yoast-schema-graph\">{\"@context\":\"https:\\\/\\\/schema.org\",\"@graph\":[{\"@type\":\"WebPage\",\"@id\":\"https:\\\/\\\/easystar.ee\\\/en\\\/toode\\\/juuksefoon-hotello-1200w-satiinhobe-832-01-t-d453004\\\/\",\"url\":\"https:\\\/\\\/easystar.ee\\\/en\\\/toode\\\/juuksefoon-hotello-1200w-satiinhobe-832-01-t-d453004\\\/\",\"name\":\"Juuksef\u00f6\u00f6n Hotello 1200W satiinh\u00f5be 832.01\\\/T D453004 &#8212; Easy Star O\u00dc\",\"isPartOf\":{\"@id\":\"https:\\\/\\\/easystar.ee\\\/#website\"},\"primaryImageOfPage\":{\"@id\":\"https:\\\/\\\/easystar.ee\\\/en\\\/toode\\\/juuksefoon-hotello-1200w-satiinhobe-832-01-t-d453004\\\/#primaryimage\"},\"image\":{\"@id\":\"https:\\\/\\\/easystar.ee\\\/en\\\/toode\\\/juuksefoon-hotello-1200w-satiinhobe-832-01-t-d453004\\\/#primaryimage\"},\"thumbnailUrl\":\"https:\\\/\\\/easystar.ee\\\/wp-content\\\/uploads\\\/2025\\\/05\\\/453004.jpg\",\"datePublished\":\"2025-05-09T01:30:04+00:00\",\"dateModified\":\"2025-10-30T02:02:34+00:00\",\"breadcrumb\":{\"@id\":\"https:\\\/\\\/easystar.ee\\\/en\\\/toode\\\/juuksefoon-hotello-1200w-satiinhobe-832-01-t-d453004\\\/#breadcrumb\"},\"inLanguage\":\"en-US\",\"potentialAction\":[{\"@type\":\"ReadAction\",\"target\":[\"https:\\\/\\\/easystar.ee\\\/en\\\/toode\\\/juuksefoon-hotello-1200w-satiinhobe-832-01-t-d453004\\\/\"]}]},{\"@type\":\"ImageObject\",\"inLanguage\":\"en-US\",\"@id\":\"https:\\\/\\\/easystar.ee\\\/en\\\/toode\\\/juuksefoon-hotello-1200w-satiinhobe-832-01-t-d453004\\\/#primaryimage\",\"url\":\"https:\\\/\\\/easystar.ee\\\/wp-content\\\/uploads\\\/2025\\\/05\\\/453004.jpg\",\"contentUrl\":\"https:\\\/\\\/easystar.ee\\\/wp-content\\\/uploads\\\/2025\\\/05\\\/453004.jpg\",\"width\":247,\"height\":638},{\"@type\":\"BreadcrumbList\",\"@id\":\"https:\\\/\\\/easystar.ee\\\/en\\\/toode\\\/juuksefoon-hotello-1200w-satiinhobe-832-01-t-d453004\\\/#breadcrumb\",\"itemListElement\":[{\"@type\":\"ListItem\",\"position\":1,\"name\":\"Home\",\"item\":\"https:\\\/\\\/easystar.ee\\\/ru\\\/\"},{\"@type\":\"ListItem\",\"position\":2,\"name\":\"Shop\",\"item\":\"https:\\\/\\\/easystar.ee\\\/tooted\\\/\"},{\"@type\":\"ListItem\",\"position\":3,\"name\":\"Juuksef\u00f6\u00f6n Hotello 1200W satiinh\u00f5be 832.01\\\/T D453004\"}]},{\"@type\":\"WebSite\",\"@id\":\"https:\\\/\\\/easystar.ee\\\/#website\",\"url\":\"https:\\\/\\\/easystar.ee\\\/\",\"name\":\"Easystar.ee\",\"description\":\"\",\"publisher\":{\"@id\":\"https:\\\/\\\/easystar.ee\\\/#organization\"},\"alternateName\":\"Keskkonnas\u00f5bralikud pehmepaberitooted teie kontorisse\",\"potentialAction\":[{\"@type\":\"SearchAction\",\"target\":{\"@type\":\"EntryPoint\",\"urlTemplate\":\"https:\\\/\\\/easystar.ee\\\/?s={search_term_string}\"},\"query-input\":{\"@type\":\"PropertyValueSpecification\",\"valueRequired\":true,\"valueName\":\"search_term_string\"}}],\"inLanguage\":\"en-US\"},{\"@type\":\"Organization\",\"@id\":\"https:\\\/\\\/easystar.ee\\\/#organization\",\"name\":\"Easy Star O\u00dc\",\"url\":\"https:\\\/\\\/easystar.ee\\\/\",\"logo\":{\"@type\":\"ImageObject\",\"inLanguage\":\"en-US\",\"@id\":\"https:\\\/\\\/easystar.ee\\\/#\\\/schema\\\/logo\\\/image\\\/\",\"url\":\"https:\\\/\\\/easystar.ee\\\/wp-content\\\/uploads\\\/2024\\\/03\\\/easystar-logo.svg\",\"contentUrl\":\"https:\\\/\\\/easystar.ee\\\/wp-content\\\/uploads\\\/2024\\\/03\\\/easystar-logo.svg\",\"width\":2000,\"height\":2000,\"caption\":\"Easy Star O\u00dc\"},\"image\":{\"@id\":\"https:\\\/\\\/easystar.ee\\\/#\\\/schema\\\/logo\\\/image\\\/\"}}]}<\/script>\n<!-- \/ Yoast SEO plugin. -->","yoast_head_json":{"title":"Juuksef\u00f6\u00f6n Hotello 1200W satiinh\u00f5be 832.01\/T D453004 &#8212; Easy Star O\u00dc","robots":{"index":"index","follow":"follow","max-snippet":"max-snippet:-1","max-image-preview":"max-image-preview:large","max-video-preview":"max-video-preview:-1"},"canonical":"https:\/\/easystar.ee\/en\/toode\/juuksefoon-hotello-1200w-satiinhobe-832-01-t-d453004\/","og_locale":"en_US","og_type":"article","og_title":"Juuksef\u00f6\u00f6n Hotello 1200W satiinh\u00f5be 832.01\/T D453004 &#8212; Easy Star O\u00dc","og_description":"Kompaktne (147 x 238mm) Kaal: 1330 g (ilma toruta) Automaatne v\u00e4ljal\u00fclitus peale 8 min. K\u00e4epideme t\u00f5stmisel l\u00fclitub automaatselt sisse P\u00f6\u00f6rlev k\u00e4epide (ei kuumene) Pikenev voolik (kuni 1,20m) Lihtne paigaldada korpust lahti v\u00f5tmata 2 v\u00f5imalust \u00fchendada: \u2013 Otse\u00fchendus vooluv\u00f5rgust \u2013 \u00dchendus pistikuga Ohutusaste IP34","og_url":"https:\/\/easystar.ee\/en\/toode\/juuksefoon-hotello-1200w-satiinhobe-832-01-t-d453004\/","og_site_name":"Easy Star O\u00dc","article_modified_time":"2025-10-30T02:02:34+00:00","og_image":[{"width":247,"height":638,"url":"https:\/\/easystar.ee\/wp-content\/uploads\/2025\/05\/453004.jpg","type":"image\/jpeg"}],"twitter_card":"summary_large_image","schema":{"@context":"https:\/\/schema.org","@graph":[{"@type":"WebPage","@id":"https:\/\/easystar.ee\/en\/toode\/juuksefoon-hotello-1200w-satiinhobe-832-01-t-d453004\/","url":"https:\/\/easystar.ee\/en\/toode\/juuksefoon-hotello-1200w-satiinhobe-832-01-t-d453004\/","name":"Juuksef\u00f6\u00f6n Hotello 1200W satiinh\u00f5be 832.01\/T D453004 &#8212; Easy Star O\u00dc","isPartOf":{"@id":"https:\/\/easystar.ee\/#website"},"primaryImageOfPage":{"@id":"https:\/\/easystar.ee\/en\/toode\/juuksefoon-hotello-1200w-satiinhobe-832-01-t-d453004\/#primaryimage"},"image":{"@id":"https:\/\/easystar.ee\/en\/toode\/juuksefoon-hotello-1200w-satiinhobe-832-01-t-d453004\/#primaryimage"},"thumbnailUrl":"https:\/\/easystar.ee\/wp-content\/uploads\/2025\/05\/453004.jpg","datePublished":"2025-05-09T01:30:04+00:00","dateModified":"2025-10-30T02:02:34+00:00","breadcrumb":{"@id":"https:\/\/easystar.ee\/en\/toode\/juuksefoon-hotello-1200w-satiinhobe-832-01-t-d453004\/#breadcrumb"},"inLanguage":"en-US","potentialAction":[{"@type":"ReadAction","target":["https:\/\/easystar.ee\/en\/toode\/juuksefoon-hotello-1200w-satiinhobe-832-01-t-d453004\/"]}]},{"@type":"ImageObject","inLanguage":"en-US","@id":"https:\/\/easystar.ee\/en\/toode\/juuksefoon-hotello-1200w-satiinhobe-832-01-t-d453004\/#primaryimage","url":"https:\/\/easystar.ee\/wp-content\/uploads\/2025\/05\/453004.jpg","contentUrl":"https:\/\/easystar.ee\/wp-content\/uploads\/2025\/05\/453004.jpg","width":247,"height":638},{"@type":"BreadcrumbList","@id":"https:\/\/easystar.ee\/en\/toode\/juuksefoon-hotello-1200w-satiinhobe-832-01-t-d453004\/#breadcrumb","itemListElement":[{"@type":"ListItem","position":1,"name":"Home","item":"https:\/\/easystar.ee\/ru\/"},{"@type":"ListItem","position":2,"name":"Shop","item":"https:\/\/easystar.ee\/tooted\/"},{"@type":"ListItem","position":3,"name":"Juuksef\u00f6\u00f6n Hotello 1200W satiinh\u00f5be 832.01\/T D453004"}]},{"@type":"WebSite","@id":"https:\/\/easystar.ee\/#website","url":"https:\/\/easystar.ee\/","name":"Easystar.ee","description":"","publisher":{"@id":"https:\/\/easystar.ee\/#organization"},"alternateName":"Keskkonnas\u00f5bralikud pehmepaberitooted teie kontorisse","potentialAction":[{"@type":"SearchAction","target":{"@type":"EntryPoint","urlTemplate":"https:\/\/easystar.ee\/?s={search_term_string}"},"query-input":{"@type":"PropertyValueSpecification","valueRequired":true,"valueName":"search_term_string"}}],"inLanguage":"en-US"},{"@type":"Organization","@id":"https:\/\/easystar.ee\/#organization","name":"Easy Star O\u00dc","url":"https:\/\/easystar.ee\/","logo":{"@type":"ImageObject","inLanguage":"en-US","@id":"https:\/\/easystar.ee\/#\/schema\/logo\/image\/","url":"https:\/\/easystar.ee\/wp-content\/uploads\/2024\/03\/easystar-logo.svg","contentUrl":"https:\/\/easystar.ee\/wp-content\/uploads\/2024\/03\/easystar-logo.svg","width":2000,"height":2000,"caption":"Easy Star O\u00dc"},"image":{"@id":"https:\/\/easystar.ee\/#\/schema\/logo\/image\/"}}]}},"_links":{"self":[{"href":"https:\/\/easystar.ee\/en\/wp-json\/wp\/v2\/product\/60791","targetHints":{"allow":["GET"]}}],"collection":[{"href":"https:\/\/easystar.ee\/en\/wp-json\/wp\/v2\/product"}],"about":[{"href":"https:\/\/easystar.ee\/en\/wp-json\/wp\/v2\/types\/product"}],"wp:featuredmedia":[{"embeddable":true,"href":"https:\/\/easystar.ee\/en\/wp-json\/wp\/v2\/media\/60783"}],"wp:attachment":[{"href":"https:\/\/easystar.ee\/en\/wp-json\/wp\/v2\/media?parent=60791"}],"wp:term":[{"taxonomy":"product_brand","embeddable":true,"href":"https:\/\/easystar.ee\/en\/wp-json\/wp\/v2\/product_brand?post=60791"},{"taxonomy":"product_cat","embeddable":true,"href":"https:\/\/easystar.ee\/en\/wp-json\/wp\/v2\/product_cat?post=60791"},{"taxonomy":"product_tag","embeddable":true,"href":"https:\/\/easystar.ee\/en\/wp-json\/wp\/v2\/product_tag?post=60791"}],"curies":[{"name":"wp","href":"https:\/\/api.w.org\/{rel}","templated":true}]}}