{"id":60699,"date":"2025-05-07T01:30:12","date_gmt":"2025-05-07T01:30:12","guid":{"rendered":"https:\/\/easystar.ee\/toode\/seebidosaator-850ml-sensoriga-harjatud-rst-dwag-wp102e-1s\/"},"modified":"2025-10-30T02:02:31","modified_gmt":"2025-10-30T02:02:31","slug":"seebidosaator-850ml-sensoriga-harjatud-rst-dwag-wp102e-1s","status":"publish","type":"product","link":"https:\/\/easystar.ee\/en\/toode\/seebidosaator-850ml-sensoriga-harjatud-rst-dwag-wp102e-1s\/","title":{"rendered":"Seebidosaator 850ml, sensoriga harjatud RST DWAG-WP102e-1S"},"content":{"rendered":"","protected":false},"excerpt":{"rendered":"<p>Sensor vedelseebi dosaator roostevabast terasest (AISI 316L) seinale kinnitamiseks. \u00dcleni roostevabast terasest korpus; k\u00f5ik nurgad t\u00e4ielikult keevitatud, n\u00e4htavad pinnad satiinviimistlusega ja harjatud. Puutevabalt juhitava ja mittetilkuva 850 ml pistikpaagiga seebipumbaga. M\u00f5eldud tavaliste vedelseepide v\u00f5i k\u00e4tevedelike jaoks. \u00dclevaatuspilu t\u00e4itetaseme n\u00e4itamiseks. T\u00e4itmiseks juurdep\u00e4\u00e4setav lukustatava hingedega korpuse kaudu. Korrosioonikindlast tsink-survevalust \u00fchesuguse v\u00f5tmega silinderlukk.<br \/>\nM\u00f5\u00f5dud: 86 x 298 x 121 mm<\/p>\n","protected":false},"featured_media":60691,"template":"","meta":{"_acf_changed":false},"product_brand":[],"product_cat":[1814,2002],"product_tag":[],"class_list":{"0":"post-60699","1":"product","2":"type-product","3":"status-publish","4":"has-post-thumbnail","6":"product_cat-dispensers","7":"product_cat-metal","9":"first","10":"outofstock","11":"taxable","12":"shipping-taxable","13":"purchasable","14":"product-type-simple"},"acf":[],"yoast_head":"<!-- This site is optimized with the Yoast SEO plugin v27.3 - https:\/\/yoast.com\/product\/yoast-seo-wordpress\/ -->\n<title>Seebidosaator 850ml, sensoriga harjatud RST DWAG-WP102e-1S &#8212; Easy Star O\u00dc<\/title>\n<meta name=\"robots\" content=\"index, follow, max-snippet:-1, max-image-preview:large, max-video-preview:-1\" \/>\n<link rel=\"canonical\" href=\"https:\/\/easystar.ee\/en\/toode\/seebidosaator-850ml-sensoriga-harjatud-rst-dwag-wp102e-1s\/\" \/>\n<meta property=\"og:locale\" content=\"en_US\" \/>\n<meta property=\"og:type\" content=\"article\" \/>\n<meta property=\"og:title\" content=\"Seebidosaator 850ml, sensoriga harjatud RST DWAG-WP102e-1S &#8212; Easy Star O\u00dc\" \/>\n<meta property=\"og:description\" content=\"Sensor vedelseebi dosaator roostevabast terasest (AISI 316L) seinale kinnitamiseks. \u00dcleni roostevabast terasest korpus; k\u00f5ik nurgad t\u00e4ielikult keevitatud, n\u00e4htavad pinnad satiinviimistlusega ja harjatud. Puutevabalt juhitava ja mittetilkuva 850 ml pistikpaagiga seebipumbaga. M\u00f5eldud tavaliste vedelseepide v\u00f5i k\u00e4tevedelike jaoks. \u00dclevaatuspilu t\u00e4itetaseme n\u00e4itamiseks. T\u00e4itmiseks juurdep\u00e4\u00e4setav lukustatava hingedega korpuse kaudu. Korrosioonikindlast tsink-survevalust \u00fchesuguse v\u00f5tmega silinderlukk. M\u00f5\u00f5dud: 86 x 298 x 121 mm\" \/>\n<meta property=\"og:url\" content=\"https:\/\/easystar.ee\/en\/toode\/seebidosaator-850ml-sensoriga-harjatud-rst-dwag-wp102e-1s\/\" \/>\n<meta property=\"og:site_name\" content=\"Easy Star O\u00dc\" \/>\n<meta property=\"article:modified_time\" content=\"2025-10-30T02:02:31+00:00\" \/>\n<meta property=\"og:image\" content=\"https:\/\/easystar.ee\/wp-content\/uploads\/2025\/05\/wp102e-1.jpg\" \/>\n\t<meta property=\"og:image:width\" content=\"187\" \/>\n\t<meta property=\"og:image:height\" content=\"353\" \/>\n\t<meta property=\"og:image:type\" content=\"image\/jpeg\" \/>\n<meta name=\"twitter:card\" content=\"summary_large_image\" \/>\n<script type=\"application\/ld+json\" class=\"yoast-schema-graph\">{\"@context\":\"https:\\\/\\\/schema.org\",\"@graph\":[{\"@type\":\"WebPage\",\"@id\":\"https:\\\/\\\/easystar.ee\\\/en\\\/toode\\\/seebidosaator-850ml-sensoriga-harjatud-rst-dwag-wp102e-1s\\\/\",\"url\":\"https:\\\/\\\/easystar.ee\\\/en\\\/toode\\\/seebidosaator-850ml-sensoriga-harjatud-rst-dwag-wp102e-1s\\\/\",\"name\":\"Seebidosaator 850ml, sensoriga harjatud RST DWAG-WP102e-1S &#8212; Easy Star O\u00dc\",\"isPartOf\":{\"@id\":\"https:\\\/\\\/easystar.ee\\\/#website\"},\"primaryImageOfPage\":{\"@id\":\"https:\\\/\\\/easystar.ee\\\/en\\\/toode\\\/seebidosaator-850ml-sensoriga-harjatud-rst-dwag-wp102e-1s\\\/#primaryimage\"},\"image\":{\"@id\":\"https:\\\/\\\/easystar.ee\\\/en\\\/toode\\\/seebidosaator-850ml-sensoriga-harjatud-rst-dwag-wp102e-1s\\\/#primaryimage\"},\"thumbnailUrl\":\"https:\\\/\\\/easystar.ee\\\/wp-content\\\/uploads\\\/2025\\\/05\\\/wp102e-1.jpg\",\"datePublished\":\"2025-05-07T01:30:12+00:00\",\"dateModified\":\"2025-10-30T02:02:31+00:00\",\"breadcrumb\":{\"@id\":\"https:\\\/\\\/easystar.ee\\\/en\\\/toode\\\/seebidosaator-850ml-sensoriga-harjatud-rst-dwag-wp102e-1s\\\/#breadcrumb\"},\"inLanguage\":\"en-US\",\"potentialAction\":[{\"@type\":\"ReadAction\",\"target\":[\"https:\\\/\\\/easystar.ee\\\/en\\\/toode\\\/seebidosaator-850ml-sensoriga-harjatud-rst-dwag-wp102e-1s\\\/\"]}]},{\"@type\":\"ImageObject\",\"inLanguage\":\"en-US\",\"@id\":\"https:\\\/\\\/easystar.ee\\\/en\\\/toode\\\/seebidosaator-850ml-sensoriga-harjatud-rst-dwag-wp102e-1s\\\/#primaryimage\",\"url\":\"https:\\\/\\\/easystar.ee\\\/wp-content\\\/uploads\\\/2025\\\/05\\\/wp102e-1.jpg\",\"contentUrl\":\"https:\\\/\\\/easystar.ee\\\/wp-content\\\/uploads\\\/2025\\\/05\\\/wp102e-1.jpg\",\"width\":187,\"height\":353},{\"@type\":\"BreadcrumbList\",\"@id\":\"https:\\\/\\\/easystar.ee\\\/en\\\/toode\\\/seebidosaator-850ml-sensoriga-harjatud-rst-dwag-wp102e-1s\\\/#breadcrumb\",\"itemListElement\":[{\"@type\":\"ListItem\",\"position\":1,\"name\":\"Home\",\"item\":\"https:\\\/\\\/easystar.ee\\\/ru\\\/\"},{\"@type\":\"ListItem\",\"position\":2,\"name\":\"Shop\",\"item\":\"https:\\\/\\\/easystar.ee\\\/tooted\\\/\"},{\"@type\":\"ListItem\",\"position\":3,\"name\":\"Seebidosaator 850ml, sensoriga harjatud RST DWAG-WP102e-1S\"}]},{\"@type\":\"WebSite\",\"@id\":\"https:\\\/\\\/easystar.ee\\\/#website\",\"url\":\"https:\\\/\\\/easystar.ee\\\/\",\"name\":\"Easystar.ee\",\"description\":\"\",\"publisher\":{\"@id\":\"https:\\\/\\\/easystar.ee\\\/#organization\"},\"alternateName\":\"Keskkonnas\u00f5bralikud pehmepaberitooted teie kontorisse\",\"potentialAction\":[{\"@type\":\"SearchAction\",\"target\":{\"@type\":\"EntryPoint\",\"urlTemplate\":\"https:\\\/\\\/easystar.ee\\\/?s={search_term_string}\"},\"query-input\":{\"@type\":\"PropertyValueSpecification\",\"valueRequired\":true,\"valueName\":\"search_term_string\"}}],\"inLanguage\":\"en-US\"},{\"@type\":\"Organization\",\"@id\":\"https:\\\/\\\/easystar.ee\\\/#organization\",\"name\":\"Easy Star O\u00dc\",\"url\":\"https:\\\/\\\/easystar.ee\\\/\",\"logo\":{\"@type\":\"ImageObject\",\"inLanguage\":\"en-US\",\"@id\":\"https:\\\/\\\/easystar.ee\\\/#\\\/schema\\\/logo\\\/image\\\/\",\"url\":\"https:\\\/\\\/easystar.ee\\\/wp-content\\\/uploads\\\/2024\\\/03\\\/easystar-logo.svg\",\"contentUrl\":\"https:\\\/\\\/easystar.ee\\\/wp-content\\\/uploads\\\/2024\\\/03\\\/easystar-logo.svg\",\"width\":2000,\"height\":2000,\"caption\":\"Easy Star O\u00dc\"},\"image\":{\"@id\":\"https:\\\/\\\/easystar.ee\\\/#\\\/schema\\\/logo\\\/image\\\/\"}}]}<\/script>\n<!-- \/ Yoast SEO plugin. -->","yoast_head_json":{"title":"Seebidosaator 850ml, sensoriga harjatud RST DWAG-WP102e-1S &#8212; Easy Star O\u00dc","robots":{"index":"index","follow":"follow","max-snippet":"max-snippet:-1","max-image-preview":"max-image-preview:large","max-video-preview":"max-video-preview:-1"},"canonical":"https:\/\/easystar.ee\/en\/toode\/seebidosaator-850ml-sensoriga-harjatud-rst-dwag-wp102e-1s\/","og_locale":"en_US","og_type":"article","og_title":"Seebidosaator 850ml, sensoriga harjatud RST DWAG-WP102e-1S &#8212; Easy Star O\u00dc","og_description":"Sensor vedelseebi dosaator roostevabast terasest (AISI 316L) seinale kinnitamiseks. \u00dcleni roostevabast terasest korpus; k\u00f5ik nurgad t\u00e4ielikult keevitatud, n\u00e4htavad pinnad satiinviimistlusega ja harjatud. Puutevabalt juhitava ja mittetilkuva 850 ml pistikpaagiga seebipumbaga. M\u00f5eldud tavaliste vedelseepide v\u00f5i k\u00e4tevedelike jaoks. \u00dclevaatuspilu t\u00e4itetaseme n\u00e4itamiseks. T\u00e4itmiseks juurdep\u00e4\u00e4setav lukustatava hingedega korpuse kaudu. Korrosioonikindlast tsink-survevalust \u00fchesuguse v\u00f5tmega silinderlukk. M\u00f5\u00f5dud: 86 x 298 x 121 mm","og_url":"https:\/\/easystar.ee\/en\/toode\/seebidosaator-850ml-sensoriga-harjatud-rst-dwag-wp102e-1s\/","og_site_name":"Easy Star O\u00dc","article_modified_time":"2025-10-30T02:02:31+00:00","og_image":[{"width":187,"height":353,"url":"https:\/\/easystar.ee\/wp-content\/uploads\/2025\/05\/wp102e-1.jpg","type":"image\/jpeg"}],"twitter_card":"summary_large_image","schema":{"@context":"https:\/\/schema.org","@graph":[{"@type":"WebPage","@id":"https:\/\/easystar.ee\/en\/toode\/seebidosaator-850ml-sensoriga-harjatud-rst-dwag-wp102e-1s\/","url":"https:\/\/easystar.ee\/en\/toode\/seebidosaator-850ml-sensoriga-harjatud-rst-dwag-wp102e-1s\/","name":"Seebidosaator 850ml, sensoriga harjatud RST DWAG-WP102e-1S &#8212; Easy Star O\u00dc","isPartOf":{"@id":"https:\/\/easystar.ee\/#website"},"primaryImageOfPage":{"@id":"https:\/\/easystar.ee\/en\/toode\/seebidosaator-850ml-sensoriga-harjatud-rst-dwag-wp102e-1s\/#primaryimage"},"image":{"@id":"https:\/\/easystar.ee\/en\/toode\/seebidosaator-850ml-sensoriga-harjatud-rst-dwag-wp102e-1s\/#primaryimage"},"thumbnailUrl":"https:\/\/easystar.ee\/wp-content\/uploads\/2025\/05\/wp102e-1.jpg","datePublished":"2025-05-07T01:30:12+00:00","dateModified":"2025-10-30T02:02:31+00:00","breadcrumb":{"@id":"https:\/\/easystar.ee\/en\/toode\/seebidosaator-850ml-sensoriga-harjatud-rst-dwag-wp102e-1s\/#breadcrumb"},"inLanguage":"en-US","potentialAction":[{"@type":"ReadAction","target":["https:\/\/easystar.ee\/en\/toode\/seebidosaator-850ml-sensoriga-harjatud-rst-dwag-wp102e-1s\/"]}]},{"@type":"ImageObject","inLanguage":"en-US","@id":"https:\/\/easystar.ee\/en\/toode\/seebidosaator-850ml-sensoriga-harjatud-rst-dwag-wp102e-1s\/#primaryimage","url":"https:\/\/easystar.ee\/wp-content\/uploads\/2025\/05\/wp102e-1.jpg","contentUrl":"https:\/\/easystar.ee\/wp-content\/uploads\/2025\/05\/wp102e-1.jpg","width":187,"height":353},{"@type":"BreadcrumbList","@id":"https:\/\/easystar.ee\/en\/toode\/seebidosaator-850ml-sensoriga-harjatud-rst-dwag-wp102e-1s\/#breadcrumb","itemListElement":[{"@type":"ListItem","position":1,"name":"Home","item":"https:\/\/easystar.ee\/ru\/"},{"@type":"ListItem","position":2,"name":"Shop","item":"https:\/\/easystar.ee\/tooted\/"},{"@type":"ListItem","position":3,"name":"Seebidosaator 850ml, sensoriga harjatud RST DWAG-WP102e-1S"}]},{"@type":"WebSite","@id":"https:\/\/easystar.ee\/#website","url":"https:\/\/easystar.ee\/","name":"Easystar.ee","description":"","publisher":{"@id":"https:\/\/easystar.ee\/#organization"},"alternateName":"Keskkonnas\u00f5bralikud pehmepaberitooted teie kontorisse","potentialAction":[{"@type":"SearchAction","target":{"@type":"EntryPoint","urlTemplate":"https:\/\/easystar.ee\/?s={search_term_string}"},"query-input":{"@type":"PropertyValueSpecification","valueRequired":true,"valueName":"search_term_string"}}],"inLanguage":"en-US"},{"@type":"Organization","@id":"https:\/\/easystar.ee\/#organization","name":"Easy Star O\u00dc","url":"https:\/\/easystar.ee\/","logo":{"@type":"ImageObject","inLanguage":"en-US","@id":"https:\/\/easystar.ee\/#\/schema\/logo\/image\/","url":"https:\/\/easystar.ee\/wp-content\/uploads\/2024\/03\/easystar-logo.svg","contentUrl":"https:\/\/easystar.ee\/wp-content\/uploads\/2024\/03\/easystar-logo.svg","width":2000,"height":2000,"caption":"Easy Star O\u00dc"},"image":{"@id":"https:\/\/easystar.ee\/#\/schema\/logo\/image\/"}}]}},"_links":{"self":[{"href":"https:\/\/easystar.ee\/en\/wp-json\/wp\/v2\/product\/60699","targetHints":{"allow":["GET"]}}],"collection":[{"href":"https:\/\/easystar.ee\/en\/wp-json\/wp\/v2\/product"}],"about":[{"href":"https:\/\/easystar.ee\/en\/wp-json\/wp\/v2\/types\/product"}],"wp:featuredmedia":[{"embeddable":true,"href":"https:\/\/easystar.ee\/en\/wp-json\/wp\/v2\/media\/60691"}],"wp:attachment":[{"href":"https:\/\/easystar.ee\/en\/wp-json\/wp\/v2\/media?parent=60699"}],"wp:term":[{"taxonomy":"product_brand","embeddable":true,"href":"https:\/\/easystar.ee\/en\/wp-json\/wp\/v2\/product_brand?post=60699"},{"taxonomy":"product_cat","embeddable":true,"href":"https:\/\/easystar.ee\/en\/wp-json\/wp\/v2\/product_cat?post=60699"},{"taxonomy":"product_tag","embeddable":true,"href":"https:\/\/easystar.ee\/en\/wp-json\/wp\/v2\/product_tag?post=60699"}],"curies":[{"name":"wp","href":"https:\/\/api.w.org\/{rel}","templated":true}]}}