{"id":59316,"date":"2025-03-01T01:30:09","date_gmt":"2025-03-01T01:30:09","guid":{"rendered":"https:\/\/easystar.ee\/toode\/paberratiku-dosaator-acu-1-e-st-rst-doph-1423579\/"},"modified":"2025-10-30T02:00:21","modified_gmt":"2025-10-30T02:00:21","slug":"paberratiku-dosaator-acu-1-e-st-rst-doph-1423579","status":"publish","type":"product","link":"https:\/\/easystar.ee\/en\/toode\/paberratiku-dosaator-acu-1-e-st-rst-doph-1423579\/","title":{"rendered":"Paberr\u00e4tiku dosaator ACU 1 E ST rst DOPH-1423579"},"content":{"rendered":"","protected":false},"excerpt":{"rendered":"<p>Autocut jaotur (292x433x222mm) 5.57 kg rullpaberir\u00e4tikutele, harjatud roostevaba teras, s\u00f5rmej\u00e4ljevastase kattega, automaatse l\u00f5ikamisega, mis v\u00f5imaldab paberi allapoole t\u00f5mbamisel \u00fcksikuid lehti, kuni 210 mm l\u00e4bim\u00f5\u00f5duga.<br \/>\nSobib perforatsioonita r\u00e4tikupaberirullidele, max. rulli laius 190-210 mm, s\u00fcdamiku l\u00e4bim\u00f5\u00f5t &gt; 36 mm<br \/>\nAvariijuhtimishoovaga, lukustatav, t\u00e4itetaseme aknaga, kaldpealne korpus takistab soovimatute esemete asetamist dosaatorile<\/p>\n","protected":false},"featured_media":59308,"template":"","meta":{"_acf_changed":false},"product_brand":[],"product_cat":[1814,2002],"product_tag":[],"class_list":{"0":"post-59316","1":"product","2":"type-product","3":"status-publish","4":"has-post-thumbnail","6":"product_cat-dispensers","7":"product_cat-metal","9":"first","10":"outofstock","11":"taxable","12":"shipping-taxable","13":"purchasable","14":"product-type-simple"},"acf":[],"yoast_head":"<!-- This site is optimized with the Yoast SEO plugin v27.5 - https:\/\/yoast.com\/product\/yoast-seo-wordpress\/ -->\n<title>Paberr\u00e4tiku dosaator ACU 1 E ST rst DOPH-1423579 &#8212; Easy Star O\u00dc<\/title>\n<meta name=\"robots\" content=\"index, follow, max-snippet:-1, max-image-preview:large, max-video-preview:-1\" \/>\n<link rel=\"canonical\" href=\"https:\/\/easystar.ee\/en\/toode\/paberratiku-dosaator-acu-1-e-st-rst-doph-1423579\/\" \/>\n<meta property=\"og:locale\" content=\"en_US\" \/>\n<meta property=\"og:type\" content=\"article\" \/>\n<meta property=\"og:title\" content=\"Paberr\u00e4tiku dosaator ACU 1 E ST rst DOPH-1423579 &#8212; Easy Star O\u00dc\" \/>\n<meta property=\"og:description\" content=\"Autocut jaotur (292x433x222mm) 5.57 kg rullpaberir\u00e4tikutele, harjatud roostevaba teras, s\u00f5rmej\u00e4ljevastase kattega, automaatse l\u00f5ikamisega, mis v\u00f5imaldab paberi allapoole t\u00f5mbamisel \u00fcksikuid lehti, kuni 210 mm l\u00e4bim\u00f5\u00f5duga.  Sobib perforatsioonita r\u00e4tikupaberirullidele, max. rulli laius 190-210 mm, s\u00fcdamiku l\u00e4bim\u00f5\u00f5t &gt; 36 mm Avariijuhtimishoovaga, lukustatav, t\u00e4itetaseme aknaga, kaldpealne korpus takistab soovimatute esemete asetamist dosaatorile\" \/>\n<meta property=\"og:url\" content=\"https:\/\/easystar.ee\/en\/toode\/paberratiku-dosaator-acu-1-e-st-rst-doph-1423579\/\" \/>\n<meta property=\"og:site_name\" content=\"Easy Star O\u00dc\" \/>\n<meta property=\"article:modified_time\" content=\"2025-10-30T02:00:21+00:00\" \/>\n<meta property=\"og:image\" content=\"https:\/\/easystar.ee\/wp-content\/uploads\/2025\/03\/1423579.jpg\" \/>\n\t<meta property=\"og:image:width\" content=\"334\" \/>\n\t<meta property=\"og:image:height\" content=\"408\" \/>\n\t<meta property=\"og:image:type\" content=\"image\/jpeg\" \/>\n<meta name=\"twitter:card\" content=\"summary_large_image\" \/>\n<script type=\"application\/ld+json\" class=\"yoast-schema-graph\">{\"@context\":\"https:\\\/\\\/schema.org\",\"@graph\":[{\"@type\":\"WebPage\",\"@id\":\"https:\\\/\\\/easystar.ee\\\/en\\\/toode\\\/paberratiku-dosaator-acu-1-e-st-rst-doph-1423579\\\/\",\"url\":\"https:\\\/\\\/easystar.ee\\\/en\\\/toode\\\/paberratiku-dosaator-acu-1-e-st-rst-doph-1423579\\\/\",\"name\":\"Paberr\u00e4tiku dosaator ACU 1 E ST rst DOPH-1423579 &#8212; Easy Star O\u00dc\",\"isPartOf\":{\"@id\":\"https:\\\/\\\/easystar.ee\\\/#website\"},\"primaryImageOfPage\":{\"@id\":\"https:\\\/\\\/easystar.ee\\\/en\\\/toode\\\/paberratiku-dosaator-acu-1-e-st-rst-doph-1423579\\\/#primaryimage\"},\"image\":{\"@id\":\"https:\\\/\\\/easystar.ee\\\/en\\\/toode\\\/paberratiku-dosaator-acu-1-e-st-rst-doph-1423579\\\/#primaryimage\"},\"thumbnailUrl\":\"https:\\\/\\\/easystar.ee\\\/wp-content\\\/uploads\\\/2025\\\/03\\\/1423579.jpg\",\"datePublished\":\"2025-03-01T01:30:09+00:00\",\"dateModified\":\"2025-10-30T02:00:21+00:00\",\"breadcrumb\":{\"@id\":\"https:\\\/\\\/easystar.ee\\\/en\\\/toode\\\/paberratiku-dosaator-acu-1-e-st-rst-doph-1423579\\\/#breadcrumb\"},\"inLanguage\":\"en-US\",\"potentialAction\":[{\"@type\":\"ReadAction\",\"target\":[\"https:\\\/\\\/easystar.ee\\\/en\\\/toode\\\/paberratiku-dosaator-acu-1-e-st-rst-doph-1423579\\\/\"]}]},{\"@type\":\"ImageObject\",\"inLanguage\":\"en-US\",\"@id\":\"https:\\\/\\\/easystar.ee\\\/en\\\/toode\\\/paberratiku-dosaator-acu-1-e-st-rst-doph-1423579\\\/#primaryimage\",\"url\":\"https:\\\/\\\/easystar.ee\\\/wp-content\\\/uploads\\\/2025\\\/03\\\/1423579.jpg\",\"contentUrl\":\"https:\\\/\\\/easystar.ee\\\/wp-content\\\/uploads\\\/2025\\\/03\\\/1423579.jpg\",\"width\":334,\"height\":408},{\"@type\":\"BreadcrumbList\",\"@id\":\"https:\\\/\\\/easystar.ee\\\/en\\\/toode\\\/paberratiku-dosaator-acu-1-e-st-rst-doph-1423579\\\/#breadcrumb\",\"itemListElement\":[{\"@type\":\"ListItem\",\"position\":1,\"name\":\"Home\",\"item\":\"https:\\\/\\\/easystar.ee\\\/ru\\\/\"},{\"@type\":\"ListItem\",\"position\":2,\"name\":\"Shop\",\"item\":\"https:\\\/\\\/easystar.ee\\\/tooted\\\/\"},{\"@type\":\"ListItem\",\"position\":3,\"name\":\"Paberr\u00e4tiku dosaator ACU 1 E ST rst DOPH-1423579\"}]},{\"@type\":\"WebSite\",\"@id\":\"https:\\\/\\\/easystar.ee\\\/#website\",\"url\":\"https:\\\/\\\/easystar.ee\\\/\",\"name\":\"Easystar.ee\",\"description\":\"\",\"publisher\":{\"@id\":\"https:\\\/\\\/easystar.ee\\\/#organization\"},\"alternateName\":\"Keskkonnas\u00f5bralikud pehmepaberitooted teie kontorisse\",\"potentialAction\":[{\"@type\":\"SearchAction\",\"target\":{\"@type\":\"EntryPoint\",\"urlTemplate\":\"https:\\\/\\\/easystar.ee\\\/?s={search_term_string}\"},\"query-input\":{\"@type\":\"PropertyValueSpecification\",\"valueRequired\":true,\"valueName\":\"search_term_string\"}}],\"inLanguage\":\"en-US\"},{\"@type\":\"Organization\",\"@id\":\"https:\\\/\\\/easystar.ee\\\/#organization\",\"name\":\"Easy Star O\u00dc\",\"url\":\"https:\\\/\\\/easystar.ee\\\/\",\"logo\":{\"@type\":\"ImageObject\",\"inLanguage\":\"en-US\",\"@id\":\"https:\\\/\\\/easystar.ee\\\/#\\\/schema\\\/logo\\\/image\\\/\",\"url\":\"https:\\\/\\\/easystar.ee\\\/wp-content\\\/uploads\\\/2024\\\/03\\\/easystar-logo.svg\",\"contentUrl\":\"https:\\\/\\\/easystar.ee\\\/wp-content\\\/uploads\\\/2024\\\/03\\\/easystar-logo.svg\",\"width\":2000,\"height\":2000,\"caption\":\"Easy Star O\u00dc\"},\"image\":{\"@id\":\"https:\\\/\\\/easystar.ee\\\/#\\\/schema\\\/logo\\\/image\\\/\"}}]}<\/script>\n<!-- \/ Yoast SEO plugin. -->","yoast_head_json":{"title":"Paberr\u00e4tiku dosaator ACU 1 E ST rst DOPH-1423579 &#8212; Easy Star O\u00dc","robots":{"index":"index","follow":"follow","max-snippet":"max-snippet:-1","max-image-preview":"max-image-preview:large","max-video-preview":"max-video-preview:-1"},"canonical":"https:\/\/easystar.ee\/en\/toode\/paberratiku-dosaator-acu-1-e-st-rst-doph-1423579\/","og_locale":"en_US","og_type":"article","og_title":"Paberr\u00e4tiku dosaator ACU 1 E ST rst DOPH-1423579 &#8212; Easy Star O\u00dc","og_description":"Autocut jaotur (292x433x222mm) 5.57 kg rullpaberir\u00e4tikutele, harjatud roostevaba teras, s\u00f5rmej\u00e4ljevastase kattega, automaatse l\u00f5ikamisega, mis v\u00f5imaldab paberi allapoole t\u00f5mbamisel \u00fcksikuid lehti, kuni 210 mm l\u00e4bim\u00f5\u00f5duga.  Sobib perforatsioonita r\u00e4tikupaberirullidele, max. rulli laius 190-210 mm, s\u00fcdamiku l\u00e4bim\u00f5\u00f5t &gt; 36 mm Avariijuhtimishoovaga, lukustatav, t\u00e4itetaseme aknaga, kaldpealne korpus takistab soovimatute esemete asetamist dosaatorile","og_url":"https:\/\/easystar.ee\/en\/toode\/paberratiku-dosaator-acu-1-e-st-rst-doph-1423579\/","og_site_name":"Easy Star O\u00dc","article_modified_time":"2025-10-30T02:00:21+00:00","og_image":[{"width":334,"height":408,"url":"https:\/\/easystar.ee\/wp-content\/uploads\/2025\/03\/1423579.jpg","type":"image\/jpeg"}],"twitter_card":"summary_large_image","schema":{"@context":"https:\/\/schema.org","@graph":[{"@type":"WebPage","@id":"https:\/\/easystar.ee\/en\/toode\/paberratiku-dosaator-acu-1-e-st-rst-doph-1423579\/","url":"https:\/\/easystar.ee\/en\/toode\/paberratiku-dosaator-acu-1-e-st-rst-doph-1423579\/","name":"Paberr\u00e4tiku dosaator ACU 1 E ST rst DOPH-1423579 &#8212; Easy Star O\u00dc","isPartOf":{"@id":"https:\/\/easystar.ee\/#website"},"primaryImageOfPage":{"@id":"https:\/\/easystar.ee\/en\/toode\/paberratiku-dosaator-acu-1-e-st-rst-doph-1423579\/#primaryimage"},"image":{"@id":"https:\/\/easystar.ee\/en\/toode\/paberratiku-dosaator-acu-1-e-st-rst-doph-1423579\/#primaryimage"},"thumbnailUrl":"https:\/\/easystar.ee\/wp-content\/uploads\/2025\/03\/1423579.jpg","datePublished":"2025-03-01T01:30:09+00:00","dateModified":"2025-10-30T02:00:21+00:00","breadcrumb":{"@id":"https:\/\/easystar.ee\/en\/toode\/paberratiku-dosaator-acu-1-e-st-rst-doph-1423579\/#breadcrumb"},"inLanguage":"en-US","potentialAction":[{"@type":"ReadAction","target":["https:\/\/easystar.ee\/en\/toode\/paberratiku-dosaator-acu-1-e-st-rst-doph-1423579\/"]}]},{"@type":"ImageObject","inLanguage":"en-US","@id":"https:\/\/easystar.ee\/en\/toode\/paberratiku-dosaator-acu-1-e-st-rst-doph-1423579\/#primaryimage","url":"https:\/\/easystar.ee\/wp-content\/uploads\/2025\/03\/1423579.jpg","contentUrl":"https:\/\/easystar.ee\/wp-content\/uploads\/2025\/03\/1423579.jpg","width":334,"height":408},{"@type":"BreadcrumbList","@id":"https:\/\/easystar.ee\/en\/toode\/paberratiku-dosaator-acu-1-e-st-rst-doph-1423579\/#breadcrumb","itemListElement":[{"@type":"ListItem","position":1,"name":"Home","item":"https:\/\/easystar.ee\/ru\/"},{"@type":"ListItem","position":2,"name":"Shop","item":"https:\/\/easystar.ee\/tooted\/"},{"@type":"ListItem","position":3,"name":"Paberr\u00e4tiku dosaator ACU 1 E ST rst DOPH-1423579"}]},{"@type":"WebSite","@id":"https:\/\/easystar.ee\/#website","url":"https:\/\/easystar.ee\/","name":"Easystar.ee","description":"","publisher":{"@id":"https:\/\/easystar.ee\/#organization"},"alternateName":"Keskkonnas\u00f5bralikud pehmepaberitooted teie kontorisse","potentialAction":[{"@type":"SearchAction","target":{"@type":"EntryPoint","urlTemplate":"https:\/\/easystar.ee\/?s={search_term_string}"},"query-input":{"@type":"PropertyValueSpecification","valueRequired":true,"valueName":"search_term_string"}}],"inLanguage":"en-US"},{"@type":"Organization","@id":"https:\/\/easystar.ee\/#organization","name":"Easy Star O\u00dc","url":"https:\/\/easystar.ee\/","logo":{"@type":"ImageObject","inLanguage":"en-US","@id":"https:\/\/easystar.ee\/#\/schema\/logo\/image\/","url":"https:\/\/easystar.ee\/wp-content\/uploads\/2024\/03\/easystar-logo.svg","contentUrl":"https:\/\/easystar.ee\/wp-content\/uploads\/2024\/03\/easystar-logo.svg","width":2000,"height":2000,"caption":"Easy Star O\u00dc"},"image":{"@id":"https:\/\/easystar.ee\/#\/schema\/logo\/image\/"}}]}},"_links":{"self":[{"href":"https:\/\/easystar.ee\/en\/wp-json\/wp\/v2\/product\/59316","targetHints":{"allow":["GET"]}}],"collection":[{"href":"https:\/\/easystar.ee\/en\/wp-json\/wp\/v2\/product"}],"about":[{"href":"https:\/\/easystar.ee\/en\/wp-json\/wp\/v2\/types\/product"}],"wp:featuredmedia":[{"embeddable":true,"href":"https:\/\/easystar.ee\/en\/wp-json\/wp\/v2\/media\/59308"}],"wp:attachment":[{"href":"https:\/\/easystar.ee\/en\/wp-json\/wp\/v2\/media?parent=59316"}],"wp:term":[{"taxonomy":"product_brand","embeddable":true,"href":"https:\/\/easystar.ee\/en\/wp-json\/wp\/v2\/product_brand?post=59316"},{"taxonomy":"product_cat","embeddable":true,"href":"https:\/\/easystar.ee\/en\/wp-json\/wp\/v2\/product_cat?post=59316"},{"taxonomy":"product_tag","embeddable":true,"href":"https:\/\/easystar.ee\/en\/wp-json\/wp\/v2\/product_tag?post=59316"}],"curies":[{"name":"wp","href":"https:\/\/api.w.org\/{rel}","templated":true}]}}