{"id":58666,"date":"2025-02-26T01:30:17","date_gmt":"2025-02-26T01:30:17","guid":{"rendered":"https:\/\/easystar.ee\/toode\/udara-kastmistops-duo-d2800110\/"},"modified":"2025-10-30T02:00:05","modified_gmt":"2025-10-30T02:00:05","slug":"udara-kastmistops-duo-d2800110","status":"publish","type":"product","link":"https:\/\/easystar.ee\/en\/toode\/udara-kastmistops-duo-d2800110\/","title":{"rendered":"Udara kastmistops duo D2800110"},"content":{"rendered":"","protected":false},"excerpt":{"rendered":"<p>Kastmistopsi kasutatakse lehma nisa desinfitseerimiseks l\u00fcpsmise ajal.<br \/>\nSellel kastetopsil on kaks imitoru, mis v\u00e4hendavad pudeli pigistamiseks vajalikku pingutust.<br \/>\nTopelttoru: pigistamise ajal on vaja v\u00e4hem pingutust<br \/>\nKokkusurutav pudel skaalaga<br \/>\nVedelik ei voola tagasi<br \/>\nLihtne puhastada<br \/>\nMugava v\u00f6\u00f6klambriga<br \/>\nMaterjal Plastik, Laius 95 mm, K\u00f5rgus 220 mm, S\u00fcgavus 70 mm ,Kaal 115 g, Maht 300 ml<\/p>\n","protected":false},"featured_media":58664,"template":"","meta":{"_acf_changed":false},"product_brand":[],"product_cat":[1814,1969],"product_tag":[],"class_list":{"0":"post-58666","1":"product","2":"type-product","3":"status-publish","4":"has-post-thumbnail","6":"product_cat-dispensers","7":"product_cat-dispensers-for-agricultural-cleaning-agents","9":"first","10":"instock","11":"taxable","12":"shipping-taxable","13":"purchasable","14":"product-type-simple"},"acf":[],"yoast_head":"<!-- This site is optimized with the Yoast SEO plugin v27.5 - https:\/\/yoast.com\/product\/yoast-seo-wordpress\/ -->\n<title>Udara kastmistops duo D2800110 &#8212; Easy Star O\u00dc<\/title>\n<meta name=\"robots\" content=\"index, follow, max-snippet:-1, max-image-preview:large, max-video-preview:-1\" \/>\n<link rel=\"canonical\" href=\"https:\/\/easystar.ee\/en\/toode\/udara-kastmistops-duo-d2800110\/\" \/>\n<meta property=\"og:locale\" content=\"en_US\" \/>\n<meta property=\"og:type\" content=\"article\" \/>\n<meta property=\"og:title\" content=\"Udara kastmistops duo D2800110 &#8212; Easy Star O\u00dc\" \/>\n<meta property=\"og:description\" content=\"Kastmistopsi kasutatakse lehma nisa desinfitseerimiseks l\u00fcpsmise ajal. Sellel kastetopsil on kaks imitoru, mis v\u00e4hendavad pudeli pigistamiseks vajalikku pingutust. Topelttoru: pigistamise ajal on vaja v\u00e4hem pingutust Kokkusurutav pudel skaalaga Vedelik ei voola tagasi Lihtne puhastada Mugava v\u00f6\u00f6klambriga Materjal Plastik, Laius 95 mm, K\u00f5rgus 220 mm, S\u00fcgavus 70 mm ,Kaal 115 g, Maht 300 ml\" \/>\n<meta property=\"og:url\" content=\"https:\/\/easystar.ee\/en\/toode\/udara-kastmistops-duo-d2800110\/\" \/>\n<meta property=\"og:site_name\" content=\"Easy Star O\u00dc\" \/>\n<meta property=\"article:modified_time\" content=\"2025-10-30T02:00:05+00:00\" \/>\n<meta property=\"og:image\" content=\"https:\/\/easystar.ee\/wp-content\/uploads\/2025\/02\/2800110.jpg\" \/>\n\t<meta property=\"og:image:width\" content=\"417\" \/>\n\t<meta property=\"og:image:height\" content=\"410\" \/>\n\t<meta property=\"og:image:type\" content=\"image\/jpeg\" \/>\n<meta name=\"twitter:card\" content=\"summary_large_image\" \/>\n<script type=\"application\/ld+json\" class=\"yoast-schema-graph\">{\"@context\":\"https:\\\/\\\/schema.org\",\"@graph\":[{\"@type\":\"WebPage\",\"@id\":\"https:\\\/\\\/easystar.ee\\\/en\\\/toode\\\/udara-kastmistops-duo-d2800110\\\/\",\"url\":\"https:\\\/\\\/easystar.ee\\\/en\\\/toode\\\/udara-kastmistops-duo-d2800110\\\/\",\"name\":\"Udara kastmistops duo D2800110 &#8212; Easy Star O\u00dc\",\"isPartOf\":{\"@id\":\"https:\\\/\\\/easystar.ee\\\/#website\"},\"primaryImageOfPage\":{\"@id\":\"https:\\\/\\\/easystar.ee\\\/en\\\/toode\\\/udara-kastmistops-duo-d2800110\\\/#primaryimage\"},\"image\":{\"@id\":\"https:\\\/\\\/easystar.ee\\\/en\\\/toode\\\/udara-kastmistops-duo-d2800110\\\/#primaryimage\"},\"thumbnailUrl\":\"https:\\\/\\\/easystar.ee\\\/wp-content\\\/uploads\\\/2025\\\/02\\\/2800110.jpg\",\"datePublished\":\"2025-02-26T01:30:17+00:00\",\"dateModified\":\"2025-10-30T02:00:05+00:00\",\"breadcrumb\":{\"@id\":\"https:\\\/\\\/easystar.ee\\\/en\\\/toode\\\/udara-kastmistops-duo-d2800110\\\/#breadcrumb\"},\"inLanguage\":\"en-US\",\"potentialAction\":[{\"@type\":\"ReadAction\",\"target\":[\"https:\\\/\\\/easystar.ee\\\/en\\\/toode\\\/udara-kastmistops-duo-d2800110\\\/\"]}]},{\"@type\":\"ImageObject\",\"inLanguage\":\"en-US\",\"@id\":\"https:\\\/\\\/easystar.ee\\\/en\\\/toode\\\/udara-kastmistops-duo-d2800110\\\/#primaryimage\",\"url\":\"https:\\\/\\\/easystar.ee\\\/wp-content\\\/uploads\\\/2025\\\/02\\\/2800110.jpg\",\"contentUrl\":\"https:\\\/\\\/easystar.ee\\\/wp-content\\\/uploads\\\/2025\\\/02\\\/2800110.jpg\",\"width\":417,\"height\":410},{\"@type\":\"BreadcrumbList\",\"@id\":\"https:\\\/\\\/easystar.ee\\\/en\\\/toode\\\/udara-kastmistops-duo-d2800110\\\/#breadcrumb\",\"itemListElement\":[{\"@type\":\"ListItem\",\"position\":1,\"name\":\"Home\",\"item\":\"https:\\\/\\\/easystar.ee\\\/ru\\\/\"},{\"@type\":\"ListItem\",\"position\":2,\"name\":\"Shop\",\"item\":\"https:\\\/\\\/easystar.ee\\\/tooted\\\/\"},{\"@type\":\"ListItem\",\"position\":3,\"name\":\"Udara kastmistops duo D2800110\"}]},{\"@type\":\"WebSite\",\"@id\":\"https:\\\/\\\/easystar.ee\\\/#website\",\"url\":\"https:\\\/\\\/easystar.ee\\\/\",\"name\":\"Easystar.ee\",\"description\":\"\",\"publisher\":{\"@id\":\"https:\\\/\\\/easystar.ee\\\/#organization\"},\"alternateName\":\"Keskkonnas\u00f5bralikud pehmepaberitooted teie kontorisse\",\"potentialAction\":[{\"@type\":\"SearchAction\",\"target\":{\"@type\":\"EntryPoint\",\"urlTemplate\":\"https:\\\/\\\/easystar.ee\\\/?s={search_term_string}\"},\"query-input\":{\"@type\":\"PropertyValueSpecification\",\"valueRequired\":true,\"valueName\":\"search_term_string\"}}],\"inLanguage\":\"en-US\"},{\"@type\":\"Organization\",\"@id\":\"https:\\\/\\\/easystar.ee\\\/#organization\",\"name\":\"Easy Star O\u00dc\",\"url\":\"https:\\\/\\\/easystar.ee\\\/\",\"logo\":{\"@type\":\"ImageObject\",\"inLanguage\":\"en-US\",\"@id\":\"https:\\\/\\\/easystar.ee\\\/#\\\/schema\\\/logo\\\/image\\\/\",\"url\":\"https:\\\/\\\/easystar.ee\\\/wp-content\\\/uploads\\\/2024\\\/03\\\/easystar-logo.svg\",\"contentUrl\":\"https:\\\/\\\/easystar.ee\\\/wp-content\\\/uploads\\\/2024\\\/03\\\/easystar-logo.svg\",\"width\":2000,\"height\":2000,\"caption\":\"Easy Star O\u00dc\"},\"image\":{\"@id\":\"https:\\\/\\\/easystar.ee\\\/#\\\/schema\\\/logo\\\/image\\\/\"}}]}<\/script>\n<!-- \/ Yoast SEO plugin. -->","yoast_head_json":{"title":"Udara kastmistops duo D2800110 &#8212; Easy Star O\u00dc","robots":{"index":"index","follow":"follow","max-snippet":"max-snippet:-1","max-image-preview":"max-image-preview:large","max-video-preview":"max-video-preview:-1"},"canonical":"https:\/\/easystar.ee\/en\/toode\/udara-kastmistops-duo-d2800110\/","og_locale":"en_US","og_type":"article","og_title":"Udara kastmistops duo D2800110 &#8212; Easy Star O\u00dc","og_description":"Kastmistopsi kasutatakse lehma nisa desinfitseerimiseks l\u00fcpsmise ajal. Sellel kastetopsil on kaks imitoru, mis v\u00e4hendavad pudeli pigistamiseks vajalikku pingutust. Topelttoru: pigistamise ajal on vaja v\u00e4hem pingutust Kokkusurutav pudel skaalaga Vedelik ei voola tagasi Lihtne puhastada Mugava v\u00f6\u00f6klambriga Materjal Plastik, Laius 95 mm, K\u00f5rgus 220 mm, S\u00fcgavus 70 mm ,Kaal 115 g, Maht 300 ml","og_url":"https:\/\/easystar.ee\/en\/toode\/udara-kastmistops-duo-d2800110\/","og_site_name":"Easy Star O\u00dc","article_modified_time":"2025-10-30T02:00:05+00:00","og_image":[{"width":417,"height":410,"url":"https:\/\/easystar.ee\/wp-content\/uploads\/2025\/02\/2800110.jpg","type":"image\/jpeg"}],"twitter_card":"summary_large_image","schema":{"@context":"https:\/\/schema.org","@graph":[{"@type":"WebPage","@id":"https:\/\/easystar.ee\/en\/toode\/udara-kastmistops-duo-d2800110\/","url":"https:\/\/easystar.ee\/en\/toode\/udara-kastmistops-duo-d2800110\/","name":"Udara kastmistops duo D2800110 &#8212; Easy Star O\u00dc","isPartOf":{"@id":"https:\/\/easystar.ee\/#website"},"primaryImageOfPage":{"@id":"https:\/\/easystar.ee\/en\/toode\/udara-kastmistops-duo-d2800110\/#primaryimage"},"image":{"@id":"https:\/\/easystar.ee\/en\/toode\/udara-kastmistops-duo-d2800110\/#primaryimage"},"thumbnailUrl":"https:\/\/easystar.ee\/wp-content\/uploads\/2025\/02\/2800110.jpg","datePublished":"2025-02-26T01:30:17+00:00","dateModified":"2025-10-30T02:00:05+00:00","breadcrumb":{"@id":"https:\/\/easystar.ee\/en\/toode\/udara-kastmistops-duo-d2800110\/#breadcrumb"},"inLanguage":"en-US","potentialAction":[{"@type":"ReadAction","target":["https:\/\/easystar.ee\/en\/toode\/udara-kastmistops-duo-d2800110\/"]}]},{"@type":"ImageObject","inLanguage":"en-US","@id":"https:\/\/easystar.ee\/en\/toode\/udara-kastmistops-duo-d2800110\/#primaryimage","url":"https:\/\/easystar.ee\/wp-content\/uploads\/2025\/02\/2800110.jpg","contentUrl":"https:\/\/easystar.ee\/wp-content\/uploads\/2025\/02\/2800110.jpg","width":417,"height":410},{"@type":"BreadcrumbList","@id":"https:\/\/easystar.ee\/en\/toode\/udara-kastmistops-duo-d2800110\/#breadcrumb","itemListElement":[{"@type":"ListItem","position":1,"name":"Home","item":"https:\/\/easystar.ee\/ru\/"},{"@type":"ListItem","position":2,"name":"Shop","item":"https:\/\/easystar.ee\/tooted\/"},{"@type":"ListItem","position":3,"name":"Udara kastmistops duo D2800110"}]},{"@type":"WebSite","@id":"https:\/\/easystar.ee\/#website","url":"https:\/\/easystar.ee\/","name":"Easystar.ee","description":"","publisher":{"@id":"https:\/\/easystar.ee\/#organization"},"alternateName":"Keskkonnas\u00f5bralikud pehmepaberitooted teie kontorisse","potentialAction":[{"@type":"SearchAction","target":{"@type":"EntryPoint","urlTemplate":"https:\/\/easystar.ee\/?s={search_term_string}"},"query-input":{"@type":"PropertyValueSpecification","valueRequired":true,"valueName":"search_term_string"}}],"inLanguage":"en-US"},{"@type":"Organization","@id":"https:\/\/easystar.ee\/#organization","name":"Easy Star O\u00dc","url":"https:\/\/easystar.ee\/","logo":{"@type":"ImageObject","inLanguage":"en-US","@id":"https:\/\/easystar.ee\/#\/schema\/logo\/image\/","url":"https:\/\/easystar.ee\/wp-content\/uploads\/2024\/03\/easystar-logo.svg","contentUrl":"https:\/\/easystar.ee\/wp-content\/uploads\/2024\/03\/easystar-logo.svg","width":2000,"height":2000,"caption":"Easy Star O\u00dc"},"image":{"@id":"https:\/\/easystar.ee\/#\/schema\/logo\/image\/"}}]}},"_links":{"self":[{"href":"https:\/\/easystar.ee\/en\/wp-json\/wp\/v2\/product\/58666","targetHints":{"allow":["GET"]}}],"collection":[{"href":"https:\/\/easystar.ee\/en\/wp-json\/wp\/v2\/product"}],"about":[{"href":"https:\/\/easystar.ee\/en\/wp-json\/wp\/v2\/types\/product"}],"wp:featuredmedia":[{"embeddable":true,"href":"https:\/\/easystar.ee\/en\/wp-json\/wp\/v2\/media\/58664"}],"wp:attachment":[{"href":"https:\/\/easystar.ee\/en\/wp-json\/wp\/v2\/media?parent=58666"}],"wp:term":[{"taxonomy":"product_brand","embeddable":true,"href":"https:\/\/easystar.ee\/en\/wp-json\/wp\/v2\/product_brand?post=58666"},{"taxonomy":"product_cat","embeddable":true,"href":"https:\/\/easystar.ee\/en\/wp-json\/wp\/v2\/product_cat?post=58666"},{"taxonomy":"product_tag","embeddable":true,"href":"https:\/\/easystar.ee\/en\/wp-json\/wp\/v2\/product_tag?post=58666"}],"curies":[{"name":"wp","href":"https:\/\/api.w.org\/{rel}","templated":true}]}}