{"id":53004,"date":"2025-01-27T12:44:52","date_gmt":"2025-01-27T12:44:52","guid":{"rendered":"https:\/\/easystar.ee\/toode\/calgonit-ds-680-forte-22kg-pindade-des-vahend-kds680f-22\/"},"modified":"2025-10-30T01:59:29","modified_gmt":"2025-10-30T01:59:29","slug":"calgonit-ds-680-forte-22kg-pindade-des-vahend-kds680f-22","status":"publish","type":"product","link":"https:\/\/easystar.ee\/en\/toode\/calgonit-ds-680-forte-22kg-pindade-des-vahend-kds680f-22\/","title":{"rendered":"CALGONIT DS 680 FORTE 22kg pindade des.vahend. KDS680F\/22"},"content":{"rendered":"","protected":false},"excerpt":{"rendered":"<p>calgonit DS 680 forte on suurep\u00e4rase bakteritsiidse, levurotsiidse ja virutsiidse toimega kontsentreeritud pindade desinfektsioonivahend, mis sobib lautade, talliseadmete, loomade transpordivahendite desinfitseerimiseks. Calgonit DS 680 forte saavutab oma laia mikrobioloogilise toimespektri kasutatud pindaktiivsete ainete poolt, mis v\u00f5imaldavad k\u00f5ikide pindade t\u00e4ielikku m\u00e4rgumist ja seega ohutult desinfitseerida ka ebatasased pinnad. Pealekandmine toimub pihustus-, vahu- v\u00f5i udustamisseadmetega. Calgonit DS 680 forte on testitud praeguste Euroopa standardite j\u00e4rgi. * Bakteritsiidne<br \/>\nEN 1656, EN 14349 bakterid 10\u00b0C = 1% 60 min.<br \/>\nEN 1657 p\u00e4rmid 10\u00b0C = 0,25% 30 min.<br \/>\n\u00dcmbrisega viirused (DVG meetod) 10\u00b0C = 1,5% 30 min.<br \/>\n\u00dcmbriseta viirused (DVG meetod) 10\u00b0C = 6% 120 min.<\/p>\n","protected":false},"featured_media":53005,"template":"","meta":{"_acf_changed":false},"product_brand":[],"product_cat":[1865,1827],"product_tag":[],"class_list":{"0":"post-53004","1":"product","2":"type-product","3":"status-publish","4":"has-post-thumbnail","6":"product_cat-farmikeemia","7":"product_cat-keemia","9":"first","10":"instock","11":"taxable","12":"shipping-taxable","13":"purchasable","14":"product-type-simple"},"acf":[],"yoast_head":"<!-- This site is optimized with the Yoast SEO plugin v27.3 - https:\/\/yoast.com\/product\/yoast-seo-wordpress\/ -->\n<title>CALGONIT DS 680 FORTE 22kg pindade des.vahend. KDS680F\/22 &#8212; Easy Star O\u00dc<\/title>\n<meta name=\"robots\" content=\"index, follow, max-snippet:-1, max-image-preview:large, max-video-preview:-1\" \/>\n<link rel=\"canonical\" href=\"https:\/\/easystar.ee\/toode\/calgonit-ds-680-forte-22kg-pindade-des-vahend-kds680f-22\/\" \/>\n<meta property=\"og:locale\" content=\"en_US\" \/>\n<meta property=\"og:type\" content=\"article\" \/>\n<meta property=\"og:title\" content=\"CALGONIT DS 680 FORTE 22kg pindade des.vahend. KDS680F\/22 &#8212; Easy Star O\u00dc\" \/>\n<meta property=\"og:description\" content=\"calgonit DS 680 forte on suurep\u00e4rase bakteritsiidse, levurotsiidse ja virutsiidse toimega kontsentreeritud pindade desinfektsioonivahend, mis sobib lautade, talliseadmete, loomade transpordivahendite desinfitseerimiseks. Calgonit DS 680 forte saavutab oma laia mikrobioloogilise toimespektri kasutatud pindaktiivsete ainete poolt, mis v\u00f5imaldavad k\u00f5ikide pindade t\u00e4ielikku m\u00e4rgumist ja seega ohutult desinfitseerida ka ebatasased pinnad. Pealekandmine toimub pihustus-, vahu- v\u00f5i udustamisseadmetega. Calgonit DS 680 forte on testitud praeguste Euroopa standardite j\u00e4rgi. * Bakteritsiidne EN 1656, EN 14349 bakterid 10\u00b0C = 1% 60 min. EN 1657 p\u00e4rmid 10\u00b0C = 0,25% 30 min. \u00dcmbrisega viirused (DVG meetod) 10\u00b0C = 1,5% 30 min. \u00dcmbriseta viirused (DVG meetod) 10\u00b0C = 6% 120 min.\" \/>\n<meta property=\"og:url\" content=\"https:\/\/easystar.ee\/toode\/calgonit-ds-680-forte-22kg-pindade-des-vahend-kds680f-22\/\" \/>\n<meta property=\"og:site_name\" content=\"Easy Star O\u00dc\" \/>\n<meta property=\"article:modified_time\" content=\"2025-10-30T01:59:29+00:00\" \/>\n<meta property=\"og:image\" content=\"https:\/\/easystar.ee\/wp-content\/uploads\/2025\/01\/calgonit_ds_680_forte_22_kg.jpg\" \/>\n\t<meta property=\"og:image:width\" content=\"310\" \/>\n\t<meta property=\"og:image:height\" content=\"417\" \/>\n\t<meta property=\"og:image:type\" content=\"image\/jpeg\" \/>\n<meta name=\"twitter:card\" content=\"summary_large_image\" \/>\n<meta name=\"twitter:label1\" content=\"Est. reading time\" \/>\n\t<meta name=\"twitter:data1\" content=\"1 minute\" \/>\n<script type=\"application\/ld+json\" class=\"yoast-schema-graph\">{\"@context\":\"https:\\\/\\\/schema.org\",\"@graph\":[{\"@type\":\"WebPage\",\"@id\":\"https:\\\/\\\/easystar.ee\\\/toode\\\/calgonit-ds-680-forte-22kg-pindade-des-vahend-kds680f-22\\\/\",\"url\":\"https:\\\/\\\/easystar.ee\\\/toode\\\/calgonit-ds-680-forte-22kg-pindade-des-vahend-kds680f-22\\\/\",\"name\":\"CALGONIT DS 680 FORTE 22kg pindade des.vahend. KDS680F\\\/22 &#8212; Easy Star O\u00dc\",\"isPartOf\":{\"@id\":\"https:\\\/\\\/easystar.ee\\\/#website\"},\"primaryImageOfPage\":{\"@id\":\"https:\\\/\\\/easystar.ee\\\/toode\\\/calgonit-ds-680-forte-22kg-pindade-des-vahend-kds680f-22\\\/#primaryimage\"},\"image\":{\"@id\":\"https:\\\/\\\/easystar.ee\\\/toode\\\/calgonit-ds-680-forte-22kg-pindade-des-vahend-kds680f-22\\\/#primaryimage\"},\"thumbnailUrl\":\"https:\\\/\\\/easystar.ee\\\/wp-content\\\/uploads\\\/2025\\\/01\\\/calgonit_ds_680_forte_22_kg.jpg\",\"datePublished\":\"2025-01-27T12:44:52+00:00\",\"dateModified\":\"2025-10-30T01:59:29+00:00\",\"breadcrumb\":{\"@id\":\"https:\\\/\\\/easystar.ee\\\/toode\\\/calgonit-ds-680-forte-22kg-pindade-des-vahend-kds680f-22\\\/#breadcrumb\"},\"inLanguage\":\"en-US\",\"potentialAction\":[{\"@type\":\"ReadAction\",\"target\":[\"https:\\\/\\\/easystar.ee\\\/toode\\\/calgonit-ds-680-forte-22kg-pindade-des-vahend-kds680f-22\\\/\"]}]},{\"@type\":\"ImageObject\",\"inLanguage\":\"en-US\",\"@id\":\"https:\\\/\\\/easystar.ee\\\/toode\\\/calgonit-ds-680-forte-22kg-pindade-des-vahend-kds680f-22\\\/#primaryimage\",\"url\":\"https:\\\/\\\/easystar.ee\\\/wp-content\\\/uploads\\\/2025\\\/01\\\/calgonit_ds_680_forte_22_kg.jpg\",\"contentUrl\":\"https:\\\/\\\/easystar.ee\\\/wp-content\\\/uploads\\\/2025\\\/01\\\/calgonit_ds_680_forte_22_kg.jpg\",\"width\":310,\"height\":417},{\"@type\":\"BreadcrumbList\",\"@id\":\"https:\\\/\\\/easystar.ee\\\/toode\\\/calgonit-ds-680-forte-22kg-pindade-des-vahend-kds680f-22\\\/#breadcrumb\",\"itemListElement\":[{\"@type\":\"ListItem\",\"position\":1,\"name\":\"Home\",\"item\":\"https:\\\/\\\/easystar.ee\\\/ru\\\/\"},{\"@type\":\"ListItem\",\"position\":2,\"name\":\"Shop\",\"item\":\"https:\\\/\\\/easystar.ee\\\/tooted\\\/\"},{\"@type\":\"ListItem\",\"position\":3,\"name\":\"CALGONIT DS 680 FORTE 22kg pindade des.vahend. KDS680F\\\/22\"}]},{\"@type\":\"WebSite\",\"@id\":\"https:\\\/\\\/easystar.ee\\\/#website\",\"url\":\"https:\\\/\\\/easystar.ee\\\/\",\"name\":\"Easystar.ee\",\"description\":\"\",\"publisher\":{\"@id\":\"https:\\\/\\\/easystar.ee\\\/#organization\"},\"alternateName\":\"Keskkonnas\u00f5bralikud pehmepaberitooted teie kontorisse\",\"potentialAction\":[{\"@type\":\"SearchAction\",\"target\":{\"@type\":\"EntryPoint\",\"urlTemplate\":\"https:\\\/\\\/easystar.ee\\\/?s={search_term_string}\"},\"query-input\":{\"@type\":\"PropertyValueSpecification\",\"valueRequired\":true,\"valueName\":\"search_term_string\"}}],\"inLanguage\":\"en-US\"},{\"@type\":\"Organization\",\"@id\":\"https:\\\/\\\/easystar.ee\\\/#organization\",\"name\":\"Easy Star O\u00dc\",\"url\":\"https:\\\/\\\/easystar.ee\\\/\",\"logo\":{\"@type\":\"ImageObject\",\"inLanguage\":\"en-US\",\"@id\":\"https:\\\/\\\/easystar.ee\\\/#\\\/schema\\\/logo\\\/image\\\/\",\"url\":\"https:\\\/\\\/easystar.ee\\\/wp-content\\\/uploads\\\/2024\\\/03\\\/easystar-logo.svg\",\"contentUrl\":\"https:\\\/\\\/easystar.ee\\\/wp-content\\\/uploads\\\/2024\\\/03\\\/easystar-logo.svg\",\"width\":2000,\"height\":2000,\"caption\":\"Easy Star O\u00dc\"},\"image\":{\"@id\":\"https:\\\/\\\/easystar.ee\\\/#\\\/schema\\\/logo\\\/image\\\/\"}}]}<\/script>\n<!-- \/ Yoast SEO plugin. -->","yoast_head_json":{"title":"CALGONIT DS 680 FORTE 22kg pindade des.vahend. KDS680F\/22 &#8212; Easy Star O\u00dc","robots":{"index":"index","follow":"follow","max-snippet":"max-snippet:-1","max-image-preview":"max-image-preview:large","max-video-preview":"max-video-preview:-1"},"canonical":"https:\/\/easystar.ee\/toode\/calgonit-ds-680-forte-22kg-pindade-des-vahend-kds680f-22\/","og_locale":"en_US","og_type":"article","og_title":"CALGONIT DS 680 FORTE 22kg pindade des.vahend. KDS680F\/22 &#8212; Easy Star O\u00dc","og_description":"calgonit DS 680 forte on suurep\u00e4rase bakteritsiidse, levurotsiidse ja virutsiidse toimega kontsentreeritud pindade desinfektsioonivahend, mis sobib lautade, talliseadmete, loomade transpordivahendite desinfitseerimiseks. Calgonit DS 680 forte saavutab oma laia mikrobioloogilise toimespektri kasutatud pindaktiivsete ainete poolt, mis v\u00f5imaldavad k\u00f5ikide pindade t\u00e4ielikku m\u00e4rgumist ja seega ohutult desinfitseerida ka ebatasased pinnad. Pealekandmine toimub pihustus-, vahu- v\u00f5i udustamisseadmetega. Calgonit DS 680 forte on testitud praeguste Euroopa standardite j\u00e4rgi. * Bakteritsiidne EN 1656, EN 14349 bakterid 10\u00b0C = 1% 60 min. EN 1657 p\u00e4rmid 10\u00b0C = 0,25% 30 min. \u00dcmbrisega viirused (DVG meetod) 10\u00b0C = 1,5% 30 min. \u00dcmbriseta viirused (DVG meetod) 10\u00b0C = 6% 120 min.","og_url":"https:\/\/easystar.ee\/toode\/calgonit-ds-680-forte-22kg-pindade-des-vahend-kds680f-22\/","og_site_name":"Easy Star O\u00dc","article_modified_time":"2025-10-30T01:59:29+00:00","og_image":[{"width":310,"height":417,"url":"https:\/\/easystar.ee\/wp-content\/uploads\/2025\/01\/calgonit_ds_680_forte_22_kg.jpg","type":"image\/jpeg"}],"twitter_card":"summary_large_image","twitter_misc":{"Est. reading time":"1 minute"},"schema":{"@context":"https:\/\/schema.org","@graph":[{"@type":"WebPage","@id":"https:\/\/easystar.ee\/toode\/calgonit-ds-680-forte-22kg-pindade-des-vahend-kds680f-22\/","url":"https:\/\/easystar.ee\/toode\/calgonit-ds-680-forte-22kg-pindade-des-vahend-kds680f-22\/","name":"CALGONIT DS 680 FORTE 22kg pindade des.vahend. KDS680F\/22 &#8212; Easy Star O\u00dc","isPartOf":{"@id":"https:\/\/easystar.ee\/#website"},"primaryImageOfPage":{"@id":"https:\/\/easystar.ee\/toode\/calgonit-ds-680-forte-22kg-pindade-des-vahend-kds680f-22\/#primaryimage"},"image":{"@id":"https:\/\/easystar.ee\/toode\/calgonit-ds-680-forte-22kg-pindade-des-vahend-kds680f-22\/#primaryimage"},"thumbnailUrl":"https:\/\/easystar.ee\/wp-content\/uploads\/2025\/01\/calgonit_ds_680_forte_22_kg.jpg","datePublished":"2025-01-27T12:44:52+00:00","dateModified":"2025-10-30T01:59:29+00:00","breadcrumb":{"@id":"https:\/\/easystar.ee\/toode\/calgonit-ds-680-forte-22kg-pindade-des-vahend-kds680f-22\/#breadcrumb"},"inLanguage":"en-US","potentialAction":[{"@type":"ReadAction","target":["https:\/\/easystar.ee\/toode\/calgonit-ds-680-forte-22kg-pindade-des-vahend-kds680f-22\/"]}]},{"@type":"ImageObject","inLanguage":"en-US","@id":"https:\/\/easystar.ee\/toode\/calgonit-ds-680-forte-22kg-pindade-des-vahend-kds680f-22\/#primaryimage","url":"https:\/\/easystar.ee\/wp-content\/uploads\/2025\/01\/calgonit_ds_680_forte_22_kg.jpg","contentUrl":"https:\/\/easystar.ee\/wp-content\/uploads\/2025\/01\/calgonit_ds_680_forte_22_kg.jpg","width":310,"height":417},{"@type":"BreadcrumbList","@id":"https:\/\/easystar.ee\/toode\/calgonit-ds-680-forte-22kg-pindade-des-vahend-kds680f-22\/#breadcrumb","itemListElement":[{"@type":"ListItem","position":1,"name":"Home","item":"https:\/\/easystar.ee\/ru\/"},{"@type":"ListItem","position":2,"name":"Shop","item":"https:\/\/easystar.ee\/tooted\/"},{"@type":"ListItem","position":3,"name":"CALGONIT DS 680 FORTE 22kg pindade des.vahend. KDS680F\/22"}]},{"@type":"WebSite","@id":"https:\/\/easystar.ee\/#website","url":"https:\/\/easystar.ee\/","name":"Easystar.ee","description":"","publisher":{"@id":"https:\/\/easystar.ee\/#organization"},"alternateName":"Keskkonnas\u00f5bralikud pehmepaberitooted teie kontorisse","potentialAction":[{"@type":"SearchAction","target":{"@type":"EntryPoint","urlTemplate":"https:\/\/easystar.ee\/?s={search_term_string}"},"query-input":{"@type":"PropertyValueSpecification","valueRequired":true,"valueName":"search_term_string"}}],"inLanguage":"en-US"},{"@type":"Organization","@id":"https:\/\/easystar.ee\/#organization","name":"Easy Star O\u00dc","url":"https:\/\/easystar.ee\/","logo":{"@type":"ImageObject","inLanguage":"en-US","@id":"https:\/\/easystar.ee\/#\/schema\/logo\/image\/","url":"https:\/\/easystar.ee\/wp-content\/uploads\/2024\/03\/easystar-logo.svg","contentUrl":"https:\/\/easystar.ee\/wp-content\/uploads\/2024\/03\/easystar-logo.svg","width":2000,"height":2000,"caption":"Easy Star O\u00dc"},"image":{"@id":"https:\/\/easystar.ee\/#\/schema\/logo\/image\/"}}]}},"_links":{"self":[{"href":"https:\/\/easystar.ee\/en\/wp-json\/wp\/v2\/product\/53004","targetHints":{"allow":["GET"]}}],"collection":[{"href":"https:\/\/easystar.ee\/en\/wp-json\/wp\/v2\/product"}],"about":[{"href":"https:\/\/easystar.ee\/en\/wp-json\/wp\/v2\/types\/product"}],"wp:featuredmedia":[{"embeddable":true,"href":"https:\/\/easystar.ee\/en\/wp-json\/wp\/v2\/media\/53005"}],"wp:attachment":[{"href":"https:\/\/easystar.ee\/en\/wp-json\/wp\/v2\/media?parent=53004"}],"wp:term":[{"taxonomy":"product_brand","embeddable":true,"href":"https:\/\/easystar.ee\/en\/wp-json\/wp\/v2\/product_brand?post=53004"},{"taxonomy":"product_cat","embeddable":true,"href":"https:\/\/easystar.ee\/en\/wp-json\/wp\/v2\/product_cat?post=53004"},{"taxonomy":"product_tag","embeddable":true,"href":"https:\/\/easystar.ee\/en\/wp-json\/wp\/v2\/product_tag?post=53004"}],"curies":[{"name":"wp","href":"https:\/\/api.w.org\/{rel}","templated":true}]}}