{"id":52992,"date":"2025-01-27T12:44:51","date_gmt":"2025-01-27T12:44:51","guid":{"rendered":"https:\/\/easystar.ee\/toode\/toolflex-varrehoidja-h-01-siin-900mm-must-kt5340\/"},"modified":"2025-10-30T01:59:26","modified_gmt":"2025-10-30T01:59:26","slug":"toolflex-varrehoidja-h-01-siin-900mm-must-kt5340","status":"publish","type":"product","link":"https:\/\/easystar.ee\/en\/toode\/toolflex-varrehoidja-h-01-siin-900mm-must-kt5340\/","title":{"rendered":"Toolflex varrehoidja H-01 siin 900mm, must KT5340"},"content":{"rendered":"","protected":false},"excerpt":{"rendered":"<p>Provendi tootevalikus on 900 mm pikkune kinnitusliist t\u00f6\u00f6riistahoidjale, mis on suurep\u00e4rane lisavarustus Toolflexi s\u00fcsteemile. See pikem kinnitusliist v\u00f5imaldab hoida suuremat hulka t\u00f6\u00f6riistu ja tarvikuid, muutes selle ideaalseks valikuks nii kodustes kui ka professionaalsetes t\u00f6\u00f6kohtades. Valmistatud kvaliteetsest ja vastupidavast materjalist, tagab see kinnitusliist t\u00f6\u00f6riistade turvalise ja stabiilse hoiustamise. Kinnitusliistu pikkus v\u00f5imaldab paigaldada mitu Toolflexi t\u00f6\u00f6riistahoidjat, pakkudes seel\u00e4bi suuremat paindlikkust ja organiseerimisv\u00f5imalust. Lihtne paigaldada ja kasutada, see kinnitusliist on suurep\u00e4rane viis t\u00f6\u00f6riistade korrastamiseks ja ruumi s\u00e4\u00e4stmiseks.<\/p>\n","protected":false},"featured_media":52993,"template":"","meta":{"_acf_changed":false},"product_brand":[],"product_cat":[1836,1835],"product_tag":[],"class_list":{"0":"post-52992","1":"product","2":"type-product","3":"status-publish","4":"has-post-thumbnail","6":"product_cat-koristustarvikud","7":"product_cat-kt-koristustarvikud","9":"first","10":"onbackorder","11":"taxable","12":"shipping-taxable","13":"purchasable","14":"product-type-simple"},"acf":[],"yoast_head":"<!-- This site is optimized with the Yoast SEO plugin v27.5 - https:\/\/yoast.com\/product\/yoast-seo-wordpress\/ -->\n<title>Toolflex varrehoidja H-01 siin 900mm, must KT5340 &#8212; Easy Star O\u00dc<\/title>\n<meta name=\"robots\" content=\"index, follow, max-snippet:-1, max-image-preview:large, max-video-preview:-1\" \/>\n<link rel=\"canonical\" href=\"https:\/\/easystar.ee\/toode\/toolflex-varrehoidja-h-01-siin-900mm-must-kt5340\/\" \/>\n<meta property=\"og:locale\" content=\"en_US\" \/>\n<meta property=\"og:type\" content=\"article\" \/>\n<meta property=\"og:title\" content=\"Toolflex varrehoidja H-01 siin 900mm, must KT5340 &#8212; Easy Star O\u00dc\" \/>\n<meta property=\"og:description\" content=\"Provendi tootevalikus on 900 mm pikkune kinnitusliist t\u00f6\u00f6riistahoidjale, mis on suurep\u00e4rane lisavarustus Toolflexi s\u00fcsteemile. See pikem kinnitusliist v\u00f5imaldab hoida suuremat hulka t\u00f6\u00f6riistu ja tarvikuid, muutes selle ideaalseks valikuks nii kodustes kui ka professionaalsetes t\u00f6\u00f6kohtades. Valmistatud kvaliteetsest ja vastupidavast materjalist, tagab see kinnitusliist t\u00f6\u00f6riistade turvalise ja stabiilse hoiustamise. Kinnitusliistu pikkus v\u00f5imaldab paigaldada mitu Toolflexi t\u00f6\u00f6riistahoidjat, pakkudes seel\u00e4bi suuremat paindlikkust ja organiseerimisv\u00f5imalust. Lihtne paigaldada ja kasutada, see kinnitusliist on suurep\u00e4rane viis t\u00f6\u00f6riistade korrastamiseks ja ruumi s\u00e4\u00e4stmiseks.\" \/>\n<meta property=\"og:url\" content=\"https:\/\/easystar.ee\/toode\/toolflex-varrehoidja-h-01-siin-900mm-must-kt5340\/\" \/>\n<meta property=\"og:site_name\" content=\"Easy Star O\u00dc\" \/>\n<meta property=\"article:modified_time\" content=\"2025-10-30T01:59:26+00:00\" \/>\n<meta property=\"og:image\" content=\"https:\/\/easystar.ee\/wp-content\/uploads\/2025\/01\/kt5340.jpg\" \/>\n\t<meta property=\"og:image:width\" content=\"514\" \/>\n\t<meta property=\"og:image:height\" content=\"235\" \/>\n\t<meta property=\"og:image:type\" content=\"image\/jpeg\" \/>\n<meta name=\"twitter:card\" content=\"summary_large_image\" \/>\n<meta name=\"twitter:label1\" content=\"Est. reading time\" \/>\n\t<meta name=\"twitter:data1\" content=\"1 minute\" \/>\n<script type=\"application\/ld+json\" class=\"yoast-schema-graph\">{\"@context\":\"https:\\\/\\\/schema.org\",\"@graph\":[{\"@type\":\"WebPage\",\"@id\":\"https:\\\/\\\/easystar.ee\\\/toode\\\/toolflex-varrehoidja-h-01-siin-900mm-must-kt5340\\\/\",\"url\":\"https:\\\/\\\/easystar.ee\\\/toode\\\/toolflex-varrehoidja-h-01-siin-900mm-must-kt5340\\\/\",\"name\":\"Toolflex varrehoidja H-01 siin 900mm, must KT5340 &#8212; Easy Star O\u00dc\",\"isPartOf\":{\"@id\":\"https:\\\/\\\/easystar.ee\\\/#website\"},\"primaryImageOfPage\":{\"@id\":\"https:\\\/\\\/easystar.ee\\\/toode\\\/toolflex-varrehoidja-h-01-siin-900mm-must-kt5340\\\/#primaryimage\"},\"image\":{\"@id\":\"https:\\\/\\\/easystar.ee\\\/toode\\\/toolflex-varrehoidja-h-01-siin-900mm-must-kt5340\\\/#primaryimage\"},\"thumbnailUrl\":\"https:\\\/\\\/easystar.ee\\\/wp-content\\\/uploads\\\/2025\\\/01\\\/kt5340.jpg\",\"datePublished\":\"2025-01-27T12:44:51+00:00\",\"dateModified\":\"2025-10-30T01:59:26+00:00\",\"breadcrumb\":{\"@id\":\"https:\\\/\\\/easystar.ee\\\/toode\\\/toolflex-varrehoidja-h-01-siin-900mm-must-kt5340\\\/#breadcrumb\"},\"inLanguage\":\"en-US\",\"potentialAction\":[{\"@type\":\"ReadAction\",\"target\":[\"https:\\\/\\\/easystar.ee\\\/toode\\\/toolflex-varrehoidja-h-01-siin-900mm-must-kt5340\\\/\"]}]},{\"@type\":\"ImageObject\",\"inLanguage\":\"en-US\",\"@id\":\"https:\\\/\\\/easystar.ee\\\/toode\\\/toolflex-varrehoidja-h-01-siin-900mm-must-kt5340\\\/#primaryimage\",\"url\":\"https:\\\/\\\/easystar.ee\\\/wp-content\\\/uploads\\\/2025\\\/01\\\/kt5340.jpg\",\"contentUrl\":\"https:\\\/\\\/easystar.ee\\\/wp-content\\\/uploads\\\/2025\\\/01\\\/kt5340.jpg\",\"width\":514,\"height\":235},{\"@type\":\"BreadcrumbList\",\"@id\":\"https:\\\/\\\/easystar.ee\\\/toode\\\/toolflex-varrehoidja-h-01-siin-900mm-must-kt5340\\\/#breadcrumb\",\"itemListElement\":[{\"@type\":\"ListItem\",\"position\":1,\"name\":\"Home\",\"item\":\"https:\\\/\\\/easystar.ee\\\/ru\\\/\"},{\"@type\":\"ListItem\",\"position\":2,\"name\":\"Shop\",\"item\":\"https:\\\/\\\/easystar.ee\\\/tooted\\\/\"},{\"@type\":\"ListItem\",\"position\":3,\"name\":\"Toolflex varrehoidja H-01 siin 900mm, must KT5340\"}]},{\"@type\":\"WebSite\",\"@id\":\"https:\\\/\\\/easystar.ee\\\/#website\",\"url\":\"https:\\\/\\\/easystar.ee\\\/\",\"name\":\"Easystar.ee\",\"description\":\"\",\"publisher\":{\"@id\":\"https:\\\/\\\/easystar.ee\\\/#organization\"},\"alternateName\":\"Keskkonnas\u00f5bralikud pehmepaberitooted teie kontorisse\",\"potentialAction\":[{\"@type\":\"SearchAction\",\"target\":{\"@type\":\"EntryPoint\",\"urlTemplate\":\"https:\\\/\\\/easystar.ee\\\/?s={search_term_string}\"},\"query-input\":{\"@type\":\"PropertyValueSpecification\",\"valueRequired\":true,\"valueName\":\"search_term_string\"}}],\"inLanguage\":\"en-US\"},{\"@type\":\"Organization\",\"@id\":\"https:\\\/\\\/easystar.ee\\\/#organization\",\"name\":\"Easy Star O\u00dc\",\"url\":\"https:\\\/\\\/easystar.ee\\\/\",\"logo\":{\"@type\":\"ImageObject\",\"inLanguage\":\"en-US\",\"@id\":\"https:\\\/\\\/easystar.ee\\\/#\\\/schema\\\/logo\\\/image\\\/\",\"url\":\"https:\\\/\\\/easystar.ee\\\/wp-content\\\/uploads\\\/2024\\\/03\\\/easystar-logo.svg\",\"contentUrl\":\"https:\\\/\\\/easystar.ee\\\/wp-content\\\/uploads\\\/2024\\\/03\\\/easystar-logo.svg\",\"width\":2000,\"height\":2000,\"caption\":\"Easy Star O\u00dc\"},\"image\":{\"@id\":\"https:\\\/\\\/easystar.ee\\\/#\\\/schema\\\/logo\\\/image\\\/\"}}]}<\/script>\n<!-- \/ Yoast SEO plugin. -->","yoast_head_json":{"title":"Toolflex varrehoidja H-01 siin 900mm, must KT5340 &#8212; Easy Star O\u00dc","robots":{"index":"index","follow":"follow","max-snippet":"max-snippet:-1","max-image-preview":"max-image-preview:large","max-video-preview":"max-video-preview:-1"},"canonical":"https:\/\/easystar.ee\/toode\/toolflex-varrehoidja-h-01-siin-900mm-must-kt5340\/","og_locale":"en_US","og_type":"article","og_title":"Toolflex varrehoidja H-01 siin 900mm, must KT5340 &#8212; Easy Star O\u00dc","og_description":"Provendi tootevalikus on 900 mm pikkune kinnitusliist t\u00f6\u00f6riistahoidjale, mis on suurep\u00e4rane lisavarustus Toolflexi s\u00fcsteemile. See pikem kinnitusliist v\u00f5imaldab hoida suuremat hulka t\u00f6\u00f6riistu ja tarvikuid, muutes selle ideaalseks valikuks nii kodustes kui ka professionaalsetes t\u00f6\u00f6kohtades. Valmistatud kvaliteetsest ja vastupidavast materjalist, tagab see kinnitusliist t\u00f6\u00f6riistade turvalise ja stabiilse hoiustamise. Kinnitusliistu pikkus v\u00f5imaldab paigaldada mitu Toolflexi t\u00f6\u00f6riistahoidjat, pakkudes seel\u00e4bi suuremat paindlikkust ja organiseerimisv\u00f5imalust. Lihtne paigaldada ja kasutada, see kinnitusliist on suurep\u00e4rane viis t\u00f6\u00f6riistade korrastamiseks ja ruumi s\u00e4\u00e4stmiseks.","og_url":"https:\/\/easystar.ee\/toode\/toolflex-varrehoidja-h-01-siin-900mm-must-kt5340\/","og_site_name":"Easy Star O\u00dc","article_modified_time":"2025-10-30T01:59:26+00:00","og_image":[{"width":514,"height":235,"url":"https:\/\/easystar.ee\/wp-content\/uploads\/2025\/01\/kt5340.jpg","type":"image\/jpeg"}],"twitter_card":"summary_large_image","twitter_misc":{"Est. reading time":"1 minute"},"schema":{"@context":"https:\/\/schema.org","@graph":[{"@type":"WebPage","@id":"https:\/\/easystar.ee\/toode\/toolflex-varrehoidja-h-01-siin-900mm-must-kt5340\/","url":"https:\/\/easystar.ee\/toode\/toolflex-varrehoidja-h-01-siin-900mm-must-kt5340\/","name":"Toolflex varrehoidja H-01 siin 900mm, must KT5340 &#8212; Easy Star O\u00dc","isPartOf":{"@id":"https:\/\/easystar.ee\/#website"},"primaryImageOfPage":{"@id":"https:\/\/easystar.ee\/toode\/toolflex-varrehoidja-h-01-siin-900mm-must-kt5340\/#primaryimage"},"image":{"@id":"https:\/\/easystar.ee\/toode\/toolflex-varrehoidja-h-01-siin-900mm-must-kt5340\/#primaryimage"},"thumbnailUrl":"https:\/\/easystar.ee\/wp-content\/uploads\/2025\/01\/kt5340.jpg","datePublished":"2025-01-27T12:44:51+00:00","dateModified":"2025-10-30T01:59:26+00:00","breadcrumb":{"@id":"https:\/\/easystar.ee\/toode\/toolflex-varrehoidja-h-01-siin-900mm-must-kt5340\/#breadcrumb"},"inLanguage":"en-US","potentialAction":[{"@type":"ReadAction","target":["https:\/\/easystar.ee\/toode\/toolflex-varrehoidja-h-01-siin-900mm-must-kt5340\/"]}]},{"@type":"ImageObject","inLanguage":"en-US","@id":"https:\/\/easystar.ee\/toode\/toolflex-varrehoidja-h-01-siin-900mm-must-kt5340\/#primaryimage","url":"https:\/\/easystar.ee\/wp-content\/uploads\/2025\/01\/kt5340.jpg","contentUrl":"https:\/\/easystar.ee\/wp-content\/uploads\/2025\/01\/kt5340.jpg","width":514,"height":235},{"@type":"BreadcrumbList","@id":"https:\/\/easystar.ee\/toode\/toolflex-varrehoidja-h-01-siin-900mm-must-kt5340\/#breadcrumb","itemListElement":[{"@type":"ListItem","position":1,"name":"Home","item":"https:\/\/easystar.ee\/ru\/"},{"@type":"ListItem","position":2,"name":"Shop","item":"https:\/\/easystar.ee\/tooted\/"},{"@type":"ListItem","position":3,"name":"Toolflex varrehoidja H-01 siin 900mm, must KT5340"}]},{"@type":"WebSite","@id":"https:\/\/easystar.ee\/#website","url":"https:\/\/easystar.ee\/","name":"Easystar.ee","description":"","publisher":{"@id":"https:\/\/easystar.ee\/#organization"},"alternateName":"Keskkonnas\u00f5bralikud pehmepaberitooted teie kontorisse","potentialAction":[{"@type":"SearchAction","target":{"@type":"EntryPoint","urlTemplate":"https:\/\/easystar.ee\/?s={search_term_string}"},"query-input":{"@type":"PropertyValueSpecification","valueRequired":true,"valueName":"search_term_string"}}],"inLanguage":"en-US"},{"@type":"Organization","@id":"https:\/\/easystar.ee\/#organization","name":"Easy Star O\u00dc","url":"https:\/\/easystar.ee\/","logo":{"@type":"ImageObject","inLanguage":"en-US","@id":"https:\/\/easystar.ee\/#\/schema\/logo\/image\/","url":"https:\/\/easystar.ee\/wp-content\/uploads\/2024\/03\/easystar-logo.svg","contentUrl":"https:\/\/easystar.ee\/wp-content\/uploads\/2024\/03\/easystar-logo.svg","width":2000,"height":2000,"caption":"Easy Star O\u00dc"},"image":{"@id":"https:\/\/easystar.ee\/#\/schema\/logo\/image\/"}}]}},"_links":{"self":[{"href":"https:\/\/easystar.ee\/en\/wp-json\/wp\/v2\/product\/52992","targetHints":{"allow":["GET"]}}],"collection":[{"href":"https:\/\/easystar.ee\/en\/wp-json\/wp\/v2\/product"}],"about":[{"href":"https:\/\/easystar.ee\/en\/wp-json\/wp\/v2\/types\/product"}],"wp:featuredmedia":[{"embeddable":true,"href":"https:\/\/easystar.ee\/en\/wp-json\/wp\/v2\/media\/52993"}],"wp:attachment":[{"href":"https:\/\/easystar.ee\/en\/wp-json\/wp\/v2\/media?parent=52992"}],"wp:term":[{"taxonomy":"product_brand","embeddable":true,"href":"https:\/\/easystar.ee\/en\/wp-json\/wp\/v2\/product_brand?post=52992"},{"taxonomy":"product_cat","embeddable":true,"href":"https:\/\/easystar.ee\/en\/wp-json\/wp\/v2\/product_cat?post=52992"},{"taxonomy":"product_tag","embeddable":true,"href":"https:\/\/easystar.ee\/en\/wp-json\/wp\/v2\/product_tag?post=52992"}],"curies":[{"name":"wp","href":"https:\/\/api.w.org\/{rel}","templated":true}]}}