{"id":52974,"date":"2025-01-27T12:44:43","date_gmt":"2025-01-27T12:44:43","guid":{"rendered":"https:\/\/easystar.ee\/toode\/toolflex-varrehoidja-h-01-20-30mm-2tk-pakk-must-ktf5121\/"},"modified":"2025-10-30T01:59:21","modified_gmt":"2025-10-30T01:59:21","slug":"toolflex-varrehoidja-h-01-20-30mm-2tk-pakk-must-ktf5121","status":"publish","type":"product","link":"https:\/\/easystar.ee\/en\/toode\/toolflex-varrehoidja-h-01-20-30mm-2tk-pakk-must-ktf5121\/","title":{"rendered":"Toolflex varrehoidja H-01 20-30mm 2tk\/pakk, must KTF5121"},"content":{"rendered":"","protected":false},"excerpt":{"rendered":"<p>Toolflexi keskmine t\u00f6\u00f6riistahoidja on ideaalne lahendus erinevate t\u00f6\u00f6vahendite, nagu aiat\u00f6\u00f6riistad, sporditarbed, mopid ja tolmuimeja otsikud, organiseerimiseks ja hoiustamiseks. See hoiustamiss\u00fcsteem on paindlik ja kasutajas\u00f5bralik, sisaldades kahte 20-30 mm suuruses hoidikut koos k\u00f5igi vajalike kinnitustarvikutega. Valmistatud kvaliteetsest plastikust ja elastsest TPE kummist, on Toolflexi hoidja sobilik nii sise- kui v\u00e4listingimustes kasutamiseks. T\u00e4nu selle taaskasutatud materjalidele on tegemist ka keskkonnas\u00e4\u00e4stliku valikuga. Rootsi p\u00e4ritolu disain ja k\u00f5rge kvaliteet tagavad toote vastupidavuse. Toolflexi t\u00f6\u00f6riistahoidja on suurep\u00e4rane valik nii koduseks kui ka professionaalseks kasutuseks, pakkudes kindlat ja mugavat hoiustamislahendust.<\/p>\n","protected":false},"featured_media":52975,"template":"","meta":{"_acf_changed":false},"product_brand":[],"product_cat":[1836,1835],"product_tag":[],"class_list":{"0":"post-52974","1":"product","2":"type-product","3":"status-publish","4":"has-post-thumbnail","6":"product_cat-koristustarvikud","7":"product_cat-kt-koristustarvikud","9":"first","10":"instock","11":"taxable","12":"shipping-taxable","13":"purchasable","14":"product-type-simple"},"acf":[],"yoast_head":"<!-- This site is optimized with the Yoast SEO plugin v27.5 - https:\/\/yoast.com\/product\/yoast-seo-wordpress\/ -->\n<title>Toolflex varrehoidja H-01 20-30mm 2tk\/pakk, must KTF5121 &#8212; Easy Star O\u00dc<\/title>\n<meta name=\"robots\" content=\"index, follow, max-snippet:-1, max-image-preview:large, max-video-preview:-1\" \/>\n<link rel=\"canonical\" href=\"https:\/\/easystar.ee\/toode\/toolflex-varrehoidja-h-01-20-30mm-2tk-pakk-must-ktf5121\/\" \/>\n<meta property=\"og:locale\" content=\"en_US\" \/>\n<meta property=\"og:type\" content=\"article\" \/>\n<meta property=\"og:title\" content=\"Toolflex varrehoidja H-01 20-30mm 2tk\/pakk, must KTF5121 &#8212; Easy Star O\u00dc\" \/>\n<meta property=\"og:description\" content=\"Toolflexi keskmine t\u00f6\u00f6riistahoidja on ideaalne lahendus erinevate t\u00f6\u00f6vahendite, nagu aiat\u00f6\u00f6riistad, sporditarbed, mopid ja tolmuimeja otsikud, organiseerimiseks ja hoiustamiseks. See hoiustamiss\u00fcsteem on paindlik ja kasutajas\u00f5bralik, sisaldades kahte 20-30 mm suuruses hoidikut koos k\u00f5igi vajalike kinnitustarvikutega. Valmistatud kvaliteetsest plastikust ja elastsest TPE kummist, on Toolflexi hoidja sobilik nii sise- kui v\u00e4listingimustes kasutamiseks. T\u00e4nu selle taaskasutatud materjalidele on tegemist ka keskkonnas\u00e4\u00e4stliku valikuga. Rootsi p\u00e4ritolu disain ja k\u00f5rge kvaliteet tagavad toote vastupidavuse. Toolflexi t\u00f6\u00f6riistahoidja on suurep\u00e4rane valik nii koduseks kui ka professionaalseks kasutuseks, pakkudes kindlat ja mugavat hoiustamislahendust.\" \/>\n<meta property=\"og:url\" content=\"https:\/\/easystar.ee\/toode\/toolflex-varrehoidja-h-01-20-30mm-2tk-pakk-must-ktf5121\/\" \/>\n<meta property=\"og:site_name\" content=\"Easy Star O\u00dc\" \/>\n<meta property=\"article:modified_time\" content=\"2025-10-30T01:59:21+00:00\" \/>\n<meta property=\"og:image\" content=\"https:\/\/easystar.ee\/wp-content\/uploads\/2025\/01\/dtf5121.jpg\" \/>\n\t<meta property=\"og:image:width\" content=\"569\" \/>\n\t<meta property=\"og:image:height\" content=\"351\" \/>\n\t<meta property=\"og:image:type\" content=\"image\/jpeg\" \/>\n<meta name=\"twitter:card\" content=\"summary_large_image\" \/>\n<meta name=\"twitter:label1\" content=\"Est. reading time\" \/>\n\t<meta name=\"twitter:data1\" content=\"1 minute\" \/>\n<script type=\"application\/ld+json\" class=\"yoast-schema-graph\">{\"@context\":\"https:\\\/\\\/schema.org\",\"@graph\":[{\"@type\":\"WebPage\",\"@id\":\"https:\\\/\\\/easystar.ee\\\/toode\\\/toolflex-varrehoidja-h-01-20-30mm-2tk-pakk-must-ktf5121\\\/\",\"url\":\"https:\\\/\\\/easystar.ee\\\/toode\\\/toolflex-varrehoidja-h-01-20-30mm-2tk-pakk-must-ktf5121\\\/\",\"name\":\"Toolflex varrehoidja H-01 20-30mm 2tk\\\/pakk, must KTF5121 &#8212; Easy Star O\u00dc\",\"isPartOf\":{\"@id\":\"https:\\\/\\\/easystar.ee\\\/#website\"},\"primaryImageOfPage\":{\"@id\":\"https:\\\/\\\/easystar.ee\\\/toode\\\/toolflex-varrehoidja-h-01-20-30mm-2tk-pakk-must-ktf5121\\\/#primaryimage\"},\"image\":{\"@id\":\"https:\\\/\\\/easystar.ee\\\/toode\\\/toolflex-varrehoidja-h-01-20-30mm-2tk-pakk-must-ktf5121\\\/#primaryimage\"},\"thumbnailUrl\":\"https:\\\/\\\/easystar.ee\\\/wp-content\\\/uploads\\\/2025\\\/01\\\/dtf5121.jpg\",\"datePublished\":\"2025-01-27T12:44:43+00:00\",\"dateModified\":\"2025-10-30T01:59:21+00:00\",\"breadcrumb\":{\"@id\":\"https:\\\/\\\/easystar.ee\\\/toode\\\/toolflex-varrehoidja-h-01-20-30mm-2tk-pakk-must-ktf5121\\\/#breadcrumb\"},\"inLanguage\":\"en-US\",\"potentialAction\":[{\"@type\":\"ReadAction\",\"target\":[\"https:\\\/\\\/easystar.ee\\\/toode\\\/toolflex-varrehoidja-h-01-20-30mm-2tk-pakk-must-ktf5121\\\/\"]}]},{\"@type\":\"ImageObject\",\"inLanguage\":\"en-US\",\"@id\":\"https:\\\/\\\/easystar.ee\\\/toode\\\/toolflex-varrehoidja-h-01-20-30mm-2tk-pakk-must-ktf5121\\\/#primaryimage\",\"url\":\"https:\\\/\\\/easystar.ee\\\/wp-content\\\/uploads\\\/2025\\\/01\\\/dtf5121.jpg\",\"contentUrl\":\"https:\\\/\\\/easystar.ee\\\/wp-content\\\/uploads\\\/2025\\\/01\\\/dtf5121.jpg\",\"width\":569,\"height\":351},{\"@type\":\"BreadcrumbList\",\"@id\":\"https:\\\/\\\/easystar.ee\\\/toode\\\/toolflex-varrehoidja-h-01-20-30mm-2tk-pakk-must-ktf5121\\\/#breadcrumb\",\"itemListElement\":[{\"@type\":\"ListItem\",\"position\":1,\"name\":\"Home\",\"item\":\"https:\\\/\\\/easystar.ee\\\/ru\\\/\"},{\"@type\":\"ListItem\",\"position\":2,\"name\":\"Shop\",\"item\":\"https:\\\/\\\/easystar.ee\\\/tooted\\\/\"},{\"@type\":\"ListItem\",\"position\":3,\"name\":\"Toolflex varrehoidja H-01 20-30mm 2tk\\\/pakk, must KTF5121\"}]},{\"@type\":\"WebSite\",\"@id\":\"https:\\\/\\\/easystar.ee\\\/#website\",\"url\":\"https:\\\/\\\/easystar.ee\\\/\",\"name\":\"Easystar.ee\",\"description\":\"\",\"publisher\":{\"@id\":\"https:\\\/\\\/easystar.ee\\\/#organization\"},\"alternateName\":\"Keskkonnas\u00f5bralikud pehmepaberitooted teie kontorisse\",\"potentialAction\":[{\"@type\":\"SearchAction\",\"target\":{\"@type\":\"EntryPoint\",\"urlTemplate\":\"https:\\\/\\\/easystar.ee\\\/?s={search_term_string}\"},\"query-input\":{\"@type\":\"PropertyValueSpecification\",\"valueRequired\":true,\"valueName\":\"search_term_string\"}}],\"inLanguage\":\"en-US\"},{\"@type\":\"Organization\",\"@id\":\"https:\\\/\\\/easystar.ee\\\/#organization\",\"name\":\"Easy Star O\u00dc\",\"url\":\"https:\\\/\\\/easystar.ee\\\/\",\"logo\":{\"@type\":\"ImageObject\",\"inLanguage\":\"en-US\",\"@id\":\"https:\\\/\\\/easystar.ee\\\/#\\\/schema\\\/logo\\\/image\\\/\",\"url\":\"https:\\\/\\\/easystar.ee\\\/wp-content\\\/uploads\\\/2024\\\/03\\\/easystar-logo.svg\",\"contentUrl\":\"https:\\\/\\\/easystar.ee\\\/wp-content\\\/uploads\\\/2024\\\/03\\\/easystar-logo.svg\",\"width\":2000,\"height\":2000,\"caption\":\"Easy Star O\u00dc\"},\"image\":{\"@id\":\"https:\\\/\\\/easystar.ee\\\/#\\\/schema\\\/logo\\\/image\\\/\"}}]}<\/script>\n<!-- \/ Yoast SEO plugin. -->","yoast_head_json":{"title":"Toolflex varrehoidja H-01 20-30mm 2tk\/pakk, must KTF5121 &#8212; Easy Star O\u00dc","robots":{"index":"index","follow":"follow","max-snippet":"max-snippet:-1","max-image-preview":"max-image-preview:large","max-video-preview":"max-video-preview:-1"},"canonical":"https:\/\/easystar.ee\/toode\/toolflex-varrehoidja-h-01-20-30mm-2tk-pakk-must-ktf5121\/","og_locale":"en_US","og_type":"article","og_title":"Toolflex varrehoidja H-01 20-30mm 2tk\/pakk, must KTF5121 &#8212; Easy Star O\u00dc","og_description":"Toolflexi keskmine t\u00f6\u00f6riistahoidja on ideaalne lahendus erinevate t\u00f6\u00f6vahendite, nagu aiat\u00f6\u00f6riistad, sporditarbed, mopid ja tolmuimeja otsikud, organiseerimiseks ja hoiustamiseks. See hoiustamiss\u00fcsteem on paindlik ja kasutajas\u00f5bralik, sisaldades kahte 20-30 mm suuruses hoidikut koos k\u00f5igi vajalike kinnitustarvikutega. Valmistatud kvaliteetsest plastikust ja elastsest TPE kummist, on Toolflexi hoidja sobilik nii sise- kui v\u00e4listingimustes kasutamiseks. T\u00e4nu selle taaskasutatud materjalidele on tegemist ka keskkonnas\u00e4\u00e4stliku valikuga. Rootsi p\u00e4ritolu disain ja k\u00f5rge kvaliteet tagavad toote vastupidavuse. Toolflexi t\u00f6\u00f6riistahoidja on suurep\u00e4rane valik nii koduseks kui ka professionaalseks kasutuseks, pakkudes kindlat ja mugavat hoiustamislahendust.","og_url":"https:\/\/easystar.ee\/toode\/toolflex-varrehoidja-h-01-20-30mm-2tk-pakk-must-ktf5121\/","og_site_name":"Easy Star O\u00dc","article_modified_time":"2025-10-30T01:59:21+00:00","og_image":[{"width":569,"height":351,"url":"https:\/\/easystar.ee\/wp-content\/uploads\/2025\/01\/dtf5121.jpg","type":"image\/jpeg"}],"twitter_card":"summary_large_image","twitter_misc":{"Est. reading time":"1 minute"},"schema":{"@context":"https:\/\/schema.org","@graph":[{"@type":"WebPage","@id":"https:\/\/easystar.ee\/toode\/toolflex-varrehoidja-h-01-20-30mm-2tk-pakk-must-ktf5121\/","url":"https:\/\/easystar.ee\/toode\/toolflex-varrehoidja-h-01-20-30mm-2tk-pakk-must-ktf5121\/","name":"Toolflex varrehoidja H-01 20-30mm 2tk\/pakk, must KTF5121 &#8212; Easy Star O\u00dc","isPartOf":{"@id":"https:\/\/easystar.ee\/#website"},"primaryImageOfPage":{"@id":"https:\/\/easystar.ee\/toode\/toolflex-varrehoidja-h-01-20-30mm-2tk-pakk-must-ktf5121\/#primaryimage"},"image":{"@id":"https:\/\/easystar.ee\/toode\/toolflex-varrehoidja-h-01-20-30mm-2tk-pakk-must-ktf5121\/#primaryimage"},"thumbnailUrl":"https:\/\/easystar.ee\/wp-content\/uploads\/2025\/01\/dtf5121.jpg","datePublished":"2025-01-27T12:44:43+00:00","dateModified":"2025-10-30T01:59:21+00:00","breadcrumb":{"@id":"https:\/\/easystar.ee\/toode\/toolflex-varrehoidja-h-01-20-30mm-2tk-pakk-must-ktf5121\/#breadcrumb"},"inLanguage":"en-US","potentialAction":[{"@type":"ReadAction","target":["https:\/\/easystar.ee\/toode\/toolflex-varrehoidja-h-01-20-30mm-2tk-pakk-must-ktf5121\/"]}]},{"@type":"ImageObject","inLanguage":"en-US","@id":"https:\/\/easystar.ee\/toode\/toolflex-varrehoidja-h-01-20-30mm-2tk-pakk-must-ktf5121\/#primaryimage","url":"https:\/\/easystar.ee\/wp-content\/uploads\/2025\/01\/dtf5121.jpg","contentUrl":"https:\/\/easystar.ee\/wp-content\/uploads\/2025\/01\/dtf5121.jpg","width":569,"height":351},{"@type":"BreadcrumbList","@id":"https:\/\/easystar.ee\/toode\/toolflex-varrehoidja-h-01-20-30mm-2tk-pakk-must-ktf5121\/#breadcrumb","itemListElement":[{"@type":"ListItem","position":1,"name":"Home","item":"https:\/\/easystar.ee\/ru\/"},{"@type":"ListItem","position":2,"name":"Shop","item":"https:\/\/easystar.ee\/tooted\/"},{"@type":"ListItem","position":3,"name":"Toolflex varrehoidja H-01 20-30mm 2tk\/pakk, must KTF5121"}]},{"@type":"WebSite","@id":"https:\/\/easystar.ee\/#website","url":"https:\/\/easystar.ee\/","name":"Easystar.ee","description":"","publisher":{"@id":"https:\/\/easystar.ee\/#organization"},"alternateName":"Keskkonnas\u00f5bralikud pehmepaberitooted teie kontorisse","potentialAction":[{"@type":"SearchAction","target":{"@type":"EntryPoint","urlTemplate":"https:\/\/easystar.ee\/?s={search_term_string}"},"query-input":{"@type":"PropertyValueSpecification","valueRequired":true,"valueName":"search_term_string"}}],"inLanguage":"en-US"},{"@type":"Organization","@id":"https:\/\/easystar.ee\/#organization","name":"Easy Star O\u00dc","url":"https:\/\/easystar.ee\/","logo":{"@type":"ImageObject","inLanguage":"en-US","@id":"https:\/\/easystar.ee\/#\/schema\/logo\/image\/","url":"https:\/\/easystar.ee\/wp-content\/uploads\/2024\/03\/easystar-logo.svg","contentUrl":"https:\/\/easystar.ee\/wp-content\/uploads\/2024\/03\/easystar-logo.svg","width":2000,"height":2000,"caption":"Easy Star O\u00dc"},"image":{"@id":"https:\/\/easystar.ee\/#\/schema\/logo\/image\/"}}]}},"_links":{"self":[{"href":"https:\/\/easystar.ee\/en\/wp-json\/wp\/v2\/product\/52974","targetHints":{"allow":["GET"]}}],"collection":[{"href":"https:\/\/easystar.ee\/en\/wp-json\/wp\/v2\/product"}],"about":[{"href":"https:\/\/easystar.ee\/en\/wp-json\/wp\/v2\/types\/product"}],"wp:featuredmedia":[{"embeddable":true,"href":"https:\/\/easystar.ee\/en\/wp-json\/wp\/v2\/media\/52975"}],"wp:attachment":[{"href":"https:\/\/easystar.ee\/en\/wp-json\/wp\/v2\/media?parent=52974"}],"wp:term":[{"taxonomy":"product_brand","embeddable":true,"href":"https:\/\/easystar.ee\/en\/wp-json\/wp\/v2\/product_brand?post=52974"},{"taxonomy":"product_cat","embeddable":true,"href":"https:\/\/easystar.ee\/en\/wp-json\/wp\/v2\/product_cat?post=52974"},{"taxonomy":"product_tag","embeddable":true,"href":"https:\/\/easystar.ee\/en\/wp-json\/wp\/v2\/product_tag?post=52974"}],"curies":[{"name":"wp","href":"https:\/\/api.w.org\/{rel}","templated":true}]}}