{"id":50737,"date":"2025-01-07T01:59:32","date_gmt":"2025-01-07T01:59:32","guid":{"rendered":"https:\/\/easystar.ee\/toode\/vahuseep-1000ml-wepa-satino-k333370\/"},"modified":"2025-10-30T01:59:18","modified_gmt":"2025-10-30T01:59:18","slug":"vahuseep-1000ml-wepa-satino-k333370","status":"publish","type":"product","link":"https:\/\/easystar.ee\/en\/toode\/vahuseep-1000ml-wepa-satino-k333370\/","title":{"rendered":"Vahuseep 1000ml Wepa\/Satino K333370"},"content":{"rendered":"","protected":false},"excerpt":{"rendered":"<p>Mahulise vahu ja \u00f5rna l\u00f5hnaga vahtseep \u2013 kerge ja keskmise m\u00e4\u00e4rdumise jaoks, valmistatud puhtalt looduslikest koostisosadest ja allergeenidest vaba. \u00d5rn puhastus k\u00e4tele ja \u00f5rn l\u00f5hn p\u00fcsiva puhtustunde saavutamiseks. Sobib ka sagedaseks k\u00e4tepesuks nahka koormamata. Integreeritud pumbaga p\u00fcstises kotis optimaalseks h\u00fcgieeniks ja kiireks vahetamiseks.<br \/>\nKuni 2500 kasutuskorda koti kohta. 100% allergeenivaba. 100% looduslikku p\u00e4ritolu tooraine. Dermatoloogiliselt testitud. pH-neutraalne: ei m\u00f5juta nahka isegi sagedase k\u00e4tepesu korral. 100% s\u00fcnteetiliste pol\u00fcmeeride vaba. 100% parabeenide vaba. 100% mikroplastivaba. Vegan. ELi \u00f6kom\u00e4rgise sertifikaat. HACCP n\u00f5uetele vastav<\/p>\n","protected":false},"featured_media":50732,"template":"","meta":{"_acf_changed":false},"product_brand":[],"product_cat":[1829,1830],"product_tag":[],"class_list":{"0":"post-50737","1":"product","2":"type-product","3":"status-publish","4":"has-post-thumbnail","6":"product_cat-cleaning-chemicals","7":"product_cat-soap","9":"first","10":"instock","11":"taxable","12":"shipping-taxable","13":"purchasable","14":"product-type-simple"},"acf":[],"yoast_head":"<!-- This site is optimized with the Yoast SEO plugin v27.5 - https:\/\/yoast.com\/product\/yoast-seo-wordpress\/ -->\n<title>Vahuseep 1000ml Wepa\/Satino K333370 &#8212; Easy Star O\u00dc<\/title>\n<meta name=\"robots\" content=\"index, follow, max-snippet:-1, max-image-preview:large, max-video-preview:-1\" \/>\n<link rel=\"canonical\" href=\"https:\/\/easystar.ee\/en\/toode\/vahuseep-1000ml-wepa-satino-k333370\/\" \/>\n<meta property=\"og:locale\" content=\"en_US\" \/>\n<meta property=\"og:type\" content=\"article\" \/>\n<meta property=\"og:title\" content=\"Vahuseep 1000ml Wepa\/Satino K333370 &#8212; Easy Star O\u00dc\" \/>\n<meta property=\"og:description\" content=\"Mahulise vahu ja \u00f5rna l\u00f5hnaga vahtseep \u2013 kerge ja keskmise m\u00e4\u00e4rdumise jaoks, valmistatud puhtalt looduslikest koostisosadest ja allergeenidest vaba. \u00d5rn puhastus k\u00e4tele ja \u00f5rn l\u00f5hn p\u00fcsiva puhtustunde saavutamiseks. Sobib ka sagedaseks k\u00e4tepesuks nahka koormamata. Integreeritud pumbaga p\u00fcstises kotis optimaalseks h\u00fcgieeniks ja kiireks vahetamiseks. Kuni 2500 kasutuskorda koti kohta. 100% allergeenivaba. 100% looduslikku p\u00e4ritolu tooraine. Dermatoloogiliselt testitud. pH-neutraalne: ei m\u00f5juta nahka isegi sagedase k\u00e4tepesu korral. 100% s\u00fcnteetiliste pol\u00fcmeeride vaba. 100% parabeenide vaba. 100% mikroplastivaba. Vegan. ELi \u00f6kom\u00e4rgise sertifikaat. HACCP n\u00f5uetele vastav\" \/>\n<meta property=\"og:url\" content=\"https:\/\/easystar.ee\/en\/toode\/vahuseep-1000ml-wepa-satino-k333370\/\" \/>\n<meta property=\"og:site_name\" content=\"Easy Star O\u00dc\" \/>\n<meta property=\"article:modified_time\" content=\"2025-10-30T01:59:18+00:00\" \/>\n<meta property=\"og:image\" content=\"https:\/\/easystar.ee\/wp-content\/uploads\/2025\/01\/k333370.jpg\" \/>\n\t<meta property=\"og:image:width\" content=\"367\" \/>\n\t<meta property=\"og:image:height\" content=\"723\" \/>\n\t<meta property=\"og:image:type\" content=\"image\/jpeg\" \/>\n<meta name=\"twitter:card\" content=\"summary_large_image\" \/>\n<script type=\"application\/ld+json\" class=\"yoast-schema-graph\">{\"@context\":\"https:\\\/\\\/schema.org\",\"@graph\":[{\"@type\":\"WebPage\",\"@id\":\"https:\\\/\\\/easystar.ee\\\/en\\\/toode\\\/vahuseep-1000ml-wepa-satino-k333370\\\/\",\"url\":\"https:\\\/\\\/easystar.ee\\\/en\\\/toode\\\/vahuseep-1000ml-wepa-satino-k333370\\\/\",\"name\":\"Vahuseep 1000ml Wepa\\\/Satino K333370 &#8212; Easy Star O\u00dc\",\"isPartOf\":{\"@id\":\"https:\\\/\\\/easystar.ee\\\/#website\"},\"primaryImageOfPage\":{\"@id\":\"https:\\\/\\\/easystar.ee\\\/en\\\/toode\\\/vahuseep-1000ml-wepa-satino-k333370\\\/#primaryimage\"},\"image\":{\"@id\":\"https:\\\/\\\/easystar.ee\\\/en\\\/toode\\\/vahuseep-1000ml-wepa-satino-k333370\\\/#primaryimage\"},\"thumbnailUrl\":\"https:\\\/\\\/easystar.ee\\\/wp-content\\\/uploads\\\/2025\\\/01\\\/k333370.jpg\",\"datePublished\":\"2025-01-07T01:59:32+00:00\",\"dateModified\":\"2025-10-30T01:59:18+00:00\",\"breadcrumb\":{\"@id\":\"https:\\\/\\\/easystar.ee\\\/en\\\/toode\\\/vahuseep-1000ml-wepa-satino-k333370\\\/#breadcrumb\"},\"inLanguage\":\"en-US\",\"potentialAction\":[{\"@type\":\"ReadAction\",\"target\":[\"https:\\\/\\\/easystar.ee\\\/en\\\/toode\\\/vahuseep-1000ml-wepa-satino-k333370\\\/\"]}]},{\"@type\":\"ImageObject\",\"inLanguage\":\"en-US\",\"@id\":\"https:\\\/\\\/easystar.ee\\\/en\\\/toode\\\/vahuseep-1000ml-wepa-satino-k333370\\\/#primaryimage\",\"url\":\"https:\\\/\\\/easystar.ee\\\/wp-content\\\/uploads\\\/2025\\\/01\\\/k333370.jpg\",\"contentUrl\":\"https:\\\/\\\/easystar.ee\\\/wp-content\\\/uploads\\\/2025\\\/01\\\/k333370.jpg\",\"width\":367,\"height\":723},{\"@type\":\"BreadcrumbList\",\"@id\":\"https:\\\/\\\/easystar.ee\\\/en\\\/toode\\\/vahuseep-1000ml-wepa-satino-k333370\\\/#breadcrumb\",\"itemListElement\":[{\"@type\":\"ListItem\",\"position\":1,\"name\":\"Home\",\"item\":\"https:\\\/\\\/easystar.ee\\\/ru\\\/\"},{\"@type\":\"ListItem\",\"position\":2,\"name\":\"Shop\",\"item\":\"https:\\\/\\\/easystar.ee\\\/tooted\\\/\"},{\"@type\":\"ListItem\",\"position\":3,\"name\":\"Vahuseep 1000ml Wepa\\\/Satino K333370\"}]},{\"@type\":\"WebSite\",\"@id\":\"https:\\\/\\\/easystar.ee\\\/#website\",\"url\":\"https:\\\/\\\/easystar.ee\\\/\",\"name\":\"Easystar.ee\",\"description\":\"\",\"publisher\":{\"@id\":\"https:\\\/\\\/easystar.ee\\\/#organization\"},\"alternateName\":\"Keskkonnas\u00f5bralikud pehmepaberitooted teie kontorisse\",\"potentialAction\":[{\"@type\":\"SearchAction\",\"target\":{\"@type\":\"EntryPoint\",\"urlTemplate\":\"https:\\\/\\\/easystar.ee\\\/?s={search_term_string}\"},\"query-input\":{\"@type\":\"PropertyValueSpecification\",\"valueRequired\":true,\"valueName\":\"search_term_string\"}}],\"inLanguage\":\"en-US\"},{\"@type\":\"Organization\",\"@id\":\"https:\\\/\\\/easystar.ee\\\/#organization\",\"name\":\"Easy Star O\u00dc\",\"url\":\"https:\\\/\\\/easystar.ee\\\/\",\"logo\":{\"@type\":\"ImageObject\",\"inLanguage\":\"en-US\",\"@id\":\"https:\\\/\\\/easystar.ee\\\/#\\\/schema\\\/logo\\\/image\\\/\",\"url\":\"https:\\\/\\\/easystar.ee\\\/wp-content\\\/uploads\\\/2024\\\/03\\\/easystar-logo.svg\",\"contentUrl\":\"https:\\\/\\\/easystar.ee\\\/wp-content\\\/uploads\\\/2024\\\/03\\\/easystar-logo.svg\",\"width\":2000,\"height\":2000,\"caption\":\"Easy Star O\u00dc\"},\"image\":{\"@id\":\"https:\\\/\\\/easystar.ee\\\/#\\\/schema\\\/logo\\\/image\\\/\"}}]}<\/script>\n<!-- \/ Yoast SEO plugin. -->","yoast_head_json":{"title":"Vahuseep 1000ml Wepa\/Satino K333370 &#8212; Easy Star O\u00dc","robots":{"index":"index","follow":"follow","max-snippet":"max-snippet:-1","max-image-preview":"max-image-preview:large","max-video-preview":"max-video-preview:-1"},"canonical":"https:\/\/easystar.ee\/en\/toode\/vahuseep-1000ml-wepa-satino-k333370\/","og_locale":"en_US","og_type":"article","og_title":"Vahuseep 1000ml Wepa\/Satino K333370 &#8212; Easy Star O\u00dc","og_description":"Mahulise vahu ja \u00f5rna l\u00f5hnaga vahtseep \u2013 kerge ja keskmise m\u00e4\u00e4rdumise jaoks, valmistatud puhtalt looduslikest koostisosadest ja allergeenidest vaba. \u00d5rn puhastus k\u00e4tele ja \u00f5rn l\u00f5hn p\u00fcsiva puhtustunde saavutamiseks. Sobib ka sagedaseks k\u00e4tepesuks nahka koormamata. Integreeritud pumbaga p\u00fcstises kotis optimaalseks h\u00fcgieeniks ja kiireks vahetamiseks. Kuni 2500 kasutuskorda koti kohta. 100% allergeenivaba. 100% looduslikku p\u00e4ritolu tooraine. Dermatoloogiliselt testitud. pH-neutraalne: ei m\u00f5juta nahka isegi sagedase k\u00e4tepesu korral. 100% s\u00fcnteetiliste pol\u00fcmeeride vaba. 100% parabeenide vaba. 100% mikroplastivaba. Vegan. ELi \u00f6kom\u00e4rgise sertifikaat. HACCP n\u00f5uetele vastav","og_url":"https:\/\/easystar.ee\/en\/toode\/vahuseep-1000ml-wepa-satino-k333370\/","og_site_name":"Easy Star O\u00dc","article_modified_time":"2025-10-30T01:59:18+00:00","og_image":[{"width":367,"height":723,"url":"https:\/\/easystar.ee\/wp-content\/uploads\/2025\/01\/k333370.jpg","type":"image\/jpeg"}],"twitter_card":"summary_large_image","schema":{"@context":"https:\/\/schema.org","@graph":[{"@type":"WebPage","@id":"https:\/\/easystar.ee\/en\/toode\/vahuseep-1000ml-wepa-satino-k333370\/","url":"https:\/\/easystar.ee\/en\/toode\/vahuseep-1000ml-wepa-satino-k333370\/","name":"Vahuseep 1000ml Wepa\/Satino K333370 &#8212; Easy Star O\u00dc","isPartOf":{"@id":"https:\/\/easystar.ee\/#website"},"primaryImageOfPage":{"@id":"https:\/\/easystar.ee\/en\/toode\/vahuseep-1000ml-wepa-satino-k333370\/#primaryimage"},"image":{"@id":"https:\/\/easystar.ee\/en\/toode\/vahuseep-1000ml-wepa-satino-k333370\/#primaryimage"},"thumbnailUrl":"https:\/\/easystar.ee\/wp-content\/uploads\/2025\/01\/k333370.jpg","datePublished":"2025-01-07T01:59:32+00:00","dateModified":"2025-10-30T01:59:18+00:00","breadcrumb":{"@id":"https:\/\/easystar.ee\/en\/toode\/vahuseep-1000ml-wepa-satino-k333370\/#breadcrumb"},"inLanguage":"en-US","potentialAction":[{"@type":"ReadAction","target":["https:\/\/easystar.ee\/en\/toode\/vahuseep-1000ml-wepa-satino-k333370\/"]}]},{"@type":"ImageObject","inLanguage":"en-US","@id":"https:\/\/easystar.ee\/en\/toode\/vahuseep-1000ml-wepa-satino-k333370\/#primaryimage","url":"https:\/\/easystar.ee\/wp-content\/uploads\/2025\/01\/k333370.jpg","contentUrl":"https:\/\/easystar.ee\/wp-content\/uploads\/2025\/01\/k333370.jpg","width":367,"height":723},{"@type":"BreadcrumbList","@id":"https:\/\/easystar.ee\/en\/toode\/vahuseep-1000ml-wepa-satino-k333370\/#breadcrumb","itemListElement":[{"@type":"ListItem","position":1,"name":"Home","item":"https:\/\/easystar.ee\/ru\/"},{"@type":"ListItem","position":2,"name":"Shop","item":"https:\/\/easystar.ee\/tooted\/"},{"@type":"ListItem","position":3,"name":"Vahuseep 1000ml Wepa\/Satino K333370"}]},{"@type":"WebSite","@id":"https:\/\/easystar.ee\/#website","url":"https:\/\/easystar.ee\/","name":"Easystar.ee","description":"","publisher":{"@id":"https:\/\/easystar.ee\/#organization"},"alternateName":"Keskkonnas\u00f5bralikud pehmepaberitooted teie kontorisse","potentialAction":[{"@type":"SearchAction","target":{"@type":"EntryPoint","urlTemplate":"https:\/\/easystar.ee\/?s={search_term_string}"},"query-input":{"@type":"PropertyValueSpecification","valueRequired":true,"valueName":"search_term_string"}}],"inLanguage":"en-US"},{"@type":"Organization","@id":"https:\/\/easystar.ee\/#organization","name":"Easy Star O\u00dc","url":"https:\/\/easystar.ee\/","logo":{"@type":"ImageObject","inLanguage":"en-US","@id":"https:\/\/easystar.ee\/#\/schema\/logo\/image\/","url":"https:\/\/easystar.ee\/wp-content\/uploads\/2024\/03\/easystar-logo.svg","contentUrl":"https:\/\/easystar.ee\/wp-content\/uploads\/2024\/03\/easystar-logo.svg","width":2000,"height":2000,"caption":"Easy Star O\u00dc"},"image":{"@id":"https:\/\/easystar.ee\/#\/schema\/logo\/image\/"}}]}},"_links":{"self":[{"href":"https:\/\/easystar.ee\/en\/wp-json\/wp\/v2\/product\/50737","targetHints":{"allow":["GET"]}}],"collection":[{"href":"https:\/\/easystar.ee\/en\/wp-json\/wp\/v2\/product"}],"about":[{"href":"https:\/\/easystar.ee\/en\/wp-json\/wp\/v2\/types\/product"}],"wp:featuredmedia":[{"embeddable":true,"href":"https:\/\/easystar.ee\/en\/wp-json\/wp\/v2\/media\/50732"}],"wp:attachment":[{"href":"https:\/\/easystar.ee\/en\/wp-json\/wp\/v2\/media?parent=50737"}],"wp:term":[{"taxonomy":"product_brand","embeddable":true,"href":"https:\/\/easystar.ee\/en\/wp-json\/wp\/v2\/product_brand?post=50737"},{"taxonomy":"product_cat","embeddable":true,"href":"https:\/\/easystar.ee\/en\/wp-json\/wp\/v2\/product_cat?post=50737"},{"taxonomy":"product_tag","embeddable":true,"href":"https:\/\/easystar.ee\/en\/wp-json\/wp\/v2\/product_tag?post=50737"}],"curies":[{"name":"wp","href":"https:\/\/api.w.org\/{rel}","templated":true}]}}