{"id":48286,"date":"2024-11-28T01:58:52","date_gmt":"2024-11-28T01:58:52","guid":{"rendered":"https:\/\/easystar.ee\/toode\/katekuivati-smartflow-sensor-must-dmm04ab\/"},"modified":"2025-10-30T01:59:02","modified_gmt":"2025-10-30T01:59:02","slug":"katekuivati-smartflow-sensor-must-dmm04ab","status":"publish","type":"product","link":"https:\/\/easystar.ee\/en\/toode\/katekuivati-smartflow-sensor-must-dmm04ab\/","title":{"rendered":"K\u00e4tekuivati Smartflow sensor, must DMM04AB"},"content":{"rendered":"","protected":false},"excerpt":{"rendered":"<p>\u00dches t\u00fckis ABS termoplast korpus<br \/>\nTermoplastistist alus<br \/>\nTermokaitsel\u00fclitiga B-klass harjadega mootor<br \/>\nKorpuse paksus 3 mm<br \/>\nPinge 220-240 V<br \/>\nElektriisolatsiooni klass II<br \/>\nVoolutarve 4,8A<br \/>\nKaal 1,2kg<br \/>\nKoguv\u00f5imsus 1110W<br \/>\nEeldav kuivatusaeg 39 sek<\/p>\n","protected":false},"featured_media":48278,"template":"","meta":{"_acf_changed":false},"product_brand":[],"product_cat":[1814,1815],"product_tag":[],"class_list":{"0":"post-48286","1":"product","2":"type-product","3":"status-publish","4":"has-post-thumbnail","6":"product_cat-dispensers","7":"product_cat-hand-and-hair-dryers","9":"first","10":"onbackorder","11":"taxable","12":"shipping-taxable","13":"purchasable","14":"product-type-simple"},"acf":[],"yoast_head":"<!-- This site is optimized with the Yoast SEO plugin v27.5 - https:\/\/yoast.com\/product\/yoast-seo-wordpress\/ -->\n<title>K\u00e4tekuivati Smartflow sensor, must DMM04AB &#8212; Easy Star O\u00dc<\/title>\n<meta name=\"robots\" content=\"index, follow, max-snippet:-1, max-image-preview:large, max-video-preview:-1\" \/>\n<link rel=\"canonical\" href=\"https:\/\/easystar.ee\/en\/toode\/katekuivati-smartflow-sensor-must-dmm04ab\/\" \/>\n<meta property=\"og:locale\" content=\"en_US\" \/>\n<meta property=\"og:type\" content=\"article\" \/>\n<meta property=\"og:title\" content=\"K\u00e4tekuivati Smartflow sensor, must DMM04AB &#8212; Easy Star O\u00dc\" \/>\n<meta property=\"og:description\" content=\"\u00dches t\u00fckis ABS termoplast korpus Termoplastistist alus Termokaitsel\u00fclitiga B-klass harjadega mootor Korpuse paksus 3 mm Pinge 220-240 V Elektriisolatsiooni klass II Voolutarve 4,8A Kaal 1,2kg Koguv\u00f5imsus 1110W Eeldav kuivatusaeg 39 sek\" \/>\n<meta property=\"og:url\" content=\"https:\/\/easystar.ee\/en\/toode\/katekuivati-smartflow-sensor-must-dmm04ab\/\" \/>\n<meta property=\"og:site_name\" content=\"Easy Star O\u00dc\" \/>\n<meta property=\"article:modified_time\" content=\"2025-10-30T01:59:02+00:00\" \/>\n<meta property=\"og:image\" content=\"https:\/\/easystar.ee\/wp-content\/uploads\/2024\/11\/mm04ab.jpg\" \/>\n\t<meta property=\"og:image:width\" content=\"213\" \/>\n\t<meta property=\"og:image:height\" content=\"289\" \/>\n\t<meta property=\"og:image:type\" content=\"image\/jpeg\" \/>\n<meta name=\"twitter:card\" content=\"summary_large_image\" \/>\n<script type=\"application\/ld+json\" class=\"yoast-schema-graph\">{\"@context\":\"https:\\\/\\\/schema.org\",\"@graph\":[{\"@type\":\"WebPage\",\"@id\":\"https:\\\/\\\/easystar.ee\\\/en\\\/toode\\\/katekuivati-smartflow-sensor-must-dmm04ab\\\/\",\"url\":\"https:\\\/\\\/easystar.ee\\\/en\\\/toode\\\/katekuivati-smartflow-sensor-must-dmm04ab\\\/\",\"name\":\"K\u00e4tekuivati Smartflow sensor, must DMM04AB &#8212; Easy Star O\u00dc\",\"isPartOf\":{\"@id\":\"https:\\\/\\\/easystar.ee\\\/#website\"},\"primaryImageOfPage\":{\"@id\":\"https:\\\/\\\/easystar.ee\\\/en\\\/toode\\\/katekuivati-smartflow-sensor-must-dmm04ab\\\/#primaryimage\"},\"image\":{\"@id\":\"https:\\\/\\\/easystar.ee\\\/en\\\/toode\\\/katekuivati-smartflow-sensor-must-dmm04ab\\\/#primaryimage\"},\"thumbnailUrl\":\"https:\\\/\\\/easystar.ee\\\/wp-content\\\/uploads\\\/2024\\\/11\\\/mm04ab.jpg\",\"datePublished\":\"2024-11-28T01:58:52+00:00\",\"dateModified\":\"2025-10-30T01:59:02+00:00\",\"breadcrumb\":{\"@id\":\"https:\\\/\\\/easystar.ee\\\/en\\\/toode\\\/katekuivati-smartflow-sensor-must-dmm04ab\\\/#breadcrumb\"},\"inLanguage\":\"en-US\",\"potentialAction\":[{\"@type\":\"ReadAction\",\"target\":[\"https:\\\/\\\/easystar.ee\\\/en\\\/toode\\\/katekuivati-smartflow-sensor-must-dmm04ab\\\/\"]}]},{\"@type\":\"ImageObject\",\"inLanguage\":\"en-US\",\"@id\":\"https:\\\/\\\/easystar.ee\\\/en\\\/toode\\\/katekuivati-smartflow-sensor-must-dmm04ab\\\/#primaryimage\",\"url\":\"https:\\\/\\\/easystar.ee\\\/wp-content\\\/uploads\\\/2024\\\/11\\\/mm04ab.jpg\",\"contentUrl\":\"https:\\\/\\\/easystar.ee\\\/wp-content\\\/uploads\\\/2024\\\/11\\\/mm04ab.jpg\",\"width\":213,\"height\":289},{\"@type\":\"BreadcrumbList\",\"@id\":\"https:\\\/\\\/easystar.ee\\\/en\\\/toode\\\/katekuivati-smartflow-sensor-must-dmm04ab\\\/#breadcrumb\",\"itemListElement\":[{\"@type\":\"ListItem\",\"position\":1,\"name\":\"Home\",\"item\":\"https:\\\/\\\/easystar.ee\\\/ru\\\/\"},{\"@type\":\"ListItem\",\"position\":2,\"name\":\"Shop\",\"item\":\"https:\\\/\\\/easystar.ee\\\/tooted\\\/\"},{\"@type\":\"ListItem\",\"position\":3,\"name\":\"K\u00e4tekuivati Smartflow sensor, must DMM04AB\"}]},{\"@type\":\"WebSite\",\"@id\":\"https:\\\/\\\/easystar.ee\\\/#website\",\"url\":\"https:\\\/\\\/easystar.ee\\\/\",\"name\":\"Easystar.ee\",\"description\":\"\",\"publisher\":{\"@id\":\"https:\\\/\\\/easystar.ee\\\/#organization\"},\"alternateName\":\"Keskkonnas\u00f5bralikud pehmepaberitooted teie kontorisse\",\"potentialAction\":[{\"@type\":\"SearchAction\",\"target\":{\"@type\":\"EntryPoint\",\"urlTemplate\":\"https:\\\/\\\/easystar.ee\\\/?s={search_term_string}\"},\"query-input\":{\"@type\":\"PropertyValueSpecification\",\"valueRequired\":true,\"valueName\":\"search_term_string\"}}],\"inLanguage\":\"en-US\"},{\"@type\":\"Organization\",\"@id\":\"https:\\\/\\\/easystar.ee\\\/#organization\",\"name\":\"Easy Star O\u00dc\",\"url\":\"https:\\\/\\\/easystar.ee\\\/\",\"logo\":{\"@type\":\"ImageObject\",\"inLanguage\":\"en-US\",\"@id\":\"https:\\\/\\\/easystar.ee\\\/#\\\/schema\\\/logo\\\/image\\\/\",\"url\":\"https:\\\/\\\/easystar.ee\\\/wp-content\\\/uploads\\\/2024\\\/03\\\/easystar-logo.svg\",\"contentUrl\":\"https:\\\/\\\/easystar.ee\\\/wp-content\\\/uploads\\\/2024\\\/03\\\/easystar-logo.svg\",\"width\":2000,\"height\":2000,\"caption\":\"Easy Star O\u00dc\"},\"image\":{\"@id\":\"https:\\\/\\\/easystar.ee\\\/#\\\/schema\\\/logo\\\/image\\\/\"}}]}<\/script>\n<!-- \/ Yoast SEO plugin. -->","yoast_head_json":{"title":"K\u00e4tekuivati Smartflow sensor, must DMM04AB &#8212; Easy Star O\u00dc","robots":{"index":"index","follow":"follow","max-snippet":"max-snippet:-1","max-image-preview":"max-image-preview:large","max-video-preview":"max-video-preview:-1"},"canonical":"https:\/\/easystar.ee\/en\/toode\/katekuivati-smartflow-sensor-must-dmm04ab\/","og_locale":"en_US","og_type":"article","og_title":"K\u00e4tekuivati Smartflow sensor, must DMM04AB &#8212; Easy Star O\u00dc","og_description":"\u00dches t\u00fckis ABS termoplast korpus Termoplastistist alus Termokaitsel\u00fclitiga B-klass harjadega mootor Korpuse paksus 3 mm Pinge 220-240 V Elektriisolatsiooni klass II Voolutarve 4,8A Kaal 1,2kg Koguv\u00f5imsus 1110W Eeldav kuivatusaeg 39 sek","og_url":"https:\/\/easystar.ee\/en\/toode\/katekuivati-smartflow-sensor-must-dmm04ab\/","og_site_name":"Easy Star O\u00dc","article_modified_time":"2025-10-30T01:59:02+00:00","og_image":[{"width":213,"height":289,"url":"https:\/\/easystar.ee\/wp-content\/uploads\/2024\/11\/mm04ab.jpg","type":"image\/jpeg"}],"twitter_card":"summary_large_image","schema":{"@context":"https:\/\/schema.org","@graph":[{"@type":"WebPage","@id":"https:\/\/easystar.ee\/en\/toode\/katekuivati-smartflow-sensor-must-dmm04ab\/","url":"https:\/\/easystar.ee\/en\/toode\/katekuivati-smartflow-sensor-must-dmm04ab\/","name":"K\u00e4tekuivati Smartflow sensor, must DMM04AB &#8212; Easy Star O\u00dc","isPartOf":{"@id":"https:\/\/easystar.ee\/#website"},"primaryImageOfPage":{"@id":"https:\/\/easystar.ee\/en\/toode\/katekuivati-smartflow-sensor-must-dmm04ab\/#primaryimage"},"image":{"@id":"https:\/\/easystar.ee\/en\/toode\/katekuivati-smartflow-sensor-must-dmm04ab\/#primaryimage"},"thumbnailUrl":"https:\/\/easystar.ee\/wp-content\/uploads\/2024\/11\/mm04ab.jpg","datePublished":"2024-11-28T01:58:52+00:00","dateModified":"2025-10-30T01:59:02+00:00","breadcrumb":{"@id":"https:\/\/easystar.ee\/en\/toode\/katekuivati-smartflow-sensor-must-dmm04ab\/#breadcrumb"},"inLanguage":"en-US","potentialAction":[{"@type":"ReadAction","target":["https:\/\/easystar.ee\/en\/toode\/katekuivati-smartflow-sensor-must-dmm04ab\/"]}]},{"@type":"ImageObject","inLanguage":"en-US","@id":"https:\/\/easystar.ee\/en\/toode\/katekuivati-smartflow-sensor-must-dmm04ab\/#primaryimage","url":"https:\/\/easystar.ee\/wp-content\/uploads\/2024\/11\/mm04ab.jpg","contentUrl":"https:\/\/easystar.ee\/wp-content\/uploads\/2024\/11\/mm04ab.jpg","width":213,"height":289},{"@type":"BreadcrumbList","@id":"https:\/\/easystar.ee\/en\/toode\/katekuivati-smartflow-sensor-must-dmm04ab\/#breadcrumb","itemListElement":[{"@type":"ListItem","position":1,"name":"Home","item":"https:\/\/easystar.ee\/ru\/"},{"@type":"ListItem","position":2,"name":"Shop","item":"https:\/\/easystar.ee\/tooted\/"},{"@type":"ListItem","position":3,"name":"K\u00e4tekuivati Smartflow sensor, must DMM04AB"}]},{"@type":"WebSite","@id":"https:\/\/easystar.ee\/#website","url":"https:\/\/easystar.ee\/","name":"Easystar.ee","description":"","publisher":{"@id":"https:\/\/easystar.ee\/#organization"},"alternateName":"Keskkonnas\u00f5bralikud pehmepaberitooted teie kontorisse","potentialAction":[{"@type":"SearchAction","target":{"@type":"EntryPoint","urlTemplate":"https:\/\/easystar.ee\/?s={search_term_string}"},"query-input":{"@type":"PropertyValueSpecification","valueRequired":true,"valueName":"search_term_string"}}],"inLanguage":"en-US"},{"@type":"Organization","@id":"https:\/\/easystar.ee\/#organization","name":"Easy Star O\u00dc","url":"https:\/\/easystar.ee\/","logo":{"@type":"ImageObject","inLanguage":"en-US","@id":"https:\/\/easystar.ee\/#\/schema\/logo\/image\/","url":"https:\/\/easystar.ee\/wp-content\/uploads\/2024\/03\/easystar-logo.svg","contentUrl":"https:\/\/easystar.ee\/wp-content\/uploads\/2024\/03\/easystar-logo.svg","width":2000,"height":2000,"caption":"Easy Star O\u00dc"},"image":{"@id":"https:\/\/easystar.ee\/#\/schema\/logo\/image\/"}}]}},"_links":{"self":[{"href":"https:\/\/easystar.ee\/en\/wp-json\/wp\/v2\/product\/48286","targetHints":{"allow":["GET"]}}],"collection":[{"href":"https:\/\/easystar.ee\/en\/wp-json\/wp\/v2\/product"}],"about":[{"href":"https:\/\/easystar.ee\/en\/wp-json\/wp\/v2\/types\/product"}],"wp:featuredmedia":[{"embeddable":true,"href":"https:\/\/easystar.ee\/en\/wp-json\/wp\/v2\/media\/48278"}],"wp:attachment":[{"href":"https:\/\/easystar.ee\/en\/wp-json\/wp\/v2\/media?parent=48286"}],"wp:term":[{"taxonomy":"product_brand","embeddable":true,"href":"https:\/\/easystar.ee\/en\/wp-json\/wp\/v2\/product_brand?post=48286"},{"taxonomy":"product_cat","embeddable":true,"href":"https:\/\/easystar.ee\/en\/wp-json\/wp\/v2\/product_cat?post=48286"},{"taxonomy":"product_tag","embeddable":true,"href":"https:\/\/easystar.ee\/en\/wp-json\/wp\/v2\/product_tag?post=48286"}],"curies":[{"name":"wp","href":"https:\/\/api.w.org\/{rel}","templated":true}]}}