{"id":42202,"date":"2024-07-29T12:47:10","date_gmt":"2024-07-29T12:47:10","guid":{"rendered":"https:\/\/easystar.ee\/toode\/lohnadosaatori-taide-exotic-garden-270ml-l270-07\/"},"modified":"2025-10-30T01:33:56","modified_gmt":"2025-10-30T01:33:56","slug":"lohnadosaatori-taide-exotic-garden-270ml-l270-07","status":"publish","type":"product","link":"https:\/\/easystar.ee\/en\/toode\/lohnadosaatori-taide-exotic-garden-270ml-l270-07\/","title":{"rendered":"L\u00f5hnadosaatori t\u00e4ide Exotic Garden 270ml L270-07"},"content":{"rendered":"","protected":false},"excerpt":{"rendered":"<p>L\u00f5hnav, intensiivne eksootiliste lillede ja \u00fcrtide hitt.<br \/>\nAiroma\u00ae l\u00f5hnad on kaasaegsed ning pakuvad stiili- ja m\u00f5juv\u00f5imalusi, mis vastavad k\u00f5ikidele eelistustele. K\u00f5ik Airoma\u00ae l\u00f5hnad on komplekssed, ainulaadsed ja kauakestvad. Airoma\u00ae l\u00f5hnat\u00e4ited sobivad k\u00f5ikidele Airoma\u00ae kaubam\u00e4rgiga dosaatoritele ja ka konkureerivatele aerosool\u00f5huv\u00e4rskendajate dosaatoritele.<br \/>\nNoodid: lilled, \u00fcrdid, eksootika.<br \/>\nEfektiivne kuni 200m\u00b3 suurustes ruumides.<br \/>\nKuni 3000 pihustusv\u00f5imsust.<\/p>\n","protected":false},"featured_media":42200,"template":"","meta":{"_acf_changed":false},"product_brand":[],"product_cat":[1849,1850],"product_tag":[],"class_list":{"0":"post-42202","1":"product","2":"type-product","3":"status-publish","4":"has-post-thumbnail","6":"product_cat-air-fresheners","7":"product_cat-air-fresheners-air-fresheners","9":"first","10":"instock","11":"taxable","12":"shipping-taxable","13":"purchasable","14":"product-type-simple"},"acf":[],"yoast_head":"<!-- This site is optimized with the Yoast SEO plugin v27.3 - https:\/\/yoast.com\/product\/yoast-seo-wordpress\/ -->\n<title>L\u00f5hnadosaatori t\u00e4ide Exotic Garden 270ml L270-07 &#8212; Easy Star O\u00dc<\/title>\n<meta name=\"robots\" content=\"index, follow, max-snippet:-1, max-image-preview:large, max-video-preview:-1\" \/>\n<link rel=\"canonical\" href=\"https:\/\/easystar.ee\/en\/toode\/lohnadosaatori-taide-exotic-garden-270ml-l270-07\/\" \/>\n<meta property=\"og:locale\" content=\"en_US\" \/>\n<meta property=\"og:type\" content=\"article\" \/>\n<meta property=\"og:title\" content=\"L\u00f5hnadosaatori t\u00e4ide Exotic Garden 270ml L270-07 &#8212; Easy Star O\u00dc\" \/>\n<meta property=\"og:description\" content=\"L\u00f5hnav, intensiivne eksootiliste lillede ja \u00fcrtide hitt. Airoma\u00ae l\u00f5hnad on kaasaegsed ning pakuvad stiili- ja m\u00f5juv\u00f5imalusi, mis vastavad k\u00f5ikidele eelistustele. K\u00f5ik Airoma\u00ae l\u00f5hnad on komplekssed, ainulaadsed ja kauakestvad. Airoma\u00ae l\u00f5hnat\u00e4ited sobivad k\u00f5ikidele Airoma\u00ae kaubam\u00e4rgiga dosaatoritele ja ka konkureerivatele aerosool\u00f5huv\u00e4rskendajate dosaatoritele. Noodid: lilled, \u00fcrdid, eksootika. Efektiivne kuni 200m\u00b3 suurustes ruumides. Kuni 3000 pihustusv\u00f5imsust.\" \/>\n<meta property=\"og:url\" content=\"https:\/\/easystar.ee\/en\/toode\/lohnadosaatori-taide-exotic-garden-270ml-l270-07\/\" \/>\n<meta property=\"og:site_name\" content=\"Easy Star O\u00dc\" \/>\n<meta property=\"article:modified_time\" content=\"2025-10-30T01:33:56+00:00\" \/>\n<meta property=\"og:image\" content=\"https:\/\/easystar.ee\/wp-content\/uploads\/2024\/07\/exotic_garden.jpg\" \/>\n\t<meta property=\"og:image:width\" content=\"288\" \/>\n\t<meta property=\"og:image:height\" content=\"579\" \/>\n\t<meta property=\"og:image:type\" content=\"image\/jpeg\" \/>\n<meta name=\"twitter:card\" content=\"summary_large_image\" \/>\n<script type=\"application\/ld+json\" class=\"yoast-schema-graph\">{\"@context\":\"https:\\\/\\\/schema.org\",\"@graph\":[{\"@type\":\"WebPage\",\"@id\":\"https:\\\/\\\/easystar.ee\\\/en\\\/toode\\\/lohnadosaatori-taide-exotic-garden-270ml-l270-07\\\/\",\"url\":\"https:\\\/\\\/easystar.ee\\\/en\\\/toode\\\/lohnadosaatori-taide-exotic-garden-270ml-l270-07\\\/\",\"name\":\"L\u00f5hnadosaatori t\u00e4ide Exotic Garden 270ml L270-07 &#8212; Easy Star O\u00dc\",\"isPartOf\":{\"@id\":\"https:\\\/\\\/easystar.ee\\\/#website\"},\"primaryImageOfPage\":{\"@id\":\"https:\\\/\\\/easystar.ee\\\/en\\\/toode\\\/lohnadosaatori-taide-exotic-garden-270ml-l270-07\\\/#primaryimage\"},\"image\":{\"@id\":\"https:\\\/\\\/easystar.ee\\\/en\\\/toode\\\/lohnadosaatori-taide-exotic-garden-270ml-l270-07\\\/#primaryimage\"},\"thumbnailUrl\":\"https:\\\/\\\/easystar.ee\\\/wp-content\\\/uploads\\\/2024\\\/07\\\/exotic_garden.jpg\",\"datePublished\":\"2024-07-29T12:47:10+00:00\",\"dateModified\":\"2025-10-30T01:33:56+00:00\",\"breadcrumb\":{\"@id\":\"https:\\\/\\\/easystar.ee\\\/en\\\/toode\\\/lohnadosaatori-taide-exotic-garden-270ml-l270-07\\\/#breadcrumb\"},\"inLanguage\":\"en-US\",\"potentialAction\":[{\"@type\":\"ReadAction\",\"target\":[\"https:\\\/\\\/easystar.ee\\\/en\\\/toode\\\/lohnadosaatori-taide-exotic-garden-270ml-l270-07\\\/\"]}]},{\"@type\":\"ImageObject\",\"inLanguage\":\"en-US\",\"@id\":\"https:\\\/\\\/easystar.ee\\\/en\\\/toode\\\/lohnadosaatori-taide-exotic-garden-270ml-l270-07\\\/#primaryimage\",\"url\":\"https:\\\/\\\/easystar.ee\\\/wp-content\\\/uploads\\\/2024\\\/07\\\/exotic_garden.jpg\",\"contentUrl\":\"https:\\\/\\\/easystar.ee\\\/wp-content\\\/uploads\\\/2024\\\/07\\\/exotic_garden.jpg\",\"width\":288,\"height\":579},{\"@type\":\"BreadcrumbList\",\"@id\":\"https:\\\/\\\/easystar.ee\\\/en\\\/toode\\\/lohnadosaatori-taide-exotic-garden-270ml-l270-07\\\/#breadcrumb\",\"itemListElement\":[{\"@type\":\"ListItem\",\"position\":1,\"name\":\"Home\",\"item\":\"https:\\\/\\\/easystar.ee\\\/ru\\\/\"},{\"@type\":\"ListItem\",\"position\":2,\"name\":\"Shop\",\"item\":\"https:\\\/\\\/easystar.ee\\\/tooted\\\/\"},{\"@type\":\"ListItem\",\"position\":3,\"name\":\"L\u00f5hnadosaatori t\u00e4ide Exotic Garden 270ml L270-07\"}]},{\"@type\":\"WebSite\",\"@id\":\"https:\\\/\\\/easystar.ee\\\/#website\",\"url\":\"https:\\\/\\\/easystar.ee\\\/\",\"name\":\"Easystar.ee\",\"description\":\"\",\"publisher\":{\"@id\":\"https:\\\/\\\/easystar.ee\\\/#organization\"},\"alternateName\":\"Keskkonnas\u00f5bralikud pehmepaberitooted teie kontorisse\",\"potentialAction\":[{\"@type\":\"SearchAction\",\"target\":{\"@type\":\"EntryPoint\",\"urlTemplate\":\"https:\\\/\\\/easystar.ee\\\/?s={search_term_string}\"},\"query-input\":{\"@type\":\"PropertyValueSpecification\",\"valueRequired\":true,\"valueName\":\"search_term_string\"}}],\"inLanguage\":\"en-US\"},{\"@type\":\"Organization\",\"@id\":\"https:\\\/\\\/easystar.ee\\\/#organization\",\"name\":\"Easy Star O\u00dc\",\"url\":\"https:\\\/\\\/easystar.ee\\\/\",\"logo\":{\"@type\":\"ImageObject\",\"inLanguage\":\"en-US\",\"@id\":\"https:\\\/\\\/easystar.ee\\\/#\\\/schema\\\/logo\\\/image\\\/\",\"url\":\"https:\\\/\\\/easystar.ee\\\/wp-content\\\/uploads\\\/2024\\\/03\\\/easystar-logo.svg\",\"contentUrl\":\"https:\\\/\\\/easystar.ee\\\/wp-content\\\/uploads\\\/2024\\\/03\\\/easystar-logo.svg\",\"width\":2000,\"height\":2000,\"caption\":\"Easy Star O\u00dc\"},\"image\":{\"@id\":\"https:\\\/\\\/easystar.ee\\\/#\\\/schema\\\/logo\\\/image\\\/\"}}]}<\/script>\n<!-- \/ Yoast SEO plugin. -->","yoast_head_json":{"title":"L\u00f5hnadosaatori t\u00e4ide Exotic Garden 270ml L270-07 &#8212; Easy Star O\u00dc","robots":{"index":"index","follow":"follow","max-snippet":"max-snippet:-1","max-image-preview":"max-image-preview:large","max-video-preview":"max-video-preview:-1"},"canonical":"https:\/\/easystar.ee\/en\/toode\/lohnadosaatori-taide-exotic-garden-270ml-l270-07\/","og_locale":"en_US","og_type":"article","og_title":"L\u00f5hnadosaatori t\u00e4ide Exotic Garden 270ml L270-07 &#8212; Easy Star O\u00dc","og_description":"L\u00f5hnav, intensiivne eksootiliste lillede ja \u00fcrtide hitt. Airoma\u00ae l\u00f5hnad on kaasaegsed ning pakuvad stiili- ja m\u00f5juv\u00f5imalusi, mis vastavad k\u00f5ikidele eelistustele. K\u00f5ik Airoma\u00ae l\u00f5hnad on komplekssed, ainulaadsed ja kauakestvad. Airoma\u00ae l\u00f5hnat\u00e4ited sobivad k\u00f5ikidele Airoma\u00ae kaubam\u00e4rgiga dosaatoritele ja ka konkureerivatele aerosool\u00f5huv\u00e4rskendajate dosaatoritele. Noodid: lilled, \u00fcrdid, eksootika. Efektiivne kuni 200m\u00b3 suurustes ruumides. Kuni 3000 pihustusv\u00f5imsust.","og_url":"https:\/\/easystar.ee\/en\/toode\/lohnadosaatori-taide-exotic-garden-270ml-l270-07\/","og_site_name":"Easy Star O\u00dc","article_modified_time":"2025-10-30T01:33:56+00:00","og_image":[{"width":288,"height":579,"url":"https:\/\/easystar.ee\/wp-content\/uploads\/2024\/07\/exotic_garden.jpg","type":"image\/jpeg"}],"twitter_card":"summary_large_image","schema":{"@context":"https:\/\/schema.org","@graph":[{"@type":"WebPage","@id":"https:\/\/easystar.ee\/en\/toode\/lohnadosaatori-taide-exotic-garden-270ml-l270-07\/","url":"https:\/\/easystar.ee\/en\/toode\/lohnadosaatori-taide-exotic-garden-270ml-l270-07\/","name":"L\u00f5hnadosaatori t\u00e4ide Exotic Garden 270ml L270-07 &#8212; Easy Star O\u00dc","isPartOf":{"@id":"https:\/\/easystar.ee\/#website"},"primaryImageOfPage":{"@id":"https:\/\/easystar.ee\/en\/toode\/lohnadosaatori-taide-exotic-garden-270ml-l270-07\/#primaryimage"},"image":{"@id":"https:\/\/easystar.ee\/en\/toode\/lohnadosaatori-taide-exotic-garden-270ml-l270-07\/#primaryimage"},"thumbnailUrl":"https:\/\/easystar.ee\/wp-content\/uploads\/2024\/07\/exotic_garden.jpg","datePublished":"2024-07-29T12:47:10+00:00","dateModified":"2025-10-30T01:33:56+00:00","breadcrumb":{"@id":"https:\/\/easystar.ee\/en\/toode\/lohnadosaatori-taide-exotic-garden-270ml-l270-07\/#breadcrumb"},"inLanguage":"en-US","potentialAction":[{"@type":"ReadAction","target":["https:\/\/easystar.ee\/en\/toode\/lohnadosaatori-taide-exotic-garden-270ml-l270-07\/"]}]},{"@type":"ImageObject","inLanguage":"en-US","@id":"https:\/\/easystar.ee\/en\/toode\/lohnadosaatori-taide-exotic-garden-270ml-l270-07\/#primaryimage","url":"https:\/\/easystar.ee\/wp-content\/uploads\/2024\/07\/exotic_garden.jpg","contentUrl":"https:\/\/easystar.ee\/wp-content\/uploads\/2024\/07\/exotic_garden.jpg","width":288,"height":579},{"@type":"BreadcrumbList","@id":"https:\/\/easystar.ee\/en\/toode\/lohnadosaatori-taide-exotic-garden-270ml-l270-07\/#breadcrumb","itemListElement":[{"@type":"ListItem","position":1,"name":"Home","item":"https:\/\/easystar.ee\/ru\/"},{"@type":"ListItem","position":2,"name":"Shop","item":"https:\/\/easystar.ee\/tooted\/"},{"@type":"ListItem","position":3,"name":"L\u00f5hnadosaatori t\u00e4ide Exotic Garden 270ml L270-07"}]},{"@type":"WebSite","@id":"https:\/\/easystar.ee\/#website","url":"https:\/\/easystar.ee\/","name":"Easystar.ee","description":"","publisher":{"@id":"https:\/\/easystar.ee\/#organization"},"alternateName":"Keskkonnas\u00f5bralikud pehmepaberitooted teie kontorisse","potentialAction":[{"@type":"SearchAction","target":{"@type":"EntryPoint","urlTemplate":"https:\/\/easystar.ee\/?s={search_term_string}"},"query-input":{"@type":"PropertyValueSpecification","valueRequired":true,"valueName":"search_term_string"}}],"inLanguage":"en-US"},{"@type":"Organization","@id":"https:\/\/easystar.ee\/#organization","name":"Easy Star O\u00dc","url":"https:\/\/easystar.ee\/","logo":{"@type":"ImageObject","inLanguage":"en-US","@id":"https:\/\/easystar.ee\/#\/schema\/logo\/image\/","url":"https:\/\/easystar.ee\/wp-content\/uploads\/2024\/03\/easystar-logo.svg","contentUrl":"https:\/\/easystar.ee\/wp-content\/uploads\/2024\/03\/easystar-logo.svg","width":2000,"height":2000,"caption":"Easy Star O\u00dc"},"image":{"@id":"https:\/\/easystar.ee\/#\/schema\/logo\/image\/"}}]}},"_links":{"self":[{"href":"https:\/\/easystar.ee\/en\/wp-json\/wp\/v2\/product\/42202","targetHints":{"allow":["GET"]}}],"collection":[{"href":"https:\/\/easystar.ee\/en\/wp-json\/wp\/v2\/product"}],"about":[{"href":"https:\/\/easystar.ee\/en\/wp-json\/wp\/v2\/types\/product"}],"wp:featuredmedia":[{"embeddable":true,"href":"https:\/\/easystar.ee\/en\/wp-json\/wp\/v2\/media\/42200"}],"wp:attachment":[{"href":"https:\/\/easystar.ee\/en\/wp-json\/wp\/v2\/media?parent=42202"}],"wp:term":[{"taxonomy":"product_brand","embeddable":true,"href":"https:\/\/easystar.ee\/en\/wp-json\/wp\/v2\/product_brand?post=42202"},{"taxonomy":"product_cat","embeddable":true,"href":"https:\/\/easystar.ee\/en\/wp-json\/wp\/v2\/product_cat?post=42202"},{"taxonomy":"product_tag","embeddable":true,"href":"https:\/\/easystar.ee\/en\/wp-json\/wp\/v2\/product_tag?post=42202"}],"curies":[{"name":"wp","href":"https:\/\/api.w.org\/{rel}","templated":true}]}}