{"id":42196,"date":"2024-07-29T12:46:50","date_gmt":"2024-07-29T12:46:50","guid":{"rendered":"https:\/\/easystar.ee\/toode\/lohnadosaatori-taide-summer-fruits-100ml-l100-44\/"},"modified":"2025-10-30T01:56:34","modified_gmt":"2025-10-30T01:56:34","slug":"lohnadosaatori-taide-summer-fruits-100ml-l100-44","status":"publish","type":"product","link":"https:\/\/easystar.ee\/en\/toode\/lohnadosaatori-taide-summer-fruits-100ml-l100-44\/","title":{"rendered":"L\u00f5hnadosaatori t\u00e4ide Summer Fruits 100ml L100-44"},"content":{"rendered":"","protected":false},"excerpt":{"rendered":"<p>See hooajaline ja lummav aroom \u00fchendab virsiku magusate suviste marjadega, et anda suve meeli\u00fclendav maitse.<br \/>\nMicro Airoma\u00ae l\u00f5hnad on kaasaegsed ning pakuvad stiili- ja m\u00f5juv\u00f5imalusi, mis vastavad k\u00f5ikidele eelistustele. K\u00f5ik Micro Airoma\u00ae l\u00f5hnad on komplekssed, ainulaadsed ja kauakestvad. Micro Airoma\u00ae l\u00f5hnat\u00e4ited sobivad k\u00f5ikidele Micro Airoma\u00ae kaubam\u00e4rgiga jaoturitele ja ka konkureerivatele mikroaerosool \u00f5huv\u00e4rskendajatele.<br \/>\nNoodid: Virsik, suvised marjad, magusad.<br \/>\nEfektiivne kuni 200m\u00b3 suurustes ruumides.<br \/>\nKuni 3000 pihustusv\u00f5imsust.<\/p>\n","protected":false},"featured_media":37376,"template":"","meta":{"_acf_changed":false},"product_brand":[],"product_cat":[1849,1850],"product_tag":[],"class_list":{"0":"post-42196","1":"product","2":"type-product","3":"status-publish","4":"has-post-thumbnail","6":"product_cat-air-fresheners","7":"product_cat-air-fresheners-air-fresheners","9":"first","10":"instock","11":"taxable","12":"shipping-taxable","13":"purchasable","14":"product-type-simple"},"acf":[],"yoast_head":"<!-- This site is optimized with the Yoast SEO plugin v27.3 - https:\/\/yoast.com\/product\/yoast-seo-wordpress\/ -->\n<title>L\u00f5hnadosaatori t\u00e4ide Summer Fruits 100ml L100-44 &#8212; Easy Star O\u00dc<\/title>\n<meta name=\"robots\" content=\"index, follow, max-snippet:-1, max-image-preview:large, max-video-preview:-1\" \/>\n<link rel=\"canonical\" href=\"https:\/\/easystar.ee\/en\/toode\/lohnadosaatori-taide-summer-fruits-100ml-l100-44\/\" \/>\n<meta property=\"og:locale\" content=\"en_US\" \/>\n<meta property=\"og:type\" content=\"article\" \/>\n<meta property=\"og:title\" content=\"L\u00f5hnadosaatori t\u00e4ide Summer Fruits 100ml L100-44 &#8212; Easy Star O\u00dc\" \/>\n<meta property=\"og:description\" content=\"See hooajaline ja lummav aroom \u00fchendab virsiku magusate suviste marjadega, et anda suve meeli\u00fclendav maitse. Micro Airoma\u00ae l\u00f5hnad on kaasaegsed ning pakuvad stiili- ja m\u00f5juv\u00f5imalusi, mis vastavad k\u00f5ikidele eelistustele. K\u00f5ik Micro Airoma\u00ae l\u00f5hnad on komplekssed, ainulaadsed ja kauakestvad. Micro Airoma\u00ae l\u00f5hnat\u00e4ited sobivad k\u00f5ikidele Micro Airoma\u00ae kaubam\u00e4rgiga jaoturitele ja ka konkureerivatele mikroaerosool \u00f5huv\u00e4rskendajatele. Noodid: Virsik, suvised marjad, magusad. Efektiivne kuni 200m\u00b3 suurustes ruumides. Kuni 3000 pihustusv\u00f5imsust.\" \/>\n<meta property=\"og:url\" content=\"https:\/\/easystar.ee\/en\/toode\/lohnadosaatori-taide-summer-fruits-100ml-l100-44\/\" \/>\n<meta property=\"og:site_name\" content=\"Easy Star O\u00dc\" \/>\n<meta property=\"article:modified_time\" content=\"2025-10-30T01:56:34+00:00\" \/>\n<meta property=\"og:image\" content=\"https:\/\/easystar.ee\/wp-content\/uploads\/2024\/06\/Summer_Fruits.jpg\" \/>\n\t<meta property=\"og:image:width\" content=\"279\" \/>\n\t<meta property=\"og:image:height\" content=\"572\" \/>\n\t<meta property=\"og:image:type\" content=\"image\/jpeg\" \/>\n<meta name=\"twitter:card\" content=\"summary_large_image\" \/>\n<script type=\"application\/ld+json\" class=\"yoast-schema-graph\">{\"@context\":\"https:\\\/\\\/schema.org\",\"@graph\":[{\"@type\":\"WebPage\",\"@id\":\"https:\\\/\\\/easystar.ee\\\/en\\\/toode\\\/lohnadosaatori-taide-summer-fruits-100ml-l100-44\\\/\",\"url\":\"https:\\\/\\\/easystar.ee\\\/en\\\/toode\\\/lohnadosaatori-taide-summer-fruits-100ml-l100-44\\\/\",\"name\":\"L\u00f5hnadosaatori t\u00e4ide Summer Fruits 100ml L100-44 &#8212; Easy Star O\u00dc\",\"isPartOf\":{\"@id\":\"https:\\\/\\\/easystar.ee\\\/#website\"},\"primaryImageOfPage\":{\"@id\":\"https:\\\/\\\/easystar.ee\\\/en\\\/toode\\\/lohnadosaatori-taide-summer-fruits-100ml-l100-44\\\/#primaryimage\"},\"image\":{\"@id\":\"https:\\\/\\\/easystar.ee\\\/en\\\/toode\\\/lohnadosaatori-taide-summer-fruits-100ml-l100-44\\\/#primaryimage\"},\"thumbnailUrl\":\"https:\\\/\\\/easystar.ee\\\/wp-content\\\/uploads\\\/2024\\\/06\\\/Summer_Fruits.jpg\",\"datePublished\":\"2024-07-29T12:46:50+00:00\",\"dateModified\":\"2025-10-30T01:56:34+00:00\",\"breadcrumb\":{\"@id\":\"https:\\\/\\\/easystar.ee\\\/en\\\/toode\\\/lohnadosaatori-taide-summer-fruits-100ml-l100-44\\\/#breadcrumb\"},\"inLanguage\":\"en-US\",\"potentialAction\":[{\"@type\":\"ReadAction\",\"target\":[\"https:\\\/\\\/easystar.ee\\\/en\\\/toode\\\/lohnadosaatori-taide-summer-fruits-100ml-l100-44\\\/\"]}]},{\"@type\":\"ImageObject\",\"inLanguage\":\"en-US\",\"@id\":\"https:\\\/\\\/easystar.ee\\\/en\\\/toode\\\/lohnadosaatori-taide-summer-fruits-100ml-l100-44\\\/#primaryimage\",\"url\":\"https:\\\/\\\/easystar.ee\\\/wp-content\\\/uploads\\\/2024\\\/06\\\/Summer_Fruits.jpg\",\"contentUrl\":\"https:\\\/\\\/easystar.ee\\\/wp-content\\\/uploads\\\/2024\\\/06\\\/Summer_Fruits.jpg\",\"width\":279,\"height\":572},{\"@type\":\"BreadcrumbList\",\"@id\":\"https:\\\/\\\/easystar.ee\\\/en\\\/toode\\\/lohnadosaatori-taide-summer-fruits-100ml-l100-44\\\/#breadcrumb\",\"itemListElement\":[{\"@type\":\"ListItem\",\"position\":1,\"name\":\"Home\",\"item\":\"https:\\\/\\\/easystar.ee\\\/ru\\\/\"},{\"@type\":\"ListItem\",\"position\":2,\"name\":\"Shop\",\"item\":\"https:\\\/\\\/easystar.ee\\\/tooted\\\/\"},{\"@type\":\"ListItem\",\"position\":3,\"name\":\"L\u00f5hnadosaatori t\u00e4ide Summer Fruits 100ml L100-44\"}]},{\"@type\":\"WebSite\",\"@id\":\"https:\\\/\\\/easystar.ee\\\/#website\",\"url\":\"https:\\\/\\\/easystar.ee\\\/\",\"name\":\"Easystar.ee\",\"description\":\"\",\"publisher\":{\"@id\":\"https:\\\/\\\/easystar.ee\\\/#organization\"},\"alternateName\":\"Keskkonnas\u00f5bralikud pehmepaberitooted teie kontorisse\",\"potentialAction\":[{\"@type\":\"SearchAction\",\"target\":{\"@type\":\"EntryPoint\",\"urlTemplate\":\"https:\\\/\\\/easystar.ee\\\/?s={search_term_string}\"},\"query-input\":{\"@type\":\"PropertyValueSpecification\",\"valueRequired\":true,\"valueName\":\"search_term_string\"}}],\"inLanguage\":\"en-US\"},{\"@type\":\"Organization\",\"@id\":\"https:\\\/\\\/easystar.ee\\\/#organization\",\"name\":\"Easy Star O\u00dc\",\"url\":\"https:\\\/\\\/easystar.ee\\\/\",\"logo\":{\"@type\":\"ImageObject\",\"inLanguage\":\"en-US\",\"@id\":\"https:\\\/\\\/easystar.ee\\\/#\\\/schema\\\/logo\\\/image\\\/\",\"url\":\"https:\\\/\\\/easystar.ee\\\/wp-content\\\/uploads\\\/2024\\\/03\\\/easystar-logo.svg\",\"contentUrl\":\"https:\\\/\\\/easystar.ee\\\/wp-content\\\/uploads\\\/2024\\\/03\\\/easystar-logo.svg\",\"width\":2000,\"height\":2000,\"caption\":\"Easy Star O\u00dc\"},\"image\":{\"@id\":\"https:\\\/\\\/easystar.ee\\\/#\\\/schema\\\/logo\\\/image\\\/\"}}]}<\/script>\n<!-- \/ Yoast SEO plugin. -->","yoast_head_json":{"title":"L\u00f5hnadosaatori t\u00e4ide Summer Fruits 100ml L100-44 &#8212; Easy Star O\u00dc","robots":{"index":"index","follow":"follow","max-snippet":"max-snippet:-1","max-image-preview":"max-image-preview:large","max-video-preview":"max-video-preview:-1"},"canonical":"https:\/\/easystar.ee\/en\/toode\/lohnadosaatori-taide-summer-fruits-100ml-l100-44\/","og_locale":"en_US","og_type":"article","og_title":"L\u00f5hnadosaatori t\u00e4ide Summer Fruits 100ml L100-44 &#8212; Easy Star O\u00dc","og_description":"See hooajaline ja lummav aroom \u00fchendab virsiku magusate suviste marjadega, et anda suve meeli\u00fclendav maitse. Micro Airoma\u00ae l\u00f5hnad on kaasaegsed ning pakuvad stiili- ja m\u00f5juv\u00f5imalusi, mis vastavad k\u00f5ikidele eelistustele. K\u00f5ik Micro Airoma\u00ae l\u00f5hnad on komplekssed, ainulaadsed ja kauakestvad. Micro Airoma\u00ae l\u00f5hnat\u00e4ited sobivad k\u00f5ikidele Micro Airoma\u00ae kaubam\u00e4rgiga jaoturitele ja ka konkureerivatele mikroaerosool \u00f5huv\u00e4rskendajatele. Noodid: Virsik, suvised marjad, magusad. Efektiivne kuni 200m\u00b3 suurustes ruumides. Kuni 3000 pihustusv\u00f5imsust.","og_url":"https:\/\/easystar.ee\/en\/toode\/lohnadosaatori-taide-summer-fruits-100ml-l100-44\/","og_site_name":"Easy Star O\u00dc","article_modified_time":"2025-10-30T01:56:34+00:00","og_image":[{"width":279,"height":572,"url":"https:\/\/easystar.ee\/wp-content\/uploads\/2024\/06\/Summer_Fruits.jpg","type":"image\/jpeg"}],"twitter_card":"summary_large_image","schema":{"@context":"https:\/\/schema.org","@graph":[{"@type":"WebPage","@id":"https:\/\/easystar.ee\/en\/toode\/lohnadosaatori-taide-summer-fruits-100ml-l100-44\/","url":"https:\/\/easystar.ee\/en\/toode\/lohnadosaatori-taide-summer-fruits-100ml-l100-44\/","name":"L\u00f5hnadosaatori t\u00e4ide Summer Fruits 100ml L100-44 &#8212; Easy Star O\u00dc","isPartOf":{"@id":"https:\/\/easystar.ee\/#website"},"primaryImageOfPage":{"@id":"https:\/\/easystar.ee\/en\/toode\/lohnadosaatori-taide-summer-fruits-100ml-l100-44\/#primaryimage"},"image":{"@id":"https:\/\/easystar.ee\/en\/toode\/lohnadosaatori-taide-summer-fruits-100ml-l100-44\/#primaryimage"},"thumbnailUrl":"https:\/\/easystar.ee\/wp-content\/uploads\/2024\/06\/Summer_Fruits.jpg","datePublished":"2024-07-29T12:46:50+00:00","dateModified":"2025-10-30T01:56:34+00:00","breadcrumb":{"@id":"https:\/\/easystar.ee\/en\/toode\/lohnadosaatori-taide-summer-fruits-100ml-l100-44\/#breadcrumb"},"inLanguage":"en-US","potentialAction":[{"@type":"ReadAction","target":["https:\/\/easystar.ee\/en\/toode\/lohnadosaatori-taide-summer-fruits-100ml-l100-44\/"]}]},{"@type":"ImageObject","inLanguage":"en-US","@id":"https:\/\/easystar.ee\/en\/toode\/lohnadosaatori-taide-summer-fruits-100ml-l100-44\/#primaryimage","url":"https:\/\/easystar.ee\/wp-content\/uploads\/2024\/06\/Summer_Fruits.jpg","contentUrl":"https:\/\/easystar.ee\/wp-content\/uploads\/2024\/06\/Summer_Fruits.jpg","width":279,"height":572},{"@type":"BreadcrumbList","@id":"https:\/\/easystar.ee\/en\/toode\/lohnadosaatori-taide-summer-fruits-100ml-l100-44\/#breadcrumb","itemListElement":[{"@type":"ListItem","position":1,"name":"Home","item":"https:\/\/easystar.ee\/ru\/"},{"@type":"ListItem","position":2,"name":"Shop","item":"https:\/\/easystar.ee\/tooted\/"},{"@type":"ListItem","position":3,"name":"L\u00f5hnadosaatori t\u00e4ide Summer Fruits 100ml L100-44"}]},{"@type":"WebSite","@id":"https:\/\/easystar.ee\/#website","url":"https:\/\/easystar.ee\/","name":"Easystar.ee","description":"","publisher":{"@id":"https:\/\/easystar.ee\/#organization"},"alternateName":"Keskkonnas\u00f5bralikud pehmepaberitooted teie kontorisse","potentialAction":[{"@type":"SearchAction","target":{"@type":"EntryPoint","urlTemplate":"https:\/\/easystar.ee\/?s={search_term_string}"},"query-input":{"@type":"PropertyValueSpecification","valueRequired":true,"valueName":"search_term_string"}}],"inLanguage":"en-US"},{"@type":"Organization","@id":"https:\/\/easystar.ee\/#organization","name":"Easy Star O\u00dc","url":"https:\/\/easystar.ee\/","logo":{"@type":"ImageObject","inLanguage":"en-US","@id":"https:\/\/easystar.ee\/#\/schema\/logo\/image\/","url":"https:\/\/easystar.ee\/wp-content\/uploads\/2024\/03\/easystar-logo.svg","contentUrl":"https:\/\/easystar.ee\/wp-content\/uploads\/2024\/03\/easystar-logo.svg","width":2000,"height":2000,"caption":"Easy Star O\u00dc"},"image":{"@id":"https:\/\/easystar.ee\/#\/schema\/logo\/image\/"}}]}},"_links":{"self":[{"href":"https:\/\/easystar.ee\/en\/wp-json\/wp\/v2\/product\/42196","targetHints":{"allow":["GET"]}}],"collection":[{"href":"https:\/\/easystar.ee\/en\/wp-json\/wp\/v2\/product"}],"about":[{"href":"https:\/\/easystar.ee\/en\/wp-json\/wp\/v2\/types\/product"}],"wp:featuredmedia":[{"embeddable":true,"href":"https:\/\/easystar.ee\/en\/wp-json\/wp\/v2\/media\/37376"}],"wp:attachment":[{"href":"https:\/\/easystar.ee\/en\/wp-json\/wp\/v2\/media?parent=42196"}],"wp:term":[{"taxonomy":"product_brand","embeddable":true,"href":"https:\/\/easystar.ee\/en\/wp-json\/wp\/v2\/product_brand?post=42196"},{"taxonomy":"product_cat","embeddable":true,"href":"https:\/\/easystar.ee\/en\/wp-json\/wp\/v2\/product_cat?post=42196"},{"taxonomy":"product_tag","embeddable":true,"href":"https:\/\/easystar.ee\/en\/wp-json\/wp\/v2\/product_tag?post=42196"}],"curies":[{"name":"wp","href":"https:\/\/api.w.org\/{rel}","templated":true}]}}