{"id":40132,"date":"2024-06-04T15:21:12","date_gmt":"2024-06-04T15:21:12","guid":{"rendered":"https:\/\/easystar.ee\/toode\/udara-kastmistopsi-kork-k2800107\/"},"modified":"2025-10-30T01:46:01","modified_gmt":"2025-10-30T01:46:01","slug":"udara-kastmistopsi-kork-k2800107","status":"publish","type":"product","link":"https:\/\/easystar.ee\/en\/toode\/udara-kastmistopsi-kork-k2800107\/","title":{"rendered":"Udara kastmistopsi kork K2800107"},"content":{"rendered":"","protected":false},"excerpt":{"rendered":"<p>MS Dipmizer on uus seade, mida saab MS Dip kastmispudeli peale panna, et eemaldada \u00fcleliigne nisakast. (sobib kokku tootega: 2800109)<br \/>\nMS Dipmizer on disainitud spetsiaalsete harjastega, mis eemaldavad t\u00e4pselt piisavalt kemikaale, kuid mitte liiga palju, et lutt oleks h\u00e4sti kaitstud \u00fchtlase kattega. Iga l\u00fcpsi l\u00f5pus tuleks MS Dipmizeri harjas ning MS Dip kastmispudelilt nisakuivatkork eemaldada ja desinfitseerida puhastuslahuses, et v\u00e4hendada saastumise ohtu.<\/p>\n","protected":false},"featured_media":41346,"template":"","meta":{"_acf_changed":false},"product_brand":[],"product_cat":[1814,1969],"product_tag":[],"class_list":{"0":"post-40132","1":"product","2":"type-product","3":"status-publish","4":"has-post-thumbnail","6":"product_cat-dispensers","7":"product_cat-dispensers-for-agricultural-cleaning-agents","9":"first","10":"onbackorder","11":"taxable","12":"shipping-taxable","13":"purchasable","14":"product-type-simple"},"acf":[],"yoast_head":"<!-- This site is optimized with the Yoast SEO plugin v27.5 - https:\/\/yoast.com\/product\/yoast-seo-wordpress\/ -->\n<title>Udara kastmistopsi kork K2800107 &#8212; Easy Star O\u00dc<\/title>\n<meta name=\"robots\" content=\"index, follow, max-snippet:-1, max-image-preview:large, max-video-preview:-1\" \/>\n<link rel=\"canonical\" href=\"https:\/\/easystar.ee\/en\/toode\/udara-kastmistopsi-kork-k2800107\/\" \/>\n<meta property=\"og:locale\" content=\"en_US\" \/>\n<meta property=\"og:type\" content=\"article\" \/>\n<meta property=\"og:title\" content=\"Udara kastmistopsi kork K2800107 &#8212; Easy Star O\u00dc\" \/>\n<meta property=\"og:description\" content=\"MS Dipmizer on uus seade, mida saab MS Dip kastmispudeli peale panna, et eemaldada \u00fcleliigne nisakast. (sobib kokku tootega: 2800109) MS Dipmizer on disainitud spetsiaalsete harjastega, mis eemaldavad t\u00e4pselt piisavalt kemikaale, kuid mitte liiga palju, et lutt oleks h\u00e4sti kaitstud \u00fchtlase kattega. Iga l\u00fcpsi l\u00f5pus tuleks MS Dipmizeri harjas ning MS Dip kastmispudelilt nisakuivatkork eemaldada ja desinfitseerida puhastuslahuses, et v\u00e4hendada saastumise ohtu.\" \/>\n<meta property=\"og:url\" content=\"https:\/\/easystar.ee\/en\/toode\/udara-kastmistopsi-kork-k2800107\/\" \/>\n<meta property=\"og:site_name\" content=\"Easy Star O\u00dc\" \/>\n<meta property=\"article:modified_time\" content=\"2025-10-30T01:46:01+00:00\" \/>\n<meta property=\"og:image\" content=\"https:\/\/easystar.ee\/wp-content\/uploads\/2024\/06\/2800107_v1.jpg\" \/>\n\t<meta property=\"og:image:width\" content=\"481\" \/>\n\t<meta property=\"og:image:height\" content=\"404\" \/>\n\t<meta property=\"og:image:type\" content=\"image\/jpeg\" \/>\n<meta name=\"twitter:card\" content=\"summary_large_image\" \/>\n<script type=\"application\/ld+json\" class=\"yoast-schema-graph\">{\"@context\":\"https:\\\/\\\/schema.org\",\"@graph\":[{\"@type\":\"WebPage\",\"@id\":\"https:\\\/\\\/easystar.ee\\\/en\\\/toode\\\/udara-kastmistopsi-kork-k2800107\\\/\",\"url\":\"https:\\\/\\\/easystar.ee\\\/en\\\/toode\\\/udara-kastmistopsi-kork-k2800107\\\/\",\"name\":\"Udara kastmistopsi kork K2800107 &#8212; Easy Star O\u00dc\",\"isPartOf\":{\"@id\":\"https:\\\/\\\/easystar.ee\\\/#website\"},\"primaryImageOfPage\":{\"@id\":\"https:\\\/\\\/easystar.ee\\\/en\\\/toode\\\/udara-kastmistopsi-kork-k2800107\\\/#primaryimage\"},\"image\":{\"@id\":\"https:\\\/\\\/easystar.ee\\\/en\\\/toode\\\/udara-kastmistopsi-kork-k2800107\\\/#primaryimage\"},\"thumbnailUrl\":\"https:\\\/\\\/easystar.ee\\\/wp-content\\\/uploads\\\/2024\\\/06\\\/2800107_v1.jpg\",\"datePublished\":\"2024-06-04T15:21:12+00:00\",\"dateModified\":\"2025-10-30T01:46:01+00:00\",\"breadcrumb\":{\"@id\":\"https:\\\/\\\/easystar.ee\\\/en\\\/toode\\\/udara-kastmistopsi-kork-k2800107\\\/#breadcrumb\"},\"inLanguage\":\"en-US\",\"potentialAction\":[{\"@type\":\"ReadAction\",\"target\":[\"https:\\\/\\\/easystar.ee\\\/en\\\/toode\\\/udara-kastmistopsi-kork-k2800107\\\/\"]}]},{\"@type\":\"ImageObject\",\"inLanguage\":\"en-US\",\"@id\":\"https:\\\/\\\/easystar.ee\\\/en\\\/toode\\\/udara-kastmistopsi-kork-k2800107\\\/#primaryimage\",\"url\":\"https:\\\/\\\/easystar.ee\\\/wp-content\\\/uploads\\\/2024\\\/06\\\/2800107_v1.jpg\",\"contentUrl\":\"https:\\\/\\\/easystar.ee\\\/wp-content\\\/uploads\\\/2024\\\/06\\\/2800107_v1.jpg\",\"width\":481,\"height\":404},{\"@type\":\"BreadcrumbList\",\"@id\":\"https:\\\/\\\/easystar.ee\\\/en\\\/toode\\\/udara-kastmistopsi-kork-k2800107\\\/#breadcrumb\",\"itemListElement\":[{\"@type\":\"ListItem\",\"position\":1,\"name\":\"Home\",\"item\":\"https:\\\/\\\/easystar.ee\\\/ru\\\/\"},{\"@type\":\"ListItem\",\"position\":2,\"name\":\"Shop\",\"item\":\"https:\\\/\\\/easystar.ee\\\/tooted\\\/\"},{\"@type\":\"ListItem\",\"position\":3,\"name\":\"Udara kastmistopsi kork K2800107\"}]},{\"@type\":\"WebSite\",\"@id\":\"https:\\\/\\\/easystar.ee\\\/#website\",\"url\":\"https:\\\/\\\/easystar.ee\\\/\",\"name\":\"Easystar.ee\",\"description\":\"\",\"publisher\":{\"@id\":\"https:\\\/\\\/easystar.ee\\\/#organization\"},\"alternateName\":\"Keskkonnas\u00f5bralikud pehmepaberitooted teie kontorisse\",\"potentialAction\":[{\"@type\":\"SearchAction\",\"target\":{\"@type\":\"EntryPoint\",\"urlTemplate\":\"https:\\\/\\\/easystar.ee\\\/?s={search_term_string}\"},\"query-input\":{\"@type\":\"PropertyValueSpecification\",\"valueRequired\":true,\"valueName\":\"search_term_string\"}}],\"inLanguage\":\"en-US\"},{\"@type\":\"Organization\",\"@id\":\"https:\\\/\\\/easystar.ee\\\/#organization\",\"name\":\"Easy Star O\u00dc\",\"url\":\"https:\\\/\\\/easystar.ee\\\/\",\"logo\":{\"@type\":\"ImageObject\",\"inLanguage\":\"en-US\",\"@id\":\"https:\\\/\\\/easystar.ee\\\/#\\\/schema\\\/logo\\\/image\\\/\",\"url\":\"https:\\\/\\\/easystar.ee\\\/wp-content\\\/uploads\\\/2024\\\/03\\\/easystar-logo.svg\",\"contentUrl\":\"https:\\\/\\\/easystar.ee\\\/wp-content\\\/uploads\\\/2024\\\/03\\\/easystar-logo.svg\",\"width\":2000,\"height\":2000,\"caption\":\"Easy Star O\u00dc\"},\"image\":{\"@id\":\"https:\\\/\\\/easystar.ee\\\/#\\\/schema\\\/logo\\\/image\\\/\"}}]}<\/script>\n<!-- \/ Yoast SEO plugin. -->","yoast_head_json":{"title":"Udara kastmistopsi kork K2800107 &#8212; Easy Star O\u00dc","robots":{"index":"index","follow":"follow","max-snippet":"max-snippet:-1","max-image-preview":"max-image-preview:large","max-video-preview":"max-video-preview:-1"},"canonical":"https:\/\/easystar.ee\/en\/toode\/udara-kastmistopsi-kork-k2800107\/","og_locale":"en_US","og_type":"article","og_title":"Udara kastmistopsi kork K2800107 &#8212; Easy Star O\u00dc","og_description":"MS Dipmizer on uus seade, mida saab MS Dip kastmispudeli peale panna, et eemaldada \u00fcleliigne nisakast. (sobib kokku tootega: 2800109) MS Dipmizer on disainitud spetsiaalsete harjastega, mis eemaldavad t\u00e4pselt piisavalt kemikaale, kuid mitte liiga palju, et lutt oleks h\u00e4sti kaitstud \u00fchtlase kattega. Iga l\u00fcpsi l\u00f5pus tuleks MS Dipmizeri harjas ning MS Dip kastmispudelilt nisakuivatkork eemaldada ja desinfitseerida puhastuslahuses, et v\u00e4hendada saastumise ohtu.","og_url":"https:\/\/easystar.ee\/en\/toode\/udara-kastmistopsi-kork-k2800107\/","og_site_name":"Easy Star O\u00dc","article_modified_time":"2025-10-30T01:46:01+00:00","og_image":[{"width":481,"height":404,"url":"https:\/\/easystar.ee\/wp-content\/uploads\/2024\/06\/2800107_v1.jpg","type":"image\/jpeg"}],"twitter_card":"summary_large_image","schema":{"@context":"https:\/\/schema.org","@graph":[{"@type":"WebPage","@id":"https:\/\/easystar.ee\/en\/toode\/udara-kastmistopsi-kork-k2800107\/","url":"https:\/\/easystar.ee\/en\/toode\/udara-kastmistopsi-kork-k2800107\/","name":"Udara kastmistopsi kork K2800107 &#8212; Easy Star O\u00dc","isPartOf":{"@id":"https:\/\/easystar.ee\/#website"},"primaryImageOfPage":{"@id":"https:\/\/easystar.ee\/en\/toode\/udara-kastmistopsi-kork-k2800107\/#primaryimage"},"image":{"@id":"https:\/\/easystar.ee\/en\/toode\/udara-kastmistopsi-kork-k2800107\/#primaryimage"},"thumbnailUrl":"https:\/\/easystar.ee\/wp-content\/uploads\/2024\/06\/2800107_v1.jpg","datePublished":"2024-06-04T15:21:12+00:00","dateModified":"2025-10-30T01:46:01+00:00","breadcrumb":{"@id":"https:\/\/easystar.ee\/en\/toode\/udara-kastmistopsi-kork-k2800107\/#breadcrumb"},"inLanguage":"en-US","potentialAction":[{"@type":"ReadAction","target":["https:\/\/easystar.ee\/en\/toode\/udara-kastmistopsi-kork-k2800107\/"]}]},{"@type":"ImageObject","inLanguage":"en-US","@id":"https:\/\/easystar.ee\/en\/toode\/udara-kastmistopsi-kork-k2800107\/#primaryimage","url":"https:\/\/easystar.ee\/wp-content\/uploads\/2024\/06\/2800107_v1.jpg","contentUrl":"https:\/\/easystar.ee\/wp-content\/uploads\/2024\/06\/2800107_v1.jpg","width":481,"height":404},{"@type":"BreadcrumbList","@id":"https:\/\/easystar.ee\/en\/toode\/udara-kastmistopsi-kork-k2800107\/#breadcrumb","itemListElement":[{"@type":"ListItem","position":1,"name":"Home","item":"https:\/\/easystar.ee\/ru\/"},{"@type":"ListItem","position":2,"name":"Shop","item":"https:\/\/easystar.ee\/tooted\/"},{"@type":"ListItem","position":3,"name":"Udara kastmistopsi kork K2800107"}]},{"@type":"WebSite","@id":"https:\/\/easystar.ee\/#website","url":"https:\/\/easystar.ee\/","name":"Easystar.ee","description":"","publisher":{"@id":"https:\/\/easystar.ee\/#organization"},"alternateName":"Keskkonnas\u00f5bralikud pehmepaberitooted teie kontorisse","potentialAction":[{"@type":"SearchAction","target":{"@type":"EntryPoint","urlTemplate":"https:\/\/easystar.ee\/?s={search_term_string}"},"query-input":{"@type":"PropertyValueSpecification","valueRequired":true,"valueName":"search_term_string"}}],"inLanguage":"en-US"},{"@type":"Organization","@id":"https:\/\/easystar.ee\/#organization","name":"Easy Star O\u00dc","url":"https:\/\/easystar.ee\/","logo":{"@type":"ImageObject","inLanguage":"en-US","@id":"https:\/\/easystar.ee\/#\/schema\/logo\/image\/","url":"https:\/\/easystar.ee\/wp-content\/uploads\/2024\/03\/easystar-logo.svg","contentUrl":"https:\/\/easystar.ee\/wp-content\/uploads\/2024\/03\/easystar-logo.svg","width":2000,"height":2000,"caption":"Easy Star O\u00dc"},"image":{"@id":"https:\/\/easystar.ee\/#\/schema\/logo\/image\/"}}]}},"_links":{"self":[{"href":"https:\/\/easystar.ee\/en\/wp-json\/wp\/v2\/product\/40132","targetHints":{"allow":["GET"]}}],"collection":[{"href":"https:\/\/easystar.ee\/en\/wp-json\/wp\/v2\/product"}],"about":[{"href":"https:\/\/easystar.ee\/en\/wp-json\/wp\/v2\/types\/product"}],"wp:featuredmedia":[{"embeddable":true,"href":"https:\/\/easystar.ee\/en\/wp-json\/wp\/v2\/media\/41346"}],"wp:attachment":[{"href":"https:\/\/easystar.ee\/en\/wp-json\/wp\/v2\/media?parent=40132"}],"wp:term":[{"taxonomy":"product_brand","embeddable":true,"href":"https:\/\/easystar.ee\/en\/wp-json\/wp\/v2\/product_brand?post=40132"},{"taxonomy":"product_cat","embeddable":true,"href":"https:\/\/easystar.ee\/en\/wp-json\/wp\/v2\/product_cat?post=40132"},{"taxonomy":"product_tag","embeddable":true,"href":"https:\/\/easystar.ee\/en\/wp-json\/wp\/v2\/product_tag?post=40132"}],"curies":[{"name":"wp","href":"https:\/\/api.w.org\/{rel}","templated":true}]}}