{"id":40130,"date":"2024-06-04T15:20:41","date_gmt":"2024-06-04T15:20:41","guid":{"rendered":"https:\/\/easystar.ee\/toode\/varuharjade-komplekt-udara-kastmistopsi-korgile-5tk-komplekt-k2800109\/"},"modified":"2025-10-30T01:45:39","modified_gmt":"2025-10-30T01:45:39","slug":"varuharjade-komplekt-udara-kastmistopsi-korgile-5tk-komplekt-k2800109","status":"publish","type":"product","link":"https:\/\/easystar.ee\/en\/toode\/varuharjade-komplekt-udara-kastmistopsi-korgile-5tk-komplekt-k2800109\/","title":{"rendered":"Varuharjade komplekt Udara kastmistopsi korgile, 5tk komplekt K2800109"},"content":{"rendered":"","protected":false},"excerpt":{"rendered":"<p>MS Dipmizer on uus seade, mida saab MS Dip tassi k\u00fclgepaigaldada, et eemaldada \u00fcleliigne nisakast. MS Dipmizer on disainitud spetsiaalsete harjastega, mis eemaldavad t\u00e4pselt piisavalt kemikaale, kuid mitte liiga palju, et lutt oleks \u00fchtlase kattega h\u00e4sti kaitstud. Iga l\u00fcpsi l\u00f5pus tuleks MS Dipmizeri harja kinnitus eemaldada ja desinfitseerida puhastuslahuses, et v\u00e4hendada saastumise ohtu. Sobib kokku tootega 2800107 &#8211; MS Dipmizer (kaas ei ole komplektis)<\/p>\n","protected":false},"featured_media":41342,"template":"","meta":{"_acf_changed":false},"product_brand":[],"product_cat":[1814,1969],"product_tag":[],"class_list":{"0":"post-40130","1":"product","2":"type-product","3":"status-publish","4":"has-post-thumbnail","6":"product_cat-dispensers","7":"product_cat-dispensers-for-agricultural-cleaning-agents","9":"first","10":"onbackorder","11":"taxable","12":"shipping-taxable","13":"purchasable","14":"product-type-simple"},"acf":[],"yoast_head":"<!-- This site is optimized with the Yoast SEO plugin v27.5 - https:\/\/yoast.com\/product\/yoast-seo-wordpress\/ -->\n<title>Varuharjade komplekt Udara kastmistopsi korgile, 5tk komplekt K2800109 &#8212; Easy Star O\u00dc<\/title>\n<meta name=\"robots\" content=\"index, follow, max-snippet:-1, max-image-preview:large, max-video-preview:-1\" \/>\n<link rel=\"canonical\" href=\"https:\/\/easystar.ee\/en\/toode\/varuharjade-komplekt-udara-kastmistopsi-korgile-5tk-komplekt-k2800109\/\" \/>\n<meta property=\"og:locale\" content=\"en_US\" \/>\n<meta property=\"og:type\" content=\"article\" \/>\n<meta property=\"og:title\" content=\"Varuharjade komplekt Udara kastmistopsi korgile, 5tk komplekt K2800109 &#8212; Easy Star O\u00dc\" \/>\n<meta property=\"og:description\" content=\"MS Dipmizer on uus seade, mida saab MS Dip tassi k\u00fclgepaigaldada, et eemaldada \u00fcleliigne nisakast. MS Dipmizer on disainitud spetsiaalsete harjastega, mis eemaldavad t\u00e4pselt piisavalt kemikaale, kuid mitte liiga palju, et lutt oleks \u00fchtlase kattega h\u00e4sti kaitstud. Iga l\u00fcpsi l\u00f5pus tuleks MS Dipmizeri harja kinnitus eemaldada ja desinfitseerida puhastuslahuses, et v\u00e4hendada saastumise ohtu. Sobib kokku tootega 2800107 - MS Dipmizer (kaas ei ole komplektis)\" \/>\n<meta property=\"og:url\" content=\"https:\/\/easystar.ee\/en\/toode\/varuharjade-komplekt-udara-kastmistopsi-korgile-5tk-komplekt-k2800109\/\" \/>\n<meta property=\"og:site_name\" content=\"Easy Star O\u00dc\" \/>\n<meta property=\"article:modified_time\" content=\"2025-10-30T01:45:39+00:00\" \/>\n<meta property=\"og:image\" content=\"https:\/\/easystar.ee\/wp-content\/uploads\/2024\/06\/2800109.jpg\" \/>\n\t<meta property=\"og:image:width\" content=\"460\" \/>\n\t<meta property=\"og:image:height\" content=\"400\" \/>\n\t<meta property=\"og:image:type\" content=\"image\/jpeg\" \/>\n<meta name=\"twitter:card\" content=\"summary_large_image\" \/>\n<script type=\"application\/ld+json\" class=\"yoast-schema-graph\">{\"@context\":\"https:\\\/\\\/schema.org\",\"@graph\":[{\"@type\":\"WebPage\",\"@id\":\"https:\\\/\\\/easystar.ee\\\/en\\\/toode\\\/varuharjade-komplekt-udara-kastmistopsi-korgile-5tk-komplekt-k2800109\\\/\",\"url\":\"https:\\\/\\\/easystar.ee\\\/en\\\/toode\\\/varuharjade-komplekt-udara-kastmistopsi-korgile-5tk-komplekt-k2800109\\\/\",\"name\":\"Varuharjade komplekt Udara kastmistopsi korgile, 5tk komplekt K2800109 &#8212; Easy Star O\u00dc\",\"isPartOf\":{\"@id\":\"https:\\\/\\\/easystar.ee\\\/#website\"},\"primaryImageOfPage\":{\"@id\":\"https:\\\/\\\/easystar.ee\\\/en\\\/toode\\\/varuharjade-komplekt-udara-kastmistopsi-korgile-5tk-komplekt-k2800109\\\/#primaryimage\"},\"image\":{\"@id\":\"https:\\\/\\\/easystar.ee\\\/en\\\/toode\\\/varuharjade-komplekt-udara-kastmistopsi-korgile-5tk-komplekt-k2800109\\\/#primaryimage\"},\"thumbnailUrl\":\"https:\\\/\\\/easystar.ee\\\/wp-content\\\/uploads\\\/2024\\\/06\\\/2800109.jpg\",\"datePublished\":\"2024-06-04T15:20:41+00:00\",\"dateModified\":\"2025-10-30T01:45:39+00:00\",\"breadcrumb\":{\"@id\":\"https:\\\/\\\/easystar.ee\\\/en\\\/toode\\\/varuharjade-komplekt-udara-kastmistopsi-korgile-5tk-komplekt-k2800109\\\/#breadcrumb\"},\"inLanguage\":\"en-US\",\"potentialAction\":[{\"@type\":\"ReadAction\",\"target\":[\"https:\\\/\\\/easystar.ee\\\/en\\\/toode\\\/varuharjade-komplekt-udara-kastmistopsi-korgile-5tk-komplekt-k2800109\\\/\"]}]},{\"@type\":\"ImageObject\",\"inLanguage\":\"en-US\",\"@id\":\"https:\\\/\\\/easystar.ee\\\/en\\\/toode\\\/varuharjade-komplekt-udara-kastmistopsi-korgile-5tk-komplekt-k2800109\\\/#primaryimage\",\"url\":\"https:\\\/\\\/easystar.ee\\\/wp-content\\\/uploads\\\/2024\\\/06\\\/2800109.jpg\",\"contentUrl\":\"https:\\\/\\\/easystar.ee\\\/wp-content\\\/uploads\\\/2024\\\/06\\\/2800109.jpg\",\"width\":460,\"height\":400},{\"@type\":\"BreadcrumbList\",\"@id\":\"https:\\\/\\\/easystar.ee\\\/en\\\/toode\\\/varuharjade-komplekt-udara-kastmistopsi-korgile-5tk-komplekt-k2800109\\\/#breadcrumb\",\"itemListElement\":[{\"@type\":\"ListItem\",\"position\":1,\"name\":\"Home\",\"item\":\"https:\\\/\\\/easystar.ee\\\/ru\\\/\"},{\"@type\":\"ListItem\",\"position\":2,\"name\":\"Shop\",\"item\":\"https:\\\/\\\/easystar.ee\\\/tooted\\\/\"},{\"@type\":\"ListItem\",\"position\":3,\"name\":\"Varuharjade komplekt Udara kastmistopsi korgile, 5tk komplekt K2800109\"}]},{\"@type\":\"WebSite\",\"@id\":\"https:\\\/\\\/easystar.ee\\\/#website\",\"url\":\"https:\\\/\\\/easystar.ee\\\/\",\"name\":\"Easystar.ee\",\"description\":\"\",\"publisher\":{\"@id\":\"https:\\\/\\\/easystar.ee\\\/#organization\"},\"alternateName\":\"Keskkonnas\u00f5bralikud pehmepaberitooted teie kontorisse\",\"potentialAction\":[{\"@type\":\"SearchAction\",\"target\":{\"@type\":\"EntryPoint\",\"urlTemplate\":\"https:\\\/\\\/easystar.ee\\\/?s={search_term_string}\"},\"query-input\":{\"@type\":\"PropertyValueSpecification\",\"valueRequired\":true,\"valueName\":\"search_term_string\"}}],\"inLanguage\":\"en-US\"},{\"@type\":\"Organization\",\"@id\":\"https:\\\/\\\/easystar.ee\\\/#organization\",\"name\":\"Easy Star O\u00dc\",\"url\":\"https:\\\/\\\/easystar.ee\\\/\",\"logo\":{\"@type\":\"ImageObject\",\"inLanguage\":\"en-US\",\"@id\":\"https:\\\/\\\/easystar.ee\\\/#\\\/schema\\\/logo\\\/image\\\/\",\"url\":\"https:\\\/\\\/easystar.ee\\\/wp-content\\\/uploads\\\/2024\\\/03\\\/easystar-logo.svg\",\"contentUrl\":\"https:\\\/\\\/easystar.ee\\\/wp-content\\\/uploads\\\/2024\\\/03\\\/easystar-logo.svg\",\"width\":2000,\"height\":2000,\"caption\":\"Easy Star O\u00dc\"},\"image\":{\"@id\":\"https:\\\/\\\/easystar.ee\\\/#\\\/schema\\\/logo\\\/image\\\/\"}}]}<\/script>\n<!-- \/ Yoast SEO plugin. -->","yoast_head_json":{"title":"Varuharjade komplekt Udara kastmistopsi korgile, 5tk komplekt K2800109 &#8212; Easy Star O\u00dc","robots":{"index":"index","follow":"follow","max-snippet":"max-snippet:-1","max-image-preview":"max-image-preview:large","max-video-preview":"max-video-preview:-1"},"canonical":"https:\/\/easystar.ee\/en\/toode\/varuharjade-komplekt-udara-kastmistopsi-korgile-5tk-komplekt-k2800109\/","og_locale":"en_US","og_type":"article","og_title":"Varuharjade komplekt Udara kastmistopsi korgile, 5tk komplekt K2800109 &#8212; Easy Star O\u00dc","og_description":"MS Dipmizer on uus seade, mida saab MS Dip tassi k\u00fclgepaigaldada, et eemaldada \u00fcleliigne nisakast. MS Dipmizer on disainitud spetsiaalsete harjastega, mis eemaldavad t\u00e4pselt piisavalt kemikaale, kuid mitte liiga palju, et lutt oleks \u00fchtlase kattega h\u00e4sti kaitstud. Iga l\u00fcpsi l\u00f5pus tuleks MS Dipmizeri harja kinnitus eemaldada ja desinfitseerida puhastuslahuses, et v\u00e4hendada saastumise ohtu. Sobib kokku tootega 2800107 - MS Dipmizer (kaas ei ole komplektis)","og_url":"https:\/\/easystar.ee\/en\/toode\/varuharjade-komplekt-udara-kastmistopsi-korgile-5tk-komplekt-k2800109\/","og_site_name":"Easy Star O\u00dc","article_modified_time":"2025-10-30T01:45:39+00:00","og_image":[{"width":460,"height":400,"url":"https:\/\/easystar.ee\/wp-content\/uploads\/2024\/06\/2800109.jpg","type":"image\/jpeg"}],"twitter_card":"summary_large_image","schema":{"@context":"https:\/\/schema.org","@graph":[{"@type":"WebPage","@id":"https:\/\/easystar.ee\/en\/toode\/varuharjade-komplekt-udara-kastmistopsi-korgile-5tk-komplekt-k2800109\/","url":"https:\/\/easystar.ee\/en\/toode\/varuharjade-komplekt-udara-kastmistopsi-korgile-5tk-komplekt-k2800109\/","name":"Varuharjade komplekt Udara kastmistopsi korgile, 5tk komplekt K2800109 &#8212; Easy Star O\u00dc","isPartOf":{"@id":"https:\/\/easystar.ee\/#website"},"primaryImageOfPage":{"@id":"https:\/\/easystar.ee\/en\/toode\/varuharjade-komplekt-udara-kastmistopsi-korgile-5tk-komplekt-k2800109\/#primaryimage"},"image":{"@id":"https:\/\/easystar.ee\/en\/toode\/varuharjade-komplekt-udara-kastmistopsi-korgile-5tk-komplekt-k2800109\/#primaryimage"},"thumbnailUrl":"https:\/\/easystar.ee\/wp-content\/uploads\/2024\/06\/2800109.jpg","datePublished":"2024-06-04T15:20:41+00:00","dateModified":"2025-10-30T01:45:39+00:00","breadcrumb":{"@id":"https:\/\/easystar.ee\/en\/toode\/varuharjade-komplekt-udara-kastmistopsi-korgile-5tk-komplekt-k2800109\/#breadcrumb"},"inLanguage":"en-US","potentialAction":[{"@type":"ReadAction","target":["https:\/\/easystar.ee\/en\/toode\/varuharjade-komplekt-udara-kastmistopsi-korgile-5tk-komplekt-k2800109\/"]}]},{"@type":"ImageObject","inLanguage":"en-US","@id":"https:\/\/easystar.ee\/en\/toode\/varuharjade-komplekt-udara-kastmistopsi-korgile-5tk-komplekt-k2800109\/#primaryimage","url":"https:\/\/easystar.ee\/wp-content\/uploads\/2024\/06\/2800109.jpg","contentUrl":"https:\/\/easystar.ee\/wp-content\/uploads\/2024\/06\/2800109.jpg","width":460,"height":400},{"@type":"BreadcrumbList","@id":"https:\/\/easystar.ee\/en\/toode\/varuharjade-komplekt-udara-kastmistopsi-korgile-5tk-komplekt-k2800109\/#breadcrumb","itemListElement":[{"@type":"ListItem","position":1,"name":"Home","item":"https:\/\/easystar.ee\/ru\/"},{"@type":"ListItem","position":2,"name":"Shop","item":"https:\/\/easystar.ee\/tooted\/"},{"@type":"ListItem","position":3,"name":"Varuharjade komplekt Udara kastmistopsi korgile, 5tk komplekt K2800109"}]},{"@type":"WebSite","@id":"https:\/\/easystar.ee\/#website","url":"https:\/\/easystar.ee\/","name":"Easystar.ee","description":"","publisher":{"@id":"https:\/\/easystar.ee\/#organization"},"alternateName":"Keskkonnas\u00f5bralikud pehmepaberitooted teie kontorisse","potentialAction":[{"@type":"SearchAction","target":{"@type":"EntryPoint","urlTemplate":"https:\/\/easystar.ee\/?s={search_term_string}"},"query-input":{"@type":"PropertyValueSpecification","valueRequired":true,"valueName":"search_term_string"}}],"inLanguage":"en-US"},{"@type":"Organization","@id":"https:\/\/easystar.ee\/#organization","name":"Easy Star O\u00dc","url":"https:\/\/easystar.ee\/","logo":{"@type":"ImageObject","inLanguage":"en-US","@id":"https:\/\/easystar.ee\/#\/schema\/logo\/image\/","url":"https:\/\/easystar.ee\/wp-content\/uploads\/2024\/03\/easystar-logo.svg","contentUrl":"https:\/\/easystar.ee\/wp-content\/uploads\/2024\/03\/easystar-logo.svg","width":2000,"height":2000,"caption":"Easy Star O\u00dc"},"image":{"@id":"https:\/\/easystar.ee\/#\/schema\/logo\/image\/"}}]}},"_links":{"self":[{"href":"https:\/\/easystar.ee\/en\/wp-json\/wp\/v2\/product\/40130","targetHints":{"allow":["GET"]}}],"collection":[{"href":"https:\/\/easystar.ee\/en\/wp-json\/wp\/v2\/product"}],"about":[{"href":"https:\/\/easystar.ee\/en\/wp-json\/wp\/v2\/types\/product"}],"wp:featuredmedia":[{"embeddable":true,"href":"https:\/\/easystar.ee\/en\/wp-json\/wp\/v2\/media\/41342"}],"wp:attachment":[{"href":"https:\/\/easystar.ee\/en\/wp-json\/wp\/v2\/media?parent=40130"}],"wp:term":[{"taxonomy":"product_brand","embeddable":true,"href":"https:\/\/easystar.ee\/en\/wp-json\/wp\/v2\/product_brand?post=40130"},{"taxonomy":"product_cat","embeddable":true,"href":"https:\/\/easystar.ee\/en\/wp-json\/wp\/v2\/product_cat?post=40130"},{"taxonomy":"product_tag","embeddable":true,"href":"https:\/\/easystar.ee\/en\/wp-json\/wp\/v2\/product_tag?post=40130"}],"curies":[{"name":"wp","href":"https:\/\/api.w.org\/{rel}","templated":true}]}}