{"id":40018,"date":"2024-06-04T15:21:15","date_gmt":"2024-06-04T15:21:15","guid":{"rendered":"https:\/\/easystar.ee\/toode\/nitriilkindad-s-puudrita-safe-light-sinine-100tk-pk-kt2706\/"},"modified":"2025-10-30T01:46:04","modified_gmt":"2025-10-30T01:46:04","slug":"nitriilkindad-s-puudrita-safe-light-sinine-100tk-pk-kt2706","status":"publish","type":"product","link":"https:\/\/easystar.ee\/en\/toode\/nitriilkindad-s-puudrita-safe-light-sinine-100tk-pk-kt2706\/","title":{"rendered":"Nitriilkindad S puudrita Safe light sinine 100tk\/pk KT2706"},"content":{"rendered":"","protected":false},"excerpt":{"rendered":"<p>Safe Light nitriilkindad on end t\u00f5estanud peaaegu 20 aastat ja neid kasutatakse iga p\u00e4ev miljoneid kordi. T\u00f5eliste universaalidena on Safe Light \u00fchekordsed kindad sobilikud professionaalseks kasutamiseks k\u00f6\u00f6gis, toiduainetet\u00f6\u00f6stuses, t\u00f6\u00f6stuses v\u00f5i meditsiinis.<br \/>\nNitriilkinnaste omadused: Safe Light nitriilkindad on valmistatud kergest nitriilmaterjalist. T\u00e4nu heale istuvusele pakuvad need suurep\u00e4rast puutetunnet \u2013 isegi peene t\u00f6\u00f6 puhul. Struktureeritud n\u00e4puotsad tagavad hea haarde. \u00dchekordsete kinnaste paksus n\u00e4puotstes on 0,1 mm. Rullkandiga kindad on anatoomilised ja h\u00e4sti istuvad. Kindaid on lihtne k\u00e4tte panna ja on k\u00e4es mugavad. Pind on tekstureeritud ja libisemiskindel. Nitriilkindad Safe Light on rasva- ja \u00f5likindlad ning sobivad seet\u00f5ttu toiduga t\u00f6\u00f6tamiseks. Need \u00fchekordsed nitriilkindad kaitsevad Sinu k\u00e4si usaldusv\u00e4\u00e4rselt kemikaalide, lahustite, viiruste, bakterite v\u00f5i seentega t\u00f6\u00f6tamisel. Kinda pikkus 24 cm.<\/p>\n","protected":false},"featured_media":41186,"template":"","meta":{"_acf_changed":false},"product_brand":[],"product_cat":[1949,1861],"product_tag":[],"class_list":{"0":"post-40018","1":"product","2":"type-product","3":"status-publish","4":"has-post-thumbnail","6":"product_cat-disposable-gloves","7":"product_cat-ppe-personal-protective-equipment","9":"first","10":"instock","11":"taxable","12":"shipping-taxable","13":"purchasable","14":"product-type-simple"},"acf":[],"yoast_head":"<!-- This site is optimized with the Yoast SEO plugin v27.5 - https:\/\/yoast.com\/product\/yoast-seo-wordpress\/ -->\n<title>Nitriilkindad S puudrita Safe light sinine 100tk\/pk KT2706 &#8212; Easy Star O\u00dc<\/title>\n<meta name=\"robots\" content=\"index, follow, max-snippet:-1, max-image-preview:large, max-video-preview:-1\" \/>\n<link rel=\"canonical\" href=\"https:\/\/easystar.ee\/en\/toode\/nitriilkindad-s-puudrita-safe-light-sinine-100tk-pk-kt2706\/\" \/>\n<meta property=\"og:locale\" content=\"en_US\" \/>\n<meta property=\"og:type\" content=\"article\" \/>\n<meta property=\"og:title\" content=\"Nitriilkindad S puudrita Safe light sinine 100tk\/pk KT2706 &#8212; Easy Star O\u00dc\" \/>\n<meta property=\"og:description\" content=\"Safe Light nitriilkindad on end t\u00f5estanud peaaegu 20 aastat ja neid kasutatakse iga p\u00e4ev miljoneid kordi. T\u00f5eliste universaalidena on Safe Light \u00fchekordsed kindad sobilikud professionaalseks kasutamiseks k\u00f6\u00f6gis, toiduainetet\u00f6\u00f6stuses, t\u00f6\u00f6stuses v\u00f5i meditsiinis. Nitriilkinnaste omadused: Safe Light nitriilkindad on valmistatud kergest nitriilmaterjalist. T\u00e4nu heale istuvusele pakuvad need suurep\u00e4rast puutetunnet \u2013 isegi peene t\u00f6\u00f6 puhul. Struktureeritud n\u00e4puotsad tagavad hea haarde. \u00dchekordsete kinnaste paksus n\u00e4puotstes on 0,1 mm. Rullkandiga kindad on anatoomilised ja h\u00e4sti istuvad. Kindaid on lihtne k\u00e4tte panna ja on k\u00e4es mugavad. Pind on tekstureeritud ja libisemiskindel. Nitriilkindad Safe Light on rasva- ja \u00f5likindlad ning sobivad seet\u00f5ttu toiduga t\u00f6\u00f6tamiseks. Need \u00fchekordsed nitriilkindad kaitsevad Sinu k\u00e4si usaldusv\u00e4\u00e4rselt kemikaalide, lahustite, viiruste, bakterite v\u00f5i seentega t\u00f6\u00f6tamisel. Kinda pikkus 24 cm.\" \/>\n<meta property=\"og:url\" content=\"https:\/\/easystar.ee\/en\/toode\/nitriilkindad-s-puudrita-safe-light-sinine-100tk-pk-kt2706\/\" \/>\n<meta property=\"og:site_name\" content=\"Easy Star O\u00dc\" \/>\n<meta property=\"article:modified_time\" content=\"2025-10-30T01:46:04+00:00\" \/>\n<meta property=\"og:image\" content=\"https:\/\/easystar.ee\/wp-content\/uploads\/2024\/06\/2706.jpg\" \/>\n\t<meta property=\"og:image:width\" content=\"239\" \/>\n\t<meta property=\"og:image:height\" content=\"262\" \/>\n\t<meta property=\"og:image:type\" content=\"image\/jpeg\" \/>\n<meta name=\"twitter:card\" content=\"summary_large_image\" \/>\n<script type=\"application\/ld+json\" class=\"yoast-schema-graph\">{\"@context\":\"https:\\\/\\\/schema.org\",\"@graph\":[{\"@type\":\"WebPage\",\"@id\":\"https:\\\/\\\/easystar.ee\\\/en\\\/toode\\\/nitriilkindad-s-puudrita-safe-light-sinine-100tk-pk-kt2706\\\/\",\"url\":\"https:\\\/\\\/easystar.ee\\\/en\\\/toode\\\/nitriilkindad-s-puudrita-safe-light-sinine-100tk-pk-kt2706\\\/\",\"name\":\"Nitriilkindad S puudrita Safe light sinine 100tk\\\/pk KT2706 &#8212; Easy Star O\u00dc\",\"isPartOf\":{\"@id\":\"https:\\\/\\\/easystar.ee\\\/#website\"},\"primaryImageOfPage\":{\"@id\":\"https:\\\/\\\/easystar.ee\\\/en\\\/toode\\\/nitriilkindad-s-puudrita-safe-light-sinine-100tk-pk-kt2706\\\/#primaryimage\"},\"image\":{\"@id\":\"https:\\\/\\\/easystar.ee\\\/en\\\/toode\\\/nitriilkindad-s-puudrita-safe-light-sinine-100tk-pk-kt2706\\\/#primaryimage\"},\"thumbnailUrl\":\"https:\\\/\\\/easystar.ee\\\/wp-content\\\/uploads\\\/2024\\\/06\\\/2706.jpg\",\"datePublished\":\"2024-06-04T15:21:15+00:00\",\"dateModified\":\"2025-10-30T01:46:04+00:00\",\"breadcrumb\":{\"@id\":\"https:\\\/\\\/easystar.ee\\\/en\\\/toode\\\/nitriilkindad-s-puudrita-safe-light-sinine-100tk-pk-kt2706\\\/#breadcrumb\"},\"inLanguage\":\"en-US\",\"potentialAction\":[{\"@type\":\"ReadAction\",\"target\":[\"https:\\\/\\\/easystar.ee\\\/en\\\/toode\\\/nitriilkindad-s-puudrita-safe-light-sinine-100tk-pk-kt2706\\\/\"]}]},{\"@type\":\"ImageObject\",\"inLanguage\":\"en-US\",\"@id\":\"https:\\\/\\\/easystar.ee\\\/en\\\/toode\\\/nitriilkindad-s-puudrita-safe-light-sinine-100tk-pk-kt2706\\\/#primaryimage\",\"url\":\"https:\\\/\\\/easystar.ee\\\/wp-content\\\/uploads\\\/2024\\\/06\\\/2706.jpg\",\"contentUrl\":\"https:\\\/\\\/easystar.ee\\\/wp-content\\\/uploads\\\/2024\\\/06\\\/2706.jpg\",\"width\":239,\"height\":262},{\"@type\":\"BreadcrumbList\",\"@id\":\"https:\\\/\\\/easystar.ee\\\/en\\\/toode\\\/nitriilkindad-s-puudrita-safe-light-sinine-100tk-pk-kt2706\\\/#breadcrumb\",\"itemListElement\":[{\"@type\":\"ListItem\",\"position\":1,\"name\":\"Home\",\"item\":\"https:\\\/\\\/easystar.ee\\\/ru\\\/\"},{\"@type\":\"ListItem\",\"position\":2,\"name\":\"Shop\",\"item\":\"https:\\\/\\\/easystar.ee\\\/tooted\\\/\"},{\"@type\":\"ListItem\",\"position\":3,\"name\":\"Nitriilkindad S puudrita Safe light sinine 100tk\\\/pk KT2706\"}]},{\"@type\":\"WebSite\",\"@id\":\"https:\\\/\\\/easystar.ee\\\/#website\",\"url\":\"https:\\\/\\\/easystar.ee\\\/\",\"name\":\"Easystar.ee\",\"description\":\"\",\"publisher\":{\"@id\":\"https:\\\/\\\/easystar.ee\\\/#organization\"},\"alternateName\":\"Keskkonnas\u00f5bralikud pehmepaberitooted teie kontorisse\",\"potentialAction\":[{\"@type\":\"SearchAction\",\"target\":{\"@type\":\"EntryPoint\",\"urlTemplate\":\"https:\\\/\\\/easystar.ee\\\/?s={search_term_string}\"},\"query-input\":{\"@type\":\"PropertyValueSpecification\",\"valueRequired\":true,\"valueName\":\"search_term_string\"}}],\"inLanguage\":\"en-US\"},{\"@type\":\"Organization\",\"@id\":\"https:\\\/\\\/easystar.ee\\\/#organization\",\"name\":\"Easy Star O\u00dc\",\"url\":\"https:\\\/\\\/easystar.ee\\\/\",\"logo\":{\"@type\":\"ImageObject\",\"inLanguage\":\"en-US\",\"@id\":\"https:\\\/\\\/easystar.ee\\\/#\\\/schema\\\/logo\\\/image\\\/\",\"url\":\"https:\\\/\\\/easystar.ee\\\/wp-content\\\/uploads\\\/2024\\\/03\\\/easystar-logo.svg\",\"contentUrl\":\"https:\\\/\\\/easystar.ee\\\/wp-content\\\/uploads\\\/2024\\\/03\\\/easystar-logo.svg\",\"width\":2000,\"height\":2000,\"caption\":\"Easy Star O\u00dc\"},\"image\":{\"@id\":\"https:\\\/\\\/easystar.ee\\\/#\\\/schema\\\/logo\\\/image\\\/\"}}]}<\/script>\n<!-- \/ Yoast SEO plugin. -->","yoast_head_json":{"title":"Nitriilkindad S puudrita Safe light sinine 100tk\/pk KT2706 &#8212; Easy Star O\u00dc","robots":{"index":"index","follow":"follow","max-snippet":"max-snippet:-1","max-image-preview":"max-image-preview:large","max-video-preview":"max-video-preview:-1"},"canonical":"https:\/\/easystar.ee\/en\/toode\/nitriilkindad-s-puudrita-safe-light-sinine-100tk-pk-kt2706\/","og_locale":"en_US","og_type":"article","og_title":"Nitriilkindad S puudrita Safe light sinine 100tk\/pk KT2706 &#8212; Easy Star O\u00dc","og_description":"Safe Light nitriilkindad on end t\u00f5estanud peaaegu 20 aastat ja neid kasutatakse iga p\u00e4ev miljoneid kordi. T\u00f5eliste universaalidena on Safe Light \u00fchekordsed kindad sobilikud professionaalseks kasutamiseks k\u00f6\u00f6gis, toiduainetet\u00f6\u00f6stuses, t\u00f6\u00f6stuses v\u00f5i meditsiinis. Nitriilkinnaste omadused: Safe Light nitriilkindad on valmistatud kergest nitriilmaterjalist. T\u00e4nu heale istuvusele pakuvad need suurep\u00e4rast puutetunnet \u2013 isegi peene t\u00f6\u00f6 puhul. Struktureeritud n\u00e4puotsad tagavad hea haarde. \u00dchekordsete kinnaste paksus n\u00e4puotstes on 0,1 mm. Rullkandiga kindad on anatoomilised ja h\u00e4sti istuvad. Kindaid on lihtne k\u00e4tte panna ja on k\u00e4es mugavad. Pind on tekstureeritud ja libisemiskindel. Nitriilkindad Safe Light on rasva- ja \u00f5likindlad ning sobivad seet\u00f5ttu toiduga t\u00f6\u00f6tamiseks. Need \u00fchekordsed nitriilkindad kaitsevad Sinu k\u00e4si usaldusv\u00e4\u00e4rselt kemikaalide, lahustite, viiruste, bakterite v\u00f5i seentega t\u00f6\u00f6tamisel. Kinda pikkus 24 cm.","og_url":"https:\/\/easystar.ee\/en\/toode\/nitriilkindad-s-puudrita-safe-light-sinine-100tk-pk-kt2706\/","og_site_name":"Easy Star O\u00dc","article_modified_time":"2025-10-30T01:46:04+00:00","og_image":[{"width":239,"height":262,"url":"https:\/\/easystar.ee\/wp-content\/uploads\/2024\/06\/2706.jpg","type":"image\/jpeg"}],"twitter_card":"summary_large_image","schema":{"@context":"https:\/\/schema.org","@graph":[{"@type":"WebPage","@id":"https:\/\/easystar.ee\/en\/toode\/nitriilkindad-s-puudrita-safe-light-sinine-100tk-pk-kt2706\/","url":"https:\/\/easystar.ee\/en\/toode\/nitriilkindad-s-puudrita-safe-light-sinine-100tk-pk-kt2706\/","name":"Nitriilkindad S puudrita Safe light sinine 100tk\/pk KT2706 &#8212; Easy Star O\u00dc","isPartOf":{"@id":"https:\/\/easystar.ee\/#website"},"primaryImageOfPage":{"@id":"https:\/\/easystar.ee\/en\/toode\/nitriilkindad-s-puudrita-safe-light-sinine-100tk-pk-kt2706\/#primaryimage"},"image":{"@id":"https:\/\/easystar.ee\/en\/toode\/nitriilkindad-s-puudrita-safe-light-sinine-100tk-pk-kt2706\/#primaryimage"},"thumbnailUrl":"https:\/\/easystar.ee\/wp-content\/uploads\/2024\/06\/2706.jpg","datePublished":"2024-06-04T15:21:15+00:00","dateModified":"2025-10-30T01:46:04+00:00","breadcrumb":{"@id":"https:\/\/easystar.ee\/en\/toode\/nitriilkindad-s-puudrita-safe-light-sinine-100tk-pk-kt2706\/#breadcrumb"},"inLanguage":"en-US","potentialAction":[{"@type":"ReadAction","target":["https:\/\/easystar.ee\/en\/toode\/nitriilkindad-s-puudrita-safe-light-sinine-100tk-pk-kt2706\/"]}]},{"@type":"ImageObject","inLanguage":"en-US","@id":"https:\/\/easystar.ee\/en\/toode\/nitriilkindad-s-puudrita-safe-light-sinine-100tk-pk-kt2706\/#primaryimage","url":"https:\/\/easystar.ee\/wp-content\/uploads\/2024\/06\/2706.jpg","contentUrl":"https:\/\/easystar.ee\/wp-content\/uploads\/2024\/06\/2706.jpg","width":239,"height":262},{"@type":"BreadcrumbList","@id":"https:\/\/easystar.ee\/en\/toode\/nitriilkindad-s-puudrita-safe-light-sinine-100tk-pk-kt2706\/#breadcrumb","itemListElement":[{"@type":"ListItem","position":1,"name":"Home","item":"https:\/\/easystar.ee\/ru\/"},{"@type":"ListItem","position":2,"name":"Shop","item":"https:\/\/easystar.ee\/tooted\/"},{"@type":"ListItem","position":3,"name":"Nitriilkindad S puudrita Safe light sinine 100tk\/pk KT2706"}]},{"@type":"WebSite","@id":"https:\/\/easystar.ee\/#website","url":"https:\/\/easystar.ee\/","name":"Easystar.ee","description":"","publisher":{"@id":"https:\/\/easystar.ee\/#organization"},"alternateName":"Keskkonnas\u00f5bralikud pehmepaberitooted teie kontorisse","potentialAction":[{"@type":"SearchAction","target":{"@type":"EntryPoint","urlTemplate":"https:\/\/easystar.ee\/?s={search_term_string}"},"query-input":{"@type":"PropertyValueSpecification","valueRequired":true,"valueName":"search_term_string"}}],"inLanguage":"en-US"},{"@type":"Organization","@id":"https:\/\/easystar.ee\/#organization","name":"Easy Star O\u00dc","url":"https:\/\/easystar.ee\/","logo":{"@type":"ImageObject","inLanguage":"en-US","@id":"https:\/\/easystar.ee\/#\/schema\/logo\/image\/","url":"https:\/\/easystar.ee\/wp-content\/uploads\/2024\/03\/easystar-logo.svg","contentUrl":"https:\/\/easystar.ee\/wp-content\/uploads\/2024\/03\/easystar-logo.svg","width":2000,"height":2000,"caption":"Easy Star O\u00dc"},"image":{"@id":"https:\/\/easystar.ee\/#\/schema\/logo\/image\/"}}]}},"_links":{"self":[{"href":"https:\/\/easystar.ee\/en\/wp-json\/wp\/v2\/product\/40018","targetHints":{"allow":["GET"]}}],"collection":[{"href":"https:\/\/easystar.ee\/en\/wp-json\/wp\/v2\/product"}],"about":[{"href":"https:\/\/easystar.ee\/en\/wp-json\/wp\/v2\/types\/product"}],"wp:featuredmedia":[{"embeddable":true,"href":"https:\/\/easystar.ee\/en\/wp-json\/wp\/v2\/media\/41186"}],"wp:attachment":[{"href":"https:\/\/easystar.ee\/en\/wp-json\/wp\/v2\/media?parent=40018"}],"wp:term":[{"taxonomy":"product_brand","embeddable":true,"href":"https:\/\/easystar.ee\/en\/wp-json\/wp\/v2\/product_brand?post=40018"},{"taxonomy":"product_cat","embeddable":true,"href":"https:\/\/easystar.ee\/en\/wp-json\/wp\/v2\/product_cat?post=40018"},{"taxonomy":"product_tag","embeddable":true,"href":"https:\/\/easystar.ee\/en\/wp-json\/wp\/v2\/product_tag?post=40018"}],"curies":[{"name":"wp","href":"https:\/\/api.w.org\/{rel}","templated":true}]}}