{"id":39996,"date":"2024-06-05T10:54:59","date_gmt":"2024-06-05T10:54:59","guid":{"rendered":"https:\/\/easystar.ee\/toode\/calgodip-blue-kamille-film-200kg-teepuuoli-joodivaba-tokkekile-k102115\/"},"modified":"2025-10-30T01:55:50","modified_gmt":"2025-10-30T01:55:50","slug":"calgodip-blue-kamille-film-200kg-teepuuoli-joodivaba-tokkekile-k102115","status":"publish","type":"product","link":"https:\/\/easystar.ee\/en\/toode\/calgodip-blue-kamille-film-200kg-teepuuoli-joodivaba-tokkekile-k102115\/","title":{"rendered":"Calgodip Blue Kamille Film 200kg teepuu\u00f5li, joodivaba (t\u00f5kkekile) K102115"},"content":{"rendered":"","protected":false},"excerpt":{"rendered":"<p>calgodip Blue Kamille Film on uue p\u00f5lvkonna kasutusvalmis nisahoolduspreparaat iga l\u00fcpsi j\u00e4rel kastmiseks. calgodip Blue Kamille Film moodustab nisa \u00fcmber mittetilkuva t\u00f5kkekihi, mis kaitseb udarat bakterite sissetungi eest. calgodip Blue Kamille Film sisaldab nahka kaitsvaid komponente ja h\u00e4sti tasakaalustatud koguses bioloogilist piimhapet, mida iseloomustatakse kui eriti nahas\u00f5bralikku ja samal ajal m\u00e4rkimisv\u00e4\u00e4rset desinfitseerimisv\u00f5imet. Kvaliteetsed hoolduskomponendid muudavad naha vastupidavaks ja elastseks. Calgodip Blue Kamille Film on testitud vastavalt Euroopa standardile EN 1656. Sisalduv kummel rahustab ja hooldab nahka. Teepuu\u00f5lil on k\u00e4rbsed halvasti vastuv\u00f5etavad l\u00f5hnad, mist\u00f5ttu nad p\u00e4rast l\u00fcpsmist ja kastmist nisadele ei tule.<br \/>\n* Tagab udara tervise ja piima kvaliteedi<br \/>\n* Tagab suurep\u00e4rase naha seisundi ja kaitse<br \/>\n* Moodustab kauakestva kaitsekile<br \/>\n* Joodivaba<br \/>\npH 3,7<\/p>\n","protected":false},"featured_media":41138,"template":"","meta":{"_acf_changed":false},"product_brand":[],"product_cat":[1866,1829],"product_tag":[],"class_list":{"0":"post-39996","1":"product","2":"type-product","3":"status-publish","4":"has-post-thumbnail","6":"product_cat-agricultural-cleaning-agents","7":"product_cat-cleaning-chemicals","9":"first","10":"onbackorder","11":"taxable","12":"shipping-taxable","13":"purchasable","14":"product-type-simple"},"acf":[],"yoast_head":"<!-- This site is optimized with the Yoast SEO plugin v27.3 - https:\/\/yoast.com\/product\/yoast-seo-wordpress\/ -->\n<title>Calgodip Blue Kamille Film 200kg teepuu\u00f5li, joodivaba (t\u00f5kkekile) K102115 &#8212; Easy Star O\u00dc<\/title>\n<meta name=\"robots\" content=\"index, follow, max-snippet:-1, max-image-preview:large, max-video-preview:-1\" \/>\n<link rel=\"canonical\" href=\"https:\/\/easystar.ee\/en\/toode\/calgodip-blue-kamille-film-200kg-teepuuoli-joodivaba-tokkekile-k102115\/\" \/>\n<meta property=\"og:locale\" content=\"en_US\" \/>\n<meta property=\"og:type\" content=\"article\" \/>\n<meta property=\"og:title\" content=\"Calgodip Blue Kamille Film 200kg teepuu\u00f5li, joodivaba (t\u00f5kkekile) K102115 &#8212; Easy Star O\u00dc\" \/>\n<meta property=\"og:description\" content=\"calgodip Blue Kamille Film on uue p\u00f5lvkonna kasutusvalmis nisahoolduspreparaat iga l\u00fcpsi j\u00e4rel kastmiseks. calgodip Blue Kamille Film moodustab nisa \u00fcmber mittetilkuva t\u00f5kkekihi, mis kaitseb udarat bakterite sissetungi eest. calgodip Blue Kamille Film sisaldab nahka kaitsvaid komponente ja h\u00e4sti tasakaalustatud koguses bioloogilist piimhapet, mida iseloomustatakse kui eriti nahas\u00f5bralikku ja samal ajal m\u00e4rkimisv\u00e4\u00e4rset desinfitseerimisv\u00f5imet. Kvaliteetsed hoolduskomponendid muudavad naha vastupidavaks ja elastseks. Calgodip Blue Kamille Film on testitud vastavalt Euroopa standardile EN 1656. Sisalduv kummel rahustab ja hooldab nahka. Teepuu\u00f5lil on k\u00e4rbsed halvasti vastuv\u00f5etavad l\u00f5hnad, mist\u00f5ttu nad p\u00e4rast l\u00fcpsmist ja kastmist nisadele ei tule.  * Tagab udara tervise ja piima kvaliteedi  * Tagab suurep\u00e4rase naha seisundi ja kaitse  * Moodustab kauakestva kaitsekile  * Joodivaba pH 3,7\" \/>\n<meta property=\"og:url\" content=\"https:\/\/easystar.ee\/en\/toode\/calgodip-blue-kamille-film-200kg-teepuuoli-joodivaba-tokkekile-k102115\/\" \/>\n<meta property=\"og:site_name\" content=\"Easy Star O\u00dc\" \/>\n<meta property=\"article:modified_time\" content=\"2025-10-30T01:55:50+00:00\" \/>\n<meta property=\"og:image\" content=\"https:\/\/easystar.ee\/wp-content\/uploads\/2024\/06\/calgodip_Blue_Kamille_Film_200.jpg\" \/>\n\t<meta property=\"og:image:width\" content=\"300\" \/>\n\t<meta property=\"og:image:height\" content=\"503\" \/>\n\t<meta property=\"og:image:type\" content=\"image\/jpeg\" \/>\n<meta name=\"twitter:card\" content=\"summary_large_image\" \/>\n<script type=\"application\/ld+json\" class=\"yoast-schema-graph\">{\"@context\":\"https:\\\/\\\/schema.org\",\"@graph\":[{\"@type\":\"WebPage\",\"@id\":\"https:\\\/\\\/easystar.ee\\\/en\\\/toode\\\/calgodip-blue-kamille-film-200kg-teepuuoli-joodivaba-tokkekile-k102115\\\/\",\"url\":\"https:\\\/\\\/easystar.ee\\\/en\\\/toode\\\/calgodip-blue-kamille-film-200kg-teepuuoli-joodivaba-tokkekile-k102115\\\/\",\"name\":\"Calgodip Blue Kamille Film 200kg teepuu\u00f5li, joodivaba (t\u00f5kkekile) K102115 &#8212; Easy Star O\u00dc\",\"isPartOf\":{\"@id\":\"https:\\\/\\\/easystar.ee\\\/#website\"},\"primaryImageOfPage\":{\"@id\":\"https:\\\/\\\/easystar.ee\\\/en\\\/toode\\\/calgodip-blue-kamille-film-200kg-teepuuoli-joodivaba-tokkekile-k102115\\\/#primaryimage\"},\"image\":{\"@id\":\"https:\\\/\\\/easystar.ee\\\/en\\\/toode\\\/calgodip-blue-kamille-film-200kg-teepuuoli-joodivaba-tokkekile-k102115\\\/#primaryimage\"},\"thumbnailUrl\":\"https:\\\/\\\/easystar.ee\\\/wp-content\\\/uploads\\\/2024\\\/06\\\/calgodip_Blue_Kamille_Film_200.jpg\",\"datePublished\":\"2024-06-05T10:54:59+00:00\",\"dateModified\":\"2025-10-30T01:55:50+00:00\",\"breadcrumb\":{\"@id\":\"https:\\\/\\\/easystar.ee\\\/en\\\/toode\\\/calgodip-blue-kamille-film-200kg-teepuuoli-joodivaba-tokkekile-k102115\\\/#breadcrumb\"},\"inLanguage\":\"en-US\",\"potentialAction\":[{\"@type\":\"ReadAction\",\"target\":[\"https:\\\/\\\/easystar.ee\\\/en\\\/toode\\\/calgodip-blue-kamille-film-200kg-teepuuoli-joodivaba-tokkekile-k102115\\\/\"]}]},{\"@type\":\"ImageObject\",\"inLanguage\":\"en-US\",\"@id\":\"https:\\\/\\\/easystar.ee\\\/en\\\/toode\\\/calgodip-blue-kamille-film-200kg-teepuuoli-joodivaba-tokkekile-k102115\\\/#primaryimage\",\"url\":\"https:\\\/\\\/easystar.ee\\\/wp-content\\\/uploads\\\/2024\\\/06\\\/calgodip_Blue_Kamille_Film_200.jpg\",\"contentUrl\":\"https:\\\/\\\/easystar.ee\\\/wp-content\\\/uploads\\\/2024\\\/06\\\/calgodip_Blue_Kamille_Film_200.jpg\",\"width\":300,\"height\":503},{\"@type\":\"BreadcrumbList\",\"@id\":\"https:\\\/\\\/easystar.ee\\\/en\\\/toode\\\/calgodip-blue-kamille-film-200kg-teepuuoli-joodivaba-tokkekile-k102115\\\/#breadcrumb\",\"itemListElement\":[{\"@type\":\"ListItem\",\"position\":1,\"name\":\"Home\",\"item\":\"https:\\\/\\\/easystar.ee\\\/ru\\\/\"},{\"@type\":\"ListItem\",\"position\":2,\"name\":\"Shop\",\"item\":\"https:\\\/\\\/easystar.ee\\\/tooted\\\/\"},{\"@type\":\"ListItem\",\"position\":3,\"name\":\"Calgodip Blue Kamille Film 200kg teepuu\u00f5li, joodivaba (t\u00f5kkekile) K102115\"}]},{\"@type\":\"WebSite\",\"@id\":\"https:\\\/\\\/easystar.ee\\\/#website\",\"url\":\"https:\\\/\\\/easystar.ee\\\/\",\"name\":\"Easystar.ee\",\"description\":\"\",\"publisher\":{\"@id\":\"https:\\\/\\\/easystar.ee\\\/#organization\"},\"alternateName\":\"Keskkonnas\u00f5bralikud pehmepaberitooted teie kontorisse\",\"potentialAction\":[{\"@type\":\"SearchAction\",\"target\":{\"@type\":\"EntryPoint\",\"urlTemplate\":\"https:\\\/\\\/easystar.ee\\\/?s={search_term_string}\"},\"query-input\":{\"@type\":\"PropertyValueSpecification\",\"valueRequired\":true,\"valueName\":\"search_term_string\"}}],\"inLanguage\":\"en-US\"},{\"@type\":\"Organization\",\"@id\":\"https:\\\/\\\/easystar.ee\\\/#organization\",\"name\":\"Easy Star O\u00dc\",\"url\":\"https:\\\/\\\/easystar.ee\\\/\",\"logo\":{\"@type\":\"ImageObject\",\"inLanguage\":\"en-US\",\"@id\":\"https:\\\/\\\/easystar.ee\\\/#\\\/schema\\\/logo\\\/image\\\/\",\"url\":\"https:\\\/\\\/easystar.ee\\\/wp-content\\\/uploads\\\/2024\\\/03\\\/easystar-logo.svg\",\"contentUrl\":\"https:\\\/\\\/easystar.ee\\\/wp-content\\\/uploads\\\/2024\\\/03\\\/easystar-logo.svg\",\"width\":2000,\"height\":2000,\"caption\":\"Easy Star O\u00dc\"},\"image\":{\"@id\":\"https:\\\/\\\/easystar.ee\\\/#\\\/schema\\\/logo\\\/image\\\/\"}}]}<\/script>\n<!-- \/ Yoast SEO plugin. -->","yoast_head_json":{"title":"Calgodip Blue Kamille Film 200kg teepuu\u00f5li, joodivaba (t\u00f5kkekile) K102115 &#8212; Easy Star O\u00dc","robots":{"index":"index","follow":"follow","max-snippet":"max-snippet:-1","max-image-preview":"max-image-preview:large","max-video-preview":"max-video-preview:-1"},"canonical":"https:\/\/easystar.ee\/en\/toode\/calgodip-blue-kamille-film-200kg-teepuuoli-joodivaba-tokkekile-k102115\/","og_locale":"en_US","og_type":"article","og_title":"Calgodip Blue Kamille Film 200kg teepuu\u00f5li, joodivaba (t\u00f5kkekile) K102115 &#8212; Easy Star O\u00dc","og_description":"calgodip Blue Kamille Film on uue p\u00f5lvkonna kasutusvalmis nisahoolduspreparaat iga l\u00fcpsi j\u00e4rel kastmiseks. calgodip Blue Kamille Film moodustab nisa \u00fcmber mittetilkuva t\u00f5kkekihi, mis kaitseb udarat bakterite sissetungi eest. calgodip Blue Kamille Film sisaldab nahka kaitsvaid komponente ja h\u00e4sti tasakaalustatud koguses bioloogilist piimhapet, mida iseloomustatakse kui eriti nahas\u00f5bralikku ja samal ajal m\u00e4rkimisv\u00e4\u00e4rset desinfitseerimisv\u00f5imet. Kvaliteetsed hoolduskomponendid muudavad naha vastupidavaks ja elastseks. Calgodip Blue Kamille Film on testitud vastavalt Euroopa standardile EN 1656. Sisalduv kummel rahustab ja hooldab nahka. Teepuu\u00f5lil on k\u00e4rbsed halvasti vastuv\u00f5etavad l\u00f5hnad, mist\u00f5ttu nad p\u00e4rast l\u00fcpsmist ja kastmist nisadele ei tule.  * Tagab udara tervise ja piima kvaliteedi  * Tagab suurep\u00e4rase naha seisundi ja kaitse  * Moodustab kauakestva kaitsekile  * Joodivaba pH 3,7","og_url":"https:\/\/easystar.ee\/en\/toode\/calgodip-blue-kamille-film-200kg-teepuuoli-joodivaba-tokkekile-k102115\/","og_site_name":"Easy Star O\u00dc","article_modified_time":"2025-10-30T01:55:50+00:00","og_image":[{"width":300,"height":503,"url":"https:\/\/easystar.ee\/wp-content\/uploads\/2024\/06\/calgodip_Blue_Kamille_Film_200.jpg","type":"image\/jpeg"}],"twitter_card":"summary_large_image","schema":{"@context":"https:\/\/schema.org","@graph":[{"@type":"WebPage","@id":"https:\/\/easystar.ee\/en\/toode\/calgodip-blue-kamille-film-200kg-teepuuoli-joodivaba-tokkekile-k102115\/","url":"https:\/\/easystar.ee\/en\/toode\/calgodip-blue-kamille-film-200kg-teepuuoli-joodivaba-tokkekile-k102115\/","name":"Calgodip Blue Kamille Film 200kg teepuu\u00f5li, joodivaba (t\u00f5kkekile) K102115 &#8212; Easy Star O\u00dc","isPartOf":{"@id":"https:\/\/easystar.ee\/#website"},"primaryImageOfPage":{"@id":"https:\/\/easystar.ee\/en\/toode\/calgodip-blue-kamille-film-200kg-teepuuoli-joodivaba-tokkekile-k102115\/#primaryimage"},"image":{"@id":"https:\/\/easystar.ee\/en\/toode\/calgodip-blue-kamille-film-200kg-teepuuoli-joodivaba-tokkekile-k102115\/#primaryimage"},"thumbnailUrl":"https:\/\/easystar.ee\/wp-content\/uploads\/2024\/06\/calgodip_Blue_Kamille_Film_200.jpg","datePublished":"2024-06-05T10:54:59+00:00","dateModified":"2025-10-30T01:55:50+00:00","breadcrumb":{"@id":"https:\/\/easystar.ee\/en\/toode\/calgodip-blue-kamille-film-200kg-teepuuoli-joodivaba-tokkekile-k102115\/#breadcrumb"},"inLanguage":"en-US","potentialAction":[{"@type":"ReadAction","target":["https:\/\/easystar.ee\/en\/toode\/calgodip-blue-kamille-film-200kg-teepuuoli-joodivaba-tokkekile-k102115\/"]}]},{"@type":"ImageObject","inLanguage":"en-US","@id":"https:\/\/easystar.ee\/en\/toode\/calgodip-blue-kamille-film-200kg-teepuuoli-joodivaba-tokkekile-k102115\/#primaryimage","url":"https:\/\/easystar.ee\/wp-content\/uploads\/2024\/06\/calgodip_Blue_Kamille_Film_200.jpg","contentUrl":"https:\/\/easystar.ee\/wp-content\/uploads\/2024\/06\/calgodip_Blue_Kamille_Film_200.jpg","width":300,"height":503},{"@type":"BreadcrumbList","@id":"https:\/\/easystar.ee\/en\/toode\/calgodip-blue-kamille-film-200kg-teepuuoli-joodivaba-tokkekile-k102115\/#breadcrumb","itemListElement":[{"@type":"ListItem","position":1,"name":"Home","item":"https:\/\/easystar.ee\/ru\/"},{"@type":"ListItem","position":2,"name":"Shop","item":"https:\/\/easystar.ee\/tooted\/"},{"@type":"ListItem","position":3,"name":"Calgodip Blue Kamille Film 200kg teepuu\u00f5li, joodivaba (t\u00f5kkekile) K102115"}]},{"@type":"WebSite","@id":"https:\/\/easystar.ee\/#website","url":"https:\/\/easystar.ee\/","name":"Easystar.ee","description":"","publisher":{"@id":"https:\/\/easystar.ee\/#organization"},"alternateName":"Keskkonnas\u00f5bralikud pehmepaberitooted teie kontorisse","potentialAction":[{"@type":"SearchAction","target":{"@type":"EntryPoint","urlTemplate":"https:\/\/easystar.ee\/?s={search_term_string}"},"query-input":{"@type":"PropertyValueSpecification","valueRequired":true,"valueName":"search_term_string"}}],"inLanguage":"en-US"},{"@type":"Organization","@id":"https:\/\/easystar.ee\/#organization","name":"Easy Star O\u00dc","url":"https:\/\/easystar.ee\/","logo":{"@type":"ImageObject","inLanguage":"en-US","@id":"https:\/\/easystar.ee\/#\/schema\/logo\/image\/","url":"https:\/\/easystar.ee\/wp-content\/uploads\/2024\/03\/easystar-logo.svg","contentUrl":"https:\/\/easystar.ee\/wp-content\/uploads\/2024\/03\/easystar-logo.svg","width":2000,"height":2000,"caption":"Easy Star O\u00dc"},"image":{"@id":"https:\/\/easystar.ee\/#\/schema\/logo\/image\/"}}]}},"_links":{"self":[{"href":"https:\/\/easystar.ee\/en\/wp-json\/wp\/v2\/product\/39996","targetHints":{"allow":["GET"]}}],"collection":[{"href":"https:\/\/easystar.ee\/en\/wp-json\/wp\/v2\/product"}],"about":[{"href":"https:\/\/easystar.ee\/en\/wp-json\/wp\/v2\/types\/product"}],"wp:featuredmedia":[{"embeddable":true,"href":"https:\/\/easystar.ee\/en\/wp-json\/wp\/v2\/media\/41138"}],"wp:attachment":[{"href":"https:\/\/easystar.ee\/en\/wp-json\/wp\/v2\/media?parent=39996"}],"wp:term":[{"taxonomy":"product_brand","embeddable":true,"href":"https:\/\/easystar.ee\/en\/wp-json\/wp\/v2\/product_brand?post=39996"},{"taxonomy":"product_cat","embeddable":true,"href":"https:\/\/easystar.ee\/en\/wp-json\/wp\/v2\/product_cat?post=39996"},{"taxonomy":"product_tag","embeddable":true,"href":"https:\/\/easystar.ee\/en\/wp-json\/wp\/v2\/product_tag?post=39996"}],"curies":[{"name":"wp","href":"https:\/\/api.w.org\/{rel}","templated":true}]}}