{"id":39881,"date":"2024-06-04T15:10:00","date_gmt":"2024-06-04T15:10:00","guid":{"rendered":"https:\/\/easystar.ee\/toode\/kreem-mikrolapp-poleerimiseks-40x40-kt101820\/"},"modified":"2025-10-30T01:38:38","modified_gmt":"2025-10-30T01:38:38","slug":"kreem-mikrolapp-poleerimiseks-40x40-kt101820","status":"publish","type":"product","link":"https:\/\/easystar.ee\/en\/toode\/kreem-mikrolapp-poleerimiseks-40x40-kt101820\/","title":{"rendered":"Kreem mikrolapp poleerimiseks 40&#215;40 KT101820"},"content":{"rendered":"","protected":false},"excerpt":{"rendered":"<p>KUIV: Proovige eemaldada tolm erinevatelt pindadelt. Kangas on latud staatilisest elektrist, sest tolm on antistaatiline ja sellep\u00e4rast t\u00f5mbab riie automaatselt tolmu enda poole.<br \/>\nKERGELT NIISKE: Kandke pihusti abil riidele vett, nii kangast pisut niisutades. Sobib puhastada elektroonikaseadmeid, arvuteid, CD-sid, DVD-sid, negatiive, klaase, aknaid, m\u00f6\u00f6belit, portselani, plaate, terast ja kroomi.<br \/>\nHOOLDUS: Lappi v\u00f5ib puhastada k\u00e4sitsi v\u00f5i masinaga. \u00c4rge kasutage kangapehmendajat. Kasutage looduslikku pesupulbrit v\u00f5i mikrofiibrile m\u00f5eldud tooteid. P\u00e4rast pesemist laske niisama kuivad (mitte kasutada pesukuivatit). Sellisel hooldusel peab toode vastu paljudele pesemistele. Seda koristuslappi kasutades ei pea te kasutama keskkonnale kahjulikke aineid.<br \/>\n80% pol\u00fcester 20% pol\u00fcamiid. Pesemine ilma pehmendajata ja palsamita!<br \/>\nVeepesu lubatud maksimaalne temperatuur 90*C, masinpesu p\u00f5hiprogramm<br \/>\nTrummelkuivatus lubatud, maksimaalne temperatuur 60*C<br \/>\nPleegitamine (valgendamine) keelatud. Kasuta Color pesupulbrit<br \/>\nKeemiline puhastus keelatud, veepesu lubatud.<br \/>\nTriikimine keelatud!<\/p>\n","protected":false},"featured_media":40969,"template":"","meta":{"_acf_changed":false},"product_brand":[],"product_cat":[1857,1838],"product_tag":[],"class_list":{"0":"post-39881","1":"product","2":"type-product","3":"status-publish","4":"has-post-thumbnail","6":"product_cat-cloths","7":"product_cat-mce-manual-cleaning-equipment","9":"first","10":"instock","11":"taxable","12":"shipping-taxable","13":"purchasable","14":"product-type-simple"},"acf":[],"yoast_head":"<!-- This site is optimized with the Yoast SEO plugin v27.5 - https:\/\/yoast.com\/product\/yoast-seo-wordpress\/ -->\n<title>Kreem mikrolapp poleerimiseks 40x40 KT101820 &#8212; Easy Star O\u00dc<\/title>\n<meta name=\"robots\" content=\"index, follow, max-snippet:-1, max-image-preview:large, max-video-preview:-1\" \/>\n<link rel=\"canonical\" href=\"https:\/\/easystar.ee\/en\/toode\/kreem-mikrolapp-poleerimiseks-40x40-kt101820\/\" \/>\n<meta property=\"og:locale\" content=\"en_US\" \/>\n<meta property=\"og:type\" content=\"article\" \/>\n<meta property=\"og:title\" content=\"Kreem mikrolapp poleerimiseks 40x40 KT101820 &#8212; Easy Star O\u00dc\" \/>\n<meta property=\"og:description\" content=\"KUIV: Proovige eemaldada tolm erinevatelt pindadelt. Kangas on latud staatilisest elektrist, sest tolm on antistaatiline ja sellep\u00e4rast t\u00f5mbab riie automaatselt tolmu enda poole.  KERGELT NIISKE: Kandke pihusti abil riidele vett, nii kangast pisut niisutades. Sobib puhastada elektroonikaseadmeid, arvuteid, CD-sid, DVD-sid, negatiive, klaase, aknaid, m\u00f6\u00f6belit, portselani, plaate, terast ja kroomi. HOOLDUS: Lappi v\u00f5ib puhastada k\u00e4sitsi v\u00f5i masinaga. \u00c4rge kasutage kangapehmendajat. Kasutage looduslikku pesupulbrit v\u00f5i mikrofiibrile m\u00f5eldud tooteid. P\u00e4rast pesemist laske niisama kuivad (mitte kasutada pesukuivatit). Sellisel hooldusel peab toode vastu paljudele pesemistele. Seda koristuslappi kasutades ei pea te kasutama keskkonnale kahjulikke aineid. 80% pol\u00fcester 20% pol\u00fcamiid. Pesemine ilma pehmendajata ja palsamita! Veepesu lubatud maksimaalne temperatuur 90*C, masinpesu p\u00f5hiprogramm Trummelkuivatus lubatud, maksimaalne temperatuur 60*C Pleegitamine (valgendamine) keelatud. Kasuta Color pesupulbrit Keemiline puhastus keelatud, veepesu lubatud. Triikimine keelatud!\" \/>\n<meta property=\"og:url\" content=\"https:\/\/easystar.ee\/en\/toode\/kreem-mikrolapp-poleerimiseks-40x40-kt101820\/\" \/>\n<meta property=\"og:site_name\" content=\"Easy Star O\u00dc\" \/>\n<meta property=\"article:modified_time\" content=\"2025-10-30T01:38:38+00:00\" \/>\n<meta property=\"og:image\" content=\"https:\/\/easystar.ee\/wp-content\/uploads\/2024\/06\/101820.jpg\" \/>\n\t<meta property=\"og:image:width\" content=\"161\" \/>\n\t<meta property=\"og:image:height\" content=\"124\" \/>\n\t<meta property=\"og:image:type\" content=\"image\/jpeg\" \/>\n<meta name=\"twitter:card\" content=\"summary_large_image\" \/>\n<script type=\"application\/ld+json\" class=\"yoast-schema-graph\">{\"@context\":\"https:\\\/\\\/schema.org\",\"@graph\":[{\"@type\":\"WebPage\",\"@id\":\"https:\\\/\\\/easystar.ee\\\/en\\\/toode\\\/kreem-mikrolapp-poleerimiseks-40x40-kt101820\\\/\",\"url\":\"https:\\\/\\\/easystar.ee\\\/en\\\/toode\\\/kreem-mikrolapp-poleerimiseks-40x40-kt101820\\\/\",\"name\":\"Kreem mikrolapp poleerimiseks 40x40 KT101820 &#8212; Easy Star O\u00dc\",\"isPartOf\":{\"@id\":\"https:\\\/\\\/easystar.ee\\\/#website\"},\"primaryImageOfPage\":{\"@id\":\"https:\\\/\\\/easystar.ee\\\/en\\\/toode\\\/kreem-mikrolapp-poleerimiseks-40x40-kt101820\\\/#primaryimage\"},\"image\":{\"@id\":\"https:\\\/\\\/easystar.ee\\\/en\\\/toode\\\/kreem-mikrolapp-poleerimiseks-40x40-kt101820\\\/#primaryimage\"},\"thumbnailUrl\":\"https:\\\/\\\/easystar.ee\\\/wp-content\\\/uploads\\\/2024\\\/06\\\/101820.jpg\",\"datePublished\":\"2024-06-04T15:10:00+00:00\",\"dateModified\":\"2025-10-30T01:38:38+00:00\",\"breadcrumb\":{\"@id\":\"https:\\\/\\\/easystar.ee\\\/en\\\/toode\\\/kreem-mikrolapp-poleerimiseks-40x40-kt101820\\\/#breadcrumb\"},\"inLanguage\":\"en-US\",\"potentialAction\":[{\"@type\":\"ReadAction\",\"target\":[\"https:\\\/\\\/easystar.ee\\\/en\\\/toode\\\/kreem-mikrolapp-poleerimiseks-40x40-kt101820\\\/\"]}]},{\"@type\":\"ImageObject\",\"inLanguage\":\"en-US\",\"@id\":\"https:\\\/\\\/easystar.ee\\\/en\\\/toode\\\/kreem-mikrolapp-poleerimiseks-40x40-kt101820\\\/#primaryimage\",\"url\":\"https:\\\/\\\/easystar.ee\\\/wp-content\\\/uploads\\\/2024\\\/06\\\/101820.jpg\",\"contentUrl\":\"https:\\\/\\\/easystar.ee\\\/wp-content\\\/uploads\\\/2024\\\/06\\\/101820.jpg\",\"width\":161,\"height\":124},{\"@type\":\"BreadcrumbList\",\"@id\":\"https:\\\/\\\/easystar.ee\\\/en\\\/toode\\\/kreem-mikrolapp-poleerimiseks-40x40-kt101820\\\/#breadcrumb\",\"itemListElement\":[{\"@type\":\"ListItem\",\"position\":1,\"name\":\"Home\",\"item\":\"https:\\\/\\\/easystar.ee\\\/ru\\\/\"},{\"@type\":\"ListItem\",\"position\":2,\"name\":\"Shop\",\"item\":\"https:\\\/\\\/easystar.ee\\\/tooted\\\/\"},{\"@type\":\"ListItem\",\"position\":3,\"name\":\"Kreem mikrolapp poleerimiseks 40&#215;40 KT101820\"}]},{\"@type\":\"WebSite\",\"@id\":\"https:\\\/\\\/easystar.ee\\\/#website\",\"url\":\"https:\\\/\\\/easystar.ee\\\/\",\"name\":\"Easystar.ee\",\"description\":\"\",\"publisher\":{\"@id\":\"https:\\\/\\\/easystar.ee\\\/#organization\"},\"alternateName\":\"Keskkonnas\u00f5bralikud pehmepaberitooted teie kontorisse\",\"potentialAction\":[{\"@type\":\"SearchAction\",\"target\":{\"@type\":\"EntryPoint\",\"urlTemplate\":\"https:\\\/\\\/easystar.ee\\\/?s={search_term_string}\"},\"query-input\":{\"@type\":\"PropertyValueSpecification\",\"valueRequired\":true,\"valueName\":\"search_term_string\"}}],\"inLanguage\":\"en-US\"},{\"@type\":\"Organization\",\"@id\":\"https:\\\/\\\/easystar.ee\\\/#organization\",\"name\":\"Easy Star O\u00dc\",\"url\":\"https:\\\/\\\/easystar.ee\\\/\",\"logo\":{\"@type\":\"ImageObject\",\"inLanguage\":\"en-US\",\"@id\":\"https:\\\/\\\/easystar.ee\\\/#\\\/schema\\\/logo\\\/image\\\/\",\"url\":\"https:\\\/\\\/easystar.ee\\\/wp-content\\\/uploads\\\/2024\\\/03\\\/easystar-logo.svg\",\"contentUrl\":\"https:\\\/\\\/easystar.ee\\\/wp-content\\\/uploads\\\/2024\\\/03\\\/easystar-logo.svg\",\"width\":2000,\"height\":2000,\"caption\":\"Easy Star O\u00dc\"},\"image\":{\"@id\":\"https:\\\/\\\/easystar.ee\\\/#\\\/schema\\\/logo\\\/image\\\/\"}}]}<\/script>\n<!-- \/ Yoast SEO plugin. -->","yoast_head_json":{"title":"Kreem mikrolapp poleerimiseks 40x40 KT101820 &#8212; Easy Star O\u00dc","robots":{"index":"index","follow":"follow","max-snippet":"max-snippet:-1","max-image-preview":"max-image-preview:large","max-video-preview":"max-video-preview:-1"},"canonical":"https:\/\/easystar.ee\/en\/toode\/kreem-mikrolapp-poleerimiseks-40x40-kt101820\/","og_locale":"en_US","og_type":"article","og_title":"Kreem mikrolapp poleerimiseks 40x40 KT101820 &#8212; Easy Star O\u00dc","og_description":"KUIV: Proovige eemaldada tolm erinevatelt pindadelt. Kangas on latud staatilisest elektrist, sest tolm on antistaatiline ja sellep\u00e4rast t\u00f5mbab riie automaatselt tolmu enda poole.  KERGELT NIISKE: Kandke pihusti abil riidele vett, nii kangast pisut niisutades. Sobib puhastada elektroonikaseadmeid, arvuteid, CD-sid, DVD-sid, negatiive, klaase, aknaid, m\u00f6\u00f6belit, portselani, plaate, terast ja kroomi. HOOLDUS: Lappi v\u00f5ib puhastada k\u00e4sitsi v\u00f5i masinaga. \u00c4rge kasutage kangapehmendajat. Kasutage looduslikku pesupulbrit v\u00f5i mikrofiibrile m\u00f5eldud tooteid. P\u00e4rast pesemist laske niisama kuivad (mitte kasutada pesukuivatit). Sellisel hooldusel peab toode vastu paljudele pesemistele. Seda koristuslappi kasutades ei pea te kasutama keskkonnale kahjulikke aineid. 80% pol\u00fcester 20% pol\u00fcamiid. Pesemine ilma pehmendajata ja palsamita! Veepesu lubatud maksimaalne temperatuur 90*C, masinpesu p\u00f5hiprogramm Trummelkuivatus lubatud, maksimaalne temperatuur 60*C Pleegitamine (valgendamine) keelatud. Kasuta Color pesupulbrit Keemiline puhastus keelatud, veepesu lubatud. Triikimine keelatud!","og_url":"https:\/\/easystar.ee\/en\/toode\/kreem-mikrolapp-poleerimiseks-40x40-kt101820\/","og_site_name":"Easy Star O\u00dc","article_modified_time":"2025-10-30T01:38:38+00:00","og_image":[{"width":161,"height":124,"url":"https:\/\/easystar.ee\/wp-content\/uploads\/2024\/06\/101820.jpg","type":"image\/jpeg"}],"twitter_card":"summary_large_image","schema":{"@context":"https:\/\/schema.org","@graph":[{"@type":"WebPage","@id":"https:\/\/easystar.ee\/en\/toode\/kreem-mikrolapp-poleerimiseks-40x40-kt101820\/","url":"https:\/\/easystar.ee\/en\/toode\/kreem-mikrolapp-poleerimiseks-40x40-kt101820\/","name":"Kreem mikrolapp poleerimiseks 40x40 KT101820 &#8212; Easy Star O\u00dc","isPartOf":{"@id":"https:\/\/easystar.ee\/#website"},"primaryImageOfPage":{"@id":"https:\/\/easystar.ee\/en\/toode\/kreem-mikrolapp-poleerimiseks-40x40-kt101820\/#primaryimage"},"image":{"@id":"https:\/\/easystar.ee\/en\/toode\/kreem-mikrolapp-poleerimiseks-40x40-kt101820\/#primaryimage"},"thumbnailUrl":"https:\/\/easystar.ee\/wp-content\/uploads\/2024\/06\/101820.jpg","datePublished":"2024-06-04T15:10:00+00:00","dateModified":"2025-10-30T01:38:38+00:00","breadcrumb":{"@id":"https:\/\/easystar.ee\/en\/toode\/kreem-mikrolapp-poleerimiseks-40x40-kt101820\/#breadcrumb"},"inLanguage":"en-US","potentialAction":[{"@type":"ReadAction","target":["https:\/\/easystar.ee\/en\/toode\/kreem-mikrolapp-poleerimiseks-40x40-kt101820\/"]}]},{"@type":"ImageObject","inLanguage":"en-US","@id":"https:\/\/easystar.ee\/en\/toode\/kreem-mikrolapp-poleerimiseks-40x40-kt101820\/#primaryimage","url":"https:\/\/easystar.ee\/wp-content\/uploads\/2024\/06\/101820.jpg","contentUrl":"https:\/\/easystar.ee\/wp-content\/uploads\/2024\/06\/101820.jpg","width":161,"height":124},{"@type":"BreadcrumbList","@id":"https:\/\/easystar.ee\/en\/toode\/kreem-mikrolapp-poleerimiseks-40x40-kt101820\/#breadcrumb","itemListElement":[{"@type":"ListItem","position":1,"name":"Home","item":"https:\/\/easystar.ee\/ru\/"},{"@type":"ListItem","position":2,"name":"Shop","item":"https:\/\/easystar.ee\/tooted\/"},{"@type":"ListItem","position":3,"name":"Kreem mikrolapp poleerimiseks 40&#215;40 KT101820"}]},{"@type":"WebSite","@id":"https:\/\/easystar.ee\/#website","url":"https:\/\/easystar.ee\/","name":"Easystar.ee","description":"","publisher":{"@id":"https:\/\/easystar.ee\/#organization"},"alternateName":"Keskkonnas\u00f5bralikud pehmepaberitooted teie kontorisse","potentialAction":[{"@type":"SearchAction","target":{"@type":"EntryPoint","urlTemplate":"https:\/\/easystar.ee\/?s={search_term_string}"},"query-input":{"@type":"PropertyValueSpecification","valueRequired":true,"valueName":"search_term_string"}}],"inLanguage":"en-US"},{"@type":"Organization","@id":"https:\/\/easystar.ee\/#organization","name":"Easy Star O\u00dc","url":"https:\/\/easystar.ee\/","logo":{"@type":"ImageObject","inLanguage":"en-US","@id":"https:\/\/easystar.ee\/#\/schema\/logo\/image\/","url":"https:\/\/easystar.ee\/wp-content\/uploads\/2024\/03\/easystar-logo.svg","contentUrl":"https:\/\/easystar.ee\/wp-content\/uploads\/2024\/03\/easystar-logo.svg","width":2000,"height":2000,"caption":"Easy Star O\u00dc"},"image":{"@id":"https:\/\/easystar.ee\/#\/schema\/logo\/image\/"}}]}},"_links":{"self":[{"href":"https:\/\/easystar.ee\/en\/wp-json\/wp\/v2\/product\/39881","targetHints":{"allow":["GET"]}}],"collection":[{"href":"https:\/\/easystar.ee\/en\/wp-json\/wp\/v2\/product"}],"about":[{"href":"https:\/\/easystar.ee\/en\/wp-json\/wp\/v2\/types\/product"}],"wp:featuredmedia":[{"embeddable":true,"href":"https:\/\/easystar.ee\/en\/wp-json\/wp\/v2\/media\/40969"}],"wp:attachment":[{"href":"https:\/\/easystar.ee\/en\/wp-json\/wp\/v2\/media?parent=39881"}],"wp:term":[{"taxonomy":"product_brand","embeddable":true,"href":"https:\/\/easystar.ee\/en\/wp-json\/wp\/v2\/product_brand?post=39881"},{"taxonomy":"product_cat","embeddable":true,"href":"https:\/\/easystar.ee\/en\/wp-json\/wp\/v2\/product_cat?post=39881"},{"taxonomy":"product_tag","embeddable":true,"href":"https:\/\/easystar.ee\/en\/wp-json\/wp\/v2\/product_tag?post=39881"}],"curies":[{"name":"wp","href":"https:\/\/api.w.org\/{rel}","templated":true}]}}