{"id":39837,"date":"2024-06-03T08:05:40","date_gmt":"2024-06-03T08:05:40","guid":{"rendered":"https:\/\/easystar.ee\/toode\/curve-h-punane-kiivi-greip-ohuvarskendaja-30-paeva-lrc30kgf\/"},"modified":"2025-10-30T01:52:38","modified_gmt":"2025-10-30T01:52:38","slug":"curve-h-punane-kiivi-greip-ohuvarskendaja-30-paeva-lrc30kgf","status":"publish","type":"product","link":"https:\/\/easystar.ee\/en\/toode\/curve-h-punane-kiivi-greip-ohuvarskendaja-30-paeva-lrc30kgf\/","title":{"rendered":"CURVE h.punane Kiivi\/Greip \u00f5huv\u00e4rskendaja 30 p\u00e4eva LRC30KGF"},"content":{"rendered":"","protected":false},"excerpt":{"rendered":"<p>Air Curve sobib peaaegu k\u00f5ikjale ja hoidiku abil saate selle peaaegu k\u00f5ikjale asetada v\u00f5i peita. V\u00e4rskendab, j\u00e4\u00e4des peidetuks tualettpoti k\u00fcljel, vannitoakappide sees, pr\u00fcgikasti kaane all ja paljudes teistes kohtades. V\u00e4rskendab \u00f5hku 30 p\u00e4eva \u2013 sisaldab 35% rohkem l\u00f5hnaainet kui pihustatav \u00f5huv\u00e4rskendaja. Tuletab teile meelde, millal seda vahetada \u2013 ei pea enam arvama, t\u00f5mmake lihtsalt n\u00e4dala ja kuu nupud \u00e4ra, et n\u00e4idata, millal see tuleb v\u00e4lja vahetada. Pidevalt v\u00e4rskema l\u00f5hnaga ala mitmek\u00fclgne tagamine. Curve \u00f5huv\u00e4rskenadaja vahetatakse iga kuu v\u00e4lja. Sobib igat t\u00fc\u00fcpi interj\u00f6\u00f6riga.<br \/>\nL\u00f5hna omadused: mahlane apelsin, roosa greip ja kiivi s\u00e4delevad virsikunektari, tamarindi ja kookospiima s\u00fcdame kohal; j\u00e4rgneb maitsev ingveri, rabarberi ja vanilje kuivatamine. Suvine segu t\u00e4is eksootilist, v\u00e4rskendavat ja elustavat. Loob hea vormi tunde.<br \/>\nPakend: 60 tk karbis, m\u00f5\u00f5dud\/tk: 6,5 x 13,5 x 1 cm, kaal\/tk: 45 g<br \/>\nToote k\u00f5ikjal kinnitamiseks kasutage plastikust hoidikut \u2013 RA Curve, mis v\u00f5imaldab maksimaalset mitmek\u00fclgsust ja aitab teil seda vajadusel \u00e4ra peita. Kahepoolse teibiga j\u00e4\u00e4b hoidik kindlalt paigale.<\/p>\n","protected":false},"featured_media":40876,"template":"","meta":{"_acf_changed":false},"product_brand":[],"product_cat":[1849,1850],"product_tag":[],"class_list":{"0":"post-39837","1":"product","2":"type-product","3":"status-publish","4":"has-post-thumbnail","6":"product_cat-air-fresheners","7":"product_cat-air-fresheners-air-fresheners","9":"first","10":"instock","11":"taxable","12":"shipping-taxable","13":"purchasable","14":"product-type-simple"},"acf":[],"yoast_head":"<!-- This site is optimized with the Yoast SEO plugin v27.3 - https:\/\/yoast.com\/product\/yoast-seo-wordpress\/ -->\n<title>CURVE h.punane Kiivi\/Greip \u00f5huv\u00e4rskendaja 30 p\u00e4eva LRC30KGF &#8212; Easy Star O\u00dc<\/title>\n<meta name=\"robots\" content=\"index, follow, max-snippet:-1, max-image-preview:large, max-video-preview:-1\" \/>\n<link rel=\"canonical\" href=\"https:\/\/easystar.ee\/en\/toode\/curve-h-punane-kiivi-greip-ohuvarskendaja-30-paeva-lrc30kgf\/\" \/>\n<meta property=\"og:locale\" content=\"en_US\" \/>\n<meta property=\"og:type\" content=\"article\" \/>\n<meta property=\"og:title\" content=\"CURVE h.punane Kiivi\/Greip \u00f5huv\u00e4rskendaja 30 p\u00e4eva LRC30KGF &#8212; Easy Star O\u00dc\" \/>\n<meta property=\"og:description\" content=\"Air Curve sobib peaaegu k\u00f5ikjale ja hoidiku abil saate selle peaaegu k\u00f5ikjale asetada v\u00f5i peita. V\u00e4rskendab, j\u00e4\u00e4des peidetuks tualettpoti k\u00fcljel, vannitoakappide sees, pr\u00fcgikasti kaane all ja paljudes teistes kohtades. V\u00e4rskendab \u00f5hku 30 p\u00e4eva \u2013 sisaldab 35% rohkem l\u00f5hnaainet kui pihustatav \u00f5huv\u00e4rskendaja. Tuletab teile meelde, millal seda vahetada \u2013 ei pea enam arvama, t\u00f5mmake lihtsalt n\u00e4dala ja kuu nupud \u00e4ra, et n\u00e4idata, millal see tuleb v\u00e4lja vahetada. Pidevalt v\u00e4rskema l\u00f5hnaga ala mitmek\u00fclgne tagamine. Curve \u00f5huv\u00e4rskenadaja vahetatakse iga kuu v\u00e4lja. Sobib igat t\u00fc\u00fcpi interj\u00f6\u00f6riga. L\u00f5hna omadused: mahlane apelsin, roosa greip ja kiivi s\u00e4delevad virsikunektari, tamarindi ja kookospiima s\u00fcdame kohal; j\u00e4rgneb maitsev ingveri, rabarberi ja vanilje kuivatamine. Suvine segu t\u00e4is eksootilist, v\u00e4rskendavat ja elustavat. Loob hea vormi tunde. Pakend: 60 tk karbis, m\u00f5\u00f5dud\/tk: 6,5 x 13,5 x 1 cm, kaal\/tk: 45 g Toote k\u00f5ikjal kinnitamiseks kasutage plastikust hoidikut \u2013 RA Curve, mis v\u00f5imaldab maksimaalset mitmek\u00fclgsust ja aitab teil seda vajadusel \u00e4ra peita. Kahepoolse teibiga j\u00e4\u00e4b hoidik kindlalt paigale.\" \/>\n<meta property=\"og:url\" content=\"https:\/\/easystar.ee\/en\/toode\/curve-h-punane-kiivi-greip-ohuvarskendaja-30-paeva-lrc30kgf\/\" \/>\n<meta property=\"og:site_name\" content=\"Easy Star O\u00dc\" \/>\n<meta property=\"article:modified_time\" content=\"2025-10-30T01:52:38+00:00\" \/>\n<meta property=\"og:image\" content=\"https:\/\/easystar.ee\/wp-content\/uploads\/2024\/06\/LRC30KGF.jpg\" \/>\n\t<meta property=\"og:image:width\" content=\"539\" \/>\n\t<meta property=\"og:image:height\" content=\"279\" \/>\n\t<meta property=\"og:image:type\" content=\"image\/jpeg\" \/>\n<meta name=\"twitter:card\" content=\"summary_large_image\" \/>\n<script type=\"application\/ld+json\" class=\"yoast-schema-graph\">{\"@context\":\"https:\\\/\\\/schema.org\",\"@graph\":[{\"@type\":\"WebPage\",\"@id\":\"https:\\\/\\\/easystar.ee\\\/en\\\/toode\\\/curve-h-punane-kiivi-greip-ohuvarskendaja-30-paeva-lrc30kgf\\\/\",\"url\":\"https:\\\/\\\/easystar.ee\\\/en\\\/toode\\\/curve-h-punane-kiivi-greip-ohuvarskendaja-30-paeva-lrc30kgf\\\/\",\"name\":\"CURVE h.punane Kiivi\\\/Greip \u00f5huv\u00e4rskendaja 30 p\u00e4eva LRC30KGF &#8212; Easy Star O\u00dc\",\"isPartOf\":{\"@id\":\"https:\\\/\\\/easystar.ee\\\/#website\"},\"primaryImageOfPage\":{\"@id\":\"https:\\\/\\\/easystar.ee\\\/en\\\/toode\\\/curve-h-punane-kiivi-greip-ohuvarskendaja-30-paeva-lrc30kgf\\\/#primaryimage\"},\"image\":{\"@id\":\"https:\\\/\\\/easystar.ee\\\/en\\\/toode\\\/curve-h-punane-kiivi-greip-ohuvarskendaja-30-paeva-lrc30kgf\\\/#primaryimage\"},\"thumbnailUrl\":\"https:\\\/\\\/easystar.ee\\\/wp-content\\\/uploads\\\/2024\\\/06\\\/LRC30KGF.jpg\",\"datePublished\":\"2024-06-03T08:05:40+00:00\",\"dateModified\":\"2025-10-30T01:52:38+00:00\",\"breadcrumb\":{\"@id\":\"https:\\\/\\\/easystar.ee\\\/en\\\/toode\\\/curve-h-punane-kiivi-greip-ohuvarskendaja-30-paeva-lrc30kgf\\\/#breadcrumb\"},\"inLanguage\":\"en-US\",\"potentialAction\":[{\"@type\":\"ReadAction\",\"target\":[\"https:\\\/\\\/easystar.ee\\\/en\\\/toode\\\/curve-h-punane-kiivi-greip-ohuvarskendaja-30-paeva-lrc30kgf\\\/\"]}]},{\"@type\":\"ImageObject\",\"inLanguage\":\"en-US\",\"@id\":\"https:\\\/\\\/easystar.ee\\\/en\\\/toode\\\/curve-h-punane-kiivi-greip-ohuvarskendaja-30-paeva-lrc30kgf\\\/#primaryimage\",\"url\":\"https:\\\/\\\/easystar.ee\\\/wp-content\\\/uploads\\\/2024\\\/06\\\/LRC30KGF.jpg\",\"contentUrl\":\"https:\\\/\\\/easystar.ee\\\/wp-content\\\/uploads\\\/2024\\\/06\\\/LRC30KGF.jpg\",\"width\":539,\"height\":279},{\"@type\":\"BreadcrumbList\",\"@id\":\"https:\\\/\\\/easystar.ee\\\/en\\\/toode\\\/curve-h-punane-kiivi-greip-ohuvarskendaja-30-paeva-lrc30kgf\\\/#breadcrumb\",\"itemListElement\":[{\"@type\":\"ListItem\",\"position\":1,\"name\":\"Home\",\"item\":\"https:\\\/\\\/easystar.ee\\\/ru\\\/\"},{\"@type\":\"ListItem\",\"position\":2,\"name\":\"Shop\",\"item\":\"https:\\\/\\\/easystar.ee\\\/tooted\\\/\"},{\"@type\":\"ListItem\",\"position\":3,\"name\":\"CURVE h.punane Kiivi\\\/Greip \u00f5huv\u00e4rskendaja 30 p\u00e4eva LRC30KGF\"}]},{\"@type\":\"WebSite\",\"@id\":\"https:\\\/\\\/easystar.ee\\\/#website\",\"url\":\"https:\\\/\\\/easystar.ee\\\/\",\"name\":\"Easystar.ee\",\"description\":\"\",\"publisher\":{\"@id\":\"https:\\\/\\\/easystar.ee\\\/#organization\"},\"alternateName\":\"Keskkonnas\u00f5bralikud pehmepaberitooted teie kontorisse\",\"potentialAction\":[{\"@type\":\"SearchAction\",\"target\":{\"@type\":\"EntryPoint\",\"urlTemplate\":\"https:\\\/\\\/easystar.ee\\\/?s={search_term_string}\"},\"query-input\":{\"@type\":\"PropertyValueSpecification\",\"valueRequired\":true,\"valueName\":\"search_term_string\"}}],\"inLanguage\":\"en-US\"},{\"@type\":\"Organization\",\"@id\":\"https:\\\/\\\/easystar.ee\\\/#organization\",\"name\":\"Easy Star O\u00dc\",\"url\":\"https:\\\/\\\/easystar.ee\\\/\",\"logo\":{\"@type\":\"ImageObject\",\"inLanguage\":\"en-US\",\"@id\":\"https:\\\/\\\/easystar.ee\\\/#\\\/schema\\\/logo\\\/image\\\/\",\"url\":\"https:\\\/\\\/easystar.ee\\\/wp-content\\\/uploads\\\/2024\\\/03\\\/easystar-logo.svg\",\"contentUrl\":\"https:\\\/\\\/easystar.ee\\\/wp-content\\\/uploads\\\/2024\\\/03\\\/easystar-logo.svg\",\"width\":2000,\"height\":2000,\"caption\":\"Easy Star O\u00dc\"},\"image\":{\"@id\":\"https:\\\/\\\/easystar.ee\\\/#\\\/schema\\\/logo\\\/image\\\/\"}}]}<\/script>\n<!-- \/ Yoast SEO plugin. -->","yoast_head_json":{"title":"CURVE h.punane Kiivi\/Greip \u00f5huv\u00e4rskendaja 30 p\u00e4eva LRC30KGF &#8212; Easy Star O\u00dc","robots":{"index":"index","follow":"follow","max-snippet":"max-snippet:-1","max-image-preview":"max-image-preview:large","max-video-preview":"max-video-preview:-1"},"canonical":"https:\/\/easystar.ee\/en\/toode\/curve-h-punane-kiivi-greip-ohuvarskendaja-30-paeva-lrc30kgf\/","og_locale":"en_US","og_type":"article","og_title":"CURVE h.punane Kiivi\/Greip \u00f5huv\u00e4rskendaja 30 p\u00e4eva LRC30KGF &#8212; Easy Star O\u00dc","og_description":"Air Curve sobib peaaegu k\u00f5ikjale ja hoidiku abil saate selle peaaegu k\u00f5ikjale asetada v\u00f5i peita. V\u00e4rskendab, j\u00e4\u00e4des peidetuks tualettpoti k\u00fcljel, vannitoakappide sees, pr\u00fcgikasti kaane all ja paljudes teistes kohtades. V\u00e4rskendab \u00f5hku 30 p\u00e4eva \u2013 sisaldab 35% rohkem l\u00f5hnaainet kui pihustatav \u00f5huv\u00e4rskendaja. Tuletab teile meelde, millal seda vahetada \u2013 ei pea enam arvama, t\u00f5mmake lihtsalt n\u00e4dala ja kuu nupud \u00e4ra, et n\u00e4idata, millal see tuleb v\u00e4lja vahetada. Pidevalt v\u00e4rskema l\u00f5hnaga ala mitmek\u00fclgne tagamine. Curve \u00f5huv\u00e4rskenadaja vahetatakse iga kuu v\u00e4lja. Sobib igat t\u00fc\u00fcpi interj\u00f6\u00f6riga. L\u00f5hna omadused: mahlane apelsin, roosa greip ja kiivi s\u00e4delevad virsikunektari, tamarindi ja kookospiima s\u00fcdame kohal; j\u00e4rgneb maitsev ingveri, rabarberi ja vanilje kuivatamine. Suvine segu t\u00e4is eksootilist, v\u00e4rskendavat ja elustavat. Loob hea vormi tunde. Pakend: 60 tk karbis, m\u00f5\u00f5dud\/tk: 6,5 x 13,5 x 1 cm, kaal\/tk: 45 g Toote k\u00f5ikjal kinnitamiseks kasutage plastikust hoidikut \u2013 RA Curve, mis v\u00f5imaldab maksimaalset mitmek\u00fclgsust ja aitab teil seda vajadusel \u00e4ra peita. Kahepoolse teibiga j\u00e4\u00e4b hoidik kindlalt paigale.","og_url":"https:\/\/easystar.ee\/en\/toode\/curve-h-punane-kiivi-greip-ohuvarskendaja-30-paeva-lrc30kgf\/","og_site_name":"Easy Star O\u00dc","article_modified_time":"2025-10-30T01:52:38+00:00","og_image":[{"width":539,"height":279,"url":"https:\/\/easystar.ee\/wp-content\/uploads\/2024\/06\/LRC30KGF.jpg","type":"image\/jpeg"}],"twitter_card":"summary_large_image","schema":{"@context":"https:\/\/schema.org","@graph":[{"@type":"WebPage","@id":"https:\/\/easystar.ee\/en\/toode\/curve-h-punane-kiivi-greip-ohuvarskendaja-30-paeva-lrc30kgf\/","url":"https:\/\/easystar.ee\/en\/toode\/curve-h-punane-kiivi-greip-ohuvarskendaja-30-paeva-lrc30kgf\/","name":"CURVE h.punane Kiivi\/Greip \u00f5huv\u00e4rskendaja 30 p\u00e4eva LRC30KGF &#8212; Easy Star O\u00dc","isPartOf":{"@id":"https:\/\/easystar.ee\/#website"},"primaryImageOfPage":{"@id":"https:\/\/easystar.ee\/en\/toode\/curve-h-punane-kiivi-greip-ohuvarskendaja-30-paeva-lrc30kgf\/#primaryimage"},"image":{"@id":"https:\/\/easystar.ee\/en\/toode\/curve-h-punane-kiivi-greip-ohuvarskendaja-30-paeva-lrc30kgf\/#primaryimage"},"thumbnailUrl":"https:\/\/easystar.ee\/wp-content\/uploads\/2024\/06\/LRC30KGF.jpg","datePublished":"2024-06-03T08:05:40+00:00","dateModified":"2025-10-30T01:52:38+00:00","breadcrumb":{"@id":"https:\/\/easystar.ee\/en\/toode\/curve-h-punane-kiivi-greip-ohuvarskendaja-30-paeva-lrc30kgf\/#breadcrumb"},"inLanguage":"en-US","potentialAction":[{"@type":"ReadAction","target":["https:\/\/easystar.ee\/en\/toode\/curve-h-punane-kiivi-greip-ohuvarskendaja-30-paeva-lrc30kgf\/"]}]},{"@type":"ImageObject","inLanguage":"en-US","@id":"https:\/\/easystar.ee\/en\/toode\/curve-h-punane-kiivi-greip-ohuvarskendaja-30-paeva-lrc30kgf\/#primaryimage","url":"https:\/\/easystar.ee\/wp-content\/uploads\/2024\/06\/LRC30KGF.jpg","contentUrl":"https:\/\/easystar.ee\/wp-content\/uploads\/2024\/06\/LRC30KGF.jpg","width":539,"height":279},{"@type":"BreadcrumbList","@id":"https:\/\/easystar.ee\/en\/toode\/curve-h-punane-kiivi-greip-ohuvarskendaja-30-paeva-lrc30kgf\/#breadcrumb","itemListElement":[{"@type":"ListItem","position":1,"name":"Home","item":"https:\/\/easystar.ee\/ru\/"},{"@type":"ListItem","position":2,"name":"Shop","item":"https:\/\/easystar.ee\/tooted\/"},{"@type":"ListItem","position":3,"name":"CURVE h.punane Kiivi\/Greip \u00f5huv\u00e4rskendaja 30 p\u00e4eva LRC30KGF"}]},{"@type":"WebSite","@id":"https:\/\/easystar.ee\/#website","url":"https:\/\/easystar.ee\/","name":"Easystar.ee","description":"","publisher":{"@id":"https:\/\/easystar.ee\/#organization"},"alternateName":"Keskkonnas\u00f5bralikud pehmepaberitooted teie kontorisse","potentialAction":[{"@type":"SearchAction","target":{"@type":"EntryPoint","urlTemplate":"https:\/\/easystar.ee\/?s={search_term_string}"},"query-input":{"@type":"PropertyValueSpecification","valueRequired":true,"valueName":"search_term_string"}}],"inLanguage":"en-US"},{"@type":"Organization","@id":"https:\/\/easystar.ee\/#organization","name":"Easy Star O\u00dc","url":"https:\/\/easystar.ee\/","logo":{"@type":"ImageObject","inLanguage":"en-US","@id":"https:\/\/easystar.ee\/#\/schema\/logo\/image\/","url":"https:\/\/easystar.ee\/wp-content\/uploads\/2024\/03\/easystar-logo.svg","contentUrl":"https:\/\/easystar.ee\/wp-content\/uploads\/2024\/03\/easystar-logo.svg","width":2000,"height":2000,"caption":"Easy Star O\u00dc"},"image":{"@id":"https:\/\/easystar.ee\/#\/schema\/logo\/image\/"}}]}},"_links":{"self":[{"href":"https:\/\/easystar.ee\/en\/wp-json\/wp\/v2\/product\/39837","targetHints":{"allow":["GET"]}}],"collection":[{"href":"https:\/\/easystar.ee\/en\/wp-json\/wp\/v2\/product"}],"about":[{"href":"https:\/\/easystar.ee\/en\/wp-json\/wp\/v2\/types\/product"}],"wp:featuredmedia":[{"embeddable":true,"href":"https:\/\/easystar.ee\/en\/wp-json\/wp\/v2\/media\/40876"}],"wp:attachment":[{"href":"https:\/\/easystar.ee\/en\/wp-json\/wp\/v2\/media?parent=39837"}],"wp:term":[{"taxonomy":"product_brand","embeddable":true,"href":"https:\/\/easystar.ee\/en\/wp-json\/wp\/v2\/product_brand?post=39837"},{"taxonomy":"product_cat","embeddable":true,"href":"https:\/\/easystar.ee\/en\/wp-json\/wp\/v2\/product_cat?post=39837"},{"taxonomy":"product_tag","embeddable":true,"href":"https:\/\/easystar.ee\/en\/wp-json\/wp\/v2\/product_tag?post=39837"}],"curies":[{"name":"wp","href":"https:\/\/api.w.org\/{rel}","templated":true}]}}