{"id":39799,"date":"2024-06-03T07:55:27","date_gmt":"2024-06-03T07:55:27","guid":{"rendered":"https:\/\/easystar.ee\/toode\/majapidamispaber-everyday-soft-2-kihiline-48rll-plokk-p3936\/"},"modified":"2025-12-16T01:31:18","modified_gmt":"2025-12-16T01:31:18","slug":"majapidamispaber-everyday-soft-2-kihiline-48rll-plokk-3357-p3936","status":"publish","type":"product","link":"https:\/\/easystar.ee\/en\/toode\/majapidamispaber-everyday-soft-2-kihiline-48rll-plokk-3357-p3936\/","title":{"rendered":"Majapidamispaber EveryDay Soft 2 kihiline 48rll\/plokk (3357) P3936"},"content":{"rendered":"","protected":false},"excerpt":{"rendered":"<p>HARMONY EveryDay valged tselluloosk\u00f6\u00f6gir\u00e4tikud on pakendatud 2 kaupa pakenditesse. Paber on valmistatud 100% tselluloosist ja sellel on FSC sertifikaat. See pakub meeldivat hinna ja kvaliteedi suhet. K\u00f6\u00f6gir\u00e4tikute rulli pikkus on 11 meetrit.<br \/>\nK\u00f6\u00f6gir\u00e4tikud sobivad igap\u00e4evaseks kasutamiseks, t\u00e4nu kahekihilisele koostisele ja tekstuursele pinnale imavad nad vedelikke suurep\u00e4raselt ning perforatsioon v\u00f5imaldab neid h\u00f5lpsalt rebida. R\u00e4tikud on l\u00f5hnatud ja sertifitseeritud l\u00fchiajaliseks kokkupuuteks toiduga<br \/>\nV\u00e4rv: valge<br \/>\nMaterjal: 100% tselluloos<br \/>\nKihid: 2<br \/>\nLehe suurus: 22 x 23 cm<\/p>\n","protected":false},"featured_media":40798,"template":"","meta":{"_acf_changed":false},"product_brand":[],"product_cat":[1869,1843],"product_tag":[],"class_list":{"0":"post-39799","1":"product","2":"type-product","3":"status-publish","4":"has-post-thumbnail","6":"product_cat-paper-rolls","7":"product_cat-paper-tissues","9":"first","10":"instock","11":"taxable","12":"shipping-taxable","13":"purchasable","14":"product-type-simple"},"acf":[],"yoast_head":"<!-- This site is optimized with the Yoast SEO plugin v27.5 - https:\/\/yoast.com\/product\/yoast-seo-wordpress\/ -->\n<title>Majapidamispaber EveryDay Soft 2 kihiline 48rll\/plokk (3357) P3936 &#8212; Easy Star O\u00dc<\/title>\n<meta name=\"robots\" content=\"index, follow, max-snippet:-1, max-image-preview:large, max-video-preview:-1\" \/>\n<link rel=\"canonical\" href=\"https:\/\/easystar.ee\/toode\/majapidamispaber-everyday-soft-2-kihiline-48rll-plokk-3357-p3936\/\" \/>\n<meta property=\"og:locale\" content=\"en_US\" \/>\n<meta property=\"og:type\" content=\"article\" \/>\n<meta property=\"og:title\" content=\"Majapidamispaber EveryDay Soft 2 kihiline 48rll\/plokk (3357) P3936 &#8212; Easy Star O\u00dc\" \/>\n<meta property=\"og:description\" content=\"HARMONY EveryDay valged tselluloosk\u00f6\u00f6gir\u00e4tikud on pakendatud 2 kaupa pakenditesse. Paber on valmistatud 100% tselluloosist ja sellel on FSC sertifikaat. See pakub meeldivat hinna ja kvaliteedi suhet. K\u00f6\u00f6gir\u00e4tikute rulli pikkus on 11 meetrit. K\u00f6\u00f6gir\u00e4tikud sobivad igap\u00e4evaseks kasutamiseks, t\u00e4nu kahekihilisele koostisele ja tekstuursele pinnale imavad nad vedelikke suurep\u00e4raselt ning perforatsioon v\u00f5imaldab neid h\u00f5lpsalt rebida. R\u00e4tikud on l\u00f5hnatud ja sertifitseeritud l\u00fchiajaliseks kokkupuuteks toiduga V\u00e4rv: valge Materjal: 100% tselluloos Kihid: 2 Lehe suurus: 22 x 23 cm\" \/>\n<meta property=\"og:url\" content=\"https:\/\/easystar.ee\/toode\/majapidamispaber-everyday-soft-2-kihiline-48rll-plokk-3357-p3936\/\" \/>\n<meta property=\"og:site_name\" content=\"Easy Star O\u00dc\" \/>\n<meta property=\"article:modified_time\" content=\"2025-12-16T01:31:18+00:00\" \/>\n<meta property=\"og:image\" content=\"https:\/\/easystar.ee\/wp-content\/uploads\/2024\/06\/P3936.jpg\" \/>\n\t<meta property=\"og:image:width\" content=\"423\" \/>\n\t<meta property=\"og:image:height\" content=\"517\" \/>\n\t<meta property=\"og:image:type\" content=\"image\/jpeg\" \/>\n<meta name=\"twitter:card\" content=\"summary_large_image\" \/>\n<script type=\"application\/ld+json\" class=\"yoast-schema-graph\">{\"@context\":\"https:\\\/\\\/schema.org\",\"@graph\":[{\"@type\":\"WebPage\",\"@id\":\"https:\\\/\\\/easystar.ee\\\/toode\\\/majapidamispaber-everyday-soft-2-kihiline-48rll-plokk-3357-p3936\\\/\",\"url\":\"https:\\\/\\\/easystar.ee\\\/toode\\\/majapidamispaber-everyday-soft-2-kihiline-48rll-plokk-3357-p3936\\\/\",\"name\":\"Majapidamispaber EveryDay Soft 2 kihiline 48rll\\\/plokk (3357) P3936 &#8212; Easy Star O\u00dc\",\"isPartOf\":{\"@id\":\"https:\\\/\\\/easystar.ee\\\/#website\"},\"primaryImageOfPage\":{\"@id\":\"https:\\\/\\\/easystar.ee\\\/toode\\\/majapidamispaber-everyday-soft-2-kihiline-48rll-plokk-3357-p3936\\\/#primaryimage\"},\"image\":{\"@id\":\"https:\\\/\\\/easystar.ee\\\/toode\\\/majapidamispaber-everyday-soft-2-kihiline-48rll-plokk-3357-p3936\\\/#primaryimage\"},\"thumbnailUrl\":\"https:\\\/\\\/easystar.ee\\\/wp-content\\\/uploads\\\/2024\\\/06\\\/P3936.jpg\",\"datePublished\":\"2024-06-03T07:55:27+00:00\",\"dateModified\":\"2025-12-16T01:31:18+00:00\",\"breadcrumb\":{\"@id\":\"https:\\\/\\\/easystar.ee\\\/toode\\\/majapidamispaber-everyday-soft-2-kihiline-48rll-plokk-3357-p3936\\\/#breadcrumb\"},\"inLanguage\":\"en-US\",\"potentialAction\":[{\"@type\":\"ReadAction\",\"target\":[\"https:\\\/\\\/easystar.ee\\\/toode\\\/majapidamispaber-everyday-soft-2-kihiline-48rll-plokk-3357-p3936\\\/\"]}]},{\"@type\":\"ImageObject\",\"inLanguage\":\"en-US\",\"@id\":\"https:\\\/\\\/easystar.ee\\\/toode\\\/majapidamispaber-everyday-soft-2-kihiline-48rll-plokk-3357-p3936\\\/#primaryimage\",\"url\":\"https:\\\/\\\/easystar.ee\\\/wp-content\\\/uploads\\\/2024\\\/06\\\/P3936.jpg\",\"contentUrl\":\"https:\\\/\\\/easystar.ee\\\/wp-content\\\/uploads\\\/2024\\\/06\\\/P3936.jpg\",\"width\":423,\"height\":517},{\"@type\":\"BreadcrumbList\",\"@id\":\"https:\\\/\\\/easystar.ee\\\/toode\\\/majapidamispaber-everyday-soft-2-kihiline-48rll-plokk-3357-p3936\\\/#breadcrumb\",\"itemListElement\":[{\"@type\":\"ListItem\",\"position\":1,\"name\":\"Home\",\"item\":\"https:\\\/\\\/easystar.ee\\\/ru\\\/\"},{\"@type\":\"ListItem\",\"position\":2,\"name\":\"Shop\",\"item\":\"https:\\\/\\\/easystar.ee\\\/tooted\\\/\"},{\"@type\":\"ListItem\",\"position\":3,\"name\":\"Majapidamispaber EveryDay Soft 2 kihiline 48rll\\\/plokk (3357) P3936\"}]},{\"@type\":\"WebSite\",\"@id\":\"https:\\\/\\\/easystar.ee\\\/#website\",\"url\":\"https:\\\/\\\/easystar.ee\\\/\",\"name\":\"Easystar.ee\",\"description\":\"\",\"publisher\":{\"@id\":\"https:\\\/\\\/easystar.ee\\\/#organization\"},\"alternateName\":\"Keskkonnas\u00f5bralikud pehmepaberitooted teie kontorisse\",\"potentialAction\":[{\"@type\":\"SearchAction\",\"target\":{\"@type\":\"EntryPoint\",\"urlTemplate\":\"https:\\\/\\\/easystar.ee\\\/?s={search_term_string}\"},\"query-input\":{\"@type\":\"PropertyValueSpecification\",\"valueRequired\":true,\"valueName\":\"search_term_string\"}}],\"inLanguage\":\"en-US\"},{\"@type\":\"Organization\",\"@id\":\"https:\\\/\\\/easystar.ee\\\/#organization\",\"name\":\"Easy Star O\u00dc\",\"url\":\"https:\\\/\\\/easystar.ee\\\/\",\"logo\":{\"@type\":\"ImageObject\",\"inLanguage\":\"en-US\",\"@id\":\"https:\\\/\\\/easystar.ee\\\/#\\\/schema\\\/logo\\\/image\\\/\",\"url\":\"https:\\\/\\\/easystar.ee\\\/wp-content\\\/uploads\\\/2024\\\/03\\\/easystar-logo.svg\",\"contentUrl\":\"https:\\\/\\\/easystar.ee\\\/wp-content\\\/uploads\\\/2024\\\/03\\\/easystar-logo.svg\",\"width\":2000,\"height\":2000,\"caption\":\"Easy Star O\u00dc\"},\"image\":{\"@id\":\"https:\\\/\\\/easystar.ee\\\/#\\\/schema\\\/logo\\\/image\\\/\"}}]}<\/script>\n<!-- \/ Yoast SEO plugin. -->","yoast_head_json":{"title":"Majapidamispaber EveryDay Soft 2 kihiline 48rll\/plokk (3357) P3936 &#8212; Easy Star O\u00dc","robots":{"index":"index","follow":"follow","max-snippet":"max-snippet:-1","max-image-preview":"max-image-preview:large","max-video-preview":"max-video-preview:-1"},"canonical":"https:\/\/easystar.ee\/toode\/majapidamispaber-everyday-soft-2-kihiline-48rll-plokk-3357-p3936\/","og_locale":"en_US","og_type":"article","og_title":"Majapidamispaber EveryDay Soft 2 kihiline 48rll\/plokk (3357) P3936 &#8212; Easy Star O\u00dc","og_description":"HARMONY EveryDay valged tselluloosk\u00f6\u00f6gir\u00e4tikud on pakendatud 2 kaupa pakenditesse. Paber on valmistatud 100% tselluloosist ja sellel on FSC sertifikaat. See pakub meeldivat hinna ja kvaliteedi suhet. K\u00f6\u00f6gir\u00e4tikute rulli pikkus on 11 meetrit. K\u00f6\u00f6gir\u00e4tikud sobivad igap\u00e4evaseks kasutamiseks, t\u00e4nu kahekihilisele koostisele ja tekstuursele pinnale imavad nad vedelikke suurep\u00e4raselt ning perforatsioon v\u00f5imaldab neid h\u00f5lpsalt rebida. R\u00e4tikud on l\u00f5hnatud ja sertifitseeritud l\u00fchiajaliseks kokkupuuteks toiduga V\u00e4rv: valge Materjal: 100% tselluloos Kihid: 2 Lehe suurus: 22 x 23 cm","og_url":"https:\/\/easystar.ee\/toode\/majapidamispaber-everyday-soft-2-kihiline-48rll-plokk-3357-p3936\/","og_site_name":"Easy Star O\u00dc","article_modified_time":"2025-12-16T01:31:18+00:00","og_image":[{"width":423,"height":517,"url":"https:\/\/easystar.ee\/wp-content\/uploads\/2024\/06\/P3936.jpg","type":"image\/jpeg"}],"twitter_card":"summary_large_image","schema":{"@context":"https:\/\/schema.org","@graph":[{"@type":"WebPage","@id":"https:\/\/easystar.ee\/toode\/majapidamispaber-everyday-soft-2-kihiline-48rll-plokk-3357-p3936\/","url":"https:\/\/easystar.ee\/toode\/majapidamispaber-everyday-soft-2-kihiline-48rll-plokk-3357-p3936\/","name":"Majapidamispaber EveryDay Soft 2 kihiline 48rll\/plokk (3357) P3936 &#8212; Easy Star O\u00dc","isPartOf":{"@id":"https:\/\/easystar.ee\/#website"},"primaryImageOfPage":{"@id":"https:\/\/easystar.ee\/toode\/majapidamispaber-everyday-soft-2-kihiline-48rll-plokk-3357-p3936\/#primaryimage"},"image":{"@id":"https:\/\/easystar.ee\/toode\/majapidamispaber-everyday-soft-2-kihiline-48rll-plokk-3357-p3936\/#primaryimage"},"thumbnailUrl":"https:\/\/easystar.ee\/wp-content\/uploads\/2024\/06\/P3936.jpg","datePublished":"2024-06-03T07:55:27+00:00","dateModified":"2025-12-16T01:31:18+00:00","breadcrumb":{"@id":"https:\/\/easystar.ee\/toode\/majapidamispaber-everyday-soft-2-kihiline-48rll-plokk-3357-p3936\/#breadcrumb"},"inLanguage":"en-US","potentialAction":[{"@type":"ReadAction","target":["https:\/\/easystar.ee\/toode\/majapidamispaber-everyday-soft-2-kihiline-48rll-plokk-3357-p3936\/"]}]},{"@type":"ImageObject","inLanguage":"en-US","@id":"https:\/\/easystar.ee\/toode\/majapidamispaber-everyday-soft-2-kihiline-48rll-plokk-3357-p3936\/#primaryimage","url":"https:\/\/easystar.ee\/wp-content\/uploads\/2024\/06\/P3936.jpg","contentUrl":"https:\/\/easystar.ee\/wp-content\/uploads\/2024\/06\/P3936.jpg","width":423,"height":517},{"@type":"BreadcrumbList","@id":"https:\/\/easystar.ee\/toode\/majapidamispaber-everyday-soft-2-kihiline-48rll-plokk-3357-p3936\/#breadcrumb","itemListElement":[{"@type":"ListItem","position":1,"name":"Home","item":"https:\/\/easystar.ee\/ru\/"},{"@type":"ListItem","position":2,"name":"Shop","item":"https:\/\/easystar.ee\/tooted\/"},{"@type":"ListItem","position":3,"name":"Majapidamispaber EveryDay Soft 2 kihiline 48rll\/plokk (3357) P3936"}]},{"@type":"WebSite","@id":"https:\/\/easystar.ee\/#website","url":"https:\/\/easystar.ee\/","name":"Easystar.ee","description":"","publisher":{"@id":"https:\/\/easystar.ee\/#organization"},"alternateName":"Keskkonnas\u00f5bralikud pehmepaberitooted teie kontorisse","potentialAction":[{"@type":"SearchAction","target":{"@type":"EntryPoint","urlTemplate":"https:\/\/easystar.ee\/?s={search_term_string}"},"query-input":{"@type":"PropertyValueSpecification","valueRequired":true,"valueName":"search_term_string"}}],"inLanguage":"en-US"},{"@type":"Organization","@id":"https:\/\/easystar.ee\/#organization","name":"Easy Star O\u00dc","url":"https:\/\/easystar.ee\/","logo":{"@type":"ImageObject","inLanguage":"en-US","@id":"https:\/\/easystar.ee\/#\/schema\/logo\/image\/","url":"https:\/\/easystar.ee\/wp-content\/uploads\/2024\/03\/easystar-logo.svg","contentUrl":"https:\/\/easystar.ee\/wp-content\/uploads\/2024\/03\/easystar-logo.svg","width":2000,"height":2000,"caption":"Easy Star O\u00dc"},"image":{"@id":"https:\/\/easystar.ee\/#\/schema\/logo\/image\/"}}]}},"_links":{"self":[{"href":"https:\/\/easystar.ee\/en\/wp-json\/wp\/v2\/product\/39799","targetHints":{"allow":["GET"]}}],"collection":[{"href":"https:\/\/easystar.ee\/en\/wp-json\/wp\/v2\/product"}],"about":[{"href":"https:\/\/easystar.ee\/en\/wp-json\/wp\/v2\/types\/product"}],"wp:featuredmedia":[{"embeddable":true,"href":"https:\/\/easystar.ee\/en\/wp-json\/wp\/v2\/media\/40798"}],"wp:attachment":[{"href":"https:\/\/easystar.ee\/en\/wp-json\/wp\/v2\/media?parent=39799"}],"wp:term":[{"taxonomy":"product_brand","embeddable":true,"href":"https:\/\/easystar.ee\/en\/wp-json\/wp\/v2\/product_brand?post=39799"},{"taxonomy":"product_cat","embeddable":true,"href":"https:\/\/easystar.ee\/en\/wp-json\/wp\/v2\/product_cat?post=39799"},{"taxonomy":"product_tag","embeddable":true,"href":"https:\/\/easystar.ee\/en\/wp-json\/wp\/v2\/product_tag?post=39799"}],"curies":[{"name":"wp","href":"https:\/\/api.w.org\/{rel}","templated":true}]}}