{"id":39741,"date":"2024-06-04T15:21:42","date_gmt":"2024-06-04T15:21:42","guid":{"rendered":"https:\/\/easystar.ee\/toode\/lauapealne-h2-lehtratikuhoidik-valge-185x273x118mm-dah52001\/"},"modified":"2025-10-30T01:46:28","modified_gmt":"2025-10-30T01:46:28","slug":"lauapealne-h2-lehtratikuhoidik-valge-185x273x118mm-dah52001","status":"publish","type":"product","link":"https:\/\/easystar.ee\/en\/toode\/lauapealne-h2-lehtratikuhoidik-valge-185x273x118mm-dah52001\/","title":{"rendered":"Lauapealne H2 lehtr\u00e4tikuhoidik valge 185x273x118mm DAH52001"},"content":{"rendered":"","protected":false},"excerpt":{"rendered":"<p>Valmistatud kvaliteetsest ja vastupidavast valgest ABS-st. V\u00e4ga mitmek\u00fclgne, sobib Z- ja W-t\u00fc\u00fcpi salvr\u00e4tikutega. V\u00e4ljastab salvr\u00e4tikud selle \u00fclemisest osast. Kergesti eemaldatav k\u00fclgnuppude vajutamisega. Sama v\u00e4rvi alusele integreeritud mustad libisemiskindlad nupud. Alumine vedru on kinnitatud alusele, et tagada salvr\u00e4tikute ideaalne sobivus ja lihtne hooldus. Lihtne t\u00e4ita ja reguleerida salvr\u00e4tikuid. Umbkaudne maksimaalne kogus: 250 salvr\u00e4tikut (oleneb mudelist ja kaalust). Maksimaalsed lubatud salvr\u00e4tiku suurused: \u00abZ\u00bb (24\u00d724) ja W (24\u00d732) cm. Kaasaegne minimalistlik disain. Lauapealne salvr\u00e4tikuhoidja, mis on m\u00f5eldud suure kasutusega kohtadele. <\/p>\n","protected":false},"featured_media":40682,"template":"","meta":{"_acf_changed":false},"product_brand":[],"product_cat":[1814,1999],"product_tag":[],"class_list":{"0":"post-39741","1":"product","2":"type-product","3":"status-publish","4":"has-post-thumbnail","6":"product_cat-dispensers","7":"product_cat-plastic","9":"first","10":"onbackorder","11":"taxable","12":"shipping-taxable","13":"purchasable","14":"product-type-simple"},"acf":[],"yoast_head":"<!-- This site is optimized with the Yoast SEO plugin v27.3 - https:\/\/yoast.com\/product\/yoast-seo-wordpress\/ -->\n<title>Lauapealne H2 lehtr\u00e4tikuhoidik valge 185x273x118mm DAH52001 &#8212; Easy Star O\u00dc<\/title>\n<meta name=\"robots\" content=\"index, follow, max-snippet:-1, max-image-preview:large, max-video-preview:-1\" \/>\n<link rel=\"canonical\" href=\"https:\/\/easystar.ee\/en\/toode\/lauapealne-h2-lehtratikuhoidik-valge-185x273x118mm-dah52001\/\" \/>\n<meta property=\"og:locale\" content=\"en_US\" \/>\n<meta property=\"og:type\" content=\"article\" \/>\n<meta property=\"og:title\" content=\"Lauapealne H2 lehtr\u00e4tikuhoidik valge 185x273x118mm DAH52001 &#8212; Easy Star O\u00dc\" \/>\n<meta property=\"og:description\" content=\"Valmistatud kvaliteetsest ja vastupidavast valgest ABS-st. V\u00e4ga mitmek\u00fclgne, sobib Z- ja W-t\u00fc\u00fcpi salvr\u00e4tikutega. V\u00e4ljastab salvr\u00e4tikud selle \u00fclemisest osast. Kergesti eemaldatav k\u00fclgnuppude vajutamisega. Sama v\u00e4rvi alusele integreeritud mustad libisemiskindlad nupud. Alumine vedru on kinnitatud alusele, et tagada salvr\u00e4tikute ideaalne sobivus ja lihtne hooldus. Lihtne t\u00e4ita ja reguleerida salvr\u00e4tikuid. Umbkaudne maksimaalne kogus: 250 salvr\u00e4tikut (oleneb mudelist ja kaalust). Maksimaalsed lubatud salvr\u00e4tiku suurused: \u00abZ\u00bb (24\u00d724) ja W (24\u00d732) cm. Kaasaegne minimalistlik disain. Lauapealne salvr\u00e4tikuhoidja, mis on m\u00f5eldud suure kasutusega kohtadele.\" \/>\n<meta property=\"og:url\" content=\"https:\/\/easystar.ee\/en\/toode\/lauapealne-h2-lehtratikuhoidik-valge-185x273x118mm-dah52001\/\" \/>\n<meta property=\"og:site_name\" content=\"Easy Star O\u00dc\" \/>\n<meta property=\"article:modified_time\" content=\"2025-10-30T01:46:28+00:00\" \/>\n<meta property=\"og:image\" content=\"https:\/\/easystar.ee\/wp-content\/uploads\/2024\/06\/AH52000.jpg\" \/>\n\t<meta property=\"og:image:width\" content=\"407\" \/>\n\t<meta property=\"og:image:height\" content=\"339\" \/>\n\t<meta property=\"og:image:type\" content=\"image\/jpeg\" \/>\n<meta name=\"twitter:card\" content=\"summary_large_image\" \/>\n<script type=\"application\/ld+json\" class=\"yoast-schema-graph\">{\"@context\":\"https:\\\/\\\/schema.org\",\"@graph\":[{\"@type\":\"WebPage\",\"@id\":\"https:\\\/\\\/easystar.ee\\\/en\\\/toode\\\/lauapealne-h2-lehtratikuhoidik-valge-185x273x118mm-dah52001\\\/\",\"url\":\"https:\\\/\\\/easystar.ee\\\/en\\\/toode\\\/lauapealne-h2-lehtratikuhoidik-valge-185x273x118mm-dah52001\\\/\",\"name\":\"Lauapealne H2 lehtr\u00e4tikuhoidik valge 185x273x118mm DAH52001 &#8212; Easy Star O\u00dc\",\"isPartOf\":{\"@id\":\"https:\\\/\\\/easystar.ee\\\/#website\"},\"primaryImageOfPage\":{\"@id\":\"https:\\\/\\\/easystar.ee\\\/en\\\/toode\\\/lauapealne-h2-lehtratikuhoidik-valge-185x273x118mm-dah52001\\\/#primaryimage\"},\"image\":{\"@id\":\"https:\\\/\\\/easystar.ee\\\/en\\\/toode\\\/lauapealne-h2-lehtratikuhoidik-valge-185x273x118mm-dah52001\\\/#primaryimage\"},\"thumbnailUrl\":\"https:\\\/\\\/easystar.ee\\\/wp-content\\\/uploads\\\/2024\\\/06\\\/AH52000.jpg\",\"datePublished\":\"2024-06-04T15:21:42+00:00\",\"dateModified\":\"2025-10-30T01:46:28+00:00\",\"breadcrumb\":{\"@id\":\"https:\\\/\\\/easystar.ee\\\/en\\\/toode\\\/lauapealne-h2-lehtratikuhoidik-valge-185x273x118mm-dah52001\\\/#breadcrumb\"},\"inLanguage\":\"en-US\",\"potentialAction\":[{\"@type\":\"ReadAction\",\"target\":[\"https:\\\/\\\/easystar.ee\\\/en\\\/toode\\\/lauapealne-h2-lehtratikuhoidik-valge-185x273x118mm-dah52001\\\/\"]}]},{\"@type\":\"ImageObject\",\"inLanguage\":\"en-US\",\"@id\":\"https:\\\/\\\/easystar.ee\\\/en\\\/toode\\\/lauapealne-h2-lehtratikuhoidik-valge-185x273x118mm-dah52001\\\/#primaryimage\",\"url\":\"https:\\\/\\\/easystar.ee\\\/wp-content\\\/uploads\\\/2024\\\/06\\\/AH52000.jpg\",\"contentUrl\":\"https:\\\/\\\/easystar.ee\\\/wp-content\\\/uploads\\\/2024\\\/06\\\/AH52000.jpg\",\"width\":407,\"height\":339},{\"@type\":\"BreadcrumbList\",\"@id\":\"https:\\\/\\\/easystar.ee\\\/en\\\/toode\\\/lauapealne-h2-lehtratikuhoidik-valge-185x273x118mm-dah52001\\\/#breadcrumb\",\"itemListElement\":[{\"@type\":\"ListItem\",\"position\":1,\"name\":\"Home\",\"item\":\"https:\\\/\\\/easystar.ee\\\/ru\\\/\"},{\"@type\":\"ListItem\",\"position\":2,\"name\":\"Shop\",\"item\":\"https:\\\/\\\/easystar.ee\\\/tooted\\\/\"},{\"@type\":\"ListItem\",\"position\":3,\"name\":\"Lauapealne H2 lehtr\u00e4tikuhoidik valge 185x273x118mm DAH52001\"}]},{\"@type\":\"WebSite\",\"@id\":\"https:\\\/\\\/easystar.ee\\\/#website\",\"url\":\"https:\\\/\\\/easystar.ee\\\/\",\"name\":\"Easystar.ee\",\"description\":\"\",\"publisher\":{\"@id\":\"https:\\\/\\\/easystar.ee\\\/#organization\"},\"alternateName\":\"Keskkonnas\u00f5bralikud pehmepaberitooted teie kontorisse\",\"potentialAction\":[{\"@type\":\"SearchAction\",\"target\":{\"@type\":\"EntryPoint\",\"urlTemplate\":\"https:\\\/\\\/easystar.ee\\\/?s={search_term_string}\"},\"query-input\":{\"@type\":\"PropertyValueSpecification\",\"valueRequired\":true,\"valueName\":\"search_term_string\"}}],\"inLanguage\":\"en-US\"},{\"@type\":\"Organization\",\"@id\":\"https:\\\/\\\/easystar.ee\\\/#organization\",\"name\":\"Easy Star O\u00dc\",\"url\":\"https:\\\/\\\/easystar.ee\\\/\",\"logo\":{\"@type\":\"ImageObject\",\"inLanguage\":\"en-US\",\"@id\":\"https:\\\/\\\/easystar.ee\\\/#\\\/schema\\\/logo\\\/image\\\/\",\"url\":\"https:\\\/\\\/easystar.ee\\\/wp-content\\\/uploads\\\/2024\\\/03\\\/easystar-logo.svg\",\"contentUrl\":\"https:\\\/\\\/easystar.ee\\\/wp-content\\\/uploads\\\/2024\\\/03\\\/easystar-logo.svg\",\"width\":2000,\"height\":2000,\"caption\":\"Easy Star O\u00dc\"},\"image\":{\"@id\":\"https:\\\/\\\/easystar.ee\\\/#\\\/schema\\\/logo\\\/image\\\/\"}}]}<\/script>\n<!-- \/ Yoast SEO plugin. -->","yoast_head_json":{"title":"Lauapealne H2 lehtr\u00e4tikuhoidik valge 185x273x118mm DAH52001 &#8212; Easy Star O\u00dc","robots":{"index":"index","follow":"follow","max-snippet":"max-snippet:-1","max-image-preview":"max-image-preview:large","max-video-preview":"max-video-preview:-1"},"canonical":"https:\/\/easystar.ee\/en\/toode\/lauapealne-h2-lehtratikuhoidik-valge-185x273x118mm-dah52001\/","og_locale":"en_US","og_type":"article","og_title":"Lauapealne H2 lehtr\u00e4tikuhoidik valge 185x273x118mm DAH52001 &#8212; Easy Star O\u00dc","og_description":"Valmistatud kvaliteetsest ja vastupidavast valgest ABS-st. V\u00e4ga mitmek\u00fclgne, sobib Z- ja W-t\u00fc\u00fcpi salvr\u00e4tikutega. V\u00e4ljastab salvr\u00e4tikud selle \u00fclemisest osast. Kergesti eemaldatav k\u00fclgnuppude vajutamisega. Sama v\u00e4rvi alusele integreeritud mustad libisemiskindlad nupud. Alumine vedru on kinnitatud alusele, et tagada salvr\u00e4tikute ideaalne sobivus ja lihtne hooldus. Lihtne t\u00e4ita ja reguleerida salvr\u00e4tikuid. Umbkaudne maksimaalne kogus: 250 salvr\u00e4tikut (oleneb mudelist ja kaalust). Maksimaalsed lubatud salvr\u00e4tiku suurused: \u00abZ\u00bb (24\u00d724) ja W (24\u00d732) cm. Kaasaegne minimalistlik disain. Lauapealne salvr\u00e4tikuhoidja, mis on m\u00f5eldud suure kasutusega kohtadele.","og_url":"https:\/\/easystar.ee\/en\/toode\/lauapealne-h2-lehtratikuhoidik-valge-185x273x118mm-dah52001\/","og_site_name":"Easy Star O\u00dc","article_modified_time":"2025-10-30T01:46:28+00:00","og_image":[{"width":407,"height":339,"url":"https:\/\/easystar.ee\/wp-content\/uploads\/2024\/06\/AH52000.jpg","type":"image\/jpeg"}],"twitter_card":"summary_large_image","schema":{"@context":"https:\/\/schema.org","@graph":[{"@type":"WebPage","@id":"https:\/\/easystar.ee\/en\/toode\/lauapealne-h2-lehtratikuhoidik-valge-185x273x118mm-dah52001\/","url":"https:\/\/easystar.ee\/en\/toode\/lauapealne-h2-lehtratikuhoidik-valge-185x273x118mm-dah52001\/","name":"Lauapealne H2 lehtr\u00e4tikuhoidik valge 185x273x118mm DAH52001 &#8212; Easy Star O\u00dc","isPartOf":{"@id":"https:\/\/easystar.ee\/#website"},"primaryImageOfPage":{"@id":"https:\/\/easystar.ee\/en\/toode\/lauapealne-h2-lehtratikuhoidik-valge-185x273x118mm-dah52001\/#primaryimage"},"image":{"@id":"https:\/\/easystar.ee\/en\/toode\/lauapealne-h2-lehtratikuhoidik-valge-185x273x118mm-dah52001\/#primaryimage"},"thumbnailUrl":"https:\/\/easystar.ee\/wp-content\/uploads\/2024\/06\/AH52000.jpg","datePublished":"2024-06-04T15:21:42+00:00","dateModified":"2025-10-30T01:46:28+00:00","breadcrumb":{"@id":"https:\/\/easystar.ee\/en\/toode\/lauapealne-h2-lehtratikuhoidik-valge-185x273x118mm-dah52001\/#breadcrumb"},"inLanguage":"en-US","potentialAction":[{"@type":"ReadAction","target":["https:\/\/easystar.ee\/en\/toode\/lauapealne-h2-lehtratikuhoidik-valge-185x273x118mm-dah52001\/"]}]},{"@type":"ImageObject","inLanguage":"en-US","@id":"https:\/\/easystar.ee\/en\/toode\/lauapealne-h2-lehtratikuhoidik-valge-185x273x118mm-dah52001\/#primaryimage","url":"https:\/\/easystar.ee\/wp-content\/uploads\/2024\/06\/AH52000.jpg","contentUrl":"https:\/\/easystar.ee\/wp-content\/uploads\/2024\/06\/AH52000.jpg","width":407,"height":339},{"@type":"BreadcrumbList","@id":"https:\/\/easystar.ee\/en\/toode\/lauapealne-h2-lehtratikuhoidik-valge-185x273x118mm-dah52001\/#breadcrumb","itemListElement":[{"@type":"ListItem","position":1,"name":"Home","item":"https:\/\/easystar.ee\/ru\/"},{"@type":"ListItem","position":2,"name":"Shop","item":"https:\/\/easystar.ee\/tooted\/"},{"@type":"ListItem","position":3,"name":"Lauapealne H2 lehtr\u00e4tikuhoidik valge 185x273x118mm DAH52001"}]},{"@type":"WebSite","@id":"https:\/\/easystar.ee\/#website","url":"https:\/\/easystar.ee\/","name":"Easystar.ee","description":"","publisher":{"@id":"https:\/\/easystar.ee\/#organization"},"alternateName":"Keskkonnas\u00f5bralikud pehmepaberitooted teie kontorisse","potentialAction":[{"@type":"SearchAction","target":{"@type":"EntryPoint","urlTemplate":"https:\/\/easystar.ee\/?s={search_term_string}"},"query-input":{"@type":"PropertyValueSpecification","valueRequired":true,"valueName":"search_term_string"}}],"inLanguage":"en-US"},{"@type":"Organization","@id":"https:\/\/easystar.ee\/#organization","name":"Easy Star O\u00dc","url":"https:\/\/easystar.ee\/","logo":{"@type":"ImageObject","inLanguage":"en-US","@id":"https:\/\/easystar.ee\/#\/schema\/logo\/image\/","url":"https:\/\/easystar.ee\/wp-content\/uploads\/2024\/03\/easystar-logo.svg","contentUrl":"https:\/\/easystar.ee\/wp-content\/uploads\/2024\/03\/easystar-logo.svg","width":2000,"height":2000,"caption":"Easy Star O\u00dc"},"image":{"@id":"https:\/\/easystar.ee\/#\/schema\/logo\/image\/"}}]}},"_links":{"self":[{"href":"https:\/\/easystar.ee\/en\/wp-json\/wp\/v2\/product\/39741","targetHints":{"allow":["GET"]}}],"collection":[{"href":"https:\/\/easystar.ee\/en\/wp-json\/wp\/v2\/product"}],"about":[{"href":"https:\/\/easystar.ee\/en\/wp-json\/wp\/v2\/types\/product"}],"wp:featuredmedia":[{"embeddable":true,"href":"https:\/\/easystar.ee\/en\/wp-json\/wp\/v2\/media\/40682"}],"wp:attachment":[{"href":"https:\/\/easystar.ee\/en\/wp-json\/wp\/v2\/media?parent=39741"}],"wp:term":[{"taxonomy":"product_brand","embeddable":true,"href":"https:\/\/easystar.ee\/en\/wp-json\/wp\/v2\/product_brand?post=39741"},{"taxonomy":"product_cat","embeddable":true,"href":"https:\/\/easystar.ee\/en\/wp-json\/wp\/v2\/product_cat?post=39741"},{"taxonomy":"product_tag","embeddable":true,"href":"https:\/\/easystar.ee\/en\/wp-json\/wp\/v2\/product_tag?post=39741"}],"curies":[{"name":"wp","href":"https:\/\/api.w.org\/{rel}","templated":true}]}}