{"id":39727,"date":"2024-06-04T15:14:45","date_gmt":"2024-06-04T15:14:45","guid":{"rendered":"https:\/\/easystar.ee\/toode\/dushiiste-seinale-porandatugi-harjatud-rst-dgw11241100\/"},"modified":"2025-10-30T01:41:43","modified_gmt":"2025-10-30T01:41:43","slug":"dushiiste-seinale-porandatugi-harjatud-rst-dgw11241100","status":"publish","type":"product","link":"https:\/\/easystar.ee\/en\/toode\/dushiiste-seinale-porandatugi-harjatud-rst-dgw11241100\/","title":{"rendered":"Dushiiste seinale, p\u00f5randatugi, harjatud rst DGW11241100"},"content":{"rendered":"","protected":false},"excerpt":{"rendered":"<p>Konstruktsiooni materjal: AISI 304 roostevaba teras. Toru l\u00e4bim\u00f5\u00f5t: 32 mm. Toru paksus: 1,5 mm. Istmematerjal: fenoolformaldeh\u00fc\u00fcdvaik. Istme tugi on korralikult fikseeritud, et toetada staatilisi koormusi 227 Kg. Toote m\u00f5\u00f5dud on 455 x 450 x 480 mm. Dushi iste kinnitatakse seina k\u00fclge 8x70mm kruviga ja 8x10mm nailonist seinakorgiga.<br \/>\nJalaga kokkuklapitav du\u0161\u0161iistmik mis on kinnitatud \u00fcheosalise fenoolformaldeh\u00fc\u00fcdvaigu istme k\u00fclge. Konstruktsioon p\u00f6\u00f6rab seinakinnituste suunas 90o, et oleks v\u00f5imalik istet p\u00fcstiasendisse j\u00e4tta. Konstruktsiooni k\u00fclge kruvitud istumispind on valmistatud suure vastupidavusega fenoolformaldeh\u00fc\u00fcdvaigust. Kokkupandud \u00fcksusel on satiinviimistlus ja selle materjalid tagavad korrektse hoolduse ja puhastamise.<\/p>\n","protected":false},"featured_media":40662,"template":"","meta":{"_acf_changed":false},"product_brand":[],"product_cat":[1814,2016],"product_tag":[],"class_list":{"0":"post-39727","1":"product","2":"type-product","3":"status-publish","4":"has-post-thumbnail","6":"product_cat-dispensers","7":"product_cat-invatooted-ja-mahkimislauad-en","9":"first","10":"onbackorder","11":"taxable","12":"shipping-taxable","13":"purchasable","14":"product-type-simple"},"acf":[],"yoast_head":"<!-- This site is optimized with the Yoast SEO plugin v27.3 - https:\/\/yoast.com\/product\/yoast-seo-wordpress\/ -->\n<title>Dushiiste seinale, p\u00f5randatugi, harjatud rst DGW11241100 &#8212; Easy Star O\u00dc<\/title>\n<meta name=\"robots\" content=\"index, follow, max-snippet:-1, max-image-preview:large, max-video-preview:-1\" \/>\n<link rel=\"canonical\" href=\"https:\/\/easystar.ee\/en\/toode\/dushiiste-seinale-porandatugi-harjatud-rst-dgw11241100\/\" \/>\n<meta property=\"og:locale\" content=\"en_US\" \/>\n<meta property=\"og:type\" content=\"article\" \/>\n<meta property=\"og:title\" content=\"Dushiiste seinale, p\u00f5randatugi, harjatud rst DGW11241100 &#8212; Easy Star O\u00dc\" \/>\n<meta property=\"og:description\" content=\"Konstruktsiooni materjal: AISI 304 roostevaba teras. Toru l\u00e4bim\u00f5\u00f5t: 32 mm. Toru paksus: 1,5 mm. Istmematerjal: fenoolformaldeh\u00fc\u00fcdvaik. Istme tugi on korralikult fikseeritud, et toetada staatilisi koormusi 227 Kg. Toote m\u00f5\u00f5dud on 455 x 450 x 480 mm. Dushi iste kinnitatakse seina k\u00fclge 8x70mm kruviga ja 8x10mm nailonist seinakorgiga. Jalaga kokkuklapitav du\u0161\u0161iistmik mis on kinnitatud \u00fcheosalise fenoolformaldeh\u00fc\u00fcdvaigu istme k\u00fclge. Konstruktsioon p\u00f6\u00f6rab seinakinnituste suunas 90o, et oleks v\u00f5imalik istet p\u00fcstiasendisse j\u00e4tta. Konstruktsiooni k\u00fclge kruvitud istumispind on valmistatud suure vastupidavusega fenoolformaldeh\u00fc\u00fcdvaigust. Kokkupandud \u00fcksusel on satiinviimistlus ja selle materjalid tagavad korrektse hoolduse ja puhastamise.\" \/>\n<meta property=\"og:url\" content=\"https:\/\/easystar.ee\/en\/toode\/dushiiste-seinale-porandatugi-harjatud-rst-dgw11241100\/\" \/>\n<meta property=\"og:site_name\" content=\"Easy Star O\u00dc\" \/>\n<meta property=\"article:modified_time\" content=\"2025-10-30T01:41:43+00:00\" \/>\n<meta property=\"og:image\" content=\"https:\/\/easystar.ee\/wp-content\/uploads\/2024\/06\/GW11241100.jpg\" \/>\n\t<meta property=\"og:image:width\" content=\"608\" \/>\n\t<meta property=\"og:image:height\" content=\"452\" \/>\n\t<meta property=\"og:image:type\" content=\"image\/jpeg\" \/>\n<meta name=\"twitter:card\" content=\"summary_large_image\" \/>\n<script type=\"application\/ld+json\" class=\"yoast-schema-graph\">{\"@context\":\"https:\\\/\\\/schema.org\",\"@graph\":[{\"@type\":\"WebPage\",\"@id\":\"https:\\\/\\\/easystar.ee\\\/en\\\/toode\\\/dushiiste-seinale-porandatugi-harjatud-rst-dgw11241100\\\/\",\"url\":\"https:\\\/\\\/easystar.ee\\\/en\\\/toode\\\/dushiiste-seinale-porandatugi-harjatud-rst-dgw11241100\\\/\",\"name\":\"Dushiiste seinale, p\u00f5randatugi, harjatud rst DGW11241100 &#8212; Easy Star O\u00dc\",\"isPartOf\":{\"@id\":\"https:\\\/\\\/easystar.ee\\\/#website\"},\"primaryImageOfPage\":{\"@id\":\"https:\\\/\\\/easystar.ee\\\/en\\\/toode\\\/dushiiste-seinale-porandatugi-harjatud-rst-dgw11241100\\\/#primaryimage\"},\"image\":{\"@id\":\"https:\\\/\\\/easystar.ee\\\/en\\\/toode\\\/dushiiste-seinale-porandatugi-harjatud-rst-dgw11241100\\\/#primaryimage\"},\"thumbnailUrl\":\"https:\\\/\\\/easystar.ee\\\/wp-content\\\/uploads\\\/2024\\\/06\\\/GW11241100.jpg\",\"datePublished\":\"2024-06-04T15:14:45+00:00\",\"dateModified\":\"2025-10-30T01:41:43+00:00\",\"breadcrumb\":{\"@id\":\"https:\\\/\\\/easystar.ee\\\/en\\\/toode\\\/dushiiste-seinale-porandatugi-harjatud-rst-dgw11241100\\\/#breadcrumb\"},\"inLanguage\":\"en-US\",\"potentialAction\":[{\"@type\":\"ReadAction\",\"target\":[\"https:\\\/\\\/easystar.ee\\\/en\\\/toode\\\/dushiiste-seinale-porandatugi-harjatud-rst-dgw11241100\\\/\"]}]},{\"@type\":\"ImageObject\",\"inLanguage\":\"en-US\",\"@id\":\"https:\\\/\\\/easystar.ee\\\/en\\\/toode\\\/dushiiste-seinale-porandatugi-harjatud-rst-dgw11241100\\\/#primaryimage\",\"url\":\"https:\\\/\\\/easystar.ee\\\/wp-content\\\/uploads\\\/2024\\\/06\\\/GW11241100.jpg\",\"contentUrl\":\"https:\\\/\\\/easystar.ee\\\/wp-content\\\/uploads\\\/2024\\\/06\\\/GW11241100.jpg\",\"width\":608,\"height\":452},{\"@type\":\"BreadcrumbList\",\"@id\":\"https:\\\/\\\/easystar.ee\\\/en\\\/toode\\\/dushiiste-seinale-porandatugi-harjatud-rst-dgw11241100\\\/#breadcrumb\",\"itemListElement\":[{\"@type\":\"ListItem\",\"position\":1,\"name\":\"Home\",\"item\":\"https:\\\/\\\/easystar.ee\\\/ru\\\/\"},{\"@type\":\"ListItem\",\"position\":2,\"name\":\"Shop\",\"item\":\"https:\\\/\\\/easystar.ee\\\/tooted\\\/\"},{\"@type\":\"ListItem\",\"position\":3,\"name\":\"Dushiiste seinale, p\u00f5randatugi, harjatud rst DGW11241100\"}]},{\"@type\":\"WebSite\",\"@id\":\"https:\\\/\\\/easystar.ee\\\/#website\",\"url\":\"https:\\\/\\\/easystar.ee\\\/\",\"name\":\"Easystar.ee\",\"description\":\"\",\"publisher\":{\"@id\":\"https:\\\/\\\/easystar.ee\\\/#organization\"},\"alternateName\":\"Keskkonnas\u00f5bralikud pehmepaberitooted teie kontorisse\",\"potentialAction\":[{\"@type\":\"SearchAction\",\"target\":{\"@type\":\"EntryPoint\",\"urlTemplate\":\"https:\\\/\\\/easystar.ee\\\/?s={search_term_string}\"},\"query-input\":{\"@type\":\"PropertyValueSpecification\",\"valueRequired\":true,\"valueName\":\"search_term_string\"}}],\"inLanguage\":\"en-US\"},{\"@type\":\"Organization\",\"@id\":\"https:\\\/\\\/easystar.ee\\\/#organization\",\"name\":\"Easy Star O\u00dc\",\"url\":\"https:\\\/\\\/easystar.ee\\\/\",\"logo\":{\"@type\":\"ImageObject\",\"inLanguage\":\"en-US\",\"@id\":\"https:\\\/\\\/easystar.ee\\\/#\\\/schema\\\/logo\\\/image\\\/\",\"url\":\"https:\\\/\\\/easystar.ee\\\/wp-content\\\/uploads\\\/2024\\\/03\\\/easystar-logo.svg\",\"contentUrl\":\"https:\\\/\\\/easystar.ee\\\/wp-content\\\/uploads\\\/2024\\\/03\\\/easystar-logo.svg\",\"width\":2000,\"height\":2000,\"caption\":\"Easy Star O\u00dc\"},\"image\":{\"@id\":\"https:\\\/\\\/easystar.ee\\\/#\\\/schema\\\/logo\\\/image\\\/\"}}]}<\/script>\n<!-- \/ Yoast SEO plugin. -->","yoast_head_json":{"title":"Dushiiste seinale, p\u00f5randatugi, harjatud rst DGW11241100 &#8212; Easy Star O\u00dc","robots":{"index":"index","follow":"follow","max-snippet":"max-snippet:-1","max-image-preview":"max-image-preview:large","max-video-preview":"max-video-preview:-1"},"canonical":"https:\/\/easystar.ee\/en\/toode\/dushiiste-seinale-porandatugi-harjatud-rst-dgw11241100\/","og_locale":"en_US","og_type":"article","og_title":"Dushiiste seinale, p\u00f5randatugi, harjatud rst DGW11241100 &#8212; Easy Star O\u00dc","og_description":"Konstruktsiooni materjal: AISI 304 roostevaba teras. Toru l\u00e4bim\u00f5\u00f5t: 32 mm. Toru paksus: 1,5 mm. Istmematerjal: fenoolformaldeh\u00fc\u00fcdvaik. Istme tugi on korralikult fikseeritud, et toetada staatilisi koormusi 227 Kg. Toote m\u00f5\u00f5dud on 455 x 450 x 480 mm. Dushi iste kinnitatakse seina k\u00fclge 8x70mm kruviga ja 8x10mm nailonist seinakorgiga. Jalaga kokkuklapitav du\u0161\u0161iistmik mis on kinnitatud \u00fcheosalise fenoolformaldeh\u00fc\u00fcdvaigu istme k\u00fclge. Konstruktsioon p\u00f6\u00f6rab seinakinnituste suunas 90o, et oleks v\u00f5imalik istet p\u00fcstiasendisse j\u00e4tta. Konstruktsiooni k\u00fclge kruvitud istumispind on valmistatud suure vastupidavusega fenoolformaldeh\u00fc\u00fcdvaigust. Kokkupandud \u00fcksusel on satiinviimistlus ja selle materjalid tagavad korrektse hoolduse ja puhastamise.","og_url":"https:\/\/easystar.ee\/en\/toode\/dushiiste-seinale-porandatugi-harjatud-rst-dgw11241100\/","og_site_name":"Easy Star O\u00dc","article_modified_time":"2025-10-30T01:41:43+00:00","og_image":[{"width":608,"height":452,"url":"https:\/\/easystar.ee\/wp-content\/uploads\/2024\/06\/GW11241100.jpg","type":"image\/jpeg"}],"twitter_card":"summary_large_image","schema":{"@context":"https:\/\/schema.org","@graph":[{"@type":"WebPage","@id":"https:\/\/easystar.ee\/en\/toode\/dushiiste-seinale-porandatugi-harjatud-rst-dgw11241100\/","url":"https:\/\/easystar.ee\/en\/toode\/dushiiste-seinale-porandatugi-harjatud-rst-dgw11241100\/","name":"Dushiiste seinale, p\u00f5randatugi, harjatud rst DGW11241100 &#8212; Easy Star O\u00dc","isPartOf":{"@id":"https:\/\/easystar.ee\/#website"},"primaryImageOfPage":{"@id":"https:\/\/easystar.ee\/en\/toode\/dushiiste-seinale-porandatugi-harjatud-rst-dgw11241100\/#primaryimage"},"image":{"@id":"https:\/\/easystar.ee\/en\/toode\/dushiiste-seinale-porandatugi-harjatud-rst-dgw11241100\/#primaryimage"},"thumbnailUrl":"https:\/\/easystar.ee\/wp-content\/uploads\/2024\/06\/GW11241100.jpg","datePublished":"2024-06-04T15:14:45+00:00","dateModified":"2025-10-30T01:41:43+00:00","breadcrumb":{"@id":"https:\/\/easystar.ee\/en\/toode\/dushiiste-seinale-porandatugi-harjatud-rst-dgw11241100\/#breadcrumb"},"inLanguage":"en-US","potentialAction":[{"@type":"ReadAction","target":["https:\/\/easystar.ee\/en\/toode\/dushiiste-seinale-porandatugi-harjatud-rst-dgw11241100\/"]}]},{"@type":"ImageObject","inLanguage":"en-US","@id":"https:\/\/easystar.ee\/en\/toode\/dushiiste-seinale-porandatugi-harjatud-rst-dgw11241100\/#primaryimage","url":"https:\/\/easystar.ee\/wp-content\/uploads\/2024\/06\/GW11241100.jpg","contentUrl":"https:\/\/easystar.ee\/wp-content\/uploads\/2024\/06\/GW11241100.jpg","width":608,"height":452},{"@type":"BreadcrumbList","@id":"https:\/\/easystar.ee\/en\/toode\/dushiiste-seinale-porandatugi-harjatud-rst-dgw11241100\/#breadcrumb","itemListElement":[{"@type":"ListItem","position":1,"name":"Home","item":"https:\/\/easystar.ee\/ru\/"},{"@type":"ListItem","position":2,"name":"Shop","item":"https:\/\/easystar.ee\/tooted\/"},{"@type":"ListItem","position":3,"name":"Dushiiste seinale, p\u00f5randatugi, harjatud rst DGW11241100"}]},{"@type":"WebSite","@id":"https:\/\/easystar.ee\/#website","url":"https:\/\/easystar.ee\/","name":"Easystar.ee","description":"","publisher":{"@id":"https:\/\/easystar.ee\/#organization"},"alternateName":"Keskkonnas\u00f5bralikud pehmepaberitooted teie kontorisse","potentialAction":[{"@type":"SearchAction","target":{"@type":"EntryPoint","urlTemplate":"https:\/\/easystar.ee\/?s={search_term_string}"},"query-input":{"@type":"PropertyValueSpecification","valueRequired":true,"valueName":"search_term_string"}}],"inLanguage":"en-US"},{"@type":"Organization","@id":"https:\/\/easystar.ee\/#organization","name":"Easy Star O\u00dc","url":"https:\/\/easystar.ee\/","logo":{"@type":"ImageObject","inLanguage":"en-US","@id":"https:\/\/easystar.ee\/#\/schema\/logo\/image\/","url":"https:\/\/easystar.ee\/wp-content\/uploads\/2024\/03\/easystar-logo.svg","contentUrl":"https:\/\/easystar.ee\/wp-content\/uploads\/2024\/03\/easystar-logo.svg","width":2000,"height":2000,"caption":"Easy Star O\u00dc"},"image":{"@id":"https:\/\/easystar.ee\/#\/schema\/logo\/image\/"}}]}},"_links":{"self":[{"href":"https:\/\/easystar.ee\/en\/wp-json\/wp\/v2\/product\/39727","targetHints":{"allow":["GET"]}}],"collection":[{"href":"https:\/\/easystar.ee\/en\/wp-json\/wp\/v2\/product"}],"about":[{"href":"https:\/\/easystar.ee\/en\/wp-json\/wp\/v2\/types\/product"}],"wp:featuredmedia":[{"embeddable":true,"href":"https:\/\/easystar.ee\/en\/wp-json\/wp\/v2\/media\/40662"}],"wp:attachment":[{"href":"https:\/\/easystar.ee\/en\/wp-json\/wp\/v2\/media?parent=39727"}],"wp:term":[{"taxonomy":"product_brand","embeddable":true,"href":"https:\/\/easystar.ee\/en\/wp-json\/wp\/v2\/product_brand?post=39727"},{"taxonomy":"product_cat","embeddable":true,"href":"https:\/\/easystar.ee\/en\/wp-json\/wp\/v2\/product_cat?post=39727"},{"taxonomy":"product_tag","embeddable":true,"href":"https:\/\/easystar.ee\/en\/wp-json\/wp\/v2\/product_tag?post=39727"}],"curies":[{"name":"wp","href":"https:\/\/api.w.org\/{rel}","templated":true}]}}