{"id":39718,"date":"2024-06-04T15:21:24","date_gmt":"2024-06-04T15:21:24","guid":{"rendered":"https:\/\/easystar.ee\/toode\/calgomat-fs-extra-happeline-puhastusvahend-lupsimasinatele-25kg-k845628pi\/"},"modified":"2025-10-30T01:46:13","modified_gmt":"2025-10-30T01:46:13","slug":"calgomat-fs-extra-happeline-puhastusvahend-lupsimasinatele-25kg-k845628pi","status":"publish","type":"product","link":"https:\/\/easystar.ee\/en\/toode\/calgomat-fs-extra-happeline-puhastusvahend-lupsimasinatele-25kg-k845628pi\/","title":{"rendered":"Calgomat FS EXTRA Happeline puhastusvahend l\u00fcpsimasinatele 25kg K845628PI"},"content":{"rendered":"","protected":false},"excerpt":{"rendered":"<p>Toote eelised: v\u00e4he vahutav, eemaldab piimakivi ja katlakivi, \u00f6konoomne kasutuses.<br \/>\n\u00dcldkirjeldus: Calgomat FS extra on vedel happeline pesuaine kontsentraat l\u00fcpsimasinate, l\u00fcpsiseadmete, piima jahutus- ja kogumismahutite igap\u00e4evaseks puhastamiseks. Calgomat FS extra on v\u00e4hese vahutavusega ning eemaldab piimakivi ja katlakivi.<br \/>\nRakendus: Kontsentratsioon: 0,5\u20130,7% (5\u20137 g\/l) Temperatuur: \u00fcle 40\u00b0C Kokkupuuteaeg: 10\u201320 minutit. P\u00e4rast kasutamist loputage hoolikalt kraaniveega. Materjalide \u00fchilduvus: Roostevaba teras lahus ei m\u00f5juta. Alumiinium on kergelt s\u00f6\u00f6vitatud.<br \/>\nTehnilised andmed: V\u00e4limus (selge, v\u00e4rvitu vedelik), L\u00f5hn (kergelt terav). Juhtivus (1%, 20\u00b0C, mS\/cm) 15,4. Tihedus (g\/cm3) 1,177. m-V\u00e4\u00e4rtus (1%) -4,4. pH-V\u00e4\u00e4rtus (1%) 1,5. S\u00e4ilitamine 0\u00b0C &#8211; 45\u00b0C<br \/>\nViidete k\u00e4sitlemine: Hoida konteiner suletuna. \u00c4rge segage teiste pesuvahenditega.<br \/>\nKoostisained: mineraalhapped, pindaktiivsed ained. Tervise- ja ohutusteabe saamiseks vaadake selle toote ohutuskaarti (SDS).<br \/>\npH 1,5<\/p>\n","protected":false},"featured_media":40607,"template":"","meta":{"_acf_changed":false},"product_brand":[],"product_cat":[1866,1829],"product_tag":[],"class_list":{"0":"post-39718","1":"product","2":"type-product","3":"status-publish","4":"has-post-thumbnail","6":"product_cat-agricultural-cleaning-agents","7":"product_cat-cleaning-chemicals","9":"first","10":"instock","11":"taxable","12":"shipping-taxable","13":"purchasable","14":"product-type-simple"},"acf":[],"yoast_head":"<!-- This site is optimized with the Yoast SEO plugin v27.3 - https:\/\/yoast.com\/product\/yoast-seo-wordpress\/ -->\n<title>Calgomat FS EXTRA Happeline puhastusvahend l\u00fcpsimasinatele 25kg K845628PI &#8212; Easy Star O\u00dc<\/title>\n<meta name=\"robots\" content=\"index, follow, max-snippet:-1, max-image-preview:large, max-video-preview:-1\" \/>\n<link rel=\"canonical\" href=\"https:\/\/easystar.ee\/en\/toode\/calgomat-fs-extra-happeline-puhastusvahend-lupsimasinatele-25kg-k845628pi\/\" \/>\n<meta property=\"og:locale\" content=\"en_US\" \/>\n<meta property=\"og:type\" content=\"article\" \/>\n<meta property=\"og:title\" content=\"Calgomat FS EXTRA Happeline puhastusvahend l\u00fcpsimasinatele 25kg K845628PI &#8212; Easy Star O\u00dc\" \/>\n<meta property=\"og:description\" content=\"Toote eelised: v\u00e4he vahutav, eemaldab piimakivi ja katlakivi, \u00f6konoomne kasutuses. \u00dcldkirjeldus: Calgomat FS extra on vedel happeline pesuaine kontsentraat l\u00fcpsimasinate, l\u00fcpsiseadmete, piima jahutus- ja kogumismahutite igap\u00e4evaseks puhastamiseks. Calgomat FS extra on v\u00e4hese vahutavusega ning eemaldab piimakivi ja katlakivi. Rakendus: Kontsentratsioon: 0,5\u20130,7% (5\u20137 g\/l) Temperatuur: \u00fcle 40\u00b0C Kokkupuuteaeg: 10\u201320 minutit. P\u00e4rast kasutamist loputage hoolikalt kraaniveega. Materjalide \u00fchilduvus: Roostevaba teras lahus ei m\u00f5juta. Alumiinium on kergelt s\u00f6\u00f6vitatud. Tehnilised andmed: V\u00e4limus (selge, v\u00e4rvitu vedelik), L\u00f5hn (kergelt terav). Juhtivus (1%, 20\u00b0C, mS\/cm) 15,4. Tihedus (g\/cm3) 1,177. m-V\u00e4\u00e4rtus (1%) -4,4. pH-V\u00e4\u00e4rtus (1%) 1,5. S\u00e4ilitamine 0\u00b0C - 45\u00b0C Viidete k\u00e4sitlemine: Hoida konteiner suletuna. \u00c4rge segage teiste pesuvahenditega. Koostisained: mineraalhapped, pindaktiivsed ained. Tervise- ja ohutusteabe saamiseks vaadake selle toote ohutuskaarti (SDS). pH 1,5\" \/>\n<meta property=\"og:url\" content=\"https:\/\/easystar.ee\/en\/toode\/calgomat-fs-extra-happeline-puhastusvahend-lupsimasinatele-25kg-k845628pi\/\" \/>\n<meta property=\"og:site_name\" content=\"Easy Star O\u00dc\" \/>\n<meta property=\"article:modified_time\" content=\"2025-10-30T01:46:13+00:00\" \/>\n<meta property=\"og:image\" content=\"https:\/\/easystar.ee\/wp-content\/uploads\/2024\/06\/Calgomat_FS_EXTRA_25.jpg\" \/>\n\t<meta property=\"og:image:width\" content=\"591\" \/>\n\t<meta property=\"og:image:height\" content=\"591\" \/>\n\t<meta property=\"og:image:type\" content=\"image\/jpeg\" \/>\n<meta name=\"twitter:card\" content=\"summary_large_image\" \/>\n<script type=\"application\/ld+json\" class=\"yoast-schema-graph\">{\"@context\":\"https:\\\/\\\/schema.org\",\"@graph\":[{\"@type\":\"WebPage\",\"@id\":\"https:\\\/\\\/easystar.ee\\\/en\\\/toode\\\/calgomat-fs-extra-happeline-puhastusvahend-lupsimasinatele-25kg-k845628pi\\\/\",\"url\":\"https:\\\/\\\/easystar.ee\\\/en\\\/toode\\\/calgomat-fs-extra-happeline-puhastusvahend-lupsimasinatele-25kg-k845628pi\\\/\",\"name\":\"Calgomat FS EXTRA Happeline puhastusvahend l\u00fcpsimasinatele 25kg K845628PI &#8212; Easy Star O\u00dc\",\"isPartOf\":{\"@id\":\"https:\\\/\\\/easystar.ee\\\/#website\"},\"primaryImageOfPage\":{\"@id\":\"https:\\\/\\\/easystar.ee\\\/en\\\/toode\\\/calgomat-fs-extra-happeline-puhastusvahend-lupsimasinatele-25kg-k845628pi\\\/#primaryimage\"},\"image\":{\"@id\":\"https:\\\/\\\/easystar.ee\\\/en\\\/toode\\\/calgomat-fs-extra-happeline-puhastusvahend-lupsimasinatele-25kg-k845628pi\\\/#primaryimage\"},\"thumbnailUrl\":\"https:\\\/\\\/easystar.ee\\\/wp-content\\\/uploads\\\/2024\\\/06\\\/Calgomat_FS_EXTRA_25.jpg\",\"datePublished\":\"2024-06-04T15:21:24+00:00\",\"dateModified\":\"2025-10-30T01:46:13+00:00\",\"breadcrumb\":{\"@id\":\"https:\\\/\\\/easystar.ee\\\/en\\\/toode\\\/calgomat-fs-extra-happeline-puhastusvahend-lupsimasinatele-25kg-k845628pi\\\/#breadcrumb\"},\"inLanguage\":\"en-US\",\"potentialAction\":[{\"@type\":\"ReadAction\",\"target\":[\"https:\\\/\\\/easystar.ee\\\/en\\\/toode\\\/calgomat-fs-extra-happeline-puhastusvahend-lupsimasinatele-25kg-k845628pi\\\/\"]}]},{\"@type\":\"ImageObject\",\"inLanguage\":\"en-US\",\"@id\":\"https:\\\/\\\/easystar.ee\\\/en\\\/toode\\\/calgomat-fs-extra-happeline-puhastusvahend-lupsimasinatele-25kg-k845628pi\\\/#primaryimage\",\"url\":\"https:\\\/\\\/easystar.ee\\\/wp-content\\\/uploads\\\/2024\\\/06\\\/Calgomat_FS_EXTRA_25.jpg\",\"contentUrl\":\"https:\\\/\\\/easystar.ee\\\/wp-content\\\/uploads\\\/2024\\\/06\\\/Calgomat_FS_EXTRA_25.jpg\",\"width\":591,\"height\":591},{\"@type\":\"BreadcrumbList\",\"@id\":\"https:\\\/\\\/easystar.ee\\\/en\\\/toode\\\/calgomat-fs-extra-happeline-puhastusvahend-lupsimasinatele-25kg-k845628pi\\\/#breadcrumb\",\"itemListElement\":[{\"@type\":\"ListItem\",\"position\":1,\"name\":\"Home\",\"item\":\"https:\\\/\\\/easystar.ee\\\/ru\\\/\"},{\"@type\":\"ListItem\",\"position\":2,\"name\":\"Shop\",\"item\":\"https:\\\/\\\/easystar.ee\\\/tooted\\\/\"},{\"@type\":\"ListItem\",\"position\":3,\"name\":\"Calgomat FS EXTRA Happeline puhastusvahend l\u00fcpsimasinatele 25kg K845628PI\"}]},{\"@type\":\"WebSite\",\"@id\":\"https:\\\/\\\/easystar.ee\\\/#website\",\"url\":\"https:\\\/\\\/easystar.ee\\\/\",\"name\":\"Easystar.ee\",\"description\":\"\",\"publisher\":{\"@id\":\"https:\\\/\\\/easystar.ee\\\/#organization\"},\"alternateName\":\"Keskkonnas\u00f5bralikud pehmepaberitooted teie kontorisse\",\"potentialAction\":[{\"@type\":\"SearchAction\",\"target\":{\"@type\":\"EntryPoint\",\"urlTemplate\":\"https:\\\/\\\/easystar.ee\\\/?s={search_term_string}\"},\"query-input\":{\"@type\":\"PropertyValueSpecification\",\"valueRequired\":true,\"valueName\":\"search_term_string\"}}],\"inLanguage\":\"en-US\"},{\"@type\":\"Organization\",\"@id\":\"https:\\\/\\\/easystar.ee\\\/#organization\",\"name\":\"Easy Star O\u00dc\",\"url\":\"https:\\\/\\\/easystar.ee\\\/\",\"logo\":{\"@type\":\"ImageObject\",\"inLanguage\":\"en-US\",\"@id\":\"https:\\\/\\\/easystar.ee\\\/#\\\/schema\\\/logo\\\/image\\\/\",\"url\":\"https:\\\/\\\/easystar.ee\\\/wp-content\\\/uploads\\\/2024\\\/03\\\/easystar-logo.svg\",\"contentUrl\":\"https:\\\/\\\/easystar.ee\\\/wp-content\\\/uploads\\\/2024\\\/03\\\/easystar-logo.svg\",\"width\":2000,\"height\":2000,\"caption\":\"Easy Star O\u00dc\"},\"image\":{\"@id\":\"https:\\\/\\\/easystar.ee\\\/#\\\/schema\\\/logo\\\/image\\\/\"}}]}<\/script>\n<!-- \/ Yoast SEO plugin. -->","yoast_head_json":{"title":"Calgomat FS EXTRA Happeline puhastusvahend l\u00fcpsimasinatele 25kg K845628PI &#8212; Easy Star O\u00dc","robots":{"index":"index","follow":"follow","max-snippet":"max-snippet:-1","max-image-preview":"max-image-preview:large","max-video-preview":"max-video-preview:-1"},"canonical":"https:\/\/easystar.ee\/en\/toode\/calgomat-fs-extra-happeline-puhastusvahend-lupsimasinatele-25kg-k845628pi\/","og_locale":"en_US","og_type":"article","og_title":"Calgomat FS EXTRA Happeline puhastusvahend l\u00fcpsimasinatele 25kg K845628PI &#8212; Easy Star O\u00dc","og_description":"Toote eelised: v\u00e4he vahutav, eemaldab piimakivi ja katlakivi, \u00f6konoomne kasutuses. \u00dcldkirjeldus: Calgomat FS extra on vedel happeline pesuaine kontsentraat l\u00fcpsimasinate, l\u00fcpsiseadmete, piima jahutus- ja kogumismahutite igap\u00e4evaseks puhastamiseks. Calgomat FS extra on v\u00e4hese vahutavusega ning eemaldab piimakivi ja katlakivi. Rakendus: Kontsentratsioon: 0,5\u20130,7% (5\u20137 g\/l) Temperatuur: \u00fcle 40\u00b0C Kokkupuuteaeg: 10\u201320 minutit. P\u00e4rast kasutamist loputage hoolikalt kraaniveega. Materjalide \u00fchilduvus: Roostevaba teras lahus ei m\u00f5juta. Alumiinium on kergelt s\u00f6\u00f6vitatud. Tehnilised andmed: V\u00e4limus (selge, v\u00e4rvitu vedelik), L\u00f5hn (kergelt terav). Juhtivus (1%, 20\u00b0C, mS\/cm) 15,4. Tihedus (g\/cm3) 1,177. m-V\u00e4\u00e4rtus (1%) -4,4. pH-V\u00e4\u00e4rtus (1%) 1,5. S\u00e4ilitamine 0\u00b0C - 45\u00b0C Viidete k\u00e4sitlemine: Hoida konteiner suletuna. \u00c4rge segage teiste pesuvahenditega. Koostisained: mineraalhapped, pindaktiivsed ained. Tervise- ja ohutusteabe saamiseks vaadake selle toote ohutuskaarti (SDS). pH 1,5","og_url":"https:\/\/easystar.ee\/en\/toode\/calgomat-fs-extra-happeline-puhastusvahend-lupsimasinatele-25kg-k845628pi\/","og_site_name":"Easy Star O\u00dc","article_modified_time":"2025-10-30T01:46:13+00:00","og_image":[{"width":591,"height":591,"url":"https:\/\/easystar.ee\/wp-content\/uploads\/2024\/06\/Calgomat_FS_EXTRA_25.jpg","type":"image\/jpeg"}],"twitter_card":"summary_large_image","schema":{"@context":"https:\/\/schema.org","@graph":[{"@type":"WebPage","@id":"https:\/\/easystar.ee\/en\/toode\/calgomat-fs-extra-happeline-puhastusvahend-lupsimasinatele-25kg-k845628pi\/","url":"https:\/\/easystar.ee\/en\/toode\/calgomat-fs-extra-happeline-puhastusvahend-lupsimasinatele-25kg-k845628pi\/","name":"Calgomat FS EXTRA Happeline puhastusvahend l\u00fcpsimasinatele 25kg K845628PI &#8212; Easy Star O\u00dc","isPartOf":{"@id":"https:\/\/easystar.ee\/#website"},"primaryImageOfPage":{"@id":"https:\/\/easystar.ee\/en\/toode\/calgomat-fs-extra-happeline-puhastusvahend-lupsimasinatele-25kg-k845628pi\/#primaryimage"},"image":{"@id":"https:\/\/easystar.ee\/en\/toode\/calgomat-fs-extra-happeline-puhastusvahend-lupsimasinatele-25kg-k845628pi\/#primaryimage"},"thumbnailUrl":"https:\/\/easystar.ee\/wp-content\/uploads\/2024\/06\/Calgomat_FS_EXTRA_25.jpg","datePublished":"2024-06-04T15:21:24+00:00","dateModified":"2025-10-30T01:46:13+00:00","breadcrumb":{"@id":"https:\/\/easystar.ee\/en\/toode\/calgomat-fs-extra-happeline-puhastusvahend-lupsimasinatele-25kg-k845628pi\/#breadcrumb"},"inLanguage":"en-US","potentialAction":[{"@type":"ReadAction","target":["https:\/\/easystar.ee\/en\/toode\/calgomat-fs-extra-happeline-puhastusvahend-lupsimasinatele-25kg-k845628pi\/"]}]},{"@type":"ImageObject","inLanguage":"en-US","@id":"https:\/\/easystar.ee\/en\/toode\/calgomat-fs-extra-happeline-puhastusvahend-lupsimasinatele-25kg-k845628pi\/#primaryimage","url":"https:\/\/easystar.ee\/wp-content\/uploads\/2024\/06\/Calgomat_FS_EXTRA_25.jpg","contentUrl":"https:\/\/easystar.ee\/wp-content\/uploads\/2024\/06\/Calgomat_FS_EXTRA_25.jpg","width":591,"height":591},{"@type":"BreadcrumbList","@id":"https:\/\/easystar.ee\/en\/toode\/calgomat-fs-extra-happeline-puhastusvahend-lupsimasinatele-25kg-k845628pi\/#breadcrumb","itemListElement":[{"@type":"ListItem","position":1,"name":"Home","item":"https:\/\/easystar.ee\/ru\/"},{"@type":"ListItem","position":2,"name":"Shop","item":"https:\/\/easystar.ee\/tooted\/"},{"@type":"ListItem","position":3,"name":"Calgomat FS EXTRA Happeline puhastusvahend l\u00fcpsimasinatele 25kg K845628PI"}]},{"@type":"WebSite","@id":"https:\/\/easystar.ee\/#website","url":"https:\/\/easystar.ee\/","name":"Easystar.ee","description":"","publisher":{"@id":"https:\/\/easystar.ee\/#organization"},"alternateName":"Keskkonnas\u00f5bralikud pehmepaberitooted teie kontorisse","potentialAction":[{"@type":"SearchAction","target":{"@type":"EntryPoint","urlTemplate":"https:\/\/easystar.ee\/?s={search_term_string}"},"query-input":{"@type":"PropertyValueSpecification","valueRequired":true,"valueName":"search_term_string"}}],"inLanguage":"en-US"},{"@type":"Organization","@id":"https:\/\/easystar.ee\/#organization","name":"Easy Star O\u00dc","url":"https:\/\/easystar.ee\/","logo":{"@type":"ImageObject","inLanguage":"en-US","@id":"https:\/\/easystar.ee\/#\/schema\/logo\/image\/","url":"https:\/\/easystar.ee\/wp-content\/uploads\/2024\/03\/easystar-logo.svg","contentUrl":"https:\/\/easystar.ee\/wp-content\/uploads\/2024\/03\/easystar-logo.svg","width":2000,"height":2000,"caption":"Easy Star O\u00dc"},"image":{"@id":"https:\/\/easystar.ee\/#\/schema\/logo\/image\/"}}]}},"_links":{"self":[{"href":"https:\/\/easystar.ee\/en\/wp-json\/wp\/v2\/product\/39718","targetHints":{"allow":["GET"]}}],"collection":[{"href":"https:\/\/easystar.ee\/en\/wp-json\/wp\/v2\/product"}],"about":[{"href":"https:\/\/easystar.ee\/en\/wp-json\/wp\/v2\/types\/product"}],"wp:featuredmedia":[{"embeddable":true,"href":"https:\/\/easystar.ee\/en\/wp-json\/wp\/v2\/media\/40607"}],"wp:attachment":[{"href":"https:\/\/easystar.ee\/en\/wp-json\/wp\/v2\/media?parent=39718"}],"wp:term":[{"taxonomy":"product_brand","embeddable":true,"href":"https:\/\/easystar.ee\/en\/wp-json\/wp\/v2\/product_brand?post=39718"},{"taxonomy":"product_cat","embeddable":true,"href":"https:\/\/easystar.ee\/en\/wp-json\/wp\/v2\/product_cat?post=39718"},{"taxonomy":"product_tag","embeddable":true,"href":"https:\/\/easystar.ee\/en\/wp-json\/wp\/v2\/product_tag?post=39718"}],"curies":[{"name":"wp","href":"https:\/\/api.w.org\/{rel}","templated":true}]}}