{"id":39714,"date":"2024-06-04T15:21:23","date_gmt":"2024-06-04T15:21:23","guid":{"rendered":"https:\/\/easystar.ee\/toode\/tualettpaberihoidja-cuba-matt-kaanega-d24259100\/"},"modified":"2025-10-30T01:46:12","modified_gmt":"2025-10-30T01:46:12","slug":"tualettpaberihoidja-cuba-matt-kaanega-d24259100","status":"publish","type":"product","link":"https:\/\/easystar.ee\/en\/toode\/tualettpaberihoidja-cuba-matt-kaanega-d24259100\/","title":{"rendered":"Tualettpaberihoidja Cuba, matt, kaanega D24259100"},"content":{"rendered":"","protected":false},"excerpt":{"rendered":"<p>Tehnilised andmed:<br \/>\nV\u00e4rvus: matt h\u00f5bedane<br \/>\nMaterjal: RST<br \/>\nM\u00f5\u00f5dud: 4 x 9,5 x 13,5 cm (P x L x K)<\/p>\n","protected":false},"featured_media":40603,"template":"","meta":{"_acf_changed":false},"product_brand":[],"product_cat":[1814,2005],"product_tag":[],"class_list":{"0":"post-39714","1":"product","2":"type-product","3":"status-publish","4":"has-post-thumbnail","6":"product_cat-dispensers","7":"product_cat-hotelli-en","9":"first","10":"onbackorder","11":"taxable","12":"shipping-taxable","13":"purchasable","14":"product-type-simple"},"acf":[],"yoast_head":"<!-- This site is optimized with the Yoast SEO plugin v27.5 - https:\/\/yoast.com\/product\/yoast-seo-wordpress\/ -->\n<title>Tualettpaberihoidja Cuba, matt, kaanega D24259100 &#8212; Easy Star O\u00dc<\/title>\n<meta name=\"robots\" content=\"index, follow, max-snippet:-1, max-image-preview:large, max-video-preview:-1\" \/>\n<link rel=\"canonical\" href=\"https:\/\/easystar.ee\/en\/toode\/tualettpaberihoidja-cuba-matt-kaanega-d24259100\/\" \/>\n<meta property=\"og:locale\" content=\"en_US\" \/>\n<meta property=\"og:type\" content=\"article\" \/>\n<meta property=\"og:title\" content=\"Tualettpaberihoidja Cuba, matt, kaanega D24259100 &#8212; Easy Star O\u00dc\" \/>\n<meta property=\"og:description\" content=\"Tehnilised andmed: V\u00e4rvus: matt h\u00f5bedane Materjal: RST M\u00f5\u00f5dud: 4 x 9,5 x 13,5 cm (P x L x K)\" \/>\n<meta property=\"og:url\" content=\"https:\/\/easystar.ee\/en\/toode\/tualettpaberihoidja-cuba-matt-kaanega-d24259100\/\" \/>\n<meta property=\"og:site_name\" content=\"Easy Star O\u00dc\" \/>\n<meta property=\"article:modified_time\" content=\"2025-10-30T01:46:12+00:00\" \/>\n<meta property=\"og:image\" content=\"https:\/\/easystar.ee\/wp-content\/uploads\/2024\/06\/24259100.jpg\" \/>\n\t<meta property=\"og:image:width\" content=\"158\" \/>\n\t<meta property=\"og:image:height\" content=\"189\" \/>\n\t<meta property=\"og:image:type\" content=\"image\/jpeg\" \/>\n<meta name=\"twitter:card\" content=\"summary_large_image\" \/>\n<script type=\"application\/ld+json\" class=\"yoast-schema-graph\">{\"@context\":\"https:\\\/\\\/schema.org\",\"@graph\":[{\"@type\":\"WebPage\",\"@id\":\"https:\\\/\\\/easystar.ee\\\/en\\\/toode\\\/tualettpaberihoidja-cuba-matt-kaanega-d24259100\\\/\",\"url\":\"https:\\\/\\\/easystar.ee\\\/en\\\/toode\\\/tualettpaberihoidja-cuba-matt-kaanega-d24259100\\\/\",\"name\":\"Tualettpaberihoidja Cuba, matt, kaanega D24259100 &#8212; Easy Star O\u00dc\",\"isPartOf\":{\"@id\":\"https:\\\/\\\/easystar.ee\\\/#website\"},\"primaryImageOfPage\":{\"@id\":\"https:\\\/\\\/easystar.ee\\\/en\\\/toode\\\/tualettpaberihoidja-cuba-matt-kaanega-d24259100\\\/#primaryimage\"},\"image\":{\"@id\":\"https:\\\/\\\/easystar.ee\\\/en\\\/toode\\\/tualettpaberihoidja-cuba-matt-kaanega-d24259100\\\/#primaryimage\"},\"thumbnailUrl\":\"https:\\\/\\\/easystar.ee\\\/wp-content\\\/uploads\\\/2024\\\/06\\\/24259100.jpg\",\"datePublished\":\"2024-06-04T15:21:23+00:00\",\"dateModified\":\"2025-10-30T01:46:12+00:00\",\"breadcrumb\":{\"@id\":\"https:\\\/\\\/easystar.ee\\\/en\\\/toode\\\/tualettpaberihoidja-cuba-matt-kaanega-d24259100\\\/#breadcrumb\"},\"inLanguage\":\"en-US\",\"potentialAction\":[{\"@type\":\"ReadAction\",\"target\":[\"https:\\\/\\\/easystar.ee\\\/en\\\/toode\\\/tualettpaberihoidja-cuba-matt-kaanega-d24259100\\\/\"]}]},{\"@type\":\"ImageObject\",\"inLanguage\":\"en-US\",\"@id\":\"https:\\\/\\\/easystar.ee\\\/en\\\/toode\\\/tualettpaberihoidja-cuba-matt-kaanega-d24259100\\\/#primaryimage\",\"url\":\"https:\\\/\\\/easystar.ee\\\/wp-content\\\/uploads\\\/2024\\\/06\\\/24259100.jpg\",\"contentUrl\":\"https:\\\/\\\/easystar.ee\\\/wp-content\\\/uploads\\\/2024\\\/06\\\/24259100.jpg\",\"width\":158,\"height\":189},{\"@type\":\"BreadcrumbList\",\"@id\":\"https:\\\/\\\/easystar.ee\\\/en\\\/toode\\\/tualettpaberihoidja-cuba-matt-kaanega-d24259100\\\/#breadcrumb\",\"itemListElement\":[{\"@type\":\"ListItem\",\"position\":1,\"name\":\"Home\",\"item\":\"https:\\\/\\\/easystar.ee\\\/ru\\\/\"},{\"@type\":\"ListItem\",\"position\":2,\"name\":\"Shop\",\"item\":\"https:\\\/\\\/easystar.ee\\\/tooted\\\/\"},{\"@type\":\"ListItem\",\"position\":3,\"name\":\"Tualettpaberihoidja Cuba, matt, kaanega D24259100\"}]},{\"@type\":\"WebSite\",\"@id\":\"https:\\\/\\\/easystar.ee\\\/#website\",\"url\":\"https:\\\/\\\/easystar.ee\\\/\",\"name\":\"Easystar.ee\",\"description\":\"\",\"publisher\":{\"@id\":\"https:\\\/\\\/easystar.ee\\\/#organization\"},\"alternateName\":\"Keskkonnas\u00f5bralikud pehmepaberitooted teie kontorisse\",\"potentialAction\":[{\"@type\":\"SearchAction\",\"target\":{\"@type\":\"EntryPoint\",\"urlTemplate\":\"https:\\\/\\\/easystar.ee\\\/?s={search_term_string}\"},\"query-input\":{\"@type\":\"PropertyValueSpecification\",\"valueRequired\":true,\"valueName\":\"search_term_string\"}}],\"inLanguage\":\"en-US\"},{\"@type\":\"Organization\",\"@id\":\"https:\\\/\\\/easystar.ee\\\/#organization\",\"name\":\"Easy Star O\u00dc\",\"url\":\"https:\\\/\\\/easystar.ee\\\/\",\"logo\":{\"@type\":\"ImageObject\",\"inLanguage\":\"en-US\",\"@id\":\"https:\\\/\\\/easystar.ee\\\/#\\\/schema\\\/logo\\\/image\\\/\",\"url\":\"https:\\\/\\\/easystar.ee\\\/wp-content\\\/uploads\\\/2024\\\/03\\\/easystar-logo.svg\",\"contentUrl\":\"https:\\\/\\\/easystar.ee\\\/wp-content\\\/uploads\\\/2024\\\/03\\\/easystar-logo.svg\",\"width\":2000,\"height\":2000,\"caption\":\"Easy Star O\u00dc\"},\"image\":{\"@id\":\"https:\\\/\\\/easystar.ee\\\/#\\\/schema\\\/logo\\\/image\\\/\"}}]}<\/script>\n<!-- \/ Yoast SEO plugin. -->","yoast_head_json":{"title":"Tualettpaberihoidja Cuba, matt, kaanega D24259100 &#8212; Easy Star O\u00dc","robots":{"index":"index","follow":"follow","max-snippet":"max-snippet:-1","max-image-preview":"max-image-preview:large","max-video-preview":"max-video-preview:-1"},"canonical":"https:\/\/easystar.ee\/en\/toode\/tualettpaberihoidja-cuba-matt-kaanega-d24259100\/","og_locale":"en_US","og_type":"article","og_title":"Tualettpaberihoidja Cuba, matt, kaanega D24259100 &#8212; Easy Star O\u00dc","og_description":"Tehnilised andmed: V\u00e4rvus: matt h\u00f5bedane Materjal: RST M\u00f5\u00f5dud: 4 x 9,5 x 13,5 cm (P x L x K)","og_url":"https:\/\/easystar.ee\/en\/toode\/tualettpaberihoidja-cuba-matt-kaanega-d24259100\/","og_site_name":"Easy Star O\u00dc","article_modified_time":"2025-10-30T01:46:12+00:00","og_image":[{"width":158,"height":189,"url":"https:\/\/easystar.ee\/wp-content\/uploads\/2024\/06\/24259100.jpg","type":"image\/jpeg"}],"twitter_card":"summary_large_image","schema":{"@context":"https:\/\/schema.org","@graph":[{"@type":"WebPage","@id":"https:\/\/easystar.ee\/en\/toode\/tualettpaberihoidja-cuba-matt-kaanega-d24259100\/","url":"https:\/\/easystar.ee\/en\/toode\/tualettpaberihoidja-cuba-matt-kaanega-d24259100\/","name":"Tualettpaberihoidja Cuba, matt, kaanega D24259100 &#8212; Easy Star O\u00dc","isPartOf":{"@id":"https:\/\/easystar.ee\/#website"},"primaryImageOfPage":{"@id":"https:\/\/easystar.ee\/en\/toode\/tualettpaberihoidja-cuba-matt-kaanega-d24259100\/#primaryimage"},"image":{"@id":"https:\/\/easystar.ee\/en\/toode\/tualettpaberihoidja-cuba-matt-kaanega-d24259100\/#primaryimage"},"thumbnailUrl":"https:\/\/easystar.ee\/wp-content\/uploads\/2024\/06\/24259100.jpg","datePublished":"2024-06-04T15:21:23+00:00","dateModified":"2025-10-30T01:46:12+00:00","breadcrumb":{"@id":"https:\/\/easystar.ee\/en\/toode\/tualettpaberihoidja-cuba-matt-kaanega-d24259100\/#breadcrumb"},"inLanguage":"en-US","potentialAction":[{"@type":"ReadAction","target":["https:\/\/easystar.ee\/en\/toode\/tualettpaberihoidja-cuba-matt-kaanega-d24259100\/"]}]},{"@type":"ImageObject","inLanguage":"en-US","@id":"https:\/\/easystar.ee\/en\/toode\/tualettpaberihoidja-cuba-matt-kaanega-d24259100\/#primaryimage","url":"https:\/\/easystar.ee\/wp-content\/uploads\/2024\/06\/24259100.jpg","contentUrl":"https:\/\/easystar.ee\/wp-content\/uploads\/2024\/06\/24259100.jpg","width":158,"height":189},{"@type":"BreadcrumbList","@id":"https:\/\/easystar.ee\/en\/toode\/tualettpaberihoidja-cuba-matt-kaanega-d24259100\/#breadcrumb","itemListElement":[{"@type":"ListItem","position":1,"name":"Home","item":"https:\/\/easystar.ee\/ru\/"},{"@type":"ListItem","position":2,"name":"Shop","item":"https:\/\/easystar.ee\/tooted\/"},{"@type":"ListItem","position":3,"name":"Tualettpaberihoidja Cuba, matt, kaanega D24259100"}]},{"@type":"WebSite","@id":"https:\/\/easystar.ee\/#website","url":"https:\/\/easystar.ee\/","name":"Easystar.ee","description":"","publisher":{"@id":"https:\/\/easystar.ee\/#organization"},"alternateName":"Keskkonnas\u00f5bralikud pehmepaberitooted teie kontorisse","potentialAction":[{"@type":"SearchAction","target":{"@type":"EntryPoint","urlTemplate":"https:\/\/easystar.ee\/?s={search_term_string}"},"query-input":{"@type":"PropertyValueSpecification","valueRequired":true,"valueName":"search_term_string"}}],"inLanguage":"en-US"},{"@type":"Organization","@id":"https:\/\/easystar.ee\/#organization","name":"Easy Star O\u00dc","url":"https:\/\/easystar.ee\/","logo":{"@type":"ImageObject","inLanguage":"en-US","@id":"https:\/\/easystar.ee\/#\/schema\/logo\/image\/","url":"https:\/\/easystar.ee\/wp-content\/uploads\/2024\/03\/easystar-logo.svg","contentUrl":"https:\/\/easystar.ee\/wp-content\/uploads\/2024\/03\/easystar-logo.svg","width":2000,"height":2000,"caption":"Easy Star O\u00dc"},"image":{"@id":"https:\/\/easystar.ee\/#\/schema\/logo\/image\/"}}]}},"_links":{"self":[{"href":"https:\/\/easystar.ee\/en\/wp-json\/wp\/v2\/product\/39714","targetHints":{"allow":["GET"]}}],"collection":[{"href":"https:\/\/easystar.ee\/en\/wp-json\/wp\/v2\/product"}],"about":[{"href":"https:\/\/easystar.ee\/en\/wp-json\/wp\/v2\/types\/product"}],"wp:featuredmedia":[{"embeddable":true,"href":"https:\/\/easystar.ee\/en\/wp-json\/wp\/v2\/media\/40603"}],"wp:attachment":[{"href":"https:\/\/easystar.ee\/en\/wp-json\/wp\/v2\/media?parent=39714"}],"wp:term":[{"taxonomy":"product_brand","embeddable":true,"href":"https:\/\/easystar.ee\/en\/wp-json\/wp\/v2\/product_brand?post=39714"},{"taxonomy":"product_cat","embeddable":true,"href":"https:\/\/easystar.ee\/en\/wp-json\/wp\/v2\/product_cat?post=39714"},{"taxonomy":"product_tag","embeddable":true,"href":"https:\/\/easystar.ee\/en\/wp-json\/wp\/v2\/product_tag?post=39714"}],"curies":[{"name":"wp","href":"https:\/\/api.w.org\/{rel}","templated":true}]}}