{"id":39679,"date":"2024-06-04T15:20:35","date_gmt":"2024-06-04T15:20:35","guid":{"rendered":"https:\/\/easystar.ee\/toode\/seebi-lehtpaberihoidja-kombo-12l-rst-d21410974\/"},"modified":"2026-01-14T01:30:04","modified_gmt":"2026-01-14T01:30:04","slug":"seebi-lehtpaberihoidja-kombo-12l-rst-d21410974","status":"publish","type":"product","link":"https:\/\/easystar.ee\/en\/toode\/seebi-lehtpaberihoidja-kombo-12l-rst-d21410974\/","title":{"rendered":"Seebi+Lehtpaberihoidja kombo 1,2l RST D21410974"},"content":{"rendered":"","protected":false},"excerpt":{"rendered":"<p>Roostevabast terasest kombineeritud dosaatoriga seep (vasakul) ja k\u00e4ter\u00e4tiku dosaator, CPU 2 L E<br \/>\nSeinale kinnitatav kombineeritud dosaator.<br \/>\nVasakul seebi dosaator, paremal k\u00e4ter\u00e4tikute dosaator.<br \/>\nPlastluku ja v\u00f5tmega. Aknaga sisuvaataja.<br \/>\nMax 750 t\u00fckki C-volditud v\u00f5i Z-volditud k\u00e4ter\u00e4tikud<br \/>\nK\u00f5rgus 385 mm Laius 377 mm S\u00fcgavus 155 m Kaal 3,08 kg<\/p>\n","protected":false},"featured_media":40526,"template":"","meta":{"_acf_changed":false},"product_brand":[],"product_cat":[1814,2002],"product_tag":[],"class_list":{"0":"post-39679","1":"product","2":"type-product","3":"status-publish","4":"has-post-thumbnail","6":"product_cat-dispensers","7":"product_cat-metal","9":"first","10":"onbackorder","11":"taxable","12":"shipping-taxable","13":"purchasable","14":"product-type-simple"},"acf":[],"yoast_head":"<!-- This site is optimized with the Yoast SEO plugin v27.3 - https:\/\/yoast.com\/product\/yoast-seo-wordpress\/ -->\n<title>Seebi+Lehtpaberihoidja kombo 1,2l RST D21410974 &#8212; Easy Star O\u00dc<\/title>\n<meta name=\"robots\" content=\"index, follow, max-snippet:-1, max-image-preview:large, max-video-preview:-1\" \/>\n<link rel=\"canonical\" href=\"https:\/\/easystar.ee\/toode\/seebi-lehtpaberihoidja-kombo-12l-rst-d21410974\/\" \/>\n<meta property=\"og:locale\" content=\"en_US\" \/>\n<meta property=\"og:type\" content=\"article\" \/>\n<meta property=\"og:title\" content=\"Seebi+Lehtpaberihoidja kombo 1,2l RST D21410974 &#8212; Easy Star O\u00dc\" \/>\n<meta property=\"og:description\" content=\"Roostevabast terasest kombineeritud dosaatoriga seep (vasakul) ja k\u00e4ter\u00e4tiku dosaator, CPU 2 L E Seinale kinnitatav kombineeritud dosaator. Vasakul seebi dosaator, paremal k\u00e4ter\u00e4tikute dosaator. Plastluku ja v\u00f5tmega. Aknaga sisuvaataja. Max 750 t\u00fckki C-volditud v\u00f5i Z-volditud k\u00e4ter\u00e4tikud K\u00f5rgus 385 mm Laius 377 mm S\u00fcgavus 155 m Kaal 3,08 kg\" \/>\n<meta property=\"og:url\" content=\"https:\/\/easystar.ee\/toode\/seebi-lehtpaberihoidja-kombo-12l-rst-d21410974\/\" \/>\n<meta property=\"og:site_name\" content=\"Easy Star O\u00dc\" \/>\n<meta property=\"article:modified_time\" content=\"2026-01-14T01:30:04+00:00\" \/>\n<meta property=\"og:image\" content=\"https:\/\/easystar.ee\/wp-content\/uploads\/2024\/06\/21410974.jpg\" \/>\n\t<meta property=\"og:image:width\" content=\"179\" \/>\n\t<meta property=\"og:image:height\" content=\"182\" \/>\n\t<meta property=\"og:image:type\" content=\"image\/jpeg\" \/>\n<meta name=\"twitter:card\" content=\"summary_large_image\" \/>\n<script type=\"application\/ld+json\" class=\"yoast-schema-graph\">{\"@context\":\"https:\\\/\\\/schema.org\",\"@graph\":[{\"@type\":\"WebPage\",\"@id\":\"https:\\\/\\\/easystar.ee\\\/toode\\\/seebi-lehtpaberihoidja-kombo-12l-rst-d21410974\\\/\",\"url\":\"https:\\\/\\\/easystar.ee\\\/toode\\\/seebi-lehtpaberihoidja-kombo-12l-rst-d21410974\\\/\",\"name\":\"Seebi+Lehtpaberihoidja kombo 1,2l RST D21410974 &#8212; Easy Star O\u00dc\",\"isPartOf\":{\"@id\":\"https:\\\/\\\/easystar.ee\\\/#website\"},\"primaryImageOfPage\":{\"@id\":\"https:\\\/\\\/easystar.ee\\\/toode\\\/seebi-lehtpaberihoidja-kombo-12l-rst-d21410974\\\/#primaryimage\"},\"image\":{\"@id\":\"https:\\\/\\\/easystar.ee\\\/toode\\\/seebi-lehtpaberihoidja-kombo-12l-rst-d21410974\\\/#primaryimage\"},\"thumbnailUrl\":\"https:\\\/\\\/easystar.ee\\\/wp-content\\\/uploads\\\/2024\\\/06\\\/21410974.jpg\",\"datePublished\":\"2024-06-04T15:20:35+00:00\",\"dateModified\":\"2026-01-14T01:30:04+00:00\",\"breadcrumb\":{\"@id\":\"https:\\\/\\\/easystar.ee\\\/toode\\\/seebi-lehtpaberihoidja-kombo-12l-rst-d21410974\\\/#breadcrumb\"},\"inLanguage\":\"en-US\",\"potentialAction\":[{\"@type\":\"ReadAction\",\"target\":[\"https:\\\/\\\/easystar.ee\\\/toode\\\/seebi-lehtpaberihoidja-kombo-12l-rst-d21410974\\\/\"]}]},{\"@type\":\"ImageObject\",\"inLanguage\":\"en-US\",\"@id\":\"https:\\\/\\\/easystar.ee\\\/toode\\\/seebi-lehtpaberihoidja-kombo-12l-rst-d21410974\\\/#primaryimage\",\"url\":\"https:\\\/\\\/easystar.ee\\\/wp-content\\\/uploads\\\/2024\\\/06\\\/21410974.jpg\",\"contentUrl\":\"https:\\\/\\\/easystar.ee\\\/wp-content\\\/uploads\\\/2024\\\/06\\\/21410974.jpg\",\"width\":179,\"height\":182},{\"@type\":\"BreadcrumbList\",\"@id\":\"https:\\\/\\\/easystar.ee\\\/toode\\\/seebi-lehtpaberihoidja-kombo-12l-rst-d21410974\\\/#breadcrumb\",\"itemListElement\":[{\"@type\":\"ListItem\",\"position\":1,\"name\":\"Home\",\"item\":\"https:\\\/\\\/easystar.ee\\\/ru\\\/\"},{\"@type\":\"ListItem\",\"position\":2,\"name\":\"Shop\",\"item\":\"https:\\\/\\\/easystar.ee\\\/tooted\\\/\"},{\"@type\":\"ListItem\",\"position\":3,\"name\":\"Seebi+Lehtpaberihoidja kombo 1,2l RST D21410974\"}]},{\"@type\":\"WebSite\",\"@id\":\"https:\\\/\\\/easystar.ee\\\/#website\",\"url\":\"https:\\\/\\\/easystar.ee\\\/\",\"name\":\"Easystar.ee\",\"description\":\"\",\"publisher\":{\"@id\":\"https:\\\/\\\/easystar.ee\\\/#organization\"},\"alternateName\":\"Keskkonnas\u00f5bralikud pehmepaberitooted teie kontorisse\",\"potentialAction\":[{\"@type\":\"SearchAction\",\"target\":{\"@type\":\"EntryPoint\",\"urlTemplate\":\"https:\\\/\\\/easystar.ee\\\/?s={search_term_string}\"},\"query-input\":{\"@type\":\"PropertyValueSpecification\",\"valueRequired\":true,\"valueName\":\"search_term_string\"}}],\"inLanguage\":\"en-US\"},{\"@type\":\"Organization\",\"@id\":\"https:\\\/\\\/easystar.ee\\\/#organization\",\"name\":\"Easy Star O\u00dc\",\"url\":\"https:\\\/\\\/easystar.ee\\\/\",\"logo\":{\"@type\":\"ImageObject\",\"inLanguage\":\"en-US\",\"@id\":\"https:\\\/\\\/easystar.ee\\\/#\\\/schema\\\/logo\\\/image\\\/\",\"url\":\"https:\\\/\\\/easystar.ee\\\/wp-content\\\/uploads\\\/2024\\\/03\\\/easystar-logo.svg\",\"contentUrl\":\"https:\\\/\\\/easystar.ee\\\/wp-content\\\/uploads\\\/2024\\\/03\\\/easystar-logo.svg\",\"width\":2000,\"height\":2000,\"caption\":\"Easy Star O\u00dc\"},\"image\":{\"@id\":\"https:\\\/\\\/easystar.ee\\\/#\\\/schema\\\/logo\\\/image\\\/\"}}]}<\/script>\n<!-- \/ Yoast SEO plugin. -->","yoast_head_json":{"title":"Seebi+Lehtpaberihoidja kombo 1,2l RST D21410974 &#8212; Easy Star O\u00dc","robots":{"index":"index","follow":"follow","max-snippet":"max-snippet:-1","max-image-preview":"max-image-preview:large","max-video-preview":"max-video-preview:-1"},"canonical":"https:\/\/easystar.ee\/toode\/seebi-lehtpaberihoidja-kombo-12l-rst-d21410974\/","og_locale":"en_US","og_type":"article","og_title":"Seebi+Lehtpaberihoidja kombo 1,2l RST D21410974 &#8212; Easy Star O\u00dc","og_description":"Roostevabast terasest kombineeritud dosaatoriga seep (vasakul) ja k\u00e4ter\u00e4tiku dosaator, CPU 2 L E Seinale kinnitatav kombineeritud dosaator. Vasakul seebi dosaator, paremal k\u00e4ter\u00e4tikute dosaator. Plastluku ja v\u00f5tmega. Aknaga sisuvaataja. Max 750 t\u00fckki C-volditud v\u00f5i Z-volditud k\u00e4ter\u00e4tikud K\u00f5rgus 385 mm Laius 377 mm S\u00fcgavus 155 m Kaal 3,08 kg","og_url":"https:\/\/easystar.ee\/toode\/seebi-lehtpaberihoidja-kombo-12l-rst-d21410974\/","og_site_name":"Easy Star O\u00dc","article_modified_time":"2026-01-14T01:30:04+00:00","og_image":[{"width":179,"height":182,"url":"https:\/\/easystar.ee\/wp-content\/uploads\/2024\/06\/21410974.jpg","type":"image\/jpeg"}],"twitter_card":"summary_large_image","schema":{"@context":"https:\/\/schema.org","@graph":[{"@type":"WebPage","@id":"https:\/\/easystar.ee\/toode\/seebi-lehtpaberihoidja-kombo-12l-rst-d21410974\/","url":"https:\/\/easystar.ee\/toode\/seebi-lehtpaberihoidja-kombo-12l-rst-d21410974\/","name":"Seebi+Lehtpaberihoidja kombo 1,2l RST D21410974 &#8212; Easy Star O\u00dc","isPartOf":{"@id":"https:\/\/easystar.ee\/#website"},"primaryImageOfPage":{"@id":"https:\/\/easystar.ee\/toode\/seebi-lehtpaberihoidja-kombo-12l-rst-d21410974\/#primaryimage"},"image":{"@id":"https:\/\/easystar.ee\/toode\/seebi-lehtpaberihoidja-kombo-12l-rst-d21410974\/#primaryimage"},"thumbnailUrl":"https:\/\/easystar.ee\/wp-content\/uploads\/2024\/06\/21410974.jpg","datePublished":"2024-06-04T15:20:35+00:00","dateModified":"2026-01-14T01:30:04+00:00","breadcrumb":{"@id":"https:\/\/easystar.ee\/toode\/seebi-lehtpaberihoidja-kombo-12l-rst-d21410974\/#breadcrumb"},"inLanguage":"en-US","potentialAction":[{"@type":"ReadAction","target":["https:\/\/easystar.ee\/toode\/seebi-lehtpaberihoidja-kombo-12l-rst-d21410974\/"]}]},{"@type":"ImageObject","inLanguage":"en-US","@id":"https:\/\/easystar.ee\/toode\/seebi-lehtpaberihoidja-kombo-12l-rst-d21410974\/#primaryimage","url":"https:\/\/easystar.ee\/wp-content\/uploads\/2024\/06\/21410974.jpg","contentUrl":"https:\/\/easystar.ee\/wp-content\/uploads\/2024\/06\/21410974.jpg","width":179,"height":182},{"@type":"BreadcrumbList","@id":"https:\/\/easystar.ee\/toode\/seebi-lehtpaberihoidja-kombo-12l-rst-d21410974\/#breadcrumb","itemListElement":[{"@type":"ListItem","position":1,"name":"Home","item":"https:\/\/easystar.ee\/ru\/"},{"@type":"ListItem","position":2,"name":"Shop","item":"https:\/\/easystar.ee\/tooted\/"},{"@type":"ListItem","position":3,"name":"Seebi+Lehtpaberihoidja kombo 1,2l RST D21410974"}]},{"@type":"WebSite","@id":"https:\/\/easystar.ee\/#website","url":"https:\/\/easystar.ee\/","name":"Easystar.ee","description":"","publisher":{"@id":"https:\/\/easystar.ee\/#organization"},"alternateName":"Keskkonnas\u00f5bralikud pehmepaberitooted teie kontorisse","potentialAction":[{"@type":"SearchAction","target":{"@type":"EntryPoint","urlTemplate":"https:\/\/easystar.ee\/?s={search_term_string}"},"query-input":{"@type":"PropertyValueSpecification","valueRequired":true,"valueName":"search_term_string"}}],"inLanguage":"en-US"},{"@type":"Organization","@id":"https:\/\/easystar.ee\/#organization","name":"Easy Star O\u00dc","url":"https:\/\/easystar.ee\/","logo":{"@type":"ImageObject","inLanguage":"en-US","@id":"https:\/\/easystar.ee\/#\/schema\/logo\/image\/","url":"https:\/\/easystar.ee\/wp-content\/uploads\/2024\/03\/easystar-logo.svg","contentUrl":"https:\/\/easystar.ee\/wp-content\/uploads\/2024\/03\/easystar-logo.svg","width":2000,"height":2000,"caption":"Easy Star O\u00dc"},"image":{"@id":"https:\/\/easystar.ee\/#\/schema\/logo\/image\/"}}]}},"_links":{"self":[{"href":"https:\/\/easystar.ee\/en\/wp-json\/wp\/v2\/product\/39679","targetHints":{"allow":["GET"]}}],"collection":[{"href":"https:\/\/easystar.ee\/en\/wp-json\/wp\/v2\/product"}],"about":[{"href":"https:\/\/easystar.ee\/en\/wp-json\/wp\/v2\/types\/product"}],"wp:featuredmedia":[{"embeddable":true,"href":"https:\/\/easystar.ee\/en\/wp-json\/wp\/v2\/media\/40526"}],"wp:attachment":[{"href":"https:\/\/easystar.ee\/en\/wp-json\/wp\/v2\/media?parent=39679"}],"wp:term":[{"taxonomy":"product_brand","embeddable":true,"href":"https:\/\/easystar.ee\/en\/wp-json\/wp\/v2\/product_brand?post=39679"},{"taxonomy":"product_cat","embeddable":true,"href":"https:\/\/easystar.ee\/en\/wp-json\/wp\/v2\/product_cat?post=39679"},{"taxonomy":"product_tag","embeddable":true,"href":"https:\/\/easystar.ee\/en\/wp-json\/wp\/v2\/product_tag?post=39679"}],"curies":[{"name":"wp","href":"https:\/\/api.w.org\/{rel}","templated":true}]}}