{"id":39469,"date":"2024-06-03T08:03:40","date_gmt":"2024-06-03T08:03:40","guid":{"rendered":"https:\/\/easystar.ee\/toode\/tru-lit-c-2-fresh-750ml-pritsiga-ph-7-k714681\/"},"modified":"2026-03-24T01:30:03","modified_gmt":"2026-03-24T01:30:03","slug":"tru-lit-c-2-fresh-750ml-pritsiga-ph-7-k714681","status":"publish","type":"product","link":"https:\/\/easystar.ee\/en\/toode\/tru-lit-c-2-fresh-750ml-pritsiga-ph-7-k714681\/","title":{"rendered":"TRU-LIT C-2 Fresh 750ml pritsiga pH 7 K714681"},"content":{"rendered":"","protected":false},"excerpt":{"rendered":"<p>Lauad, kapid, toolid, riiulid, aknalauad, telefonid jne. Igap\u00e4evane kasutus, lahjendamata, kandke lapile, p\u00fchkige. Suurep\u00e4rane k\u00f5ikide veekindlate pindade ja p\u00f5randakatete puhastamiseks. Ei vaja loputamist. J\u00e4tab meeldiva v\u00e4rske aroomi. 3-5% neutraalne. tru-lit C-2 Fresh on neutraalne universaalne puhastusvahend k\u00e4sitsi kasutamiseks k\u00f6\u00f6kides ja teiste alade \u00fcldpuhastuseks. Toode sisaldab v\u00e4ga t\u00f5husat toimeainete kombinatsiooni, mis j\u00e4tab triipudevabad ja s\u00e4delevad pinnad. tru-lit C-2 Fresh tagab h\u00fcgieenilise puhtuse ja j\u00e4tab meeldiva v\u00e4rske l\u00f5hna.<\/p>\n","protected":false},"featured_media":40356,"template":"","meta":{"_acf_changed":false},"product_brand":[],"product_cat":[1829,1981],"product_tag":[],"class_list":{"0":"post-39469","1":"product","2":"type-product","3":"status-publish","4":"has-post-thumbnail","6":"product_cat-cleaning-chemicals","7":"product_cat-neutral-general-glass-stainless-steel","9":"first","10":"instock","11":"taxable","12":"shipping-taxable","13":"purchasable","14":"product-type-simple"},"acf":[],"yoast_head":"<!-- This site is optimized with the Yoast SEO plugin v27.3 - https:\/\/yoast.com\/product\/yoast-seo-wordpress\/ -->\n<title>TRU-LIT C-2 Fresh 750ml pritsiga pH 7 K714681 &#8212; Easy Star O\u00dc<\/title>\n<meta name=\"robots\" content=\"index, follow, max-snippet:-1, max-image-preview:large, max-video-preview:-1\" \/>\n<link rel=\"canonical\" href=\"https:\/\/easystar.ee\/toode\/tru-lit-c-2-fresh-750ml-pritsiga-ph-7-k714681\/\" \/>\n<meta property=\"og:locale\" content=\"en_US\" \/>\n<meta property=\"og:type\" content=\"article\" \/>\n<meta property=\"og:title\" content=\"TRU-LIT C-2 Fresh 750ml pritsiga pH 7 K714681 &#8212; Easy Star O\u00dc\" \/>\n<meta property=\"og:description\" content=\"Lauad, kapid, toolid, riiulid, aknalauad, telefonid jne. Igap\u00e4evane kasutus, lahjendamata, kandke lapile, p\u00fchkige. Suurep\u00e4rane k\u00f5ikide veekindlate pindade ja p\u00f5randakatete puhastamiseks. Ei vaja loputamist. J\u00e4tab meeldiva v\u00e4rske aroomi. 3-5% neutraalne. tru-lit C-2 Fresh on neutraalne universaalne puhastusvahend k\u00e4sitsi kasutamiseks k\u00f6\u00f6kides ja teiste alade \u00fcldpuhastuseks. Toode sisaldab v\u00e4ga t\u00f5husat toimeainete kombinatsiooni, mis j\u00e4tab triipudevabad ja s\u00e4delevad pinnad. tru-lit C-2 Fresh tagab h\u00fcgieenilise puhtuse ja j\u00e4tab meeldiva v\u00e4rske l\u00f5hna.\" \/>\n<meta property=\"og:url\" content=\"https:\/\/easystar.ee\/toode\/tru-lit-c-2-fresh-750ml-pritsiga-ph-7-k714681\/\" \/>\n<meta property=\"og:site_name\" content=\"Easy Star O\u00dc\" \/>\n<meta property=\"article:modified_time\" content=\"2026-03-24T01:30:03+00:00\" \/>\n<meta property=\"og:image\" content=\"https:\/\/easystar.ee\/wp-content\/uploads\/2024\/06\/PastedGraphic-12.png\" \/>\n\t<meta property=\"og:image:width\" content=\"173\" \/>\n\t<meta property=\"og:image:height\" content=\"448\" \/>\n\t<meta property=\"og:image:type\" content=\"image\/png\" \/>\n<meta name=\"twitter:card\" content=\"summary_large_image\" \/>\n<script type=\"application\/ld+json\" class=\"yoast-schema-graph\">{\"@context\":\"https:\\\/\\\/schema.org\",\"@graph\":[{\"@type\":\"WebPage\",\"@id\":\"https:\\\/\\\/easystar.ee\\\/toode\\\/tru-lit-c-2-fresh-750ml-pritsiga-ph-7-k714681\\\/\",\"url\":\"https:\\\/\\\/easystar.ee\\\/toode\\\/tru-lit-c-2-fresh-750ml-pritsiga-ph-7-k714681\\\/\",\"name\":\"TRU-LIT C-2 Fresh 750ml pritsiga pH 7 K714681 &#8212; Easy Star O\u00dc\",\"isPartOf\":{\"@id\":\"https:\\\/\\\/easystar.ee\\\/#website\"},\"primaryImageOfPage\":{\"@id\":\"https:\\\/\\\/easystar.ee\\\/toode\\\/tru-lit-c-2-fresh-750ml-pritsiga-ph-7-k714681\\\/#primaryimage\"},\"image\":{\"@id\":\"https:\\\/\\\/easystar.ee\\\/toode\\\/tru-lit-c-2-fresh-750ml-pritsiga-ph-7-k714681\\\/#primaryimage\"},\"thumbnailUrl\":\"https:\\\/\\\/easystar.ee\\\/wp-content\\\/uploads\\\/2024\\\/06\\\/PastedGraphic-12.png\",\"datePublished\":\"2024-06-03T08:03:40+00:00\",\"dateModified\":\"2026-03-24T01:30:03+00:00\",\"breadcrumb\":{\"@id\":\"https:\\\/\\\/easystar.ee\\\/toode\\\/tru-lit-c-2-fresh-750ml-pritsiga-ph-7-k714681\\\/#breadcrumb\"},\"inLanguage\":\"en-US\",\"potentialAction\":[{\"@type\":\"ReadAction\",\"target\":[\"https:\\\/\\\/easystar.ee\\\/toode\\\/tru-lit-c-2-fresh-750ml-pritsiga-ph-7-k714681\\\/\"]}]},{\"@type\":\"ImageObject\",\"inLanguage\":\"en-US\",\"@id\":\"https:\\\/\\\/easystar.ee\\\/toode\\\/tru-lit-c-2-fresh-750ml-pritsiga-ph-7-k714681\\\/#primaryimage\",\"url\":\"https:\\\/\\\/easystar.ee\\\/wp-content\\\/uploads\\\/2024\\\/06\\\/PastedGraphic-12.png\",\"contentUrl\":\"https:\\\/\\\/easystar.ee\\\/wp-content\\\/uploads\\\/2024\\\/06\\\/PastedGraphic-12.png\",\"width\":173,\"height\":448},{\"@type\":\"BreadcrumbList\",\"@id\":\"https:\\\/\\\/easystar.ee\\\/toode\\\/tru-lit-c-2-fresh-750ml-pritsiga-ph-7-k714681\\\/#breadcrumb\",\"itemListElement\":[{\"@type\":\"ListItem\",\"position\":1,\"name\":\"Home\",\"item\":\"https:\\\/\\\/easystar.ee\\\/ru\\\/\"},{\"@type\":\"ListItem\",\"position\":2,\"name\":\"Shop\",\"item\":\"https:\\\/\\\/easystar.ee\\\/tooted\\\/\"},{\"@type\":\"ListItem\",\"position\":3,\"name\":\"TRU-LIT C-2 Fresh 750ml pritsiga pH 7 K714681\"}]},{\"@type\":\"WebSite\",\"@id\":\"https:\\\/\\\/easystar.ee\\\/#website\",\"url\":\"https:\\\/\\\/easystar.ee\\\/\",\"name\":\"Easystar.ee\",\"description\":\"\",\"publisher\":{\"@id\":\"https:\\\/\\\/easystar.ee\\\/#organization\"},\"alternateName\":\"Keskkonnas\u00f5bralikud pehmepaberitooted teie kontorisse\",\"potentialAction\":[{\"@type\":\"SearchAction\",\"target\":{\"@type\":\"EntryPoint\",\"urlTemplate\":\"https:\\\/\\\/easystar.ee\\\/?s={search_term_string}\"},\"query-input\":{\"@type\":\"PropertyValueSpecification\",\"valueRequired\":true,\"valueName\":\"search_term_string\"}}],\"inLanguage\":\"en-US\"},{\"@type\":\"Organization\",\"@id\":\"https:\\\/\\\/easystar.ee\\\/#organization\",\"name\":\"Easy Star O\u00dc\",\"url\":\"https:\\\/\\\/easystar.ee\\\/\",\"logo\":{\"@type\":\"ImageObject\",\"inLanguage\":\"en-US\",\"@id\":\"https:\\\/\\\/easystar.ee\\\/#\\\/schema\\\/logo\\\/image\\\/\",\"url\":\"https:\\\/\\\/easystar.ee\\\/wp-content\\\/uploads\\\/2024\\\/03\\\/easystar-logo.svg\",\"contentUrl\":\"https:\\\/\\\/easystar.ee\\\/wp-content\\\/uploads\\\/2024\\\/03\\\/easystar-logo.svg\",\"width\":2000,\"height\":2000,\"caption\":\"Easy Star O\u00dc\"},\"image\":{\"@id\":\"https:\\\/\\\/easystar.ee\\\/#\\\/schema\\\/logo\\\/image\\\/\"}}]}<\/script>\n<!-- \/ Yoast SEO plugin. -->","yoast_head_json":{"title":"TRU-LIT C-2 Fresh 750ml pritsiga pH 7 K714681 &#8212; Easy Star O\u00dc","robots":{"index":"index","follow":"follow","max-snippet":"max-snippet:-1","max-image-preview":"max-image-preview:large","max-video-preview":"max-video-preview:-1"},"canonical":"https:\/\/easystar.ee\/toode\/tru-lit-c-2-fresh-750ml-pritsiga-ph-7-k714681\/","og_locale":"en_US","og_type":"article","og_title":"TRU-LIT C-2 Fresh 750ml pritsiga pH 7 K714681 &#8212; Easy Star O\u00dc","og_description":"Lauad, kapid, toolid, riiulid, aknalauad, telefonid jne. Igap\u00e4evane kasutus, lahjendamata, kandke lapile, p\u00fchkige. Suurep\u00e4rane k\u00f5ikide veekindlate pindade ja p\u00f5randakatete puhastamiseks. Ei vaja loputamist. J\u00e4tab meeldiva v\u00e4rske aroomi. 3-5% neutraalne. tru-lit C-2 Fresh on neutraalne universaalne puhastusvahend k\u00e4sitsi kasutamiseks k\u00f6\u00f6kides ja teiste alade \u00fcldpuhastuseks. Toode sisaldab v\u00e4ga t\u00f5husat toimeainete kombinatsiooni, mis j\u00e4tab triipudevabad ja s\u00e4delevad pinnad. tru-lit C-2 Fresh tagab h\u00fcgieenilise puhtuse ja j\u00e4tab meeldiva v\u00e4rske l\u00f5hna.","og_url":"https:\/\/easystar.ee\/toode\/tru-lit-c-2-fresh-750ml-pritsiga-ph-7-k714681\/","og_site_name":"Easy Star O\u00dc","article_modified_time":"2026-03-24T01:30:03+00:00","og_image":[{"width":173,"height":448,"url":"https:\/\/easystar.ee\/wp-content\/uploads\/2024\/06\/PastedGraphic-12.png","type":"image\/png"}],"twitter_card":"summary_large_image","schema":{"@context":"https:\/\/schema.org","@graph":[{"@type":"WebPage","@id":"https:\/\/easystar.ee\/toode\/tru-lit-c-2-fresh-750ml-pritsiga-ph-7-k714681\/","url":"https:\/\/easystar.ee\/toode\/tru-lit-c-2-fresh-750ml-pritsiga-ph-7-k714681\/","name":"TRU-LIT C-2 Fresh 750ml pritsiga pH 7 K714681 &#8212; Easy Star O\u00dc","isPartOf":{"@id":"https:\/\/easystar.ee\/#website"},"primaryImageOfPage":{"@id":"https:\/\/easystar.ee\/toode\/tru-lit-c-2-fresh-750ml-pritsiga-ph-7-k714681\/#primaryimage"},"image":{"@id":"https:\/\/easystar.ee\/toode\/tru-lit-c-2-fresh-750ml-pritsiga-ph-7-k714681\/#primaryimage"},"thumbnailUrl":"https:\/\/easystar.ee\/wp-content\/uploads\/2024\/06\/PastedGraphic-12.png","datePublished":"2024-06-03T08:03:40+00:00","dateModified":"2026-03-24T01:30:03+00:00","breadcrumb":{"@id":"https:\/\/easystar.ee\/toode\/tru-lit-c-2-fresh-750ml-pritsiga-ph-7-k714681\/#breadcrumb"},"inLanguage":"en-US","potentialAction":[{"@type":"ReadAction","target":["https:\/\/easystar.ee\/toode\/tru-lit-c-2-fresh-750ml-pritsiga-ph-7-k714681\/"]}]},{"@type":"ImageObject","inLanguage":"en-US","@id":"https:\/\/easystar.ee\/toode\/tru-lit-c-2-fresh-750ml-pritsiga-ph-7-k714681\/#primaryimage","url":"https:\/\/easystar.ee\/wp-content\/uploads\/2024\/06\/PastedGraphic-12.png","contentUrl":"https:\/\/easystar.ee\/wp-content\/uploads\/2024\/06\/PastedGraphic-12.png","width":173,"height":448},{"@type":"BreadcrumbList","@id":"https:\/\/easystar.ee\/toode\/tru-lit-c-2-fresh-750ml-pritsiga-ph-7-k714681\/#breadcrumb","itemListElement":[{"@type":"ListItem","position":1,"name":"Home","item":"https:\/\/easystar.ee\/ru\/"},{"@type":"ListItem","position":2,"name":"Shop","item":"https:\/\/easystar.ee\/tooted\/"},{"@type":"ListItem","position":3,"name":"TRU-LIT C-2 Fresh 750ml pritsiga pH 7 K714681"}]},{"@type":"WebSite","@id":"https:\/\/easystar.ee\/#website","url":"https:\/\/easystar.ee\/","name":"Easystar.ee","description":"","publisher":{"@id":"https:\/\/easystar.ee\/#organization"},"alternateName":"Keskkonnas\u00f5bralikud pehmepaberitooted teie kontorisse","potentialAction":[{"@type":"SearchAction","target":{"@type":"EntryPoint","urlTemplate":"https:\/\/easystar.ee\/?s={search_term_string}"},"query-input":{"@type":"PropertyValueSpecification","valueRequired":true,"valueName":"search_term_string"}}],"inLanguage":"en-US"},{"@type":"Organization","@id":"https:\/\/easystar.ee\/#organization","name":"Easy Star O\u00dc","url":"https:\/\/easystar.ee\/","logo":{"@type":"ImageObject","inLanguage":"en-US","@id":"https:\/\/easystar.ee\/#\/schema\/logo\/image\/","url":"https:\/\/easystar.ee\/wp-content\/uploads\/2024\/03\/easystar-logo.svg","contentUrl":"https:\/\/easystar.ee\/wp-content\/uploads\/2024\/03\/easystar-logo.svg","width":2000,"height":2000,"caption":"Easy Star O\u00dc"},"image":{"@id":"https:\/\/easystar.ee\/#\/schema\/logo\/image\/"}}]}},"_links":{"self":[{"href":"https:\/\/easystar.ee\/en\/wp-json\/wp\/v2\/product\/39469","targetHints":{"allow":["GET"]}}],"collection":[{"href":"https:\/\/easystar.ee\/en\/wp-json\/wp\/v2\/product"}],"about":[{"href":"https:\/\/easystar.ee\/en\/wp-json\/wp\/v2\/types\/product"}],"wp:featuredmedia":[{"embeddable":true,"href":"https:\/\/easystar.ee\/en\/wp-json\/wp\/v2\/media\/40356"}],"wp:attachment":[{"href":"https:\/\/easystar.ee\/en\/wp-json\/wp\/v2\/media?parent=39469"}],"wp:term":[{"taxonomy":"product_brand","embeddable":true,"href":"https:\/\/easystar.ee\/en\/wp-json\/wp\/v2\/product_brand?post=39469"},{"taxonomy":"product_cat","embeddable":true,"href":"https:\/\/easystar.ee\/en\/wp-json\/wp\/v2\/product_cat?post=39469"},{"taxonomy":"product_tag","embeddable":true,"href":"https:\/\/easystar.ee\/en\/wp-json\/wp\/v2\/product_tag?post=39469"}],"curies":[{"name":"wp","href":"https:\/\/api.w.org\/{rel}","templated":true}]}}