{"id":39468,"date":"2024-06-03T08:03:53","date_gmt":"2024-06-03T08:03:53","guid":{"rendered":"https:\/\/easystar.ee\/toode\/tru-lit-c-18-carpet-21kg-ph-7-k753215\/"},"modified":"2025-10-30T01:52:14","modified_gmt":"2025-10-30T01:52:14","slug":"tru-lit-c-18-carpet-21kg-ph-7-k753215","status":"publish","type":"product","link":"https:\/\/easystar.ee\/en\/toode\/tru-lit-c-18-carpet-21kg-ph-7-k753215\/","title":{"rendered":"TRU-LIT C-18 Carpet 21kg pH 7 K753215"},"content":{"rendered":"","protected":false},"excerpt":{"rendered":"<p>&#8220;Neutraliseeritud kontsentreeritud \u0161ampoon vaipadele ja tekstiilpindadele. Tekstiilpinnad (vaibad&#8230;) M\u00f6\u00f6blipolster. Moodustab stabiilse ja kuiva vahu. V\u00e4ga t\u00f5hus tugeva mustuse vastu ja vanad plekid. \u00d5rn ebemele. P\u00e4rast kasutamist j\u00e4tab meeldiva l\u00f5hna. Sobib k\u00f5ikidele vahtpuhastusmeetoditele. Lihtne kasutada  vaibapuhastusmasinaga. \u00d6konoomne. Suurep\u00e4rane puhastusefekt. Moodustab stabiilse vahu pH &#8211; neutraalne. J\u00e4tab meeldiva l\u00f5hna. V\u00e4limus &#8211; L\u00e4bipaistev, pruunikas vedelik, L\u00f5hnastatud. Tihedus (g\/cm3) &#8211; 1,04 pH kontsentraat 7. S\u00e4ilitamine 5\u00b0C \u2013 25\u00b0C.<br \/>\nPeamised koostisained: pindaktiivsed ained, parf\u00fc\u00fcm. Toodet kasutatakse koos ekstraktoriga vaipade puhastamiseks (Bissel ProHeat 2X Revolution) Kui pind on m\u00e4\u00e4rdunud, v\u00f5ite kasutada 2-3% lahust. 5% juures v\u00f5ib v\u00e4hese saastumise korral koos j\u00e4\u00e4tmelahusega mahutis tekkida liigne vaht. &#8220;<\/p>\n","protected":false},"featured_media":40350,"template":"","meta":{"_acf_changed":false},"product_brand":[],"product_cat":[1829,1981],"product_tag":[],"class_list":{"0":"post-39468","1":"product","2":"type-product","3":"status-publish","4":"has-post-thumbnail","6":"product_cat-cleaning-chemicals","7":"product_cat-neutral-general-glass-stainless-steel","9":"first","10":"onbackorder","11":"taxable","12":"shipping-taxable","13":"purchasable","14":"product-type-simple"},"acf":[],"yoast_head":"<!-- This site is optimized with the Yoast SEO plugin v27.3 - https:\/\/yoast.com\/product\/yoast-seo-wordpress\/ -->\n<title>TRU-LIT C-18 Carpet 21kg pH 7 K753215 &#8212; Easy Star O\u00dc<\/title>\n<meta name=\"robots\" content=\"index, follow, max-snippet:-1, max-image-preview:large, max-video-preview:-1\" \/>\n<link rel=\"canonical\" href=\"https:\/\/easystar.ee\/en\/toode\/tru-lit-c-18-carpet-21kg-ph-7-k753215\/\" \/>\n<meta property=\"og:locale\" content=\"en_US\" \/>\n<meta property=\"og:type\" content=\"article\" \/>\n<meta property=\"og:title\" content=\"TRU-LIT C-18 Carpet 21kg pH 7 K753215 &#8212; Easy Star O\u00dc\" \/>\n<meta property=\"og:description\" content=\"&quot;Neutraliseeritud kontsentreeritud \u0161ampoon vaipadele ja tekstiilpindadele. Tekstiilpinnad (vaibad...) M\u00f6\u00f6blipolster. Moodustab stabiilse ja kuiva vahu. V\u00e4ga t\u00f5hus tugeva mustuse vastu ja vanad plekid. \u00d5rn ebemele. P\u00e4rast kasutamist j\u00e4tab meeldiva l\u00f5hna. Sobib k\u00f5ikidele vahtpuhastusmeetoditele. Lihtne kasutada vaibapuhastusmasinaga. \u00d6konoomne. Suurep\u00e4rane puhastusefekt. Moodustab stabiilse vahu pH - neutraalne. J\u00e4tab meeldiva l\u00f5hna. V\u00e4limus - L\u00e4bipaistev, pruunikas vedelik, L\u00f5hnastatud. Tihedus (g\/cm3) - 1,04 pH kontsentraat 7. S\u00e4ilitamine 5\u00b0C \u2013 25\u00b0C.  Peamised koostisained: pindaktiivsed ained, parf\u00fc\u00fcm. Toodet kasutatakse koos ekstraktoriga vaipade puhastamiseks (Bissel ProHeat 2X Revolution) Kui pind on m\u00e4\u00e4rdunud, v\u00f5ite kasutada 2-3% lahust. 5% juures v\u00f5ib v\u00e4hese saastumise korral koos j\u00e4\u00e4tmelahusega mahutis tekkida liigne vaht. &quot;\" \/>\n<meta property=\"og:url\" content=\"https:\/\/easystar.ee\/en\/toode\/tru-lit-c-18-carpet-21kg-ph-7-k753215\/\" \/>\n<meta property=\"og:site_name\" content=\"Easy Star O\u00dc\" \/>\n<meta property=\"article:modified_time\" content=\"2025-10-30T01:52:14+00:00\" \/>\n<meta property=\"og:image\" content=\"https:\/\/easystar.ee\/wp-content\/uploads\/2024\/06\/PastedGraphic-3.png\" \/>\n\t<meta property=\"og:image:width\" content=\"280\" \/>\n\t<meta property=\"og:image:height\" content=\"386\" \/>\n\t<meta property=\"og:image:type\" content=\"image\/png\" \/>\n<meta name=\"twitter:card\" content=\"summary_large_image\" \/>\n<script type=\"application\/ld+json\" class=\"yoast-schema-graph\">{\"@context\":\"https:\\\/\\\/schema.org\",\"@graph\":[{\"@type\":\"WebPage\",\"@id\":\"https:\\\/\\\/easystar.ee\\\/en\\\/toode\\\/tru-lit-c-18-carpet-21kg-ph-7-k753215\\\/\",\"url\":\"https:\\\/\\\/easystar.ee\\\/en\\\/toode\\\/tru-lit-c-18-carpet-21kg-ph-7-k753215\\\/\",\"name\":\"TRU-LIT C-18 Carpet 21kg pH 7 K753215 &#8212; Easy Star O\u00dc\",\"isPartOf\":{\"@id\":\"https:\\\/\\\/easystar.ee\\\/#website\"},\"primaryImageOfPage\":{\"@id\":\"https:\\\/\\\/easystar.ee\\\/en\\\/toode\\\/tru-lit-c-18-carpet-21kg-ph-7-k753215\\\/#primaryimage\"},\"image\":{\"@id\":\"https:\\\/\\\/easystar.ee\\\/en\\\/toode\\\/tru-lit-c-18-carpet-21kg-ph-7-k753215\\\/#primaryimage\"},\"thumbnailUrl\":\"https:\\\/\\\/easystar.ee\\\/wp-content\\\/uploads\\\/2024\\\/06\\\/PastedGraphic-3.png\",\"datePublished\":\"2024-06-03T08:03:53+00:00\",\"dateModified\":\"2025-10-30T01:52:14+00:00\",\"breadcrumb\":{\"@id\":\"https:\\\/\\\/easystar.ee\\\/en\\\/toode\\\/tru-lit-c-18-carpet-21kg-ph-7-k753215\\\/#breadcrumb\"},\"inLanguage\":\"en-US\",\"potentialAction\":[{\"@type\":\"ReadAction\",\"target\":[\"https:\\\/\\\/easystar.ee\\\/en\\\/toode\\\/tru-lit-c-18-carpet-21kg-ph-7-k753215\\\/\"]}]},{\"@type\":\"ImageObject\",\"inLanguage\":\"en-US\",\"@id\":\"https:\\\/\\\/easystar.ee\\\/en\\\/toode\\\/tru-lit-c-18-carpet-21kg-ph-7-k753215\\\/#primaryimage\",\"url\":\"https:\\\/\\\/easystar.ee\\\/wp-content\\\/uploads\\\/2024\\\/06\\\/PastedGraphic-3.png\",\"contentUrl\":\"https:\\\/\\\/easystar.ee\\\/wp-content\\\/uploads\\\/2024\\\/06\\\/PastedGraphic-3.png\",\"width\":280,\"height\":386},{\"@type\":\"BreadcrumbList\",\"@id\":\"https:\\\/\\\/easystar.ee\\\/en\\\/toode\\\/tru-lit-c-18-carpet-21kg-ph-7-k753215\\\/#breadcrumb\",\"itemListElement\":[{\"@type\":\"ListItem\",\"position\":1,\"name\":\"Home\",\"item\":\"https:\\\/\\\/easystar.ee\\\/ru\\\/\"},{\"@type\":\"ListItem\",\"position\":2,\"name\":\"Shop\",\"item\":\"https:\\\/\\\/easystar.ee\\\/tooted\\\/\"},{\"@type\":\"ListItem\",\"position\":3,\"name\":\"TRU-LIT C-18 Carpet 21kg pH 7 K753215\"}]},{\"@type\":\"WebSite\",\"@id\":\"https:\\\/\\\/easystar.ee\\\/#website\",\"url\":\"https:\\\/\\\/easystar.ee\\\/\",\"name\":\"Easystar.ee\",\"description\":\"\",\"publisher\":{\"@id\":\"https:\\\/\\\/easystar.ee\\\/#organization\"},\"alternateName\":\"Keskkonnas\u00f5bralikud pehmepaberitooted teie kontorisse\",\"potentialAction\":[{\"@type\":\"SearchAction\",\"target\":{\"@type\":\"EntryPoint\",\"urlTemplate\":\"https:\\\/\\\/easystar.ee\\\/?s={search_term_string}\"},\"query-input\":{\"@type\":\"PropertyValueSpecification\",\"valueRequired\":true,\"valueName\":\"search_term_string\"}}],\"inLanguage\":\"en-US\"},{\"@type\":\"Organization\",\"@id\":\"https:\\\/\\\/easystar.ee\\\/#organization\",\"name\":\"Easy Star O\u00dc\",\"url\":\"https:\\\/\\\/easystar.ee\\\/\",\"logo\":{\"@type\":\"ImageObject\",\"inLanguage\":\"en-US\",\"@id\":\"https:\\\/\\\/easystar.ee\\\/#\\\/schema\\\/logo\\\/image\\\/\",\"url\":\"https:\\\/\\\/easystar.ee\\\/wp-content\\\/uploads\\\/2024\\\/03\\\/easystar-logo.svg\",\"contentUrl\":\"https:\\\/\\\/easystar.ee\\\/wp-content\\\/uploads\\\/2024\\\/03\\\/easystar-logo.svg\",\"width\":2000,\"height\":2000,\"caption\":\"Easy Star O\u00dc\"},\"image\":{\"@id\":\"https:\\\/\\\/easystar.ee\\\/#\\\/schema\\\/logo\\\/image\\\/\"}}]}<\/script>\n<!-- \/ Yoast SEO plugin. -->","yoast_head_json":{"title":"TRU-LIT C-18 Carpet 21kg pH 7 K753215 &#8212; Easy Star O\u00dc","robots":{"index":"index","follow":"follow","max-snippet":"max-snippet:-1","max-image-preview":"max-image-preview:large","max-video-preview":"max-video-preview:-1"},"canonical":"https:\/\/easystar.ee\/en\/toode\/tru-lit-c-18-carpet-21kg-ph-7-k753215\/","og_locale":"en_US","og_type":"article","og_title":"TRU-LIT C-18 Carpet 21kg pH 7 K753215 &#8212; Easy Star O\u00dc","og_description":"\"Neutraliseeritud kontsentreeritud \u0161ampoon vaipadele ja tekstiilpindadele. Tekstiilpinnad (vaibad...) M\u00f6\u00f6blipolster. Moodustab stabiilse ja kuiva vahu. V\u00e4ga t\u00f5hus tugeva mustuse vastu ja vanad plekid. \u00d5rn ebemele. P\u00e4rast kasutamist j\u00e4tab meeldiva l\u00f5hna. Sobib k\u00f5ikidele vahtpuhastusmeetoditele. Lihtne kasutada vaibapuhastusmasinaga. \u00d6konoomne. Suurep\u00e4rane puhastusefekt. Moodustab stabiilse vahu pH - neutraalne. J\u00e4tab meeldiva l\u00f5hna. V\u00e4limus - L\u00e4bipaistev, pruunikas vedelik, L\u00f5hnastatud. Tihedus (g\/cm3) - 1,04 pH kontsentraat 7. S\u00e4ilitamine 5\u00b0C \u2013 25\u00b0C.  Peamised koostisained: pindaktiivsed ained, parf\u00fc\u00fcm. Toodet kasutatakse koos ekstraktoriga vaipade puhastamiseks (Bissel ProHeat 2X Revolution) Kui pind on m\u00e4\u00e4rdunud, v\u00f5ite kasutada 2-3% lahust. 5% juures v\u00f5ib v\u00e4hese saastumise korral koos j\u00e4\u00e4tmelahusega mahutis tekkida liigne vaht. \"","og_url":"https:\/\/easystar.ee\/en\/toode\/tru-lit-c-18-carpet-21kg-ph-7-k753215\/","og_site_name":"Easy Star O\u00dc","article_modified_time":"2025-10-30T01:52:14+00:00","og_image":[{"width":280,"height":386,"url":"https:\/\/easystar.ee\/wp-content\/uploads\/2024\/06\/PastedGraphic-3.png","type":"image\/png"}],"twitter_card":"summary_large_image","schema":{"@context":"https:\/\/schema.org","@graph":[{"@type":"WebPage","@id":"https:\/\/easystar.ee\/en\/toode\/tru-lit-c-18-carpet-21kg-ph-7-k753215\/","url":"https:\/\/easystar.ee\/en\/toode\/tru-lit-c-18-carpet-21kg-ph-7-k753215\/","name":"TRU-LIT C-18 Carpet 21kg pH 7 K753215 &#8212; Easy Star O\u00dc","isPartOf":{"@id":"https:\/\/easystar.ee\/#website"},"primaryImageOfPage":{"@id":"https:\/\/easystar.ee\/en\/toode\/tru-lit-c-18-carpet-21kg-ph-7-k753215\/#primaryimage"},"image":{"@id":"https:\/\/easystar.ee\/en\/toode\/tru-lit-c-18-carpet-21kg-ph-7-k753215\/#primaryimage"},"thumbnailUrl":"https:\/\/easystar.ee\/wp-content\/uploads\/2024\/06\/PastedGraphic-3.png","datePublished":"2024-06-03T08:03:53+00:00","dateModified":"2025-10-30T01:52:14+00:00","breadcrumb":{"@id":"https:\/\/easystar.ee\/en\/toode\/tru-lit-c-18-carpet-21kg-ph-7-k753215\/#breadcrumb"},"inLanguage":"en-US","potentialAction":[{"@type":"ReadAction","target":["https:\/\/easystar.ee\/en\/toode\/tru-lit-c-18-carpet-21kg-ph-7-k753215\/"]}]},{"@type":"ImageObject","inLanguage":"en-US","@id":"https:\/\/easystar.ee\/en\/toode\/tru-lit-c-18-carpet-21kg-ph-7-k753215\/#primaryimage","url":"https:\/\/easystar.ee\/wp-content\/uploads\/2024\/06\/PastedGraphic-3.png","contentUrl":"https:\/\/easystar.ee\/wp-content\/uploads\/2024\/06\/PastedGraphic-3.png","width":280,"height":386},{"@type":"BreadcrumbList","@id":"https:\/\/easystar.ee\/en\/toode\/tru-lit-c-18-carpet-21kg-ph-7-k753215\/#breadcrumb","itemListElement":[{"@type":"ListItem","position":1,"name":"Home","item":"https:\/\/easystar.ee\/ru\/"},{"@type":"ListItem","position":2,"name":"Shop","item":"https:\/\/easystar.ee\/tooted\/"},{"@type":"ListItem","position":3,"name":"TRU-LIT C-18 Carpet 21kg pH 7 K753215"}]},{"@type":"WebSite","@id":"https:\/\/easystar.ee\/#website","url":"https:\/\/easystar.ee\/","name":"Easystar.ee","description":"","publisher":{"@id":"https:\/\/easystar.ee\/#organization"},"alternateName":"Keskkonnas\u00f5bralikud pehmepaberitooted teie kontorisse","potentialAction":[{"@type":"SearchAction","target":{"@type":"EntryPoint","urlTemplate":"https:\/\/easystar.ee\/?s={search_term_string}"},"query-input":{"@type":"PropertyValueSpecification","valueRequired":true,"valueName":"search_term_string"}}],"inLanguage":"en-US"},{"@type":"Organization","@id":"https:\/\/easystar.ee\/#organization","name":"Easy Star O\u00dc","url":"https:\/\/easystar.ee\/","logo":{"@type":"ImageObject","inLanguage":"en-US","@id":"https:\/\/easystar.ee\/#\/schema\/logo\/image\/","url":"https:\/\/easystar.ee\/wp-content\/uploads\/2024\/03\/easystar-logo.svg","contentUrl":"https:\/\/easystar.ee\/wp-content\/uploads\/2024\/03\/easystar-logo.svg","width":2000,"height":2000,"caption":"Easy Star O\u00dc"},"image":{"@id":"https:\/\/easystar.ee\/#\/schema\/logo\/image\/"}}]}},"_links":{"self":[{"href":"https:\/\/easystar.ee\/en\/wp-json\/wp\/v2\/product\/39468","targetHints":{"allow":["GET"]}}],"collection":[{"href":"https:\/\/easystar.ee\/en\/wp-json\/wp\/v2\/product"}],"about":[{"href":"https:\/\/easystar.ee\/en\/wp-json\/wp\/v2\/types\/product"}],"wp:featuredmedia":[{"embeddable":true,"href":"https:\/\/easystar.ee\/en\/wp-json\/wp\/v2\/media\/40350"}],"wp:attachment":[{"href":"https:\/\/easystar.ee\/en\/wp-json\/wp\/v2\/media?parent=39468"}],"wp:term":[{"taxonomy":"product_brand","embeddable":true,"href":"https:\/\/easystar.ee\/en\/wp-json\/wp\/v2\/product_brand?post=39468"},{"taxonomy":"product_cat","embeddable":true,"href":"https:\/\/easystar.ee\/en\/wp-json\/wp\/v2\/product_cat?post=39468"},{"taxonomy":"product_tag","embeddable":true,"href":"https:\/\/easystar.ee\/en\/wp-json\/wp\/v2\/product_tag?post=39468"}],"curies":[{"name":"wp","href":"https:\/\/api.w.org\/{rel}","templated":true}]}}