{"id":39466,"date":"2024-06-03T08:03:19","date_gmt":"2024-06-03T08:03:19","guid":{"rendered":"https:\/\/easystar.ee\/toode\/tru-lit-c-15-sano-750ml-pritsiga-ph-23-k715736\/"},"modified":"2025-10-30T01:52:05","modified_gmt":"2025-10-30T01:52:05","slug":"tru-lit-c-15-sano-750ml-pritsiga-ph-23-k715736","status":"publish","type":"product","link":"https:\/\/easystar.ee\/en\/toode\/tru-lit-c-15-sano-750ml-pritsiga-ph-23-k715736\/","title":{"rendered":"TRU-LIT C-15 Sano 750ml pritsiga pH 2,3 K715736"},"content":{"rendered":"","protected":false},"excerpt":{"rendered":"<p>Niisutada pind veega \u2013 kanda peale t\u00f6\u00f6lahus \u2013 loputada veega. Oluline on plaatide vahelised vuugid p\u00f5hjalikult niisutada, kuna betoon\/vuugit\u00e4ide on hapete ja leeliste suhtes tundlik materjal! Igap\u00e4evane puhastusvahend, soovitan kasutada lahjendamata. Igap\u00e4evane: Valamu, du\u0161\u0161, plaadid, seinad, WC iste jne. Lahus 500ml \/ 10L. k\u00fclm vesi v\u00f5i lahjendamata. Eelniisutus, kanna pinnale, pese ja loputa<\/p>\n","protected":false},"featured_media":40333,"template":"","meta":{"_acf_changed":false},"product_brand":[],"product_cat":[1987,1829],"product_tag":[],"class_list":{"0":"post-39466","1":"product","2":"type-product","3":"status-publish","4":"has-post-thumbnail","6":"product_cat-acidic-sanitary-limescale-stainless-steel","7":"product_cat-cleaning-chemicals","9":"first","10":"instock","11":"taxable","12":"shipping-taxable","13":"purchasable","14":"product-type-simple"},"acf":[],"yoast_head":"<!-- This site is optimized with the Yoast SEO plugin v27.3 - https:\/\/yoast.com\/product\/yoast-seo-wordpress\/ -->\n<title>TRU-LIT C-15 Sano 750ml pritsiga pH 2,3 K715736 &#8212; Easy Star O\u00dc<\/title>\n<meta name=\"robots\" content=\"index, follow, max-snippet:-1, max-image-preview:large, max-video-preview:-1\" \/>\n<link rel=\"canonical\" href=\"https:\/\/easystar.ee\/en\/toode\/tru-lit-c-15-sano-750ml-pritsiga-ph-23-k715736\/\" \/>\n<meta property=\"og:locale\" content=\"en_US\" \/>\n<meta property=\"og:type\" content=\"article\" \/>\n<meta property=\"og:title\" content=\"TRU-LIT C-15 Sano 750ml pritsiga pH 2,3 K715736 &#8212; Easy Star O\u00dc\" \/>\n<meta property=\"og:description\" content=\"Niisutada pind veega \u2013 kanda peale t\u00f6\u00f6lahus \u2013 loputada veega. Oluline on plaatide vahelised vuugid p\u00f5hjalikult niisutada, kuna betoon\/vuugit\u00e4ide on hapete ja leeliste suhtes tundlik materjal! Igap\u00e4evane puhastusvahend, soovitan kasutada lahjendamata. Igap\u00e4evane: Valamu, du\u0161\u0161, plaadid, seinad, WC iste jne. Lahus 500ml \/ 10L. k\u00fclm vesi v\u00f5i lahjendamata. Eelniisutus, kanna pinnale, pese ja loputa\" \/>\n<meta property=\"og:url\" content=\"https:\/\/easystar.ee\/en\/toode\/tru-lit-c-15-sano-750ml-pritsiga-ph-23-k715736\/\" \/>\n<meta property=\"og:site_name\" content=\"Easy Star O\u00dc\" \/>\n<meta property=\"article:modified_time\" content=\"2025-10-30T01:52:05+00:00\" \/>\n<meta property=\"og:image\" content=\"https:\/\/easystar.ee\/wp-content\/uploads\/2024\/06\/TRU-LIT_C-15_Sano.jpg\" \/>\n\t<meta property=\"og:image:width\" content=\"259\" \/>\n\t<meta property=\"og:image:height\" content=\"474\" \/>\n\t<meta property=\"og:image:type\" content=\"image\/jpeg\" \/>\n<meta name=\"twitter:card\" content=\"summary_large_image\" \/>\n<script type=\"application\/ld+json\" class=\"yoast-schema-graph\">{\"@context\":\"https:\\\/\\\/schema.org\",\"@graph\":[{\"@type\":\"WebPage\",\"@id\":\"https:\\\/\\\/easystar.ee\\\/en\\\/toode\\\/tru-lit-c-15-sano-750ml-pritsiga-ph-23-k715736\\\/\",\"url\":\"https:\\\/\\\/easystar.ee\\\/en\\\/toode\\\/tru-lit-c-15-sano-750ml-pritsiga-ph-23-k715736\\\/\",\"name\":\"TRU-LIT C-15 Sano 750ml pritsiga pH 2,3 K715736 &#8212; Easy Star O\u00dc\",\"isPartOf\":{\"@id\":\"https:\\\/\\\/easystar.ee\\\/#website\"},\"primaryImageOfPage\":{\"@id\":\"https:\\\/\\\/easystar.ee\\\/en\\\/toode\\\/tru-lit-c-15-sano-750ml-pritsiga-ph-23-k715736\\\/#primaryimage\"},\"image\":{\"@id\":\"https:\\\/\\\/easystar.ee\\\/en\\\/toode\\\/tru-lit-c-15-sano-750ml-pritsiga-ph-23-k715736\\\/#primaryimage\"},\"thumbnailUrl\":\"https:\\\/\\\/easystar.ee\\\/wp-content\\\/uploads\\\/2024\\\/06\\\/TRU-LIT_C-15_Sano.jpg\",\"datePublished\":\"2024-06-03T08:03:19+00:00\",\"dateModified\":\"2025-10-30T01:52:05+00:00\",\"breadcrumb\":{\"@id\":\"https:\\\/\\\/easystar.ee\\\/en\\\/toode\\\/tru-lit-c-15-sano-750ml-pritsiga-ph-23-k715736\\\/#breadcrumb\"},\"inLanguage\":\"en-US\",\"potentialAction\":[{\"@type\":\"ReadAction\",\"target\":[\"https:\\\/\\\/easystar.ee\\\/en\\\/toode\\\/tru-lit-c-15-sano-750ml-pritsiga-ph-23-k715736\\\/\"]}]},{\"@type\":\"ImageObject\",\"inLanguage\":\"en-US\",\"@id\":\"https:\\\/\\\/easystar.ee\\\/en\\\/toode\\\/tru-lit-c-15-sano-750ml-pritsiga-ph-23-k715736\\\/#primaryimage\",\"url\":\"https:\\\/\\\/easystar.ee\\\/wp-content\\\/uploads\\\/2024\\\/06\\\/TRU-LIT_C-15_Sano.jpg\",\"contentUrl\":\"https:\\\/\\\/easystar.ee\\\/wp-content\\\/uploads\\\/2024\\\/06\\\/TRU-LIT_C-15_Sano.jpg\",\"width\":259,\"height\":474},{\"@type\":\"BreadcrumbList\",\"@id\":\"https:\\\/\\\/easystar.ee\\\/en\\\/toode\\\/tru-lit-c-15-sano-750ml-pritsiga-ph-23-k715736\\\/#breadcrumb\",\"itemListElement\":[{\"@type\":\"ListItem\",\"position\":1,\"name\":\"Home\",\"item\":\"https:\\\/\\\/easystar.ee\\\/ru\\\/\"},{\"@type\":\"ListItem\",\"position\":2,\"name\":\"Shop\",\"item\":\"https:\\\/\\\/easystar.ee\\\/tooted\\\/\"},{\"@type\":\"ListItem\",\"position\":3,\"name\":\"TRU-LIT C-15 Sano 750ml pritsiga pH 2,3 K715736\"}]},{\"@type\":\"WebSite\",\"@id\":\"https:\\\/\\\/easystar.ee\\\/#website\",\"url\":\"https:\\\/\\\/easystar.ee\\\/\",\"name\":\"Easystar.ee\",\"description\":\"\",\"publisher\":{\"@id\":\"https:\\\/\\\/easystar.ee\\\/#organization\"},\"alternateName\":\"Keskkonnas\u00f5bralikud pehmepaberitooted teie kontorisse\",\"potentialAction\":[{\"@type\":\"SearchAction\",\"target\":{\"@type\":\"EntryPoint\",\"urlTemplate\":\"https:\\\/\\\/easystar.ee\\\/?s={search_term_string}\"},\"query-input\":{\"@type\":\"PropertyValueSpecification\",\"valueRequired\":true,\"valueName\":\"search_term_string\"}}],\"inLanguage\":\"en-US\"},{\"@type\":\"Organization\",\"@id\":\"https:\\\/\\\/easystar.ee\\\/#organization\",\"name\":\"Easy Star O\u00dc\",\"url\":\"https:\\\/\\\/easystar.ee\\\/\",\"logo\":{\"@type\":\"ImageObject\",\"inLanguage\":\"en-US\",\"@id\":\"https:\\\/\\\/easystar.ee\\\/#\\\/schema\\\/logo\\\/image\\\/\",\"url\":\"https:\\\/\\\/easystar.ee\\\/wp-content\\\/uploads\\\/2024\\\/03\\\/easystar-logo.svg\",\"contentUrl\":\"https:\\\/\\\/easystar.ee\\\/wp-content\\\/uploads\\\/2024\\\/03\\\/easystar-logo.svg\",\"width\":2000,\"height\":2000,\"caption\":\"Easy Star O\u00dc\"},\"image\":{\"@id\":\"https:\\\/\\\/easystar.ee\\\/#\\\/schema\\\/logo\\\/image\\\/\"}}]}<\/script>\n<!-- \/ Yoast SEO plugin. -->","yoast_head_json":{"title":"TRU-LIT C-15 Sano 750ml pritsiga pH 2,3 K715736 &#8212; Easy Star O\u00dc","robots":{"index":"index","follow":"follow","max-snippet":"max-snippet:-1","max-image-preview":"max-image-preview:large","max-video-preview":"max-video-preview:-1"},"canonical":"https:\/\/easystar.ee\/en\/toode\/tru-lit-c-15-sano-750ml-pritsiga-ph-23-k715736\/","og_locale":"en_US","og_type":"article","og_title":"TRU-LIT C-15 Sano 750ml pritsiga pH 2,3 K715736 &#8212; Easy Star O\u00dc","og_description":"Niisutada pind veega \u2013 kanda peale t\u00f6\u00f6lahus \u2013 loputada veega. Oluline on plaatide vahelised vuugid p\u00f5hjalikult niisutada, kuna betoon\/vuugit\u00e4ide on hapete ja leeliste suhtes tundlik materjal! Igap\u00e4evane puhastusvahend, soovitan kasutada lahjendamata. Igap\u00e4evane: Valamu, du\u0161\u0161, plaadid, seinad, WC iste jne. Lahus 500ml \/ 10L. k\u00fclm vesi v\u00f5i lahjendamata. Eelniisutus, kanna pinnale, pese ja loputa","og_url":"https:\/\/easystar.ee\/en\/toode\/tru-lit-c-15-sano-750ml-pritsiga-ph-23-k715736\/","og_site_name":"Easy Star O\u00dc","article_modified_time":"2025-10-30T01:52:05+00:00","og_image":[{"width":259,"height":474,"url":"https:\/\/easystar.ee\/wp-content\/uploads\/2024\/06\/TRU-LIT_C-15_Sano.jpg","type":"image\/jpeg"}],"twitter_card":"summary_large_image","schema":{"@context":"https:\/\/schema.org","@graph":[{"@type":"WebPage","@id":"https:\/\/easystar.ee\/en\/toode\/tru-lit-c-15-sano-750ml-pritsiga-ph-23-k715736\/","url":"https:\/\/easystar.ee\/en\/toode\/tru-lit-c-15-sano-750ml-pritsiga-ph-23-k715736\/","name":"TRU-LIT C-15 Sano 750ml pritsiga pH 2,3 K715736 &#8212; Easy Star O\u00dc","isPartOf":{"@id":"https:\/\/easystar.ee\/#website"},"primaryImageOfPage":{"@id":"https:\/\/easystar.ee\/en\/toode\/tru-lit-c-15-sano-750ml-pritsiga-ph-23-k715736\/#primaryimage"},"image":{"@id":"https:\/\/easystar.ee\/en\/toode\/tru-lit-c-15-sano-750ml-pritsiga-ph-23-k715736\/#primaryimage"},"thumbnailUrl":"https:\/\/easystar.ee\/wp-content\/uploads\/2024\/06\/TRU-LIT_C-15_Sano.jpg","datePublished":"2024-06-03T08:03:19+00:00","dateModified":"2025-10-30T01:52:05+00:00","breadcrumb":{"@id":"https:\/\/easystar.ee\/en\/toode\/tru-lit-c-15-sano-750ml-pritsiga-ph-23-k715736\/#breadcrumb"},"inLanguage":"en-US","potentialAction":[{"@type":"ReadAction","target":["https:\/\/easystar.ee\/en\/toode\/tru-lit-c-15-sano-750ml-pritsiga-ph-23-k715736\/"]}]},{"@type":"ImageObject","inLanguage":"en-US","@id":"https:\/\/easystar.ee\/en\/toode\/tru-lit-c-15-sano-750ml-pritsiga-ph-23-k715736\/#primaryimage","url":"https:\/\/easystar.ee\/wp-content\/uploads\/2024\/06\/TRU-LIT_C-15_Sano.jpg","contentUrl":"https:\/\/easystar.ee\/wp-content\/uploads\/2024\/06\/TRU-LIT_C-15_Sano.jpg","width":259,"height":474},{"@type":"BreadcrumbList","@id":"https:\/\/easystar.ee\/en\/toode\/tru-lit-c-15-sano-750ml-pritsiga-ph-23-k715736\/#breadcrumb","itemListElement":[{"@type":"ListItem","position":1,"name":"Home","item":"https:\/\/easystar.ee\/ru\/"},{"@type":"ListItem","position":2,"name":"Shop","item":"https:\/\/easystar.ee\/tooted\/"},{"@type":"ListItem","position":3,"name":"TRU-LIT C-15 Sano 750ml pritsiga pH 2,3 K715736"}]},{"@type":"WebSite","@id":"https:\/\/easystar.ee\/#website","url":"https:\/\/easystar.ee\/","name":"Easystar.ee","description":"","publisher":{"@id":"https:\/\/easystar.ee\/#organization"},"alternateName":"Keskkonnas\u00f5bralikud pehmepaberitooted teie kontorisse","potentialAction":[{"@type":"SearchAction","target":{"@type":"EntryPoint","urlTemplate":"https:\/\/easystar.ee\/?s={search_term_string}"},"query-input":{"@type":"PropertyValueSpecification","valueRequired":true,"valueName":"search_term_string"}}],"inLanguage":"en-US"},{"@type":"Organization","@id":"https:\/\/easystar.ee\/#organization","name":"Easy Star O\u00dc","url":"https:\/\/easystar.ee\/","logo":{"@type":"ImageObject","inLanguage":"en-US","@id":"https:\/\/easystar.ee\/#\/schema\/logo\/image\/","url":"https:\/\/easystar.ee\/wp-content\/uploads\/2024\/03\/easystar-logo.svg","contentUrl":"https:\/\/easystar.ee\/wp-content\/uploads\/2024\/03\/easystar-logo.svg","width":2000,"height":2000,"caption":"Easy Star O\u00dc"},"image":{"@id":"https:\/\/easystar.ee\/#\/schema\/logo\/image\/"}}]}},"_links":{"self":[{"href":"https:\/\/easystar.ee\/en\/wp-json\/wp\/v2\/product\/39466","targetHints":{"allow":["GET"]}}],"collection":[{"href":"https:\/\/easystar.ee\/en\/wp-json\/wp\/v2\/product"}],"about":[{"href":"https:\/\/easystar.ee\/en\/wp-json\/wp\/v2\/types\/product"}],"wp:featuredmedia":[{"embeddable":true,"href":"https:\/\/easystar.ee\/en\/wp-json\/wp\/v2\/media\/40333"}],"wp:attachment":[{"href":"https:\/\/easystar.ee\/en\/wp-json\/wp\/v2\/media?parent=39466"}],"wp:term":[{"taxonomy":"product_brand","embeddable":true,"href":"https:\/\/easystar.ee\/en\/wp-json\/wp\/v2\/product_brand?post=39466"},{"taxonomy":"product_cat","embeddable":true,"href":"https:\/\/easystar.ee\/en\/wp-json\/wp\/v2\/product_cat?post=39466"},{"taxonomy":"product_tag","embeddable":true,"href":"https:\/\/easystar.ee\/en\/wp-json\/wp\/v2\/product_tag?post=39466"}],"curies":[{"name":"wp","href":"https:\/\/api.w.org\/{rel}","templated":true}]}}