{"id":39446,"date":"2024-06-03T08:04:48","date_gmt":"2024-06-03T08:04:48","guid":{"rendered":"https:\/\/easystar.ee\/toode\/calgonit-gluegill-750ml-pritsiga-kglue750\/"},"modified":"2025-10-30T01:52:23","modified_gmt":"2025-10-30T01:52:23","slug":"calgonit-gluegill-750ml-pritsiga-ph-6-kglue750","status":"publish","type":"product","link":"https:\/\/easystar.ee\/en\/toode\/calgonit-gluegill-750ml-pritsiga-ph-6-kglue750\/","title":{"rendered":"Calgonit Gluegill 750ml pritsiga pH 6 KGLUE750"},"content":{"rendered":"","protected":false},"excerpt":{"rendered":"<p>Calgonit Gluekill. Lisand lateksist p\u00f5hjustatud liimij\u00e4\u00e4kide eemaldamiseks p\u00f5hinev liim. P\u00f5hineb biolagunevatel orgaanilistel lahustitel. Kandke puhtalt enne v\u00f5i p\u00e4rast pesumasinat. Calgonit Gluekilli kasuta p\u00e4rast v\u00f5i enne puhastatava toote pesemist, pihusta etiketile ja oota pisut, kraapige liimij\u00e4\u00e4gid kastilt, pudelilt, purgilt jne. pH ca 6<\/p>\n","protected":false},"featured_media":40294,"template":"","meta":{"_acf_changed":false},"product_brand":[],"product_cat":[1829,1981],"product_tag":[],"class_list":{"0":"post-39446","1":"product","2":"type-product","3":"status-publish","4":"has-post-thumbnail","6":"product_cat-cleaning-chemicals","7":"product_cat-neutral-general-glass-stainless-steel","9":"first","10":"instock","11":"taxable","12":"shipping-taxable","13":"purchasable","14":"product-type-simple"},"acf":[],"yoast_head":"<!-- This site is optimized with the Yoast SEO plugin v27.3 - https:\/\/yoast.com\/product\/yoast-seo-wordpress\/ -->\n<title>Calgonit Gluegill 750ml pritsiga pH 6 KGLUE750 &#8212; Easy Star O\u00dc<\/title>\n<meta name=\"robots\" content=\"index, follow, max-snippet:-1, max-image-preview:large, max-video-preview:-1\" \/>\n<link rel=\"canonical\" href=\"https:\/\/easystar.ee\/en\/toode\/calgonit-gluegill-750ml-pritsiga-ph-6-kglue750\/\" \/>\n<meta property=\"og:locale\" content=\"en_US\" \/>\n<meta property=\"og:type\" content=\"article\" \/>\n<meta property=\"og:title\" content=\"Calgonit Gluegill 750ml pritsiga pH 6 KGLUE750 &#8212; Easy Star O\u00dc\" \/>\n<meta property=\"og:description\" content=\"Calgonit Gluekill. Lisand lateksist p\u00f5hjustatud liimij\u00e4\u00e4kide eemaldamiseks p\u00f5hinev liim. P\u00f5hineb biolagunevatel orgaanilistel lahustitel. Kandke puhtalt enne v\u00f5i p\u00e4rast pesumasinat. Calgonit Gluekilli kasuta p\u00e4rast v\u00f5i enne puhastatava toote pesemist, pihusta etiketile ja oota pisut, kraapige liimij\u00e4\u00e4gid kastilt, pudelilt, purgilt jne. pH ca 6\" \/>\n<meta property=\"og:url\" content=\"https:\/\/easystar.ee\/en\/toode\/calgonit-gluegill-750ml-pritsiga-ph-6-kglue750\/\" \/>\n<meta property=\"og:site_name\" content=\"Easy Star O\u00dc\" \/>\n<meta property=\"article:modified_time\" content=\"2025-10-30T01:52:23+00:00\" \/>\n<meta property=\"og:image\" content=\"https:\/\/easystar.ee\/wp-content\/uploads\/2024\/06\/Calgonit_Gluekill.jpg\" \/>\n\t<meta property=\"og:image:width\" content=\"305\" \/>\n\t<meta property=\"og:image:height\" content=\"462\" \/>\n\t<meta property=\"og:image:type\" content=\"image\/jpeg\" \/>\n<meta name=\"twitter:card\" content=\"summary_large_image\" \/>\n<script type=\"application\/ld+json\" class=\"yoast-schema-graph\">{\"@context\":\"https:\\\/\\\/schema.org\",\"@graph\":[{\"@type\":\"WebPage\",\"@id\":\"https:\\\/\\\/easystar.ee\\\/en\\\/toode\\\/calgonit-gluegill-750ml-pritsiga-ph-6-kglue750\\\/\",\"url\":\"https:\\\/\\\/easystar.ee\\\/en\\\/toode\\\/calgonit-gluegill-750ml-pritsiga-ph-6-kglue750\\\/\",\"name\":\"Calgonit Gluegill 750ml pritsiga pH 6 KGLUE750 &#8212; Easy Star O\u00dc\",\"isPartOf\":{\"@id\":\"https:\\\/\\\/easystar.ee\\\/#website\"},\"primaryImageOfPage\":{\"@id\":\"https:\\\/\\\/easystar.ee\\\/en\\\/toode\\\/calgonit-gluegill-750ml-pritsiga-ph-6-kglue750\\\/#primaryimage\"},\"image\":{\"@id\":\"https:\\\/\\\/easystar.ee\\\/en\\\/toode\\\/calgonit-gluegill-750ml-pritsiga-ph-6-kglue750\\\/#primaryimage\"},\"thumbnailUrl\":\"https:\\\/\\\/easystar.ee\\\/wp-content\\\/uploads\\\/2024\\\/06\\\/Calgonit_Gluekill.jpg\",\"datePublished\":\"2024-06-03T08:04:48+00:00\",\"dateModified\":\"2025-10-30T01:52:23+00:00\",\"breadcrumb\":{\"@id\":\"https:\\\/\\\/easystar.ee\\\/en\\\/toode\\\/calgonit-gluegill-750ml-pritsiga-ph-6-kglue750\\\/#breadcrumb\"},\"inLanguage\":\"en-US\",\"potentialAction\":[{\"@type\":\"ReadAction\",\"target\":[\"https:\\\/\\\/easystar.ee\\\/en\\\/toode\\\/calgonit-gluegill-750ml-pritsiga-ph-6-kglue750\\\/\"]}]},{\"@type\":\"ImageObject\",\"inLanguage\":\"en-US\",\"@id\":\"https:\\\/\\\/easystar.ee\\\/en\\\/toode\\\/calgonit-gluegill-750ml-pritsiga-ph-6-kglue750\\\/#primaryimage\",\"url\":\"https:\\\/\\\/easystar.ee\\\/wp-content\\\/uploads\\\/2024\\\/06\\\/Calgonit_Gluekill.jpg\",\"contentUrl\":\"https:\\\/\\\/easystar.ee\\\/wp-content\\\/uploads\\\/2024\\\/06\\\/Calgonit_Gluekill.jpg\",\"width\":305,\"height\":462},{\"@type\":\"BreadcrumbList\",\"@id\":\"https:\\\/\\\/easystar.ee\\\/en\\\/toode\\\/calgonit-gluegill-750ml-pritsiga-ph-6-kglue750\\\/#breadcrumb\",\"itemListElement\":[{\"@type\":\"ListItem\",\"position\":1,\"name\":\"Home\",\"item\":\"https:\\\/\\\/easystar.ee\\\/ru\\\/\"},{\"@type\":\"ListItem\",\"position\":2,\"name\":\"Shop\",\"item\":\"https:\\\/\\\/easystar.ee\\\/tooted\\\/\"},{\"@type\":\"ListItem\",\"position\":3,\"name\":\"Calgonit Gluegill 750ml pritsiga pH 6 KGLUE750\"}]},{\"@type\":\"WebSite\",\"@id\":\"https:\\\/\\\/easystar.ee\\\/#website\",\"url\":\"https:\\\/\\\/easystar.ee\\\/\",\"name\":\"Easystar.ee\",\"description\":\"\",\"publisher\":{\"@id\":\"https:\\\/\\\/easystar.ee\\\/#organization\"},\"alternateName\":\"Keskkonnas\u00f5bralikud pehmepaberitooted teie kontorisse\",\"potentialAction\":[{\"@type\":\"SearchAction\",\"target\":{\"@type\":\"EntryPoint\",\"urlTemplate\":\"https:\\\/\\\/easystar.ee\\\/?s={search_term_string}\"},\"query-input\":{\"@type\":\"PropertyValueSpecification\",\"valueRequired\":true,\"valueName\":\"search_term_string\"}}],\"inLanguage\":\"en-US\"},{\"@type\":\"Organization\",\"@id\":\"https:\\\/\\\/easystar.ee\\\/#organization\",\"name\":\"Easy Star O\u00dc\",\"url\":\"https:\\\/\\\/easystar.ee\\\/\",\"logo\":{\"@type\":\"ImageObject\",\"inLanguage\":\"en-US\",\"@id\":\"https:\\\/\\\/easystar.ee\\\/#\\\/schema\\\/logo\\\/image\\\/\",\"url\":\"https:\\\/\\\/easystar.ee\\\/wp-content\\\/uploads\\\/2024\\\/03\\\/easystar-logo.svg\",\"contentUrl\":\"https:\\\/\\\/easystar.ee\\\/wp-content\\\/uploads\\\/2024\\\/03\\\/easystar-logo.svg\",\"width\":2000,\"height\":2000,\"caption\":\"Easy Star O\u00dc\"},\"image\":{\"@id\":\"https:\\\/\\\/easystar.ee\\\/#\\\/schema\\\/logo\\\/image\\\/\"}}]}<\/script>\n<!-- \/ Yoast SEO plugin. -->","yoast_head_json":{"title":"Calgonit Gluegill 750ml pritsiga pH 6 KGLUE750 &#8212; Easy Star O\u00dc","robots":{"index":"index","follow":"follow","max-snippet":"max-snippet:-1","max-image-preview":"max-image-preview:large","max-video-preview":"max-video-preview:-1"},"canonical":"https:\/\/easystar.ee\/en\/toode\/calgonit-gluegill-750ml-pritsiga-ph-6-kglue750\/","og_locale":"en_US","og_type":"article","og_title":"Calgonit Gluegill 750ml pritsiga pH 6 KGLUE750 &#8212; Easy Star O\u00dc","og_description":"Calgonit Gluekill. Lisand lateksist p\u00f5hjustatud liimij\u00e4\u00e4kide eemaldamiseks p\u00f5hinev liim. P\u00f5hineb biolagunevatel orgaanilistel lahustitel. Kandke puhtalt enne v\u00f5i p\u00e4rast pesumasinat. Calgonit Gluekilli kasuta p\u00e4rast v\u00f5i enne puhastatava toote pesemist, pihusta etiketile ja oota pisut, kraapige liimij\u00e4\u00e4gid kastilt, pudelilt, purgilt jne. pH ca 6","og_url":"https:\/\/easystar.ee\/en\/toode\/calgonit-gluegill-750ml-pritsiga-ph-6-kglue750\/","og_site_name":"Easy Star O\u00dc","article_modified_time":"2025-10-30T01:52:23+00:00","og_image":[{"width":305,"height":462,"url":"https:\/\/easystar.ee\/wp-content\/uploads\/2024\/06\/Calgonit_Gluekill.jpg","type":"image\/jpeg"}],"twitter_card":"summary_large_image","schema":{"@context":"https:\/\/schema.org","@graph":[{"@type":"WebPage","@id":"https:\/\/easystar.ee\/en\/toode\/calgonit-gluegill-750ml-pritsiga-ph-6-kglue750\/","url":"https:\/\/easystar.ee\/en\/toode\/calgonit-gluegill-750ml-pritsiga-ph-6-kglue750\/","name":"Calgonit Gluegill 750ml pritsiga pH 6 KGLUE750 &#8212; Easy Star O\u00dc","isPartOf":{"@id":"https:\/\/easystar.ee\/#website"},"primaryImageOfPage":{"@id":"https:\/\/easystar.ee\/en\/toode\/calgonit-gluegill-750ml-pritsiga-ph-6-kglue750\/#primaryimage"},"image":{"@id":"https:\/\/easystar.ee\/en\/toode\/calgonit-gluegill-750ml-pritsiga-ph-6-kglue750\/#primaryimage"},"thumbnailUrl":"https:\/\/easystar.ee\/wp-content\/uploads\/2024\/06\/Calgonit_Gluekill.jpg","datePublished":"2024-06-03T08:04:48+00:00","dateModified":"2025-10-30T01:52:23+00:00","breadcrumb":{"@id":"https:\/\/easystar.ee\/en\/toode\/calgonit-gluegill-750ml-pritsiga-ph-6-kglue750\/#breadcrumb"},"inLanguage":"en-US","potentialAction":[{"@type":"ReadAction","target":["https:\/\/easystar.ee\/en\/toode\/calgonit-gluegill-750ml-pritsiga-ph-6-kglue750\/"]}]},{"@type":"ImageObject","inLanguage":"en-US","@id":"https:\/\/easystar.ee\/en\/toode\/calgonit-gluegill-750ml-pritsiga-ph-6-kglue750\/#primaryimage","url":"https:\/\/easystar.ee\/wp-content\/uploads\/2024\/06\/Calgonit_Gluekill.jpg","contentUrl":"https:\/\/easystar.ee\/wp-content\/uploads\/2024\/06\/Calgonit_Gluekill.jpg","width":305,"height":462},{"@type":"BreadcrumbList","@id":"https:\/\/easystar.ee\/en\/toode\/calgonit-gluegill-750ml-pritsiga-ph-6-kglue750\/#breadcrumb","itemListElement":[{"@type":"ListItem","position":1,"name":"Home","item":"https:\/\/easystar.ee\/ru\/"},{"@type":"ListItem","position":2,"name":"Shop","item":"https:\/\/easystar.ee\/tooted\/"},{"@type":"ListItem","position":3,"name":"Calgonit Gluegill 750ml pritsiga pH 6 KGLUE750"}]},{"@type":"WebSite","@id":"https:\/\/easystar.ee\/#website","url":"https:\/\/easystar.ee\/","name":"Easystar.ee","description":"","publisher":{"@id":"https:\/\/easystar.ee\/#organization"},"alternateName":"Keskkonnas\u00f5bralikud pehmepaberitooted teie kontorisse","potentialAction":[{"@type":"SearchAction","target":{"@type":"EntryPoint","urlTemplate":"https:\/\/easystar.ee\/?s={search_term_string}"},"query-input":{"@type":"PropertyValueSpecification","valueRequired":true,"valueName":"search_term_string"}}],"inLanguage":"en-US"},{"@type":"Organization","@id":"https:\/\/easystar.ee\/#organization","name":"Easy Star O\u00dc","url":"https:\/\/easystar.ee\/","logo":{"@type":"ImageObject","inLanguage":"en-US","@id":"https:\/\/easystar.ee\/#\/schema\/logo\/image\/","url":"https:\/\/easystar.ee\/wp-content\/uploads\/2024\/03\/easystar-logo.svg","contentUrl":"https:\/\/easystar.ee\/wp-content\/uploads\/2024\/03\/easystar-logo.svg","width":2000,"height":2000,"caption":"Easy Star O\u00dc"},"image":{"@id":"https:\/\/easystar.ee\/#\/schema\/logo\/image\/"}}]}},"_links":{"self":[{"href":"https:\/\/easystar.ee\/en\/wp-json\/wp\/v2\/product\/39446","targetHints":{"allow":["GET"]}}],"collection":[{"href":"https:\/\/easystar.ee\/en\/wp-json\/wp\/v2\/product"}],"about":[{"href":"https:\/\/easystar.ee\/en\/wp-json\/wp\/v2\/types\/product"}],"wp:featuredmedia":[{"embeddable":true,"href":"https:\/\/easystar.ee\/en\/wp-json\/wp\/v2\/media\/40294"}],"wp:attachment":[{"href":"https:\/\/easystar.ee\/en\/wp-json\/wp\/v2\/media?parent=39446"}],"wp:term":[{"taxonomy":"product_brand","embeddable":true,"href":"https:\/\/easystar.ee\/en\/wp-json\/wp\/v2\/product_brand?post=39446"},{"taxonomy":"product_cat","embeddable":true,"href":"https:\/\/easystar.ee\/en\/wp-json\/wp\/v2\/product_cat?post=39446"},{"taxonomy":"product_tag","embeddable":true,"href":"https:\/\/easystar.ee\/en\/wp-json\/wp\/v2\/product_tag?post=39446"}],"curies":[{"name":"wp","href":"https:\/\/api.w.org\/{rel}","templated":true}]}}