{"id":39263,"date":"2024-06-08T01:55:53","date_gmt":"2024-06-08T01:55:53","guid":{"rendered":"https:\/\/easystar.ee\/toode\/calgonit-rfs-28kg-k101036\/"},"modified":"2025-10-30T01:55:59","modified_gmt":"2025-10-30T01:55:59","slug":"calgonit-rfs-28kg-lupsirobotile-k101036","status":"publish","type":"product","link":"https:\/\/easystar.ee\/en\/toode\/calgonit-rfs-28kg-lupsirobotile-k101036\/","title":{"rendered":"Calgonit RFS 28kg l\u00fcpsirobotile K101036"},"content":{"rendered":"","protected":false},"excerpt":{"rendered":"<p>K\u00f5rge s\u00f6\u00f6vitava intensiivsusega puhastusvahend l\u00fcpsirobotile pH 12,2<br \/>\nToote eelised<br \/>\n\u2022 stabiilne kareda vee korral<br \/>\n\u2022 tagab k\u00f5rge s\u00fcsteemih\u00fcgieeni taseme<br \/>\n\u2022 suurep\u00e4rase rasva ja valgu lahustuvuse<br \/>\n\u2022 sobib toiduainete t\u00f6\u00f6tlemise s\u00fcsteemidesse<br \/>\n\u2022 materjalide k\u00f5rge \u00fchilduvus<\/p>\n","protected":false},"featured_media":40176,"template":"","meta":{"_acf_changed":false},"product_brand":[],"product_cat":[1866,1829],"product_tag":[],"class_list":{"0":"post-39263","1":"product","2":"type-product","3":"status-publish","4":"has-post-thumbnail","6":"product_cat-agricultural-cleaning-agents","7":"product_cat-cleaning-chemicals","9":"first","10":"instock","11":"taxable","12":"shipping-taxable","13":"purchasable","14":"product-type-simple"},"acf":[],"yoast_head":"<!-- This site is optimized with the Yoast SEO plugin v27.3 - https:\/\/yoast.com\/product\/yoast-seo-wordpress\/ -->\n<title>Calgonit RFS 28kg l\u00fcpsirobotile K101036 &#8212; Easy Star O\u00dc<\/title>\n<meta name=\"robots\" content=\"index, follow, max-snippet:-1, max-image-preview:large, max-video-preview:-1\" \/>\n<link rel=\"canonical\" href=\"https:\/\/easystar.ee\/en\/toode\/calgonit-rfs-28kg-lupsirobotile-k101036\/\" \/>\n<meta property=\"og:locale\" content=\"en_US\" \/>\n<meta property=\"og:type\" content=\"article\" \/>\n<meta property=\"og:title\" content=\"Calgonit RFS 28kg l\u00fcpsirobotile K101036 &#8212; Easy Star O\u00dc\" \/>\n<meta property=\"og:description\" content=\"K\u00f5rge s\u00f6\u00f6vitava intensiivsusega puhastusvahend l\u00fcpsirobotile pH 12,2 Toote eelised \u2022 stabiilne kareda vee korral \u2022 tagab k\u00f5rge s\u00fcsteemih\u00fcgieeni taseme  \u2022 suurep\u00e4rase rasva ja valgu lahustuvuse  \u2022 sobib toiduainete t\u00f6\u00f6tlemise s\u00fcsteemidesse \u2022 materjalide k\u00f5rge \u00fchilduvus\" \/>\n<meta property=\"og:url\" content=\"https:\/\/easystar.ee\/en\/toode\/calgonit-rfs-28kg-lupsirobotile-k101036\/\" \/>\n<meta property=\"og:site_name\" content=\"Easy Star O\u00dc\" \/>\n<meta property=\"article:modified_time\" content=\"2025-10-30T01:55:59+00:00\" \/>\n<meta property=\"og:image\" content=\"https:\/\/easystar.ee\/wp-content\/uploads\/2024\/06\/Calgonit_RFS_28kg.jpg\" \/>\n\t<meta property=\"og:image:width\" content=\"364\" \/>\n\t<meta property=\"og:image:height\" content=\"510\" \/>\n\t<meta property=\"og:image:type\" content=\"image\/jpeg\" \/>\n<meta name=\"twitter:card\" content=\"summary_large_image\" \/>\n<script type=\"application\/ld+json\" class=\"yoast-schema-graph\">{\"@context\":\"https:\\\/\\\/schema.org\",\"@graph\":[{\"@type\":\"WebPage\",\"@id\":\"https:\\\/\\\/easystar.ee\\\/en\\\/toode\\\/calgonit-rfs-28kg-lupsirobotile-k101036\\\/\",\"url\":\"https:\\\/\\\/easystar.ee\\\/en\\\/toode\\\/calgonit-rfs-28kg-lupsirobotile-k101036\\\/\",\"name\":\"Calgonit RFS 28kg l\u00fcpsirobotile K101036 &#8212; Easy Star O\u00dc\",\"isPartOf\":{\"@id\":\"https:\\\/\\\/easystar.ee\\\/#website\"},\"primaryImageOfPage\":{\"@id\":\"https:\\\/\\\/easystar.ee\\\/en\\\/toode\\\/calgonit-rfs-28kg-lupsirobotile-k101036\\\/#primaryimage\"},\"image\":{\"@id\":\"https:\\\/\\\/easystar.ee\\\/en\\\/toode\\\/calgonit-rfs-28kg-lupsirobotile-k101036\\\/#primaryimage\"},\"thumbnailUrl\":\"https:\\\/\\\/easystar.ee\\\/wp-content\\\/uploads\\\/2024\\\/06\\\/Calgonit_RFS_28kg.jpg\",\"datePublished\":\"2024-06-08T01:55:53+00:00\",\"dateModified\":\"2025-10-30T01:55:59+00:00\",\"breadcrumb\":{\"@id\":\"https:\\\/\\\/easystar.ee\\\/en\\\/toode\\\/calgonit-rfs-28kg-lupsirobotile-k101036\\\/#breadcrumb\"},\"inLanguage\":\"en-US\",\"potentialAction\":[{\"@type\":\"ReadAction\",\"target\":[\"https:\\\/\\\/easystar.ee\\\/en\\\/toode\\\/calgonit-rfs-28kg-lupsirobotile-k101036\\\/\"]}]},{\"@type\":\"ImageObject\",\"inLanguage\":\"en-US\",\"@id\":\"https:\\\/\\\/easystar.ee\\\/en\\\/toode\\\/calgonit-rfs-28kg-lupsirobotile-k101036\\\/#primaryimage\",\"url\":\"https:\\\/\\\/easystar.ee\\\/wp-content\\\/uploads\\\/2024\\\/06\\\/Calgonit_RFS_28kg.jpg\",\"contentUrl\":\"https:\\\/\\\/easystar.ee\\\/wp-content\\\/uploads\\\/2024\\\/06\\\/Calgonit_RFS_28kg.jpg\",\"width\":364,\"height\":510},{\"@type\":\"BreadcrumbList\",\"@id\":\"https:\\\/\\\/easystar.ee\\\/en\\\/toode\\\/calgonit-rfs-28kg-lupsirobotile-k101036\\\/#breadcrumb\",\"itemListElement\":[{\"@type\":\"ListItem\",\"position\":1,\"name\":\"Home\",\"item\":\"https:\\\/\\\/easystar.ee\\\/ru\\\/\"},{\"@type\":\"ListItem\",\"position\":2,\"name\":\"Shop\",\"item\":\"https:\\\/\\\/easystar.ee\\\/tooted\\\/\"},{\"@type\":\"ListItem\",\"position\":3,\"name\":\"Calgonit RFS 28kg l\u00fcpsirobotile K101036\"}]},{\"@type\":\"WebSite\",\"@id\":\"https:\\\/\\\/easystar.ee\\\/#website\",\"url\":\"https:\\\/\\\/easystar.ee\\\/\",\"name\":\"Easystar.ee\",\"description\":\"\",\"publisher\":{\"@id\":\"https:\\\/\\\/easystar.ee\\\/#organization\"},\"alternateName\":\"Keskkonnas\u00f5bralikud pehmepaberitooted teie kontorisse\",\"potentialAction\":[{\"@type\":\"SearchAction\",\"target\":{\"@type\":\"EntryPoint\",\"urlTemplate\":\"https:\\\/\\\/easystar.ee\\\/?s={search_term_string}\"},\"query-input\":{\"@type\":\"PropertyValueSpecification\",\"valueRequired\":true,\"valueName\":\"search_term_string\"}}],\"inLanguage\":\"en-US\"},{\"@type\":\"Organization\",\"@id\":\"https:\\\/\\\/easystar.ee\\\/#organization\",\"name\":\"Easy Star O\u00dc\",\"url\":\"https:\\\/\\\/easystar.ee\\\/\",\"logo\":{\"@type\":\"ImageObject\",\"inLanguage\":\"en-US\",\"@id\":\"https:\\\/\\\/easystar.ee\\\/#\\\/schema\\\/logo\\\/image\\\/\",\"url\":\"https:\\\/\\\/easystar.ee\\\/wp-content\\\/uploads\\\/2024\\\/03\\\/easystar-logo.svg\",\"contentUrl\":\"https:\\\/\\\/easystar.ee\\\/wp-content\\\/uploads\\\/2024\\\/03\\\/easystar-logo.svg\",\"width\":2000,\"height\":2000,\"caption\":\"Easy Star O\u00dc\"},\"image\":{\"@id\":\"https:\\\/\\\/easystar.ee\\\/#\\\/schema\\\/logo\\\/image\\\/\"}}]}<\/script>\n<!-- \/ Yoast SEO plugin. -->","yoast_head_json":{"title":"Calgonit RFS 28kg l\u00fcpsirobotile K101036 &#8212; Easy Star O\u00dc","robots":{"index":"index","follow":"follow","max-snippet":"max-snippet:-1","max-image-preview":"max-image-preview:large","max-video-preview":"max-video-preview:-1"},"canonical":"https:\/\/easystar.ee\/en\/toode\/calgonit-rfs-28kg-lupsirobotile-k101036\/","og_locale":"en_US","og_type":"article","og_title":"Calgonit RFS 28kg l\u00fcpsirobotile K101036 &#8212; Easy Star O\u00dc","og_description":"K\u00f5rge s\u00f6\u00f6vitava intensiivsusega puhastusvahend l\u00fcpsirobotile pH 12,2 Toote eelised \u2022 stabiilne kareda vee korral \u2022 tagab k\u00f5rge s\u00fcsteemih\u00fcgieeni taseme  \u2022 suurep\u00e4rase rasva ja valgu lahustuvuse  \u2022 sobib toiduainete t\u00f6\u00f6tlemise s\u00fcsteemidesse \u2022 materjalide k\u00f5rge \u00fchilduvus","og_url":"https:\/\/easystar.ee\/en\/toode\/calgonit-rfs-28kg-lupsirobotile-k101036\/","og_site_name":"Easy Star O\u00dc","article_modified_time":"2025-10-30T01:55:59+00:00","og_image":[{"width":364,"height":510,"url":"https:\/\/easystar.ee\/wp-content\/uploads\/2024\/06\/Calgonit_RFS_28kg.jpg","type":"image\/jpeg"}],"twitter_card":"summary_large_image","schema":{"@context":"https:\/\/schema.org","@graph":[{"@type":"WebPage","@id":"https:\/\/easystar.ee\/en\/toode\/calgonit-rfs-28kg-lupsirobotile-k101036\/","url":"https:\/\/easystar.ee\/en\/toode\/calgonit-rfs-28kg-lupsirobotile-k101036\/","name":"Calgonit RFS 28kg l\u00fcpsirobotile K101036 &#8212; Easy Star O\u00dc","isPartOf":{"@id":"https:\/\/easystar.ee\/#website"},"primaryImageOfPage":{"@id":"https:\/\/easystar.ee\/en\/toode\/calgonit-rfs-28kg-lupsirobotile-k101036\/#primaryimage"},"image":{"@id":"https:\/\/easystar.ee\/en\/toode\/calgonit-rfs-28kg-lupsirobotile-k101036\/#primaryimage"},"thumbnailUrl":"https:\/\/easystar.ee\/wp-content\/uploads\/2024\/06\/Calgonit_RFS_28kg.jpg","datePublished":"2024-06-08T01:55:53+00:00","dateModified":"2025-10-30T01:55:59+00:00","breadcrumb":{"@id":"https:\/\/easystar.ee\/en\/toode\/calgonit-rfs-28kg-lupsirobotile-k101036\/#breadcrumb"},"inLanguage":"en-US","potentialAction":[{"@type":"ReadAction","target":["https:\/\/easystar.ee\/en\/toode\/calgonit-rfs-28kg-lupsirobotile-k101036\/"]}]},{"@type":"ImageObject","inLanguage":"en-US","@id":"https:\/\/easystar.ee\/en\/toode\/calgonit-rfs-28kg-lupsirobotile-k101036\/#primaryimage","url":"https:\/\/easystar.ee\/wp-content\/uploads\/2024\/06\/Calgonit_RFS_28kg.jpg","contentUrl":"https:\/\/easystar.ee\/wp-content\/uploads\/2024\/06\/Calgonit_RFS_28kg.jpg","width":364,"height":510},{"@type":"BreadcrumbList","@id":"https:\/\/easystar.ee\/en\/toode\/calgonit-rfs-28kg-lupsirobotile-k101036\/#breadcrumb","itemListElement":[{"@type":"ListItem","position":1,"name":"Home","item":"https:\/\/easystar.ee\/ru\/"},{"@type":"ListItem","position":2,"name":"Shop","item":"https:\/\/easystar.ee\/tooted\/"},{"@type":"ListItem","position":3,"name":"Calgonit RFS 28kg l\u00fcpsirobotile K101036"}]},{"@type":"WebSite","@id":"https:\/\/easystar.ee\/#website","url":"https:\/\/easystar.ee\/","name":"Easystar.ee","description":"","publisher":{"@id":"https:\/\/easystar.ee\/#organization"},"alternateName":"Keskkonnas\u00f5bralikud pehmepaberitooted teie kontorisse","potentialAction":[{"@type":"SearchAction","target":{"@type":"EntryPoint","urlTemplate":"https:\/\/easystar.ee\/?s={search_term_string}"},"query-input":{"@type":"PropertyValueSpecification","valueRequired":true,"valueName":"search_term_string"}}],"inLanguage":"en-US"},{"@type":"Organization","@id":"https:\/\/easystar.ee\/#organization","name":"Easy Star O\u00dc","url":"https:\/\/easystar.ee\/","logo":{"@type":"ImageObject","inLanguage":"en-US","@id":"https:\/\/easystar.ee\/#\/schema\/logo\/image\/","url":"https:\/\/easystar.ee\/wp-content\/uploads\/2024\/03\/easystar-logo.svg","contentUrl":"https:\/\/easystar.ee\/wp-content\/uploads\/2024\/03\/easystar-logo.svg","width":2000,"height":2000,"caption":"Easy Star O\u00dc"},"image":{"@id":"https:\/\/easystar.ee\/#\/schema\/logo\/image\/"}}]}},"_links":{"self":[{"href":"https:\/\/easystar.ee\/en\/wp-json\/wp\/v2\/product\/39263","targetHints":{"allow":["GET"]}}],"collection":[{"href":"https:\/\/easystar.ee\/en\/wp-json\/wp\/v2\/product"}],"about":[{"href":"https:\/\/easystar.ee\/en\/wp-json\/wp\/v2\/types\/product"}],"wp:featuredmedia":[{"embeddable":true,"href":"https:\/\/easystar.ee\/en\/wp-json\/wp\/v2\/media\/40176"}],"wp:attachment":[{"href":"https:\/\/easystar.ee\/en\/wp-json\/wp\/v2\/media?parent=39263"}],"wp:term":[{"taxonomy":"product_brand","embeddable":true,"href":"https:\/\/easystar.ee\/en\/wp-json\/wp\/v2\/product_brand?post=39263"},{"taxonomy":"product_cat","embeddable":true,"href":"https:\/\/easystar.ee\/en\/wp-json\/wp\/v2\/product_cat?post=39263"},{"taxonomy":"product_tag","embeddable":true,"href":"https:\/\/easystar.ee\/en\/wp-json\/wp\/v2\/product_tag?post=39263"}],"curies":[{"name":"wp","href":"https:\/\/api.w.org\/{rel}","templated":true}]}}