{"id":37408,"date":"2024-06-03T08:12:16","date_gmt":"2024-06-03T08:12:16","guid":{"rendered":"https:\/\/easystar.ee\/toode\/vibe-pro-lohnadosaatori-taide-bergamot-sandlawood-lvibepro-berg\/"},"modified":"2025-10-30T01:55:15","modified_gmt":"2025-10-30T01:55:15","slug":"vibe-pro-lohnadosaatori-taide-bergamot-sandlawood-lvibepro-berg","status":"publish","type":"product","link":"https:\/\/easystar.ee\/en\/toode\/vibe-pro-lohnadosaatori-taide-bergamot-sandlawood-lvibepro-berg\/","title":{"rendered":"Vibe PRO l\u00f5hnadosaatori t\u00e4ide Bergamot &#038; Sandlawood LVIBEPRO-BERG"},"content":{"rendered":"","protected":false},"excerpt":{"rendered":"<p>Bergamoti ja sandlipuu aroom koosneb v\u00e4rsketest tsitruseliste sidruni tippnootidest ja puiduse p\u00f5hjaga muudab selle ahvatlevaks aroomiks. L\u00f5hnanoodid: bergamot, tsitruseliste koor, muguet, jasmiin, roos, eukal\u00fcpt, nelk, sandlipuu, merevaik, muskus.<br \/>\nL\u00f5hna intensiivsus: 3 (keskmine intensiivsus).<br \/>\nT\u00e4iustage oma ruumi meie Vibe\u00ae Pro Aircare jaoturiga ja t\u00e4itke teedrajava vibreeriva v\u00f5rgutehnoloogiaga, et tagada suurep\u00e4rane l\u00f5hnade edastamine. Vibe\u00ae Pro pakub \u00fclipeent udu, mis kestab mitu tundi. 2000 laseriga l\u00f5igatud auguga dosaator vibreerib, tekitades l\u00e4bi aukude v\u00e4ga peente l\u00f5hnaosakeste udu<\/p>\n","protected":false},"featured_media":37406,"template":"","meta":{"_acf_changed":false},"product_brand":[],"product_cat":[1849,1850],"product_tag":[],"class_list":{"0":"post-37408","1":"product","2":"type-product","3":"status-publish","4":"has-post-thumbnail","6":"product_cat-air-fresheners","7":"product_cat-air-fresheners-air-fresheners","9":"first","10":"instock","11":"taxable","12":"shipping-taxable","13":"purchasable","14":"product-type-simple"},"acf":[],"yoast_head":"<!-- This site is optimized with the Yoast SEO plugin v27.3 - https:\/\/yoast.com\/product\/yoast-seo-wordpress\/ -->\n<title>Vibe PRO l\u00f5hnadosaatori t\u00e4ide Bergamot &amp; Sandlawood LVIBEPRO-BERG &#8212; Easy Star O\u00dc<\/title>\n<meta name=\"robots\" content=\"index, follow, max-snippet:-1, max-image-preview:large, max-video-preview:-1\" \/>\n<link rel=\"canonical\" href=\"https:\/\/easystar.ee\/en\/toode\/vibe-pro-lohnadosaatori-taide-bergamot-sandlawood-lvibepro-berg\/\" \/>\n<meta property=\"og:locale\" content=\"en_US\" \/>\n<meta property=\"og:type\" content=\"article\" \/>\n<meta property=\"og:title\" content=\"Vibe PRO l\u00f5hnadosaatori t\u00e4ide Bergamot &amp; Sandlawood LVIBEPRO-BERG &#8212; Easy Star O\u00dc\" \/>\n<meta property=\"og:description\" content=\"Bergamoti ja sandlipuu aroom koosneb v\u00e4rsketest tsitruseliste sidruni tippnootidest ja puiduse p\u00f5hjaga muudab selle ahvatlevaks aroomiks. L\u00f5hnanoodid: bergamot, tsitruseliste koor, muguet, jasmiin, roos, eukal\u00fcpt, nelk, sandlipuu, merevaik, muskus. L\u00f5hna intensiivsus: 3 (keskmine intensiivsus). T\u00e4iustage oma ruumi meie Vibe\u00ae Pro Aircare jaoturiga ja t\u00e4itke teedrajava vibreeriva v\u00f5rgutehnoloogiaga, et tagada suurep\u00e4rane l\u00f5hnade edastamine. Vibe\u00ae Pro pakub \u00fclipeent udu, mis kestab mitu tundi. 2000 laseriga l\u00f5igatud auguga dosaator vibreerib, tekitades l\u00e4bi aukude v\u00e4ga peente l\u00f5hnaosakeste udu\" \/>\n<meta property=\"og:url\" content=\"https:\/\/easystar.ee\/en\/toode\/vibe-pro-lohnadosaatori-taide-bergamot-sandlawood-lvibepro-berg\/\" \/>\n<meta property=\"og:site_name\" content=\"Easy Star O\u00dc\" \/>\n<meta property=\"article:modified_time\" content=\"2025-10-30T01:55:15+00:00\" \/>\n<meta property=\"og:image\" content=\"https:\/\/easystar.ee\/wp-content\/uploads\/2024\/06\/Bergamot___Sandlawood.jpg\" \/>\n\t<meta property=\"og:image:width\" content=\"166\" \/>\n\t<meta property=\"og:image:height\" content=\"566\" \/>\n\t<meta property=\"og:image:type\" content=\"image\/jpeg\" \/>\n<meta name=\"twitter:card\" content=\"summary_large_image\" \/>\n<script type=\"application\/ld+json\" class=\"yoast-schema-graph\">{\"@context\":\"https:\\\/\\\/schema.org\",\"@graph\":[{\"@type\":\"WebPage\",\"@id\":\"https:\\\/\\\/easystar.ee\\\/en\\\/toode\\\/vibe-pro-lohnadosaatori-taide-bergamot-sandlawood-lvibepro-berg\\\/\",\"url\":\"https:\\\/\\\/easystar.ee\\\/en\\\/toode\\\/vibe-pro-lohnadosaatori-taide-bergamot-sandlawood-lvibepro-berg\\\/\",\"name\":\"Vibe PRO l\u00f5hnadosaatori t\u00e4ide Bergamot & Sandlawood LVIBEPRO-BERG &#8212; Easy Star O\u00dc\",\"isPartOf\":{\"@id\":\"https:\\\/\\\/easystar.ee\\\/#website\"},\"primaryImageOfPage\":{\"@id\":\"https:\\\/\\\/easystar.ee\\\/en\\\/toode\\\/vibe-pro-lohnadosaatori-taide-bergamot-sandlawood-lvibepro-berg\\\/#primaryimage\"},\"image\":{\"@id\":\"https:\\\/\\\/easystar.ee\\\/en\\\/toode\\\/vibe-pro-lohnadosaatori-taide-bergamot-sandlawood-lvibepro-berg\\\/#primaryimage\"},\"thumbnailUrl\":\"https:\\\/\\\/easystar.ee\\\/wp-content\\\/uploads\\\/2024\\\/06\\\/Bergamot___Sandlawood.jpg\",\"datePublished\":\"2024-06-03T08:12:16+00:00\",\"dateModified\":\"2025-10-30T01:55:15+00:00\",\"breadcrumb\":{\"@id\":\"https:\\\/\\\/easystar.ee\\\/en\\\/toode\\\/vibe-pro-lohnadosaatori-taide-bergamot-sandlawood-lvibepro-berg\\\/#breadcrumb\"},\"inLanguage\":\"en-US\",\"potentialAction\":[{\"@type\":\"ReadAction\",\"target\":[\"https:\\\/\\\/easystar.ee\\\/en\\\/toode\\\/vibe-pro-lohnadosaatori-taide-bergamot-sandlawood-lvibepro-berg\\\/\"]}]},{\"@type\":\"ImageObject\",\"inLanguage\":\"en-US\",\"@id\":\"https:\\\/\\\/easystar.ee\\\/en\\\/toode\\\/vibe-pro-lohnadosaatori-taide-bergamot-sandlawood-lvibepro-berg\\\/#primaryimage\",\"url\":\"https:\\\/\\\/easystar.ee\\\/wp-content\\\/uploads\\\/2024\\\/06\\\/Bergamot___Sandlawood.jpg\",\"contentUrl\":\"https:\\\/\\\/easystar.ee\\\/wp-content\\\/uploads\\\/2024\\\/06\\\/Bergamot___Sandlawood.jpg\",\"width\":166,\"height\":566},{\"@type\":\"BreadcrumbList\",\"@id\":\"https:\\\/\\\/easystar.ee\\\/en\\\/toode\\\/vibe-pro-lohnadosaatori-taide-bergamot-sandlawood-lvibepro-berg\\\/#breadcrumb\",\"itemListElement\":[{\"@type\":\"ListItem\",\"position\":1,\"name\":\"Home\",\"item\":\"https:\\\/\\\/easystar.ee\\\/ru\\\/\"},{\"@type\":\"ListItem\",\"position\":2,\"name\":\"Shop\",\"item\":\"https:\\\/\\\/easystar.ee\\\/tooted\\\/\"},{\"@type\":\"ListItem\",\"position\":3,\"name\":\"Vibe PRO l\u00f5hnadosaatori t\u00e4ide Bergamot &#038; Sandlawood LVIBEPRO-BERG\"}]},{\"@type\":\"WebSite\",\"@id\":\"https:\\\/\\\/easystar.ee\\\/#website\",\"url\":\"https:\\\/\\\/easystar.ee\\\/\",\"name\":\"Easystar.ee\",\"description\":\"\",\"publisher\":{\"@id\":\"https:\\\/\\\/easystar.ee\\\/#organization\"},\"alternateName\":\"Keskkonnas\u00f5bralikud pehmepaberitooted teie kontorisse\",\"potentialAction\":[{\"@type\":\"SearchAction\",\"target\":{\"@type\":\"EntryPoint\",\"urlTemplate\":\"https:\\\/\\\/easystar.ee\\\/?s={search_term_string}\"},\"query-input\":{\"@type\":\"PropertyValueSpecification\",\"valueRequired\":true,\"valueName\":\"search_term_string\"}}],\"inLanguage\":\"en-US\"},{\"@type\":\"Organization\",\"@id\":\"https:\\\/\\\/easystar.ee\\\/#organization\",\"name\":\"Easy Star O\u00dc\",\"url\":\"https:\\\/\\\/easystar.ee\\\/\",\"logo\":{\"@type\":\"ImageObject\",\"inLanguage\":\"en-US\",\"@id\":\"https:\\\/\\\/easystar.ee\\\/#\\\/schema\\\/logo\\\/image\\\/\",\"url\":\"https:\\\/\\\/easystar.ee\\\/wp-content\\\/uploads\\\/2024\\\/03\\\/easystar-logo.svg\",\"contentUrl\":\"https:\\\/\\\/easystar.ee\\\/wp-content\\\/uploads\\\/2024\\\/03\\\/easystar-logo.svg\",\"width\":2000,\"height\":2000,\"caption\":\"Easy Star O\u00dc\"},\"image\":{\"@id\":\"https:\\\/\\\/easystar.ee\\\/#\\\/schema\\\/logo\\\/image\\\/\"}}]}<\/script>\n<!-- \/ Yoast SEO plugin. -->","yoast_head_json":{"title":"Vibe PRO l\u00f5hnadosaatori t\u00e4ide Bergamot & Sandlawood LVIBEPRO-BERG &#8212; Easy Star O\u00dc","robots":{"index":"index","follow":"follow","max-snippet":"max-snippet:-1","max-image-preview":"max-image-preview:large","max-video-preview":"max-video-preview:-1"},"canonical":"https:\/\/easystar.ee\/en\/toode\/vibe-pro-lohnadosaatori-taide-bergamot-sandlawood-lvibepro-berg\/","og_locale":"en_US","og_type":"article","og_title":"Vibe PRO l\u00f5hnadosaatori t\u00e4ide Bergamot & Sandlawood LVIBEPRO-BERG &#8212; Easy Star O\u00dc","og_description":"Bergamoti ja sandlipuu aroom koosneb v\u00e4rsketest tsitruseliste sidruni tippnootidest ja puiduse p\u00f5hjaga muudab selle ahvatlevaks aroomiks. L\u00f5hnanoodid: bergamot, tsitruseliste koor, muguet, jasmiin, roos, eukal\u00fcpt, nelk, sandlipuu, merevaik, muskus. L\u00f5hna intensiivsus: 3 (keskmine intensiivsus). T\u00e4iustage oma ruumi meie Vibe\u00ae Pro Aircare jaoturiga ja t\u00e4itke teedrajava vibreeriva v\u00f5rgutehnoloogiaga, et tagada suurep\u00e4rane l\u00f5hnade edastamine. Vibe\u00ae Pro pakub \u00fclipeent udu, mis kestab mitu tundi. 2000 laseriga l\u00f5igatud auguga dosaator vibreerib, tekitades l\u00e4bi aukude v\u00e4ga peente l\u00f5hnaosakeste udu","og_url":"https:\/\/easystar.ee\/en\/toode\/vibe-pro-lohnadosaatori-taide-bergamot-sandlawood-lvibepro-berg\/","og_site_name":"Easy Star O\u00dc","article_modified_time":"2025-10-30T01:55:15+00:00","og_image":[{"width":166,"height":566,"url":"https:\/\/easystar.ee\/wp-content\/uploads\/2024\/06\/Bergamot___Sandlawood.jpg","type":"image\/jpeg"}],"twitter_card":"summary_large_image","schema":{"@context":"https:\/\/schema.org","@graph":[{"@type":"WebPage","@id":"https:\/\/easystar.ee\/en\/toode\/vibe-pro-lohnadosaatori-taide-bergamot-sandlawood-lvibepro-berg\/","url":"https:\/\/easystar.ee\/en\/toode\/vibe-pro-lohnadosaatori-taide-bergamot-sandlawood-lvibepro-berg\/","name":"Vibe PRO l\u00f5hnadosaatori t\u00e4ide Bergamot & Sandlawood LVIBEPRO-BERG &#8212; Easy Star O\u00dc","isPartOf":{"@id":"https:\/\/easystar.ee\/#website"},"primaryImageOfPage":{"@id":"https:\/\/easystar.ee\/en\/toode\/vibe-pro-lohnadosaatori-taide-bergamot-sandlawood-lvibepro-berg\/#primaryimage"},"image":{"@id":"https:\/\/easystar.ee\/en\/toode\/vibe-pro-lohnadosaatori-taide-bergamot-sandlawood-lvibepro-berg\/#primaryimage"},"thumbnailUrl":"https:\/\/easystar.ee\/wp-content\/uploads\/2024\/06\/Bergamot___Sandlawood.jpg","datePublished":"2024-06-03T08:12:16+00:00","dateModified":"2025-10-30T01:55:15+00:00","breadcrumb":{"@id":"https:\/\/easystar.ee\/en\/toode\/vibe-pro-lohnadosaatori-taide-bergamot-sandlawood-lvibepro-berg\/#breadcrumb"},"inLanguage":"en-US","potentialAction":[{"@type":"ReadAction","target":["https:\/\/easystar.ee\/en\/toode\/vibe-pro-lohnadosaatori-taide-bergamot-sandlawood-lvibepro-berg\/"]}]},{"@type":"ImageObject","inLanguage":"en-US","@id":"https:\/\/easystar.ee\/en\/toode\/vibe-pro-lohnadosaatori-taide-bergamot-sandlawood-lvibepro-berg\/#primaryimage","url":"https:\/\/easystar.ee\/wp-content\/uploads\/2024\/06\/Bergamot___Sandlawood.jpg","contentUrl":"https:\/\/easystar.ee\/wp-content\/uploads\/2024\/06\/Bergamot___Sandlawood.jpg","width":166,"height":566},{"@type":"BreadcrumbList","@id":"https:\/\/easystar.ee\/en\/toode\/vibe-pro-lohnadosaatori-taide-bergamot-sandlawood-lvibepro-berg\/#breadcrumb","itemListElement":[{"@type":"ListItem","position":1,"name":"Home","item":"https:\/\/easystar.ee\/ru\/"},{"@type":"ListItem","position":2,"name":"Shop","item":"https:\/\/easystar.ee\/tooted\/"},{"@type":"ListItem","position":3,"name":"Vibe PRO l\u00f5hnadosaatori t\u00e4ide Bergamot &#038; Sandlawood LVIBEPRO-BERG"}]},{"@type":"WebSite","@id":"https:\/\/easystar.ee\/#website","url":"https:\/\/easystar.ee\/","name":"Easystar.ee","description":"","publisher":{"@id":"https:\/\/easystar.ee\/#organization"},"alternateName":"Keskkonnas\u00f5bralikud pehmepaberitooted teie kontorisse","potentialAction":[{"@type":"SearchAction","target":{"@type":"EntryPoint","urlTemplate":"https:\/\/easystar.ee\/?s={search_term_string}"},"query-input":{"@type":"PropertyValueSpecification","valueRequired":true,"valueName":"search_term_string"}}],"inLanguage":"en-US"},{"@type":"Organization","@id":"https:\/\/easystar.ee\/#organization","name":"Easy Star O\u00dc","url":"https:\/\/easystar.ee\/","logo":{"@type":"ImageObject","inLanguage":"en-US","@id":"https:\/\/easystar.ee\/#\/schema\/logo\/image\/","url":"https:\/\/easystar.ee\/wp-content\/uploads\/2024\/03\/easystar-logo.svg","contentUrl":"https:\/\/easystar.ee\/wp-content\/uploads\/2024\/03\/easystar-logo.svg","width":2000,"height":2000,"caption":"Easy Star O\u00dc"},"image":{"@id":"https:\/\/easystar.ee\/#\/schema\/logo\/image\/"}}]}},"_links":{"self":[{"href":"https:\/\/easystar.ee\/en\/wp-json\/wp\/v2\/product\/37408","targetHints":{"allow":["GET"]}}],"collection":[{"href":"https:\/\/easystar.ee\/en\/wp-json\/wp\/v2\/product"}],"about":[{"href":"https:\/\/easystar.ee\/en\/wp-json\/wp\/v2\/types\/product"}],"wp:featuredmedia":[{"embeddable":true,"href":"https:\/\/easystar.ee\/en\/wp-json\/wp\/v2\/media\/37406"}],"wp:attachment":[{"href":"https:\/\/easystar.ee\/en\/wp-json\/wp\/v2\/media?parent=37408"}],"wp:term":[{"taxonomy":"product_brand","embeddable":true,"href":"https:\/\/easystar.ee\/en\/wp-json\/wp\/v2\/product_brand?post=37408"},{"taxonomy":"product_cat","embeddable":true,"href":"https:\/\/easystar.ee\/en\/wp-json\/wp\/v2\/product_cat?post=37408"},{"taxonomy":"product_tag","embeddable":true,"href":"https:\/\/easystar.ee\/en\/wp-json\/wp\/v2\/product_tag?post=37408"}],"curies":[{"name":"wp","href":"https:\/\/api.w.org\/{rel}","templated":true}]}}