{"id":37402,"date":"2024-06-03T08:12:14","date_gmt":"2024-06-03T08:12:14","guid":{"rendered":"https:\/\/easystar.ee\/toode\/vibe-pro-lohnadosaatori-taide-white-tea-thyme-lvibepro-tea\/"},"modified":"2025-10-30T01:55:13","modified_gmt":"2025-10-30T01:55:13","slug":"vibe-pro-lohnadosaatori-taide-white-tea-thyme-lvibepro-tea","status":"publish","type":"product","link":"https:\/\/easystar.ee\/en\/toode\/vibe-pro-lohnadosaatori-taide-white-tea-thyme-lvibepro-tea\/","title":{"rendered":"Vibe PRO l\u00f5hnadosaatori t\u00e4ide White tea &#038; Thyme LVIBEPRO-TEA"},"content":{"rendered":"","protected":false},"excerpt":{"rendered":"<p>Valge tee ja t\u00fc\u00fcmiani aroom toob v\u00e4rske valge tee l\u00f5hna, mis on tasakaalustatud \u00fcrtide ja \u00f5rnade lillelehtedega. L\u00f5hnanoodid: Tsitrusviljade koor, murakad, kirss, pulber, ylang-ylang, roos, lavendel, valge muskus.<br \/>\nL\u00f5hna intensiivsus: 2 (v\u00e4hem intensiivne).<br \/>\nT\u00e4iustage oma ruumi meie patenteeritud Vibe\u00ae Pro Aircare jaoturiga ja t\u00e4itke teedrajava vibreeriva v\u00f5rgutehnoloogiaga, et tagada suurep\u00e4rane l\u00f5hnade edastamine. Vibe\u00ae Pro pakub \u00fclipeent udu, mis kestab mitu tundi. 2000 laseriga l\u00f5igatud auguga dosaator vibreerib, tekitades l\u00e4bi aukude v\u00e4ga peente l\u00f5hnaosakeste udu.<\/p>\n","protected":false},"featured_media":37400,"template":"","meta":{"_acf_changed":false},"product_brand":[],"product_cat":[1850,1849],"product_tag":[],"class_list":{"0":"post-37402","1":"product","2":"type-product","3":"status-publish","4":"has-post-thumbnail","6":"product_cat-air-fresheners-air-fresheners","7":"product_cat-air-fresheners","9":"first","10":"instock","11":"taxable","12":"shipping-taxable","13":"purchasable","14":"product-type-simple"},"acf":[],"yoast_head":"<!-- This site is optimized with the Yoast SEO plugin v27.3 - https:\/\/yoast.com\/product\/yoast-seo-wordpress\/ -->\n<title>Vibe PRO l\u00f5hnadosaatori t\u00e4ide White tea &amp; Thyme LVIBEPRO-TEA &#8212; Easy Star O\u00dc<\/title>\n<meta name=\"robots\" content=\"index, follow, max-snippet:-1, max-image-preview:large, max-video-preview:-1\" \/>\n<link rel=\"canonical\" href=\"https:\/\/easystar.ee\/en\/toode\/vibe-pro-lohnadosaatori-taide-white-tea-thyme-lvibepro-tea\/\" \/>\n<meta property=\"og:locale\" content=\"en_US\" \/>\n<meta property=\"og:type\" content=\"article\" \/>\n<meta property=\"og:title\" content=\"Vibe PRO l\u00f5hnadosaatori t\u00e4ide White tea &amp; Thyme LVIBEPRO-TEA &#8212; Easy Star O\u00dc\" \/>\n<meta property=\"og:description\" content=\"Valge tee ja t\u00fc\u00fcmiani aroom toob v\u00e4rske valge tee l\u00f5hna, mis on tasakaalustatud \u00fcrtide ja \u00f5rnade lillelehtedega. L\u00f5hnanoodid: Tsitrusviljade koor, murakad, kirss, pulber, ylang-ylang, roos, lavendel, valge muskus.  L\u00f5hna intensiivsus: 2 (v\u00e4hem intensiivne).  T\u00e4iustage oma ruumi meie patenteeritud Vibe\u00ae Pro Aircare jaoturiga ja t\u00e4itke teedrajava vibreeriva v\u00f5rgutehnoloogiaga, et tagada suurep\u00e4rane l\u00f5hnade edastamine. Vibe\u00ae Pro pakub \u00fclipeent udu, mis kestab mitu tundi. 2000 laseriga l\u00f5igatud auguga dosaator vibreerib, tekitades l\u00e4bi aukude v\u00e4ga peente l\u00f5hnaosakeste udu.\" \/>\n<meta property=\"og:url\" content=\"https:\/\/easystar.ee\/en\/toode\/vibe-pro-lohnadosaatori-taide-white-tea-thyme-lvibepro-tea\/\" \/>\n<meta property=\"og:site_name\" content=\"Easy Star O\u00dc\" \/>\n<meta property=\"article:modified_time\" content=\"2025-10-30T01:55:13+00:00\" \/>\n<meta property=\"og:image\" content=\"https:\/\/easystar.ee\/wp-content\/uploads\/2024\/06\/White_tea___Thyme.jpg\" \/>\n\t<meta property=\"og:image:width\" content=\"188\" \/>\n\t<meta property=\"og:image:height\" content=\"568\" \/>\n\t<meta property=\"og:image:type\" content=\"image\/jpeg\" \/>\n<meta name=\"twitter:card\" content=\"summary_large_image\" \/>\n<script type=\"application\/ld+json\" class=\"yoast-schema-graph\">{\"@context\":\"https:\\\/\\\/schema.org\",\"@graph\":[{\"@type\":\"WebPage\",\"@id\":\"https:\\\/\\\/easystar.ee\\\/en\\\/toode\\\/vibe-pro-lohnadosaatori-taide-white-tea-thyme-lvibepro-tea\\\/\",\"url\":\"https:\\\/\\\/easystar.ee\\\/en\\\/toode\\\/vibe-pro-lohnadosaatori-taide-white-tea-thyme-lvibepro-tea\\\/\",\"name\":\"Vibe PRO l\u00f5hnadosaatori t\u00e4ide White tea & Thyme LVIBEPRO-TEA &#8212; Easy Star O\u00dc\",\"isPartOf\":{\"@id\":\"https:\\\/\\\/easystar.ee\\\/#website\"},\"primaryImageOfPage\":{\"@id\":\"https:\\\/\\\/easystar.ee\\\/en\\\/toode\\\/vibe-pro-lohnadosaatori-taide-white-tea-thyme-lvibepro-tea\\\/#primaryimage\"},\"image\":{\"@id\":\"https:\\\/\\\/easystar.ee\\\/en\\\/toode\\\/vibe-pro-lohnadosaatori-taide-white-tea-thyme-lvibepro-tea\\\/#primaryimage\"},\"thumbnailUrl\":\"https:\\\/\\\/easystar.ee\\\/wp-content\\\/uploads\\\/2024\\\/06\\\/White_tea___Thyme.jpg\",\"datePublished\":\"2024-06-03T08:12:14+00:00\",\"dateModified\":\"2025-10-30T01:55:13+00:00\",\"breadcrumb\":{\"@id\":\"https:\\\/\\\/easystar.ee\\\/en\\\/toode\\\/vibe-pro-lohnadosaatori-taide-white-tea-thyme-lvibepro-tea\\\/#breadcrumb\"},\"inLanguage\":\"en-US\",\"potentialAction\":[{\"@type\":\"ReadAction\",\"target\":[\"https:\\\/\\\/easystar.ee\\\/en\\\/toode\\\/vibe-pro-lohnadosaatori-taide-white-tea-thyme-lvibepro-tea\\\/\"]}]},{\"@type\":\"ImageObject\",\"inLanguage\":\"en-US\",\"@id\":\"https:\\\/\\\/easystar.ee\\\/en\\\/toode\\\/vibe-pro-lohnadosaatori-taide-white-tea-thyme-lvibepro-tea\\\/#primaryimage\",\"url\":\"https:\\\/\\\/easystar.ee\\\/wp-content\\\/uploads\\\/2024\\\/06\\\/White_tea___Thyme.jpg\",\"contentUrl\":\"https:\\\/\\\/easystar.ee\\\/wp-content\\\/uploads\\\/2024\\\/06\\\/White_tea___Thyme.jpg\",\"width\":188,\"height\":568},{\"@type\":\"BreadcrumbList\",\"@id\":\"https:\\\/\\\/easystar.ee\\\/en\\\/toode\\\/vibe-pro-lohnadosaatori-taide-white-tea-thyme-lvibepro-tea\\\/#breadcrumb\",\"itemListElement\":[{\"@type\":\"ListItem\",\"position\":1,\"name\":\"Home\",\"item\":\"https:\\\/\\\/easystar.ee\\\/ru\\\/\"},{\"@type\":\"ListItem\",\"position\":2,\"name\":\"Shop\",\"item\":\"https:\\\/\\\/easystar.ee\\\/tooted\\\/\"},{\"@type\":\"ListItem\",\"position\":3,\"name\":\"Vibe PRO l\u00f5hnadosaatori t\u00e4ide White tea &#038; Thyme LVIBEPRO-TEA\"}]},{\"@type\":\"WebSite\",\"@id\":\"https:\\\/\\\/easystar.ee\\\/#website\",\"url\":\"https:\\\/\\\/easystar.ee\\\/\",\"name\":\"Easystar.ee\",\"description\":\"\",\"publisher\":{\"@id\":\"https:\\\/\\\/easystar.ee\\\/#organization\"},\"alternateName\":\"Keskkonnas\u00f5bralikud pehmepaberitooted teie kontorisse\",\"potentialAction\":[{\"@type\":\"SearchAction\",\"target\":{\"@type\":\"EntryPoint\",\"urlTemplate\":\"https:\\\/\\\/easystar.ee\\\/?s={search_term_string}\"},\"query-input\":{\"@type\":\"PropertyValueSpecification\",\"valueRequired\":true,\"valueName\":\"search_term_string\"}}],\"inLanguage\":\"en-US\"},{\"@type\":\"Organization\",\"@id\":\"https:\\\/\\\/easystar.ee\\\/#organization\",\"name\":\"Easy Star O\u00dc\",\"url\":\"https:\\\/\\\/easystar.ee\\\/\",\"logo\":{\"@type\":\"ImageObject\",\"inLanguage\":\"en-US\",\"@id\":\"https:\\\/\\\/easystar.ee\\\/#\\\/schema\\\/logo\\\/image\\\/\",\"url\":\"https:\\\/\\\/easystar.ee\\\/wp-content\\\/uploads\\\/2024\\\/03\\\/easystar-logo.svg\",\"contentUrl\":\"https:\\\/\\\/easystar.ee\\\/wp-content\\\/uploads\\\/2024\\\/03\\\/easystar-logo.svg\",\"width\":2000,\"height\":2000,\"caption\":\"Easy Star O\u00dc\"},\"image\":{\"@id\":\"https:\\\/\\\/easystar.ee\\\/#\\\/schema\\\/logo\\\/image\\\/\"}}]}<\/script>\n<!-- \/ Yoast SEO plugin. -->","yoast_head_json":{"title":"Vibe PRO l\u00f5hnadosaatori t\u00e4ide White tea & Thyme LVIBEPRO-TEA &#8212; Easy Star O\u00dc","robots":{"index":"index","follow":"follow","max-snippet":"max-snippet:-1","max-image-preview":"max-image-preview:large","max-video-preview":"max-video-preview:-1"},"canonical":"https:\/\/easystar.ee\/en\/toode\/vibe-pro-lohnadosaatori-taide-white-tea-thyme-lvibepro-tea\/","og_locale":"en_US","og_type":"article","og_title":"Vibe PRO l\u00f5hnadosaatori t\u00e4ide White tea & Thyme LVIBEPRO-TEA &#8212; Easy Star O\u00dc","og_description":"Valge tee ja t\u00fc\u00fcmiani aroom toob v\u00e4rske valge tee l\u00f5hna, mis on tasakaalustatud \u00fcrtide ja \u00f5rnade lillelehtedega. L\u00f5hnanoodid: Tsitrusviljade koor, murakad, kirss, pulber, ylang-ylang, roos, lavendel, valge muskus.  L\u00f5hna intensiivsus: 2 (v\u00e4hem intensiivne).  T\u00e4iustage oma ruumi meie patenteeritud Vibe\u00ae Pro Aircare jaoturiga ja t\u00e4itke teedrajava vibreeriva v\u00f5rgutehnoloogiaga, et tagada suurep\u00e4rane l\u00f5hnade edastamine. Vibe\u00ae Pro pakub \u00fclipeent udu, mis kestab mitu tundi. 2000 laseriga l\u00f5igatud auguga dosaator vibreerib, tekitades l\u00e4bi aukude v\u00e4ga peente l\u00f5hnaosakeste udu.","og_url":"https:\/\/easystar.ee\/en\/toode\/vibe-pro-lohnadosaatori-taide-white-tea-thyme-lvibepro-tea\/","og_site_name":"Easy Star O\u00dc","article_modified_time":"2025-10-30T01:55:13+00:00","og_image":[{"width":188,"height":568,"url":"https:\/\/easystar.ee\/wp-content\/uploads\/2024\/06\/White_tea___Thyme.jpg","type":"image\/jpeg"}],"twitter_card":"summary_large_image","schema":{"@context":"https:\/\/schema.org","@graph":[{"@type":"WebPage","@id":"https:\/\/easystar.ee\/en\/toode\/vibe-pro-lohnadosaatori-taide-white-tea-thyme-lvibepro-tea\/","url":"https:\/\/easystar.ee\/en\/toode\/vibe-pro-lohnadosaatori-taide-white-tea-thyme-lvibepro-tea\/","name":"Vibe PRO l\u00f5hnadosaatori t\u00e4ide White tea & Thyme LVIBEPRO-TEA &#8212; Easy Star O\u00dc","isPartOf":{"@id":"https:\/\/easystar.ee\/#website"},"primaryImageOfPage":{"@id":"https:\/\/easystar.ee\/en\/toode\/vibe-pro-lohnadosaatori-taide-white-tea-thyme-lvibepro-tea\/#primaryimage"},"image":{"@id":"https:\/\/easystar.ee\/en\/toode\/vibe-pro-lohnadosaatori-taide-white-tea-thyme-lvibepro-tea\/#primaryimage"},"thumbnailUrl":"https:\/\/easystar.ee\/wp-content\/uploads\/2024\/06\/White_tea___Thyme.jpg","datePublished":"2024-06-03T08:12:14+00:00","dateModified":"2025-10-30T01:55:13+00:00","breadcrumb":{"@id":"https:\/\/easystar.ee\/en\/toode\/vibe-pro-lohnadosaatori-taide-white-tea-thyme-lvibepro-tea\/#breadcrumb"},"inLanguage":"en-US","potentialAction":[{"@type":"ReadAction","target":["https:\/\/easystar.ee\/en\/toode\/vibe-pro-lohnadosaatori-taide-white-tea-thyme-lvibepro-tea\/"]}]},{"@type":"ImageObject","inLanguage":"en-US","@id":"https:\/\/easystar.ee\/en\/toode\/vibe-pro-lohnadosaatori-taide-white-tea-thyme-lvibepro-tea\/#primaryimage","url":"https:\/\/easystar.ee\/wp-content\/uploads\/2024\/06\/White_tea___Thyme.jpg","contentUrl":"https:\/\/easystar.ee\/wp-content\/uploads\/2024\/06\/White_tea___Thyme.jpg","width":188,"height":568},{"@type":"BreadcrumbList","@id":"https:\/\/easystar.ee\/en\/toode\/vibe-pro-lohnadosaatori-taide-white-tea-thyme-lvibepro-tea\/#breadcrumb","itemListElement":[{"@type":"ListItem","position":1,"name":"Home","item":"https:\/\/easystar.ee\/ru\/"},{"@type":"ListItem","position":2,"name":"Shop","item":"https:\/\/easystar.ee\/tooted\/"},{"@type":"ListItem","position":3,"name":"Vibe PRO l\u00f5hnadosaatori t\u00e4ide White tea &#038; Thyme LVIBEPRO-TEA"}]},{"@type":"WebSite","@id":"https:\/\/easystar.ee\/#website","url":"https:\/\/easystar.ee\/","name":"Easystar.ee","description":"","publisher":{"@id":"https:\/\/easystar.ee\/#organization"},"alternateName":"Keskkonnas\u00f5bralikud pehmepaberitooted teie kontorisse","potentialAction":[{"@type":"SearchAction","target":{"@type":"EntryPoint","urlTemplate":"https:\/\/easystar.ee\/?s={search_term_string}"},"query-input":{"@type":"PropertyValueSpecification","valueRequired":true,"valueName":"search_term_string"}}],"inLanguage":"en-US"},{"@type":"Organization","@id":"https:\/\/easystar.ee\/#organization","name":"Easy Star O\u00dc","url":"https:\/\/easystar.ee\/","logo":{"@type":"ImageObject","inLanguage":"en-US","@id":"https:\/\/easystar.ee\/#\/schema\/logo\/image\/","url":"https:\/\/easystar.ee\/wp-content\/uploads\/2024\/03\/easystar-logo.svg","contentUrl":"https:\/\/easystar.ee\/wp-content\/uploads\/2024\/03\/easystar-logo.svg","width":2000,"height":2000,"caption":"Easy Star O\u00dc"},"image":{"@id":"https:\/\/easystar.ee\/#\/schema\/logo\/image\/"}}]}},"_links":{"self":[{"href":"https:\/\/easystar.ee\/en\/wp-json\/wp\/v2\/product\/37402","targetHints":{"allow":["GET"]}}],"collection":[{"href":"https:\/\/easystar.ee\/en\/wp-json\/wp\/v2\/product"}],"about":[{"href":"https:\/\/easystar.ee\/en\/wp-json\/wp\/v2\/types\/product"}],"wp:featuredmedia":[{"embeddable":true,"href":"https:\/\/easystar.ee\/en\/wp-json\/wp\/v2\/media\/37400"}],"wp:attachment":[{"href":"https:\/\/easystar.ee\/en\/wp-json\/wp\/v2\/media?parent=37402"}],"wp:term":[{"taxonomy":"product_brand","embeddable":true,"href":"https:\/\/easystar.ee\/en\/wp-json\/wp\/v2\/product_brand?post=37402"},{"taxonomy":"product_cat","embeddable":true,"href":"https:\/\/easystar.ee\/en\/wp-json\/wp\/v2\/product_cat?post=37402"},{"taxonomy":"product_tag","embeddable":true,"href":"https:\/\/easystar.ee\/en\/wp-json\/wp\/v2\/product_tag?post=37402"}],"curies":[{"name":"wp","href":"https:\/\/api.w.org\/{rel}","templated":true}]}}