{"id":37390,"date":"2024-06-03T08:12:12","date_gmt":"2024-06-03T08:12:12","guid":{"rendered":"https:\/\/easystar.ee\/toode\/vibe-pro-dosaator-valge-hobe-dvibepro-ws\/"},"modified":"2025-10-30T01:55:11","modified_gmt":"2025-10-30T01:55:11","slug":"vibe-pro-dosaator-valge-hobe-dvibepro-ws","status":"publish","type":"product","link":"https:\/\/easystar.ee\/en\/toode\/vibe-pro-dosaator-valge-hobe-dvibepro-ws\/","title":{"rendered":"Vibe PRO dosaator valge\/h\u00f5be DVIBEPRO-WS"},"content":{"rendered":"","protected":false},"excerpt":{"rendered":"<p>T\u00f6\u00f6tab 4x LR20 patareidega (ei sisaldu komplektis).<br \/>\nFunktsioonid: V\u00e4ga efektiivne \u00fclimadalatel kontsentratsioonidel. Ruumide l\u00f5hnastamine 30, 45, 60 ja 90 p\u00e4eva. P\u00fcsib \u00f5hus mitu tundi, j\u00e4tmata pinnale sadestusi Ei sisalda aerosoole ega propellente. P\u00fcsib \u00f5hus oluliselt kauem, kui aerosoolid ja ei j\u00e4ta pinnale sadestusi, mis aerosoolide puhul tekivad. Ei sisalda aerosoole ega propellente. VOC-vaba. Mitteohtlik igasuguse transpordi puhul.<br \/>\nT\u00e4iustage oma ruumi meie Vibe\u00ae Pro Aircare jaoturiga ja t\u00e4itke teedrajava vibreeriva v\u00f5rgutehnoloogiaga, et tagada suurep\u00e4rane l\u00f5hnade edastamine. Vibe\u00ae Pro pakub \u00fclipeent udu, mis kestab mitu tundi. 2000 laseriga l\u00f5igatud auguga dosaator vibreerib, tekitades l\u00e4bi aukude v\u00e4ga peente l\u00f5hnaosakeste udu. S\u00f5ltuvalt ruumi suurusest saad valida kuue erineva l\u00f5hnaga t\u00e4itepudelid aroomi intensiivsuse j\u00e4rgi:<br \/>\nIntensiivsus 5 \u2013 Citrus Mango,<br \/>\nIntensiivsus 4 \u2013 Lavendel &amp; Geranium<br \/>\nIntensiivsus 3 &#8211; Bergamot &amp; Sandlawood ja Linen Breeze<br \/>\nintensiivsus 2 \u2013 ice Cool ja White tea &amp; Thyme, <\/p>\n","protected":false},"featured_media":39310,"template":"","meta":{"_acf_changed":false},"product_brand":[],"product_cat":[1937,1849],"product_tag":[],"class_list":{"0":"post-37390","1":"product","2":"type-product","3":"status-publish","4":"has-post-thumbnail","6":"product_cat-air-freshener-dispensers","7":"product_cat-air-fresheners","9":"first","10":"instock","11":"taxable","12":"shipping-taxable","13":"purchasable","14":"product-type-simple"},"acf":[],"yoast_head":"<!-- This site is optimized with the Yoast SEO plugin v27.3 - https:\/\/yoast.com\/product\/yoast-seo-wordpress\/ -->\n<title>Vibe PRO dosaator valge\/h\u00f5be DVIBEPRO-WS &#8212; Easy Star O\u00dc<\/title>\n<meta name=\"robots\" content=\"index, follow, max-snippet:-1, max-image-preview:large, max-video-preview:-1\" \/>\n<link rel=\"canonical\" href=\"https:\/\/easystar.ee\/en\/toode\/vibe-pro-dosaator-valge-hobe-dvibepro-ws\/\" \/>\n<meta property=\"og:locale\" content=\"en_US\" \/>\n<meta property=\"og:type\" content=\"article\" \/>\n<meta property=\"og:title\" content=\"Vibe PRO dosaator valge\/h\u00f5be DVIBEPRO-WS &#8212; Easy Star O\u00dc\" \/>\n<meta property=\"og:description\" content=\"T\u00f6\u00f6tab 4x LR20 patareidega (ei sisaldu komplektis). Funktsioonid: V\u00e4ga efektiivne \u00fclimadalatel kontsentratsioonidel. Ruumide l\u00f5hnastamine 30, 45, 60 ja 90 p\u00e4eva. P\u00fcsib \u00f5hus mitu tundi, j\u00e4tmata pinnale sadestusi Ei sisalda aerosoole ega propellente. P\u00fcsib \u00f5hus oluliselt kauem, kui aerosoolid ja ei j\u00e4ta pinnale sadestusi, mis aerosoolide puhul tekivad. Ei sisalda aerosoole ega propellente. VOC-vaba. Mitteohtlik igasuguse transpordi puhul. T\u00e4iustage oma ruumi meie Vibe\u00ae Pro Aircare jaoturiga ja t\u00e4itke teedrajava vibreeriva v\u00f5rgutehnoloogiaga, et tagada suurep\u00e4rane l\u00f5hnade edastamine. Vibe\u00ae Pro pakub \u00fclipeent udu, mis kestab mitu tundi. 2000 laseriga l\u00f5igatud auguga dosaator vibreerib, tekitades l\u00e4bi aukude v\u00e4ga peente l\u00f5hnaosakeste udu. S\u00f5ltuvalt ruumi suurusest saad valida kuue erineva l\u00f5hnaga t\u00e4itepudelid aroomi intensiivsuse j\u00e4rgi: Intensiivsus 5 \u2013 Citrus Mango,  Intensiivsus 4 \u2013 Lavendel &amp; Geranium Intensiivsus 3 - Bergamot &amp; Sandlawood ja Linen Breeze intensiivsus 2 \u2013 ice Cool ja White tea &amp; Thyme,\" \/>\n<meta property=\"og:url\" content=\"https:\/\/easystar.ee\/en\/toode\/vibe-pro-dosaator-valge-hobe-dvibepro-ws\/\" \/>\n<meta property=\"og:site_name\" content=\"Easy Star O\u00dc\" \/>\n<meta property=\"article:modified_time\" content=\"2025-10-30T01:55:11+00:00\" \/>\n<meta property=\"og:image\" content=\"https:\/\/easystar.ee\/wp-content\/uploads\/2024\/06\/DVIBEPRO-WS.jpg\" \/>\n\t<meta property=\"og:image:width\" content=\"274\" \/>\n\t<meta property=\"og:image:height\" content=\"388\" \/>\n\t<meta property=\"og:image:type\" content=\"image\/jpeg\" \/>\n<meta name=\"twitter:card\" content=\"summary_large_image\" \/>\n<script type=\"application\/ld+json\" class=\"yoast-schema-graph\">{\"@context\":\"https:\\\/\\\/schema.org\",\"@graph\":[{\"@type\":\"WebPage\",\"@id\":\"https:\\\/\\\/easystar.ee\\\/en\\\/toode\\\/vibe-pro-dosaator-valge-hobe-dvibepro-ws\\\/\",\"url\":\"https:\\\/\\\/easystar.ee\\\/en\\\/toode\\\/vibe-pro-dosaator-valge-hobe-dvibepro-ws\\\/\",\"name\":\"Vibe PRO dosaator valge\\\/h\u00f5be DVIBEPRO-WS &#8212; Easy Star O\u00dc\",\"isPartOf\":{\"@id\":\"https:\\\/\\\/easystar.ee\\\/#website\"},\"primaryImageOfPage\":{\"@id\":\"https:\\\/\\\/easystar.ee\\\/en\\\/toode\\\/vibe-pro-dosaator-valge-hobe-dvibepro-ws\\\/#primaryimage\"},\"image\":{\"@id\":\"https:\\\/\\\/easystar.ee\\\/en\\\/toode\\\/vibe-pro-dosaator-valge-hobe-dvibepro-ws\\\/#primaryimage\"},\"thumbnailUrl\":\"https:\\\/\\\/easystar.ee\\\/wp-content\\\/uploads\\\/2024\\\/06\\\/DVIBEPRO-WS.jpg\",\"datePublished\":\"2024-06-03T08:12:12+00:00\",\"dateModified\":\"2025-10-30T01:55:11+00:00\",\"breadcrumb\":{\"@id\":\"https:\\\/\\\/easystar.ee\\\/en\\\/toode\\\/vibe-pro-dosaator-valge-hobe-dvibepro-ws\\\/#breadcrumb\"},\"inLanguage\":\"en-US\",\"potentialAction\":[{\"@type\":\"ReadAction\",\"target\":[\"https:\\\/\\\/easystar.ee\\\/en\\\/toode\\\/vibe-pro-dosaator-valge-hobe-dvibepro-ws\\\/\"]}]},{\"@type\":\"ImageObject\",\"inLanguage\":\"en-US\",\"@id\":\"https:\\\/\\\/easystar.ee\\\/en\\\/toode\\\/vibe-pro-dosaator-valge-hobe-dvibepro-ws\\\/#primaryimage\",\"url\":\"https:\\\/\\\/easystar.ee\\\/wp-content\\\/uploads\\\/2024\\\/06\\\/DVIBEPRO-WS.jpg\",\"contentUrl\":\"https:\\\/\\\/easystar.ee\\\/wp-content\\\/uploads\\\/2024\\\/06\\\/DVIBEPRO-WS.jpg\",\"width\":274,\"height\":388},{\"@type\":\"BreadcrumbList\",\"@id\":\"https:\\\/\\\/easystar.ee\\\/en\\\/toode\\\/vibe-pro-dosaator-valge-hobe-dvibepro-ws\\\/#breadcrumb\",\"itemListElement\":[{\"@type\":\"ListItem\",\"position\":1,\"name\":\"Home\",\"item\":\"https:\\\/\\\/easystar.ee\\\/ru\\\/\"},{\"@type\":\"ListItem\",\"position\":2,\"name\":\"Shop\",\"item\":\"https:\\\/\\\/easystar.ee\\\/tooted\\\/\"},{\"@type\":\"ListItem\",\"position\":3,\"name\":\"Vibe PRO dosaator valge\\\/h\u00f5be DVIBEPRO-WS\"}]},{\"@type\":\"WebSite\",\"@id\":\"https:\\\/\\\/easystar.ee\\\/#website\",\"url\":\"https:\\\/\\\/easystar.ee\\\/\",\"name\":\"Easystar.ee\",\"description\":\"\",\"publisher\":{\"@id\":\"https:\\\/\\\/easystar.ee\\\/#organization\"},\"alternateName\":\"Keskkonnas\u00f5bralikud pehmepaberitooted teie kontorisse\",\"potentialAction\":[{\"@type\":\"SearchAction\",\"target\":{\"@type\":\"EntryPoint\",\"urlTemplate\":\"https:\\\/\\\/easystar.ee\\\/?s={search_term_string}\"},\"query-input\":{\"@type\":\"PropertyValueSpecification\",\"valueRequired\":true,\"valueName\":\"search_term_string\"}}],\"inLanguage\":\"en-US\"},{\"@type\":\"Organization\",\"@id\":\"https:\\\/\\\/easystar.ee\\\/#organization\",\"name\":\"Easy Star O\u00dc\",\"url\":\"https:\\\/\\\/easystar.ee\\\/\",\"logo\":{\"@type\":\"ImageObject\",\"inLanguage\":\"en-US\",\"@id\":\"https:\\\/\\\/easystar.ee\\\/#\\\/schema\\\/logo\\\/image\\\/\",\"url\":\"https:\\\/\\\/easystar.ee\\\/wp-content\\\/uploads\\\/2024\\\/03\\\/easystar-logo.svg\",\"contentUrl\":\"https:\\\/\\\/easystar.ee\\\/wp-content\\\/uploads\\\/2024\\\/03\\\/easystar-logo.svg\",\"width\":2000,\"height\":2000,\"caption\":\"Easy Star O\u00dc\"},\"image\":{\"@id\":\"https:\\\/\\\/easystar.ee\\\/#\\\/schema\\\/logo\\\/image\\\/\"}}]}<\/script>\n<!-- \/ Yoast SEO plugin. -->","yoast_head_json":{"title":"Vibe PRO dosaator valge\/h\u00f5be DVIBEPRO-WS &#8212; Easy Star O\u00dc","robots":{"index":"index","follow":"follow","max-snippet":"max-snippet:-1","max-image-preview":"max-image-preview:large","max-video-preview":"max-video-preview:-1"},"canonical":"https:\/\/easystar.ee\/en\/toode\/vibe-pro-dosaator-valge-hobe-dvibepro-ws\/","og_locale":"en_US","og_type":"article","og_title":"Vibe PRO dosaator valge\/h\u00f5be DVIBEPRO-WS &#8212; Easy Star O\u00dc","og_description":"T\u00f6\u00f6tab 4x LR20 patareidega (ei sisaldu komplektis). Funktsioonid: V\u00e4ga efektiivne \u00fclimadalatel kontsentratsioonidel. Ruumide l\u00f5hnastamine 30, 45, 60 ja 90 p\u00e4eva. P\u00fcsib \u00f5hus mitu tundi, j\u00e4tmata pinnale sadestusi Ei sisalda aerosoole ega propellente. P\u00fcsib \u00f5hus oluliselt kauem, kui aerosoolid ja ei j\u00e4ta pinnale sadestusi, mis aerosoolide puhul tekivad. Ei sisalda aerosoole ega propellente. VOC-vaba. Mitteohtlik igasuguse transpordi puhul. T\u00e4iustage oma ruumi meie Vibe\u00ae Pro Aircare jaoturiga ja t\u00e4itke teedrajava vibreeriva v\u00f5rgutehnoloogiaga, et tagada suurep\u00e4rane l\u00f5hnade edastamine. Vibe\u00ae Pro pakub \u00fclipeent udu, mis kestab mitu tundi. 2000 laseriga l\u00f5igatud auguga dosaator vibreerib, tekitades l\u00e4bi aukude v\u00e4ga peente l\u00f5hnaosakeste udu. S\u00f5ltuvalt ruumi suurusest saad valida kuue erineva l\u00f5hnaga t\u00e4itepudelid aroomi intensiivsuse j\u00e4rgi: Intensiivsus 5 \u2013 Citrus Mango,  Intensiivsus 4 \u2013 Lavendel &amp; Geranium Intensiivsus 3 - Bergamot &amp; Sandlawood ja Linen Breeze intensiivsus 2 \u2013 ice Cool ja White tea &amp; Thyme,","og_url":"https:\/\/easystar.ee\/en\/toode\/vibe-pro-dosaator-valge-hobe-dvibepro-ws\/","og_site_name":"Easy Star O\u00dc","article_modified_time":"2025-10-30T01:55:11+00:00","og_image":[{"width":274,"height":388,"url":"https:\/\/easystar.ee\/wp-content\/uploads\/2024\/06\/DVIBEPRO-WS.jpg","type":"image\/jpeg"}],"twitter_card":"summary_large_image","schema":{"@context":"https:\/\/schema.org","@graph":[{"@type":"WebPage","@id":"https:\/\/easystar.ee\/en\/toode\/vibe-pro-dosaator-valge-hobe-dvibepro-ws\/","url":"https:\/\/easystar.ee\/en\/toode\/vibe-pro-dosaator-valge-hobe-dvibepro-ws\/","name":"Vibe PRO dosaator valge\/h\u00f5be DVIBEPRO-WS &#8212; Easy Star O\u00dc","isPartOf":{"@id":"https:\/\/easystar.ee\/#website"},"primaryImageOfPage":{"@id":"https:\/\/easystar.ee\/en\/toode\/vibe-pro-dosaator-valge-hobe-dvibepro-ws\/#primaryimage"},"image":{"@id":"https:\/\/easystar.ee\/en\/toode\/vibe-pro-dosaator-valge-hobe-dvibepro-ws\/#primaryimage"},"thumbnailUrl":"https:\/\/easystar.ee\/wp-content\/uploads\/2024\/06\/DVIBEPRO-WS.jpg","datePublished":"2024-06-03T08:12:12+00:00","dateModified":"2025-10-30T01:55:11+00:00","breadcrumb":{"@id":"https:\/\/easystar.ee\/en\/toode\/vibe-pro-dosaator-valge-hobe-dvibepro-ws\/#breadcrumb"},"inLanguage":"en-US","potentialAction":[{"@type":"ReadAction","target":["https:\/\/easystar.ee\/en\/toode\/vibe-pro-dosaator-valge-hobe-dvibepro-ws\/"]}]},{"@type":"ImageObject","inLanguage":"en-US","@id":"https:\/\/easystar.ee\/en\/toode\/vibe-pro-dosaator-valge-hobe-dvibepro-ws\/#primaryimage","url":"https:\/\/easystar.ee\/wp-content\/uploads\/2024\/06\/DVIBEPRO-WS.jpg","contentUrl":"https:\/\/easystar.ee\/wp-content\/uploads\/2024\/06\/DVIBEPRO-WS.jpg","width":274,"height":388},{"@type":"BreadcrumbList","@id":"https:\/\/easystar.ee\/en\/toode\/vibe-pro-dosaator-valge-hobe-dvibepro-ws\/#breadcrumb","itemListElement":[{"@type":"ListItem","position":1,"name":"Home","item":"https:\/\/easystar.ee\/ru\/"},{"@type":"ListItem","position":2,"name":"Shop","item":"https:\/\/easystar.ee\/tooted\/"},{"@type":"ListItem","position":3,"name":"Vibe PRO dosaator valge\/h\u00f5be DVIBEPRO-WS"}]},{"@type":"WebSite","@id":"https:\/\/easystar.ee\/#website","url":"https:\/\/easystar.ee\/","name":"Easystar.ee","description":"","publisher":{"@id":"https:\/\/easystar.ee\/#organization"},"alternateName":"Keskkonnas\u00f5bralikud pehmepaberitooted teie kontorisse","potentialAction":[{"@type":"SearchAction","target":{"@type":"EntryPoint","urlTemplate":"https:\/\/easystar.ee\/?s={search_term_string}"},"query-input":{"@type":"PropertyValueSpecification","valueRequired":true,"valueName":"search_term_string"}}],"inLanguage":"en-US"},{"@type":"Organization","@id":"https:\/\/easystar.ee\/#organization","name":"Easy Star O\u00dc","url":"https:\/\/easystar.ee\/","logo":{"@type":"ImageObject","inLanguage":"en-US","@id":"https:\/\/easystar.ee\/#\/schema\/logo\/image\/","url":"https:\/\/easystar.ee\/wp-content\/uploads\/2024\/03\/easystar-logo.svg","contentUrl":"https:\/\/easystar.ee\/wp-content\/uploads\/2024\/03\/easystar-logo.svg","width":2000,"height":2000,"caption":"Easy Star O\u00dc"},"image":{"@id":"https:\/\/easystar.ee\/#\/schema\/logo\/image\/"}}]}},"_links":{"self":[{"href":"https:\/\/easystar.ee\/en\/wp-json\/wp\/v2\/product\/37390","targetHints":{"allow":["GET"]}}],"collection":[{"href":"https:\/\/easystar.ee\/en\/wp-json\/wp\/v2\/product"}],"about":[{"href":"https:\/\/easystar.ee\/en\/wp-json\/wp\/v2\/types\/product"}],"wp:featuredmedia":[{"embeddable":true,"href":"https:\/\/easystar.ee\/en\/wp-json\/wp\/v2\/media\/39310"}],"wp:attachment":[{"href":"https:\/\/easystar.ee\/en\/wp-json\/wp\/v2\/media?parent=37390"}],"wp:term":[{"taxonomy":"product_brand","embeddable":true,"href":"https:\/\/easystar.ee\/en\/wp-json\/wp\/v2\/product_brand?post=37390"},{"taxonomy":"product_cat","embeddable":true,"href":"https:\/\/easystar.ee\/en\/wp-json\/wp\/v2\/product_cat?post=37390"},{"taxonomy":"product_tag","embeddable":true,"href":"https:\/\/easystar.ee\/en\/wp-json\/wp\/v2\/product_tag?post=37390"}],"curies":[{"name":"wp","href":"https:\/\/api.w.org\/{rel}","templated":true}]}}