{"id":37348,"date":"2024-06-03T08:11:48","date_gmt":"2024-06-03T08:11:48","guid":{"rendered":"https:\/\/easystar.ee\/toode\/calgodip-blue-kamille-spray-200kg-nisadeso-teepuuoli-k102045\/"},"modified":"2025-10-30T01:55:06","modified_gmt":"2025-10-30T01:55:06","slug":"calgodip-blue-kamille-spray-200kg-nisadeso-teepuuoli-k102045","status":"publish","type":"product","link":"https:\/\/easystar.ee\/en\/toode\/calgodip-blue-kamille-spray-200kg-nisadeso-teepuuoli-k102045\/","title":{"rendered":"Calgodip Blue Kamille Spray 200kg nisadeso (teepuu\u00f5li) K102045"},"content":{"rendered":"","protected":false},"excerpt":{"rendered":"<p>Omadused: calgodip Blue Chamomile Spray on uue p\u00f5lvkonna kasutusvalmis nisade desinfitseerimis- ja hooldusvahend p\u00e4rast iga l\u00fcpsi kastmiseks v\u00f5i pihustamiseks. Toode moodustab nisa \u00fcmber desinfitseeriva barj\u00e4\u00e4ri. calgodip Blue Chamomile Spray sisaldab nahka kaitsvaid komponente ja tasakaalustatud koguses bioloogilist piimhapet, mis on eriti nahas\u00f5bralik ja samas suurep\u00e4rase desinfitseerimisv\u00f5imega. Kvaliteetsed hoolduskomponendid muudavad naha elastseks. Selles sisalduv kummel rahustab ja toidab nisanahka. Teepuu\u00f5li l\u00f5hn hoiab k\u00e4rbseid eemal, nii et p\u00e4rast l\u00fcpsmist ja kastmist ei satu nad nisale. calgodip Blue Chamomile Spray on testitud vastavalt Euroopa standardile EN 1656 ja on loetletud InfoXgeni desinfektsioonivahendite nimekirjas. Rakendus: kastke v\u00f5i pihustage nisa kohe p\u00e4rast iga l\u00fcpsi calgodip Blue Chamomile Spray&#8217;iga. Kastmine on v\u00f5imalik mistahes kastmistopsiga ja pihustamine mis tahes pihustusaplikaatoriga k\u00e4sitsi v\u00f5i l\u00fcpsirobotiga.<br \/>\n* Tagab udara tervise ja piima kvaliteedi * Pihustatav * Sobib ka l\u00fcpsirobotite jaoks * Joodivaba<br \/>\nAktiivsed ained: Gl\u00fctseriin, tensiidid, desinfektsioonivahendid (piimhape), toit v\u00e4rvaine, kummeli\u00f5li, teepuu\u00f5li<br \/>\nTehniline informatsioon: Vorm: vedel V\u00e4rv: sinine L\u00f5hn: iseloomulik<br \/>\npH 3,7<\/p>\n","protected":false},"featured_media":37340,"template":"","meta":{"_acf_changed":false},"product_brand":[],"product_cat":[1866,1829],"product_tag":[],"class_list":{"0":"post-37348","1":"product","2":"type-product","3":"status-publish","4":"has-post-thumbnail","6":"product_cat-agricultural-cleaning-agents","7":"product_cat-cleaning-chemicals","9":"first","10":"onbackorder","11":"taxable","12":"shipping-taxable","13":"purchasable","14":"product-type-simple"},"acf":[],"yoast_head":"<!-- This site is optimized with the Yoast SEO plugin v27.3 - https:\/\/yoast.com\/product\/yoast-seo-wordpress\/ -->\n<title>Calgodip Blue Kamille Spray 200kg nisadeso (teepuu\u00f5li) K102045 &#8212; Easy Star O\u00dc<\/title>\n<meta name=\"robots\" content=\"index, follow, max-snippet:-1, max-image-preview:large, max-video-preview:-1\" \/>\n<link rel=\"canonical\" href=\"https:\/\/easystar.ee\/en\/toode\/calgodip-blue-kamille-spray-200kg-nisadeso-teepuuoli-k102045\/\" \/>\n<meta property=\"og:locale\" content=\"en_US\" \/>\n<meta property=\"og:type\" content=\"article\" \/>\n<meta property=\"og:title\" content=\"Calgodip Blue Kamille Spray 200kg nisadeso (teepuu\u00f5li) K102045 &#8212; Easy Star O\u00dc\" \/>\n<meta property=\"og:description\" content=\"Omadused: calgodip Blue Chamomile Spray on uue p\u00f5lvkonna kasutusvalmis nisade desinfitseerimis- ja hooldusvahend p\u00e4rast iga l\u00fcpsi kastmiseks v\u00f5i pihustamiseks. Toode moodustab nisa \u00fcmber desinfitseeriva barj\u00e4\u00e4ri. calgodip Blue Chamomile Spray sisaldab nahka kaitsvaid komponente ja tasakaalustatud koguses bioloogilist piimhapet, mis on eriti nahas\u00f5bralik ja samas suurep\u00e4rase desinfitseerimisv\u00f5imega. Kvaliteetsed hoolduskomponendid muudavad naha elastseks. Selles sisalduv kummel rahustab ja toidab nisanahka. Teepuu\u00f5li l\u00f5hn hoiab k\u00e4rbseid eemal, nii et p\u00e4rast l\u00fcpsmist ja kastmist ei satu nad nisale. calgodip Blue Chamomile Spray on testitud vastavalt Euroopa standardile EN 1656 ja on loetletud InfoXgeni desinfektsioonivahendite nimekirjas. Rakendus: kastke v\u00f5i pihustage nisa kohe p\u00e4rast iga l\u00fcpsi calgodip Blue Chamomile Spray&#039;iga. Kastmine on v\u00f5imalik mistahes kastmistopsiga ja pihustamine mis tahes pihustusaplikaatoriga k\u00e4sitsi v\u00f5i l\u00fcpsirobotiga. * Tagab udara tervise ja piima kvaliteedi * Pihustatav * Sobib ka l\u00fcpsirobotite jaoks * Joodivaba Aktiivsed ained: Gl\u00fctseriin, tensiidid, desinfektsioonivahendid (piimhape), toit v\u00e4rvaine, kummeli\u00f5li, teepuu\u00f5li Tehniline informatsioon: Vorm: vedel V\u00e4rv: sinine L\u00f5hn: iseloomulik pH 3,7\" \/>\n<meta property=\"og:url\" content=\"https:\/\/easystar.ee\/en\/toode\/calgodip-blue-kamille-spray-200kg-nisadeso-teepuuoli-k102045\/\" \/>\n<meta property=\"og:site_name\" content=\"Easy Star O\u00dc\" \/>\n<meta property=\"article:modified_time\" content=\"2025-10-30T01:55:06+00:00\" \/>\n<meta property=\"og:image\" content=\"https:\/\/easystar.ee\/wp-content\/uploads\/2024\/06\/Calgodip_Blue_Kamille_Spray_200Kg_nisadeso__teepuuo__li_.jpg\" \/>\n\t<meta property=\"og:image:width\" content=\"309\" \/>\n\t<meta property=\"og:image:height\" content=\"501\" \/>\n\t<meta property=\"og:image:type\" content=\"image\/jpeg\" \/>\n<meta name=\"twitter:card\" content=\"summary_large_image\" \/>\n<script type=\"application\/ld+json\" class=\"yoast-schema-graph\">{\"@context\":\"https:\\\/\\\/schema.org\",\"@graph\":[{\"@type\":\"WebPage\",\"@id\":\"https:\\\/\\\/easystar.ee\\\/en\\\/toode\\\/calgodip-blue-kamille-spray-200kg-nisadeso-teepuuoli-k102045\\\/\",\"url\":\"https:\\\/\\\/easystar.ee\\\/en\\\/toode\\\/calgodip-blue-kamille-spray-200kg-nisadeso-teepuuoli-k102045\\\/\",\"name\":\"Calgodip Blue Kamille Spray 200kg nisadeso (teepuu\u00f5li) K102045 &#8212; Easy Star O\u00dc\",\"isPartOf\":{\"@id\":\"https:\\\/\\\/easystar.ee\\\/#website\"},\"primaryImageOfPage\":{\"@id\":\"https:\\\/\\\/easystar.ee\\\/en\\\/toode\\\/calgodip-blue-kamille-spray-200kg-nisadeso-teepuuoli-k102045\\\/#primaryimage\"},\"image\":{\"@id\":\"https:\\\/\\\/easystar.ee\\\/en\\\/toode\\\/calgodip-blue-kamille-spray-200kg-nisadeso-teepuuoli-k102045\\\/#primaryimage\"},\"thumbnailUrl\":\"https:\\\/\\\/easystar.ee\\\/wp-content\\\/uploads\\\/2024\\\/06\\\/Calgodip_Blue_Kamille_Spray_200Kg_nisadeso__teepuuo__li_.jpg\",\"datePublished\":\"2024-06-03T08:11:48+00:00\",\"dateModified\":\"2025-10-30T01:55:06+00:00\",\"breadcrumb\":{\"@id\":\"https:\\\/\\\/easystar.ee\\\/en\\\/toode\\\/calgodip-blue-kamille-spray-200kg-nisadeso-teepuuoli-k102045\\\/#breadcrumb\"},\"inLanguage\":\"en-US\",\"potentialAction\":[{\"@type\":\"ReadAction\",\"target\":[\"https:\\\/\\\/easystar.ee\\\/en\\\/toode\\\/calgodip-blue-kamille-spray-200kg-nisadeso-teepuuoli-k102045\\\/\"]}]},{\"@type\":\"ImageObject\",\"inLanguage\":\"en-US\",\"@id\":\"https:\\\/\\\/easystar.ee\\\/en\\\/toode\\\/calgodip-blue-kamille-spray-200kg-nisadeso-teepuuoli-k102045\\\/#primaryimage\",\"url\":\"https:\\\/\\\/easystar.ee\\\/wp-content\\\/uploads\\\/2024\\\/06\\\/Calgodip_Blue_Kamille_Spray_200Kg_nisadeso__teepuuo__li_.jpg\",\"contentUrl\":\"https:\\\/\\\/easystar.ee\\\/wp-content\\\/uploads\\\/2024\\\/06\\\/Calgodip_Blue_Kamille_Spray_200Kg_nisadeso__teepuuo__li_.jpg\",\"width\":309,\"height\":501},{\"@type\":\"BreadcrumbList\",\"@id\":\"https:\\\/\\\/easystar.ee\\\/en\\\/toode\\\/calgodip-blue-kamille-spray-200kg-nisadeso-teepuuoli-k102045\\\/#breadcrumb\",\"itemListElement\":[{\"@type\":\"ListItem\",\"position\":1,\"name\":\"Home\",\"item\":\"https:\\\/\\\/easystar.ee\\\/ru\\\/\"},{\"@type\":\"ListItem\",\"position\":2,\"name\":\"Shop\",\"item\":\"https:\\\/\\\/easystar.ee\\\/tooted\\\/\"},{\"@type\":\"ListItem\",\"position\":3,\"name\":\"Calgodip Blue Kamille Spray 200kg nisadeso (teepuu\u00f5li) K102045\"}]},{\"@type\":\"WebSite\",\"@id\":\"https:\\\/\\\/easystar.ee\\\/#website\",\"url\":\"https:\\\/\\\/easystar.ee\\\/\",\"name\":\"Easystar.ee\",\"description\":\"\",\"publisher\":{\"@id\":\"https:\\\/\\\/easystar.ee\\\/#organization\"},\"alternateName\":\"Keskkonnas\u00f5bralikud pehmepaberitooted teie kontorisse\",\"potentialAction\":[{\"@type\":\"SearchAction\",\"target\":{\"@type\":\"EntryPoint\",\"urlTemplate\":\"https:\\\/\\\/easystar.ee\\\/?s={search_term_string}\"},\"query-input\":{\"@type\":\"PropertyValueSpecification\",\"valueRequired\":true,\"valueName\":\"search_term_string\"}}],\"inLanguage\":\"en-US\"},{\"@type\":\"Organization\",\"@id\":\"https:\\\/\\\/easystar.ee\\\/#organization\",\"name\":\"Easy Star O\u00dc\",\"url\":\"https:\\\/\\\/easystar.ee\\\/\",\"logo\":{\"@type\":\"ImageObject\",\"inLanguage\":\"en-US\",\"@id\":\"https:\\\/\\\/easystar.ee\\\/#\\\/schema\\\/logo\\\/image\\\/\",\"url\":\"https:\\\/\\\/easystar.ee\\\/wp-content\\\/uploads\\\/2024\\\/03\\\/easystar-logo.svg\",\"contentUrl\":\"https:\\\/\\\/easystar.ee\\\/wp-content\\\/uploads\\\/2024\\\/03\\\/easystar-logo.svg\",\"width\":2000,\"height\":2000,\"caption\":\"Easy Star O\u00dc\"},\"image\":{\"@id\":\"https:\\\/\\\/easystar.ee\\\/#\\\/schema\\\/logo\\\/image\\\/\"}}]}<\/script>\n<!-- \/ Yoast SEO plugin. -->","yoast_head_json":{"title":"Calgodip Blue Kamille Spray 200kg nisadeso (teepuu\u00f5li) K102045 &#8212; Easy Star O\u00dc","robots":{"index":"index","follow":"follow","max-snippet":"max-snippet:-1","max-image-preview":"max-image-preview:large","max-video-preview":"max-video-preview:-1"},"canonical":"https:\/\/easystar.ee\/en\/toode\/calgodip-blue-kamille-spray-200kg-nisadeso-teepuuoli-k102045\/","og_locale":"en_US","og_type":"article","og_title":"Calgodip Blue Kamille Spray 200kg nisadeso (teepuu\u00f5li) K102045 &#8212; Easy Star O\u00dc","og_description":"Omadused: calgodip Blue Chamomile Spray on uue p\u00f5lvkonna kasutusvalmis nisade desinfitseerimis- ja hooldusvahend p\u00e4rast iga l\u00fcpsi kastmiseks v\u00f5i pihustamiseks. Toode moodustab nisa \u00fcmber desinfitseeriva barj\u00e4\u00e4ri. calgodip Blue Chamomile Spray sisaldab nahka kaitsvaid komponente ja tasakaalustatud koguses bioloogilist piimhapet, mis on eriti nahas\u00f5bralik ja samas suurep\u00e4rase desinfitseerimisv\u00f5imega. Kvaliteetsed hoolduskomponendid muudavad naha elastseks. Selles sisalduv kummel rahustab ja toidab nisanahka. Teepuu\u00f5li l\u00f5hn hoiab k\u00e4rbseid eemal, nii et p\u00e4rast l\u00fcpsmist ja kastmist ei satu nad nisale. calgodip Blue Chamomile Spray on testitud vastavalt Euroopa standardile EN 1656 ja on loetletud InfoXgeni desinfektsioonivahendite nimekirjas. Rakendus: kastke v\u00f5i pihustage nisa kohe p\u00e4rast iga l\u00fcpsi calgodip Blue Chamomile Spray'iga. Kastmine on v\u00f5imalik mistahes kastmistopsiga ja pihustamine mis tahes pihustusaplikaatoriga k\u00e4sitsi v\u00f5i l\u00fcpsirobotiga. * Tagab udara tervise ja piima kvaliteedi * Pihustatav * Sobib ka l\u00fcpsirobotite jaoks * Joodivaba Aktiivsed ained: Gl\u00fctseriin, tensiidid, desinfektsioonivahendid (piimhape), toit v\u00e4rvaine, kummeli\u00f5li, teepuu\u00f5li Tehniline informatsioon: Vorm: vedel V\u00e4rv: sinine L\u00f5hn: iseloomulik pH 3,7","og_url":"https:\/\/easystar.ee\/en\/toode\/calgodip-blue-kamille-spray-200kg-nisadeso-teepuuoli-k102045\/","og_site_name":"Easy Star O\u00dc","article_modified_time":"2025-10-30T01:55:06+00:00","og_image":[{"width":309,"height":501,"url":"https:\/\/easystar.ee\/wp-content\/uploads\/2024\/06\/Calgodip_Blue_Kamille_Spray_200Kg_nisadeso__teepuuo__li_.jpg","type":"image\/jpeg"}],"twitter_card":"summary_large_image","schema":{"@context":"https:\/\/schema.org","@graph":[{"@type":"WebPage","@id":"https:\/\/easystar.ee\/en\/toode\/calgodip-blue-kamille-spray-200kg-nisadeso-teepuuoli-k102045\/","url":"https:\/\/easystar.ee\/en\/toode\/calgodip-blue-kamille-spray-200kg-nisadeso-teepuuoli-k102045\/","name":"Calgodip Blue Kamille Spray 200kg nisadeso (teepuu\u00f5li) K102045 &#8212; Easy Star O\u00dc","isPartOf":{"@id":"https:\/\/easystar.ee\/#website"},"primaryImageOfPage":{"@id":"https:\/\/easystar.ee\/en\/toode\/calgodip-blue-kamille-spray-200kg-nisadeso-teepuuoli-k102045\/#primaryimage"},"image":{"@id":"https:\/\/easystar.ee\/en\/toode\/calgodip-blue-kamille-spray-200kg-nisadeso-teepuuoli-k102045\/#primaryimage"},"thumbnailUrl":"https:\/\/easystar.ee\/wp-content\/uploads\/2024\/06\/Calgodip_Blue_Kamille_Spray_200Kg_nisadeso__teepuuo__li_.jpg","datePublished":"2024-06-03T08:11:48+00:00","dateModified":"2025-10-30T01:55:06+00:00","breadcrumb":{"@id":"https:\/\/easystar.ee\/en\/toode\/calgodip-blue-kamille-spray-200kg-nisadeso-teepuuoli-k102045\/#breadcrumb"},"inLanguage":"en-US","potentialAction":[{"@type":"ReadAction","target":["https:\/\/easystar.ee\/en\/toode\/calgodip-blue-kamille-spray-200kg-nisadeso-teepuuoli-k102045\/"]}]},{"@type":"ImageObject","inLanguage":"en-US","@id":"https:\/\/easystar.ee\/en\/toode\/calgodip-blue-kamille-spray-200kg-nisadeso-teepuuoli-k102045\/#primaryimage","url":"https:\/\/easystar.ee\/wp-content\/uploads\/2024\/06\/Calgodip_Blue_Kamille_Spray_200Kg_nisadeso__teepuuo__li_.jpg","contentUrl":"https:\/\/easystar.ee\/wp-content\/uploads\/2024\/06\/Calgodip_Blue_Kamille_Spray_200Kg_nisadeso__teepuuo__li_.jpg","width":309,"height":501},{"@type":"BreadcrumbList","@id":"https:\/\/easystar.ee\/en\/toode\/calgodip-blue-kamille-spray-200kg-nisadeso-teepuuoli-k102045\/#breadcrumb","itemListElement":[{"@type":"ListItem","position":1,"name":"Home","item":"https:\/\/easystar.ee\/ru\/"},{"@type":"ListItem","position":2,"name":"Shop","item":"https:\/\/easystar.ee\/tooted\/"},{"@type":"ListItem","position":3,"name":"Calgodip Blue Kamille Spray 200kg nisadeso (teepuu\u00f5li) K102045"}]},{"@type":"WebSite","@id":"https:\/\/easystar.ee\/#website","url":"https:\/\/easystar.ee\/","name":"Easystar.ee","description":"","publisher":{"@id":"https:\/\/easystar.ee\/#organization"},"alternateName":"Keskkonnas\u00f5bralikud pehmepaberitooted teie kontorisse","potentialAction":[{"@type":"SearchAction","target":{"@type":"EntryPoint","urlTemplate":"https:\/\/easystar.ee\/?s={search_term_string}"},"query-input":{"@type":"PropertyValueSpecification","valueRequired":true,"valueName":"search_term_string"}}],"inLanguage":"en-US"},{"@type":"Organization","@id":"https:\/\/easystar.ee\/#organization","name":"Easy Star O\u00dc","url":"https:\/\/easystar.ee\/","logo":{"@type":"ImageObject","inLanguage":"en-US","@id":"https:\/\/easystar.ee\/#\/schema\/logo\/image\/","url":"https:\/\/easystar.ee\/wp-content\/uploads\/2024\/03\/easystar-logo.svg","contentUrl":"https:\/\/easystar.ee\/wp-content\/uploads\/2024\/03\/easystar-logo.svg","width":2000,"height":2000,"caption":"Easy Star O\u00dc"},"image":{"@id":"https:\/\/easystar.ee\/#\/schema\/logo\/image\/"}}]}},"_links":{"self":[{"href":"https:\/\/easystar.ee\/en\/wp-json\/wp\/v2\/product\/37348","targetHints":{"allow":["GET"]}}],"collection":[{"href":"https:\/\/easystar.ee\/en\/wp-json\/wp\/v2\/product"}],"about":[{"href":"https:\/\/easystar.ee\/en\/wp-json\/wp\/v2\/types\/product"}],"wp:featuredmedia":[{"embeddable":true,"href":"https:\/\/easystar.ee\/en\/wp-json\/wp\/v2\/media\/37340"}],"wp:attachment":[{"href":"https:\/\/easystar.ee\/en\/wp-json\/wp\/v2\/media?parent=37348"}],"wp:term":[{"taxonomy":"product_brand","embeddable":true,"href":"https:\/\/easystar.ee\/en\/wp-json\/wp\/v2\/product_brand?post=37348"},{"taxonomy":"product_cat","embeddable":true,"href":"https:\/\/easystar.ee\/en\/wp-json\/wp\/v2\/product_cat?post=37348"},{"taxonomy":"product_tag","embeddable":true,"href":"https:\/\/easystar.ee\/en\/wp-json\/wp\/v2\/product_tag?post=37348"}],"curies":[{"name":"wp","href":"https:\/\/api.w.org\/{rel}","templated":true}]}}