{"id":36864,"date":"2024-06-03T08:03:08","date_gmt":"2024-06-03T08:03:08","guid":{"rendered":"https:\/\/easystar.ee\/toode\/brait-ohuvarskendi-fresh-linen-300ml-l3939\/"},"modified":"2025-10-30T01:52:02","modified_gmt":"2025-10-30T01:52:02","slug":"brait-ohuvarskendi-fresh-linen-300ml-l3939","status":"publish","type":"product","link":"https:\/\/easystar.ee\/en\/toode\/brait-ohuvarskendi-fresh-linen-300ml-l3939\/","title":{"rendered":"BRAIT \u00f5huv\u00e4rskendi FRESH LINEN 300ml L3939"},"content":{"rendered":"","protected":false},"excerpt":{"rendered":"<p>Uudne 3 \u00fches koostis. Neutraliseerib ebameeldivad l\u00f5hnad, v\u00e4rskendab ja niisutab \u00f5hku.<br \/>\nM\u00f5nusalt v\u00e4rskel\u00f5hnaline \u00f5huv\u00e4rskendaja ruumide v\u00e4rskendamiseks ning ebameeldiva l\u00f5hna katmiseks.  Eriti tuleohtlik aerosool! Kahjulik veeorganismidele. V\u00f5ib avaldada pikaajalist vesikeskkonda kahjustavat toimet. Pakend on r\u00f5hu all. Hoida temperatuuril mitte \u00fcle 50\u00baC. Hoida otsese p\u00e4ikesevalguse eest. Pakendit mitte l\u00f5hkuda ega p\u00f5letada, ka mitte peale kasutamist. Tuleohtlik. Mitte pihustada lahtise leegi ega kergestis\u00fcttivate materjalide l\u00e4heduses. Hoida eemal s\u00fc\u00fctekolletest. Mitte suitsetada. Hoiduge toote sissehingamise ja silma sattumise eest. Kasutage toodet h\u00e4stiventileeritud kohtades. Hoida laste eest. J\u00e4rgige kasutusjuhendit.<\/p>\n","protected":false},"featured_media":36862,"template":"","meta":{"_acf_changed":false},"product_brand":[],"product_cat":[1850,1849],"product_tag":[],"class_list":{"0":"post-36864","1":"product","2":"type-product","3":"status-publish","4":"has-post-thumbnail","6":"product_cat-air-fresheners-air-fresheners","7":"product_cat-air-fresheners","9":"first","10":"instock","11":"taxable","12":"shipping-taxable","13":"purchasable","14":"product-type-simple"},"acf":[],"yoast_head":"<!-- This site is optimized with the Yoast SEO plugin v27.3 - https:\/\/yoast.com\/product\/yoast-seo-wordpress\/ -->\n<title>BRAIT \u00f5huv\u00e4rskendi FRESH LINEN 300ml L3939 &#8212; Easy Star O\u00dc<\/title>\n<meta name=\"robots\" content=\"index, follow, max-snippet:-1, max-image-preview:large, max-video-preview:-1\" \/>\n<link rel=\"canonical\" href=\"https:\/\/easystar.ee\/en\/toode\/brait-ohuvarskendi-fresh-linen-300ml-l3939\/\" \/>\n<meta property=\"og:locale\" content=\"en_US\" \/>\n<meta property=\"og:type\" content=\"article\" \/>\n<meta property=\"og:title\" content=\"BRAIT \u00f5huv\u00e4rskendi FRESH LINEN 300ml L3939 &#8212; Easy Star O\u00dc\" \/>\n<meta property=\"og:description\" content=\"Uudne 3 \u00fches koostis. Neutraliseerib ebameeldivad l\u00f5hnad, v\u00e4rskendab ja niisutab \u00f5hku. M\u00f5nusalt v\u00e4rskel\u00f5hnaline \u00f5huv\u00e4rskendaja ruumide v\u00e4rskendamiseks ning ebameeldiva l\u00f5hna katmiseks. Eriti tuleohtlik aerosool! Kahjulik veeorganismidele. V\u00f5ib avaldada pikaajalist vesikeskkonda kahjustavat toimet. Pakend on r\u00f5hu all. Hoida temperatuuril mitte \u00fcle 50\u00baC. Hoida otsese p\u00e4ikesevalguse eest. Pakendit mitte l\u00f5hkuda ega p\u00f5letada, ka mitte peale kasutamist. Tuleohtlik. Mitte pihustada lahtise leegi ega kergestis\u00fcttivate materjalide l\u00e4heduses. Hoida eemal s\u00fc\u00fctekolletest. Mitte suitsetada. Hoiduge toote sissehingamise ja silma sattumise eest. Kasutage toodet h\u00e4stiventileeritud kohtades. Hoida laste eest. J\u00e4rgige kasutusjuhendit.\" \/>\n<meta property=\"og:url\" content=\"https:\/\/easystar.ee\/en\/toode\/brait-ohuvarskendi-fresh-linen-300ml-l3939\/\" \/>\n<meta property=\"og:site_name\" content=\"Easy Star O\u00dc\" \/>\n<meta property=\"article:modified_time\" content=\"2025-10-30T01:52:02+00:00\" \/>\n<meta property=\"og:image\" content=\"https:\/\/easystar.ee\/wp-content\/uploads\/2024\/06\/5908241723939.jpg\" \/>\n\t<meta property=\"og:image:width\" content=\"123\" \/>\n\t<meta property=\"og:image:height\" content=\"381\" \/>\n\t<meta property=\"og:image:type\" content=\"image\/jpeg\" \/>\n<meta name=\"twitter:card\" content=\"summary_large_image\" \/>\n<script type=\"application\/ld+json\" class=\"yoast-schema-graph\">{\"@context\":\"https:\\\/\\\/schema.org\",\"@graph\":[{\"@type\":\"WebPage\",\"@id\":\"https:\\\/\\\/easystar.ee\\\/en\\\/toode\\\/brait-ohuvarskendi-fresh-linen-300ml-l3939\\\/\",\"url\":\"https:\\\/\\\/easystar.ee\\\/en\\\/toode\\\/brait-ohuvarskendi-fresh-linen-300ml-l3939\\\/\",\"name\":\"BRAIT \u00f5huv\u00e4rskendi FRESH LINEN 300ml L3939 &#8212; Easy Star O\u00dc\",\"isPartOf\":{\"@id\":\"https:\\\/\\\/easystar.ee\\\/#website\"},\"primaryImageOfPage\":{\"@id\":\"https:\\\/\\\/easystar.ee\\\/en\\\/toode\\\/brait-ohuvarskendi-fresh-linen-300ml-l3939\\\/#primaryimage\"},\"image\":{\"@id\":\"https:\\\/\\\/easystar.ee\\\/en\\\/toode\\\/brait-ohuvarskendi-fresh-linen-300ml-l3939\\\/#primaryimage\"},\"thumbnailUrl\":\"https:\\\/\\\/easystar.ee\\\/wp-content\\\/uploads\\\/2024\\\/06\\\/5908241723939.jpg\",\"datePublished\":\"2024-06-03T08:03:08+00:00\",\"dateModified\":\"2025-10-30T01:52:02+00:00\",\"breadcrumb\":{\"@id\":\"https:\\\/\\\/easystar.ee\\\/en\\\/toode\\\/brait-ohuvarskendi-fresh-linen-300ml-l3939\\\/#breadcrumb\"},\"inLanguage\":\"en-US\",\"potentialAction\":[{\"@type\":\"ReadAction\",\"target\":[\"https:\\\/\\\/easystar.ee\\\/en\\\/toode\\\/brait-ohuvarskendi-fresh-linen-300ml-l3939\\\/\"]}]},{\"@type\":\"ImageObject\",\"inLanguage\":\"en-US\",\"@id\":\"https:\\\/\\\/easystar.ee\\\/en\\\/toode\\\/brait-ohuvarskendi-fresh-linen-300ml-l3939\\\/#primaryimage\",\"url\":\"https:\\\/\\\/easystar.ee\\\/wp-content\\\/uploads\\\/2024\\\/06\\\/5908241723939.jpg\",\"contentUrl\":\"https:\\\/\\\/easystar.ee\\\/wp-content\\\/uploads\\\/2024\\\/06\\\/5908241723939.jpg\",\"width\":123,\"height\":381},{\"@type\":\"BreadcrumbList\",\"@id\":\"https:\\\/\\\/easystar.ee\\\/en\\\/toode\\\/brait-ohuvarskendi-fresh-linen-300ml-l3939\\\/#breadcrumb\",\"itemListElement\":[{\"@type\":\"ListItem\",\"position\":1,\"name\":\"Home\",\"item\":\"https:\\\/\\\/easystar.ee\\\/ru\\\/\"},{\"@type\":\"ListItem\",\"position\":2,\"name\":\"Shop\",\"item\":\"https:\\\/\\\/easystar.ee\\\/tooted\\\/\"},{\"@type\":\"ListItem\",\"position\":3,\"name\":\"BRAIT \u00f5huv\u00e4rskendi FRESH LINEN 300ml L3939\"}]},{\"@type\":\"WebSite\",\"@id\":\"https:\\\/\\\/easystar.ee\\\/#website\",\"url\":\"https:\\\/\\\/easystar.ee\\\/\",\"name\":\"Easystar.ee\",\"description\":\"\",\"publisher\":{\"@id\":\"https:\\\/\\\/easystar.ee\\\/#organization\"},\"alternateName\":\"Keskkonnas\u00f5bralikud pehmepaberitooted teie kontorisse\",\"potentialAction\":[{\"@type\":\"SearchAction\",\"target\":{\"@type\":\"EntryPoint\",\"urlTemplate\":\"https:\\\/\\\/easystar.ee\\\/?s={search_term_string}\"},\"query-input\":{\"@type\":\"PropertyValueSpecification\",\"valueRequired\":true,\"valueName\":\"search_term_string\"}}],\"inLanguage\":\"en-US\"},{\"@type\":\"Organization\",\"@id\":\"https:\\\/\\\/easystar.ee\\\/#organization\",\"name\":\"Easy Star O\u00dc\",\"url\":\"https:\\\/\\\/easystar.ee\\\/\",\"logo\":{\"@type\":\"ImageObject\",\"inLanguage\":\"en-US\",\"@id\":\"https:\\\/\\\/easystar.ee\\\/#\\\/schema\\\/logo\\\/image\\\/\",\"url\":\"https:\\\/\\\/easystar.ee\\\/wp-content\\\/uploads\\\/2024\\\/03\\\/easystar-logo.svg\",\"contentUrl\":\"https:\\\/\\\/easystar.ee\\\/wp-content\\\/uploads\\\/2024\\\/03\\\/easystar-logo.svg\",\"width\":2000,\"height\":2000,\"caption\":\"Easy Star O\u00dc\"},\"image\":{\"@id\":\"https:\\\/\\\/easystar.ee\\\/#\\\/schema\\\/logo\\\/image\\\/\"}}]}<\/script>\n<!-- \/ Yoast SEO plugin. -->","yoast_head_json":{"title":"BRAIT \u00f5huv\u00e4rskendi FRESH LINEN 300ml L3939 &#8212; Easy Star O\u00dc","robots":{"index":"index","follow":"follow","max-snippet":"max-snippet:-1","max-image-preview":"max-image-preview:large","max-video-preview":"max-video-preview:-1"},"canonical":"https:\/\/easystar.ee\/en\/toode\/brait-ohuvarskendi-fresh-linen-300ml-l3939\/","og_locale":"en_US","og_type":"article","og_title":"BRAIT \u00f5huv\u00e4rskendi FRESH LINEN 300ml L3939 &#8212; Easy Star O\u00dc","og_description":"Uudne 3 \u00fches koostis. Neutraliseerib ebameeldivad l\u00f5hnad, v\u00e4rskendab ja niisutab \u00f5hku. M\u00f5nusalt v\u00e4rskel\u00f5hnaline \u00f5huv\u00e4rskendaja ruumide v\u00e4rskendamiseks ning ebameeldiva l\u00f5hna katmiseks. Eriti tuleohtlik aerosool! Kahjulik veeorganismidele. V\u00f5ib avaldada pikaajalist vesikeskkonda kahjustavat toimet. Pakend on r\u00f5hu all. Hoida temperatuuril mitte \u00fcle 50\u00baC. Hoida otsese p\u00e4ikesevalguse eest. Pakendit mitte l\u00f5hkuda ega p\u00f5letada, ka mitte peale kasutamist. Tuleohtlik. Mitte pihustada lahtise leegi ega kergestis\u00fcttivate materjalide l\u00e4heduses. Hoida eemal s\u00fc\u00fctekolletest. Mitte suitsetada. Hoiduge toote sissehingamise ja silma sattumise eest. Kasutage toodet h\u00e4stiventileeritud kohtades. Hoida laste eest. J\u00e4rgige kasutusjuhendit.","og_url":"https:\/\/easystar.ee\/en\/toode\/brait-ohuvarskendi-fresh-linen-300ml-l3939\/","og_site_name":"Easy Star O\u00dc","article_modified_time":"2025-10-30T01:52:02+00:00","og_image":[{"width":123,"height":381,"url":"https:\/\/easystar.ee\/wp-content\/uploads\/2024\/06\/5908241723939.jpg","type":"image\/jpeg"}],"twitter_card":"summary_large_image","schema":{"@context":"https:\/\/schema.org","@graph":[{"@type":"WebPage","@id":"https:\/\/easystar.ee\/en\/toode\/brait-ohuvarskendi-fresh-linen-300ml-l3939\/","url":"https:\/\/easystar.ee\/en\/toode\/brait-ohuvarskendi-fresh-linen-300ml-l3939\/","name":"BRAIT \u00f5huv\u00e4rskendi FRESH LINEN 300ml L3939 &#8212; Easy Star O\u00dc","isPartOf":{"@id":"https:\/\/easystar.ee\/#website"},"primaryImageOfPage":{"@id":"https:\/\/easystar.ee\/en\/toode\/brait-ohuvarskendi-fresh-linen-300ml-l3939\/#primaryimage"},"image":{"@id":"https:\/\/easystar.ee\/en\/toode\/brait-ohuvarskendi-fresh-linen-300ml-l3939\/#primaryimage"},"thumbnailUrl":"https:\/\/easystar.ee\/wp-content\/uploads\/2024\/06\/5908241723939.jpg","datePublished":"2024-06-03T08:03:08+00:00","dateModified":"2025-10-30T01:52:02+00:00","breadcrumb":{"@id":"https:\/\/easystar.ee\/en\/toode\/brait-ohuvarskendi-fresh-linen-300ml-l3939\/#breadcrumb"},"inLanguage":"en-US","potentialAction":[{"@type":"ReadAction","target":["https:\/\/easystar.ee\/en\/toode\/brait-ohuvarskendi-fresh-linen-300ml-l3939\/"]}]},{"@type":"ImageObject","inLanguage":"en-US","@id":"https:\/\/easystar.ee\/en\/toode\/brait-ohuvarskendi-fresh-linen-300ml-l3939\/#primaryimage","url":"https:\/\/easystar.ee\/wp-content\/uploads\/2024\/06\/5908241723939.jpg","contentUrl":"https:\/\/easystar.ee\/wp-content\/uploads\/2024\/06\/5908241723939.jpg","width":123,"height":381},{"@type":"BreadcrumbList","@id":"https:\/\/easystar.ee\/en\/toode\/brait-ohuvarskendi-fresh-linen-300ml-l3939\/#breadcrumb","itemListElement":[{"@type":"ListItem","position":1,"name":"Home","item":"https:\/\/easystar.ee\/ru\/"},{"@type":"ListItem","position":2,"name":"Shop","item":"https:\/\/easystar.ee\/tooted\/"},{"@type":"ListItem","position":3,"name":"BRAIT \u00f5huv\u00e4rskendi FRESH LINEN 300ml L3939"}]},{"@type":"WebSite","@id":"https:\/\/easystar.ee\/#website","url":"https:\/\/easystar.ee\/","name":"Easystar.ee","description":"","publisher":{"@id":"https:\/\/easystar.ee\/#organization"},"alternateName":"Keskkonnas\u00f5bralikud pehmepaberitooted teie kontorisse","potentialAction":[{"@type":"SearchAction","target":{"@type":"EntryPoint","urlTemplate":"https:\/\/easystar.ee\/?s={search_term_string}"},"query-input":{"@type":"PropertyValueSpecification","valueRequired":true,"valueName":"search_term_string"}}],"inLanguage":"en-US"},{"@type":"Organization","@id":"https:\/\/easystar.ee\/#organization","name":"Easy Star O\u00dc","url":"https:\/\/easystar.ee\/","logo":{"@type":"ImageObject","inLanguage":"en-US","@id":"https:\/\/easystar.ee\/#\/schema\/logo\/image\/","url":"https:\/\/easystar.ee\/wp-content\/uploads\/2024\/03\/easystar-logo.svg","contentUrl":"https:\/\/easystar.ee\/wp-content\/uploads\/2024\/03\/easystar-logo.svg","width":2000,"height":2000,"caption":"Easy Star O\u00dc"},"image":{"@id":"https:\/\/easystar.ee\/#\/schema\/logo\/image\/"}}]}},"_links":{"self":[{"href":"https:\/\/easystar.ee\/en\/wp-json\/wp\/v2\/product\/36864","targetHints":{"allow":["GET"]}}],"collection":[{"href":"https:\/\/easystar.ee\/en\/wp-json\/wp\/v2\/product"}],"about":[{"href":"https:\/\/easystar.ee\/en\/wp-json\/wp\/v2\/types\/product"}],"wp:featuredmedia":[{"embeddable":true,"href":"https:\/\/easystar.ee\/en\/wp-json\/wp\/v2\/media\/36862"}],"wp:attachment":[{"href":"https:\/\/easystar.ee\/en\/wp-json\/wp\/v2\/media?parent=36864"}],"wp:term":[{"taxonomy":"product_brand","embeddable":true,"href":"https:\/\/easystar.ee\/en\/wp-json\/wp\/v2\/product_brand?post=36864"},{"taxonomy":"product_cat","embeddable":true,"href":"https:\/\/easystar.ee\/en\/wp-json\/wp\/v2\/product_cat?post=36864"},{"taxonomy":"product_tag","embeddable":true,"href":"https:\/\/easystar.ee\/en\/wp-json\/wp\/v2\/product_tag?post=36864"}],"curies":[{"name":"wp","href":"https:\/\/api.w.org\/{rel}","templated":true}]}}