{"id":36807,"date":"2024-06-03T08:02:53","date_gmt":"2024-06-03T08:02:53","guid":{"rendered":"https:\/\/easystar.ee\/toode\/sorteerimise-prugikast-40l-must-kollane-ral1021-lukuta-dro55901\/"},"modified":"2025-10-30T01:51:46","modified_gmt":"2025-10-30T01:51:46","slug":"sorteerimise-prugikast-40l-must-kollane-ral1021-lukuta-dro55901","status":"publish","type":"product","link":"https:\/\/easystar.ee\/en\/toode\/sorteerimise-prugikast-40l-must-kollane-ral1021-lukuta-dro55901\/","title":{"rendered":"Sorteerimise pr\u00fcgikast 40L must\/kollane RAL1021 lukuta DRO55901"},"content":{"rendered":"","protected":false},"excerpt":{"rendered":"<p>UV-pulberv\u00e4rvitud teras. Sorteerimist\u00fc\u00fcbi kalibreeritud ava tunnus. V\u00e4rviline kate ja sildid uksel 4 reguleeritavat plastist jalga eba\u00fchtlaste p\u00f5randate jaoks Pr\u00fcgikasti paigaldamine suletud ruumi<br \/>\nM\u00f5\u00f5dud: H760 x P380 x L380 mm<br \/>\nKuubatri sorteerimisalune muutub sorteerimispr\u00fcgiks, kui valite selle teiste pr\u00fcgikastidega. Sorteerimise saared on v\u00f5imalik k\u00f5rvuti v\u00f5i tagasi. Pr\u00fcgikasti t\u00fchjendamine on mugav t\u00e4nu integreeritud taaskasutatud pol\u00fcprop\u00fcleeni sisemisele alusele. Ava on esik\u00fcljel ja sorteerimisklemmil on push \/ pull avamiss\u00fcsteem. Sobiv kott ca 80L<\/p>\n","protected":false},"featured_media":36805,"template":"","meta":{"_acf_changed":false},"product_brand":[],"product_cat":[1814,1928],"product_tag":[],"class_list":{"0":"post-36807","1":"product","2":"type-product","3":"status-publish","4":"has-post-thumbnail","6":"product_cat-dispensers","7":"product_cat-waste-sorting","9":"first","10":"onbackorder","11":"taxable","12":"shipping-taxable","13":"purchasable","14":"product-type-simple"},"acf":[],"yoast_head":"<!-- This site is optimized with the Yoast SEO plugin v27.5 - https:\/\/yoast.com\/product\/yoast-seo-wordpress\/ -->\n<title>Sorteerimise pr\u00fcgikast 40L must\/kollane RAL1021 lukuta DRO55901 &#8212; Easy Star O\u00dc<\/title>\n<meta name=\"robots\" content=\"index, follow, max-snippet:-1, max-image-preview:large, max-video-preview:-1\" \/>\n<link rel=\"canonical\" href=\"https:\/\/easystar.ee\/en\/toode\/sorteerimise-prugikast-40l-must-kollane-ral1021-lukuta-dro55901\/\" \/>\n<meta property=\"og:locale\" content=\"en_US\" \/>\n<meta property=\"og:type\" content=\"article\" \/>\n<meta property=\"og:title\" content=\"Sorteerimise pr\u00fcgikast 40L must\/kollane RAL1021 lukuta DRO55901 &#8212; Easy Star O\u00dc\" \/>\n<meta property=\"og:description\" content=\"UV-pulberv\u00e4rvitud teras. Sorteerimist\u00fc\u00fcbi kalibreeritud ava tunnus. V\u00e4rviline kate ja sildid uksel 4 reguleeritavat plastist jalga eba\u00fchtlaste p\u00f5randate jaoks Pr\u00fcgikasti paigaldamine suletud ruumi M\u00f5\u00f5dud: H760 x P380 x L380 mm Kuubatri sorteerimisalune muutub sorteerimispr\u00fcgiks, kui valite selle teiste pr\u00fcgikastidega. Sorteerimise saared on v\u00f5imalik k\u00f5rvuti v\u00f5i tagasi. Pr\u00fcgikasti t\u00fchjendamine on mugav t\u00e4nu integreeritud taaskasutatud pol\u00fcprop\u00fcleeni sisemisele alusele. Ava on esik\u00fcljel ja sorteerimisklemmil on push \/ pull avamiss\u00fcsteem. Sobiv kott ca 80L\" \/>\n<meta property=\"og:url\" content=\"https:\/\/easystar.ee\/en\/toode\/sorteerimise-prugikast-40l-must-kollane-ral1021-lukuta-dro55901\/\" \/>\n<meta property=\"og:site_name\" content=\"Easy Star O\u00dc\" \/>\n<meta property=\"article:modified_time\" content=\"2025-10-30T01:51:46+00:00\" \/>\n<meta property=\"og:image\" content=\"https:\/\/easystar.ee\/wp-content\/uploads\/2024\/06\/DRO55901.jpg\" \/>\n\t<meta property=\"og:image:width\" content=\"199\" \/>\n\t<meta property=\"og:image:height\" content=\"284\" \/>\n\t<meta property=\"og:image:type\" content=\"image\/jpeg\" \/>\n<meta name=\"twitter:card\" content=\"summary_large_image\" \/>\n<script type=\"application\/ld+json\" class=\"yoast-schema-graph\">{\"@context\":\"https:\\\/\\\/schema.org\",\"@graph\":[{\"@type\":\"WebPage\",\"@id\":\"https:\\\/\\\/easystar.ee\\\/en\\\/toode\\\/sorteerimise-prugikast-40l-must-kollane-ral1021-lukuta-dro55901\\\/\",\"url\":\"https:\\\/\\\/easystar.ee\\\/en\\\/toode\\\/sorteerimise-prugikast-40l-must-kollane-ral1021-lukuta-dro55901\\\/\",\"name\":\"Sorteerimise pr\u00fcgikast 40L must\\\/kollane RAL1021 lukuta DRO55901 &#8212; Easy Star O\u00dc\",\"isPartOf\":{\"@id\":\"https:\\\/\\\/easystar.ee\\\/#website\"},\"primaryImageOfPage\":{\"@id\":\"https:\\\/\\\/easystar.ee\\\/en\\\/toode\\\/sorteerimise-prugikast-40l-must-kollane-ral1021-lukuta-dro55901\\\/#primaryimage\"},\"image\":{\"@id\":\"https:\\\/\\\/easystar.ee\\\/en\\\/toode\\\/sorteerimise-prugikast-40l-must-kollane-ral1021-lukuta-dro55901\\\/#primaryimage\"},\"thumbnailUrl\":\"https:\\\/\\\/easystar.ee\\\/wp-content\\\/uploads\\\/2024\\\/06\\\/DRO55901.jpg\",\"datePublished\":\"2024-06-03T08:02:53+00:00\",\"dateModified\":\"2025-10-30T01:51:46+00:00\",\"breadcrumb\":{\"@id\":\"https:\\\/\\\/easystar.ee\\\/en\\\/toode\\\/sorteerimise-prugikast-40l-must-kollane-ral1021-lukuta-dro55901\\\/#breadcrumb\"},\"inLanguage\":\"en-US\",\"potentialAction\":[{\"@type\":\"ReadAction\",\"target\":[\"https:\\\/\\\/easystar.ee\\\/en\\\/toode\\\/sorteerimise-prugikast-40l-must-kollane-ral1021-lukuta-dro55901\\\/\"]}]},{\"@type\":\"ImageObject\",\"inLanguage\":\"en-US\",\"@id\":\"https:\\\/\\\/easystar.ee\\\/en\\\/toode\\\/sorteerimise-prugikast-40l-must-kollane-ral1021-lukuta-dro55901\\\/#primaryimage\",\"url\":\"https:\\\/\\\/easystar.ee\\\/wp-content\\\/uploads\\\/2024\\\/06\\\/DRO55901.jpg\",\"contentUrl\":\"https:\\\/\\\/easystar.ee\\\/wp-content\\\/uploads\\\/2024\\\/06\\\/DRO55901.jpg\",\"width\":199,\"height\":284},{\"@type\":\"BreadcrumbList\",\"@id\":\"https:\\\/\\\/easystar.ee\\\/en\\\/toode\\\/sorteerimise-prugikast-40l-must-kollane-ral1021-lukuta-dro55901\\\/#breadcrumb\",\"itemListElement\":[{\"@type\":\"ListItem\",\"position\":1,\"name\":\"Home\",\"item\":\"https:\\\/\\\/easystar.ee\\\/ru\\\/\"},{\"@type\":\"ListItem\",\"position\":2,\"name\":\"Shop\",\"item\":\"https:\\\/\\\/easystar.ee\\\/tooted\\\/\"},{\"@type\":\"ListItem\",\"position\":3,\"name\":\"Sorteerimise pr\u00fcgikast 40L must\\\/kollane RAL1021 lukuta DRO55901\"}]},{\"@type\":\"WebSite\",\"@id\":\"https:\\\/\\\/easystar.ee\\\/#website\",\"url\":\"https:\\\/\\\/easystar.ee\\\/\",\"name\":\"Easystar.ee\",\"description\":\"\",\"publisher\":{\"@id\":\"https:\\\/\\\/easystar.ee\\\/#organization\"},\"alternateName\":\"Keskkonnas\u00f5bralikud pehmepaberitooted teie kontorisse\",\"potentialAction\":[{\"@type\":\"SearchAction\",\"target\":{\"@type\":\"EntryPoint\",\"urlTemplate\":\"https:\\\/\\\/easystar.ee\\\/?s={search_term_string}\"},\"query-input\":{\"@type\":\"PropertyValueSpecification\",\"valueRequired\":true,\"valueName\":\"search_term_string\"}}],\"inLanguage\":\"en-US\"},{\"@type\":\"Organization\",\"@id\":\"https:\\\/\\\/easystar.ee\\\/#organization\",\"name\":\"Easy Star O\u00dc\",\"url\":\"https:\\\/\\\/easystar.ee\\\/\",\"logo\":{\"@type\":\"ImageObject\",\"inLanguage\":\"en-US\",\"@id\":\"https:\\\/\\\/easystar.ee\\\/#\\\/schema\\\/logo\\\/image\\\/\",\"url\":\"https:\\\/\\\/easystar.ee\\\/wp-content\\\/uploads\\\/2024\\\/03\\\/easystar-logo.svg\",\"contentUrl\":\"https:\\\/\\\/easystar.ee\\\/wp-content\\\/uploads\\\/2024\\\/03\\\/easystar-logo.svg\",\"width\":2000,\"height\":2000,\"caption\":\"Easy Star O\u00dc\"},\"image\":{\"@id\":\"https:\\\/\\\/easystar.ee\\\/#\\\/schema\\\/logo\\\/image\\\/\"}}]}<\/script>\n<!-- \/ Yoast SEO plugin. -->","yoast_head_json":{"title":"Sorteerimise pr\u00fcgikast 40L must\/kollane RAL1021 lukuta DRO55901 &#8212; Easy Star O\u00dc","robots":{"index":"index","follow":"follow","max-snippet":"max-snippet:-1","max-image-preview":"max-image-preview:large","max-video-preview":"max-video-preview:-1"},"canonical":"https:\/\/easystar.ee\/en\/toode\/sorteerimise-prugikast-40l-must-kollane-ral1021-lukuta-dro55901\/","og_locale":"en_US","og_type":"article","og_title":"Sorteerimise pr\u00fcgikast 40L must\/kollane RAL1021 lukuta DRO55901 &#8212; Easy Star O\u00dc","og_description":"UV-pulberv\u00e4rvitud teras. Sorteerimist\u00fc\u00fcbi kalibreeritud ava tunnus. V\u00e4rviline kate ja sildid uksel 4 reguleeritavat plastist jalga eba\u00fchtlaste p\u00f5randate jaoks Pr\u00fcgikasti paigaldamine suletud ruumi M\u00f5\u00f5dud: H760 x P380 x L380 mm Kuubatri sorteerimisalune muutub sorteerimispr\u00fcgiks, kui valite selle teiste pr\u00fcgikastidega. Sorteerimise saared on v\u00f5imalik k\u00f5rvuti v\u00f5i tagasi. Pr\u00fcgikasti t\u00fchjendamine on mugav t\u00e4nu integreeritud taaskasutatud pol\u00fcprop\u00fcleeni sisemisele alusele. Ava on esik\u00fcljel ja sorteerimisklemmil on push \/ pull avamiss\u00fcsteem. Sobiv kott ca 80L","og_url":"https:\/\/easystar.ee\/en\/toode\/sorteerimise-prugikast-40l-must-kollane-ral1021-lukuta-dro55901\/","og_site_name":"Easy Star O\u00dc","article_modified_time":"2025-10-30T01:51:46+00:00","og_image":[{"width":199,"height":284,"url":"https:\/\/easystar.ee\/wp-content\/uploads\/2024\/06\/DRO55901.jpg","type":"image\/jpeg"}],"twitter_card":"summary_large_image","schema":{"@context":"https:\/\/schema.org","@graph":[{"@type":"WebPage","@id":"https:\/\/easystar.ee\/en\/toode\/sorteerimise-prugikast-40l-must-kollane-ral1021-lukuta-dro55901\/","url":"https:\/\/easystar.ee\/en\/toode\/sorteerimise-prugikast-40l-must-kollane-ral1021-lukuta-dro55901\/","name":"Sorteerimise pr\u00fcgikast 40L must\/kollane RAL1021 lukuta DRO55901 &#8212; Easy Star O\u00dc","isPartOf":{"@id":"https:\/\/easystar.ee\/#website"},"primaryImageOfPage":{"@id":"https:\/\/easystar.ee\/en\/toode\/sorteerimise-prugikast-40l-must-kollane-ral1021-lukuta-dro55901\/#primaryimage"},"image":{"@id":"https:\/\/easystar.ee\/en\/toode\/sorteerimise-prugikast-40l-must-kollane-ral1021-lukuta-dro55901\/#primaryimage"},"thumbnailUrl":"https:\/\/easystar.ee\/wp-content\/uploads\/2024\/06\/DRO55901.jpg","datePublished":"2024-06-03T08:02:53+00:00","dateModified":"2025-10-30T01:51:46+00:00","breadcrumb":{"@id":"https:\/\/easystar.ee\/en\/toode\/sorteerimise-prugikast-40l-must-kollane-ral1021-lukuta-dro55901\/#breadcrumb"},"inLanguage":"en-US","potentialAction":[{"@type":"ReadAction","target":["https:\/\/easystar.ee\/en\/toode\/sorteerimise-prugikast-40l-must-kollane-ral1021-lukuta-dro55901\/"]}]},{"@type":"ImageObject","inLanguage":"en-US","@id":"https:\/\/easystar.ee\/en\/toode\/sorteerimise-prugikast-40l-must-kollane-ral1021-lukuta-dro55901\/#primaryimage","url":"https:\/\/easystar.ee\/wp-content\/uploads\/2024\/06\/DRO55901.jpg","contentUrl":"https:\/\/easystar.ee\/wp-content\/uploads\/2024\/06\/DRO55901.jpg","width":199,"height":284},{"@type":"BreadcrumbList","@id":"https:\/\/easystar.ee\/en\/toode\/sorteerimise-prugikast-40l-must-kollane-ral1021-lukuta-dro55901\/#breadcrumb","itemListElement":[{"@type":"ListItem","position":1,"name":"Home","item":"https:\/\/easystar.ee\/ru\/"},{"@type":"ListItem","position":2,"name":"Shop","item":"https:\/\/easystar.ee\/tooted\/"},{"@type":"ListItem","position":3,"name":"Sorteerimise pr\u00fcgikast 40L must\/kollane RAL1021 lukuta DRO55901"}]},{"@type":"WebSite","@id":"https:\/\/easystar.ee\/#website","url":"https:\/\/easystar.ee\/","name":"Easystar.ee","description":"","publisher":{"@id":"https:\/\/easystar.ee\/#organization"},"alternateName":"Keskkonnas\u00f5bralikud pehmepaberitooted teie kontorisse","potentialAction":[{"@type":"SearchAction","target":{"@type":"EntryPoint","urlTemplate":"https:\/\/easystar.ee\/?s={search_term_string}"},"query-input":{"@type":"PropertyValueSpecification","valueRequired":true,"valueName":"search_term_string"}}],"inLanguage":"en-US"},{"@type":"Organization","@id":"https:\/\/easystar.ee\/#organization","name":"Easy Star O\u00dc","url":"https:\/\/easystar.ee\/","logo":{"@type":"ImageObject","inLanguage":"en-US","@id":"https:\/\/easystar.ee\/#\/schema\/logo\/image\/","url":"https:\/\/easystar.ee\/wp-content\/uploads\/2024\/03\/easystar-logo.svg","contentUrl":"https:\/\/easystar.ee\/wp-content\/uploads\/2024\/03\/easystar-logo.svg","width":2000,"height":2000,"caption":"Easy Star O\u00dc"},"image":{"@id":"https:\/\/easystar.ee\/#\/schema\/logo\/image\/"}}]}},"_links":{"self":[{"href":"https:\/\/easystar.ee\/en\/wp-json\/wp\/v2\/product\/36807","targetHints":{"allow":["GET"]}}],"collection":[{"href":"https:\/\/easystar.ee\/en\/wp-json\/wp\/v2\/product"}],"about":[{"href":"https:\/\/easystar.ee\/en\/wp-json\/wp\/v2\/types\/product"}],"wp:featuredmedia":[{"embeddable":true,"href":"https:\/\/easystar.ee\/en\/wp-json\/wp\/v2\/media\/36805"}],"wp:attachment":[{"href":"https:\/\/easystar.ee\/en\/wp-json\/wp\/v2\/media?parent=36807"}],"wp:term":[{"taxonomy":"product_brand","embeddable":true,"href":"https:\/\/easystar.ee\/en\/wp-json\/wp\/v2\/product_brand?post=36807"},{"taxonomy":"product_cat","embeddable":true,"href":"https:\/\/easystar.ee\/en\/wp-json\/wp\/v2\/product_cat?post=36807"},{"taxonomy":"product_tag","embeddable":true,"href":"https:\/\/easystar.ee\/en\/wp-json\/wp\/v2\/product_tag?post=36807"}],"curies":[{"name":"wp","href":"https:\/\/api.w.org\/{rel}","templated":true}]}}