{"id":36718,"date":"2024-06-03T08:01:22","date_gmt":"2024-06-03T08:01:22","guid":{"rendered":"https:\/\/easystar.ee\/toode\/prugikast-pedaaliga-30l-acadia-d246841\/"},"modified":"2025-10-30T01:51:03","modified_gmt":"2025-10-30T01:51:03","slug":"prugikast-pedaaliga-30l-acadia-d246841","status":"publish","type":"product","link":"https:\/\/easystar.ee\/en\/toode\/prugikast-pedaaliga-30l-acadia-d246841\/","title":{"rendered":"Pr\u00fcgikast pedaaliga 30L Acadia D246841"},"content":{"rendered":"","protected":false},"excerpt":{"rendered":"<p>K\u00f5rgus: 660 mm Laius: 290 mm S\u00fcgavus: 350 mm Maht: 30 L Materjal: Roostevaba Kaal: 5.7 kg<br \/>\nTootekirjeldus: Sorteerige t\u00f6\u00f6kohal j\u00e4\u00e4tmeid ja lihtsustage nende ringlussev\u00f5ttu selle praktilise ning funktsionaalse pr\u00fcgikastiga. T\u00e4nu sangaga sisekonteinerile on pr\u00fcgikast h\u00f5lpsasti t\u00fchjendatav ja puhastatav. Varustatud pedaaliga mugavaks avamiseks. Pedaaliga pr\u00fcgikasti avamiseks pole teil vaja seda k\u00e4ega puutuda ning seet\u00f5ttu on see hea valik kohtades, kus h\u00fcgieen on eriti oluline. Pr\u00fcgikast on valmistatud roostevabast terasest \u2013 stiilne ja vastupidav materjal, mis sobib kasutamiseks rahvarohketes s\u00f6\u00f6gikohtades.<\/p>\n","protected":false},"featured_media":36716,"template":"","meta":{"_acf_changed":false},"product_brand":[],"product_cat":[1814,2014],"product_tag":[],"class_list":{"0":"post-36718","1":"product","2":"type-product","3":"status-publish","4":"has-post-thumbnail","6":"product_cat-dispensers","7":"product_cat-prugikastid-ja-paberikorvid-en","9":"first","10":"onbackorder","11":"taxable","12":"shipping-taxable","13":"purchasable","14":"product-type-simple"},"acf":[],"yoast_head":"<!-- This site is optimized with the Yoast SEO plugin v27.3 - https:\/\/yoast.com\/product\/yoast-seo-wordpress\/ -->\n<title>Pr\u00fcgikast pedaaliga 30L Acadia D246841 &#8212; Easy Star O\u00dc<\/title>\n<meta name=\"robots\" content=\"index, follow, max-snippet:-1, max-image-preview:large, max-video-preview:-1\" \/>\n<link rel=\"canonical\" href=\"https:\/\/easystar.ee\/en\/toode\/prugikast-pedaaliga-30l-acadia-d246841\/\" \/>\n<meta property=\"og:locale\" content=\"en_US\" \/>\n<meta property=\"og:type\" content=\"article\" \/>\n<meta property=\"og:title\" content=\"Pr\u00fcgikast pedaaliga 30L Acadia D246841 &#8212; Easy Star O\u00dc\" \/>\n<meta property=\"og:description\" content=\"K\u00f5rgus: 660 mm Laius: 290 mm S\u00fcgavus: 350 mm Maht: 30 L Materjal: Roostevaba Kaal: 5.7 kg Tootekirjeldus: Sorteerige t\u00f6\u00f6kohal j\u00e4\u00e4tmeid ja lihtsustage nende ringlussev\u00f5ttu selle praktilise ning funktsionaalse pr\u00fcgikastiga. T\u00e4nu sangaga sisekonteinerile on pr\u00fcgikast h\u00f5lpsasti t\u00fchjendatav ja puhastatav. Varustatud pedaaliga mugavaks avamiseks. Pedaaliga pr\u00fcgikasti avamiseks pole teil vaja seda k\u00e4ega puutuda ning seet\u00f5ttu on see hea valik kohtades, kus h\u00fcgieen on eriti oluline. Pr\u00fcgikast on valmistatud roostevabast terasest \u2013 stiilne ja vastupidav materjal, mis sobib kasutamiseks rahvarohketes s\u00f6\u00f6gikohtades.\" \/>\n<meta property=\"og:url\" content=\"https:\/\/easystar.ee\/en\/toode\/prugikast-pedaaliga-30l-acadia-d246841\/\" \/>\n<meta property=\"og:site_name\" content=\"Easy Star O\u00dc\" \/>\n<meta property=\"article:modified_time\" content=\"2025-10-30T01:51:03+00:00\" \/>\n<meta property=\"og:image\" content=\"https:\/\/easystar.ee\/wp-content\/uploads\/2024\/06\/Image_v3.png\" \/>\n\t<meta property=\"og:image:width\" content=\"245\" \/>\n\t<meta property=\"og:image:height\" content=\"365\" \/>\n\t<meta property=\"og:image:type\" content=\"image\/png\" \/>\n<meta name=\"twitter:card\" content=\"summary_large_image\" \/>\n<script type=\"application\/ld+json\" class=\"yoast-schema-graph\">{\"@context\":\"https:\\\/\\\/schema.org\",\"@graph\":[{\"@type\":\"WebPage\",\"@id\":\"https:\\\/\\\/easystar.ee\\\/en\\\/toode\\\/prugikast-pedaaliga-30l-acadia-d246841\\\/\",\"url\":\"https:\\\/\\\/easystar.ee\\\/en\\\/toode\\\/prugikast-pedaaliga-30l-acadia-d246841\\\/\",\"name\":\"Pr\u00fcgikast pedaaliga 30L Acadia D246841 &#8212; Easy Star O\u00dc\",\"isPartOf\":{\"@id\":\"https:\\\/\\\/easystar.ee\\\/#website\"},\"primaryImageOfPage\":{\"@id\":\"https:\\\/\\\/easystar.ee\\\/en\\\/toode\\\/prugikast-pedaaliga-30l-acadia-d246841\\\/#primaryimage\"},\"image\":{\"@id\":\"https:\\\/\\\/easystar.ee\\\/en\\\/toode\\\/prugikast-pedaaliga-30l-acadia-d246841\\\/#primaryimage\"},\"thumbnailUrl\":\"https:\\\/\\\/easystar.ee\\\/wp-content\\\/uploads\\\/2024\\\/06\\\/Image_v3.png\",\"datePublished\":\"2024-06-03T08:01:22+00:00\",\"dateModified\":\"2025-10-30T01:51:03+00:00\",\"breadcrumb\":{\"@id\":\"https:\\\/\\\/easystar.ee\\\/en\\\/toode\\\/prugikast-pedaaliga-30l-acadia-d246841\\\/#breadcrumb\"},\"inLanguage\":\"en-US\",\"potentialAction\":[{\"@type\":\"ReadAction\",\"target\":[\"https:\\\/\\\/easystar.ee\\\/en\\\/toode\\\/prugikast-pedaaliga-30l-acadia-d246841\\\/\"]}]},{\"@type\":\"ImageObject\",\"inLanguage\":\"en-US\",\"@id\":\"https:\\\/\\\/easystar.ee\\\/en\\\/toode\\\/prugikast-pedaaliga-30l-acadia-d246841\\\/#primaryimage\",\"url\":\"https:\\\/\\\/easystar.ee\\\/wp-content\\\/uploads\\\/2024\\\/06\\\/Image_v3.png\",\"contentUrl\":\"https:\\\/\\\/easystar.ee\\\/wp-content\\\/uploads\\\/2024\\\/06\\\/Image_v3.png\",\"width\":245,\"height\":365},{\"@type\":\"BreadcrumbList\",\"@id\":\"https:\\\/\\\/easystar.ee\\\/en\\\/toode\\\/prugikast-pedaaliga-30l-acadia-d246841\\\/#breadcrumb\",\"itemListElement\":[{\"@type\":\"ListItem\",\"position\":1,\"name\":\"Home\",\"item\":\"https:\\\/\\\/easystar.ee\\\/ru\\\/\"},{\"@type\":\"ListItem\",\"position\":2,\"name\":\"Shop\",\"item\":\"https:\\\/\\\/easystar.ee\\\/tooted\\\/\"},{\"@type\":\"ListItem\",\"position\":3,\"name\":\"Pr\u00fcgikast pedaaliga 30L Acadia D246841\"}]},{\"@type\":\"WebSite\",\"@id\":\"https:\\\/\\\/easystar.ee\\\/#website\",\"url\":\"https:\\\/\\\/easystar.ee\\\/\",\"name\":\"Easystar.ee\",\"description\":\"\",\"publisher\":{\"@id\":\"https:\\\/\\\/easystar.ee\\\/#organization\"},\"alternateName\":\"Keskkonnas\u00f5bralikud pehmepaberitooted teie kontorisse\",\"potentialAction\":[{\"@type\":\"SearchAction\",\"target\":{\"@type\":\"EntryPoint\",\"urlTemplate\":\"https:\\\/\\\/easystar.ee\\\/?s={search_term_string}\"},\"query-input\":{\"@type\":\"PropertyValueSpecification\",\"valueRequired\":true,\"valueName\":\"search_term_string\"}}],\"inLanguage\":\"en-US\"},{\"@type\":\"Organization\",\"@id\":\"https:\\\/\\\/easystar.ee\\\/#organization\",\"name\":\"Easy Star O\u00dc\",\"url\":\"https:\\\/\\\/easystar.ee\\\/\",\"logo\":{\"@type\":\"ImageObject\",\"inLanguage\":\"en-US\",\"@id\":\"https:\\\/\\\/easystar.ee\\\/#\\\/schema\\\/logo\\\/image\\\/\",\"url\":\"https:\\\/\\\/easystar.ee\\\/wp-content\\\/uploads\\\/2024\\\/03\\\/easystar-logo.svg\",\"contentUrl\":\"https:\\\/\\\/easystar.ee\\\/wp-content\\\/uploads\\\/2024\\\/03\\\/easystar-logo.svg\",\"width\":2000,\"height\":2000,\"caption\":\"Easy Star O\u00dc\"},\"image\":{\"@id\":\"https:\\\/\\\/easystar.ee\\\/#\\\/schema\\\/logo\\\/image\\\/\"}}]}<\/script>\n<!-- \/ Yoast SEO plugin. -->","yoast_head_json":{"title":"Pr\u00fcgikast pedaaliga 30L Acadia D246841 &#8212; Easy Star O\u00dc","robots":{"index":"index","follow":"follow","max-snippet":"max-snippet:-1","max-image-preview":"max-image-preview:large","max-video-preview":"max-video-preview:-1"},"canonical":"https:\/\/easystar.ee\/en\/toode\/prugikast-pedaaliga-30l-acadia-d246841\/","og_locale":"en_US","og_type":"article","og_title":"Pr\u00fcgikast pedaaliga 30L Acadia D246841 &#8212; Easy Star O\u00dc","og_description":"K\u00f5rgus: 660 mm Laius: 290 mm S\u00fcgavus: 350 mm Maht: 30 L Materjal: Roostevaba Kaal: 5.7 kg Tootekirjeldus: Sorteerige t\u00f6\u00f6kohal j\u00e4\u00e4tmeid ja lihtsustage nende ringlussev\u00f5ttu selle praktilise ning funktsionaalse pr\u00fcgikastiga. T\u00e4nu sangaga sisekonteinerile on pr\u00fcgikast h\u00f5lpsasti t\u00fchjendatav ja puhastatav. Varustatud pedaaliga mugavaks avamiseks. Pedaaliga pr\u00fcgikasti avamiseks pole teil vaja seda k\u00e4ega puutuda ning seet\u00f5ttu on see hea valik kohtades, kus h\u00fcgieen on eriti oluline. Pr\u00fcgikast on valmistatud roostevabast terasest \u2013 stiilne ja vastupidav materjal, mis sobib kasutamiseks rahvarohketes s\u00f6\u00f6gikohtades.","og_url":"https:\/\/easystar.ee\/en\/toode\/prugikast-pedaaliga-30l-acadia-d246841\/","og_site_name":"Easy Star O\u00dc","article_modified_time":"2025-10-30T01:51:03+00:00","og_image":[{"width":245,"height":365,"url":"https:\/\/easystar.ee\/wp-content\/uploads\/2024\/06\/Image_v3.png","type":"image\/png"}],"twitter_card":"summary_large_image","schema":{"@context":"https:\/\/schema.org","@graph":[{"@type":"WebPage","@id":"https:\/\/easystar.ee\/en\/toode\/prugikast-pedaaliga-30l-acadia-d246841\/","url":"https:\/\/easystar.ee\/en\/toode\/prugikast-pedaaliga-30l-acadia-d246841\/","name":"Pr\u00fcgikast pedaaliga 30L Acadia D246841 &#8212; Easy Star O\u00dc","isPartOf":{"@id":"https:\/\/easystar.ee\/#website"},"primaryImageOfPage":{"@id":"https:\/\/easystar.ee\/en\/toode\/prugikast-pedaaliga-30l-acadia-d246841\/#primaryimage"},"image":{"@id":"https:\/\/easystar.ee\/en\/toode\/prugikast-pedaaliga-30l-acadia-d246841\/#primaryimage"},"thumbnailUrl":"https:\/\/easystar.ee\/wp-content\/uploads\/2024\/06\/Image_v3.png","datePublished":"2024-06-03T08:01:22+00:00","dateModified":"2025-10-30T01:51:03+00:00","breadcrumb":{"@id":"https:\/\/easystar.ee\/en\/toode\/prugikast-pedaaliga-30l-acadia-d246841\/#breadcrumb"},"inLanguage":"en-US","potentialAction":[{"@type":"ReadAction","target":["https:\/\/easystar.ee\/en\/toode\/prugikast-pedaaliga-30l-acadia-d246841\/"]}]},{"@type":"ImageObject","inLanguage":"en-US","@id":"https:\/\/easystar.ee\/en\/toode\/prugikast-pedaaliga-30l-acadia-d246841\/#primaryimage","url":"https:\/\/easystar.ee\/wp-content\/uploads\/2024\/06\/Image_v3.png","contentUrl":"https:\/\/easystar.ee\/wp-content\/uploads\/2024\/06\/Image_v3.png","width":245,"height":365},{"@type":"BreadcrumbList","@id":"https:\/\/easystar.ee\/en\/toode\/prugikast-pedaaliga-30l-acadia-d246841\/#breadcrumb","itemListElement":[{"@type":"ListItem","position":1,"name":"Home","item":"https:\/\/easystar.ee\/ru\/"},{"@type":"ListItem","position":2,"name":"Shop","item":"https:\/\/easystar.ee\/tooted\/"},{"@type":"ListItem","position":3,"name":"Pr\u00fcgikast pedaaliga 30L Acadia D246841"}]},{"@type":"WebSite","@id":"https:\/\/easystar.ee\/#website","url":"https:\/\/easystar.ee\/","name":"Easystar.ee","description":"","publisher":{"@id":"https:\/\/easystar.ee\/#organization"},"alternateName":"Keskkonnas\u00f5bralikud pehmepaberitooted teie kontorisse","potentialAction":[{"@type":"SearchAction","target":{"@type":"EntryPoint","urlTemplate":"https:\/\/easystar.ee\/?s={search_term_string}"},"query-input":{"@type":"PropertyValueSpecification","valueRequired":true,"valueName":"search_term_string"}}],"inLanguage":"en-US"},{"@type":"Organization","@id":"https:\/\/easystar.ee\/#organization","name":"Easy Star O\u00dc","url":"https:\/\/easystar.ee\/","logo":{"@type":"ImageObject","inLanguage":"en-US","@id":"https:\/\/easystar.ee\/#\/schema\/logo\/image\/","url":"https:\/\/easystar.ee\/wp-content\/uploads\/2024\/03\/easystar-logo.svg","contentUrl":"https:\/\/easystar.ee\/wp-content\/uploads\/2024\/03\/easystar-logo.svg","width":2000,"height":2000,"caption":"Easy Star O\u00dc"},"image":{"@id":"https:\/\/easystar.ee\/#\/schema\/logo\/image\/"}}]}},"_links":{"self":[{"href":"https:\/\/easystar.ee\/en\/wp-json\/wp\/v2\/product\/36718","targetHints":{"allow":["GET"]}}],"collection":[{"href":"https:\/\/easystar.ee\/en\/wp-json\/wp\/v2\/product"}],"about":[{"href":"https:\/\/easystar.ee\/en\/wp-json\/wp\/v2\/types\/product"}],"wp:featuredmedia":[{"embeddable":true,"href":"https:\/\/easystar.ee\/en\/wp-json\/wp\/v2\/media\/36716"}],"wp:attachment":[{"href":"https:\/\/easystar.ee\/en\/wp-json\/wp\/v2\/media?parent=36718"}],"wp:term":[{"taxonomy":"product_brand","embeddable":true,"href":"https:\/\/easystar.ee\/en\/wp-json\/wp\/v2\/product_brand?post=36718"},{"taxonomy":"product_cat","embeddable":true,"href":"https:\/\/easystar.ee\/en\/wp-json\/wp\/v2\/product_cat?post=36718"},{"taxonomy":"product_tag","embeddable":true,"href":"https:\/\/easystar.ee\/en\/wp-json\/wp\/v2\/product_tag?post=36718"}],"curies":[{"name":"wp","href":"https:\/\/api.w.org\/{rel}","templated":true}]}}