{"id":36466,"date":"2024-06-03T07:59:29","date_gmt":"2024-06-03T07:59:29","guid":{"rendered":"https:\/\/easystar.ee\/toode\/prugikast-sorteerimiseks-20l-roheline-d251936\/"},"modified":"2025-10-30T01:50:07","modified_gmt":"2025-10-30T01:50:07","slug":"prugikast-sorteerimiseks-20l-roheline-d251936","status":"publish","type":"product","link":"https:\/\/easystar.ee\/en\/toode\/prugikast-sorteerimiseks-20l-roheline-d251936\/","title":{"rendered":"Pr\u00fcgikast sorteerimiseks 20L roheline D251936"},"content":{"rendered":"","protected":false},"excerpt":{"rendered":"<p>36,7&#215;24,6&#215;33,1cm<br \/>\nVaata tootja esitlust ka YouTube\u2019 is. &#8211; https:\/\/www.youtube.com\/watch?v=BJBIzCdnIog<br \/>\nKitsa kujuga kastid saab panna \u00fcksteise peale ja \u00e4ra kasutada v\u00e4ikesi vabu seina\u00e4\u00e4ri ja nurki. Sari v\u00f5imaldab korraldada sorteerimist nii, et mahutad \u00e4ra nii olmepr\u00fcgi, biolaguneva, pakendid, klaaspudelid, -purgid, paberi mugavalt, ilma suurt ruumi \u00e4ra kulutamata.<br \/>\nSama seeria sorteerimiskaste on v\u00f5imalik tellida 5L, 10L, 20L ja 30L kastina<br \/>\nV\u00e4rvivalik: valge, roheline, suitsuhall ja tumehall<\/p>\n","protected":false},"featured_media":36464,"template":"","meta":{"_acf_changed":false},"product_brand":[],"product_cat":[1814,1928],"product_tag":[],"class_list":{"0":"post-36466","1":"product","2":"type-product","3":"status-publish","4":"has-post-thumbnail","6":"product_cat-dispensers","7":"product_cat-waste-sorting","9":"first","10":"instock","11":"taxable","12":"shipping-taxable","13":"purchasable","14":"product-type-simple"},"acf":[],"yoast_head":"<!-- This site is optimized with the Yoast SEO plugin v27.5 - https:\/\/yoast.com\/product\/yoast-seo-wordpress\/ -->\n<title>Pr\u00fcgikast sorteerimiseks 20L roheline D251936 &#8212; Easy Star O\u00dc<\/title>\n<meta name=\"robots\" content=\"index, follow, max-snippet:-1, max-image-preview:large, max-video-preview:-1\" \/>\n<link rel=\"canonical\" href=\"https:\/\/easystar.ee\/en\/toode\/prugikast-sorteerimiseks-20l-roheline-d251936\/\" \/>\n<meta property=\"og:locale\" content=\"en_US\" \/>\n<meta property=\"og:type\" content=\"article\" \/>\n<meta property=\"og:title\" content=\"Pr\u00fcgikast sorteerimiseks 20L roheline D251936 &#8212; Easy Star O\u00dc\" \/>\n<meta property=\"og:description\" content=\"36,7x24,6x33,1cm Vaata tootja esitlust ka YouTube\u2019 is. - https:\/\/www.youtube.com\/watch?v=BJBIzCdnIog Kitsa kujuga kastid saab panna \u00fcksteise peale ja \u00e4ra kasutada v\u00e4ikesi vabu seina\u00e4\u00e4ri ja nurki. Sari v\u00f5imaldab korraldada sorteerimist nii, et mahutad \u00e4ra nii olmepr\u00fcgi, biolaguneva, pakendid, klaaspudelid, -purgid, paberi mugavalt, ilma suurt ruumi \u00e4ra kulutamata. Sama seeria sorteerimiskaste on v\u00f5imalik tellida 5L, 10L, 20L ja 30L kastina  V\u00e4rvivalik: valge, roheline, suitsuhall ja tumehall\" \/>\n<meta property=\"og:url\" content=\"https:\/\/easystar.ee\/en\/toode\/prugikast-sorteerimiseks-20l-roheline-d251936\/\" \/>\n<meta property=\"og:site_name\" content=\"Easy Star O\u00dc\" \/>\n<meta property=\"article:modified_time\" content=\"2025-10-30T01:50:07+00:00\" \/>\n<meta property=\"og:image\" content=\"https:\/\/easystar.ee\/wp-content\/uploads\/2024\/06\/PastedGraphic_20L.jpg\" \/>\n\t<meta property=\"og:image:width\" content=\"124\" \/>\n\t<meta property=\"og:image:height\" content=\"132\" \/>\n\t<meta property=\"og:image:type\" content=\"image\/jpeg\" \/>\n<meta name=\"twitter:card\" content=\"summary_large_image\" \/>\n<script type=\"application\/ld+json\" class=\"yoast-schema-graph\">{\"@context\":\"https:\\\/\\\/schema.org\",\"@graph\":[{\"@type\":\"WebPage\",\"@id\":\"https:\\\/\\\/easystar.ee\\\/en\\\/toode\\\/prugikast-sorteerimiseks-20l-roheline-d251936\\\/\",\"url\":\"https:\\\/\\\/easystar.ee\\\/en\\\/toode\\\/prugikast-sorteerimiseks-20l-roheline-d251936\\\/\",\"name\":\"Pr\u00fcgikast sorteerimiseks 20L roheline D251936 &#8212; Easy Star O\u00dc\",\"isPartOf\":{\"@id\":\"https:\\\/\\\/easystar.ee\\\/#website\"},\"primaryImageOfPage\":{\"@id\":\"https:\\\/\\\/easystar.ee\\\/en\\\/toode\\\/prugikast-sorteerimiseks-20l-roheline-d251936\\\/#primaryimage\"},\"image\":{\"@id\":\"https:\\\/\\\/easystar.ee\\\/en\\\/toode\\\/prugikast-sorteerimiseks-20l-roheline-d251936\\\/#primaryimage\"},\"thumbnailUrl\":\"https:\\\/\\\/easystar.ee\\\/wp-content\\\/uploads\\\/2024\\\/06\\\/PastedGraphic_20L.jpg\",\"datePublished\":\"2024-06-03T07:59:29+00:00\",\"dateModified\":\"2025-10-30T01:50:07+00:00\",\"breadcrumb\":{\"@id\":\"https:\\\/\\\/easystar.ee\\\/en\\\/toode\\\/prugikast-sorteerimiseks-20l-roheline-d251936\\\/#breadcrumb\"},\"inLanguage\":\"en-US\",\"potentialAction\":[{\"@type\":\"ReadAction\",\"target\":[\"https:\\\/\\\/easystar.ee\\\/en\\\/toode\\\/prugikast-sorteerimiseks-20l-roheline-d251936\\\/\"]}]},{\"@type\":\"ImageObject\",\"inLanguage\":\"en-US\",\"@id\":\"https:\\\/\\\/easystar.ee\\\/en\\\/toode\\\/prugikast-sorteerimiseks-20l-roheline-d251936\\\/#primaryimage\",\"url\":\"https:\\\/\\\/easystar.ee\\\/wp-content\\\/uploads\\\/2024\\\/06\\\/PastedGraphic_20L.jpg\",\"contentUrl\":\"https:\\\/\\\/easystar.ee\\\/wp-content\\\/uploads\\\/2024\\\/06\\\/PastedGraphic_20L.jpg\",\"width\":124,\"height\":132},{\"@type\":\"BreadcrumbList\",\"@id\":\"https:\\\/\\\/easystar.ee\\\/en\\\/toode\\\/prugikast-sorteerimiseks-20l-roheline-d251936\\\/#breadcrumb\",\"itemListElement\":[{\"@type\":\"ListItem\",\"position\":1,\"name\":\"Home\",\"item\":\"https:\\\/\\\/easystar.ee\\\/ru\\\/\"},{\"@type\":\"ListItem\",\"position\":2,\"name\":\"Shop\",\"item\":\"https:\\\/\\\/easystar.ee\\\/tooted\\\/\"},{\"@type\":\"ListItem\",\"position\":3,\"name\":\"Pr\u00fcgikast sorteerimiseks 20L roheline D251936\"}]},{\"@type\":\"WebSite\",\"@id\":\"https:\\\/\\\/easystar.ee\\\/#website\",\"url\":\"https:\\\/\\\/easystar.ee\\\/\",\"name\":\"Easystar.ee\",\"description\":\"\",\"publisher\":{\"@id\":\"https:\\\/\\\/easystar.ee\\\/#organization\"},\"alternateName\":\"Keskkonnas\u00f5bralikud pehmepaberitooted teie kontorisse\",\"potentialAction\":[{\"@type\":\"SearchAction\",\"target\":{\"@type\":\"EntryPoint\",\"urlTemplate\":\"https:\\\/\\\/easystar.ee\\\/?s={search_term_string}\"},\"query-input\":{\"@type\":\"PropertyValueSpecification\",\"valueRequired\":true,\"valueName\":\"search_term_string\"}}],\"inLanguage\":\"en-US\"},{\"@type\":\"Organization\",\"@id\":\"https:\\\/\\\/easystar.ee\\\/#organization\",\"name\":\"Easy Star O\u00dc\",\"url\":\"https:\\\/\\\/easystar.ee\\\/\",\"logo\":{\"@type\":\"ImageObject\",\"inLanguage\":\"en-US\",\"@id\":\"https:\\\/\\\/easystar.ee\\\/#\\\/schema\\\/logo\\\/image\\\/\",\"url\":\"https:\\\/\\\/easystar.ee\\\/wp-content\\\/uploads\\\/2024\\\/03\\\/easystar-logo.svg\",\"contentUrl\":\"https:\\\/\\\/easystar.ee\\\/wp-content\\\/uploads\\\/2024\\\/03\\\/easystar-logo.svg\",\"width\":2000,\"height\":2000,\"caption\":\"Easy Star O\u00dc\"},\"image\":{\"@id\":\"https:\\\/\\\/easystar.ee\\\/#\\\/schema\\\/logo\\\/image\\\/\"}}]}<\/script>\n<!-- \/ Yoast SEO plugin. -->","yoast_head_json":{"title":"Pr\u00fcgikast sorteerimiseks 20L roheline D251936 &#8212; Easy Star O\u00dc","robots":{"index":"index","follow":"follow","max-snippet":"max-snippet:-1","max-image-preview":"max-image-preview:large","max-video-preview":"max-video-preview:-1"},"canonical":"https:\/\/easystar.ee\/en\/toode\/prugikast-sorteerimiseks-20l-roheline-d251936\/","og_locale":"en_US","og_type":"article","og_title":"Pr\u00fcgikast sorteerimiseks 20L roheline D251936 &#8212; Easy Star O\u00dc","og_description":"36,7x24,6x33,1cm Vaata tootja esitlust ka YouTube\u2019 is. - https:\/\/www.youtube.com\/watch?v=BJBIzCdnIog Kitsa kujuga kastid saab panna \u00fcksteise peale ja \u00e4ra kasutada v\u00e4ikesi vabu seina\u00e4\u00e4ri ja nurki. Sari v\u00f5imaldab korraldada sorteerimist nii, et mahutad \u00e4ra nii olmepr\u00fcgi, biolaguneva, pakendid, klaaspudelid, -purgid, paberi mugavalt, ilma suurt ruumi \u00e4ra kulutamata. Sama seeria sorteerimiskaste on v\u00f5imalik tellida 5L, 10L, 20L ja 30L kastina  V\u00e4rvivalik: valge, roheline, suitsuhall ja tumehall","og_url":"https:\/\/easystar.ee\/en\/toode\/prugikast-sorteerimiseks-20l-roheline-d251936\/","og_site_name":"Easy Star O\u00dc","article_modified_time":"2025-10-30T01:50:07+00:00","og_image":[{"width":124,"height":132,"url":"https:\/\/easystar.ee\/wp-content\/uploads\/2024\/06\/PastedGraphic_20L.jpg","type":"image\/jpeg"}],"twitter_card":"summary_large_image","schema":{"@context":"https:\/\/schema.org","@graph":[{"@type":"WebPage","@id":"https:\/\/easystar.ee\/en\/toode\/prugikast-sorteerimiseks-20l-roheline-d251936\/","url":"https:\/\/easystar.ee\/en\/toode\/prugikast-sorteerimiseks-20l-roheline-d251936\/","name":"Pr\u00fcgikast sorteerimiseks 20L roheline D251936 &#8212; Easy Star O\u00dc","isPartOf":{"@id":"https:\/\/easystar.ee\/#website"},"primaryImageOfPage":{"@id":"https:\/\/easystar.ee\/en\/toode\/prugikast-sorteerimiseks-20l-roheline-d251936\/#primaryimage"},"image":{"@id":"https:\/\/easystar.ee\/en\/toode\/prugikast-sorteerimiseks-20l-roheline-d251936\/#primaryimage"},"thumbnailUrl":"https:\/\/easystar.ee\/wp-content\/uploads\/2024\/06\/PastedGraphic_20L.jpg","datePublished":"2024-06-03T07:59:29+00:00","dateModified":"2025-10-30T01:50:07+00:00","breadcrumb":{"@id":"https:\/\/easystar.ee\/en\/toode\/prugikast-sorteerimiseks-20l-roheline-d251936\/#breadcrumb"},"inLanguage":"en-US","potentialAction":[{"@type":"ReadAction","target":["https:\/\/easystar.ee\/en\/toode\/prugikast-sorteerimiseks-20l-roheline-d251936\/"]}]},{"@type":"ImageObject","inLanguage":"en-US","@id":"https:\/\/easystar.ee\/en\/toode\/prugikast-sorteerimiseks-20l-roheline-d251936\/#primaryimage","url":"https:\/\/easystar.ee\/wp-content\/uploads\/2024\/06\/PastedGraphic_20L.jpg","contentUrl":"https:\/\/easystar.ee\/wp-content\/uploads\/2024\/06\/PastedGraphic_20L.jpg","width":124,"height":132},{"@type":"BreadcrumbList","@id":"https:\/\/easystar.ee\/en\/toode\/prugikast-sorteerimiseks-20l-roheline-d251936\/#breadcrumb","itemListElement":[{"@type":"ListItem","position":1,"name":"Home","item":"https:\/\/easystar.ee\/ru\/"},{"@type":"ListItem","position":2,"name":"Shop","item":"https:\/\/easystar.ee\/tooted\/"},{"@type":"ListItem","position":3,"name":"Pr\u00fcgikast sorteerimiseks 20L roheline D251936"}]},{"@type":"WebSite","@id":"https:\/\/easystar.ee\/#website","url":"https:\/\/easystar.ee\/","name":"Easystar.ee","description":"","publisher":{"@id":"https:\/\/easystar.ee\/#organization"},"alternateName":"Keskkonnas\u00f5bralikud pehmepaberitooted teie kontorisse","potentialAction":[{"@type":"SearchAction","target":{"@type":"EntryPoint","urlTemplate":"https:\/\/easystar.ee\/?s={search_term_string}"},"query-input":{"@type":"PropertyValueSpecification","valueRequired":true,"valueName":"search_term_string"}}],"inLanguage":"en-US"},{"@type":"Organization","@id":"https:\/\/easystar.ee\/#organization","name":"Easy Star O\u00dc","url":"https:\/\/easystar.ee\/","logo":{"@type":"ImageObject","inLanguage":"en-US","@id":"https:\/\/easystar.ee\/#\/schema\/logo\/image\/","url":"https:\/\/easystar.ee\/wp-content\/uploads\/2024\/03\/easystar-logo.svg","contentUrl":"https:\/\/easystar.ee\/wp-content\/uploads\/2024\/03\/easystar-logo.svg","width":2000,"height":2000,"caption":"Easy Star O\u00dc"},"image":{"@id":"https:\/\/easystar.ee\/#\/schema\/logo\/image\/"}}]}},"_links":{"self":[{"href":"https:\/\/easystar.ee\/en\/wp-json\/wp\/v2\/product\/36466","targetHints":{"allow":["GET"]}}],"collection":[{"href":"https:\/\/easystar.ee\/en\/wp-json\/wp\/v2\/product"}],"about":[{"href":"https:\/\/easystar.ee\/en\/wp-json\/wp\/v2\/types\/product"}],"wp:featuredmedia":[{"embeddable":true,"href":"https:\/\/easystar.ee\/en\/wp-json\/wp\/v2\/media\/36464"}],"wp:attachment":[{"href":"https:\/\/easystar.ee\/en\/wp-json\/wp\/v2\/media?parent=36466"}],"wp:term":[{"taxonomy":"product_brand","embeddable":true,"href":"https:\/\/easystar.ee\/en\/wp-json\/wp\/v2\/product_brand?post=36466"},{"taxonomy":"product_cat","embeddable":true,"href":"https:\/\/easystar.ee\/en\/wp-json\/wp\/v2\/product_cat?post=36466"},{"taxonomy":"product_tag","embeddable":true,"href":"https:\/\/easystar.ee\/en\/wp-json\/wp\/v2\/product_tag?post=36466"}],"curies":[{"name":"wp","href":"https:\/\/api.w.org\/{rel}","templated":true}]}}