{"id":36175,"date":"2024-06-03T07:57:40","date_gmt":"2024-06-03T07:57:40","guid":{"rendered":"https:\/\/easystar.ee\/toode\/bio-maxair-ventileeritud-korv-270x215x220mm-d958100\/"},"modified":"2025-10-30T01:49:10","modified_gmt":"2025-10-30T01:49:10","slug":"bio-maxair-ventileeritud-korv-270x215x220mm-d958100","status":"publish","type":"product","link":"https:\/\/easystar.ee\/en\/toode\/bio-maxair-ventileeritud-korv-270x215x220mm-d958100\/","title":{"rendered":"BIO MaxAir ventileeritud korv 270x215x220mm D958100"},"content":{"rendered":"","protected":false},"excerpt":{"rendered":"<p>Komplekt (958100 MaxAir ventileeritud korv, 958102 Kaas MaxAir, 958103 MaxAir p\u00f5hi, 958104 K\u00e4epide MaxAir)<br \/>\nBioj\u00e4\u00e4tmete korv MaxAir &#8211; \u00d5huavadega MaxAir bioj\u00e4\u00e4tmete korv koos BioBag\u2019i hingavate kottidega tagab head tingimused bioj\u00e4\u00e4tmete kogumiseks \u2013 siis on see mugav ja ebameeldivate l\u00f5hnadeta. Korviga on kaasas ka topeltp\u00f5hi, mis tagab veelgi parema \u00f5huringluse \u2013 t\u00e4nu sellele saab toiduj\u00e4\u00e4tmetest eralduv niiskus aurustuda ja j\u00e4\u00e4tmed hakkavad k\u00e4\u00e4rimise asemel kuivama. Korv on toodetud Itaalias, \u00fcmbert\u00f6\u00f6deldud plastikust. Disainitud spetsiaalselt bioj\u00e4\u00e4tmete kogumiseks. Kasutusel \u00fcle maailma. Korv on kerge ja selle sang teeb selle \u00fcmberpaigutamise mugavaks \u2013 t\u00f5sta korv t\u00f6\u00f6pinnale ja koori juurviljad otse korvi. Korvi m\u00f5\u00f5dud: 270mm x 215mm x 220mm. Vooderda korv 8L v\u00f5i 10L BioBag\u2019i bioj\u00e4\u00e4tmete kotiga. Kumba suurust eelistada? M\u00f5lemad sobivad h\u00e4sti. 10L koti \u00e4\u00e4red ulatuvad rohkem \u00fcle korvi serva \u2013 kui juhtub, et kuhjad korvi \u00fcle, siis on v\u00f5imalik veel koti servad kokku t\u00f5mmata ja bioj\u00e4\u00e4tmed mugavalt v\u00e4lja viia. K\u00f5ik BioBagi kotid on kompostitavad ja biolagunevad vastavalt Euroopa standardile EN 13432.<\/p>\n","protected":false},"featured_media":36173,"template":"","meta":{"_acf_changed":false},"product_brand":[],"product_cat":[1814,1928],"product_tag":[],"class_list":{"0":"post-36175","1":"product","2":"type-product","3":"status-publish","4":"has-post-thumbnail","6":"product_cat-dispensers","7":"product_cat-waste-sorting","9":"first","10":"instock","11":"taxable","12":"shipping-taxable","13":"purchasable","14":"product-type-simple"},"acf":[],"yoast_head":"<!-- This site is optimized with the Yoast SEO plugin v27.5 - https:\/\/yoast.com\/product\/yoast-seo-wordpress\/ -->\n<title>BIO MaxAir ventileeritud korv 270x215x220mm D958100 &#8212; Easy Star O\u00dc<\/title>\n<meta name=\"robots\" content=\"index, follow, max-snippet:-1, max-image-preview:large, max-video-preview:-1\" \/>\n<link rel=\"canonical\" href=\"https:\/\/easystar.ee\/en\/toode\/bio-maxair-ventileeritud-korv-270x215x220mm-d958100\/\" \/>\n<meta property=\"og:locale\" content=\"en_US\" \/>\n<meta property=\"og:type\" content=\"article\" \/>\n<meta property=\"og:title\" content=\"BIO MaxAir ventileeritud korv 270x215x220mm D958100 &#8212; Easy Star O\u00dc\" \/>\n<meta property=\"og:description\" content=\"Komplekt (958100 MaxAir ventileeritud korv, 958102 Kaas MaxAir, 958103 MaxAir p\u00f5hi, 958104 K\u00e4epide MaxAir) Bioj\u00e4\u00e4tmete korv MaxAir - \u00d5huavadega MaxAir bioj\u00e4\u00e4tmete korv koos BioBag\u2019i hingavate kottidega tagab head tingimused bioj\u00e4\u00e4tmete kogumiseks \u2013 siis on see mugav ja ebameeldivate l\u00f5hnadeta. Korviga on kaasas ka topeltp\u00f5hi, mis tagab veelgi parema \u00f5huringluse \u2013 t\u00e4nu sellele saab toiduj\u00e4\u00e4tmetest eralduv niiskus aurustuda ja j\u00e4\u00e4tmed hakkavad k\u00e4\u00e4rimise asemel kuivama. Korv on toodetud Itaalias, \u00fcmbert\u00f6\u00f6deldud plastikust. Disainitud spetsiaalselt bioj\u00e4\u00e4tmete kogumiseks. Kasutusel \u00fcle maailma. Korv on kerge ja selle sang teeb selle \u00fcmberpaigutamise mugavaks \u2013 t\u00f5sta korv t\u00f6\u00f6pinnale ja koori juurviljad otse korvi. Korvi m\u00f5\u00f5dud: 270mm x 215mm x 220mm. Vooderda korv 8L v\u00f5i 10L BioBag\u2019i bioj\u00e4\u00e4tmete kotiga. Kumba suurust eelistada? M\u00f5lemad sobivad h\u00e4sti. 10L koti \u00e4\u00e4red ulatuvad rohkem \u00fcle korvi serva \u2013 kui juhtub, et kuhjad korvi \u00fcle, siis on v\u00f5imalik veel koti servad kokku t\u00f5mmata ja bioj\u00e4\u00e4tmed mugavalt v\u00e4lja viia. K\u00f5ik BioBagi kotid on kompostitavad ja biolagunevad vastavalt Euroopa standardile EN 13432.\" \/>\n<meta property=\"og:url\" content=\"https:\/\/easystar.ee\/en\/toode\/bio-maxair-ventileeritud-korv-270x215x220mm-d958100\/\" \/>\n<meta property=\"og:site_name\" content=\"Easy Star O\u00dc\" \/>\n<meta property=\"article:modified_time\" content=\"2025-10-30T01:49:10+00:00\" \/>\n<meta property=\"og:image\" content=\"https:\/\/easystar.ee\/wp-content\/uploads\/2024\/06\/958100.jpg\" \/>\n\t<meta property=\"og:image:width\" content=\"231\" \/>\n\t<meta property=\"og:image:height\" content=\"309\" \/>\n\t<meta property=\"og:image:type\" content=\"image\/jpeg\" \/>\n<meta name=\"twitter:card\" content=\"summary_large_image\" \/>\n<script type=\"application\/ld+json\" class=\"yoast-schema-graph\">{\"@context\":\"https:\\\/\\\/schema.org\",\"@graph\":[{\"@type\":\"WebPage\",\"@id\":\"https:\\\/\\\/easystar.ee\\\/en\\\/toode\\\/bio-maxair-ventileeritud-korv-270x215x220mm-d958100\\\/\",\"url\":\"https:\\\/\\\/easystar.ee\\\/en\\\/toode\\\/bio-maxair-ventileeritud-korv-270x215x220mm-d958100\\\/\",\"name\":\"BIO MaxAir ventileeritud korv 270x215x220mm D958100 &#8212; Easy Star O\u00dc\",\"isPartOf\":{\"@id\":\"https:\\\/\\\/easystar.ee\\\/#website\"},\"primaryImageOfPage\":{\"@id\":\"https:\\\/\\\/easystar.ee\\\/en\\\/toode\\\/bio-maxair-ventileeritud-korv-270x215x220mm-d958100\\\/#primaryimage\"},\"image\":{\"@id\":\"https:\\\/\\\/easystar.ee\\\/en\\\/toode\\\/bio-maxair-ventileeritud-korv-270x215x220mm-d958100\\\/#primaryimage\"},\"thumbnailUrl\":\"https:\\\/\\\/easystar.ee\\\/wp-content\\\/uploads\\\/2024\\\/06\\\/958100.jpg\",\"datePublished\":\"2024-06-03T07:57:40+00:00\",\"dateModified\":\"2025-10-30T01:49:10+00:00\",\"breadcrumb\":{\"@id\":\"https:\\\/\\\/easystar.ee\\\/en\\\/toode\\\/bio-maxair-ventileeritud-korv-270x215x220mm-d958100\\\/#breadcrumb\"},\"inLanguage\":\"en-US\",\"potentialAction\":[{\"@type\":\"ReadAction\",\"target\":[\"https:\\\/\\\/easystar.ee\\\/en\\\/toode\\\/bio-maxair-ventileeritud-korv-270x215x220mm-d958100\\\/\"]}]},{\"@type\":\"ImageObject\",\"inLanguage\":\"en-US\",\"@id\":\"https:\\\/\\\/easystar.ee\\\/en\\\/toode\\\/bio-maxair-ventileeritud-korv-270x215x220mm-d958100\\\/#primaryimage\",\"url\":\"https:\\\/\\\/easystar.ee\\\/wp-content\\\/uploads\\\/2024\\\/06\\\/958100.jpg\",\"contentUrl\":\"https:\\\/\\\/easystar.ee\\\/wp-content\\\/uploads\\\/2024\\\/06\\\/958100.jpg\",\"width\":231,\"height\":309},{\"@type\":\"BreadcrumbList\",\"@id\":\"https:\\\/\\\/easystar.ee\\\/en\\\/toode\\\/bio-maxair-ventileeritud-korv-270x215x220mm-d958100\\\/#breadcrumb\",\"itemListElement\":[{\"@type\":\"ListItem\",\"position\":1,\"name\":\"Home\",\"item\":\"https:\\\/\\\/easystar.ee\\\/ru\\\/\"},{\"@type\":\"ListItem\",\"position\":2,\"name\":\"Shop\",\"item\":\"https:\\\/\\\/easystar.ee\\\/tooted\\\/\"},{\"@type\":\"ListItem\",\"position\":3,\"name\":\"BIO MaxAir ventileeritud korv 270x215x220mm D958100\"}]},{\"@type\":\"WebSite\",\"@id\":\"https:\\\/\\\/easystar.ee\\\/#website\",\"url\":\"https:\\\/\\\/easystar.ee\\\/\",\"name\":\"Easystar.ee\",\"description\":\"\",\"publisher\":{\"@id\":\"https:\\\/\\\/easystar.ee\\\/#organization\"},\"alternateName\":\"Keskkonnas\u00f5bralikud pehmepaberitooted teie kontorisse\",\"potentialAction\":[{\"@type\":\"SearchAction\",\"target\":{\"@type\":\"EntryPoint\",\"urlTemplate\":\"https:\\\/\\\/easystar.ee\\\/?s={search_term_string}\"},\"query-input\":{\"@type\":\"PropertyValueSpecification\",\"valueRequired\":true,\"valueName\":\"search_term_string\"}}],\"inLanguage\":\"en-US\"},{\"@type\":\"Organization\",\"@id\":\"https:\\\/\\\/easystar.ee\\\/#organization\",\"name\":\"Easy Star O\u00dc\",\"url\":\"https:\\\/\\\/easystar.ee\\\/\",\"logo\":{\"@type\":\"ImageObject\",\"inLanguage\":\"en-US\",\"@id\":\"https:\\\/\\\/easystar.ee\\\/#\\\/schema\\\/logo\\\/image\\\/\",\"url\":\"https:\\\/\\\/easystar.ee\\\/wp-content\\\/uploads\\\/2024\\\/03\\\/easystar-logo.svg\",\"contentUrl\":\"https:\\\/\\\/easystar.ee\\\/wp-content\\\/uploads\\\/2024\\\/03\\\/easystar-logo.svg\",\"width\":2000,\"height\":2000,\"caption\":\"Easy Star O\u00dc\"},\"image\":{\"@id\":\"https:\\\/\\\/easystar.ee\\\/#\\\/schema\\\/logo\\\/image\\\/\"}}]}<\/script>\n<!-- \/ Yoast SEO plugin. -->","yoast_head_json":{"title":"BIO MaxAir ventileeritud korv 270x215x220mm D958100 &#8212; Easy Star O\u00dc","robots":{"index":"index","follow":"follow","max-snippet":"max-snippet:-1","max-image-preview":"max-image-preview:large","max-video-preview":"max-video-preview:-1"},"canonical":"https:\/\/easystar.ee\/en\/toode\/bio-maxair-ventileeritud-korv-270x215x220mm-d958100\/","og_locale":"en_US","og_type":"article","og_title":"BIO MaxAir ventileeritud korv 270x215x220mm D958100 &#8212; Easy Star O\u00dc","og_description":"Komplekt (958100 MaxAir ventileeritud korv, 958102 Kaas MaxAir, 958103 MaxAir p\u00f5hi, 958104 K\u00e4epide MaxAir) Bioj\u00e4\u00e4tmete korv MaxAir - \u00d5huavadega MaxAir bioj\u00e4\u00e4tmete korv koos BioBag\u2019i hingavate kottidega tagab head tingimused bioj\u00e4\u00e4tmete kogumiseks \u2013 siis on see mugav ja ebameeldivate l\u00f5hnadeta. Korviga on kaasas ka topeltp\u00f5hi, mis tagab veelgi parema \u00f5huringluse \u2013 t\u00e4nu sellele saab toiduj\u00e4\u00e4tmetest eralduv niiskus aurustuda ja j\u00e4\u00e4tmed hakkavad k\u00e4\u00e4rimise asemel kuivama. Korv on toodetud Itaalias, \u00fcmbert\u00f6\u00f6deldud plastikust. Disainitud spetsiaalselt bioj\u00e4\u00e4tmete kogumiseks. Kasutusel \u00fcle maailma. Korv on kerge ja selle sang teeb selle \u00fcmberpaigutamise mugavaks \u2013 t\u00f5sta korv t\u00f6\u00f6pinnale ja koori juurviljad otse korvi. Korvi m\u00f5\u00f5dud: 270mm x 215mm x 220mm. Vooderda korv 8L v\u00f5i 10L BioBag\u2019i bioj\u00e4\u00e4tmete kotiga. Kumba suurust eelistada? M\u00f5lemad sobivad h\u00e4sti. 10L koti \u00e4\u00e4red ulatuvad rohkem \u00fcle korvi serva \u2013 kui juhtub, et kuhjad korvi \u00fcle, siis on v\u00f5imalik veel koti servad kokku t\u00f5mmata ja bioj\u00e4\u00e4tmed mugavalt v\u00e4lja viia. K\u00f5ik BioBagi kotid on kompostitavad ja biolagunevad vastavalt Euroopa standardile EN 13432.","og_url":"https:\/\/easystar.ee\/en\/toode\/bio-maxair-ventileeritud-korv-270x215x220mm-d958100\/","og_site_name":"Easy Star O\u00dc","article_modified_time":"2025-10-30T01:49:10+00:00","og_image":[{"width":231,"height":309,"url":"https:\/\/easystar.ee\/wp-content\/uploads\/2024\/06\/958100.jpg","type":"image\/jpeg"}],"twitter_card":"summary_large_image","schema":{"@context":"https:\/\/schema.org","@graph":[{"@type":"WebPage","@id":"https:\/\/easystar.ee\/en\/toode\/bio-maxair-ventileeritud-korv-270x215x220mm-d958100\/","url":"https:\/\/easystar.ee\/en\/toode\/bio-maxair-ventileeritud-korv-270x215x220mm-d958100\/","name":"BIO MaxAir ventileeritud korv 270x215x220mm D958100 &#8212; Easy Star O\u00dc","isPartOf":{"@id":"https:\/\/easystar.ee\/#website"},"primaryImageOfPage":{"@id":"https:\/\/easystar.ee\/en\/toode\/bio-maxair-ventileeritud-korv-270x215x220mm-d958100\/#primaryimage"},"image":{"@id":"https:\/\/easystar.ee\/en\/toode\/bio-maxair-ventileeritud-korv-270x215x220mm-d958100\/#primaryimage"},"thumbnailUrl":"https:\/\/easystar.ee\/wp-content\/uploads\/2024\/06\/958100.jpg","datePublished":"2024-06-03T07:57:40+00:00","dateModified":"2025-10-30T01:49:10+00:00","breadcrumb":{"@id":"https:\/\/easystar.ee\/en\/toode\/bio-maxair-ventileeritud-korv-270x215x220mm-d958100\/#breadcrumb"},"inLanguage":"en-US","potentialAction":[{"@type":"ReadAction","target":["https:\/\/easystar.ee\/en\/toode\/bio-maxair-ventileeritud-korv-270x215x220mm-d958100\/"]}]},{"@type":"ImageObject","inLanguage":"en-US","@id":"https:\/\/easystar.ee\/en\/toode\/bio-maxair-ventileeritud-korv-270x215x220mm-d958100\/#primaryimage","url":"https:\/\/easystar.ee\/wp-content\/uploads\/2024\/06\/958100.jpg","contentUrl":"https:\/\/easystar.ee\/wp-content\/uploads\/2024\/06\/958100.jpg","width":231,"height":309},{"@type":"BreadcrumbList","@id":"https:\/\/easystar.ee\/en\/toode\/bio-maxair-ventileeritud-korv-270x215x220mm-d958100\/#breadcrumb","itemListElement":[{"@type":"ListItem","position":1,"name":"Home","item":"https:\/\/easystar.ee\/ru\/"},{"@type":"ListItem","position":2,"name":"Shop","item":"https:\/\/easystar.ee\/tooted\/"},{"@type":"ListItem","position":3,"name":"BIO MaxAir ventileeritud korv 270x215x220mm D958100"}]},{"@type":"WebSite","@id":"https:\/\/easystar.ee\/#website","url":"https:\/\/easystar.ee\/","name":"Easystar.ee","description":"","publisher":{"@id":"https:\/\/easystar.ee\/#organization"},"alternateName":"Keskkonnas\u00f5bralikud pehmepaberitooted teie kontorisse","potentialAction":[{"@type":"SearchAction","target":{"@type":"EntryPoint","urlTemplate":"https:\/\/easystar.ee\/?s={search_term_string}"},"query-input":{"@type":"PropertyValueSpecification","valueRequired":true,"valueName":"search_term_string"}}],"inLanguage":"en-US"},{"@type":"Organization","@id":"https:\/\/easystar.ee\/#organization","name":"Easy Star O\u00dc","url":"https:\/\/easystar.ee\/","logo":{"@type":"ImageObject","inLanguage":"en-US","@id":"https:\/\/easystar.ee\/#\/schema\/logo\/image\/","url":"https:\/\/easystar.ee\/wp-content\/uploads\/2024\/03\/easystar-logo.svg","contentUrl":"https:\/\/easystar.ee\/wp-content\/uploads\/2024\/03\/easystar-logo.svg","width":2000,"height":2000,"caption":"Easy Star O\u00dc"},"image":{"@id":"https:\/\/easystar.ee\/#\/schema\/logo\/image\/"}}]}},"_links":{"self":[{"href":"https:\/\/easystar.ee\/en\/wp-json\/wp\/v2\/product\/36175","targetHints":{"allow":["GET"]}}],"collection":[{"href":"https:\/\/easystar.ee\/en\/wp-json\/wp\/v2\/product"}],"about":[{"href":"https:\/\/easystar.ee\/en\/wp-json\/wp\/v2\/types\/product"}],"wp:featuredmedia":[{"embeddable":true,"href":"https:\/\/easystar.ee\/en\/wp-json\/wp\/v2\/media\/36173"}],"wp:attachment":[{"href":"https:\/\/easystar.ee\/en\/wp-json\/wp\/v2\/media?parent=36175"}],"wp:term":[{"taxonomy":"product_brand","embeddable":true,"href":"https:\/\/easystar.ee\/en\/wp-json\/wp\/v2\/product_brand?post=36175"},{"taxonomy":"product_cat","embeddable":true,"href":"https:\/\/easystar.ee\/en\/wp-json\/wp\/v2\/product_cat?post=36175"},{"taxonomy":"product_tag","embeddable":true,"href":"https:\/\/easystar.ee\/en\/wp-json\/wp\/v2\/product_tag?post=36175"}],"curies":[{"name":"wp","href":"https:\/\/api.w.org\/{rel}","templated":true}]}}