{"id":36169,"date":"2024-06-03T07:57:29","date_gmt":"2024-06-03T07:57:29","guid":{"rendered":"https:\/\/easystar.ee\/toode\/prugikott-8l-bio-kompost-390x410-15my-25tk-rll-kph8biobag\/"},"modified":"2026-04-14T01:30:09","modified_gmt":"2026-04-14T01:30:09","slug":"prugikott-8l-bio-kompost-390x410-15my-25tk-rll-kph8biobag","status":"publish","type":"product","link":"https:\/\/easystar.ee\/en\/toode\/prugikott-8l-bio-kompost-390x410-15my-25tk-rll-kph8biobag\/","title":{"rendered":"Pr\u00fcgikott 8L Bio\/kompost 390&#215;410 (15my) 25tk\/rll KPH8BIOBAG"},"content":{"rendered":"","protected":false},"excerpt":{"rendered":"<p>Kompostitavad ja hingavad kotid bioj\u00e4\u00e4tmete kogumiseks! Koti v\u00f5id muretult koos toiduj\u00e4\u00e4tmetega j\u00e4\u00e4tmetega bioj\u00e4\u00e4tmete konteinerisse visata, sest see laguneb t\u00e4ielikult. BioBag&#8217;i kotid ei j\u00e4ta endast maha mikroplasti j\u00e4\u00e4ke ega muid kahjulikke aineid. 8L kotid sobivad h\u00e4sti k\u00f5ikide meie m\u00fc\u00fcdavate bioj\u00e4\u00e4tmete kogumiskorvide vooderdamiseks. \u00d5hku l\u00e4bilaskev korv ja BioBag&#8217;i hingavad kotid aitavad v\u00e4ltida ebameeldivat l\u00f5hna &#8211; toiduj\u00e4\u00e4tmed saavad hakata k\u00e4\u00e4rimise asemel kuivama. Proovi ja veendu. Kotte rullis: 25 tk Rulle kastis: 60tk M\u00f5\u00f5dud: 390\/410 mm Sertifikaat: OK Compost HOME K\u00f5ik BioBag&#8217;i kotid on sertifitseeritud kompostitavateks ja biolagunevateks vastavalt Euroopa standardile EN 13432.<\/p>\n","protected":false},"featured_media":36161,"template":"","meta":{"_acf_changed":false},"product_brand":[],"product_cat":[1899,1900],"product_tag":[],"class_list":{"0":"post-36169","1":"product","2":"type-product","3":"status-publish","4":"has-post-thumbnail","6":"product_cat-bio-bin-bags","7":"product_cat-kp-bin-bags","9":"first","10":"instock","11":"taxable","12":"shipping-taxable","13":"purchasable","14":"product-type-simple"},"acf":[],"yoast_head":"<!-- This site is optimized with the Yoast SEO plugin v27.5 - https:\/\/yoast.com\/product\/yoast-seo-wordpress\/ -->\n<title>Pr\u00fcgikott 8L Bio\/kompost 390x410 (15my) 25tk\/rll KPH8BIOBAG &#8212; Easy Star O\u00dc<\/title>\n<meta name=\"robots\" content=\"index, follow, max-snippet:-1, max-image-preview:large, max-video-preview:-1\" \/>\n<link rel=\"canonical\" href=\"https:\/\/easystar.ee\/toode\/prugikott-8l-bio-kompost-390x410-15my-25tk-rll-kph8biobag\/\" \/>\n<meta property=\"og:locale\" content=\"en_US\" \/>\n<meta property=\"og:type\" content=\"article\" \/>\n<meta property=\"og:title\" content=\"Pr\u00fcgikott 8L Bio\/kompost 390x410 (15my) 25tk\/rll KPH8BIOBAG &#8212; Easy Star O\u00dc\" \/>\n<meta property=\"og:description\" content=\"Kompostitavad ja hingavad kotid bioj\u00e4\u00e4tmete kogumiseks! Koti v\u00f5id muretult koos toiduj\u00e4\u00e4tmetega j\u00e4\u00e4tmetega bioj\u00e4\u00e4tmete konteinerisse visata, sest see laguneb t\u00e4ielikult. BioBag&#039;i kotid ei j\u00e4ta endast maha mikroplasti j\u00e4\u00e4ke ega muid kahjulikke aineid. 8L kotid sobivad h\u00e4sti k\u00f5ikide meie m\u00fc\u00fcdavate bioj\u00e4\u00e4tmete kogumiskorvide vooderdamiseks. \u00d5hku l\u00e4bilaskev korv ja BioBag&#039;i hingavad kotid aitavad v\u00e4ltida ebameeldivat l\u00f5hna - toiduj\u00e4\u00e4tmed saavad hakata k\u00e4\u00e4rimise asemel kuivama. Proovi ja veendu. Kotte rullis: 25 tk Rulle kastis: 60tk M\u00f5\u00f5dud: 390\/410 mm Sertifikaat: OK Compost HOME K\u00f5ik BioBag&#039;i kotid on sertifitseeritud kompostitavateks ja biolagunevateks vastavalt Euroopa standardile EN 13432.\" \/>\n<meta property=\"og:url\" content=\"https:\/\/easystar.ee\/toode\/prugikott-8l-bio-kompost-390x410-15my-25tk-rll-kph8biobag\/\" \/>\n<meta property=\"og:site_name\" content=\"Easy Star O\u00dc\" \/>\n<meta property=\"article:modified_time\" content=\"2026-04-14T01:30:09+00:00\" \/>\n<meta property=\"og:image\" content=\"https:\/\/easystar.ee\/wp-content\/uploads\/2024\/06\/184615.jpg\" \/>\n\t<meta property=\"og:image:width\" content=\"358\" \/>\n\t<meta property=\"og:image:height\" content=\"227\" \/>\n\t<meta property=\"og:image:type\" content=\"image\/jpeg\" \/>\n<meta name=\"twitter:card\" content=\"summary_large_image\" \/>\n<script type=\"application\/ld+json\" class=\"yoast-schema-graph\">{\"@context\":\"https:\\\/\\\/schema.org\",\"@graph\":[{\"@type\":\"WebPage\",\"@id\":\"https:\\\/\\\/easystar.ee\\\/toode\\\/prugikott-8l-bio-kompost-390x410-15my-25tk-rll-kph8biobag\\\/\",\"url\":\"https:\\\/\\\/easystar.ee\\\/toode\\\/prugikott-8l-bio-kompost-390x410-15my-25tk-rll-kph8biobag\\\/\",\"name\":\"Pr\u00fcgikott 8L Bio\\\/kompost 390x410 (15my) 25tk\\\/rll KPH8BIOBAG &#8212; Easy Star O\u00dc\",\"isPartOf\":{\"@id\":\"https:\\\/\\\/easystar.ee\\\/#website\"},\"primaryImageOfPage\":{\"@id\":\"https:\\\/\\\/easystar.ee\\\/toode\\\/prugikott-8l-bio-kompost-390x410-15my-25tk-rll-kph8biobag\\\/#primaryimage\"},\"image\":{\"@id\":\"https:\\\/\\\/easystar.ee\\\/toode\\\/prugikott-8l-bio-kompost-390x410-15my-25tk-rll-kph8biobag\\\/#primaryimage\"},\"thumbnailUrl\":\"https:\\\/\\\/easystar.ee\\\/wp-content\\\/uploads\\\/2024\\\/06\\\/184615.jpg\",\"datePublished\":\"2024-06-03T07:57:29+00:00\",\"dateModified\":\"2026-04-14T01:30:09+00:00\",\"breadcrumb\":{\"@id\":\"https:\\\/\\\/easystar.ee\\\/toode\\\/prugikott-8l-bio-kompost-390x410-15my-25tk-rll-kph8biobag\\\/#breadcrumb\"},\"inLanguage\":\"en-US\",\"potentialAction\":[{\"@type\":\"ReadAction\",\"target\":[\"https:\\\/\\\/easystar.ee\\\/toode\\\/prugikott-8l-bio-kompost-390x410-15my-25tk-rll-kph8biobag\\\/\"]}]},{\"@type\":\"ImageObject\",\"inLanguage\":\"en-US\",\"@id\":\"https:\\\/\\\/easystar.ee\\\/toode\\\/prugikott-8l-bio-kompost-390x410-15my-25tk-rll-kph8biobag\\\/#primaryimage\",\"url\":\"https:\\\/\\\/easystar.ee\\\/wp-content\\\/uploads\\\/2024\\\/06\\\/184615.jpg\",\"contentUrl\":\"https:\\\/\\\/easystar.ee\\\/wp-content\\\/uploads\\\/2024\\\/06\\\/184615.jpg\",\"width\":358,\"height\":227},{\"@type\":\"BreadcrumbList\",\"@id\":\"https:\\\/\\\/easystar.ee\\\/toode\\\/prugikott-8l-bio-kompost-390x410-15my-25tk-rll-kph8biobag\\\/#breadcrumb\",\"itemListElement\":[{\"@type\":\"ListItem\",\"position\":1,\"name\":\"Home\",\"item\":\"https:\\\/\\\/easystar.ee\\\/ru\\\/\"},{\"@type\":\"ListItem\",\"position\":2,\"name\":\"Shop\",\"item\":\"https:\\\/\\\/easystar.ee\\\/tooted\\\/\"},{\"@type\":\"ListItem\",\"position\":3,\"name\":\"Pr\u00fcgikott 8L Bio\\\/kompost 390&#215;410 (15my) 25tk\\\/rll KPH8BIOBAG\"}]},{\"@type\":\"WebSite\",\"@id\":\"https:\\\/\\\/easystar.ee\\\/#website\",\"url\":\"https:\\\/\\\/easystar.ee\\\/\",\"name\":\"Easystar.ee\",\"description\":\"\",\"publisher\":{\"@id\":\"https:\\\/\\\/easystar.ee\\\/#organization\"},\"alternateName\":\"Keskkonnas\u00f5bralikud pehmepaberitooted teie kontorisse\",\"potentialAction\":[{\"@type\":\"SearchAction\",\"target\":{\"@type\":\"EntryPoint\",\"urlTemplate\":\"https:\\\/\\\/easystar.ee\\\/?s={search_term_string}\"},\"query-input\":{\"@type\":\"PropertyValueSpecification\",\"valueRequired\":true,\"valueName\":\"search_term_string\"}}],\"inLanguage\":\"en-US\"},{\"@type\":\"Organization\",\"@id\":\"https:\\\/\\\/easystar.ee\\\/#organization\",\"name\":\"Easy Star O\u00dc\",\"url\":\"https:\\\/\\\/easystar.ee\\\/\",\"logo\":{\"@type\":\"ImageObject\",\"inLanguage\":\"en-US\",\"@id\":\"https:\\\/\\\/easystar.ee\\\/#\\\/schema\\\/logo\\\/image\\\/\",\"url\":\"https:\\\/\\\/easystar.ee\\\/wp-content\\\/uploads\\\/2024\\\/03\\\/easystar-logo.svg\",\"contentUrl\":\"https:\\\/\\\/easystar.ee\\\/wp-content\\\/uploads\\\/2024\\\/03\\\/easystar-logo.svg\",\"width\":2000,\"height\":2000,\"caption\":\"Easy Star O\u00dc\"},\"image\":{\"@id\":\"https:\\\/\\\/easystar.ee\\\/#\\\/schema\\\/logo\\\/image\\\/\"}}]}<\/script>\n<!-- \/ Yoast SEO plugin. -->","yoast_head_json":{"title":"Pr\u00fcgikott 8L Bio\/kompost 390x410 (15my) 25tk\/rll KPH8BIOBAG &#8212; Easy Star O\u00dc","robots":{"index":"index","follow":"follow","max-snippet":"max-snippet:-1","max-image-preview":"max-image-preview:large","max-video-preview":"max-video-preview:-1"},"canonical":"https:\/\/easystar.ee\/toode\/prugikott-8l-bio-kompost-390x410-15my-25tk-rll-kph8biobag\/","og_locale":"en_US","og_type":"article","og_title":"Pr\u00fcgikott 8L Bio\/kompost 390x410 (15my) 25tk\/rll KPH8BIOBAG &#8212; Easy Star O\u00dc","og_description":"Kompostitavad ja hingavad kotid bioj\u00e4\u00e4tmete kogumiseks! Koti v\u00f5id muretult koos toiduj\u00e4\u00e4tmetega j\u00e4\u00e4tmetega bioj\u00e4\u00e4tmete konteinerisse visata, sest see laguneb t\u00e4ielikult. BioBag'i kotid ei j\u00e4ta endast maha mikroplasti j\u00e4\u00e4ke ega muid kahjulikke aineid. 8L kotid sobivad h\u00e4sti k\u00f5ikide meie m\u00fc\u00fcdavate bioj\u00e4\u00e4tmete kogumiskorvide vooderdamiseks. \u00d5hku l\u00e4bilaskev korv ja BioBag'i hingavad kotid aitavad v\u00e4ltida ebameeldivat l\u00f5hna - toiduj\u00e4\u00e4tmed saavad hakata k\u00e4\u00e4rimise asemel kuivama. Proovi ja veendu. Kotte rullis: 25 tk Rulle kastis: 60tk M\u00f5\u00f5dud: 390\/410 mm Sertifikaat: OK Compost HOME K\u00f5ik BioBag'i kotid on sertifitseeritud kompostitavateks ja biolagunevateks vastavalt Euroopa standardile EN 13432.","og_url":"https:\/\/easystar.ee\/toode\/prugikott-8l-bio-kompost-390x410-15my-25tk-rll-kph8biobag\/","og_site_name":"Easy Star O\u00dc","article_modified_time":"2026-04-14T01:30:09+00:00","og_image":[{"width":358,"height":227,"url":"https:\/\/easystar.ee\/wp-content\/uploads\/2024\/06\/184615.jpg","type":"image\/jpeg"}],"twitter_card":"summary_large_image","schema":{"@context":"https:\/\/schema.org","@graph":[{"@type":"WebPage","@id":"https:\/\/easystar.ee\/toode\/prugikott-8l-bio-kompost-390x410-15my-25tk-rll-kph8biobag\/","url":"https:\/\/easystar.ee\/toode\/prugikott-8l-bio-kompost-390x410-15my-25tk-rll-kph8biobag\/","name":"Pr\u00fcgikott 8L Bio\/kompost 390x410 (15my) 25tk\/rll KPH8BIOBAG &#8212; Easy Star O\u00dc","isPartOf":{"@id":"https:\/\/easystar.ee\/#website"},"primaryImageOfPage":{"@id":"https:\/\/easystar.ee\/toode\/prugikott-8l-bio-kompost-390x410-15my-25tk-rll-kph8biobag\/#primaryimage"},"image":{"@id":"https:\/\/easystar.ee\/toode\/prugikott-8l-bio-kompost-390x410-15my-25tk-rll-kph8biobag\/#primaryimage"},"thumbnailUrl":"https:\/\/easystar.ee\/wp-content\/uploads\/2024\/06\/184615.jpg","datePublished":"2024-06-03T07:57:29+00:00","dateModified":"2026-04-14T01:30:09+00:00","breadcrumb":{"@id":"https:\/\/easystar.ee\/toode\/prugikott-8l-bio-kompost-390x410-15my-25tk-rll-kph8biobag\/#breadcrumb"},"inLanguage":"en-US","potentialAction":[{"@type":"ReadAction","target":["https:\/\/easystar.ee\/toode\/prugikott-8l-bio-kompost-390x410-15my-25tk-rll-kph8biobag\/"]}]},{"@type":"ImageObject","inLanguage":"en-US","@id":"https:\/\/easystar.ee\/toode\/prugikott-8l-bio-kompost-390x410-15my-25tk-rll-kph8biobag\/#primaryimage","url":"https:\/\/easystar.ee\/wp-content\/uploads\/2024\/06\/184615.jpg","contentUrl":"https:\/\/easystar.ee\/wp-content\/uploads\/2024\/06\/184615.jpg","width":358,"height":227},{"@type":"BreadcrumbList","@id":"https:\/\/easystar.ee\/toode\/prugikott-8l-bio-kompost-390x410-15my-25tk-rll-kph8biobag\/#breadcrumb","itemListElement":[{"@type":"ListItem","position":1,"name":"Home","item":"https:\/\/easystar.ee\/ru\/"},{"@type":"ListItem","position":2,"name":"Shop","item":"https:\/\/easystar.ee\/tooted\/"},{"@type":"ListItem","position":3,"name":"Pr\u00fcgikott 8L Bio\/kompost 390&#215;410 (15my) 25tk\/rll KPH8BIOBAG"}]},{"@type":"WebSite","@id":"https:\/\/easystar.ee\/#website","url":"https:\/\/easystar.ee\/","name":"Easystar.ee","description":"","publisher":{"@id":"https:\/\/easystar.ee\/#organization"},"alternateName":"Keskkonnas\u00f5bralikud pehmepaberitooted teie kontorisse","potentialAction":[{"@type":"SearchAction","target":{"@type":"EntryPoint","urlTemplate":"https:\/\/easystar.ee\/?s={search_term_string}"},"query-input":{"@type":"PropertyValueSpecification","valueRequired":true,"valueName":"search_term_string"}}],"inLanguage":"en-US"},{"@type":"Organization","@id":"https:\/\/easystar.ee\/#organization","name":"Easy Star O\u00dc","url":"https:\/\/easystar.ee\/","logo":{"@type":"ImageObject","inLanguage":"en-US","@id":"https:\/\/easystar.ee\/#\/schema\/logo\/image\/","url":"https:\/\/easystar.ee\/wp-content\/uploads\/2024\/03\/easystar-logo.svg","contentUrl":"https:\/\/easystar.ee\/wp-content\/uploads\/2024\/03\/easystar-logo.svg","width":2000,"height":2000,"caption":"Easy Star O\u00dc"},"image":{"@id":"https:\/\/easystar.ee\/#\/schema\/logo\/image\/"}}]}},"_links":{"self":[{"href":"https:\/\/easystar.ee\/en\/wp-json\/wp\/v2\/product\/36169","targetHints":{"allow":["GET"]}}],"collection":[{"href":"https:\/\/easystar.ee\/en\/wp-json\/wp\/v2\/product"}],"about":[{"href":"https:\/\/easystar.ee\/en\/wp-json\/wp\/v2\/types\/product"}],"wp:featuredmedia":[{"embeddable":true,"href":"https:\/\/easystar.ee\/en\/wp-json\/wp\/v2\/media\/36161"}],"wp:attachment":[{"href":"https:\/\/easystar.ee\/en\/wp-json\/wp\/v2\/media?parent=36169"}],"wp:term":[{"taxonomy":"product_brand","embeddable":true,"href":"https:\/\/easystar.ee\/en\/wp-json\/wp\/v2\/product_brand?post=36169"},{"taxonomy":"product_cat","embeddable":true,"href":"https:\/\/easystar.ee\/en\/wp-json\/wp\/v2\/product_cat?post=36169"},{"taxonomy":"product_tag","embeddable":true,"href":"https:\/\/easystar.ee\/en\/wp-json\/wp\/v2\/product_tag?post=36169"}],"curies":[{"name":"wp","href":"https:\/\/api.w.org\/{rel}","templated":true}]}}