{"id":35665,"date":"2024-05-31T10:30:12","date_gmt":"2024-05-31T10:30:12","guid":{"rendered":"https:\/\/easystar.ee\/toode\/calgodip-amadine-film-20kg-udaradeso-piimahappe-baasil-tokkekile-kcafilm20\/"},"modified":"2025-10-30T01:45:01","modified_gmt":"2025-10-30T01:45:01","slug":"calgodip-amadine-film-20kg-udaradeso-piimahappe-baasil-tokkekile-kcafilm20","status":"publish","type":"product","link":"https:\/\/easystar.ee\/en\/toode\/calgodip-amadine-film-20kg-udaradeso-piimahappe-baasil-tokkekile-kcafilm20\/","title":{"rendered":"Calgodip Amadine Film 20kg udaradeso piimahappe baasil (t\u00f5kkekile) KCAFILM20"},"content":{"rendered":"","protected":false},"excerpt":{"rendered":"<p>Calgodip Amadine Film on uue p\u00f5lvkonna kasutusvalmis nisahoolduspreparaat iga l\u00fcpsi j\u00e4rel kastmiseks. Calgodip Amadine Film moodustab nisa \u00fcmber mittetilkuva t\u00f5kkekihi mis kaitseb udarat bakterite sissetungi eest. Calgodip Amadine Film sisaldab nahka kaitsvad komponendid ja h\u00e4sti tasakaalustatud kogus bioloogilist piimhapet, mida iseloomustatakse kui eriti nahas\u00f5bralikku ja millel on samaaegselt t\u00e4helepanuv\u00e4\u00e4rne desinfitseerimisv\u00f5ime. Kvaliteetsed hoolduskomponendid muudavad naha vastupidavaks ja elastseks. Calgodip Amadine Film on testitud vastavalt Euroopa standardile EN 1656. Kanister 20kg T\u00fcnn 200kg IBC 1000kg<br \/>\n* Annab nahale suurep\u00e4rase seisundi ja kaitse<br \/>\n* Tagab udara tervise ja piima kvaliteediLang anhaftender Film<br \/>\n* Joodivaba<br \/>\n* Moodustab kauakestva t\u00f5kkekile<br \/>\npH 3,8<\/p>\n","protected":false},"featured_media":35654,"template":"","meta":{"_acf_changed":false},"product_brand":[],"product_cat":[1866,1829],"product_tag":[],"class_list":{"0":"post-35665","1":"product","2":"type-product","3":"status-publish","4":"has-post-thumbnail","6":"product_cat-agricultural-cleaning-agents","7":"product_cat-cleaning-chemicals","9":"first","10":"instock","11":"taxable","12":"shipping-taxable","13":"purchasable","14":"product-type-simple"},"acf":[],"yoast_head":"<!-- This site is optimized with the Yoast SEO plugin v27.3 - https:\/\/yoast.com\/product\/yoast-seo-wordpress\/ -->\n<title>Calgodip Amadine Film 20kg udaradeso piimahappe baasil (t\u00f5kkekile) KCAFILM20 &#8212; Easy Star O\u00dc<\/title>\n<meta name=\"robots\" content=\"index, follow, max-snippet:-1, max-image-preview:large, max-video-preview:-1\" \/>\n<link rel=\"canonical\" href=\"https:\/\/easystar.ee\/en\/toode\/calgodip-amadine-film-20kg-udaradeso-piimahappe-baasil-tokkekile-kcafilm20\/\" \/>\n<meta property=\"og:locale\" content=\"en_US\" \/>\n<meta property=\"og:type\" content=\"article\" \/>\n<meta property=\"og:title\" content=\"Calgodip Amadine Film 20kg udaradeso piimahappe baasil (t\u00f5kkekile) KCAFILM20 &#8212; Easy Star O\u00dc\" \/>\n<meta property=\"og:description\" content=\"Calgodip Amadine Film on uue p\u00f5lvkonna kasutusvalmis nisahoolduspreparaat iga l\u00fcpsi j\u00e4rel kastmiseks. Calgodip Amadine Film moodustab nisa \u00fcmber mittetilkuva t\u00f5kkekihi mis kaitseb udarat bakterite sissetungi eest. Calgodip Amadine Film sisaldab nahka kaitsvad komponendid ja h\u00e4sti tasakaalustatud kogus bioloogilist piimhapet, mida iseloomustatakse kui eriti nahas\u00f5bralikku ja millel on samaaegselt t\u00e4helepanuv\u00e4\u00e4rne desinfitseerimisv\u00f5ime. Kvaliteetsed hoolduskomponendid muudavad naha vastupidavaks ja elastseks. Calgodip Amadine Film on testitud vastavalt Euroopa standardile EN 1656. Kanister 20kg T\u00fcnn 200kg IBC 1000kg * Annab nahale suurep\u00e4rase seisundi ja kaitse * Tagab udara tervise ja piima kvaliteediLang anhaftender Film * Joodivaba * Moodustab kauakestva t\u00f5kkekile pH 3,8\" \/>\n<meta property=\"og:url\" content=\"https:\/\/easystar.ee\/en\/toode\/calgodip-amadine-film-20kg-udaradeso-piimahappe-baasil-tokkekile-kcafilm20\/\" \/>\n<meta property=\"og:site_name\" content=\"Easy Star O\u00dc\" \/>\n<meta property=\"article:modified_time\" content=\"2025-10-30T01:45:01+00:00\" \/>\n<meta property=\"og:image\" content=\"https:\/\/easystar.ee\/wp-content\/uploads\/2024\/05\/102030.jpg\" \/>\n\t<meta property=\"og:image:width\" content=\"500\" \/>\n\t<meta property=\"og:image:height\" content=\"662\" \/>\n\t<meta property=\"og:image:type\" content=\"image\/jpeg\" \/>\n<meta name=\"twitter:card\" content=\"summary_large_image\" \/>\n<script type=\"application\/ld+json\" class=\"yoast-schema-graph\">{\"@context\":\"https:\\\/\\\/schema.org\",\"@graph\":[{\"@type\":\"WebPage\",\"@id\":\"https:\\\/\\\/easystar.ee\\\/en\\\/toode\\\/calgodip-amadine-film-20kg-udaradeso-piimahappe-baasil-tokkekile-kcafilm20\\\/\",\"url\":\"https:\\\/\\\/easystar.ee\\\/en\\\/toode\\\/calgodip-amadine-film-20kg-udaradeso-piimahappe-baasil-tokkekile-kcafilm20\\\/\",\"name\":\"Calgodip Amadine Film 20kg udaradeso piimahappe baasil (t\u00f5kkekile) KCAFILM20 &#8212; Easy Star O\u00dc\",\"isPartOf\":{\"@id\":\"https:\\\/\\\/easystar.ee\\\/#website\"},\"primaryImageOfPage\":{\"@id\":\"https:\\\/\\\/easystar.ee\\\/en\\\/toode\\\/calgodip-amadine-film-20kg-udaradeso-piimahappe-baasil-tokkekile-kcafilm20\\\/#primaryimage\"},\"image\":{\"@id\":\"https:\\\/\\\/easystar.ee\\\/en\\\/toode\\\/calgodip-amadine-film-20kg-udaradeso-piimahappe-baasil-tokkekile-kcafilm20\\\/#primaryimage\"},\"thumbnailUrl\":\"https:\\\/\\\/easystar.ee\\\/wp-content\\\/uploads\\\/2024\\\/05\\\/102030.jpg\",\"datePublished\":\"2024-05-31T10:30:12+00:00\",\"dateModified\":\"2025-10-30T01:45:01+00:00\",\"breadcrumb\":{\"@id\":\"https:\\\/\\\/easystar.ee\\\/en\\\/toode\\\/calgodip-amadine-film-20kg-udaradeso-piimahappe-baasil-tokkekile-kcafilm20\\\/#breadcrumb\"},\"inLanguage\":\"en-US\",\"potentialAction\":[{\"@type\":\"ReadAction\",\"target\":[\"https:\\\/\\\/easystar.ee\\\/en\\\/toode\\\/calgodip-amadine-film-20kg-udaradeso-piimahappe-baasil-tokkekile-kcafilm20\\\/\"]}]},{\"@type\":\"ImageObject\",\"inLanguage\":\"en-US\",\"@id\":\"https:\\\/\\\/easystar.ee\\\/en\\\/toode\\\/calgodip-amadine-film-20kg-udaradeso-piimahappe-baasil-tokkekile-kcafilm20\\\/#primaryimage\",\"url\":\"https:\\\/\\\/easystar.ee\\\/wp-content\\\/uploads\\\/2024\\\/05\\\/102030.jpg\",\"contentUrl\":\"https:\\\/\\\/easystar.ee\\\/wp-content\\\/uploads\\\/2024\\\/05\\\/102030.jpg\",\"width\":500,\"height\":662},{\"@type\":\"BreadcrumbList\",\"@id\":\"https:\\\/\\\/easystar.ee\\\/en\\\/toode\\\/calgodip-amadine-film-20kg-udaradeso-piimahappe-baasil-tokkekile-kcafilm20\\\/#breadcrumb\",\"itemListElement\":[{\"@type\":\"ListItem\",\"position\":1,\"name\":\"Home\",\"item\":\"https:\\\/\\\/easystar.ee\\\/ru\\\/\"},{\"@type\":\"ListItem\",\"position\":2,\"name\":\"Shop\",\"item\":\"https:\\\/\\\/easystar.ee\\\/tooted\\\/\"},{\"@type\":\"ListItem\",\"position\":3,\"name\":\"Calgodip Amadine Film 20kg udaradeso piimahappe baasil (t\u00f5kkekile) KCAFILM20\"}]},{\"@type\":\"WebSite\",\"@id\":\"https:\\\/\\\/easystar.ee\\\/#website\",\"url\":\"https:\\\/\\\/easystar.ee\\\/\",\"name\":\"Easystar.ee\",\"description\":\"\",\"publisher\":{\"@id\":\"https:\\\/\\\/easystar.ee\\\/#organization\"},\"alternateName\":\"Keskkonnas\u00f5bralikud pehmepaberitooted teie kontorisse\",\"potentialAction\":[{\"@type\":\"SearchAction\",\"target\":{\"@type\":\"EntryPoint\",\"urlTemplate\":\"https:\\\/\\\/easystar.ee\\\/?s={search_term_string}\"},\"query-input\":{\"@type\":\"PropertyValueSpecification\",\"valueRequired\":true,\"valueName\":\"search_term_string\"}}],\"inLanguage\":\"en-US\"},{\"@type\":\"Organization\",\"@id\":\"https:\\\/\\\/easystar.ee\\\/#organization\",\"name\":\"Easy Star O\u00dc\",\"url\":\"https:\\\/\\\/easystar.ee\\\/\",\"logo\":{\"@type\":\"ImageObject\",\"inLanguage\":\"en-US\",\"@id\":\"https:\\\/\\\/easystar.ee\\\/#\\\/schema\\\/logo\\\/image\\\/\",\"url\":\"https:\\\/\\\/easystar.ee\\\/wp-content\\\/uploads\\\/2024\\\/03\\\/easystar-logo.svg\",\"contentUrl\":\"https:\\\/\\\/easystar.ee\\\/wp-content\\\/uploads\\\/2024\\\/03\\\/easystar-logo.svg\",\"width\":2000,\"height\":2000,\"caption\":\"Easy Star O\u00dc\"},\"image\":{\"@id\":\"https:\\\/\\\/easystar.ee\\\/#\\\/schema\\\/logo\\\/image\\\/\"}}]}<\/script>\n<!-- \/ Yoast SEO plugin. -->","yoast_head_json":{"title":"Calgodip Amadine Film 20kg udaradeso piimahappe baasil (t\u00f5kkekile) KCAFILM20 &#8212; Easy Star O\u00dc","robots":{"index":"index","follow":"follow","max-snippet":"max-snippet:-1","max-image-preview":"max-image-preview:large","max-video-preview":"max-video-preview:-1"},"canonical":"https:\/\/easystar.ee\/en\/toode\/calgodip-amadine-film-20kg-udaradeso-piimahappe-baasil-tokkekile-kcafilm20\/","og_locale":"en_US","og_type":"article","og_title":"Calgodip Amadine Film 20kg udaradeso piimahappe baasil (t\u00f5kkekile) KCAFILM20 &#8212; Easy Star O\u00dc","og_description":"Calgodip Amadine Film on uue p\u00f5lvkonna kasutusvalmis nisahoolduspreparaat iga l\u00fcpsi j\u00e4rel kastmiseks. Calgodip Amadine Film moodustab nisa \u00fcmber mittetilkuva t\u00f5kkekihi mis kaitseb udarat bakterite sissetungi eest. Calgodip Amadine Film sisaldab nahka kaitsvad komponendid ja h\u00e4sti tasakaalustatud kogus bioloogilist piimhapet, mida iseloomustatakse kui eriti nahas\u00f5bralikku ja millel on samaaegselt t\u00e4helepanuv\u00e4\u00e4rne desinfitseerimisv\u00f5ime. Kvaliteetsed hoolduskomponendid muudavad naha vastupidavaks ja elastseks. Calgodip Amadine Film on testitud vastavalt Euroopa standardile EN 1656. Kanister 20kg T\u00fcnn 200kg IBC 1000kg * Annab nahale suurep\u00e4rase seisundi ja kaitse * Tagab udara tervise ja piima kvaliteediLang anhaftender Film * Joodivaba * Moodustab kauakestva t\u00f5kkekile pH 3,8","og_url":"https:\/\/easystar.ee\/en\/toode\/calgodip-amadine-film-20kg-udaradeso-piimahappe-baasil-tokkekile-kcafilm20\/","og_site_name":"Easy Star O\u00dc","article_modified_time":"2025-10-30T01:45:01+00:00","og_image":[{"width":500,"height":662,"url":"https:\/\/easystar.ee\/wp-content\/uploads\/2024\/05\/102030.jpg","type":"image\/jpeg"}],"twitter_card":"summary_large_image","schema":{"@context":"https:\/\/schema.org","@graph":[{"@type":"WebPage","@id":"https:\/\/easystar.ee\/en\/toode\/calgodip-amadine-film-20kg-udaradeso-piimahappe-baasil-tokkekile-kcafilm20\/","url":"https:\/\/easystar.ee\/en\/toode\/calgodip-amadine-film-20kg-udaradeso-piimahappe-baasil-tokkekile-kcafilm20\/","name":"Calgodip Amadine Film 20kg udaradeso piimahappe baasil (t\u00f5kkekile) KCAFILM20 &#8212; Easy Star O\u00dc","isPartOf":{"@id":"https:\/\/easystar.ee\/#website"},"primaryImageOfPage":{"@id":"https:\/\/easystar.ee\/en\/toode\/calgodip-amadine-film-20kg-udaradeso-piimahappe-baasil-tokkekile-kcafilm20\/#primaryimage"},"image":{"@id":"https:\/\/easystar.ee\/en\/toode\/calgodip-amadine-film-20kg-udaradeso-piimahappe-baasil-tokkekile-kcafilm20\/#primaryimage"},"thumbnailUrl":"https:\/\/easystar.ee\/wp-content\/uploads\/2024\/05\/102030.jpg","datePublished":"2024-05-31T10:30:12+00:00","dateModified":"2025-10-30T01:45:01+00:00","breadcrumb":{"@id":"https:\/\/easystar.ee\/en\/toode\/calgodip-amadine-film-20kg-udaradeso-piimahappe-baasil-tokkekile-kcafilm20\/#breadcrumb"},"inLanguage":"en-US","potentialAction":[{"@type":"ReadAction","target":["https:\/\/easystar.ee\/en\/toode\/calgodip-amadine-film-20kg-udaradeso-piimahappe-baasil-tokkekile-kcafilm20\/"]}]},{"@type":"ImageObject","inLanguage":"en-US","@id":"https:\/\/easystar.ee\/en\/toode\/calgodip-amadine-film-20kg-udaradeso-piimahappe-baasil-tokkekile-kcafilm20\/#primaryimage","url":"https:\/\/easystar.ee\/wp-content\/uploads\/2024\/05\/102030.jpg","contentUrl":"https:\/\/easystar.ee\/wp-content\/uploads\/2024\/05\/102030.jpg","width":500,"height":662},{"@type":"BreadcrumbList","@id":"https:\/\/easystar.ee\/en\/toode\/calgodip-amadine-film-20kg-udaradeso-piimahappe-baasil-tokkekile-kcafilm20\/#breadcrumb","itemListElement":[{"@type":"ListItem","position":1,"name":"Home","item":"https:\/\/easystar.ee\/ru\/"},{"@type":"ListItem","position":2,"name":"Shop","item":"https:\/\/easystar.ee\/tooted\/"},{"@type":"ListItem","position":3,"name":"Calgodip Amadine Film 20kg udaradeso piimahappe baasil (t\u00f5kkekile) KCAFILM20"}]},{"@type":"WebSite","@id":"https:\/\/easystar.ee\/#website","url":"https:\/\/easystar.ee\/","name":"Easystar.ee","description":"","publisher":{"@id":"https:\/\/easystar.ee\/#organization"},"alternateName":"Keskkonnas\u00f5bralikud pehmepaberitooted teie kontorisse","potentialAction":[{"@type":"SearchAction","target":{"@type":"EntryPoint","urlTemplate":"https:\/\/easystar.ee\/?s={search_term_string}"},"query-input":{"@type":"PropertyValueSpecification","valueRequired":true,"valueName":"search_term_string"}}],"inLanguage":"en-US"},{"@type":"Organization","@id":"https:\/\/easystar.ee\/#organization","name":"Easy Star O\u00dc","url":"https:\/\/easystar.ee\/","logo":{"@type":"ImageObject","inLanguage":"en-US","@id":"https:\/\/easystar.ee\/#\/schema\/logo\/image\/","url":"https:\/\/easystar.ee\/wp-content\/uploads\/2024\/03\/easystar-logo.svg","contentUrl":"https:\/\/easystar.ee\/wp-content\/uploads\/2024\/03\/easystar-logo.svg","width":2000,"height":2000,"caption":"Easy Star O\u00dc"},"image":{"@id":"https:\/\/easystar.ee\/#\/schema\/logo\/image\/"}}]}},"_links":{"self":[{"href":"https:\/\/easystar.ee\/en\/wp-json\/wp\/v2\/product\/35665","targetHints":{"allow":["GET"]}}],"collection":[{"href":"https:\/\/easystar.ee\/en\/wp-json\/wp\/v2\/product"}],"about":[{"href":"https:\/\/easystar.ee\/en\/wp-json\/wp\/v2\/types\/product"}],"wp:featuredmedia":[{"embeddable":true,"href":"https:\/\/easystar.ee\/en\/wp-json\/wp\/v2\/media\/35654"}],"wp:attachment":[{"href":"https:\/\/easystar.ee\/en\/wp-json\/wp\/v2\/media?parent=35665"}],"wp:term":[{"taxonomy":"product_brand","embeddable":true,"href":"https:\/\/easystar.ee\/en\/wp-json\/wp\/v2\/product_brand?post=35665"},{"taxonomy":"product_cat","embeddable":true,"href":"https:\/\/easystar.ee\/en\/wp-json\/wp\/v2\/product_cat?post=35665"},{"taxonomy":"product_tag","embeddable":true,"href":"https:\/\/easystar.ee\/en\/wp-json\/wp\/v2\/product_tag?post=35665"}],"curies":[{"name":"wp","href":"https:\/\/api.w.org\/{rel}","templated":true}]}}